{"id":59378,"date":"2025-10-14T09:50:38","date_gmt":"2025-10-14T09:50:38","guid":{"rendered":"https:\/\/elixscent.com\/?post_type=product&#038;p=59378"},"modified":"2026-03-23T13:31:53","modified_gmt":"2026-03-23T13:31:53","slug":"oleo-de-perfume-de-tuberosa-para-lavagem","status":"publish","type":"product","link":"https:\/\/elixscent.com\/pt\/product\/in-wash-perfume-oil-tuberose\/","title":{"rendered":"\u00d3leo de Perfume para Lavagem Velvet Tuberose 150"},"content":{"rendered":"<p data-start=\"205\" data-end=\"794\">Velvet Tuberose envolve os tecidos num brilho branco-floral radiante com uma suavidade cremosa e acetinada. A partir do momento em que a lavagem termina, as pe\u00e7as de vestu\u00e1rio sentem-se levantadas e luminosas - a tuberosa parece polida e moderna, mais uma blusa de seda do que um bouquet pesado. Em algod\u00f5es, toalhas e roupa de cama, o perfume assenta numa aura suave e aveludada que se mant\u00e9m junto ao tecido, mas que torna a abertura do arm\u00e1rio um pequeno e elegante prazer. \u00c9 um floral confiante, mas gracioso: brilhante no in\u00edcio, depois macio e reconfortante, deixando tudo o que veste ou dorme em sil\u00eancio e luxuoso.<\/p>\n<p data-start=\"796\" data-end=\"1185\">Utiliza\u00e7\u00e3o <strong data-start=\"800\" data-end=\"808\">6 ml<\/strong> por carga normal de 4-5 kg, adicionando-a \u00e0 gaveta do amaciador (ou ao \u00faltimo enxaguamento nas m\u00e1quinas de carga superior). Ajustar ligeiramente a gosto. N\u00e3o deitar diretamente sobre os t\u00eaxteis. A <strong data-start=\"969\" data-end=\"979\">150 ml<\/strong> garrafa d\u00e1 aproximadamente <strong data-start=\"1007\" data-end=\"1020\">25 lavagens<\/strong>. Os benef\u00edcios da gama principal (sem alerg\u00e9nios, n\u00e3o agressivo para a pele sens\u00edvel, sem micropl\u00e1sticos, sem crueldade, formato concentrado) s\u00e3o apresentados na p\u00e1gina do grupo In-Wash Perfume Oil.<\/p>\n<p data-start=\"1187\" data-end=\"1214\"><strong data-start=\"1187\" data-end=\"1212\">Porqu\u00ea escolher este perfume<\/strong><\/p>\n<ul data-start=\"1215\" data-end=\"1486\">\n<li data-start=\"1215\" data-end=\"1301\">\n<p data-start=\"1217\" data-end=\"1301\"><strong data-start=\"1217\" data-end=\"1251\">Assinatura elegante de flores brancas<\/strong> que seja chique e f\u00e1cil de usar, sem ser demasiado forte.<\/p>\n<\/li>\n<li data-start=\"1302\" data-end=\"1388\">\n<p data-start=\"1304\" data-end=\"1388\"><strong data-start=\"1304\" data-end=\"1332\">Acabamento luminoso e aveludado<\/strong> que favorece tanto a roupa do dia a dia como a roupa de cama.<\/p>\n<\/li>\n<li data-start=\"1389\" data-end=\"1486\">\n<p data-start=\"1391\" data-end=\"1486\"><strong data-start=\"1391\" data-end=\"1421\">Trilho moderno e duradouro<\/strong> que se mant\u00e9m cremoso e refinado ap\u00f3s a secagem e durante a conserva\u00e7\u00e3o.<\/p>\n<\/li>\n<\/ul>","protected":false},"featured_media":59379,"parent":0,"menu_order":0,"template":"","class_list":["post-59378","product","type-product","status-publish","has-post-thumbnail","hentry","product_category-amarella_2","product_category-in-wash-perfume-oil-150ml"],"acf":[],"yoast_head":"<!-- This site is optimized with the Yoast SEO Premium plugin v27.4 (Yoast SEO v27.4) - https:\/\/yoast.com\/product\/yoast-seo-premium-wordpress\/ -->\n<title>Amarella In-Wash Perfume Oil | Long-Lasting Laundry Scent<\/title>\n<meta name=\"description\" content=\"Velvet Tuberose laundry perfume oil. Creamy white-floral finish from a 6 ml dose. 150 ml \u2248 25 washes. Modern, elegant and long-lasting.\" \/>\n<meta name=\"robots\" content=\"index, follow, max-snippet:-1, max-image-preview:large, max-video-preview:-1\" \/>\n<link rel=\"canonical\" href=\"https:\/\/elixscent.com\/pt\/produto\/oleo-de-perfume-de-tuberosa-para-lavagem\/\" \/>\n<meta property=\"og:locale\" content=\"pt_PT\" \/>\n<meta property=\"og:type\" content=\"article\" \/>\n<meta property=\"og:title\" content=\"In-Wash Perfume Oil Velvet Tuberose 150\" \/>\n<meta property=\"og:description\" content=\"Velvet Tuberose laundry perfume oil. Creamy white-floral finish from a 6 ml dose. 150 ml \u2248 25 washes. Modern, elegant and long-lasting.\" \/>\n<meta property=\"og:url\" content=\"https:\/\/elixscent.com\/pt\/produto\/oleo-de-perfume-de-tuberosa-para-lavagem\/\" \/>\n<meta property=\"og:site_name\" content=\"ELiX EU air fresheners\" \/>\n<meta property=\"article:modified_time\" content=\"2026-03-23T13:31:53+00:00\" \/>\n<meta property=\"og:image\" content=\"https:\/\/elixscent.com\/wp-content\/uploads\/WEBP_Amarella_In-Wash_Oil_150_VelvetTuberose_product_1.0.webp\" \/>\n\t<meta property=\"og:image:width\" content=\"250\" \/>\n\t<meta property=\"og:image:height\" content=\"602\" \/>\n\t<meta property=\"og:image:type\" content=\"image\/webp\" \/>\n<meta name=\"twitter:card\" content=\"summary_large_image\" \/>\n<meta name=\"twitter:label1\" content=\"Tempo estimado de leitura\" \/>\n\t<meta name=\"twitter:data1\" content=\"2 minutos\" \/>\n<script type=\"application\/ld+json\" class=\"yoast-schema-graph\">{\"@context\":\"https:\\\/\\\/schema.org\",\"@graph\":[{\"@type\":\"WebPage\",\"@id\":\"https:\\\/\\\/elixscent.com\\\/product\\\/in-wash-perfume-oil-tuberose\\\/\",\"url\":\"https:\\\/\\\/elixscent.com\\\/product\\\/in-wash-perfume-oil-tuberose\\\/\",\"name\":\"Amarella In-Wash Perfume Oil | Long-Lasting Laundry Scent\",\"isPartOf\":{\"@id\":\"https:\\\/\\\/elixscent.com\\\/#website\"},\"primaryImageOfPage\":{\"@id\":\"https:\\\/\\\/elixscent.com\\\/product\\\/in-wash-perfume-oil-tuberose\\\/#primaryimage\"},\"image\":{\"@id\":\"https:\\\/\\\/elixscent.com\\\/product\\\/in-wash-perfume-oil-tuberose\\\/#primaryimage\"},\"thumbnailUrl\":\"https:\\\/\\\/elixscent.com\\\/wp-content\\\/uploads\\\/WEBP_Amarella_In-Wash_Oil_150_VelvetTuberose_product_1.0.webp\",\"datePublished\":\"2025-10-14T09:50:38+00:00\",\"dateModified\":\"2026-03-23T13:31:53+00:00\",\"description\":\"Velvet Tuberose laundry perfume oil. Creamy white-floral finish from a 6 ml dose. 150 ml \u2248 25 washes. Modern, elegant and long-lasting.\",\"breadcrumb\":{\"@id\":\"https:\\\/\\\/elixscent.com\\\/product\\\/in-wash-perfume-oil-tuberose\\\/#breadcrumb\"},\"inLanguage\":\"pt-PT\",\"potentialAction\":[{\"@type\":\"ReadAction\",\"target\":[\"https:\\\/\\\/elixscent.com\\\/product\\\/in-wash-perfume-oil-tuberose\\\/\"]}]},{\"@type\":\"ImageObject\",\"inLanguage\":\"pt-PT\",\"@id\":\"https:\\\/\\\/elixscent.com\\\/product\\\/in-wash-perfume-oil-tuberose\\\/#primaryimage\",\"url\":\"https:\\\/\\\/elixscent.com\\\/wp-content\\\/uploads\\\/WEBP_Amarella_In-Wash_Oil_150_VelvetTuberose_product_1.0.webp\",\"contentUrl\":\"https:\\\/\\\/elixscent.com\\\/wp-content\\\/uploads\\\/WEBP_Amarella_In-Wash_Oil_150_VelvetTuberose_product_1.0.webp\",\"width\":250,\"height\":602,\"caption\":\"Laundry Perfume Oil\"},{\"@type\":\"BreadcrumbList\",\"@id\":\"https:\\\/\\\/elixscent.com\\\/product\\\/in-wash-perfume-oil-tuberose\\\/#breadcrumb\",\"itemListElement\":[{\"@type\":\"ListItem\",\"position\":1,\"name\":\"Home\",\"item\":\"https:\\\/\\\/elixscent.com\\\/\"},{\"@type\":\"ListItem\",\"position\":2,\"name\":\"Products\",\"item\":\"https:\\\/\\\/elixscent.com\\\/product\\\/\"},{\"@type\":\"ListItem\",\"position\":3,\"name\":\"AMARELLA scented laundry\",\"item\":\"https:\\\/\\\/elixscent.com\\\/product-category\\\/amarella_2\\\/\"},{\"@type\":\"ListItem\",\"position\":4,\"name\":\"In-Wash Perfume Oil 150ml\",\"item\":\"https:\\\/\\\/elixscent.com\\\/product-category\\\/in-wash-perfume-oil-150ml\\\/\"},{\"@type\":\"ListItem\",\"position\":5,\"name\":\"In-Wash Perfume Oil Velvet Tuberose 150\"}]},{\"@type\":\"WebSite\",\"@id\":\"https:\\\/\\\/elixscent.com\\\/#website\",\"url\":\"https:\\\/\\\/elixscent.com\\\/\",\"name\":\"ELiX EU air fresheners\",\"description\":\"Air &amp; Fabric, Perfectly Fresh\",\"publisher\":{\"@id\":\"https:\\\/\\\/elixscent.com\\\/#organization\"},\"potentialAction\":[{\"@type\":\"SearchAction\",\"target\":{\"@type\":\"EntryPoint\",\"urlTemplate\":\"https:\\\/\\\/elixscent.com\\\/?s={search_term_string}\"},\"query-input\":{\"@type\":\"PropertyValueSpecification\",\"valueRequired\":true,\"valueName\":\"search_term_string\"}}],\"inLanguage\":\"pt-PT\"},{\"@type\":\"Organization\",\"@id\":\"https:\\\/\\\/elixscent.com\\\/#organization\",\"name\":\"ELIX air freshener manufacturer\",\"url\":\"https:\\\/\\\/elixscent.com\\\/\",\"logo\":{\"@type\":\"ImageObject\",\"inLanguage\":\"pt-PT\",\"@id\":\"https:\\\/\\\/elixscent.com\\\/#\\\/schema\\\/logo\\\/image\\\/\",\"url\":\"https:\\\/\\\/elixscent.com\\\/wp-content\\\/uploads\\\/elix_logo_1.0-_300.jpg\",\"contentUrl\":\"https:\\\/\\\/elixscent.com\\\/wp-content\\\/uploads\\\/elix_logo_1.0-_300.jpg\",\"width\":300,\"height\":257,\"caption\":\"ELIX air freshener manufacturer\"},\"image\":{\"@id\":\"https:\\\/\\\/elixscent.com\\\/#\\\/schema\\\/logo\\\/image\\\/\"},\"sameAs\":[\"https:\\\/\\\/www.linkedin.com\\\/company\\\/30084929\"]}]}<\/script>\n<!-- \/ Yoast SEO Premium plugin. -->","yoast_head_json":{"title":"\u00d3leo de Perfume para Lavagem de Roupa Amarella","description":"\u00d3leo de perfume de lavandaria Velvet Tuberose. Acabamento cremoso branco-floral a partir de uma dose de 6 ml. 150 ml \u2248 25 lavagens. Moderno, elegante e duradouro.","robots":{"index":"index","follow":"follow","max-snippet":"max-snippet:-1","max-image-preview":"max-image-preview:large","max-video-preview":"max-video-preview:-1"},"canonical":"https:\/\/elixscent.com\/pt\/produto\/oleo-de-perfume-de-tuberosa-para-lavagem\/","og_locale":"pt_PT","og_type":"article","og_title":"In-Wash Perfume Oil Velvet Tuberose 150","og_description":"Velvet Tuberose laundry perfume oil. Creamy white-floral finish from a 6 ml dose. 150 ml \u2248 25 washes. Modern, elegant and long-lasting.","og_url":"https:\/\/elixscent.com\/pt\/produto\/oleo-de-perfume-de-tuberosa-para-lavagem\/","og_site_name":"ELiX EU air fresheners","article_modified_time":"2026-03-23T13:31:53+00:00","og_image":[{"width":250,"height":602,"url":"https:\/\/elixscent.com\/wp-content\/uploads\/WEBP_Amarella_In-Wash_Oil_150_VelvetTuberose_product_1.0.webp","type":"image\/webp"}],"twitter_card":"summary_large_image","twitter_misc":{"Tempo estimado de leitura":"2 minutos"},"schema":{"@context":"https:\/\/schema.org","@graph":[{"@type":"WebPage","@id":"https:\/\/elixscent.com\/product\/in-wash-perfume-oil-tuberose\/","url":"https:\/\/elixscent.com\/product\/in-wash-perfume-oil-tuberose\/","name":"\u00d3leo de Perfume para Lavagem de Roupa Amarella","isPartOf":{"@id":"https:\/\/elixscent.com\/#website"},"primaryImageOfPage":{"@id":"https:\/\/elixscent.com\/product\/in-wash-perfume-oil-tuberose\/#primaryimage"},"image":{"@id":"https:\/\/elixscent.com\/product\/in-wash-perfume-oil-tuberose\/#primaryimage"},"thumbnailUrl":"https:\/\/elixscent.com\/wp-content\/uploads\/WEBP_Amarella_In-Wash_Oil_150_VelvetTuberose_product_1.0.webp","datePublished":"2025-10-14T09:50:38+00:00","dateModified":"2026-03-23T13:31:53+00:00","description":"\u00d3leo de perfume de lavandaria Velvet Tuberose. Acabamento cremoso branco-floral a partir de uma dose de 6 ml. 150 ml \u2248 25 lavagens. Moderno, elegante e duradouro.","breadcrumb":{"@id":"https:\/\/elixscent.com\/product\/in-wash-perfume-oil-tuberose\/#breadcrumb"},"inLanguage":"pt-PT","potentialAction":[{"@type":"ReadAction","target":["https:\/\/elixscent.com\/product\/in-wash-perfume-oil-tuberose\/"]}]},{"@type":"ImageObject","inLanguage":"pt-PT","@id":"https:\/\/elixscent.com\/product\/in-wash-perfume-oil-tuberose\/#primaryimage","url":"https:\/\/elixscent.com\/wp-content\/uploads\/WEBP_Amarella_In-Wash_Oil_150_VelvetTuberose_product_1.0.webp","contentUrl":"https:\/\/elixscent.com\/wp-content\/uploads\/WEBP_Amarella_In-Wash_Oil_150_VelvetTuberose_product_1.0.webp","width":250,"height":602,"caption":"Laundry Perfume Oil"},{"@type":"BreadcrumbList","@id":"https:\/\/elixscent.com\/product\/in-wash-perfume-oil-tuberose\/#breadcrumb","itemListElement":[{"@type":"ListItem","position":1,"name":"Home","item":"https:\/\/elixscent.com\/"},{"@type":"ListItem","position":2,"name":"Products","item":"https:\/\/elixscent.com\/product\/"},{"@type":"ListItem","position":3,"name":"AMARELLA scented laundry","item":"https:\/\/elixscent.com\/product-category\/amarella_2\/"},{"@type":"ListItem","position":4,"name":"In-Wash Perfume Oil 150ml","item":"https:\/\/elixscent.com\/product-category\/in-wash-perfume-oil-150ml\/"},{"@type":"ListItem","position":5,"name":"In-Wash Perfume Oil Velvet Tuberose 150"}]},{"@type":"WebSite","@id":"https:\/\/elixscent.com\/#website","url":"https:\/\/elixscent.com\/","name":"Ambientadores ELiX EU","description":"Ar e tecido, perfeitamente frescos","publisher":{"@id":"https:\/\/elixscent.com\/#organization"},"potentialAction":[{"@type":"SearchAction","target":{"@type":"EntryPoint","urlTemplate":"https:\/\/elixscent.com\/?s={search_term_string}"},"query-input":{"@type":"PropertyValueSpecification","valueRequired":true,"valueName":"search_term_string"}}],"inLanguage":"pt-PT"},{"@type":"Organization","@id":"https:\/\/elixscent.com\/#organization","name":"Fabricante de purificadores de ar ELIX","url":"https:\/\/elixscent.com\/","logo":{"@type":"ImageObject","inLanguage":"pt-PT","@id":"https:\/\/elixscent.com\/#\/schema\/logo\/image\/","url":"https:\/\/elixscent.com\/wp-content\/uploads\/elix_logo_1.0-_300.jpg","contentUrl":"https:\/\/elixscent.com\/wp-content\/uploads\/elix_logo_1.0-_300.jpg","width":300,"height":257,"caption":"ELIX air freshener manufacturer"},"image":{"@id":"https:\/\/elixscent.com\/#\/schema\/logo\/image\/"},"sameAs":["https:\/\/www.linkedin.com\/company\/30084929"]}]}},"_links":{"self":[{"href":"https:\/\/elixscent.com\/pt\/wp-json\/wp\/v2\/product\/59378","targetHints":{"allow":["GET"]}}],"collection":[{"href":"https:\/\/elixscent.com\/pt\/wp-json\/wp\/v2\/product"}],"about":[{"href":"https:\/\/elixscent.com\/pt\/wp-json\/wp\/v2\/types\/product"}],"version-history":[{"count":3,"href":"https:\/\/elixscent.com\/pt\/wp-json\/wp\/v2\/product\/59378\/revisions"}],"predecessor-version":[{"id":61040,"href":"https:\/\/elixscent.com\/pt\/wp-json\/wp\/v2\/product\/59378\/revisions\/61040"}],"wp:featuredmedia":[{"embeddable":true,"href":"https:\/\/elixscent.com\/pt\/wp-json\/wp\/v2\/media\/59379"}],"wp:attachment":[{"href":"https:\/\/elixscent.com\/pt\/wp-json\/wp\/v2\/media?parent=59378"}],"curies":[{"name":"wp","href":"https:\/\/api.w.org\/{rel}","templated":true}]}}