{"id":58346,"date":"2025-07-21T09:53:58","date_gmt":"2025-07-21T09:53:58","guid":{"rendered":"https:\/\/elixscent.com\/?post_type=product&#038;p=58346"},"modified":"2025-11-28T12:15:31","modified_gmt":"2025-11-28T12:15:31","slug":"perfume-amarella-laundy-hipoalergenico","status":"publish","type":"product","link":"https:\/\/elixscent.com\/pt\/product\/amarella-hypoallergenic-laundy-perfume\/","title":{"rendered":"AMARELLA Perfume Laundy Hipoalerg\u00e9nico +"},"content":{"rendered":"<p data-start=\"55\" data-end=\"182\"><strong>Testado dermatologicamente por um laborat\u00f3rio independente<\/strong><\/p>\n<p data-start=\"55\" data-end=\"182\">\n<p data-start=\"55\" data-end=\"182\"><em data-start=\"55\" data-end=\"182\">500ml = 50 lavagens com doses precisas de suavidade, controlo da est\u00e1tica e frescura sem rugas - agora seguro at\u00e9 para as peles mais sens\u00edveis.<\/em><\/p>\n<p data-start=\"184\" data-end=\"534\">A ELiX reformulou a sua assinatura <em data-start=\"221\" data-end=\"243\">\u00f3leo de lavagem perfumado<\/em> para criar <strong data-start=\"254\" data-end=\"284\">Perfume Amarella Laundry +<\/strong>A primeira fragr\u00e2ncia de lavandaria de alto desempenho que \u00e9 simultaneamente <strong data-start=\"344\" data-end=\"361\">sem alerg\u00e9nios<\/strong> e <strong data-start=\"366\" data-end=\"387\">sem micropl\u00e1sticos<\/strong>. Dispon\u00edvel exclusivamente na nossa fragr\u00e2ncia exclusiva \"Smooth Cotton\" - um acorde limpo e fresco de linho formulado com zero alerg\u00e9nios declar\u00e1veis. Uma \u00fanica tampa de 10 ml perfuma uma carga normal de 4 kg, dando-lhe at\u00e9 <strong data-start=\"457\" data-end=\"493\">50 ciclos de uma garrafa de 500 ml<\/strong>.<\/p>\n<h4 data-start=\"1656\" data-end=\"1675\">Como funciona<\/h4>\n<p data-start=\"1677\" data-end=\"2134\">O perfume concentrado \u00e0 base de \u00e1gua dispersa-se uniformemente no enxaguamento final, aderindo \u00e0s fibras sem deixar res\u00edduos oleosos. Os tensioactivos avan\u00e7ados proporcionam <strong data-start=\"1829\" data-end=\"1850\">pega de toque suave<\/strong>enquanto os modificadores anti-est\u00e1ticos neutralizam a carga da superf\u00edcie para manter os tecidos fluidos. Um intensificador de deslizamento do ferro relaxa as fibras, para que as camisas fiquem planas numa \u00fanica passagem. Todos os ingredientes s\u00e3o analisados para excluir os alerg\u00e9nios de fragr\u00e2ncias, os ftalatos, os corantes e os silicones listados na UE.<\/p>\n<p data-start=\"1677\" data-end=\"2134\">","protected":false},"featured_media":58347,"parent":0,"menu_order":0,"template":"","class_list":["post-58346","product","type-product","status-publish","has-post-thumbnail","hentry","product_category-in-wash-hypoallergenic-scent-booster","product_category-amarella_hypoallergenic"],"acf":[],"yoast_head":"<!-- This site is optimized with the Yoast SEO Premium plugin v27.4 (Yoast SEO v27.4) - https:\/\/yoast.com\/product\/yoast-seo-premium-wordpress\/ -->\n<title>Amarella Hypoallergenic Laundry Perfume Smooth Cotton 500ml<\/title>\n<meta name=\"description\" content=\"Allergen-free Hypoallergenic laundry perfume Smooth Cotton for sensitive skin. Softens fabric, anti-static, easy ironing, microplastic-free.\" \/>\n<meta name=\"robots\" content=\"index, follow, max-snippet:-1, max-image-preview:large, max-video-preview:-1\" \/>\n<link rel=\"canonical\" href=\"https:\/\/elixscent.com\/pt\/produto\/perfume-amarella-laundy-hipoalergenico\/\" \/>\n<meta property=\"og:locale\" content=\"pt_PT\" \/>\n<meta property=\"og:type\" content=\"article\" \/>\n<meta property=\"og:title\" content=\"AMARELLA Hypoallergenic Laundy Perfume +\" \/>\n<meta property=\"og:description\" content=\"Allergen-free Hypoallergenic laundry perfume Smooth Cotton for sensitive skin. Softens fabric, anti-static, easy ironing, microplastic-free.\" \/>\n<meta property=\"og:url\" content=\"https:\/\/elixscent.com\/pt\/produto\/perfume-amarella-laundy-hipoalergenico\/\" \/>\n<meta property=\"og:site_name\" content=\"ELiX EU air fresheners\" \/>\n<meta property=\"article:modified_time\" content=\"2025-11-28T12:15:31+00:00\" \/>\n<meta property=\"og:image\" content=\"https:\/\/elixscent.com\/wp-content\/uploads\/WEBP_Amarella500_HYPO_produkt_1.0.webp\" \/>\n\t<meta property=\"og:image:width\" content=\"210\" \/>\n\t<meta property=\"og:image:height\" content=\"675\" \/>\n\t<meta property=\"og:image:type\" content=\"image\/webp\" \/>\n<meta name=\"twitter:card\" content=\"summary_large_image\" \/>\n<meta name=\"twitter:label1\" content=\"Tempo estimado de leitura\" \/>\n\t<meta name=\"twitter:data1\" content=\"2 minutos\" \/>\n<script type=\"application\/ld+json\" class=\"yoast-schema-graph\">{\"@context\":\"https:\\\/\\\/schema.org\",\"@graph\":[{\"@type\":\"WebPage\",\"@id\":\"https:\\\/\\\/elixscent.com\\\/product\\\/amarella-hypoallergenic-laundy-perfume\\\/\",\"url\":\"https:\\\/\\\/elixscent.com\\\/product\\\/amarella-hypoallergenic-laundy-perfume\\\/\",\"name\":\"Amarella Hypoallergenic Laundry Perfume Smooth Cotton 500ml\",\"isPartOf\":{\"@id\":\"https:\\\/\\\/elixscent.com\\\/#website\"},\"primaryImageOfPage\":{\"@id\":\"https:\\\/\\\/elixscent.com\\\/product\\\/amarella-hypoallergenic-laundy-perfume\\\/#primaryimage\"},\"image\":{\"@id\":\"https:\\\/\\\/elixscent.com\\\/product\\\/amarella-hypoallergenic-laundy-perfume\\\/#primaryimage\"},\"thumbnailUrl\":\"https:\\\/\\\/elixscent.com\\\/wp-content\\\/uploads\\\/WEBP_Amarella500_HYPO_produkt_1.0.webp\",\"datePublished\":\"2025-07-21T09:53:58+00:00\",\"dateModified\":\"2025-11-28T12:15:31+00:00\",\"description\":\"Allergen-free Hypoallergenic laundry perfume Smooth Cotton for sensitive skin. Softens fabric, anti-static, easy ironing, microplastic-free.\",\"breadcrumb\":{\"@id\":\"https:\\\/\\\/elixscent.com\\\/product\\\/amarella-hypoallergenic-laundy-perfume\\\/#breadcrumb\"},\"inLanguage\":\"pt-PT\",\"potentialAction\":[{\"@type\":\"ReadAction\",\"target\":[\"https:\\\/\\\/elixscent.com\\\/product\\\/amarella-hypoallergenic-laundy-perfume\\\/\"]}]},{\"@type\":\"ImageObject\",\"inLanguage\":\"pt-PT\",\"@id\":\"https:\\\/\\\/elixscent.com\\\/product\\\/amarella-hypoallergenic-laundy-perfume\\\/#primaryimage\",\"url\":\"https:\\\/\\\/elixscent.com\\\/wp-content\\\/uploads\\\/WEBP_Amarella500_HYPO_produkt_1.0.webp\",\"contentUrl\":\"https:\\\/\\\/elixscent.com\\\/wp-content\\\/uploads\\\/WEBP_Amarella500_HYPO_produkt_1.0.webp\",\"width\":210,\"height\":675,\"caption\":\"Amarella hypoallergenic laundry perfume\"},{\"@type\":\"BreadcrumbList\",\"@id\":\"https:\\\/\\\/elixscent.com\\\/product\\\/amarella-hypoallergenic-laundy-perfume\\\/#breadcrumb\",\"itemListElement\":[{\"@type\":\"ListItem\",\"position\":1,\"name\":\"Home\",\"item\":\"https:\\\/\\\/elixscent.com\\\/\"},{\"@type\":\"ListItem\",\"position\":2,\"name\":\"Products\",\"item\":\"https:\\\/\\\/elixscent.com\\\/product\\\/\"},{\"@type\":\"ListItem\",\"position\":3,\"name\":\"AMARELLA Hypoallergenic Laundry\",\"item\":\"https:\\\/\\\/elixscent.com\\\/product-category\\\/amarella_hypoallergenic\\\/\"},{\"@type\":\"ListItem\",\"position\":4,\"name\":\"In-Wash Hypoallergenic scent booster\",\"item\":\"https:\\\/\\\/elixscent.com\\\/product-category\\\/in-wash-hypoallergenic-scent-booster\\\/\"},{\"@type\":\"ListItem\",\"position\":5,\"name\":\"AMARELLA Hypoallergenic Laundy Perfume +\"}]},{\"@type\":\"WebSite\",\"@id\":\"https:\\\/\\\/elixscent.com\\\/#website\",\"url\":\"https:\\\/\\\/elixscent.com\\\/\",\"name\":\"ELiX EU air fresheners\",\"description\":\"Air &amp; Fabric, Perfectly Fresh\",\"publisher\":{\"@id\":\"https:\\\/\\\/elixscent.com\\\/#organization\"},\"potentialAction\":[{\"@type\":\"SearchAction\",\"target\":{\"@type\":\"EntryPoint\",\"urlTemplate\":\"https:\\\/\\\/elixscent.com\\\/?s={search_term_string}\"},\"query-input\":{\"@type\":\"PropertyValueSpecification\",\"valueRequired\":true,\"valueName\":\"search_term_string\"}}],\"inLanguage\":\"pt-PT\"},{\"@type\":\"Organization\",\"@id\":\"https:\\\/\\\/elixscent.com\\\/#organization\",\"name\":\"ELIX air freshener manufacturer\",\"url\":\"https:\\\/\\\/elixscent.com\\\/\",\"logo\":{\"@type\":\"ImageObject\",\"inLanguage\":\"pt-PT\",\"@id\":\"https:\\\/\\\/elixscent.com\\\/#\\\/schema\\\/logo\\\/image\\\/\",\"url\":\"https:\\\/\\\/elixscent.com\\\/wp-content\\\/uploads\\\/elix_logo_1.0-_300.jpg\",\"contentUrl\":\"https:\\\/\\\/elixscent.com\\\/wp-content\\\/uploads\\\/elix_logo_1.0-_300.jpg\",\"width\":300,\"height\":257,\"caption\":\"ELIX air freshener manufacturer\"},\"image\":{\"@id\":\"https:\\\/\\\/elixscent.com\\\/#\\\/schema\\\/logo\\\/image\\\/\"},\"sameAs\":[\"https:\\\/\\\/www.linkedin.com\\\/company\\\/30084929\"]}]}<\/script>\n<!-- \/ Yoast SEO Premium plugin. -->","yoast_head_json":{"title":"Amarella Perfume para Roupa Hipoalerg\u00e9nico Algod\u00e3o Suave 500ml","description":"Perfume de lavandaria hipoalerg\u00e9nico sem alerg\u00e9nios Algod\u00e3o suave para peles sens\u00edveis. Suaviza o tecido, anti-est\u00e1tico, f\u00e1cil de passar a ferro, sem micropl\u00e1sticos.","robots":{"index":"index","follow":"follow","max-snippet":"max-snippet:-1","max-image-preview":"max-image-preview:large","max-video-preview":"max-video-preview:-1"},"canonical":"https:\/\/elixscent.com\/pt\/produto\/perfume-amarella-laundy-hipoalergenico\/","og_locale":"pt_PT","og_type":"article","og_title":"AMARELLA Hypoallergenic Laundy Perfume +","og_description":"Allergen-free Hypoallergenic laundry perfume Smooth Cotton for sensitive skin. Softens fabric, anti-static, easy ironing, microplastic-free.","og_url":"https:\/\/elixscent.com\/pt\/produto\/perfume-amarella-laundy-hipoalergenico\/","og_site_name":"ELiX EU air fresheners","article_modified_time":"2025-11-28T12:15:31+00:00","og_image":[{"width":210,"height":675,"url":"https:\/\/elixscent.com\/wp-content\/uploads\/WEBP_Amarella500_HYPO_produkt_1.0.webp","type":"image\/webp"}],"twitter_card":"summary_large_image","twitter_misc":{"Tempo estimado de leitura":"2 minutos"},"schema":{"@context":"https:\/\/schema.org","@graph":[{"@type":"WebPage","@id":"https:\/\/elixscent.com\/product\/amarella-hypoallergenic-laundy-perfume\/","url":"https:\/\/elixscent.com\/product\/amarella-hypoallergenic-laundy-perfume\/","name":"Amarella Perfume para Roupa Hipoalerg\u00e9nico Algod\u00e3o Suave 500ml","isPartOf":{"@id":"https:\/\/elixscent.com\/#website"},"primaryImageOfPage":{"@id":"https:\/\/elixscent.com\/product\/amarella-hypoallergenic-laundy-perfume\/#primaryimage"},"image":{"@id":"https:\/\/elixscent.com\/product\/amarella-hypoallergenic-laundy-perfume\/#primaryimage"},"thumbnailUrl":"https:\/\/elixscent.com\/wp-content\/uploads\/WEBP_Amarella500_HYPO_produkt_1.0.webp","datePublished":"2025-07-21T09:53:58+00:00","dateModified":"2025-11-28T12:15:31+00:00","description":"Perfume de lavandaria hipoalerg\u00e9nico sem alerg\u00e9nios Algod\u00e3o suave para peles sens\u00edveis. Suaviza o tecido, anti-est\u00e1tico, f\u00e1cil de passar a ferro, sem micropl\u00e1sticos.","breadcrumb":{"@id":"https:\/\/elixscent.com\/product\/amarella-hypoallergenic-laundy-perfume\/#breadcrumb"},"inLanguage":"pt-PT","potentialAction":[{"@type":"ReadAction","target":["https:\/\/elixscent.com\/product\/amarella-hypoallergenic-laundy-perfume\/"]}]},{"@type":"ImageObject","inLanguage":"pt-PT","@id":"https:\/\/elixscent.com\/product\/amarella-hypoallergenic-laundy-perfume\/#primaryimage","url":"https:\/\/elixscent.com\/wp-content\/uploads\/WEBP_Amarella500_HYPO_produkt_1.0.webp","contentUrl":"https:\/\/elixscent.com\/wp-content\/uploads\/WEBP_Amarella500_HYPO_produkt_1.0.webp","width":210,"height":675,"caption":"Amarella hypoallergenic laundry perfume"},{"@type":"BreadcrumbList","@id":"https:\/\/elixscent.com\/product\/amarella-hypoallergenic-laundy-perfume\/#breadcrumb","itemListElement":[{"@type":"ListItem","position":1,"name":"Home","item":"https:\/\/elixscent.com\/"},{"@type":"ListItem","position":2,"name":"Products","item":"https:\/\/elixscent.com\/product\/"},{"@type":"ListItem","position":3,"name":"AMARELLA Hypoallergenic Laundry","item":"https:\/\/elixscent.com\/product-category\/amarella_hypoallergenic\/"},{"@type":"ListItem","position":4,"name":"In-Wash Hypoallergenic scent booster","item":"https:\/\/elixscent.com\/product-category\/in-wash-hypoallergenic-scent-booster\/"},{"@type":"ListItem","position":5,"name":"AMARELLA Hypoallergenic Laundy Perfume +"}]},{"@type":"WebSite","@id":"https:\/\/elixscent.com\/#website","url":"https:\/\/elixscent.com\/","name":"Ambientadores ELiX EU","description":"Ar e tecido, perfeitamente frescos","publisher":{"@id":"https:\/\/elixscent.com\/#organization"},"potentialAction":[{"@type":"SearchAction","target":{"@type":"EntryPoint","urlTemplate":"https:\/\/elixscent.com\/?s={search_term_string}"},"query-input":{"@type":"PropertyValueSpecification","valueRequired":true,"valueName":"search_term_string"}}],"inLanguage":"pt-PT"},{"@type":"Organization","@id":"https:\/\/elixscent.com\/#organization","name":"Fabricante de purificadores de ar ELIX","url":"https:\/\/elixscent.com\/","logo":{"@type":"ImageObject","inLanguage":"pt-PT","@id":"https:\/\/elixscent.com\/#\/schema\/logo\/image\/","url":"https:\/\/elixscent.com\/wp-content\/uploads\/elix_logo_1.0-_300.jpg","contentUrl":"https:\/\/elixscent.com\/wp-content\/uploads\/elix_logo_1.0-_300.jpg","width":300,"height":257,"caption":"ELIX air freshener manufacturer"},"image":{"@id":"https:\/\/elixscent.com\/#\/schema\/logo\/image\/"},"sameAs":["https:\/\/www.linkedin.com\/company\/30084929"]}]}},"_links":{"self":[{"href":"https:\/\/elixscent.com\/pt\/wp-json\/wp\/v2\/product\/58346","targetHints":{"allow":["GET"]}}],"collection":[{"href":"https:\/\/elixscent.com\/pt\/wp-json\/wp\/v2\/product"}],"about":[{"href":"https:\/\/elixscent.com\/pt\/wp-json\/wp\/v2\/types\/product"}],"version-history":[{"count":5,"href":"https:\/\/elixscent.com\/pt\/wp-json\/wp\/v2\/product\/58346\/revisions"}],"predecessor-version":[{"id":59763,"href":"https:\/\/elixscent.com\/pt\/wp-json\/wp\/v2\/product\/58346\/revisions\/59763"}],"wp:featuredmedia":[{"embeddable":true,"href":"https:\/\/elixscent.com\/pt\/wp-json\/wp\/v2\/media\/58347"}],"wp:attachment":[{"href":"https:\/\/elixscent.com\/pt\/wp-json\/wp\/v2\/media?parent=58346"}],"curies":[{"name":"wp","href":"https:\/\/api.w.org\/{rel}","templated":true}]}}