{"id":58053,"date":"2025-06-12T08:59:58","date_gmt":"2025-06-12T08:59:58","guid":{"rendered":"https:\/\/elixscent.com\/?post_type=product&#038;p=58053"},"modified":"2025-09-03T11:11:40","modified_gmt":"2025-09-03T11:11:40","slug":"nevoa-com-perolas-de-gelatina-breeze","status":"publish","type":"product","link":"https:\/\/elixscent.com\/pt\/product\/mist-with-jelly-pearls-breeze\/","title":{"rendered":"N\u00e9voa Sombra Bolhas Brisa e Cedro"},"content":{"rendered":"<p><strong data-start=\"0\" data-end=\"54\">MIST Shadow Bubbles 250 ml - Brisa e Cedro<\/strong><br data-start=\"54\" data-end=\"57\" \/>Agite uma vez para ver as p\u00e9rolas de gelatina transl\u00facidas a rodopiar, preparando os seus \u00f3leos de perfume concentrados para uma liberta\u00e7\u00e3o uniforme e duradoura. Uma vez pressionadas, o ar \u00e9 humedecido com uma <strong data-start=\"221\" data-end=\"333\">acorde fresco e arejado onde a frescura das ervas se encontra com notas florais suaves, ancoradas por uma base suave e almiscarada de madeira de cedro<\/strong>. O efeito \u00e9 t\u00e3o revigorante como a brisa do mar e t\u00e3o reconfortante como a madeira seca ao sol. \u00c0 base de \u00e1gua e sem ftalatos, este spray proporciona uma frescura instant\u00e2nea e vis\u00edvel a salas de estar, escrit\u00f3rios ou suites de h\u00f3spedes - um desempenho de fragr\u00e2ncia moderno com um toque de teatro.<\/p>","protected":false},"featured_media":58054,"parent":0,"menu_order":0,"template":"","class_list":["post-58053","product","type-product","status-publish","has-post-thumbnail","hentry","product_category-mist_jp","product_category-air-spray"],"acf":[],"yoast_head":"<!-- This site is optimized with the Yoast SEO Premium plugin v27.4 (Yoast SEO v27.4) - https:\/\/yoast.com\/product\/yoast-seo-premium-wordpress\/ -->\n<title>MIST Jelly Pearls Breeze &amp; Cedarwood Air Freshener 250 ml<\/title>\n<meta name=\"description\" content=\"Shake to activate visible Jelly Pearls and mist vibrant lime, mandarin, green apple &amp; peppermint. Long-lasting, water-based 250 ml citrus air freshener by ELiX.Shake to activate Jelly Pearls, then mist herbal breeze, soft florals &amp; cedarwood. Long-lasting, water-based 250 ml air freshener by ELiX.\" \/>\n<meta name=\"robots\" content=\"index, follow, max-snippet:-1, max-image-preview:large, max-video-preview:-1\" \/>\n<link rel=\"canonical\" href=\"https:\/\/elixscent.com\/pt\/produto\/nevoa-com-perolas-de-gelatina-breeze\/\" \/>\n<meta property=\"og:locale\" content=\"pt_PT\" \/>\n<meta property=\"og:type\" content=\"article\" \/>\n<meta property=\"og:title\" content=\"MIST Shadow Bubbles Breeze &amp; Cedarwood\" \/>\n<meta property=\"og:description\" content=\"Shake to activate visible Jelly Pearls and mist vibrant lime, mandarin, green apple &amp; peppermint. Long-lasting, water-based 250 ml citrus air freshener by ELiX.Shake to activate Jelly Pearls, then mist herbal breeze, soft florals &amp; cedarwood. Long-lasting, water-based 250 ml air freshener by ELiX.\" \/>\n<meta property=\"og:url\" content=\"https:\/\/elixscent.com\/pt\/produto\/nevoa-com-perolas-de-gelatina-breeze\/\" \/>\n<meta property=\"og:site_name\" content=\"ELiX EU air fresheners\" \/>\n<meta property=\"article:modified_time\" content=\"2025-09-03T11:11:40+00:00\" \/>\n<meta property=\"og:image\" content=\"https:\/\/elixscent.com\/wp-content\/uploads\/WEBP_JPMist_breeze_product_1.0.webp\" \/>\n\t<meta property=\"og:image:width\" content=\"290\" \/>\n\t<meta property=\"og:image:height\" content=\"791\" \/>\n\t<meta property=\"og:image:type\" content=\"image\/webp\" \/>\n<meta name=\"twitter:card\" content=\"summary_large_image\" \/>\n<meta name=\"twitter:label1\" content=\"Tempo estimado de leitura\" \/>\n\t<meta name=\"twitter:data1\" content=\"1 minuto\" \/>\n<script type=\"application\/ld+json\" class=\"yoast-schema-graph\">{\"@context\":\"https:\\\/\\\/schema.org\",\"@graph\":[{\"@type\":\"WebPage\",\"@id\":\"https:\\\/\\\/elixscent.com\\\/product\\\/mist-with-jelly-pearls-breeze\\\/\",\"url\":\"https:\\\/\\\/elixscent.com\\\/product\\\/mist-with-jelly-pearls-breeze\\\/\",\"name\":\"MIST Jelly Pearls Breeze & Cedarwood Air Freshener 250 ml\",\"isPartOf\":{\"@id\":\"https:\\\/\\\/elixscent.com\\\/#website\"},\"primaryImageOfPage\":{\"@id\":\"https:\\\/\\\/elixscent.com\\\/product\\\/mist-with-jelly-pearls-breeze\\\/#primaryimage\"},\"image\":{\"@id\":\"https:\\\/\\\/elixscent.com\\\/product\\\/mist-with-jelly-pearls-breeze\\\/#primaryimage\"},\"thumbnailUrl\":\"https:\\\/\\\/elixscent.com\\\/wp-content\\\/uploads\\\/WEBP_JPMist_breeze_product_1.0.webp\",\"datePublished\":\"2025-06-12T08:59:58+00:00\",\"dateModified\":\"2025-09-03T11:11:40+00:00\",\"description\":\"Shake to activate visible Jelly Pearls and mist vibrant lime, mandarin, green apple & peppermint. Long-lasting, water-based 250 ml citrus air freshener by ELiX.Shake to activate Jelly Pearls, then mist herbal breeze, soft florals & cedarwood. Long-lasting, water-based 250 ml air freshener by ELiX.\",\"breadcrumb\":{\"@id\":\"https:\\\/\\\/elixscent.com\\\/product\\\/mist-with-jelly-pearls-breeze\\\/#breadcrumb\"},\"inLanguage\":\"pt-PT\",\"potentialAction\":[{\"@type\":\"ReadAction\",\"target\":[\"https:\\\/\\\/elixscent.com\\\/product\\\/mist-with-jelly-pearls-breeze\\\/\"]}]},{\"@type\":\"ImageObject\",\"inLanguage\":\"pt-PT\",\"@id\":\"https:\\\/\\\/elixscent.com\\\/product\\\/mist-with-jelly-pearls-breeze\\\/#primaryimage\",\"url\":\"https:\\\/\\\/elixscent.com\\\/wp-content\\\/uploads\\\/WEBP_JPMist_breeze_product_1.0.webp\",\"contentUrl\":\"https:\\\/\\\/elixscent.com\\\/wp-content\\\/uploads\\\/WEBP_JPMist_breeze_product_1.0.webp\",\"width\":290,\"height\":791,\"caption\":\"WEBP JPMist breeze product 1.0\"},{\"@type\":\"BreadcrumbList\",\"@id\":\"https:\\\/\\\/elixscent.com\\\/product\\\/mist-with-jelly-pearls-breeze\\\/#breadcrumb\",\"itemListElement\":[{\"@type\":\"ListItem\",\"position\":1,\"name\":\"Home\",\"item\":\"https:\\\/\\\/elixscent.com\\\/\"},{\"@type\":\"ListItem\",\"position\":2,\"name\":\"Products\",\"item\":\"https:\\\/\\\/elixscent.com\\\/product\\\/\"},{\"@type\":\"ListItem\",\"position\":3,\"name\":\"SPRAY AIR FRESHENERS\",\"item\":\"https:\\\/\\\/elixscent.com\\\/product-category\\\/air-spray\\\/\"},{\"@type\":\"ListItem\",\"position\":4,\"name\":\"MIST Shadow Bubbles\",\"item\":\"https:\\\/\\\/elixscent.com\\\/product-category\\\/mist_jp\\\/\"},{\"@type\":\"ListItem\",\"position\":5,\"name\":\"MIST Shadow Bubbles Breeze &#038; Cedarwood\"}]},{\"@type\":\"WebSite\",\"@id\":\"https:\\\/\\\/elixscent.com\\\/#website\",\"url\":\"https:\\\/\\\/elixscent.com\\\/\",\"name\":\"ELiX EU air fresheners\",\"description\":\"Air &amp; Fabric, Perfectly Fresh\",\"publisher\":{\"@id\":\"https:\\\/\\\/elixscent.com\\\/#organization\"},\"potentialAction\":[{\"@type\":\"SearchAction\",\"target\":{\"@type\":\"EntryPoint\",\"urlTemplate\":\"https:\\\/\\\/elixscent.com\\\/?s={search_term_string}\"},\"query-input\":{\"@type\":\"PropertyValueSpecification\",\"valueRequired\":true,\"valueName\":\"search_term_string\"}}],\"inLanguage\":\"pt-PT\"},{\"@type\":\"Organization\",\"@id\":\"https:\\\/\\\/elixscent.com\\\/#organization\",\"name\":\"ELIX air freshener manufacturer\",\"url\":\"https:\\\/\\\/elixscent.com\\\/\",\"logo\":{\"@type\":\"ImageObject\",\"inLanguage\":\"pt-PT\",\"@id\":\"https:\\\/\\\/elixscent.com\\\/#\\\/schema\\\/logo\\\/image\\\/\",\"url\":\"https:\\\/\\\/elixscent.com\\\/wp-content\\\/uploads\\\/elix_logo_1.0-_300.jpg\",\"contentUrl\":\"https:\\\/\\\/elixscent.com\\\/wp-content\\\/uploads\\\/elix_logo_1.0-_300.jpg\",\"width\":300,\"height\":257,\"caption\":\"ELIX air freshener manufacturer\"},\"image\":{\"@id\":\"https:\\\/\\\/elixscent.com\\\/#\\\/schema\\\/logo\\\/image\\\/\"},\"sameAs\":[\"https:\\\/\\\/www.linkedin.com\\\/company\\\/30084929\"]}]}<\/script>\n<!-- \/ Yoast SEO Premium plugin. -->","yoast_head_json":{"title":"Ambientador MIST Jelly Pearls Brisa e Cedro 250 ml","description":"Agite para ativar as p\u00e9rolas de gelatina vis\u00edveis e vaporize lima vibrante, tangerina, ma\u00e7\u00e3 verde e hortel\u00e3-pimenta. Ambientador c\u00edtrico de longa dura\u00e7\u00e3o, \u00e0 base de \u00e1gua, com 250 ml, da ELiX.Agite para ativar as p\u00e9rolas de gelatina e vaporize brisa de ervas, florais suaves e madeira de cedro. Ambientador de longa dura\u00e7\u00e3o, \u00e0 base de \u00e1gua, de 250 ml da ELiX.","robots":{"index":"index","follow":"follow","max-snippet":"max-snippet:-1","max-image-preview":"max-image-preview:large","max-video-preview":"max-video-preview:-1"},"canonical":"https:\/\/elixscent.com\/pt\/produto\/nevoa-com-perolas-de-gelatina-breeze\/","og_locale":"pt_PT","og_type":"article","og_title":"MIST Shadow Bubbles Breeze & Cedarwood","og_description":"Shake to activate visible Jelly Pearls and mist vibrant lime, mandarin, green apple & peppermint. Long-lasting, water-based 250 ml citrus air freshener by ELiX.Shake to activate Jelly Pearls, then mist herbal breeze, soft florals & cedarwood. Long-lasting, water-based 250 ml air freshener by ELiX.","og_url":"https:\/\/elixscent.com\/pt\/produto\/nevoa-com-perolas-de-gelatina-breeze\/","og_site_name":"ELiX EU air fresheners","article_modified_time":"2025-09-03T11:11:40+00:00","og_image":[{"width":290,"height":791,"url":"https:\/\/elixscent.com\/wp-content\/uploads\/WEBP_JPMist_breeze_product_1.0.webp","type":"image\/webp"}],"twitter_card":"summary_large_image","twitter_misc":{"Tempo estimado de leitura":"1 minuto"},"schema":{"@context":"https:\/\/schema.org","@graph":[{"@type":"WebPage","@id":"https:\/\/elixscent.com\/product\/mist-with-jelly-pearls-breeze\/","url":"https:\/\/elixscent.com\/product\/mist-with-jelly-pearls-breeze\/","name":"Ambientador MIST Jelly Pearls Brisa e Cedro 250 ml","isPartOf":{"@id":"https:\/\/elixscent.com\/#website"},"primaryImageOfPage":{"@id":"https:\/\/elixscent.com\/product\/mist-with-jelly-pearls-breeze\/#primaryimage"},"image":{"@id":"https:\/\/elixscent.com\/product\/mist-with-jelly-pearls-breeze\/#primaryimage"},"thumbnailUrl":"https:\/\/elixscent.com\/wp-content\/uploads\/WEBP_JPMist_breeze_product_1.0.webp","datePublished":"2025-06-12T08:59:58+00:00","dateModified":"2025-09-03T11:11:40+00:00","description":"Agite para ativar as p\u00e9rolas de gelatina vis\u00edveis e vaporize lima vibrante, tangerina, ma\u00e7\u00e3 verde e hortel\u00e3-pimenta. Ambientador c\u00edtrico de longa dura\u00e7\u00e3o, \u00e0 base de \u00e1gua, com 250 ml, da ELiX.Agite para ativar as p\u00e9rolas de gelatina e vaporize brisa de ervas, florais suaves e madeira de cedro. Ambientador de longa dura\u00e7\u00e3o, \u00e0 base de \u00e1gua, de 250 ml da ELiX.","breadcrumb":{"@id":"https:\/\/elixscent.com\/product\/mist-with-jelly-pearls-breeze\/#breadcrumb"},"inLanguage":"pt-PT","potentialAction":[{"@type":"ReadAction","target":["https:\/\/elixscent.com\/product\/mist-with-jelly-pearls-breeze\/"]}]},{"@type":"ImageObject","inLanguage":"pt-PT","@id":"https:\/\/elixscent.com\/product\/mist-with-jelly-pearls-breeze\/#primaryimage","url":"https:\/\/elixscent.com\/wp-content\/uploads\/WEBP_JPMist_breeze_product_1.0.webp","contentUrl":"https:\/\/elixscent.com\/wp-content\/uploads\/WEBP_JPMist_breeze_product_1.0.webp","width":290,"height":791,"caption":"WEBP JPMist breeze product 1.0"},{"@type":"BreadcrumbList","@id":"https:\/\/elixscent.com\/product\/mist-with-jelly-pearls-breeze\/#breadcrumb","itemListElement":[{"@type":"ListItem","position":1,"name":"Home","item":"https:\/\/elixscent.com\/"},{"@type":"ListItem","position":2,"name":"Products","item":"https:\/\/elixscent.com\/product\/"},{"@type":"ListItem","position":3,"name":"SPRAY AIR FRESHENERS","item":"https:\/\/elixscent.com\/product-category\/air-spray\/"},{"@type":"ListItem","position":4,"name":"MIST Shadow Bubbles","item":"https:\/\/elixscent.com\/product-category\/mist_jp\/"},{"@type":"ListItem","position":5,"name":"MIST Shadow Bubbles Breeze &#038; Cedarwood"}]},{"@type":"WebSite","@id":"https:\/\/elixscent.com\/#website","url":"https:\/\/elixscent.com\/","name":"Ambientadores ELiX EU","description":"Ar e tecido, perfeitamente frescos","publisher":{"@id":"https:\/\/elixscent.com\/#organization"},"potentialAction":[{"@type":"SearchAction","target":{"@type":"EntryPoint","urlTemplate":"https:\/\/elixscent.com\/?s={search_term_string}"},"query-input":{"@type":"PropertyValueSpecification","valueRequired":true,"valueName":"search_term_string"}}],"inLanguage":"pt-PT"},{"@type":"Organization","@id":"https:\/\/elixscent.com\/#organization","name":"Fabricante de purificadores de ar ELIX","url":"https:\/\/elixscent.com\/","logo":{"@type":"ImageObject","inLanguage":"pt-PT","@id":"https:\/\/elixscent.com\/#\/schema\/logo\/image\/","url":"https:\/\/elixscent.com\/wp-content\/uploads\/elix_logo_1.0-_300.jpg","contentUrl":"https:\/\/elixscent.com\/wp-content\/uploads\/elix_logo_1.0-_300.jpg","width":300,"height":257,"caption":"ELIX air freshener manufacturer"},"image":{"@id":"https:\/\/elixscent.com\/#\/schema\/logo\/image\/"},"sameAs":["https:\/\/www.linkedin.com\/company\/30084929"]}]}},"_links":{"self":[{"href":"https:\/\/elixscent.com\/pt\/wp-json\/wp\/v2\/product\/58053","targetHints":{"allow":["GET"]}}],"collection":[{"href":"https:\/\/elixscent.com\/pt\/wp-json\/wp\/v2\/product"}],"about":[{"href":"https:\/\/elixscent.com\/pt\/wp-json\/wp\/v2\/types\/product"}],"version-history":[{"count":4,"href":"https:\/\/elixscent.com\/pt\/wp-json\/wp\/v2\/product\/58053\/revisions"}],"predecessor-version":[{"id":58961,"href":"https:\/\/elixscent.com\/pt\/wp-json\/wp\/v2\/product\/58053\/revisions\/58961"}],"wp:featuredmedia":[{"embeddable":true,"href":"https:\/\/elixscent.com\/pt\/wp-json\/wp\/v2\/media\/58054"}],"wp:attachment":[{"href":"https:\/\/elixscent.com\/pt\/wp-json\/wp\/v2\/media?parent=58053"}],"curies":[{"name":"wp","href":"https:\/\/api.w.org\/{rel}","templated":true}]}}