{"id":58050,"date":"2025-06-12T08:56:27","date_gmt":"2025-06-12T08:56:27","guid":{"rendered":"https:\/\/elixscent.com\/?post_type=product&#038;p=58050"},"modified":"2025-09-03T11:12:40","modified_gmt":"2025-09-03T11:12:40","slug":"nebulizacao-com-perolas-de-gelatina-lime-mandarine","status":"publish","type":"product","link":"https:\/\/elixscent.com\/pt\/product\/mist-with-jelly-pearls-lime-mandarine\/","title":{"rendered":"MIST Shadow Bubbles Lima e Mandarina"},"content":{"rendered":"<p data-start=\"0\" data-end=\"328\"><strong data-start=\"0\" data-end=\"52\">MIST Shadow Bubbles 250 ml - Lima e Mandarina<\/strong><br data-start=\"52\" data-end=\"55\" \/>Agite uma vez para fazer girar as vibrantes p\u00e9rolas de gelatina e, em seguida, liberte uma fina n\u00e9voa que refresca o ambiente e os olhos ao mesmo tempo. Encapsulando \u00f3leos de fragr\u00e2ncia extra-potentes, as p\u00e9rolas s\u00f3 rebentam quando misturadas, pelo que cada pulveriza\u00e7\u00e3o proporciona um aroma mais duradouro e zero desperd\u00edcio.<\/p>\n<p data-start=\"330\" data-end=\"547\"><strong data-start=\"330\" data-end=\"347\">Perfil olfativo<\/strong> - Uma fus\u00e3o cintilante de lima sumarenta e tangerina iluminada pelo sol, misturada com ma\u00e7\u00e3 verde crocante e um sussurro fresco de hortel\u00e3-pimenta. Vibrante e divertida, perdura como o calor de um abra\u00e7o com aroma a citrinos.<\/p>\n<p data-start=\"549\" data-end=\"702\" data-is-last-node=\"\" data-is-only-node=\"\">F\u00f3rmula \u00e0 base de \u00e1gua e sem ftalatos. Ideal para salas de estar, escrit\u00f3rios ou quartos de h\u00f3spedes - onde quer que queira uma frescura instant\u00e2nea e vis\u00edvel com um toque de teatro.<\/p>","protected":false},"featured_media":58051,"parent":0,"menu_order":0,"template":"","class_list":["post-58050","product","type-product","status-publish","has-post-thumbnail","hentry","product_category-mist_jp","product_category-air-spray"],"acf":[],"yoast_head":"<!-- This site is optimized with the Yoast SEO Premium plugin v27.2 (Yoast SEO v27.4) - https:\/\/yoast.com\/product\/yoast-seo-premium-wordpress\/ -->\n<title>MIST Jelly Pearls Lime &amp; Mandarine Air Freshener 250 ml<\/title>\n<meta name=\"description\" content=\"Shake to activate visible Jelly Pearls and mist vibrant lime, mandarin, green apple &amp; peppermint. Long-lasting, water-based 250 ml citrus air freshener by ELiX.\" \/>\n<meta name=\"robots\" content=\"index, follow, max-snippet:-1, max-image-preview:large, max-video-preview:-1\" \/>\n<link rel=\"canonical\" href=\"https:\/\/elixscent.com\/pt\/produto\/nebulizacao-com-perolas-de-gelatina-lime-mandarine\/\" \/>\n<meta property=\"og:locale\" content=\"pt_PT\" \/>\n<meta property=\"og:type\" content=\"article\" \/>\n<meta property=\"og:title\" content=\"MIST Shadow Bubbles Lime &amp; Mandarine\" \/>\n<meta property=\"og:description\" content=\"Shake to activate visible Jelly Pearls and mist vibrant lime, mandarin, green apple &amp; peppermint. Long-lasting, water-based 250 ml citrus air freshener by ELiX.\" \/>\n<meta property=\"og:url\" content=\"https:\/\/elixscent.com\/pt\/produto\/nebulizacao-com-perolas-de-gelatina-lime-mandarine\/\" \/>\n<meta property=\"og:site_name\" content=\"ELiX EU air fresheners\" \/>\n<meta property=\"article:modified_time\" content=\"2025-09-03T11:12:40+00:00\" \/>\n<meta property=\"og:image\" content=\"https:\/\/elixscent.com\/wp-content\/uploads\/WEBP_JPMist_lime_product_1.0.webp\" \/>\n\t<meta property=\"og:image:width\" content=\"290\" \/>\n\t<meta property=\"og:image:height\" content=\"791\" \/>\n\t<meta property=\"og:image:type\" content=\"image\/webp\" \/>\n<meta name=\"twitter:card\" content=\"summary_large_image\" \/>\n<meta name=\"twitter:label1\" content=\"Tempo estimado de leitura\" \/>\n\t<meta name=\"twitter:data1\" content=\"1 minuto\" \/>\n<script type=\"application\/ld+json\" class=\"yoast-schema-graph\">{\"@context\":\"https:\\\/\\\/schema.org\",\"@graph\":[{\"@type\":\"WebPage\",\"@id\":\"https:\\\/\\\/elixscent.com\\\/product\\\/mist-with-jelly-pearls-lime-mandarine\\\/\",\"url\":\"https:\\\/\\\/elixscent.com\\\/product\\\/mist-with-jelly-pearls-lime-mandarine\\\/\",\"name\":\"MIST Jelly Pearls Lime & Mandarine Air Freshener 250 ml\",\"isPartOf\":{\"@id\":\"https:\\\/\\\/elixscent.com\\\/#website\"},\"primaryImageOfPage\":{\"@id\":\"https:\\\/\\\/elixscent.com\\\/product\\\/mist-with-jelly-pearls-lime-mandarine\\\/#primaryimage\"},\"image\":{\"@id\":\"https:\\\/\\\/elixscent.com\\\/product\\\/mist-with-jelly-pearls-lime-mandarine\\\/#primaryimage\"},\"thumbnailUrl\":\"https:\\\/\\\/elixscent.com\\\/wp-content\\\/uploads\\\/WEBP_JPMist_lime_product_1.0.webp\",\"datePublished\":\"2025-06-12T08:56:27+00:00\",\"dateModified\":\"2025-09-03T11:12:40+00:00\",\"description\":\"Shake to activate visible Jelly Pearls and mist vibrant lime, mandarin, green apple & peppermint. Long-lasting, water-based 250 ml citrus air freshener by ELiX.\",\"breadcrumb\":{\"@id\":\"https:\\\/\\\/elixscent.com\\\/product\\\/mist-with-jelly-pearls-lime-mandarine\\\/#breadcrumb\"},\"inLanguage\":\"pt-PT\",\"potentialAction\":[{\"@type\":\"ReadAction\",\"target\":[\"https:\\\/\\\/elixscent.com\\\/product\\\/mist-with-jelly-pearls-lime-mandarine\\\/\"]}]},{\"@type\":\"ImageObject\",\"inLanguage\":\"pt-PT\",\"@id\":\"https:\\\/\\\/elixscent.com\\\/product\\\/mist-with-jelly-pearls-lime-mandarine\\\/#primaryimage\",\"url\":\"https:\\\/\\\/elixscent.com\\\/wp-content\\\/uploads\\\/WEBP_JPMist_lime_product_1.0.webp\",\"contentUrl\":\"https:\\\/\\\/elixscent.com\\\/wp-content\\\/uploads\\\/WEBP_JPMist_lime_product_1.0.webp\",\"width\":290,\"height\":791,\"caption\":\"WEBP JPMist lime product 1.0\"},{\"@type\":\"BreadcrumbList\",\"@id\":\"https:\\\/\\\/elixscent.com\\\/product\\\/mist-with-jelly-pearls-lime-mandarine\\\/#breadcrumb\",\"itemListElement\":[{\"@type\":\"ListItem\",\"position\":1,\"name\":\"Home\",\"item\":\"https:\\\/\\\/elixscent.com\\\/\"},{\"@type\":\"ListItem\",\"position\":2,\"name\":\"Products\",\"item\":\"https:\\\/\\\/elixscent.com\\\/product\\\/\"},{\"@type\":\"ListItem\",\"position\":3,\"name\":\"SPRAY AIR FRESHENERS\",\"item\":\"https:\\\/\\\/elixscent.com\\\/product-category\\\/air-spray\\\/\"},{\"@type\":\"ListItem\",\"position\":4,\"name\":\"MIST Shadow Bubbles\",\"item\":\"https:\\\/\\\/elixscent.com\\\/product-category\\\/mist_jp\\\/\"},{\"@type\":\"ListItem\",\"position\":5,\"name\":\"MIST Shadow Bubbles Lime &#038; Mandarine\"}]},{\"@type\":\"WebSite\",\"@id\":\"https:\\\/\\\/elixscent.com\\\/#website\",\"url\":\"https:\\\/\\\/elixscent.com\\\/\",\"name\":\"ELiX EU air fresheners\",\"description\":\"Air &amp; Fabric, Perfectly Fresh\",\"publisher\":{\"@id\":\"https:\\\/\\\/elixscent.com\\\/#organization\"},\"potentialAction\":[{\"@type\":\"SearchAction\",\"target\":{\"@type\":\"EntryPoint\",\"urlTemplate\":\"https:\\\/\\\/elixscent.com\\\/?s={search_term_string}\"},\"query-input\":{\"@type\":\"PropertyValueSpecification\",\"valueRequired\":true,\"valueName\":\"search_term_string\"}}],\"inLanguage\":\"pt-PT\"},{\"@type\":\"Organization\",\"@id\":\"https:\\\/\\\/elixscent.com\\\/#organization\",\"name\":\"ELIX air freshener manufacturer\",\"url\":\"https:\\\/\\\/elixscent.com\\\/\",\"logo\":{\"@type\":\"ImageObject\",\"inLanguage\":\"pt-PT\",\"@id\":\"https:\\\/\\\/elixscent.com\\\/#\\\/schema\\\/logo\\\/image\\\/\",\"url\":\"https:\\\/\\\/elixscent.com\\\/wp-content\\\/uploads\\\/elix_logo_1.0-_300.jpg\",\"contentUrl\":\"https:\\\/\\\/elixscent.com\\\/wp-content\\\/uploads\\\/elix_logo_1.0-_300.jpg\",\"width\":300,\"height\":257,\"caption\":\"ELIX air freshener manufacturer\"},\"image\":{\"@id\":\"https:\\\/\\\/elixscent.com\\\/#\\\/schema\\\/logo\\\/image\\\/\"},\"sameAs\":[\"https:\\\/\\\/www.linkedin.com\\\/company\\\/30084929\"]}]}<\/script>\n<!-- \/ Yoast SEO Premium plugin. -->","yoast_head_json":{"title":"Ambientador MIST Jelly Pearls Lima &amp; Mandarina 250 ml","description":"Agite para ativar as p\u00e9rolas de gelatina vis\u00edveis e vaporize a vibrante lima, tangerina, ma\u00e7\u00e3 verde e hortel\u00e3-pimenta. Ambientador citrino de longa dura\u00e7\u00e3o, \u00e0 base de \u00e1gua, de 250 ml, da ELiX.","robots":{"index":"index","follow":"follow","max-snippet":"max-snippet:-1","max-image-preview":"max-image-preview:large","max-video-preview":"max-video-preview:-1"},"canonical":"https:\/\/elixscent.com\/pt\/produto\/nebulizacao-com-perolas-de-gelatina-lime-mandarine\/","og_locale":"pt_PT","og_type":"article","og_title":"MIST Shadow Bubbles Lime & Mandarine","og_description":"Shake to activate visible Jelly Pearls and mist vibrant lime, mandarin, green apple & peppermint. Long-lasting, water-based 250 ml citrus air freshener by ELiX.","og_url":"https:\/\/elixscent.com\/pt\/produto\/nebulizacao-com-perolas-de-gelatina-lime-mandarine\/","og_site_name":"ELiX EU air fresheners","article_modified_time":"2025-09-03T11:12:40+00:00","og_image":[{"width":290,"height":791,"url":"https:\/\/elixscent.com\/wp-content\/uploads\/WEBP_JPMist_lime_product_1.0.webp","type":"image\/webp"}],"twitter_card":"summary_large_image","twitter_misc":{"Tempo estimado de leitura":"1 minuto"},"schema":{"@context":"https:\/\/schema.org","@graph":[{"@type":"WebPage","@id":"https:\/\/elixscent.com\/product\/mist-with-jelly-pearls-lime-mandarine\/","url":"https:\/\/elixscent.com\/product\/mist-with-jelly-pearls-lime-mandarine\/","name":"Ambientador MIST Jelly Pearls Lima &amp; Mandarina 250 ml","isPartOf":{"@id":"https:\/\/elixscent.com\/#website"},"primaryImageOfPage":{"@id":"https:\/\/elixscent.com\/product\/mist-with-jelly-pearls-lime-mandarine\/#primaryimage"},"image":{"@id":"https:\/\/elixscent.com\/product\/mist-with-jelly-pearls-lime-mandarine\/#primaryimage"},"thumbnailUrl":"https:\/\/elixscent.com\/wp-content\/uploads\/WEBP_JPMist_lime_product_1.0.webp","datePublished":"2025-06-12T08:56:27+00:00","dateModified":"2025-09-03T11:12:40+00:00","description":"Agite para ativar as p\u00e9rolas de gelatina vis\u00edveis e vaporize a vibrante lima, tangerina, ma\u00e7\u00e3 verde e hortel\u00e3-pimenta. Ambientador citrino de longa dura\u00e7\u00e3o, \u00e0 base de \u00e1gua, de 250 ml, da ELiX.","breadcrumb":{"@id":"https:\/\/elixscent.com\/product\/mist-with-jelly-pearls-lime-mandarine\/#breadcrumb"},"inLanguage":"pt-PT","potentialAction":[{"@type":"ReadAction","target":["https:\/\/elixscent.com\/product\/mist-with-jelly-pearls-lime-mandarine\/"]}]},{"@type":"ImageObject","inLanguage":"pt-PT","@id":"https:\/\/elixscent.com\/product\/mist-with-jelly-pearls-lime-mandarine\/#primaryimage","url":"https:\/\/elixscent.com\/wp-content\/uploads\/WEBP_JPMist_lime_product_1.0.webp","contentUrl":"https:\/\/elixscent.com\/wp-content\/uploads\/WEBP_JPMist_lime_product_1.0.webp","width":290,"height":791,"caption":"WEBP JPMist lime product 1.0"},{"@type":"BreadcrumbList","@id":"https:\/\/elixscent.com\/product\/mist-with-jelly-pearls-lime-mandarine\/#breadcrumb","itemListElement":[{"@type":"ListItem","position":1,"name":"Home","item":"https:\/\/elixscent.com\/"},{"@type":"ListItem","position":2,"name":"Products","item":"https:\/\/elixscent.com\/product\/"},{"@type":"ListItem","position":3,"name":"SPRAY AIR FRESHENERS","item":"https:\/\/elixscent.com\/product-category\/air-spray\/"},{"@type":"ListItem","position":4,"name":"MIST Shadow Bubbles","item":"https:\/\/elixscent.com\/product-category\/mist_jp\/"},{"@type":"ListItem","position":5,"name":"MIST Shadow Bubbles Lime &#038; Mandarine"}]},{"@type":"WebSite","@id":"https:\/\/elixscent.com\/#website","url":"https:\/\/elixscent.com\/","name":"Ambientadores ELiX EU","description":"Ar e tecido, perfeitamente frescos","publisher":{"@id":"https:\/\/elixscent.com\/#organization"},"potentialAction":[{"@type":"SearchAction","target":{"@type":"EntryPoint","urlTemplate":"https:\/\/elixscent.com\/?s={search_term_string}"},"query-input":{"@type":"PropertyValueSpecification","valueRequired":true,"valueName":"search_term_string"}}],"inLanguage":"pt-PT"},{"@type":"Organization","@id":"https:\/\/elixscent.com\/#organization","name":"Fabricante de purificadores de ar ELIX","url":"https:\/\/elixscent.com\/","logo":{"@type":"ImageObject","inLanguage":"pt-PT","@id":"https:\/\/elixscent.com\/#\/schema\/logo\/image\/","url":"https:\/\/elixscent.com\/wp-content\/uploads\/elix_logo_1.0-_300.jpg","contentUrl":"https:\/\/elixscent.com\/wp-content\/uploads\/elix_logo_1.0-_300.jpg","width":300,"height":257,"caption":"ELIX air freshener manufacturer"},"image":{"@id":"https:\/\/elixscent.com\/#\/schema\/logo\/image\/"},"sameAs":["https:\/\/www.linkedin.com\/company\/30084929"]}]}},"_links":{"self":[{"href":"https:\/\/elixscent.com\/pt\/wp-json\/wp\/v2\/product\/58050","targetHints":{"allow":["GET"]}}],"collection":[{"href":"https:\/\/elixscent.com\/pt\/wp-json\/wp\/v2\/product"}],"about":[{"href":"https:\/\/elixscent.com\/pt\/wp-json\/wp\/v2\/types\/product"}],"version-history":[{"count":3,"href":"https:\/\/elixscent.com\/pt\/wp-json\/wp\/v2\/product\/58050\/revisions"}],"predecessor-version":[{"id":58963,"href":"https:\/\/elixscent.com\/pt\/wp-json\/wp\/v2\/product\/58050\/revisions\/58963"}],"wp:featuredmedia":[{"embeddable":true,"href":"https:\/\/elixscent.com\/pt\/wp-json\/wp\/v2\/media\/58051"}],"wp:attachment":[{"href":"https:\/\/elixscent.com\/pt\/wp-json\/wp\/v2\/media?parent=58050"}],"curies":[{"name":"wp","href":"https:\/\/api.w.org\/{rel}","templated":true}]}}