{"id":58019,"date":"2025-06-10T11:52:19","date_gmt":"2025-06-10T11:52:19","guid":{"rendered":"https:\/\/elixscent.com\/?post_type=product&#038;p=58019"},"modified":"2026-01-20T13:41:47","modified_gmt":"2026-01-20T13:41:47","slug":"bonde-paper-car-perfume-wild","status":"publish","type":"product","link":"https:\/\/elixscent.com\/pt\/product\/bonde-paper-car-perfume-wild\/","title":{"rendered":"BOND\u00c9 Paper Car Perfume Coragem selvagem"},"content":{"rendered":"<h2 data-start=\"0\" data-end=\"55\">Wild Courage (inspired by <em data-start=\"37\" data-end=\"46\">Sauvage<\/em> by Dior)<\/h2>\n<p data-start=\"57\" data-end=\"434\">Feels like you want something <strong data-start=\"87\" data-end=\"132\">fresh, masculine and unmistakably premium<\/strong> \u2014 but without that \u201cbasic blue\u201d vibe. <strong data-start=\"171\" data-end=\"187\">Coragem selvagem<\/strong> does exactly that: it hits with a clean, sharp freshness, then brings in an aromatic, slightly spicy edge that feels confident and modern. The dry-down is smooth and woody with a warm amber backbone \u2014 long-lasting, elegant, and always in control.<\/p>\n<p data-start=\"436\" data-end=\"521\">If the goal is: <strong data-start=\"452\" data-end=\"499\">\u201cMake the car feel expensive in 10 seconds\u201d<\/strong> \u2014 this is your scent.<\/p>\n<p data-start=\"523\" data-end=\"651\"><em data-start=\"523\" data-end=\"651\">Inspirado na fragr\u00e2ncia listada acima; BONDE n\u00e3o \u00e9 afiliado, endossado ou conectado ao propriet\u00e1rio da respectiva marca.<\/em><\/p>\n<p data-start=\"523\" data-end=\"651\">\n<ul>\n<li data-start=\"995\" data-end=\"1054\">\n<p data-start=\"997\" data-end=\"1054\">Desejo <strong data-start=\"1002\" data-end=\"1023\">fresh + masculine<\/strong>, but not \u201caftershave cheap\u201d?<\/p>\n<\/li>\n<li data-start=\"1055\" data-end=\"1127\">\n<p data-start=\"1057\" data-end=\"1127\">Need a scent that stays <strong data-start=\"1081\" data-end=\"1101\">clean and classy<\/strong> even in warm interiors?<\/p>\n<\/li>\n<li data-start=\"1128\" data-end=\"1207\">\n<p data-start=\"1130\" data-end=\"1207\">Looking for the one option that most people instantly label as <strong data-start=\"1193\" data-end=\"1206\">\u201cpremium\u201d<\/strong>?<\/p>\n<\/li>\n<\/ul>","protected":false},"featured_media":60325,"parent":0,"menu_order":0,"template":"","class_list":["post-58019","product","type-product","status-publish","has-post-thumbnail","hentry","product_category-bonde","product_category-perfumery_inspired","product_category-paper-air-fresheners"],"acf":[],"yoast_head":"<!-- This site is optimized with the Yoast SEO Premium plugin v27.4 (Yoast SEO v27.4) - https:\/\/yoast.com\/product\/yoast-seo-premium-wordpress\/ -->\n<title>BONDE Wild Courage \u2013 Luxury Paper Air Freshener<\/title>\n<meta name=\"description\" content=\"BONDE Wild Courage: a luxury paper air freshener inspired by Sauvage Dior. Crisp fresh notes, aromatic spice and woody amber for a premium signature.\" \/>\n<meta name=\"robots\" content=\"index, follow, max-snippet:-1, max-image-preview:large, max-video-preview:-1\" \/>\n<link rel=\"canonical\" href=\"https:\/\/elixscent.com\/pt\/produto\/bonde-paper-car-perfume-wild\/\" \/>\n<meta property=\"og:locale\" content=\"pt_PT\" \/>\n<meta property=\"og:type\" content=\"article\" \/>\n<meta property=\"og:title\" content=\"BOND\u00c9 Paper Car Perfume Wild courage\" \/>\n<meta property=\"og:description\" content=\"BONDE Wild Courage: a luxury paper air freshener inspired by Sauvage Dior. Crisp fresh notes, aromatic spice and woody amber for a premium signature.\" \/>\n<meta property=\"og:url\" content=\"https:\/\/elixscent.com\/pt\/produto\/bonde-paper-car-perfume-wild\/\" \/>\n<meta property=\"og:site_name\" content=\"ELiX EU air fresheners\" \/>\n<meta property=\"article:modified_time\" content=\"2026-01-20T13:41:47+00:00\" \/>\n<meta property=\"og:image\" content=\"https:\/\/elixscent.com\/wp-content\/uploads\/WEBP_BONDE_wild_courage_1.0-scaled.webp\" \/>\n\t<meta property=\"og:image:width\" content=\"2560\" \/>\n\t<meta property=\"og:image:height\" content=\"2560\" \/>\n\t<meta property=\"og:image:type\" content=\"image\/webp\" \/>\n<meta name=\"twitter:card\" content=\"summary_large_image\" \/>\n<meta name=\"twitter:label1\" content=\"Tempo estimado de leitura\" \/>\n\t<meta name=\"twitter:data1\" content=\"1 minuto\" \/>\n<script type=\"application\/ld+json\" class=\"yoast-schema-graph\">{\"@context\":\"https:\\\/\\\/schema.org\",\"@graph\":[{\"@type\":\"WebPage\",\"@id\":\"https:\\\/\\\/elixscent.com\\\/product\\\/bonde-paper-car-perfume-wild\\\/\",\"url\":\"https:\\\/\\\/elixscent.com\\\/product\\\/bonde-paper-car-perfume-wild\\\/\",\"name\":\"BONDE Wild Courage \u2013 Luxury Paper Air Freshener\",\"isPartOf\":{\"@id\":\"https:\\\/\\\/elixscent.com\\\/#website\"},\"primaryImageOfPage\":{\"@id\":\"https:\\\/\\\/elixscent.com\\\/product\\\/bonde-paper-car-perfume-wild\\\/#primaryimage\"},\"image\":{\"@id\":\"https:\\\/\\\/elixscent.com\\\/product\\\/bonde-paper-car-perfume-wild\\\/#primaryimage\"},\"thumbnailUrl\":\"https:\\\/\\\/elixscent.com\\\/wp-content\\\/uploads\\\/WEBP_BONDE_wild_courage_1.0-scaled.webp\",\"datePublished\":\"2025-06-10T11:52:19+00:00\",\"dateModified\":\"2026-01-20T13:41:47+00:00\",\"description\":\"BONDE Wild Courage: a luxury paper air freshener inspired by Sauvage Dior. Crisp fresh notes, aromatic spice and woody amber for a premium signature.\",\"breadcrumb\":{\"@id\":\"https:\\\/\\\/elixscent.com\\\/product\\\/bonde-paper-car-perfume-wild\\\/#breadcrumb\"},\"inLanguage\":\"pt-PT\",\"potentialAction\":[{\"@type\":\"ReadAction\",\"target\":[\"https:\\\/\\\/elixscent.com\\\/product\\\/bonde-paper-car-perfume-wild\\\/\"]}]},{\"@type\":\"ImageObject\",\"inLanguage\":\"pt-PT\",\"@id\":\"https:\\\/\\\/elixscent.com\\\/product\\\/bonde-paper-car-perfume-wild\\\/#primaryimage\",\"url\":\"https:\\\/\\\/elixscent.com\\\/wp-content\\\/uploads\\\/WEBP_BONDE_wild_courage_1.0-scaled.webp\",\"contentUrl\":\"https:\\\/\\\/elixscent.com\\\/wp-content\\\/uploads\\\/WEBP_BONDE_wild_courage_1.0-scaled.webp\",\"width\":2560,\"height\":2560,\"caption\":\"BONDE Wild Courage luxury paper air freshener \u2013 fresh aromatic woody amber inspired\"},{\"@type\":\"BreadcrumbList\",\"@id\":\"https:\\\/\\\/elixscent.com\\\/product\\\/bonde-paper-car-perfume-wild\\\/#breadcrumb\",\"itemListElement\":[{\"@type\":\"ListItem\",\"position\":1,\"name\":\"Home\",\"item\":\"https:\\\/\\\/elixscent.com\\\/\"},{\"@type\":\"ListItem\",\"position\":2,\"name\":\"Products\",\"item\":\"https:\\\/\\\/elixscent.com\\\/product\\\/\"},{\"@type\":\"ListItem\",\"position\":3,\"name\":\"Perfumery-Inspired\",\"item\":\"https:\\\/\\\/elixscent.com\\\/product-category\\\/perfumery_inspired\\\/\"},{\"@type\":\"ListItem\",\"position\":4,\"name\":\"BOND\u00c9 Paper Car Perfume\",\"item\":\"https:\\\/\\\/elixscent.com\\\/product-category\\\/bonde\\\/\"},{\"@type\":\"ListItem\",\"position\":5,\"name\":\"BOND\u00c9 Paper Car Perfume Wild courage\"}]},{\"@type\":\"WebSite\",\"@id\":\"https:\\\/\\\/elixscent.com\\\/#website\",\"url\":\"https:\\\/\\\/elixscent.com\\\/\",\"name\":\"ELiX EU air fresheners\",\"description\":\"Air &amp; Fabric, Perfectly Fresh\",\"publisher\":{\"@id\":\"https:\\\/\\\/elixscent.com\\\/#organization\"},\"potentialAction\":[{\"@type\":\"SearchAction\",\"target\":{\"@type\":\"EntryPoint\",\"urlTemplate\":\"https:\\\/\\\/elixscent.com\\\/?s={search_term_string}\"},\"query-input\":{\"@type\":\"PropertyValueSpecification\",\"valueRequired\":true,\"valueName\":\"search_term_string\"}}],\"inLanguage\":\"pt-PT\"},{\"@type\":\"Organization\",\"@id\":\"https:\\\/\\\/elixscent.com\\\/#organization\",\"name\":\"ELIX air freshener manufacturer\",\"url\":\"https:\\\/\\\/elixscent.com\\\/\",\"logo\":{\"@type\":\"ImageObject\",\"inLanguage\":\"pt-PT\",\"@id\":\"https:\\\/\\\/elixscent.com\\\/#\\\/schema\\\/logo\\\/image\\\/\",\"url\":\"https:\\\/\\\/elixscent.com\\\/wp-content\\\/uploads\\\/elix_logo_1.0-_300.jpg\",\"contentUrl\":\"https:\\\/\\\/elixscent.com\\\/wp-content\\\/uploads\\\/elix_logo_1.0-_300.jpg\",\"width\":300,\"height\":257,\"caption\":\"ELIX air freshener manufacturer\"},\"image\":{\"@id\":\"https:\\\/\\\/elixscent.com\\\/#\\\/schema\\\/logo\\\/image\\\/\"},\"sameAs\":[\"https:\\\/\\\/www.linkedin.com\\\/company\\\/30084929\"]}]}<\/script>\n<!-- \/ Yoast SEO Premium plugin. -->","yoast_head_json":{"title":"BONDE Wild Courage \u2013 Luxury Paper Air Freshener","description":"BONDE Wild Courage: a luxury paper air freshener inspired by Sauvage Dior. Crisp fresh notes, aromatic spice and woody amber for a premium signature.","robots":{"index":"index","follow":"follow","max-snippet":"max-snippet:-1","max-image-preview":"max-image-preview:large","max-video-preview":"max-video-preview:-1"},"canonical":"https:\/\/elixscent.com\/pt\/produto\/bonde-paper-car-perfume-wild\/","og_locale":"pt_PT","og_type":"article","og_title":"BOND\u00c9 Paper Car Perfume Wild courage","og_description":"BONDE Wild Courage: a luxury paper air freshener inspired by Sauvage Dior. Crisp fresh notes, aromatic spice and woody amber for a premium signature.","og_url":"https:\/\/elixscent.com\/pt\/produto\/bonde-paper-car-perfume-wild\/","og_site_name":"ELiX EU air fresheners","article_modified_time":"2026-01-20T13:41:47+00:00","og_image":[{"width":2560,"height":2560,"url":"https:\/\/elixscent.com\/wp-content\/uploads\/WEBP_BONDE_wild_courage_1.0-scaled.webp","type":"image\/webp"}],"twitter_card":"summary_large_image","twitter_misc":{"Tempo estimado de leitura":"1 minuto"},"schema":{"@context":"https:\/\/schema.org","@graph":[{"@type":"WebPage","@id":"https:\/\/elixscent.com\/product\/bonde-paper-car-perfume-wild\/","url":"https:\/\/elixscent.com\/product\/bonde-paper-car-perfume-wild\/","name":"BONDE Wild Courage \u2013 Luxury Paper Air Freshener","isPartOf":{"@id":"https:\/\/elixscent.com\/#website"},"primaryImageOfPage":{"@id":"https:\/\/elixscent.com\/product\/bonde-paper-car-perfume-wild\/#primaryimage"},"image":{"@id":"https:\/\/elixscent.com\/product\/bonde-paper-car-perfume-wild\/#primaryimage"},"thumbnailUrl":"https:\/\/elixscent.com\/wp-content\/uploads\/WEBP_BONDE_wild_courage_1.0-scaled.webp","datePublished":"2025-06-10T11:52:19+00:00","dateModified":"2026-01-20T13:41:47+00:00","description":"BONDE Wild Courage: a luxury paper air freshener inspired by Sauvage Dior. Crisp fresh notes, aromatic spice and woody amber for a premium signature.","breadcrumb":{"@id":"https:\/\/elixscent.com\/product\/bonde-paper-car-perfume-wild\/#breadcrumb"},"inLanguage":"pt-PT","potentialAction":[{"@type":"ReadAction","target":["https:\/\/elixscent.com\/product\/bonde-paper-car-perfume-wild\/"]}]},{"@type":"ImageObject","inLanguage":"pt-PT","@id":"https:\/\/elixscent.com\/product\/bonde-paper-car-perfume-wild\/#primaryimage","url":"https:\/\/elixscent.com\/wp-content\/uploads\/WEBP_BONDE_wild_courage_1.0-scaled.webp","contentUrl":"https:\/\/elixscent.com\/wp-content\/uploads\/WEBP_BONDE_wild_courage_1.0-scaled.webp","width":2560,"height":2560,"caption":"BONDE Wild Courage luxury paper air freshener \u2013 fresh aromatic woody amber inspired"},{"@type":"BreadcrumbList","@id":"https:\/\/elixscent.com\/product\/bonde-paper-car-perfume-wild\/#breadcrumb","itemListElement":[{"@type":"ListItem","position":1,"name":"Home","item":"https:\/\/elixscent.com\/"},{"@type":"ListItem","position":2,"name":"Products","item":"https:\/\/elixscent.com\/product\/"},{"@type":"ListItem","position":3,"name":"Perfumery-Inspired","item":"https:\/\/elixscent.com\/product-category\/perfumery_inspired\/"},{"@type":"ListItem","position":4,"name":"BOND\u00c9 Paper Car Perfume","item":"https:\/\/elixscent.com\/product-category\/bonde\/"},{"@type":"ListItem","position":5,"name":"BOND\u00c9 Paper Car Perfume Wild courage"}]},{"@type":"WebSite","@id":"https:\/\/elixscent.com\/#website","url":"https:\/\/elixscent.com\/","name":"Ambientadores ELiX EU","description":"Ar e tecido, perfeitamente frescos","publisher":{"@id":"https:\/\/elixscent.com\/#organization"},"potentialAction":[{"@type":"SearchAction","target":{"@type":"EntryPoint","urlTemplate":"https:\/\/elixscent.com\/?s={search_term_string}"},"query-input":{"@type":"PropertyValueSpecification","valueRequired":true,"valueName":"search_term_string"}}],"inLanguage":"pt-PT"},{"@type":"Organization","@id":"https:\/\/elixscent.com\/#organization","name":"Fabricante de purificadores de ar ELIX","url":"https:\/\/elixscent.com\/","logo":{"@type":"ImageObject","inLanguage":"pt-PT","@id":"https:\/\/elixscent.com\/#\/schema\/logo\/image\/","url":"https:\/\/elixscent.com\/wp-content\/uploads\/elix_logo_1.0-_300.jpg","contentUrl":"https:\/\/elixscent.com\/wp-content\/uploads\/elix_logo_1.0-_300.jpg","width":300,"height":257,"caption":"ELIX air freshener manufacturer"},"image":{"@id":"https:\/\/elixscent.com\/#\/schema\/logo\/image\/"},"sameAs":["https:\/\/www.linkedin.com\/company\/30084929"]}]}},"_links":{"self":[{"href":"https:\/\/elixscent.com\/pt\/wp-json\/wp\/v2\/product\/58019","targetHints":{"allow":["GET"]}}],"collection":[{"href":"https:\/\/elixscent.com\/pt\/wp-json\/wp\/v2\/product"}],"about":[{"href":"https:\/\/elixscent.com\/pt\/wp-json\/wp\/v2\/types\/product"}],"version-history":[{"count":4,"href":"https:\/\/elixscent.com\/pt\/wp-json\/wp\/v2\/product\/58019\/revisions"}],"predecessor-version":[{"id":60331,"href":"https:\/\/elixscent.com\/pt\/wp-json\/wp\/v2\/product\/58019\/revisions\/60331"}],"wp:featuredmedia":[{"embeddable":true,"href":"https:\/\/elixscent.com\/pt\/wp-json\/wp\/v2\/media\/60325"}],"wp:attachment":[{"href":"https:\/\/elixscent.com\/pt\/wp-json\/wp\/v2\/media?parent=58019"}],"curies":[{"name":"wp","href":"https:\/\/api.w.org\/{rel}","templated":true}]}}