{"id":58006,"date":"2025-06-10T11:46:03","date_gmt":"2025-06-10T11:46:03","guid":{"rendered":"https:\/\/elixscent.com\/?post_type=product&#038;p=58006"},"modified":"2026-01-20T13:20:58","modified_gmt":"2026-01-20T13:20:58","slug":"bonde-paper-car-perfume-essenza","status":"publish","type":"product","link":"https:\/\/elixscent.com\/pt\/product\/bonde-paper-car-perfume-essenza\/","title":{"rendered":"BOND\u00c9 Paper Car Perfume Essenza di Yes"},"content":{"rendered":"<h2 data-start=\"0\" data-end=\"62\">Essenza di Yes (inspired by <em data-start=\"39\" data-end=\"43\">S\u00ec<\/em> by Giorgio Armani)<\/h2>\n<p data-start=\"64\" data-end=\"482\"><strong data-start=\"64\" data-end=\"82\">Ess\u00eancia do Sim<\/strong> is an elegant, feminine signature built around a refined fruity-floral heart and a softly addictive, velvety base. It opens with a bright, modern fruit note that feels polished rather than sweet, then blooms into a smooth bouquet with a subtle romantic glow. As it settles, warm vanilla and gentle woods wrap the space in a sophisticated, long-lasting trail, chic, confident and effortlessly \u201cyes\u201d.<\/p>\n<p data-start=\"484\" data-end=\"612\"><em data-start=\"484\" data-end=\"612\">Inspirado na fragr\u00e2ncia listada acima; BONDE n\u00e3o \u00e9 afiliado, endossado ou conectado ao propriet\u00e1rio da respectiva marca.<\/em><\/p>\n<p data-start=\"484\" data-end=\"612\">\n<ul>\n<li data-start=\"1703\" data-end=\"1835\">\n<p data-start=\"1706\" data-end=\"1835\"><strong data-start=\"1706\" data-end=\"1740\">How does Essenza di Yes smell?<\/strong> A polished fruity opening, elegant florals in the heart, and a creamy vanilla-wood dry-down.<\/p>\n<\/li>\n<li data-start=\"1836\" data-end=\"1988\" data-is-last-node=\"\">\n<p data-start=\"1839\" data-end=\"1988\" data-is-last-node=\"\"><strong data-start=\"1839\" data-end=\"1880\">Is it inspired by a designer perfume?<\/strong> Yes \u2014 this BONDE version is inspired by the referenced fragrance for a premium, perfumery-style experience.<\/p>\n<\/li>\n<\/ul>","protected":false},"featured_media":60294,"parent":0,"menu_order":0,"template":"","class_list":["post-58006","product","type-product","status-publish","has-post-thumbnail","hentry","product_category-bonde","product_category-perfumery_inspired"],"acf":[],"yoast_head":"<!-- This site is optimized with the Yoast SEO Premium plugin v27.2 (Yoast SEO v27.4) - https:\/\/yoast.com\/product\/yoast-seo-premium-wordpress\/ -->\n<title>Essenza di Yes BONDE | Luxury Paper Air Freshener<\/title>\n<meta name=\"description\" content=\"BONDE Essenza di Yes: a luxury paper air freshener inspired by S\u00ec Armani. Fruity-floral elegance with creamy vanilla and smooth woods.\" \/>\n<meta name=\"robots\" content=\"index, follow, max-snippet:-1, max-image-preview:large, max-video-preview:-1\" \/>\n<link rel=\"canonical\" href=\"https:\/\/elixscent.com\/pt\/produto\/bonde-paper-car-perfume-essenza\/\" \/>\n<meta property=\"og:locale\" content=\"pt_PT\" \/>\n<meta property=\"og:type\" content=\"article\" \/>\n<meta property=\"og:title\" content=\"BOND\u00c9 Paper Car Perfume Essenza di Yes\" \/>\n<meta property=\"og:description\" content=\"BONDE Essenza di Yes: a luxury paper air freshener inspired by S\u00ec Armani. Fruity-floral elegance with creamy vanilla and smooth woods.\" \/>\n<meta property=\"og:url\" content=\"https:\/\/elixscent.com\/pt\/produto\/bonde-paper-car-perfume-essenza\/\" \/>\n<meta property=\"og:site_name\" content=\"ELiX EU air fresheners\" \/>\n<meta property=\"article:modified_time\" content=\"2026-01-20T13:20:58+00:00\" \/>\n<meta property=\"og:image\" content=\"https:\/\/elixscent.com\/wp-content\/uploads\/WEBP_BONDE_essenza_di_yes_1.0-scaled.webp\" \/>\n\t<meta property=\"og:image:width\" content=\"2560\" \/>\n\t<meta property=\"og:image:height\" content=\"2560\" \/>\n\t<meta property=\"og:image:type\" content=\"image\/webp\" \/>\n<meta name=\"twitter:card\" content=\"summary_large_image\" \/>\n<meta name=\"twitter:label1\" content=\"Tempo estimado de leitura\" \/>\n\t<meta name=\"twitter:data1\" content=\"2 minutos\" \/>\n<script type=\"application\/ld+json\" class=\"yoast-schema-graph\">{\"@context\":\"https:\\\/\\\/schema.org\",\"@graph\":[{\"@type\":\"WebPage\",\"@id\":\"https:\\\/\\\/elixscent.com\\\/product\\\/bonde-paper-car-perfume-essenza\\\/\",\"url\":\"https:\\\/\\\/elixscent.com\\\/product\\\/bonde-paper-car-perfume-essenza\\\/\",\"name\":\"Essenza di Yes BONDE | Luxury Paper Air Freshener\",\"isPartOf\":{\"@id\":\"https:\\\/\\\/elixscent.com\\\/#website\"},\"primaryImageOfPage\":{\"@id\":\"https:\\\/\\\/elixscent.com\\\/product\\\/bonde-paper-car-perfume-essenza\\\/#primaryimage\"},\"image\":{\"@id\":\"https:\\\/\\\/elixscent.com\\\/product\\\/bonde-paper-car-perfume-essenza\\\/#primaryimage\"},\"thumbnailUrl\":\"https:\\\/\\\/elixscent.com\\\/wp-content\\\/uploads\\\/WEBP_BONDE_essenza_di_yes_1.0-scaled.webp\",\"datePublished\":\"2025-06-10T11:46:03+00:00\",\"dateModified\":\"2026-01-20T13:20:58+00:00\",\"description\":\"BONDE Essenza di Yes: a luxury paper air freshener inspired by S\u00ec Armani. Fruity-floral elegance with creamy vanilla and smooth woods.\",\"breadcrumb\":{\"@id\":\"https:\\\/\\\/elixscent.com\\\/product\\\/bonde-paper-car-perfume-essenza\\\/#breadcrumb\"},\"inLanguage\":\"pt-PT\",\"potentialAction\":[{\"@type\":\"ReadAction\",\"target\":[\"https:\\\/\\\/elixscent.com\\\/product\\\/bonde-paper-car-perfume-essenza\\\/\"]}]},{\"@type\":\"ImageObject\",\"inLanguage\":\"pt-PT\",\"@id\":\"https:\\\/\\\/elixscent.com\\\/product\\\/bonde-paper-car-perfume-essenza\\\/#primaryimage\",\"url\":\"https:\\\/\\\/elixscent.com\\\/wp-content\\\/uploads\\\/WEBP_BONDE_essenza_di_yes_1.0-scaled.webp\",\"contentUrl\":\"https:\\\/\\\/elixscent.com\\\/wp-content\\\/uploads\\\/WEBP_BONDE_essenza_di_yes_1.0-scaled.webp\",\"width\":2560,\"height\":2560,\"caption\":\"BONDE Essenza di Yes luxury paper air freshener \u2013 fruity floral vanilla woods inspired scent\"},{\"@type\":\"BreadcrumbList\",\"@id\":\"https:\\\/\\\/elixscent.com\\\/product\\\/bonde-paper-car-perfume-essenza\\\/#breadcrumb\",\"itemListElement\":[{\"@type\":\"ListItem\",\"position\":1,\"name\":\"Home\",\"item\":\"https:\\\/\\\/elixscent.com\\\/\"},{\"@type\":\"ListItem\",\"position\":2,\"name\":\"Products\",\"item\":\"https:\\\/\\\/elixscent.com\\\/product\\\/\"},{\"@type\":\"ListItem\",\"position\":3,\"name\":\"Perfumery-Inspired\",\"item\":\"https:\\\/\\\/elixscent.com\\\/product-category\\\/perfumery_inspired\\\/\"},{\"@type\":\"ListItem\",\"position\":4,\"name\":\"BOND\u00c9 Paper Car Perfume\",\"item\":\"https:\\\/\\\/elixscent.com\\\/product-category\\\/bonde\\\/\"},{\"@type\":\"ListItem\",\"position\":5,\"name\":\"BOND\u00c9 Paper Car Perfume Essenza di Yes\"}]},{\"@type\":\"WebSite\",\"@id\":\"https:\\\/\\\/elixscent.com\\\/#website\",\"url\":\"https:\\\/\\\/elixscent.com\\\/\",\"name\":\"ELiX EU air fresheners\",\"description\":\"Air &amp; Fabric, Perfectly Fresh\",\"publisher\":{\"@id\":\"https:\\\/\\\/elixscent.com\\\/#organization\"},\"potentialAction\":[{\"@type\":\"SearchAction\",\"target\":{\"@type\":\"EntryPoint\",\"urlTemplate\":\"https:\\\/\\\/elixscent.com\\\/?s={search_term_string}\"},\"query-input\":{\"@type\":\"PropertyValueSpecification\",\"valueRequired\":true,\"valueName\":\"search_term_string\"}}],\"inLanguage\":\"pt-PT\"},{\"@type\":\"Organization\",\"@id\":\"https:\\\/\\\/elixscent.com\\\/#organization\",\"name\":\"ELIX air freshener manufacturer\",\"url\":\"https:\\\/\\\/elixscent.com\\\/\",\"logo\":{\"@type\":\"ImageObject\",\"inLanguage\":\"pt-PT\",\"@id\":\"https:\\\/\\\/elixscent.com\\\/#\\\/schema\\\/logo\\\/image\\\/\",\"url\":\"https:\\\/\\\/elixscent.com\\\/wp-content\\\/uploads\\\/elix_logo_1.0-_300.jpg\",\"contentUrl\":\"https:\\\/\\\/elixscent.com\\\/wp-content\\\/uploads\\\/elix_logo_1.0-_300.jpg\",\"width\":300,\"height\":257,\"caption\":\"ELIX air freshener manufacturer\"},\"image\":{\"@id\":\"https:\\\/\\\/elixscent.com\\\/#\\\/schema\\\/logo\\\/image\\\/\"},\"sameAs\":[\"https:\\\/\\\/www.linkedin.com\\\/company\\\/30084929\"]}]}<\/script>\n<!-- \/ Yoast SEO Premium plugin. -->","yoast_head_json":{"title":"Essenza di Yes BONDE | Luxury Paper Air Freshener","description":"BONDE Essenza di Yes: a luxury paper air freshener inspired by S\u00ec Armani. Fruity-floral elegance with creamy vanilla and smooth woods.","robots":{"index":"index","follow":"follow","max-snippet":"max-snippet:-1","max-image-preview":"max-image-preview:large","max-video-preview":"max-video-preview:-1"},"canonical":"https:\/\/elixscent.com\/pt\/produto\/bonde-paper-car-perfume-essenza\/","og_locale":"pt_PT","og_type":"article","og_title":"BOND\u00c9 Paper Car Perfume Essenza di Yes","og_description":"BONDE Essenza di Yes: a luxury paper air freshener inspired by S\u00ec Armani. Fruity-floral elegance with creamy vanilla and smooth woods.","og_url":"https:\/\/elixscent.com\/pt\/produto\/bonde-paper-car-perfume-essenza\/","og_site_name":"ELiX EU air fresheners","article_modified_time":"2026-01-20T13:20:58+00:00","og_image":[{"width":2560,"height":2560,"url":"https:\/\/elixscent.com\/wp-content\/uploads\/WEBP_BONDE_essenza_di_yes_1.0-scaled.webp","type":"image\/webp"}],"twitter_card":"summary_large_image","twitter_misc":{"Tempo estimado de leitura":"2 minutos"},"schema":{"@context":"https:\/\/schema.org","@graph":[{"@type":"WebPage","@id":"https:\/\/elixscent.com\/product\/bonde-paper-car-perfume-essenza\/","url":"https:\/\/elixscent.com\/product\/bonde-paper-car-perfume-essenza\/","name":"Essenza di Yes BONDE | Luxury Paper Air Freshener","isPartOf":{"@id":"https:\/\/elixscent.com\/#website"},"primaryImageOfPage":{"@id":"https:\/\/elixscent.com\/product\/bonde-paper-car-perfume-essenza\/#primaryimage"},"image":{"@id":"https:\/\/elixscent.com\/product\/bonde-paper-car-perfume-essenza\/#primaryimage"},"thumbnailUrl":"https:\/\/elixscent.com\/wp-content\/uploads\/WEBP_BONDE_essenza_di_yes_1.0-scaled.webp","datePublished":"2025-06-10T11:46:03+00:00","dateModified":"2026-01-20T13:20:58+00:00","description":"BONDE Essenza di Yes: a luxury paper air freshener inspired by S\u00ec Armani. Fruity-floral elegance with creamy vanilla and smooth woods.","breadcrumb":{"@id":"https:\/\/elixscent.com\/product\/bonde-paper-car-perfume-essenza\/#breadcrumb"},"inLanguage":"pt-PT","potentialAction":[{"@type":"ReadAction","target":["https:\/\/elixscent.com\/product\/bonde-paper-car-perfume-essenza\/"]}]},{"@type":"ImageObject","inLanguage":"pt-PT","@id":"https:\/\/elixscent.com\/product\/bonde-paper-car-perfume-essenza\/#primaryimage","url":"https:\/\/elixscent.com\/wp-content\/uploads\/WEBP_BONDE_essenza_di_yes_1.0-scaled.webp","contentUrl":"https:\/\/elixscent.com\/wp-content\/uploads\/WEBP_BONDE_essenza_di_yes_1.0-scaled.webp","width":2560,"height":2560,"caption":"BONDE Essenza di Yes luxury paper air freshener \u2013 fruity floral vanilla woods inspired scent"},{"@type":"BreadcrumbList","@id":"https:\/\/elixscent.com\/product\/bonde-paper-car-perfume-essenza\/#breadcrumb","itemListElement":[{"@type":"ListItem","position":1,"name":"Home","item":"https:\/\/elixscent.com\/"},{"@type":"ListItem","position":2,"name":"Products","item":"https:\/\/elixscent.com\/product\/"},{"@type":"ListItem","position":3,"name":"Perfumery-Inspired","item":"https:\/\/elixscent.com\/product-category\/perfumery_inspired\/"},{"@type":"ListItem","position":4,"name":"BOND\u00c9 Paper Car Perfume","item":"https:\/\/elixscent.com\/product-category\/bonde\/"},{"@type":"ListItem","position":5,"name":"BOND\u00c9 Paper Car Perfume Essenza di Yes"}]},{"@type":"WebSite","@id":"https:\/\/elixscent.com\/#website","url":"https:\/\/elixscent.com\/","name":"Ambientadores ELiX EU","description":"Ar e tecido, perfeitamente frescos","publisher":{"@id":"https:\/\/elixscent.com\/#organization"},"potentialAction":[{"@type":"SearchAction","target":{"@type":"EntryPoint","urlTemplate":"https:\/\/elixscent.com\/?s={search_term_string}"},"query-input":{"@type":"PropertyValueSpecification","valueRequired":true,"valueName":"search_term_string"}}],"inLanguage":"pt-PT"},{"@type":"Organization","@id":"https:\/\/elixscent.com\/#organization","name":"Fabricante de purificadores de ar ELIX","url":"https:\/\/elixscent.com\/","logo":{"@type":"ImageObject","inLanguage":"pt-PT","@id":"https:\/\/elixscent.com\/#\/schema\/logo\/image\/","url":"https:\/\/elixscent.com\/wp-content\/uploads\/elix_logo_1.0-_300.jpg","contentUrl":"https:\/\/elixscent.com\/wp-content\/uploads\/elix_logo_1.0-_300.jpg","width":300,"height":257,"caption":"ELIX air freshener manufacturer"},"image":{"@id":"https:\/\/elixscent.com\/#\/schema\/logo\/image\/"},"sameAs":["https:\/\/www.linkedin.com\/company\/30084929"]}]}},"_links":{"self":[{"href":"https:\/\/elixscent.com\/pt\/wp-json\/wp\/v2\/product\/58006","targetHints":{"allow":["GET"]}}],"collection":[{"href":"https:\/\/elixscent.com\/pt\/wp-json\/wp\/v2\/product"}],"about":[{"href":"https:\/\/elixscent.com\/pt\/wp-json\/wp\/v2\/types\/product"}],"version-history":[{"count":5,"href":"https:\/\/elixscent.com\/pt\/wp-json\/wp\/v2\/product\/58006\/revisions"}],"predecessor-version":[{"id":60296,"href":"https:\/\/elixscent.com\/pt\/wp-json\/wp\/v2\/product\/58006\/revisions\/60296"}],"wp:featuredmedia":[{"embeddable":true,"href":"https:\/\/elixscent.com\/pt\/wp-json\/wp\/v2\/media\/60294"}],"wp:attachment":[{"href":"https:\/\/elixscent.com\/pt\/wp-json\/wp\/v2\/media?parent=58006"}],"curies":[{"name":"wp","href":"https:\/\/api.w.org\/{rel}","templated":true}]}}