{"id":56895,"date":"2025-03-26T14:38:23","date_gmt":"2025-03-26T14:38:23","guid":{"rendered":"https:\/\/elixscent.com\/?post_type=product&#038;p=56895"},"modified":"2025-08-01T07:55:26","modified_gmt":"2025-08-01T07:55:26","slug":"intensificador-de-cheiro-de-roupa-lavella","status":"publish","type":"product","link":"https:\/\/elixscent.com\/pt\/product\/laundry-scent-booster-lavella\/","title":{"rendered":"Intensificador de perfume para a roupa Lavella"},"content":{"rendered":"<p data-start=\"75\" data-end=\"470\">Envolva-se no abra\u00e7o reconfortante de <strong data-start=\"118\" data-end=\"138\">Amarella Lavella<\/strong>, uma fragr\u00e2ncia concebida para trazer tranquilidade, calor e pura serenidade \u00e0 sua roupa. Inspirado em momentos de relaxamento e cuidados pessoais, este intensificador de aromas transforma cada lavagem numa experi\u00eancia sensorial calmante. Imagine a sensa\u00e7\u00e3o de roupa acabada de lavar, infundida com um aroma delicado e calmante que perdura como um abra\u00e7o suave.<\/p>\n<h3 data-start=\"472\" data-end=\"510\"><strong data-start=\"476\" data-end=\"508\">Perfil de fragr\u00e2ncia - Lavella:<\/strong><\/h3>\n<ul data-start=\"511\" data-end=\"828\">\n<li data-start=\"511\" data-end=\"616\">\n<p data-start=\"513\" data-end=\"616\"><strong data-start=\"513\" data-end=\"527\">Notas de topo:<\/strong> Um sussurro suave de lavanda fresca e p\u00e9talas orvalhadas, evocando uma sensa\u00e7\u00e3o de conforto pac\u00edfico.<\/p>\n<\/li>\n<li data-start=\"617\" data-end=\"719\">\n<p data-start=\"619\" data-end=\"719\"><strong data-start=\"619\" data-end=\"635\">Notas de cora\u00e7\u00e3o:<\/strong> Uma mistura delicada de flores brancas e baunilha cremosa, acrescentando calor e eleg\u00e2ncia.<\/p>\n<\/li>\n<li data-start=\"720\" data-end=\"828\">\n<p data-start=\"722\" data-end=\"828\"><strong data-start=\"722\" data-end=\"737\">Notas de base:<\/strong> Um acabamento suave e almiscarado com um toque de madeiras suaves, criando um casulo duradouro de serenidade.<\/p>\n<\/li>\n<\/ul>\n<h3 data-start=\"830\" data-end=\"868\"><strong data-start=\"834\" data-end=\"866\">Porqu\u00ea escolher Amarella Lavella?<\/strong><\/h3>\n<p data-start=\"869\" data-end=\"1464\">\u2714 <strong data-start=\"871\" data-end=\"891\">Sem micropl\u00e1sticos<\/strong> - Sem microc\u00e1psulas de fragr\u00e2ncia, que s\u00e3o classificadas como micropl\u00e1sticos ao abrigo dos regulamentos da UE.<br data-start=\"988\" data-end=\"991\" \/>\u2714 <strong data-start=\"993\" data-end=\"1025\">Um aroma que faz lembrar a nossa casa<\/strong> - Concebida para evocar calor, aconchego e momentos de puro relaxamento.<br data-start=\"1095\" data-end=\"1098\" \/>\u2714 <strong data-start=\"1100\" data-end=\"1126\">Frescura de longa dura\u00e7\u00e3o<\/strong> - Infunde profundamente os tecidos com uma fragr\u00e2ncia reconfortante e suave que permanece durante semanas.<br data-start=\"1207\" data-end=\"1210\" \/>\u2714 <strong data-start=\"1212\" data-end=\"1247\">Seguro para todos os tecidos e m\u00e1quinas<\/strong> - Funciona perfeitamente com todos os tipos de roupa e m\u00e1quinas de lavar, incluindo os modelos HE.<br data-start=\"1331\" data-end=\"1334\" \/>\u2714 <strong data-start=\"1336\" data-end=\"1361\">Indulg\u00eancia sem esfor\u00e7o<\/strong> - Basta adicionar as p\u00e9rolas ao tambor de lavagem e deixar que o aroma calmante eleve a sua experi\u00eancia de lavagem da roupa.<\/p>\n<p data-start=\"1466\" data-end=\"1604\">Deixar <strong data-start=\"1470\" data-end=\"1490\">Amarella Lavella<\/strong> transforme a sua roupa num ritual de relaxamento - onde a suavidade, o calor e a serenidade se juntam em cada lavagem.<\/p>","protected":false},"featured_media":56896,"parent":0,"menu_order":0,"template":"","class_list":["post-56895","product","type-product","status-publish","has-post-thumbnail","hentry","product_category-amarella_2","product_category-laundry_scent_booster"],"acf":[],"yoast_head":"<!-- This site is optimized with the Yoast SEO Premium plugin v27.2 (Yoast SEO v27.4) - https:\/\/yoast.com\/product\/yoast-seo-premium-wordpress\/ -->\n<title>Laundry Scent Booster for a Long-Lasting Aroma<\/title>\n<meta name=\"description\" content=\"Amarella Laundry Scent Booster Beads \u2013 370g (24 Doses). Key Features: Advanced Fragrance Technology \u2013 Ensures deep fabric penetration for an enduring scent experience. No Microcapsules \u2013 Microplastic-Free\" \/>\n<meta name=\"robots\" content=\"index, follow, max-snippet:-1, max-image-preview:large, max-video-preview:-1\" \/>\n<link rel=\"canonical\" href=\"https:\/\/elixscent.com\/pt\/produto\/intensificador-de-cheiro-de-roupa-lavella\/\" \/>\n<meta property=\"og:locale\" content=\"pt_PT\" \/>\n<meta property=\"og:type\" content=\"article\" \/>\n<meta property=\"og:title\" content=\"Laundry Scent Booster Lavella\" \/>\n<meta property=\"og:description\" content=\"Amarella Laundry Scent Booster Beads \u2013 370g (24 Doses). Key Features: Advanced Fragrance Technology \u2013 Ensures deep fabric penetration for an enduring scent experience. No Microcapsules \u2013 Microplastic-Free\" \/>\n<meta property=\"og:url\" content=\"https:\/\/elixscent.com\/pt\/produto\/intensificador-de-cheiro-de-roupa-lavella\/\" \/>\n<meta property=\"og:site_name\" content=\"ELiX EU air fresheners\" \/>\n<meta property=\"article:modified_time\" content=\"2025-08-01T07:55:26+00:00\" \/>\n<meta property=\"og:image\" content=\"https:\/\/elixscent.com\/wp-content\/uploads\/WEBP_Perfume_Beeds_lavella_1.1.webp\" \/>\n\t<meta property=\"og:image:width\" content=\"210\" \/>\n\t<meta property=\"og:image:height\" content=\"655\" \/>\n\t<meta property=\"og:image:type\" content=\"image\/webp\" \/>\n<meta name=\"twitter:card\" content=\"summary_large_image\" \/>\n<meta name=\"twitter:label1\" content=\"Tempo estimado de leitura\" \/>\n\t<meta name=\"twitter:data1\" content=\"2 minutos\" \/>\n<script type=\"application\/ld+json\" class=\"yoast-schema-graph\">{\"@context\":\"https:\\\/\\\/schema.org\",\"@graph\":[{\"@type\":\"WebPage\",\"@id\":\"https:\\\/\\\/elixscent.com\\\/product\\\/laundry-scent-booster-lavella\\\/\",\"url\":\"https:\\\/\\\/elixscent.com\\\/product\\\/laundry-scent-booster-lavella\\\/\",\"name\":\"Laundry Scent Booster for a Long-Lasting Aroma\",\"isPartOf\":{\"@id\":\"https:\\\/\\\/elixscent.com\\\/#website\"},\"primaryImageOfPage\":{\"@id\":\"https:\\\/\\\/elixscent.com\\\/product\\\/laundry-scent-booster-lavella\\\/#primaryimage\"},\"image\":{\"@id\":\"https:\\\/\\\/elixscent.com\\\/product\\\/laundry-scent-booster-lavella\\\/#primaryimage\"},\"thumbnailUrl\":\"https:\\\/\\\/elixscent.com\\\/wp-content\\\/uploads\\\/WEBP_Perfume_Beeds_lavella_1.1.webp\",\"datePublished\":\"2025-03-26T14:38:23+00:00\",\"dateModified\":\"2025-08-01T07:55:26+00:00\",\"description\":\"Amarella Laundry Scent Booster Beads \u2013 370g (24 Doses). Key Features: Advanced Fragrance Technology \u2013 Ensures deep fabric penetration for an enduring scent experience. No Microcapsules \u2013 Microplastic-Free\",\"breadcrumb\":{\"@id\":\"https:\\\/\\\/elixscent.com\\\/product\\\/laundry-scent-booster-lavella\\\/#breadcrumb\"},\"inLanguage\":\"pt-PT\",\"potentialAction\":[{\"@type\":\"ReadAction\",\"target\":[\"https:\\\/\\\/elixscent.com\\\/product\\\/laundry-scent-booster-lavella\\\/\"]}]},{\"@type\":\"ImageObject\",\"inLanguage\":\"pt-PT\",\"@id\":\"https:\\\/\\\/elixscent.com\\\/product\\\/laundry-scent-booster-lavella\\\/#primaryimage\",\"url\":\"https:\\\/\\\/elixscent.com\\\/wp-content\\\/uploads\\\/WEBP_Perfume_Beeds_lavella_1.1.webp\",\"contentUrl\":\"https:\\\/\\\/elixscent.com\\\/wp-content\\\/uploads\\\/WEBP_Perfume_Beeds_lavella_1.1.webp\",\"width\":210,\"height\":655,\"caption\":\"WEBP Perfume Beeds lavella 1.1\"},{\"@type\":\"BreadcrumbList\",\"@id\":\"https:\\\/\\\/elixscent.com\\\/product\\\/laundry-scent-booster-lavella\\\/#breadcrumb\",\"itemListElement\":[{\"@type\":\"ListItem\",\"position\":1,\"name\":\"Home\",\"item\":\"https:\\\/\\\/elixscent.com\\\/\"},{\"@type\":\"ListItem\",\"position\":2,\"name\":\"Products\",\"item\":\"https:\\\/\\\/elixscent.com\\\/product\\\/\"},{\"@type\":\"ListItem\",\"position\":3,\"name\":\"AMARELLA scented laundry\",\"item\":\"https:\\\/\\\/elixscent.com\\\/product-category\\\/amarella_2\\\/\"},{\"@type\":\"ListItem\",\"position\":4,\"name\":\"In-Wash Scent Booster Beads\",\"item\":\"https:\\\/\\\/elixscent.com\\\/product-category\\\/laundry_scent_booster\\\/\"},{\"@type\":\"ListItem\",\"position\":5,\"name\":\"Laundry Scent Booster Lavella\"}]},{\"@type\":\"WebSite\",\"@id\":\"https:\\\/\\\/elixscent.com\\\/#website\",\"url\":\"https:\\\/\\\/elixscent.com\\\/\",\"name\":\"ELiX EU air fresheners\",\"description\":\"Air &amp; Fabric, Perfectly Fresh\",\"publisher\":{\"@id\":\"https:\\\/\\\/elixscent.com\\\/#organization\"},\"potentialAction\":[{\"@type\":\"SearchAction\",\"target\":{\"@type\":\"EntryPoint\",\"urlTemplate\":\"https:\\\/\\\/elixscent.com\\\/?s={search_term_string}\"},\"query-input\":{\"@type\":\"PropertyValueSpecification\",\"valueRequired\":true,\"valueName\":\"search_term_string\"}}],\"inLanguage\":\"pt-PT\"},{\"@type\":\"Organization\",\"@id\":\"https:\\\/\\\/elixscent.com\\\/#organization\",\"name\":\"ELIX air freshener manufacturer\",\"url\":\"https:\\\/\\\/elixscent.com\\\/\",\"logo\":{\"@type\":\"ImageObject\",\"inLanguage\":\"pt-PT\",\"@id\":\"https:\\\/\\\/elixscent.com\\\/#\\\/schema\\\/logo\\\/image\\\/\",\"url\":\"https:\\\/\\\/elixscent.com\\\/wp-content\\\/uploads\\\/elix_logo_1.0-_300.jpg\",\"contentUrl\":\"https:\\\/\\\/elixscent.com\\\/wp-content\\\/uploads\\\/elix_logo_1.0-_300.jpg\",\"width\":300,\"height\":257,\"caption\":\"ELIX air freshener manufacturer\"},\"image\":{\"@id\":\"https:\\\/\\\/elixscent.com\\\/#\\\/schema\\\/logo\\\/image\\\/\"},\"sameAs\":[\"https:\\\/\\\/www.linkedin.com\\\/company\\\/30084929\"]}]}<\/script>\n<!-- \/ Yoast SEO Premium plugin. -->","yoast_head_json":{"title":"Intensificador de aroma de roupa para um aroma duradouro","description":"P\u00e9rolas Intensificadoras de Perfume Amarella - 370g (24 Doses). Carater\u00edsticas principais: Tecnologia de Fragr\u00e2ncia Avan\u00e7ada - Assegura uma penetra\u00e7\u00e3o profunda no tecido para uma experi\u00eancia de perfume duradoura. Sem Microc\u00e1psulas - Sem Micropl\u00e1sticos","robots":{"index":"index","follow":"follow","max-snippet":"max-snippet:-1","max-image-preview":"max-image-preview:large","max-video-preview":"max-video-preview:-1"},"canonical":"https:\/\/elixscent.com\/pt\/produto\/intensificador-de-cheiro-de-roupa-lavella\/","og_locale":"pt_PT","og_type":"article","og_title":"Laundry Scent Booster Lavella","og_description":"Amarella Laundry Scent Booster Beads \u2013 370g (24 Doses). Key Features: Advanced Fragrance Technology \u2013 Ensures deep fabric penetration for an enduring scent experience. No Microcapsules \u2013 Microplastic-Free","og_url":"https:\/\/elixscent.com\/pt\/produto\/intensificador-de-cheiro-de-roupa-lavella\/","og_site_name":"ELiX EU air fresheners","article_modified_time":"2025-08-01T07:55:26+00:00","og_image":[{"width":210,"height":655,"url":"https:\/\/elixscent.com\/wp-content\/uploads\/WEBP_Perfume_Beeds_lavella_1.1.webp","type":"image\/webp"}],"twitter_card":"summary_large_image","twitter_misc":{"Tempo estimado de leitura":"2 minutos"},"schema":{"@context":"https:\/\/schema.org","@graph":[{"@type":"WebPage","@id":"https:\/\/elixscent.com\/product\/laundry-scent-booster-lavella\/","url":"https:\/\/elixscent.com\/product\/laundry-scent-booster-lavella\/","name":"Intensificador de aroma de roupa para um aroma duradouro","isPartOf":{"@id":"https:\/\/elixscent.com\/#website"},"primaryImageOfPage":{"@id":"https:\/\/elixscent.com\/product\/laundry-scent-booster-lavella\/#primaryimage"},"image":{"@id":"https:\/\/elixscent.com\/product\/laundry-scent-booster-lavella\/#primaryimage"},"thumbnailUrl":"https:\/\/elixscent.com\/wp-content\/uploads\/WEBP_Perfume_Beeds_lavella_1.1.webp","datePublished":"2025-03-26T14:38:23+00:00","dateModified":"2025-08-01T07:55:26+00:00","description":"P\u00e9rolas Intensificadoras de Perfume Amarella - 370g (24 Doses). Carater\u00edsticas principais: Tecnologia de Fragr\u00e2ncia Avan\u00e7ada - Assegura uma penetra\u00e7\u00e3o profunda no tecido para uma experi\u00eancia de perfume duradoura. Sem Microc\u00e1psulas - Sem Micropl\u00e1sticos","breadcrumb":{"@id":"https:\/\/elixscent.com\/product\/laundry-scent-booster-lavella\/#breadcrumb"},"inLanguage":"pt-PT","potentialAction":[{"@type":"ReadAction","target":["https:\/\/elixscent.com\/product\/laundry-scent-booster-lavella\/"]}]},{"@type":"ImageObject","inLanguage":"pt-PT","@id":"https:\/\/elixscent.com\/product\/laundry-scent-booster-lavella\/#primaryimage","url":"https:\/\/elixscent.com\/wp-content\/uploads\/WEBP_Perfume_Beeds_lavella_1.1.webp","contentUrl":"https:\/\/elixscent.com\/wp-content\/uploads\/WEBP_Perfume_Beeds_lavella_1.1.webp","width":210,"height":655,"caption":"WEBP Perfume Beeds lavella 1.1"},{"@type":"BreadcrumbList","@id":"https:\/\/elixscent.com\/product\/laundry-scent-booster-lavella\/#breadcrumb","itemListElement":[{"@type":"ListItem","position":1,"name":"Home","item":"https:\/\/elixscent.com\/"},{"@type":"ListItem","position":2,"name":"Products","item":"https:\/\/elixscent.com\/product\/"},{"@type":"ListItem","position":3,"name":"AMARELLA scented laundry","item":"https:\/\/elixscent.com\/product-category\/amarella_2\/"},{"@type":"ListItem","position":4,"name":"In-Wash Scent Booster Beads","item":"https:\/\/elixscent.com\/product-category\/laundry_scent_booster\/"},{"@type":"ListItem","position":5,"name":"Laundry Scent Booster Lavella"}]},{"@type":"WebSite","@id":"https:\/\/elixscent.com\/#website","url":"https:\/\/elixscent.com\/","name":"Ambientadores ELiX EU","description":"Ar e tecido, perfeitamente frescos","publisher":{"@id":"https:\/\/elixscent.com\/#organization"},"potentialAction":[{"@type":"SearchAction","target":{"@type":"EntryPoint","urlTemplate":"https:\/\/elixscent.com\/?s={search_term_string}"},"query-input":{"@type":"PropertyValueSpecification","valueRequired":true,"valueName":"search_term_string"}}],"inLanguage":"pt-PT"},{"@type":"Organization","@id":"https:\/\/elixscent.com\/#organization","name":"Fabricante de purificadores de ar ELIX","url":"https:\/\/elixscent.com\/","logo":{"@type":"ImageObject","inLanguage":"pt-PT","@id":"https:\/\/elixscent.com\/#\/schema\/logo\/image\/","url":"https:\/\/elixscent.com\/wp-content\/uploads\/elix_logo_1.0-_300.jpg","contentUrl":"https:\/\/elixscent.com\/wp-content\/uploads\/elix_logo_1.0-_300.jpg","width":300,"height":257,"caption":"ELIX air freshener manufacturer"},"image":{"@id":"https:\/\/elixscent.com\/#\/schema\/logo\/image\/"},"sameAs":["https:\/\/www.linkedin.com\/company\/30084929"]}]}},"_links":{"self":[{"href":"https:\/\/elixscent.com\/pt\/wp-json\/wp\/v2\/product\/56895","targetHints":{"allow":["GET"]}}],"collection":[{"href":"https:\/\/elixscent.com\/pt\/wp-json\/wp\/v2\/product"}],"about":[{"href":"https:\/\/elixscent.com\/pt\/wp-json\/wp\/v2\/types\/product"}],"version-history":[{"count":3,"href":"https:\/\/elixscent.com\/pt\/wp-json\/wp\/v2\/product\/56895\/revisions"}],"predecessor-version":[{"id":58695,"href":"https:\/\/elixscent.com\/pt\/wp-json\/wp\/v2\/product\/56895\/revisions\/58695"}],"wp:featuredmedia":[{"embeddable":true,"href":"https:\/\/elixscent.com\/pt\/wp-json\/wp\/v2\/media\/56896"}],"wp:attachment":[{"href":"https:\/\/elixscent.com\/pt\/wp-json\/wp\/v2\/media?parent=56895"}],"curies":[{"name":"wp","href":"https:\/\/api.w.org\/{rel}","templated":true}]}}