{"id":56890,"date":"2025-03-26T14:35:29","date_gmt":"2025-03-26T14:35:29","guid":{"rendered":"https:\/\/elixscent.com\/?post_type=product&#038;p=56890"},"modified":"2025-08-01T07:56:20","modified_gmt":"2025-08-01T07:56:20","slug":"intensificador-de-cheiro-de-roupa-frutique","status":"publish","type":"product","link":"https:\/\/elixscent.com\/pt\/product\/laundry-scent-booster-frutique\/","title":{"rendered":"Intensificador de aroma para a roupa FrutiQue"},"content":{"rendered":"<p data-start=\"76\" data-end=\"404\">Liberte uma explos\u00e3o de frescura frutada com <strong data-start=\"117\" data-end=\"138\">Amarella FrutiQue<\/strong> - uma fragr\u00e2ncia divertida mas sofisticada que mistura notas de fruta vibrantes com um calor suave e persistente. Perfeito para quem gosta de um aroma en\u00e9rgico e alegre, este intensificador de perfume infunde a sua roupa com um aroma irresistivelmente fresco e sumarento que dura semanas.<\/p>\n<h3 data-start=\"406\" data-end=\"445\"><strong data-start=\"410\" data-end=\"443\">Perfil da fragr\u00e2ncia - FrutiQue:<\/strong><\/h3>\n<ul data-start=\"446\" data-end=\"807\">\n<li data-start=\"446\" data-end=\"583\">\n<p data-start=\"448\" data-end=\"583\"><strong data-start=\"448\" data-end=\"462\">Notas de topo:<\/strong> Uma mistura viva de frutos silvestres maduros, citrinos suculentos e ma\u00e7\u00e3 verde crocante, proporcionando uma primeira impress\u00e3o revigorante.<\/p>\n<\/li>\n<li data-start=\"584\" data-end=\"695\">\n<p data-start=\"586\" data-end=\"695\"><strong data-start=\"586\" data-end=\"602\">Notas de cora\u00e7\u00e3o:<\/strong> Uma fus\u00e3o deliciosa de frutas ex\u00f3ticas e toques florais delicados, acrescentando profundidade e vibra\u00e7\u00e3o.<\/p>\n<\/li>\n<li data-start=\"696\" data-end=\"807\">\n<p data-start=\"698\" data-end=\"807\"><strong data-start=\"698\" data-end=\"713\">Notas de base:<\/strong> Uma mistura reconfortante de alm\u00edscar suave e do\u00e7ura subtil, que garante um acabamento suave e duradouro.<\/p>\n<\/li>\n<\/ul>\n<h3 data-start=\"809\" data-end=\"848\"><strong data-start=\"813\" data-end=\"846\">Porqu\u00ea escolher a Amarella FrutiQue?<\/strong><\/h3>\n<p data-start=\"849\" data-end=\"1331\">\u2714 <strong data-start=\"851\" data-end=\"871\">Sem micropl\u00e1sticos<\/strong> - Sem microc\u00e1psulas de fragr\u00e2ncia, que s\u00e3o classificadas como micropl\u00e1sticos ao abrigo dos regulamentos da UE.<br data-start=\"968\" data-end=\"971\" \/>\u2714 <strong data-start=\"973\" data-end=\"1006\">Frescura frutada de longa dura\u00e7\u00e3o<\/strong> - Infunde profundamente os tecidos com um aroma energizante e alegre que se mant\u00e9m durante semanas.<br data-start=\"1088\" data-end=\"1091\" \/>\u2714 <strong data-start=\"1093\" data-end=\"1128\">Seguro para todos os tecidos e m\u00e1quinas<\/strong> - Funciona perfeitamente com todos os tipos de roupa e m\u00e1quinas de lavar, incluindo os modelos HE.<br data-start=\"1213\" data-end=\"1216\" \/>\u2714 <strong data-start=\"1218\" data-end=\"1236\">Utiliza\u00e7\u00e3o sem esfor\u00e7o<\/strong> - Basta adicionar as p\u00e9rolas ao seu tambor de lavagem e desfrutar de uma explos\u00e3o de prazeres frutados em cada lavagem.<\/p>\n<p data-start=\"1333\" data-end=\"1449\">Refresque a sua rotina de lavandaria com <strong data-start=\"1367\" data-end=\"1388\">Amarella FrutiQue<\/strong> - o equil\u00edbrio perfeito entre uma energia sumarenta e uma frescura duradoura.<\/p>","protected":false},"featured_media":56891,"parent":0,"menu_order":0,"template":"","class_list":["post-56890","product","type-product","status-publish","has-post-thumbnail","hentry","product_category-amarella_2","product_category-laundry_scent_booster"],"acf":[],"yoast_head":"<!-- This site is optimized with the Yoast SEO Premium plugin v27.2 (Yoast SEO v27.4) - https:\/\/yoast.com\/product\/yoast-seo-premium-wordpress\/ -->\n<title>Laundry Scent Booster for a Long-Lasting Aroma<\/title>\n<meta name=\"description\" content=\"Amarella Laundry Scent Booster Beads \u2013 370g (24 Doses). Key Features: Advanced Fragrance Technology \u2013 Ensures deep fabric penetration for an enduring scent experience. No Microcapsules \u2013 Microplastic-Free\" \/>\n<meta name=\"robots\" content=\"index, follow, max-snippet:-1, max-image-preview:large, max-video-preview:-1\" \/>\n<link rel=\"canonical\" href=\"https:\/\/elixscent.com\/pt\/produto\/intensificador-de-cheiro-de-roupa-frutique\/\" \/>\n<meta property=\"og:locale\" content=\"pt_PT\" \/>\n<meta property=\"og:type\" content=\"article\" \/>\n<meta property=\"og:title\" content=\"Laundry Scent Booster FrutiQue\" \/>\n<meta property=\"og:description\" content=\"Amarella Laundry Scent Booster Beads \u2013 370g (24 Doses). Key Features: Advanced Fragrance Technology \u2013 Ensures deep fabric penetration for an enduring scent experience. No Microcapsules \u2013 Microplastic-Free\" \/>\n<meta property=\"og:url\" content=\"https:\/\/elixscent.com\/pt\/produto\/intensificador-de-cheiro-de-roupa-frutique\/\" \/>\n<meta property=\"og:site_name\" content=\"ELiX EU air fresheners\" \/>\n<meta property=\"article:modified_time\" content=\"2025-08-01T07:56:20+00:00\" \/>\n<meta property=\"og:image\" content=\"https:\/\/elixscent.com\/wp-content\/uploads\/WEBP_Perfume_Beeds_frutique_1.1.webp\" \/>\n\t<meta property=\"og:image:width\" content=\"210\" \/>\n\t<meta property=\"og:image:height\" content=\"655\" \/>\n\t<meta property=\"og:image:type\" content=\"image\/webp\" \/>\n<meta name=\"twitter:card\" content=\"summary_large_image\" \/>\n<meta name=\"twitter:label1\" content=\"Tempo estimado de leitura\" \/>\n\t<meta name=\"twitter:data1\" content=\"2 minutos\" \/>\n<script type=\"application\/ld+json\" class=\"yoast-schema-graph\">{\"@context\":\"https:\\\/\\\/schema.org\",\"@graph\":[{\"@type\":\"WebPage\",\"@id\":\"https:\\\/\\\/elixscent.com\\\/product\\\/laundry-scent-booster-frutique\\\/\",\"url\":\"https:\\\/\\\/elixscent.com\\\/product\\\/laundry-scent-booster-frutique\\\/\",\"name\":\"Laundry Scent Booster for a Long-Lasting Aroma\",\"isPartOf\":{\"@id\":\"https:\\\/\\\/elixscent.com\\\/#website\"},\"primaryImageOfPage\":{\"@id\":\"https:\\\/\\\/elixscent.com\\\/product\\\/laundry-scent-booster-frutique\\\/#primaryimage\"},\"image\":{\"@id\":\"https:\\\/\\\/elixscent.com\\\/product\\\/laundry-scent-booster-frutique\\\/#primaryimage\"},\"thumbnailUrl\":\"https:\\\/\\\/elixscent.com\\\/wp-content\\\/uploads\\\/WEBP_Perfume_Beeds_frutique_1.1.webp\",\"datePublished\":\"2025-03-26T14:35:29+00:00\",\"dateModified\":\"2025-08-01T07:56:20+00:00\",\"description\":\"Amarella Laundry Scent Booster Beads \u2013 370g (24 Doses). Key Features: Advanced Fragrance Technology \u2013 Ensures deep fabric penetration for an enduring scent experience. No Microcapsules \u2013 Microplastic-Free\",\"breadcrumb\":{\"@id\":\"https:\\\/\\\/elixscent.com\\\/product\\\/laundry-scent-booster-frutique\\\/#breadcrumb\"},\"inLanguage\":\"pt-PT\",\"potentialAction\":[{\"@type\":\"ReadAction\",\"target\":[\"https:\\\/\\\/elixscent.com\\\/product\\\/laundry-scent-booster-frutique\\\/\"]}]},{\"@type\":\"ImageObject\",\"inLanguage\":\"pt-PT\",\"@id\":\"https:\\\/\\\/elixscent.com\\\/product\\\/laundry-scent-booster-frutique\\\/#primaryimage\",\"url\":\"https:\\\/\\\/elixscent.com\\\/wp-content\\\/uploads\\\/WEBP_Perfume_Beeds_frutique_1.1.webp\",\"contentUrl\":\"https:\\\/\\\/elixscent.com\\\/wp-content\\\/uploads\\\/WEBP_Perfume_Beeds_frutique_1.1.webp\",\"width\":210,\"height\":655,\"caption\":\"WEBP Perfume Beeds frutique 1.1\"},{\"@type\":\"BreadcrumbList\",\"@id\":\"https:\\\/\\\/elixscent.com\\\/product\\\/laundry-scent-booster-frutique\\\/#breadcrumb\",\"itemListElement\":[{\"@type\":\"ListItem\",\"position\":1,\"name\":\"Home\",\"item\":\"https:\\\/\\\/elixscent.com\\\/\"},{\"@type\":\"ListItem\",\"position\":2,\"name\":\"Products\",\"item\":\"https:\\\/\\\/elixscent.com\\\/product\\\/\"},{\"@type\":\"ListItem\",\"position\":3,\"name\":\"AMARELLA scented laundry\",\"item\":\"https:\\\/\\\/elixscent.com\\\/product-category\\\/amarella_2\\\/\"},{\"@type\":\"ListItem\",\"position\":4,\"name\":\"In-Wash Scent Booster Beads\",\"item\":\"https:\\\/\\\/elixscent.com\\\/product-category\\\/laundry_scent_booster\\\/\"},{\"@type\":\"ListItem\",\"position\":5,\"name\":\"Laundry Scent Booster FrutiQue\"}]},{\"@type\":\"WebSite\",\"@id\":\"https:\\\/\\\/elixscent.com\\\/#website\",\"url\":\"https:\\\/\\\/elixscent.com\\\/\",\"name\":\"ELiX EU air fresheners\",\"description\":\"Air &amp; Fabric, Perfectly Fresh\",\"publisher\":{\"@id\":\"https:\\\/\\\/elixscent.com\\\/#organization\"},\"potentialAction\":[{\"@type\":\"SearchAction\",\"target\":{\"@type\":\"EntryPoint\",\"urlTemplate\":\"https:\\\/\\\/elixscent.com\\\/?s={search_term_string}\"},\"query-input\":{\"@type\":\"PropertyValueSpecification\",\"valueRequired\":true,\"valueName\":\"search_term_string\"}}],\"inLanguage\":\"pt-PT\"},{\"@type\":\"Organization\",\"@id\":\"https:\\\/\\\/elixscent.com\\\/#organization\",\"name\":\"ELIX air freshener manufacturer\",\"url\":\"https:\\\/\\\/elixscent.com\\\/\",\"logo\":{\"@type\":\"ImageObject\",\"inLanguage\":\"pt-PT\",\"@id\":\"https:\\\/\\\/elixscent.com\\\/#\\\/schema\\\/logo\\\/image\\\/\",\"url\":\"https:\\\/\\\/elixscent.com\\\/wp-content\\\/uploads\\\/elix_logo_1.0-_300.jpg\",\"contentUrl\":\"https:\\\/\\\/elixscent.com\\\/wp-content\\\/uploads\\\/elix_logo_1.0-_300.jpg\",\"width\":300,\"height\":257,\"caption\":\"ELIX air freshener manufacturer\"},\"image\":{\"@id\":\"https:\\\/\\\/elixscent.com\\\/#\\\/schema\\\/logo\\\/image\\\/\"},\"sameAs\":[\"https:\\\/\\\/www.linkedin.com\\\/company\\\/30084929\"]}]}<\/script>\n<!-- \/ Yoast SEO Premium plugin. -->","yoast_head_json":{"title":"Intensificador de aroma de roupa para um aroma duradouro","description":"P\u00e9rolas Intensificadoras de Perfume Amarella - 370g (24 Doses). Carater\u00edsticas principais: Tecnologia de Fragr\u00e2ncia Avan\u00e7ada - Assegura uma penetra\u00e7\u00e3o profunda no tecido para uma experi\u00eancia de perfume duradoura. Sem Microc\u00e1psulas - Sem Micropl\u00e1sticos","robots":{"index":"index","follow":"follow","max-snippet":"max-snippet:-1","max-image-preview":"max-image-preview:large","max-video-preview":"max-video-preview:-1"},"canonical":"https:\/\/elixscent.com\/pt\/produto\/intensificador-de-cheiro-de-roupa-frutique\/","og_locale":"pt_PT","og_type":"article","og_title":"Laundry Scent Booster FrutiQue","og_description":"Amarella Laundry Scent Booster Beads \u2013 370g (24 Doses). Key Features: Advanced Fragrance Technology \u2013 Ensures deep fabric penetration for an enduring scent experience. No Microcapsules \u2013 Microplastic-Free","og_url":"https:\/\/elixscent.com\/pt\/produto\/intensificador-de-cheiro-de-roupa-frutique\/","og_site_name":"ELiX EU air fresheners","article_modified_time":"2025-08-01T07:56:20+00:00","og_image":[{"width":210,"height":655,"url":"https:\/\/elixscent.com\/wp-content\/uploads\/WEBP_Perfume_Beeds_frutique_1.1.webp","type":"image\/webp"}],"twitter_card":"summary_large_image","twitter_misc":{"Tempo estimado de leitura":"2 minutos"},"schema":{"@context":"https:\/\/schema.org","@graph":[{"@type":"WebPage","@id":"https:\/\/elixscent.com\/product\/laundry-scent-booster-frutique\/","url":"https:\/\/elixscent.com\/product\/laundry-scent-booster-frutique\/","name":"Intensificador de aroma de roupa para um aroma duradouro","isPartOf":{"@id":"https:\/\/elixscent.com\/#website"},"primaryImageOfPage":{"@id":"https:\/\/elixscent.com\/product\/laundry-scent-booster-frutique\/#primaryimage"},"image":{"@id":"https:\/\/elixscent.com\/product\/laundry-scent-booster-frutique\/#primaryimage"},"thumbnailUrl":"https:\/\/elixscent.com\/wp-content\/uploads\/WEBP_Perfume_Beeds_frutique_1.1.webp","datePublished":"2025-03-26T14:35:29+00:00","dateModified":"2025-08-01T07:56:20+00:00","description":"P\u00e9rolas Intensificadoras de Perfume Amarella - 370g (24 Doses). Carater\u00edsticas principais: Tecnologia de Fragr\u00e2ncia Avan\u00e7ada - Assegura uma penetra\u00e7\u00e3o profunda no tecido para uma experi\u00eancia de perfume duradoura. Sem Microc\u00e1psulas - Sem Micropl\u00e1sticos","breadcrumb":{"@id":"https:\/\/elixscent.com\/product\/laundry-scent-booster-frutique\/#breadcrumb"},"inLanguage":"pt-PT","potentialAction":[{"@type":"ReadAction","target":["https:\/\/elixscent.com\/product\/laundry-scent-booster-frutique\/"]}]},{"@type":"ImageObject","inLanguage":"pt-PT","@id":"https:\/\/elixscent.com\/product\/laundry-scent-booster-frutique\/#primaryimage","url":"https:\/\/elixscent.com\/wp-content\/uploads\/WEBP_Perfume_Beeds_frutique_1.1.webp","contentUrl":"https:\/\/elixscent.com\/wp-content\/uploads\/WEBP_Perfume_Beeds_frutique_1.1.webp","width":210,"height":655,"caption":"WEBP Perfume Beeds frutique 1.1"},{"@type":"BreadcrumbList","@id":"https:\/\/elixscent.com\/product\/laundry-scent-booster-frutique\/#breadcrumb","itemListElement":[{"@type":"ListItem","position":1,"name":"Home","item":"https:\/\/elixscent.com\/"},{"@type":"ListItem","position":2,"name":"Products","item":"https:\/\/elixscent.com\/product\/"},{"@type":"ListItem","position":3,"name":"AMARELLA scented laundry","item":"https:\/\/elixscent.com\/product-category\/amarella_2\/"},{"@type":"ListItem","position":4,"name":"In-Wash Scent Booster Beads","item":"https:\/\/elixscent.com\/product-category\/laundry_scent_booster\/"},{"@type":"ListItem","position":5,"name":"Laundry Scent Booster FrutiQue"}]},{"@type":"WebSite","@id":"https:\/\/elixscent.com\/#website","url":"https:\/\/elixscent.com\/","name":"Ambientadores ELiX EU","description":"Ar e tecido, perfeitamente frescos","publisher":{"@id":"https:\/\/elixscent.com\/#organization"},"potentialAction":[{"@type":"SearchAction","target":{"@type":"EntryPoint","urlTemplate":"https:\/\/elixscent.com\/?s={search_term_string}"},"query-input":{"@type":"PropertyValueSpecification","valueRequired":true,"valueName":"search_term_string"}}],"inLanguage":"pt-PT"},{"@type":"Organization","@id":"https:\/\/elixscent.com\/#organization","name":"Fabricante de purificadores de ar ELIX","url":"https:\/\/elixscent.com\/","logo":{"@type":"ImageObject","inLanguage":"pt-PT","@id":"https:\/\/elixscent.com\/#\/schema\/logo\/image\/","url":"https:\/\/elixscent.com\/wp-content\/uploads\/elix_logo_1.0-_300.jpg","contentUrl":"https:\/\/elixscent.com\/wp-content\/uploads\/elix_logo_1.0-_300.jpg","width":300,"height":257,"caption":"ELIX air freshener manufacturer"},"image":{"@id":"https:\/\/elixscent.com\/#\/schema\/logo\/image\/"},"sameAs":["https:\/\/www.linkedin.com\/company\/30084929"]}]}},"_links":{"self":[{"href":"https:\/\/elixscent.com\/pt\/wp-json\/wp\/v2\/product\/56890","targetHints":{"allow":["GET"]}}],"collection":[{"href":"https:\/\/elixscent.com\/pt\/wp-json\/wp\/v2\/product"}],"about":[{"href":"https:\/\/elixscent.com\/pt\/wp-json\/wp\/v2\/types\/product"}],"version-history":[{"count":4,"href":"https:\/\/elixscent.com\/pt\/wp-json\/wp\/v2\/product\/56890\/revisions"}],"predecessor-version":[{"id":58697,"href":"https:\/\/elixscent.com\/pt\/wp-json\/wp\/v2\/product\/56890\/revisions\/58697"}],"wp:featuredmedia":[{"embeddable":true,"href":"https:\/\/elixscent.com\/pt\/wp-json\/wp\/v2\/media\/56891"}],"wp:attachment":[{"href":"https:\/\/elixscent.com\/pt\/wp-json\/wp\/v2\/media?parent=56890"}],"curies":[{"name":"wp","href":"https:\/\/api.w.org\/{rel}","templated":true}]}}