{"id":56713,"date":"2025-03-06T13:23:25","date_gmt":"2025-03-06T13:23:25","guid":{"rendered":"https:\/\/elixscent.com\/?post_type=product&#038;p=56713"},"modified":"2025-06-16T12:53:14","modified_gmt":"2025-06-16T12:53:14","slug":"eliminador-de-odores-saqueta-frutos-vermelhos","status":"publish","type":"product","link":"https:\/\/elixscent.com\/pt\/product\/odor-eliminator-sachet-red-fruits\/","title":{"rendered":"Sach\u00ea Eliminador de Odores Frutas Vermelhas"},"content":{"rendered":"<p><em>Cocktail frutado com morangos doces e ponche de framboesa.<\/em><\/p>\n<p>A saqueta de elimina\u00e7\u00e3o de odores \u00e9 a salva\u00e7\u00e3o!<\/p>\n<p>Elimina os odores desagrad\u00e1veis dos sapatos, do saco do gin\u00e1sio, da roupa suja e de qualquer outro local <span class=\"HwtZe\" lang=\"en\"><span class=\"jCAhz ChMk0b C1N51c\"><span class=\"ryNqvb\">deixando-o com o agrad\u00e1vel aroma da nossa saqueta<\/span><\/span><\/span> durante 45 dias.<\/p>\n<p>Como utilizar? Retirar a saqueta do saco de alum\u00ednio e saborear.<\/p>\n<p><strong>N\u00c3O RASGAR<\/strong> a saqueta.<\/p>","protected":false},"featured_media":56714,"parent":0,"menu_order":0,"template":"","class_list":["post-56713","product","type-product","status-publish","has-post-thumbnail","hentry","product_category-sachet-odor-eliminator"],"acf":[],"yoast_head":"<!-- This site is optimized with the Yoast SEO Premium plugin v27.2 (Yoast SEO v27.4) - https:\/\/yoast.com\/product\/yoast-seo-premium-wordpress\/ -->\n<title>Odor Eliminator Sachet Red Fruits | ELiX Scent<\/title>\n<meta name=\"description\" content=\"Fresh red fruit scent sachet with eco-friendly gel technology. Eliminates odors in shoes, bags, and laundry for up to 45 days.\" \/>\n<meta name=\"robots\" content=\"index, follow, max-snippet:-1, max-image-preview:large, max-video-preview:-1\" \/>\n<link rel=\"canonical\" href=\"https:\/\/elixscent.com\/pt\/produto\/eliminador-de-odores-saqueta-frutos-vermelhos\/\" \/>\n<meta property=\"og:locale\" content=\"pt_PT\" \/>\n<meta property=\"og:type\" content=\"article\" \/>\n<meta property=\"og:title\" content=\"Odor Eliminator Sachet Red Fruits\" \/>\n<meta property=\"og:description\" content=\"Fresh red fruit scent sachet with eco-friendly gel technology. Eliminates odors in shoes, bags, and laundry for up to 45 days.\" \/>\n<meta property=\"og:url\" content=\"https:\/\/elixscent.com\/pt\/produto\/eliminador-de-odores-saqueta-frutos-vermelhos\/\" \/>\n<meta property=\"og:site_name\" content=\"ELiX EU air fresheners\" \/>\n<meta property=\"article:modified_time\" content=\"2025-06-16T12:53:14+00:00\" \/>\n<meta property=\"og:image\" content=\"https:\/\/elixscent.com\/wp-content\/uploads\/OE_headder_redfruits_3.2.png\" \/>\n\t<meta property=\"og:image:width\" content=\"300\" \/>\n\t<meta property=\"og:image:height\" content=\"718\" \/>\n\t<meta property=\"og:image:type\" content=\"image\/png\" \/>\n<meta name=\"twitter:card\" content=\"summary_large_image\" \/>\n<meta name=\"twitter:label1\" content=\"Tempo estimado de leitura\" \/>\n\t<meta name=\"twitter:data1\" content=\"1 minuto\" \/>\n<script type=\"application\/ld+json\" class=\"yoast-schema-graph\">{\"@context\":\"https:\\\/\\\/schema.org\",\"@graph\":[{\"@type\":\"WebPage\",\"@id\":\"https:\\\/\\\/elixscent.com\\\/product\\\/odor-eliminator-sachet-red-fruits\\\/\",\"url\":\"https:\\\/\\\/elixscent.com\\\/product\\\/odor-eliminator-sachet-red-fruits\\\/\",\"name\":\"Odor Eliminator Sachet Red Fruits | ELiX Scent\",\"isPartOf\":{\"@id\":\"https:\\\/\\\/elixscent.com\\\/#website\"},\"primaryImageOfPage\":{\"@id\":\"https:\\\/\\\/elixscent.com\\\/product\\\/odor-eliminator-sachet-red-fruits\\\/#primaryimage\"},\"image\":{\"@id\":\"https:\\\/\\\/elixscent.com\\\/product\\\/odor-eliminator-sachet-red-fruits\\\/#primaryimage\"},\"thumbnailUrl\":\"https:\\\/\\\/elixscent.com\\\/wp-content\\\/uploads\\\/OE_headder_redfruits_3.2.png\",\"datePublished\":\"2025-03-06T13:23:25+00:00\",\"dateModified\":\"2025-06-16T12:53:14+00:00\",\"description\":\"Fresh red fruit scent sachet with eco-friendly gel technology. Eliminates odors in shoes, bags, and laundry for up to 45 days.\",\"breadcrumb\":{\"@id\":\"https:\\\/\\\/elixscent.com\\\/product\\\/odor-eliminator-sachet-red-fruits\\\/#breadcrumb\"},\"inLanguage\":\"pt-PT\",\"potentialAction\":[{\"@type\":\"ReadAction\",\"target\":[\"https:\\\/\\\/elixscent.com\\\/product\\\/odor-eliminator-sachet-red-fruits\\\/\"]}]},{\"@type\":\"ImageObject\",\"inLanguage\":\"pt-PT\",\"@id\":\"https:\\\/\\\/elixscent.com\\\/product\\\/odor-eliminator-sachet-red-fruits\\\/#primaryimage\",\"url\":\"https:\\\/\\\/elixscent.com\\\/wp-content\\\/uploads\\\/OE_headder_redfruits_3.2.png\",\"contentUrl\":\"https:\\\/\\\/elixscent.com\\\/wp-content\\\/uploads\\\/OE_headder_redfruits_3.2.png\",\"width\":300,\"height\":718,\"caption\":\"OE headder redfruits 3.2\"},{\"@type\":\"BreadcrumbList\",\"@id\":\"https:\\\/\\\/elixscent.com\\\/product\\\/odor-eliminator-sachet-red-fruits\\\/#breadcrumb\",\"itemListElement\":[{\"@type\":\"ListItem\",\"position\":1,\"name\":\"Home\",\"item\":\"https:\\\/\\\/elixscent.com\\\/\"},{\"@type\":\"ListItem\",\"position\":2,\"name\":\"Products\",\"item\":\"https:\\\/\\\/elixscent.com\\\/product\\\/\"},{\"@type\":\"ListItem\",\"position\":3,\"name\":\"ODOR NEUTRALIZERS\",\"item\":\"https:\\\/\\\/elixscent.com\\\/product-category\\\/odor-neutralizers\\\/\"},{\"@type\":\"ListItem\",\"position\":4,\"name\":\"Odor Eliminator GEL Sachet\",\"item\":\"https:\\\/\\\/elixscent.com\\\/product-category\\\/sachet-odor-eliminator\\\/\"},{\"@type\":\"ListItem\",\"position\":5,\"name\":\"Odor Eliminator Sachet Red Fruits\"}]},{\"@type\":\"WebSite\",\"@id\":\"https:\\\/\\\/elixscent.com\\\/#website\",\"url\":\"https:\\\/\\\/elixscent.com\\\/\",\"name\":\"ELiX EU air fresheners\",\"description\":\"Air &amp; Fabric, Perfectly Fresh\",\"publisher\":{\"@id\":\"https:\\\/\\\/elixscent.com\\\/#organization\"},\"potentialAction\":[{\"@type\":\"SearchAction\",\"target\":{\"@type\":\"EntryPoint\",\"urlTemplate\":\"https:\\\/\\\/elixscent.com\\\/?s={search_term_string}\"},\"query-input\":{\"@type\":\"PropertyValueSpecification\",\"valueRequired\":true,\"valueName\":\"search_term_string\"}}],\"inLanguage\":\"pt-PT\"},{\"@type\":\"Organization\",\"@id\":\"https:\\\/\\\/elixscent.com\\\/#organization\",\"name\":\"ELIX air freshener manufacturer\",\"url\":\"https:\\\/\\\/elixscent.com\\\/\",\"logo\":{\"@type\":\"ImageObject\",\"inLanguage\":\"pt-PT\",\"@id\":\"https:\\\/\\\/elixscent.com\\\/#\\\/schema\\\/logo\\\/image\\\/\",\"url\":\"https:\\\/\\\/elixscent.com\\\/wp-content\\\/uploads\\\/elix_logo_1.0-_300.jpg\",\"contentUrl\":\"https:\\\/\\\/elixscent.com\\\/wp-content\\\/uploads\\\/elix_logo_1.0-_300.jpg\",\"width\":300,\"height\":257,\"caption\":\"ELIX air freshener manufacturer\"},\"image\":{\"@id\":\"https:\\\/\\\/elixscent.com\\\/#\\\/schema\\\/logo\\\/image\\\/\"},\"sameAs\":[\"https:\\\/\\\/www.linkedin.com\\\/company\\\/30084929\"]}]}<\/script>\n<!-- \/ Yoast SEO Premium plugin. -->","yoast_head_json":{"title":"Sach\u00ea Eliminador de Odores Frutas Vermelhas | ELiX Scent","description":"Saqueta de aroma a frutos vermelhos frescos com tecnologia de gel ecol\u00f3gica. Elimina os odores dos sapatos, malas e roupa suja durante 45 dias.","robots":{"index":"index","follow":"follow","max-snippet":"max-snippet:-1","max-image-preview":"max-image-preview:large","max-video-preview":"max-video-preview:-1"},"canonical":"https:\/\/elixscent.com\/pt\/produto\/eliminador-de-odores-saqueta-frutos-vermelhos\/","og_locale":"pt_PT","og_type":"article","og_title":"Odor Eliminator Sachet Red Fruits","og_description":"Fresh red fruit scent sachet with eco-friendly gel technology. Eliminates odors in shoes, bags, and laundry for up to 45 days.","og_url":"https:\/\/elixscent.com\/pt\/produto\/eliminador-de-odores-saqueta-frutos-vermelhos\/","og_site_name":"ELiX EU air fresheners","article_modified_time":"2025-06-16T12:53:14+00:00","og_image":[{"width":300,"height":718,"url":"https:\/\/elixscent.com\/wp-content\/uploads\/OE_headder_redfruits_3.2.png","type":"image\/png"}],"twitter_card":"summary_large_image","twitter_misc":{"Tempo estimado de leitura":"1 minuto"},"schema":{"@context":"https:\/\/schema.org","@graph":[{"@type":"WebPage","@id":"https:\/\/elixscent.com\/product\/odor-eliminator-sachet-red-fruits\/","url":"https:\/\/elixscent.com\/product\/odor-eliminator-sachet-red-fruits\/","name":"Sach\u00ea Eliminador de Odores Frutas Vermelhas | ELiX Scent","isPartOf":{"@id":"https:\/\/elixscent.com\/#website"},"primaryImageOfPage":{"@id":"https:\/\/elixscent.com\/product\/odor-eliminator-sachet-red-fruits\/#primaryimage"},"image":{"@id":"https:\/\/elixscent.com\/product\/odor-eliminator-sachet-red-fruits\/#primaryimage"},"thumbnailUrl":"https:\/\/elixscent.com\/wp-content\/uploads\/OE_headder_redfruits_3.2.png","datePublished":"2025-03-06T13:23:25+00:00","dateModified":"2025-06-16T12:53:14+00:00","description":"Saqueta de aroma a frutos vermelhos frescos com tecnologia de gel ecol\u00f3gica. Elimina os odores dos sapatos, malas e roupa suja durante 45 dias.","breadcrumb":{"@id":"https:\/\/elixscent.com\/product\/odor-eliminator-sachet-red-fruits\/#breadcrumb"},"inLanguage":"pt-PT","potentialAction":[{"@type":"ReadAction","target":["https:\/\/elixscent.com\/product\/odor-eliminator-sachet-red-fruits\/"]}]},{"@type":"ImageObject","inLanguage":"pt-PT","@id":"https:\/\/elixscent.com\/product\/odor-eliminator-sachet-red-fruits\/#primaryimage","url":"https:\/\/elixscent.com\/wp-content\/uploads\/OE_headder_redfruits_3.2.png","contentUrl":"https:\/\/elixscent.com\/wp-content\/uploads\/OE_headder_redfruits_3.2.png","width":300,"height":718,"caption":"OE headder redfruits 3.2"},{"@type":"BreadcrumbList","@id":"https:\/\/elixscent.com\/product\/odor-eliminator-sachet-red-fruits\/#breadcrumb","itemListElement":[{"@type":"ListItem","position":1,"name":"Home","item":"https:\/\/elixscent.com\/"},{"@type":"ListItem","position":2,"name":"Products","item":"https:\/\/elixscent.com\/product\/"},{"@type":"ListItem","position":3,"name":"ODOR NEUTRALIZERS","item":"https:\/\/elixscent.com\/product-category\/odor-neutralizers\/"},{"@type":"ListItem","position":4,"name":"Odor Eliminator GEL Sachet","item":"https:\/\/elixscent.com\/product-category\/sachet-odor-eliminator\/"},{"@type":"ListItem","position":5,"name":"Odor Eliminator Sachet Red Fruits"}]},{"@type":"WebSite","@id":"https:\/\/elixscent.com\/#website","url":"https:\/\/elixscent.com\/","name":"Ambientadores ELiX EU","description":"Ar e tecido, perfeitamente frescos","publisher":{"@id":"https:\/\/elixscent.com\/#organization"},"potentialAction":[{"@type":"SearchAction","target":{"@type":"EntryPoint","urlTemplate":"https:\/\/elixscent.com\/?s={search_term_string}"},"query-input":{"@type":"PropertyValueSpecification","valueRequired":true,"valueName":"search_term_string"}}],"inLanguage":"pt-PT"},{"@type":"Organization","@id":"https:\/\/elixscent.com\/#organization","name":"Fabricante de purificadores de ar ELIX","url":"https:\/\/elixscent.com\/","logo":{"@type":"ImageObject","inLanguage":"pt-PT","@id":"https:\/\/elixscent.com\/#\/schema\/logo\/image\/","url":"https:\/\/elixscent.com\/wp-content\/uploads\/elix_logo_1.0-_300.jpg","contentUrl":"https:\/\/elixscent.com\/wp-content\/uploads\/elix_logo_1.0-_300.jpg","width":300,"height":257,"caption":"ELIX air freshener manufacturer"},"image":{"@id":"https:\/\/elixscent.com\/#\/schema\/logo\/image\/"},"sameAs":["https:\/\/www.linkedin.com\/company\/30084929"]}]}},"_links":{"self":[{"href":"https:\/\/elixscent.com\/pt\/wp-json\/wp\/v2\/product\/56713","targetHints":{"allow":["GET"]}}],"collection":[{"href":"https:\/\/elixscent.com\/pt\/wp-json\/wp\/v2\/product"}],"about":[{"href":"https:\/\/elixscent.com\/pt\/wp-json\/wp\/v2\/types\/product"}],"version-history":[{"count":4,"href":"https:\/\/elixscent.com\/pt\/wp-json\/wp\/v2\/product\/56713\/revisions"}],"predecessor-version":[{"id":57126,"href":"https:\/\/elixscent.com\/pt\/wp-json\/wp\/v2\/product\/56713\/revisions\/57126"}],"wp:featuredmedia":[{"embeddable":true,"href":"https:\/\/elixscent.com\/pt\/wp-json\/wp\/v2\/media\/56714"}],"wp:attachment":[{"href":"https:\/\/elixscent.com\/pt\/wp-json\/wp\/v2\/media?parent=56713"}],"curies":[{"name":"wp","href":"https:\/\/api.w.org\/{rel}","templated":true}]}}