{"id":54833,"date":"2024-12-05T10:57:49","date_gmt":"2024-12-05T10:57:49","guid":{"rendered":"https:\/\/elixscent.com\/?post_type=product&#038;p=54833"},"modified":"2025-12-04T07:23:51","modified_gmt":"2025-12-04T07:23:51","slug":"amarella-250-floralis","status":"publish","type":"product","link":"https:\/\/elixscent.com\/pt\/product\/amarella-250-floralis\/","title":{"rendered":"AMARELLA 250 Floralis"},"content":{"rendered":"<p>Descubra Floralis - delicado e perfumado com um toque floral.<\/p>\n<p><strong>M\u00e1ximo poder de fragr\u00e2ncia - Agora numa f\u00f3rmula mais concentrada!<\/strong><\/p>\n<p><strong>AMARELLA 250 ml<\/strong> \u00e9 um perfume para roupa de qualidade superior que proporciona um aroma intenso e duradouro e uma efic\u00e1cia excecional. Gra\u00e7as \u00e0 sua f\u00f3rmula concentrada, um frasco \u00e9 suficiente para mais de 50 lavagens.<\/p>\n<ul>\n<li><strong>Frescura que perdura<\/strong><br \/>\nA partir do momento em que tira a roupa da m\u00e1quina de lavar, vai notar a fragr\u00e2ncia \u00fanica. Permanece no ar enquanto a roupa seca e, depois de seca, tem um cheiro t\u00e3o maravilhoso como no in\u00edcio.<\/li>\n<\/ul>\n<p>Com ingredientes suavizantes adicionados, este perfume de lavandaria n\u00e3o s\u00f3 perfuma as suas roupas como tamb\u00e9m aumenta a sua suavidade.<\/p>\n<p>Porque lavar a roupa n\u00e3o \u00e9 apenas uma tarefa - pode ser um prazer di\u00e1rio.<\/p>","protected":false},"featured_media":59902,"parent":0,"menu_order":0,"template":"","class_list":["post-54833","product","type-product","status-publish","has-post-thumbnail","hentry","product_category-amarella_2","product_category-perfumed-washing-oil"],"acf":[],"yoast_head":"<!-- This site is optimized with the Yoast SEO Premium plugin v27.2 (Yoast SEO v27.4) - https:\/\/yoast.com\/product\/yoast-seo-premium-wordpress\/ -->\n<title>AMARELLA Floralis | Perfumed Washing Oil 250ml | ELiX Scent<\/title>\n<meta name=\"description\" content=\"Classic floral bouquet infused in a perfumed washing oil. Long-lasting freshness and a refined scent for your clothes.\" \/>\n<meta name=\"robots\" content=\"index, follow, max-snippet:-1, max-image-preview:large, max-video-preview:-1\" \/>\n<link rel=\"canonical\" href=\"https:\/\/elixscent.com\/pt\/produto\/amarella-250-floralis\/\" \/>\n<meta property=\"og:locale\" content=\"pt_PT\" \/>\n<meta property=\"og:type\" content=\"article\" \/>\n<meta property=\"og:title\" content=\"AMARELLA 250 Floralis\" \/>\n<meta property=\"og:description\" content=\"Classic floral bouquet infused in a perfumed washing oil. Long-lasting freshness and a refined scent for your clothes.\" \/>\n<meta property=\"og:url\" content=\"https:\/\/elixscent.com\/pt\/produto\/amarella-250-floralis\/\" \/>\n<meta property=\"og:site_name\" content=\"ELiX EU air fresheners\" \/>\n<meta property=\"article:modified_time\" content=\"2025-12-04T07:23:51+00:00\" \/>\n<meta property=\"og:image\" content=\"https:\/\/elixscent.com\/wp-content\/uploads\/WEBP_Amarella_250_floralis_product_1.0-1.webp\" \/>\n\t<meta property=\"og:image:width\" content=\"174\" \/>\n\t<meta property=\"og:image:height\" content=\"699\" \/>\n\t<meta property=\"og:image:type\" content=\"image\/webp\" \/>\n<meta name=\"twitter:card\" content=\"summary_large_image\" \/>\n<meta name=\"twitter:label1\" content=\"Tempo estimado de leitura\" \/>\n\t<meta name=\"twitter:data1\" content=\"1 minuto\" \/>\n<script type=\"application\/ld+json\" class=\"yoast-schema-graph\">{\"@context\":\"https:\\\/\\\/schema.org\",\"@graph\":[{\"@type\":\"WebPage\",\"@id\":\"https:\\\/\\\/elixscent.com\\\/product\\\/amarella-250-floralis\\\/\",\"url\":\"https:\\\/\\\/elixscent.com\\\/product\\\/amarella-250-floralis\\\/\",\"name\":\"AMARELLA Floralis | Perfumed Washing Oil 250ml | ELiX Scent\",\"isPartOf\":{\"@id\":\"https:\\\/\\\/elixscent.com\\\/#website\"},\"primaryImageOfPage\":{\"@id\":\"https:\\\/\\\/elixscent.com\\\/product\\\/amarella-250-floralis\\\/#primaryimage\"},\"image\":{\"@id\":\"https:\\\/\\\/elixscent.com\\\/product\\\/amarella-250-floralis\\\/#primaryimage\"},\"thumbnailUrl\":\"https:\\\/\\\/elixscent.com\\\/wp-content\\\/uploads\\\/WEBP_Amarella_250_floralis_product_1.0-1.webp\",\"datePublished\":\"2024-12-05T10:57:49+00:00\",\"dateModified\":\"2025-12-04T07:23:51+00:00\",\"description\":\"Classic floral bouquet infused in a perfumed washing oil. Long-lasting freshness and a refined scent for your clothes.\",\"breadcrumb\":{\"@id\":\"https:\\\/\\\/elixscent.com\\\/product\\\/amarella-250-floralis\\\/#breadcrumb\"},\"inLanguage\":\"pt-PT\",\"potentialAction\":[{\"@type\":\"ReadAction\",\"target\":[\"https:\\\/\\\/elixscent.com\\\/product\\\/amarella-250-floralis\\\/\"]}]},{\"@type\":\"ImageObject\",\"inLanguage\":\"pt-PT\",\"@id\":\"https:\\\/\\\/elixscent.com\\\/product\\\/amarella-250-floralis\\\/#primaryimage\",\"url\":\"https:\\\/\\\/elixscent.com\\\/wp-content\\\/uploads\\\/WEBP_Amarella_250_floralis_product_1.0-1.webp\",\"contentUrl\":\"https:\\\/\\\/elixscent.com\\\/wp-content\\\/uploads\\\/WEBP_Amarella_250_floralis_product_1.0-1.webp\",\"width\":174,\"height\":699,\"caption\":\"in-wash scent booster tropicala\"},{\"@type\":\"BreadcrumbList\",\"@id\":\"https:\\\/\\\/elixscent.com\\\/product\\\/amarella-250-floralis\\\/#breadcrumb\",\"itemListElement\":[{\"@type\":\"ListItem\",\"position\":1,\"name\":\"Home\",\"item\":\"https:\\\/\\\/elixscent.com\\\/\"},{\"@type\":\"ListItem\",\"position\":2,\"name\":\"Products\",\"item\":\"https:\\\/\\\/elixscent.com\\\/product\\\/\"},{\"@type\":\"ListItem\",\"position\":3,\"name\":\"AMARELLA scented laundry\",\"item\":\"https:\\\/\\\/elixscent.com\\\/product-category\\\/amarella_2\\\/\"},{\"@type\":\"ListItem\",\"position\":4,\"name\":\"Laundry Perfume 250\",\"item\":\"https:\\\/\\\/elixscent.com\\\/product-category\\\/perfumed-washing-oil\\\/\"},{\"@type\":\"ListItem\",\"position\":5,\"name\":\"AMARELLA 250 Floralis\"}]},{\"@type\":\"WebSite\",\"@id\":\"https:\\\/\\\/elixscent.com\\\/#website\",\"url\":\"https:\\\/\\\/elixscent.com\\\/\",\"name\":\"ELiX EU air fresheners\",\"description\":\"Air &amp; Fabric, Perfectly Fresh\",\"publisher\":{\"@id\":\"https:\\\/\\\/elixscent.com\\\/#organization\"},\"potentialAction\":[{\"@type\":\"SearchAction\",\"target\":{\"@type\":\"EntryPoint\",\"urlTemplate\":\"https:\\\/\\\/elixscent.com\\\/?s={search_term_string}\"},\"query-input\":{\"@type\":\"PropertyValueSpecification\",\"valueRequired\":true,\"valueName\":\"search_term_string\"}}],\"inLanguage\":\"pt-PT\"},{\"@type\":\"Organization\",\"@id\":\"https:\\\/\\\/elixscent.com\\\/#organization\",\"name\":\"ELIX air freshener manufacturer\",\"url\":\"https:\\\/\\\/elixscent.com\\\/\",\"logo\":{\"@type\":\"ImageObject\",\"inLanguage\":\"pt-PT\",\"@id\":\"https:\\\/\\\/elixscent.com\\\/#\\\/schema\\\/logo\\\/image\\\/\",\"url\":\"https:\\\/\\\/elixscent.com\\\/wp-content\\\/uploads\\\/elix_logo_1.0-_300.jpg\",\"contentUrl\":\"https:\\\/\\\/elixscent.com\\\/wp-content\\\/uploads\\\/elix_logo_1.0-_300.jpg\",\"width\":300,\"height\":257,\"caption\":\"ELIX air freshener manufacturer\"},\"image\":{\"@id\":\"https:\\\/\\\/elixscent.com\\\/#\\\/schema\\\/logo\\\/image\\\/\"},\"sameAs\":[\"https:\\\/\\\/www.linkedin.com\\\/company\\\/30084929\"]}]}<\/script>\n<!-- \/ Yoast SEO Premium plugin. -->","yoast_head_json":{"title":"AMARELLA Floralis | Perfumed Washing Oil 250ml | ELiX Scent","description":"Classic floral bouquet infused in a perfumed washing oil. Long-lasting freshness and a refined scent for your clothes.","robots":{"index":"index","follow":"follow","max-snippet":"max-snippet:-1","max-image-preview":"max-image-preview:large","max-video-preview":"max-video-preview:-1"},"canonical":"https:\/\/elixscent.com\/pt\/produto\/amarella-250-floralis\/","og_locale":"pt_PT","og_type":"article","og_title":"AMARELLA 250 Floralis","og_description":"Classic floral bouquet infused in a perfumed washing oil. Long-lasting freshness and a refined scent for your clothes.","og_url":"https:\/\/elixscent.com\/pt\/produto\/amarella-250-floralis\/","og_site_name":"ELiX EU air fresheners","article_modified_time":"2025-12-04T07:23:51+00:00","og_image":[{"width":174,"height":699,"url":"https:\/\/elixscent.com\/wp-content\/uploads\/WEBP_Amarella_250_floralis_product_1.0-1.webp","type":"image\/webp"}],"twitter_card":"summary_large_image","twitter_misc":{"Tempo estimado de leitura":"1 minuto"},"schema":{"@context":"https:\/\/schema.org","@graph":[{"@type":"WebPage","@id":"https:\/\/elixscent.com\/product\/amarella-250-floralis\/","url":"https:\/\/elixscent.com\/product\/amarella-250-floralis\/","name":"AMARELLA Floralis | Perfumed Washing Oil 250ml | ELiX Scent","isPartOf":{"@id":"https:\/\/elixscent.com\/#website"},"primaryImageOfPage":{"@id":"https:\/\/elixscent.com\/product\/amarella-250-floralis\/#primaryimage"},"image":{"@id":"https:\/\/elixscent.com\/product\/amarella-250-floralis\/#primaryimage"},"thumbnailUrl":"https:\/\/elixscent.com\/wp-content\/uploads\/WEBP_Amarella_250_floralis_product_1.0-1.webp","datePublished":"2024-12-05T10:57:49+00:00","dateModified":"2025-12-04T07:23:51+00:00","description":"Classic floral bouquet infused in a perfumed washing oil. Long-lasting freshness and a refined scent for your clothes.","breadcrumb":{"@id":"https:\/\/elixscent.com\/product\/amarella-250-floralis\/#breadcrumb"},"inLanguage":"pt-PT","potentialAction":[{"@type":"ReadAction","target":["https:\/\/elixscent.com\/product\/amarella-250-floralis\/"]}]},{"@type":"ImageObject","inLanguage":"pt-PT","@id":"https:\/\/elixscent.com\/product\/amarella-250-floralis\/#primaryimage","url":"https:\/\/elixscent.com\/wp-content\/uploads\/WEBP_Amarella_250_floralis_product_1.0-1.webp","contentUrl":"https:\/\/elixscent.com\/wp-content\/uploads\/WEBP_Amarella_250_floralis_product_1.0-1.webp","width":174,"height":699,"caption":"in-wash scent booster tropicala"},{"@type":"BreadcrumbList","@id":"https:\/\/elixscent.com\/product\/amarella-250-floralis\/#breadcrumb","itemListElement":[{"@type":"ListItem","position":1,"name":"Home","item":"https:\/\/elixscent.com\/"},{"@type":"ListItem","position":2,"name":"Products","item":"https:\/\/elixscent.com\/product\/"},{"@type":"ListItem","position":3,"name":"AMARELLA scented laundry","item":"https:\/\/elixscent.com\/product-category\/amarella_2\/"},{"@type":"ListItem","position":4,"name":"Laundry Perfume 250","item":"https:\/\/elixscent.com\/product-category\/perfumed-washing-oil\/"},{"@type":"ListItem","position":5,"name":"AMARELLA 250 Floralis"}]},{"@type":"WebSite","@id":"https:\/\/elixscent.com\/#website","url":"https:\/\/elixscent.com\/","name":"Ambientadores ELiX EU","description":"Ar e tecido, perfeitamente frescos","publisher":{"@id":"https:\/\/elixscent.com\/#organization"},"potentialAction":[{"@type":"SearchAction","target":{"@type":"EntryPoint","urlTemplate":"https:\/\/elixscent.com\/?s={search_term_string}"},"query-input":{"@type":"PropertyValueSpecification","valueRequired":true,"valueName":"search_term_string"}}],"inLanguage":"pt-PT"},{"@type":"Organization","@id":"https:\/\/elixscent.com\/#organization","name":"Fabricante de purificadores de ar ELIX","url":"https:\/\/elixscent.com\/","logo":{"@type":"ImageObject","inLanguage":"pt-PT","@id":"https:\/\/elixscent.com\/#\/schema\/logo\/image\/","url":"https:\/\/elixscent.com\/wp-content\/uploads\/elix_logo_1.0-_300.jpg","contentUrl":"https:\/\/elixscent.com\/wp-content\/uploads\/elix_logo_1.0-_300.jpg","width":300,"height":257,"caption":"ELIX air freshener manufacturer"},"image":{"@id":"https:\/\/elixscent.com\/#\/schema\/logo\/image\/"},"sameAs":["https:\/\/www.linkedin.com\/company\/30084929"]}]}},"_links":{"self":[{"href":"https:\/\/elixscent.com\/pt\/wp-json\/wp\/v2\/product\/54833","targetHints":{"allow":["GET"]}}],"collection":[{"href":"https:\/\/elixscent.com\/pt\/wp-json\/wp\/v2\/product"}],"about":[{"href":"https:\/\/elixscent.com\/pt\/wp-json\/wp\/v2\/types\/product"}],"version-history":[{"count":7,"href":"https:\/\/elixscent.com\/pt\/wp-json\/wp\/v2\/product\/54833\/revisions"}],"predecessor-version":[{"id":59906,"href":"https:\/\/elixscent.com\/pt\/wp-json\/wp\/v2\/product\/54833\/revisions\/59906"}],"wp:featuredmedia":[{"embeddable":true,"href":"https:\/\/elixscent.com\/pt\/wp-json\/wp\/v2\/media\/59902"}],"wp:attachment":[{"href":"https:\/\/elixscent.com\/pt\/wp-json\/wp\/v2\/media?parent=54833"}],"curies":[{"name":"wp","href":"https:\/\/api.w.org\/{rel}","templated":true}]}}