{"id":54802,"date":"2024-12-05T08:48:43","date_gmt":"2024-12-05T08:48:43","guid":{"rendered":"https:\/\/elixscent.com\/?post_type=product&#038;p=54802"},"modified":"2026-01-27T13:51:43","modified_gmt":"2026-01-27T13:51:43","slug":"amarella-500-classic","status":"publish","type":"product","link":"https:\/\/elixscent.com\/pt\/product\/amarella-500-classic\/","title":{"rendered":"AMARELLA PLUS Cl\u00e1ssico"},"content":{"rendered":"<p data-start=\"3041\" data-end=\"3230\">Alguns intensificadores de roupa d\u00e3o-lhe uma explos\u00e3o r\u00e1pida - e depois desaparecem. A verdadeira quest\u00e3o \u00e9: quer um aroma que se desvanece \u00e0 hora do almo\u00e7o ou uma assinatura limpa que permanece nas suas roupas e len\u00e7\u00f3is?<\/p>\n<p data-start=\"3232\" data-end=\"3618\"><strong data-start=\"3232\" data-end=\"3269\">Amarella Lavandaria Perfume+ Cl\u00e1ssico<\/strong> foi concebido para pessoas que querem que a roupa se sinta <em data-start=\"3315\" data-end=\"3323\">selecionado<\/em>A sua f\u00f3rmula perfuma os tecidos, ao mesmo tempo que apoia o cuidado quotidiano dos tecidos. A sua f\u00f3rmula perfuma os tecidos ao mesmo tempo que apoia o cuidado quotidiano dos tecidos com <strong data-start=\"3467\" data-end=\"3480\">amaciamento<\/strong>, <strong data-start=\"3482\" data-end=\"3509\">desempenho anti-est\u00e1tico<\/strong>e <strong data-start=\"3515\" data-end=\"3533\">engomar mais facilmente<\/strong>-para que a sua rotina pare\u00e7a mais leve e n\u00e3o mais longa.<\/p>\n<p data-start=\"3620\" data-end=\"3905\">Classic em si tem tudo a ver com aquela clareza \u201cacabada de lavar\u201d, linho fresco levantado com florais suaves, assentando numa base suave de algod\u00e3o-musk. E porque um frasco foi concebido para durar <strong data-start=\"3797\" data-end=\"3816\">at\u00e9 50 lavagens<\/strong>, \u00c9 o tipo de atualiza\u00e7\u00e3o que se nota diariamente.<\/p>\n<p data-start=\"3907\" data-end=\"4100\"><strong data-start=\"3907\" data-end=\"3930\">Onde se encaixa melhor:<\/strong> roupa de cama, toalhas, roupa do dia a dia, roupa de escrit\u00f3rio - sempre que quiser que o seu guarda-roupa cheire a limpo, seja suave e se comporte melhor<\/p>\n<p data-start=\"1905\" data-end=\"1954\"><strong data-start=\"1905\" data-end=\"1954\">Porque \u00e9 que vai recorrer \u00e0 Cl\u00e1ssica vezes sem conta:<\/strong><\/p>\n<ul data-start=\"1955\" data-end=\"2514\">\n<li data-start=\"1955\" data-end=\"2076\">\n<p data-start=\"1957\" data-end=\"2076\"><strong data-start=\"1957\" data-end=\"1999\">Fragr\u00e2ncia de longa dura\u00e7\u00e3o a \u201croupa fresca\u201d<\/strong> que se mant\u00e9m presente, mas n\u00e3o dominante<\/p>\n<\/li>\n<li data-start=\"2077\" data-end=\"2175\">\n<p data-start=\"2079\" data-end=\"2175\"><strong data-start=\"2079\" data-end=\"2097\">Suaviza o tecido<\/strong> para um toque mais suave e confort\u00e1vel<\/p>\n<\/li>\n<li data-start=\"2176\" data-end=\"2286\">\n<p data-start=\"2178\" data-end=\"2286\"><strong data-start=\"2178\" data-end=\"2200\">Efeito antiest\u00e1tico<\/strong> ajuda a reduzir a ader\u00eancia (especialmente em materiais sint\u00e9ticos)<\/p>\n<\/li>\n<li data-start=\"2287\" data-end=\"2387\">\n<p data-start=\"2289\" data-end=\"2387\"><strong data-start=\"2289\" data-end=\"2307\">Engomar mais facilmente<\/strong>ajuda a reduzir o \u201ccombate\u201d aos vincos<\/p>\n<\/li>\n<li data-start=\"2388\" data-end=\"2514\">\n<p data-start=\"2390\" data-end=\"2514\"><strong data-start=\"2390\" data-end=\"2409\">At\u00e9 50 lavagens<\/strong> de uma garrafa de 500 ml - um luxo quotidiano que \u00e9 realmente pr\u00e1tico<\/p>\n<\/li>\n<\/ul>","protected":false},"featured_media":60368,"parent":0,"menu_order":0,"template":"","class_list":["post-54802","product","type-product","status-publish","has-post-thumbnail","hentry","product_category-amarella_2","product_category-laundry-perfume-plus"],"acf":[],"yoast_head":"<!-- This site is optimized with the Yoast SEO Premium plugin v27.2 (Yoast SEO v27.4) - https:\/\/yoast.com\/product\/yoast-seo-premium-wordpress\/ -->\n<title>Amarella Classic Laundry Perfume PLUS | In-Wash Scent Booster<\/title>\n<meta name=\"description\" content=\"In-wash scent booster liquid that perfumes, softens and reduces static. Easier ironing, \u201cfresh laundry\u201d Classic scent, up to 50 washes.\" \/>\n<meta name=\"robots\" content=\"index, follow, max-snippet:-1, max-image-preview:large, max-video-preview:-1\" \/>\n<link rel=\"canonical\" href=\"https:\/\/elixscent.com\/pt\/produto\/amarella-500-classic\/\" \/>\n<meta property=\"og:locale\" content=\"pt_PT\" \/>\n<meta property=\"og:type\" content=\"article\" \/>\n<meta property=\"og:title\" content=\"AMARELLA PLUS Classic\" \/>\n<meta property=\"og:description\" content=\"In-wash scent booster liquid that perfumes, softens and reduces static. Easier ironing, \u201cfresh laundry\u201d Classic scent, up to 50 washes.\" \/>\n<meta property=\"og:url\" content=\"https:\/\/elixscent.com\/pt\/produto\/amarella-500-classic\/\" \/>\n<meta property=\"og:site_name\" content=\"ELiX EU air fresheners\" \/>\n<meta property=\"article:modified_time\" content=\"2026-01-27T13:51:43+00:00\" \/>\n<meta property=\"og:image\" content=\"https:\/\/elixscent.com\/wp-content\/uploads\/WEBP_PNG_Amarella500_white_classic_2.0.webp\" \/>\n\t<meta property=\"og:image:width\" content=\"210\" \/>\n\t<meta property=\"og:image:height\" content=\"675\" \/>\n\t<meta property=\"og:image:type\" content=\"image\/webp\" \/>\n<meta name=\"twitter:card\" content=\"summary_large_image\" \/>\n<meta name=\"twitter:label1\" content=\"Tempo estimado de leitura\" \/>\n\t<meta name=\"twitter:data1\" content=\"2 minutos\" \/>\n<script type=\"application\/ld+json\" class=\"yoast-schema-graph\">{\"@context\":\"https:\\\/\\\/schema.org\",\"@graph\":[{\"@type\":\"WebPage\",\"@id\":\"https:\\\/\\\/elixscent.com\\\/product\\\/amarella-500-classic\\\/\",\"url\":\"https:\\\/\\\/elixscent.com\\\/product\\\/amarella-500-classic\\\/\",\"name\":\"Amarella Classic Laundry Perfume PLUS | In-Wash Scent Booster\",\"isPartOf\":{\"@id\":\"https:\\\/\\\/elixscent.com\\\/#website\"},\"primaryImageOfPage\":{\"@id\":\"https:\\\/\\\/elixscent.com\\\/product\\\/amarella-500-classic\\\/#primaryimage\"},\"image\":{\"@id\":\"https:\\\/\\\/elixscent.com\\\/product\\\/amarella-500-classic\\\/#primaryimage\"},\"thumbnailUrl\":\"https:\\\/\\\/elixscent.com\\\/wp-content\\\/uploads\\\/WEBP_PNG_Amarella500_white_classic_2.0.webp\",\"datePublished\":\"2024-12-05T08:48:43+00:00\",\"dateModified\":\"2026-01-27T13:51:43+00:00\",\"description\":\"In-wash scent booster liquid that perfumes, softens and reduces static. Easier ironing, \u201cfresh laundry\u201d Classic scent, up to 50 washes.\",\"breadcrumb\":{\"@id\":\"https:\\\/\\\/elixscent.com\\\/product\\\/amarella-500-classic\\\/#breadcrumb\"},\"inLanguage\":\"pt-PT\",\"potentialAction\":[{\"@type\":\"ReadAction\",\"target\":[\"https:\\\/\\\/elixscent.com\\\/product\\\/amarella-500-classic\\\/\"]}]},{\"@type\":\"ImageObject\",\"inLanguage\":\"pt-PT\",\"@id\":\"https:\\\/\\\/elixscent.com\\\/product\\\/amarella-500-classic\\\/#primaryimage\",\"url\":\"https:\\\/\\\/elixscent.com\\\/wp-content\\\/uploads\\\/WEBP_PNG_Amarella500_white_classic_2.0.webp\",\"contentUrl\":\"https:\\\/\\\/elixscent.com\\\/wp-content\\\/uploads\\\/WEBP_PNG_Amarella500_white_classic_2.0.webp\",\"width\":210,\"height\":675,\"caption\":\"in-wash scent booster plus classic\"},{\"@type\":\"BreadcrumbList\",\"@id\":\"https:\\\/\\\/elixscent.com\\\/product\\\/amarella-500-classic\\\/#breadcrumb\",\"itemListElement\":[{\"@type\":\"ListItem\",\"position\":1,\"name\":\"Home\",\"item\":\"https:\\\/\\\/elixscent.com\\\/\"},{\"@type\":\"ListItem\",\"position\":2,\"name\":\"Products\",\"item\":\"https:\\\/\\\/elixscent.com\\\/product\\\/\"},{\"@type\":\"ListItem\",\"position\":3,\"name\":\"AMARELLA scented laundry\",\"item\":\"https:\\\/\\\/elixscent.com\\\/product-category\\\/amarella_2\\\/\"},{\"@type\":\"ListItem\",\"position\":4,\"name\":\"AMARELLA PLUS Classic\"}]},{\"@type\":\"WebSite\",\"@id\":\"https:\\\/\\\/elixscent.com\\\/#website\",\"url\":\"https:\\\/\\\/elixscent.com\\\/\",\"name\":\"ELiX EU air fresheners\",\"description\":\"Air &amp; Fabric, Perfectly Fresh\",\"publisher\":{\"@id\":\"https:\\\/\\\/elixscent.com\\\/#organization\"},\"potentialAction\":[{\"@type\":\"SearchAction\",\"target\":{\"@type\":\"EntryPoint\",\"urlTemplate\":\"https:\\\/\\\/elixscent.com\\\/?s={search_term_string}\"},\"query-input\":{\"@type\":\"PropertyValueSpecification\",\"valueRequired\":true,\"valueName\":\"search_term_string\"}}],\"inLanguage\":\"pt-PT\"},{\"@type\":\"Organization\",\"@id\":\"https:\\\/\\\/elixscent.com\\\/#organization\",\"name\":\"ELIX air freshener manufacturer\",\"url\":\"https:\\\/\\\/elixscent.com\\\/\",\"logo\":{\"@type\":\"ImageObject\",\"inLanguage\":\"pt-PT\",\"@id\":\"https:\\\/\\\/elixscent.com\\\/#\\\/schema\\\/logo\\\/image\\\/\",\"url\":\"https:\\\/\\\/elixscent.com\\\/wp-content\\\/uploads\\\/elix_logo_1.0-_300.jpg\",\"contentUrl\":\"https:\\\/\\\/elixscent.com\\\/wp-content\\\/uploads\\\/elix_logo_1.0-_300.jpg\",\"width\":300,\"height\":257,\"caption\":\"ELIX air freshener manufacturer\"},\"image\":{\"@id\":\"https:\\\/\\\/elixscent.com\\\/#\\\/schema\\\/logo\\\/image\\\/\"},\"sameAs\":[\"https:\\\/\\\/www.linkedin.com\\\/company\\\/30084929\"]}]}<\/script>\n<!-- \/ Yoast SEO Premium plugin. -->","yoast_head_json":{"title":"Amarella Classic Laundry Perfume PLUS | Intensificador de cheiro na lavagem","description":"L\u00edquido intensificador de perfume na lavagem que perfuma, amacia e reduz a eletricidade est\u00e1tica. Engomar mais f\u00e1cil, aroma cl\u00e1ssico de \u201croupa fresca\u201d, at\u00e9 50 lavagens.","robots":{"index":"index","follow":"follow","max-snippet":"max-snippet:-1","max-image-preview":"max-image-preview:large","max-video-preview":"max-video-preview:-1"},"canonical":"https:\/\/elixscent.com\/pt\/produto\/amarella-500-classic\/","og_locale":"pt_PT","og_type":"article","og_title":"AMARELLA PLUS Classic","og_description":"In-wash scent booster liquid that perfumes, softens and reduces static. Easier ironing, \u201cfresh laundry\u201d Classic scent, up to 50 washes.","og_url":"https:\/\/elixscent.com\/pt\/produto\/amarella-500-classic\/","og_site_name":"ELiX EU air fresheners","article_modified_time":"2026-01-27T13:51:43+00:00","og_image":[{"width":210,"height":675,"url":"https:\/\/elixscent.com\/wp-content\/uploads\/WEBP_PNG_Amarella500_white_classic_2.0.webp","type":"image\/webp"}],"twitter_card":"summary_large_image","twitter_misc":{"Tempo estimado de leitura":"2 minutos"},"schema":{"@context":"https:\/\/schema.org","@graph":[{"@type":"WebPage","@id":"https:\/\/elixscent.com\/product\/amarella-500-classic\/","url":"https:\/\/elixscent.com\/product\/amarella-500-classic\/","name":"Amarella Classic Laundry Perfume PLUS | Intensificador de cheiro na lavagem","isPartOf":{"@id":"https:\/\/elixscent.com\/#website"},"primaryImageOfPage":{"@id":"https:\/\/elixscent.com\/product\/amarella-500-classic\/#primaryimage"},"image":{"@id":"https:\/\/elixscent.com\/product\/amarella-500-classic\/#primaryimage"},"thumbnailUrl":"https:\/\/elixscent.com\/wp-content\/uploads\/WEBP_PNG_Amarella500_white_classic_2.0.webp","datePublished":"2024-12-05T08:48:43+00:00","dateModified":"2026-01-27T13:51:43+00:00","description":"L\u00edquido intensificador de perfume na lavagem que perfuma, amacia e reduz a eletricidade est\u00e1tica. Engomar mais f\u00e1cil, aroma cl\u00e1ssico de \u201croupa fresca\u201d, at\u00e9 50 lavagens.","breadcrumb":{"@id":"https:\/\/elixscent.com\/product\/amarella-500-classic\/#breadcrumb"},"inLanguage":"pt-PT","potentialAction":[{"@type":"ReadAction","target":["https:\/\/elixscent.com\/product\/amarella-500-classic\/"]}]},{"@type":"ImageObject","inLanguage":"pt-PT","@id":"https:\/\/elixscent.com\/product\/amarella-500-classic\/#primaryimage","url":"https:\/\/elixscent.com\/wp-content\/uploads\/WEBP_PNG_Amarella500_white_classic_2.0.webp","contentUrl":"https:\/\/elixscent.com\/wp-content\/uploads\/WEBP_PNG_Amarella500_white_classic_2.0.webp","width":210,"height":675,"caption":"in-wash scent booster plus classic"},{"@type":"BreadcrumbList","@id":"https:\/\/elixscent.com\/product\/amarella-500-classic\/#breadcrumb","itemListElement":[{"@type":"ListItem","position":1,"name":"Home","item":"https:\/\/elixscent.com\/"},{"@type":"ListItem","position":2,"name":"Products","item":"https:\/\/elixscent.com\/product\/"},{"@type":"ListItem","position":3,"name":"AMARELLA scented laundry","item":"https:\/\/elixscent.com\/product-category\/amarella_2\/"},{"@type":"ListItem","position":4,"name":"AMARELLA PLUS Classic"}]},{"@type":"WebSite","@id":"https:\/\/elixscent.com\/#website","url":"https:\/\/elixscent.com\/","name":"Ambientadores ELiX EU","description":"Ar e tecido, perfeitamente frescos","publisher":{"@id":"https:\/\/elixscent.com\/#organization"},"potentialAction":[{"@type":"SearchAction","target":{"@type":"EntryPoint","urlTemplate":"https:\/\/elixscent.com\/?s={search_term_string}"},"query-input":{"@type":"PropertyValueSpecification","valueRequired":true,"valueName":"search_term_string"}}],"inLanguage":"pt-PT"},{"@type":"Organization","@id":"https:\/\/elixscent.com\/#organization","name":"Fabricante de purificadores de ar ELIX","url":"https:\/\/elixscent.com\/","logo":{"@type":"ImageObject","inLanguage":"pt-PT","@id":"https:\/\/elixscent.com\/#\/schema\/logo\/image\/","url":"https:\/\/elixscent.com\/wp-content\/uploads\/elix_logo_1.0-_300.jpg","contentUrl":"https:\/\/elixscent.com\/wp-content\/uploads\/elix_logo_1.0-_300.jpg","width":300,"height":257,"caption":"ELIX air freshener manufacturer"},"image":{"@id":"https:\/\/elixscent.com\/#\/schema\/logo\/image\/"},"sameAs":["https:\/\/www.linkedin.com\/company\/30084929"]}]}},"_links":{"self":[{"href":"https:\/\/elixscent.com\/pt\/wp-json\/wp\/v2\/product\/54802","targetHints":{"allow":["GET"]}}],"collection":[{"href":"https:\/\/elixscent.com\/pt\/wp-json\/wp\/v2\/product"}],"about":[{"href":"https:\/\/elixscent.com\/pt\/wp-json\/wp\/v2\/types\/product"}],"version-history":[{"count":8,"href":"https:\/\/elixscent.com\/pt\/wp-json\/wp\/v2\/product\/54802\/revisions"}],"predecessor-version":[{"id":60371,"href":"https:\/\/elixscent.com\/pt\/wp-json\/wp\/v2\/product\/54802\/revisions\/60371"}],"wp:featuredmedia":[{"embeddable":true,"href":"https:\/\/elixscent.com\/pt\/wp-json\/wp\/v2\/media\/60368"}],"wp:attachment":[{"href":"https:\/\/elixscent.com\/pt\/wp-json\/wp\/v2\/media?parent=54802"}],"curies":[{"name":"wp","href":"https:\/\/api.w.org\/{rel}","templated":true}]}}