{"id":54714,"date":"2024-11-27T08:59:54","date_gmt":"2024-11-27T08:59:54","guid":{"rendered":"https:\/\/elixscent.com\/?post_type=product&#038;p=54714"},"modified":"2025-04-17T07:00:39","modified_gmt":"2025-04-17T07:00:39","slug":"saqueta-perfumada-lavanda","status":"publish","type":"product","link":"https:\/\/elixscent.com\/pt\/product\/scented-sachet-lavender\/","title":{"rendered":"Saqueta perfumada Lavender Breeze"},"content":{"rendered":"<p>Saqueta perfumada para refrescar o seu espa\u00e7o! Roupeiro, gavetas, roupa, cacifos e muito mais.<\/p>\n<p>Basta retirar do saco de alum\u00ednio e desfrutar de um novo aroma at\u00e9 45 dias.<\/p>\n<p>N\u00c3O rasgar a saqueta.<\/p>","protected":false},"featured_media":54715,"parent":0,"menu_order":0,"template":"","class_list":["post-54714","product","type-product","status-publish","has-post-thumbnail","hentry","product_category-scented-sachet"],"acf":[],"yoast_head":"<!-- This site is optimized with the Yoast SEO Premium plugin v27.2 (Yoast SEO v27.4) - https:\/\/yoast.com\/product\/yoast-seo-premium-wordpress\/ -->\n<title>Scented Sachet Lavender Breeze<\/title>\n<meta name=\"description\" content=\"A scented sachet is a simple, affordable air freshener designed to keep wardrobes, drawers, and clothing smelling fresh. Filled with fragrant materials, it gently releases a pleasant aroma, eliminating odors and adding a touch of freshness to your belongings. Perfect for everyday use.\" \/>\n<meta name=\"robots\" content=\"index, follow, max-snippet:-1, max-image-preview:large, max-video-preview:-1\" \/>\n<link rel=\"canonical\" href=\"https:\/\/elixscent.com\/pt\/produto\/saqueta-perfumada-lavanda\/\" \/>\n<meta property=\"og:locale\" content=\"pt_PT\" \/>\n<meta property=\"og:type\" content=\"article\" \/>\n<meta property=\"og:title\" content=\"Scented Sachet Lavender Breeze\" \/>\n<meta property=\"og:description\" content=\"A scented sachet is a simple, affordable air freshener designed to keep wardrobes, drawers, and clothing smelling fresh. Filled with fragrant materials, it gently releases a pleasant aroma, eliminating odors and adding a touch of freshness to your belongings. Perfect for everyday use.\" \/>\n<meta property=\"og:url\" content=\"https:\/\/elixscent.com\/pt\/produto\/saqueta-perfumada-lavanda\/\" \/>\n<meta property=\"og:site_name\" content=\"ELiX EU air fresheners\" \/>\n<meta property=\"article:modified_time\" content=\"2025-04-17T07:00:39+00:00\" \/>\n<meta property=\"og:image\" content=\"https:\/\/elixscent.com\/wp-content\/uploads\/SS_11x11_LB_1.0-1.webp\" \/>\n\t<meta property=\"og:image:width\" content=\"600\" \/>\n\t<meta property=\"og:image:height\" content=\"601\" \/>\n\t<meta property=\"og:image:type\" content=\"image\/webp\" \/>\n<meta name=\"twitter:card\" content=\"summary_large_image\" \/>\n<meta name=\"twitter:label1\" content=\"Tempo estimado de leitura\" \/>\n\t<meta name=\"twitter:data1\" content=\"1 minuto\" \/>\n<script type=\"application\/ld+json\" class=\"yoast-schema-graph\">{\"@context\":\"https:\\\/\\\/schema.org\",\"@graph\":[{\"@type\":\"WebPage\",\"@id\":\"https:\\\/\\\/elixscent.com\\\/product\\\/scented-sachet-lavender\\\/\",\"url\":\"https:\\\/\\\/elixscent.com\\\/product\\\/scented-sachet-lavender\\\/\",\"name\":\"Scented Sachet Lavender Breeze\",\"isPartOf\":{\"@id\":\"https:\\\/\\\/elixscent.com\\\/#website\"},\"primaryImageOfPage\":{\"@id\":\"https:\\\/\\\/elixscent.com\\\/product\\\/scented-sachet-lavender\\\/#primaryimage\"},\"image\":{\"@id\":\"https:\\\/\\\/elixscent.com\\\/product\\\/scented-sachet-lavender\\\/#primaryimage\"},\"thumbnailUrl\":\"https:\\\/\\\/elixscent.com\\\/wp-content\\\/uploads\\\/SS_11x11_LB_1.0-1.webp\",\"datePublished\":\"2024-11-27T08:59:54+00:00\",\"dateModified\":\"2025-04-17T07:00:39+00:00\",\"description\":\"A scented sachet is a simple, affordable air freshener designed to keep wardrobes, drawers, and clothing smelling fresh. Filled with fragrant materials, it gently releases a pleasant aroma, eliminating odors and adding a touch of freshness to your belongings. Perfect for everyday use.\",\"breadcrumb\":{\"@id\":\"https:\\\/\\\/elixscent.com\\\/product\\\/scented-sachet-lavender\\\/#breadcrumb\"},\"inLanguage\":\"pt-PT\",\"potentialAction\":[{\"@type\":\"ReadAction\",\"target\":[\"https:\\\/\\\/elixscent.com\\\/product\\\/scented-sachet-lavender\\\/\"]}]},{\"@type\":\"ImageObject\",\"inLanguage\":\"pt-PT\",\"@id\":\"https:\\\/\\\/elixscent.com\\\/product\\\/scented-sachet-lavender\\\/#primaryimage\",\"url\":\"https:\\\/\\\/elixscent.com\\\/wp-content\\\/uploads\\\/SS_11x11_LB_1.0-1.webp\",\"contentUrl\":\"https:\\\/\\\/elixscent.com\\\/wp-content\\\/uploads\\\/SS_11x11_LB_1.0-1.webp\",\"width\":600,\"height\":601,\"caption\":\"SS 11x11 LB 1.0 1\"},{\"@type\":\"BreadcrumbList\",\"@id\":\"https:\\\/\\\/elixscent.com\\\/product\\\/scented-sachet-lavender\\\/#breadcrumb\",\"itemListElement\":[{\"@type\":\"ListItem\",\"position\":1,\"name\":\"Home\",\"item\":\"https:\\\/\\\/elixscent.com\\\/\"},{\"@type\":\"ListItem\",\"position\":2,\"name\":\"Products\",\"item\":\"https:\\\/\\\/elixscent.com\\\/product\\\/\"},{\"@type\":\"ListItem\",\"position\":3,\"name\":\"Scented Sachet\",\"item\":\"https:\\\/\\\/elixscent.com\\\/product-category\\\/scented-sachet\\\/\"},{\"@type\":\"ListItem\",\"position\":4,\"name\":\"Scented Sachet Lavender Breeze\"}]},{\"@type\":\"WebSite\",\"@id\":\"https:\\\/\\\/elixscent.com\\\/#website\",\"url\":\"https:\\\/\\\/elixscent.com\\\/\",\"name\":\"ELiX EU air fresheners\",\"description\":\"Air &amp; Fabric, Perfectly Fresh\",\"publisher\":{\"@id\":\"https:\\\/\\\/elixscent.com\\\/#organization\"},\"potentialAction\":[{\"@type\":\"SearchAction\",\"target\":{\"@type\":\"EntryPoint\",\"urlTemplate\":\"https:\\\/\\\/elixscent.com\\\/?s={search_term_string}\"},\"query-input\":{\"@type\":\"PropertyValueSpecification\",\"valueRequired\":true,\"valueName\":\"search_term_string\"}}],\"inLanguage\":\"pt-PT\"},{\"@type\":\"Organization\",\"@id\":\"https:\\\/\\\/elixscent.com\\\/#organization\",\"name\":\"ELIX air freshener manufacturer\",\"url\":\"https:\\\/\\\/elixscent.com\\\/\",\"logo\":{\"@type\":\"ImageObject\",\"inLanguage\":\"pt-PT\",\"@id\":\"https:\\\/\\\/elixscent.com\\\/#\\\/schema\\\/logo\\\/image\\\/\",\"url\":\"https:\\\/\\\/elixscent.com\\\/wp-content\\\/uploads\\\/elix_logo_1.0-_300.jpg\",\"contentUrl\":\"https:\\\/\\\/elixscent.com\\\/wp-content\\\/uploads\\\/elix_logo_1.0-_300.jpg\",\"width\":300,\"height\":257,\"caption\":\"ELIX air freshener manufacturer\"},\"image\":{\"@id\":\"https:\\\/\\\/elixscent.com\\\/#\\\/schema\\\/logo\\\/image\\\/\"},\"sameAs\":[\"https:\\\/\\\/www.linkedin.com\\\/company\\\/30084929\"]}]}<\/script>\n<!-- \/ Yoast SEO Premium plugin. -->","yoast_head_json":{"title":"Saqueta perfumada Lavender Breeze","description":"Uma saqueta perfumada \u00e9 um ambientador simples e econ\u00f3mico concebido para manter os arm\u00e1rios, as gavetas e a roupa com um cheiro fresco. Repleta de materiais perfumados, liberta suavemente um aroma agrad\u00e1vel, eliminando odores e dando um toque de frescura aos seus pertences. Perfeito para uso quotidiano.","robots":{"index":"index","follow":"follow","max-snippet":"max-snippet:-1","max-image-preview":"max-image-preview:large","max-video-preview":"max-video-preview:-1"},"canonical":"https:\/\/elixscent.com\/pt\/produto\/saqueta-perfumada-lavanda\/","og_locale":"pt_PT","og_type":"article","og_title":"Scented Sachet Lavender Breeze","og_description":"A scented sachet is a simple, affordable air freshener designed to keep wardrobes, drawers, and clothing smelling fresh. Filled with fragrant materials, it gently releases a pleasant aroma, eliminating odors and adding a touch of freshness to your belongings. Perfect for everyday use.","og_url":"https:\/\/elixscent.com\/pt\/produto\/saqueta-perfumada-lavanda\/","og_site_name":"ELiX EU air fresheners","article_modified_time":"2025-04-17T07:00:39+00:00","og_image":[{"width":600,"height":601,"url":"https:\/\/elixscent.com\/wp-content\/uploads\/SS_11x11_LB_1.0-1.webp","type":"image\/webp"}],"twitter_card":"summary_large_image","twitter_misc":{"Tempo estimado de leitura":"1 minuto"},"schema":{"@context":"https:\/\/schema.org","@graph":[{"@type":"WebPage","@id":"https:\/\/elixscent.com\/product\/scented-sachet-lavender\/","url":"https:\/\/elixscent.com\/product\/scented-sachet-lavender\/","name":"Saqueta perfumada Lavender Breeze","isPartOf":{"@id":"https:\/\/elixscent.com\/#website"},"primaryImageOfPage":{"@id":"https:\/\/elixscent.com\/product\/scented-sachet-lavender\/#primaryimage"},"image":{"@id":"https:\/\/elixscent.com\/product\/scented-sachet-lavender\/#primaryimage"},"thumbnailUrl":"https:\/\/elixscent.com\/wp-content\/uploads\/SS_11x11_LB_1.0-1.webp","datePublished":"2024-11-27T08:59:54+00:00","dateModified":"2025-04-17T07:00:39+00:00","description":"Uma saqueta perfumada \u00e9 um ambientador simples e econ\u00f3mico concebido para manter os arm\u00e1rios, as gavetas e a roupa com um cheiro fresco. Repleta de materiais perfumados, liberta suavemente um aroma agrad\u00e1vel, eliminando odores e dando um toque de frescura aos seus pertences. Perfeito para uso quotidiano.","breadcrumb":{"@id":"https:\/\/elixscent.com\/product\/scented-sachet-lavender\/#breadcrumb"},"inLanguage":"pt-PT","potentialAction":[{"@type":"ReadAction","target":["https:\/\/elixscent.com\/product\/scented-sachet-lavender\/"]}]},{"@type":"ImageObject","inLanguage":"pt-PT","@id":"https:\/\/elixscent.com\/product\/scented-sachet-lavender\/#primaryimage","url":"https:\/\/elixscent.com\/wp-content\/uploads\/SS_11x11_LB_1.0-1.webp","contentUrl":"https:\/\/elixscent.com\/wp-content\/uploads\/SS_11x11_LB_1.0-1.webp","width":600,"height":601,"caption":"SS 11x11 LB 1.0 1"},{"@type":"BreadcrumbList","@id":"https:\/\/elixscent.com\/product\/scented-sachet-lavender\/#breadcrumb","itemListElement":[{"@type":"ListItem","position":1,"name":"Home","item":"https:\/\/elixscent.com\/"},{"@type":"ListItem","position":2,"name":"Products","item":"https:\/\/elixscent.com\/product\/"},{"@type":"ListItem","position":3,"name":"Scented Sachet","item":"https:\/\/elixscent.com\/product-category\/scented-sachet\/"},{"@type":"ListItem","position":4,"name":"Scented Sachet Lavender Breeze"}]},{"@type":"WebSite","@id":"https:\/\/elixscent.com\/#website","url":"https:\/\/elixscent.com\/","name":"Ambientadores ELiX EU","description":"Ar e tecido, perfeitamente frescos","publisher":{"@id":"https:\/\/elixscent.com\/#organization"},"potentialAction":[{"@type":"SearchAction","target":{"@type":"EntryPoint","urlTemplate":"https:\/\/elixscent.com\/?s={search_term_string}"},"query-input":{"@type":"PropertyValueSpecification","valueRequired":true,"valueName":"search_term_string"}}],"inLanguage":"pt-PT"},{"@type":"Organization","@id":"https:\/\/elixscent.com\/#organization","name":"Fabricante de purificadores de ar ELIX","url":"https:\/\/elixscent.com\/","logo":{"@type":"ImageObject","inLanguage":"pt-PT","@id":"https:\/\/elixscent.com\/#\/schema\/logo\/image\/","url":"https:\/\/elixscent.com\/wp-content\/uploads\/elix_logo_1.0-_300.jpg","contentUrl":"https:\/\/elixscent.com\/wp-content\/uploads\/elix_logo_1.0-_300.jpg","width":300,"height":257,"caption":"ELIX air freshener manufacturer"},"image":{"@id":"https:\/\/elixscent.com\/#\/schema\/logo\/image\/"},"sameAs":["https:\/\/www.linkedin.com\/company\/30084929"]}]}},"_links":{"self":[{"href":"https:\/\/elixscent.com\/pt\/wp-json\/wp\/v2\/product\/54714","targetHints":{"allow":["GET"]}}],"collection":[{"href":"https:\/\/elixscent.com\/pt\/wp-json\/wp\/v2\/product"}],"about":[{"href":"https:\/\/elixscent.com\/pt\/wp-json\/wp\/v2\/types\/product"}],"version-history":[{"count":5,"href":"https:\/\/elixscent.com\/pt\/wp-json\/wp\/v2\/product\/54714\/revisions"}],"predecessor-version":[{"id":57136,"href":"https:\/\/elixscent.com\/pt\/wp-json\/wp\/v2\/product\/54714\/revisions\/57136"}],"wp:featuredmedia":[{"embeddable":true,"href":"https:\/\/elixscent.com\/pt\/wp-json\/wp\/v2\/media\/54715"}],"wp:attachment":[{"href":"https:\/\/elixscent.com\/pt\/wp-json\/wp\/v2\/media?parent=54714"}],"curies":[{"name":"wp","href":"https:\/\/api.w.org\/{rel}","templated":true}]}}