{"id":53729,"date":"2024-11-04T11:54:44","date_gmt":"2024-11-04T11:54:44","guid":{"rendered":"https:\/\/elixscent.com\/?post_type=product&#038;p=53729"},"modified":"2025-12-04T07:43:31","modified_gmt":"2025-12-04T07:43:31","slug":"desmancha-rugas-250-classico","status":"publish","type":"product","link":"https:\/\/elixscent.com\/pt\/product\/crease-releaser250-classic\/","title":{"rendered":"Crease Releaser 250 Amarella Classic"},"content":{"rendered":"<div class=\"flex-shrink-0 flex flex-col relative items-end\">\n<div>\n<div class=\"pt-0\">\n<div class=\"gizmo-bot-avatar flex h-8 w-8 items-center justify-center overflow-hidden rounded-full\">\n<div class=\"relative p-1 rounded-sm flex items-center justify-center bg-token-main-surface-primary text-token-text-primary h-8 w-8\">\n<p><strong><em>N\u00c3O H\u00c1 SOLU\u00c7\u00c3O PARA PASSAR A FERRO!<\/em><\/strong><\/p>\n<p>Descubra a eleg\u00e2ncia cl\u00e1ssica da nossa fragr\u00e2ncia: uma mistura intemporal que traz um aroma fresco e refinado aos seus tecidos. Perfeito para aqueles que apreciam um toque de sofistica\u00e7\u00e3o nos seus objectos essenciais do dia a dia.<\/p>\n<\/div>\n<div><strong>CL\u00c1SSICO<\/strong> fragr\u00e2ncia - a primeira <span class=\"Y2IQFc\" lang=\"en\">pensamento <\/span>que lhe vem \u00e0 mente quando pensa: <strong>ROUPA LIMPA E FRESCA<\/strong> - pode t\u00ea-lo com o nosso aroma Cl\u00e1ssico!<\/div>\n<ul>\n<li><strong>alisa os vincos<\/strong><\/li>\n<li><strong>elimina\u00e7\u00e3o de odores <\/strong><\/li>\n<li><strong>perfume delicado para a sua frescura<br \/>\n<\/strong><strong><br \/>\n<\/strong>Instru\u00e7\u00f5es de utiliza\u00e7\u00e3o: Agitar antes de utilizar. Pulverizar o tecido uniformemente sobre toda a superf\u00edcie, de modo a que fique h\u00famido. Alisar ou esticar ligeiramente o tecido. Deixar secar. Testar numa pequena \u00e1rea do tecido antes de utilizar.<\/li>\n<\/ul>\n<p><strong>Verificar como funciona: <a href=\"https:\/\/www.youtube.com\/watch?v=JEayzSW_y2s\">Elix Crease Releaser - modo de utiliza\u00e7\u00e3o<\/a><\/strong><\/p>\n<\/div>\n<\/div>\n<\/div>\n<\/div>","protected":false},"featured_media":53734,"parent":0,"menu_order":0,"template":"","class_list":["post-53729","product","type-product","status-publish","has-post-thumbnail","hentry","product_category-amarella_2","product_category-crease_releaser_250"],"acf":[],"yoast_head":"<!-- This site is optimized with the Yoast SEO Premium plugin v27.2 (Yoast SEO v27.4) - https:\/\/yoast.com\/product\/yoast-seo-premium-wordpress\/ -->\n<title>Crease Releaser: Add Elegance to Your Fabrics - ELiX EU air fresheners<\/title>\n<meta name=\"description\" content=\"Discover the classic elegance of our fragrance that gives a fresh, sophisticated aroma to your fabrics. Perfect for those who appreciate a touch of sophistication in everyday essentials.\" \/>\n<meta name=\"robots\" content=\"index, follow, max-snippet:-1, max-image-preview:large, max-video-preview:-1\" \/>\n<link rel=\"canonical\" href=\"https:\/\/elixscent.com\/pt\/produto\/desmancha-rugas-250-classico\/\" \/>\n<meta property=\"og:locale\" content=\"pt_PT\" \/>\n<meta property=\"og:type\" content=\"article\" \/>\n<meta property=\"og:title\" content=\"Crease Releaser 250 Amarella Classic\" \/>\n<meta property=\"og:description\" content=\"Discover the classic elegance of our fragrance that gives a fresh, sophisticated aroma to your fabrics. Perfect for those who appreciate a touch of sophistication in everyday essentials.\" \/>\n<meta property=\"og:url\" content=\"https:\/\/elixscent.com\/pt\/produto\/desmancha-rugas-250-classico\/\" \/>\n<meta property=\"og:site_name\" content=\"ELiX EU air fresheners\" \/>\n<meta property=\"article:modified_time\" content=\"2025-12-04T07:43:31+00:00\" \/>\n<meta property=\"og:image\" content=\"https:\/\/elixscent.com\/wp-content\/uploads\/CR_classic_250_ENG_1.0-1.png\" \/>\n\t<meta property=\"og:image:width\" content=\"230\" \/>\n\t<meta property=\"og:image:height\" content=\"656\" \/>\n\t<meta property=\"og:image:type\" content=\"image\/png\" \/>\n<meta name=\"twitter:card\" content=\"summary_large_image\" \/>\n<meta name=\"twitter:label1\" content=\"Tempo estimado de leitura\" \/>\n\t<meta name=\"twitter:data1\" content=\"1 minuto\" \/>\n<script type=\"application\/ld+json\" class=\"yoast-schema-graph\">{\"@context\":\"https:\\\/\\\/schema.org\",\"@graph\":[{\"@type\":\"WebPage\",\"@id\":\"https:\\\/\\\/elixscent.com\\\/product\\\/crease-releaser250-classic\\\/\",\"url\":\"https:\\\/\\\/elixscent.com\\\/product\\\/crease-releaser250-classic\\\/\",\"name\":\"Crease Releaser: Add Elegance to Your Fabrics - ELiX EU air fresheners\",\"isPartOf\":{\"@id\":\"https:\\\/\\\/elixscent.com\\\/#website\"},\"primaryImageOfPage\":{\"@id\":\"https:\\\/\\\/elixscent.com\\\/product\\\/crease-releaser250-classic\\\/#primaryimage\"},\"image\":{\"@id\":\"https:\\\/\\\/elixscent.com\\\/product\\\/crease-releaser250-classic\\\/#primaryimage\"},\"thumbnailUrl\":\"https:\\\/\\\/elixscent.com\\\/wp-content\\\/uploads\\\/CR_classic_250_ENG_1.0-1.png\",\"datePublished\":\"2024-11-04T11:54:44+00:00\",\"dateModified\":\"2025-12-04T07:43:31+00:00\",\"description\":\"Discover the classic elegance of our fragrance that gives a fresh, sophisticated aroma to your fabrics. Perfect for those who appreciate a touch of sophistication in everyday essentials.\",\"breadcrumb\":{\"@id\":\"https:\\\/\\\/elixscent.com\\\/product\\\/crease-releaser250-classic\\\/#breadcrumb\"},\"inLanguage\":\"pt-PT\",\"potentialAction\":[{\"@type\":\"ReadAction\",\"target\":[\"https:\\\/\\\/elixscent.com\\\/product\\\/crease-releaser250-classic\\\/\"]}]},{\"@type\":\"ImageObject\",\"inLanguage\":\"pt-PT\",\"@id\":\"https:\\\/\\\/elixscent.com\\\/product\\\/crease-releaser250-classic\\\/#primaryimage\",\"url\":\"https:\\\/\\\/elixscent.com\\\/wp-content\\\/uploads\\\/CR_classic_250_ENG_1.0-1.png\",\"contentUrl\":\"https:\\\/\\\/elixscent.com\\\/wp-content\\\/uploads\\\/CR_classic_250_ENG_1.0-1.png\",\"width\":230,\"height\":656,\"caption\":\"CR classic 250 ENG 1.0 1\"},{\"@type\":\"BreadcrumbList\",\"@id\":\"https:\\\/\\\/elixscent.com\\\/product\\\/crease-releaser250-classic\\\/#breadcrumb\",\"itemListElement\":[{\"@type\":\"ListItem\",\"position\":1,\"name\":\"Home\",\"item\":\"https:\\\/\\\/elixscent.com\\\/\"},{\"@type\":\"ListItem\",\"position\":2,\"name\":\"Products\",\"item\":\"https:\\\/\\\/elixscent.com\\\/product\\\/\"},{\"@type\":\"ListItem\",\"position\":3,\"name\":\"AMARELLA scented laundry\",\"item\":\"https:\\\/\\\/elixscent.com\\\/product-category\\\/amarella_2\\\/\"},{\"@type\":\"ListItem\",\"position\":4,\"name\":\"Crease Releaser 250\",\"item\":\"https:\\\/\\\/elixscent.com\\\/product-category\\\/crease_releaser_250\\\/\"},{\"@type\":\"ListItem\",\"position\":5,\"name\":\"Crease Releaser 250 Amarella Classic\"}]},{\"@type\":\"WebSite\",\"@id\":\"https:\\\/\\\/elixscent.com\\\/#website\",\"url\":\"https:\\\/\\\/elixscent.com\\\/\",\"name\":\"ELiX EU air fresheners\",\"description\":\"Air &amp; Fabric, Perfectly Fresh\",\"publisher\":{\"@id\":\"https:\\\/\\\/elixscent.com\\\/#organization\"},\"potentialAction\":[{\"@type\":\"SearchAction\",\"target\":{\"@type\":\"EntryPoint\",\"urlTemplate\":\"https:\\\/\\\/elixscent.com\\\/?s={search_term_string}\"},\"query-input\":{\"@type\":\"PropertyValueSpecification\",\"valueRequired\":true,\"valueName\":\"search_term_string\"}}],\"inLanguage\":\"pt-PT\"},{\"@type\":\"Organization\",\"@id\":\"https:\\\/\\\/elixscent.com\\\/#organization\",\"name\":\"ELIX air freshener manufacturer\",\"url\":\"https:\\\/\\\/elixscent.com\\\/\",\"logo\":{\"@type\":\"ImageObject\",\"inLanguage\":\"pt-PT\",\"@id\":\"https:\\\/\\\/elixscent.com\\\/#\\\/schema\\\/logo\\\/image\\\/\",\"url\":\"https:\\\/\\\/elixscent.com\\\/wp-content\\\/uploads\\\/elix_logo_1.0-_300.jpg\",\"contentUrl\":\"https:\\\/\\\/elixscent.com\\\/wp-content\\\/uploads\\\/elix_logo_1.0-_300.jpg\",\"width\":300,\"height\":257,\"caption\":\"ELIX air freshener manufacturer\"},\"image\":{\"@id\":\"https:\\\/\\\/elixscent.com\\\/#\\\/schema\\\/logo\\\/image\\\/\"},\"sameAs\":[\"https:\\\/\\\/www.linkedin.com\\\/company\\\/30084929\"]}]}<\/script>\n<!-- \/ Yoast SEO Premium plugin. -->","yoast_head_json":{"title":"Desentupidor de vincos: D\u00ea eleg\u00e2ncia aos seus tecidos - Ambientadores ELiX EU","description":"Descubra a eleg\u00e2ncia cl\u00e1ssica da nossa fragr\u00e2ncia que confere um aroma fresco e sofisticado aos seus tecidos. Perfeito para quem aprecia um toque de sofistica\u00e7\u00e3o nos objectos essenciais do dia a dia.","robots":{"index":"index","follow":"follow","max-snippet":"max-snippet:-1","max-image-preview":"max-image-preview:large","max-video-preview":"max-video-preview:-1"},"canonical":"https:\/\/elixscent.com\/pt\/produto\/desmancha-rugas-250-classico\/","og_locale":"pt_PT","og_type":"article","og_title":"Crease Releaser 250 Amarella Classic","og_description":"Discover the classic elegance of our fragrance that gives a fresh, sophisticated aroma to your fabrics. Perfect for those who appreciate a touch of sophistication in everyday essentials.","og_url":"https:\/\/elixscent.com\/pt\/produto\/desmancha-rugas-250-classico\/","og_site_name":"ELiX EU air fresheners","article_modified_time":"2025-12-04T07:43:31+00:00","og_image":[{"width":230,"height":656,"url":"https:\/\/elixscent.com\/wp-content\/uploads\/CR_classic_250_ENG_1.0-1.png","type":"image\/png"}],"twitter_card":"summary_large_image","twitter_misc":{"Tempo estimado de leitura":"1 minuto"},"schema":{"@context":"https:\/\/schema.org","@graph":[{"@type":"WebPage","@id":"https:\/\/elixscent.com\/product\/crease-releaser250-classic\/","url":"https:\/\/elixscent.com\/product\/crease-releaser250-classic\/","name":"Desentupidor de vincos: D\u00ea eleg\u00e2ncia aos seus tecidos - Ambientadores ELiX EU","isPartOf":{"@id":"https:\/\/elixscent.com\/#website"},"primaryImageOfPage":{"@id":"https:\/\/elixscent.com\/product\/crease-releaser250-classic\/#primaryimage"},"image":{"@id":"https:\/\/elixscent.com\/product\/crease-releaser250-classic\/#primaryimage"},"thumbnailUrl":"https:\/\/elixscent.com\/wp-content\/uploads\/CR_classic_250_ENG_1.0-1.png","datePublished":"2024-11-04T11:54:44+00:00","dateModified":"2025-12-04T07:43:31+00:00","description":"Descubra a eleg\u00e2ncia cl\u00e1ssica da nossa fragr\u00e2ncia que confere um aroma fresco e sofisticado aos seus tecidos. Perfeito para quem aprecia um toque de sofistica\u00e7\u00e3o nos objectos essenciais do dia a dia.","breadcrumb":{"@id":"https:\/\/elixscent.com\/product\/crease-releaser250-classic\/#breadcrumb"},"inLanguage":"pt-PT","potentialAction":[{"@type":"ReadAction","target":["https:\/\/elixscent.com\/product\/crease-releaser250-classic\/"]}]},{"@type":"ImageObject","inLanguage":"pt-PT","@id":"https:\/\/elixscent.com\/product\/crease-releaser250-classic\/#primaryimage","url":"https:\/\/elixscent.com\/wp-content\/uploads\/CR_classic_250_ENG_1.0-1.png","contentUrl":"https:\/\/elixscent.com\/wp-content\/uploads\/CR_classic_250_ENG_1.0-1.png","width":230,"height":656,"caption":"CR classic 250 ENG 1.0 1"},{"@type":"BreadcrumbList","@id":"https:\/\/elixscent.com\/product\/crease-releaser250-classic\/#breadcrumb","itemListElement":[{"@type":"ListItem","position":1,"name":"Home","item":"https:\/\/elixscent.com\/"},{"@type":"ListItem","position":2,"name":"Products","item":"https:\/\/elixscent.com\/product\/"},{"@type":"ListItem","position":3,"name":"AMARELLA scented laundry","item":"https:\/\/elixscent.com\/product-category\/amarella_2\/"},{"@type":"ListItem","position":4,"name":"Crease Releaser 250","item":"https:\/\/elixscent.com\/product-category\/crease_releaser_250\/"},{"@type":"ListItem","position":5,"name":"Crease Releaser 250 Amarella Classic"}]},{"@type":"WebSite","@id":"https:\/\/elixscent.com\/#website","url":"https:\/\/elixscent.com\/","name":"Ambientadores ELiX EU","description":"Ar e tecido, perfeitamente frescos","publisher":{"@id":"https:\/\/elixscent.com\/#organization"},"potentialAction":[{"@type":"SearchAction","target":{"@type":"EntryPoint","urlTemplate":"https:\/\/elixscent.com\/?s={search_term_string}"},"query-input":{"@type":"PropertyValueSpecification","valueRequired":true,"valueName":"search_term_string"}}],"inLanguage":"pt-PT"},{"@type":"Organization","@id":"https:\/\/elixscent.com\/#organization","name":"Fabricante de purificadores de ar ELIX","url":"https:\/\/elixscent.com\/","logo":{"@type":"ImageObject","inLanguage":"pt-PT","@id":"https:\/\/elixscent.com\/#\/schema\/logo\/image\/","url":"https:\/\/elixscent.com\/wp-content\/uploads\/elix_logo_1.0-_300.jpg","contentUrl":"https:\/\/elixscent.com\/wp-content\/uploads\/elix_logo_1.0-_300.jpg","width":300,"height":257,"caption":"ELIX air freshener manufacturer"},"image":{"@id":"https:\/\/elixscent.com\/#\/schema\/logo\/image\/"},"sameAs":["https:\/\/www.linkedin.com\/company\/30084929"]}]}},"_links":{"self":[{"href":"https:\/\/elixscent.com\/pt\/wp-json\/wp\/v2\/product\/53729","targetHints":{"allow":["GET"]}}],"collection":[{"href":"https:\/\/elixscent.com\/pt\/wp-json\/wp\/v2\/product"}],"about":[{"href":"https:\/\/elixscent.com\/pt\/wp-json\/wp\/v2\/types\/product"}],"version-history":[{"count":15,"href":"https:\/\/elixscent.com\/pt\/wp-json\/wp\/v2\/product\/53729\/revisions"}],"predecessor-version":[{"id":58887,"href":"https:\/\/elixscent.com\/pt\/wp-json\/wp\/v2\/product\/53729\/revisions\/58887"}],"wp:featuredmedia":[{"embeddable":true,"href":"https:\/\/elixscent.com\/pt\/wp-json\/wp\/v2\/media\/53734"}],"wp:attachment":[{"href":"https:\/\/elixscent.com\/pt\/wp-json\/wp\/v2\/media?parent=53729"}],"curies":[{"name":"wp","href":"https:\/\/api.w.org\/{rel}","templated":true}]}}