{"id":32869,"date":"2024-02-20T09:45:56","date_gmt":"2024-02-20T09:45:56","guid":{"rendered":"https:\/\/elixscent.com\/?post_type=product&#038;p=32869"},"modified":"2024-10-14T13:46:33","modified_gmt":"2024-10-14T13:46:33","slug":"brisa-de-gel-3d","status":"publish","type":"product","link":"https:\/\/elixscent.com\/pt\/product\/3d-gel-breeze\/","title":{"rendered":"3D GEL Breeze"},"content":{"rendered":"<p>3D GEL: um ambientador em gel potente e de longa dura\u00e7\u00e3o. Com a sua f\u00f3rmula moderna em gel e as \u00faltimas varia\u00e7\u00f5es de aroma, este ambientador eficaz tem um pre\u00e7o muito atrativo.<\/p>\n<div id=\"text_block-22-132\" class=\"ct-text-block\">\n<p><span id=\"span-23-132\" class=\"ct-span oxy-stock-content-styles\"><em>&gt;&gt; Se quiser comprar, visite a nossa loja:<\/em> <a class=\"_ps2id\" href=\"https:\/\/airfresh24.com\/products\/shop\/gel-3d\/\" data-ps2id-offset=\"\"><strong>www.airfresh24.com<\/strong><\/a><\/span><\/p>\n<\/div>","protected":false},"featured_media":32870,"parent":0,"menu_order":0,"template":"","class_list":["post-32869","product","type-product","status-publish","has-post-thumbnail","hentry","product_category-3d_gel","product_category-gel"],"acf":[],"yoast_head":"<!-- This site is optimized with the Yoast SEO Premium plugin v27.2 (Yoast SEO v27.4) - https:\/\/yoast.com\/product\/yoast-seo-premium-wordpress\/ -->\n<title>3D GEL Breeze - ELiX EU air fresheners<\/title>\n<meta name=\"description\" content=\"3D GEL: a powerful and long-lasting gel air freshener. With its modern gel formula and latest scent variations, this effective air freshener\" \/>\n<meta name=\"robots\" content=\"index, follow, max-snippet:-1, max-image-preview:large, max-video-preview:-1\" \/>\n<link rel=\"canonical\" href=\"https:\/\/elixscent.com\/pt\/produto\/brisa-de-gel-3d\/\" \/>\n<meta property=\"og:locale\" content=\"pt_PT\" \/>\n<meta property=\"og:type\" content=\"article\" \/>\n<meta property=\"og:title\" content=\"3D GEL Breeze\" \/>\n<meta property=\"og:description\" content=\"3D GEL: a powerful and long-lasting gel air freshener. With its modern gel formula and latest scent variations, this effective air freshener\" \/>\n<meta property=\"og:url\" content=\"https:\/\/elixscent.com\/pt\/produto\/brisa-de-gel-3d\/\" \/>\n<meta property=\"og:site_name\" content=\"ELiX EU air fresheners\" \/>\n<meta property=\"article:modified_time\" content=\"2024-10-14T13:46:33+00:00\" \/>\n<meta property=\"og:image\" content=\"https:\/\/elixscent.com\/wp-content\/uploads\/gel3D_100ml_breeze_1.0.png\" \/>\n\t<meta property=\"og:image:width\" content=\"550\" \/>\n\t<meta property=\"og:image:height\" content=\"562\" \/>\n\t<meta property=\"og:image:type\" content=\"image\/png\" \/>\n<meta name=\"twitter:card\" content=\"summary_large_image\" \/>\n<meta name=\"twitter:label1\" content=\"Tempo estimado de leitura\" \/>\n\t<meta name=\"twitter:data1\" content=\"1 minuto\" \/>\n<script type=\"application\/ld+json\" class=\"yoast-schema-graph\">{\"@context\":\"https:\\\/\\\/schema.org\",\"@graph\":[{\"@type\":\"WebPage\",\"@id\":\"https:\\\/\\\/elixscent.com\\\/product\\\/3d-gel-breeze\\\/\",\"url\":\"https:\\\/\\\/elixscent.com\\\/product\\\/3d-gel-breeze\\\/\",\"name\":\"3D GEL Breeze - ELiX EU air fresheners\",\"isPartOf\":{\"@id\":\"https:\\\/\\\/elixscent.com\\\/#website\"},\"primaryImageOfPage\":{\"@id\":\"https:\\\/\\\/elixscent.com\\\/product\\\/3d-gel-breeze\\\/#primaryimage\"},\"image\":{\"@id\":\"https:\\\/\\\/elixscent.com\\\/product\\\/3d-gel-breeze\\\/#primaryimage\"},\"thumbnailUrl\":\"https:\\\/\\\/elixscent.com\\\/wp-content\\\/uploads\\\/gel3D_100ml_breeze_1.0.png\",\"datePublished\":\"2024-02-20T09:45:56+00:00\",\"dateModified\":\"2024-10-14T13:46:33+00:00\",\"description\":\"3D GEL: a powerful and long-lasting gel air freshener. With its modern gel formula and latest scent variations, this effective air freshener\",\"breadcrumb\":{\"@id\":\"https:\\\/\\\/elixscent.com\\\/product\\\/3d-gel-breeze\\\/#breadcrumb\"},\"inLanguage\":\"pt-PT\",\"potentialAction\":[{\"@type\":\"ReadAction\",\"target\":[\"https:\\\/\\\/elixscent.com\\\/product\\\/3d-gel-breeze\\\/\"]}]},{\"@type\":\"ImageObject\",\"inLanguage\":\"pt-PT\",\"@id\":\"https:\\\/\\\/elixscent.com\\\/product\\\/3d-gel-breeze\\\/#primaryimage\",\"url\":\"https:\\\/\\\/elixscent.com\\\/wp-content\\\/uploads\\\/gel3D_100ml_breeze_1.0.png\",\"contentUrl\":\"https:\\\/\\\/elixscent.com\\\/wp-content\\\/uploads\\\/gel3D_100ml_breeze_1.0.png\",\"width\":550,\"height\":562,\"caption\":\"gel3D 100ml breeze 1.0\"},{\"@type\":\"BreadcrumbList\",\"@id\":\"https:\\\/\\\/elixscent.com\\\/product\\\/3d-gel-breeze\\\/#breadcrumb\",\"itemListElement\":[{\"@type\":\"ListItem\",\"position\":1,\"name\":\"Home\",\"item\":\"https:\\\/\\\/elixscent.com\\\/\"},{\"@type\":\"ListItem\",\"position\":2,\"name\":\"Products\",\"item\":\"https:\\\/\\\/elixscent.com\\\/product\\\/\"},{\"@type\":\"ListItem\",\"position\":3,\"name\":\"GEL FRESHENERS\",\"item\":\"https:\\\/\\\/elixscent.com\\\/product-category\\\/gel\\\/\"},{\"@type\":\"ListItem\",\"position\":4,\"name\":\"3D GEL\",\"item\":\"https:\\\/\\\/elixscent.com\\\/product-category\\\/3d_gel\\\/\"},{\"@type\":\"ListItem\",\"position\":5,\"name\":\"3D GEL Breeze\"}]},{\"@type\":\"WebSite\",\"@id\":\"https:\\\/\\\/elixscent.com\\\/#website\",\"url\":\"https:\\\/\\\/elixscent.com\\\/\",\"name\":\"ELiX EU air fresheners\",\"description\":\"Air &amp; Fabric, Perfectly Fresh\",\"publisher\":{\"@id\":\"https:\\\/\\\/elixscent.com\\\/#organization\"},\"potentialAction\":[{\"@type\":\"SearchAction\",\"target\":{\"@type\":\"EntryPoint\",\"urlTemplate\":\"https:\\\/\\\/elixscent.com\\\/?s={search_term_string}\"},\"query-input\":{\"@type\":\"PropertyValueSpecification\",\"valueRequired\":true,\"valueName\":\"search_term_string\"}}],\"inLanguage\":\"pt-PT\"},{\"@type\":\"Organization\",\"@id\":\"https:\\\/\\\/elixscent.com\\\/#organization\",\"name\":\"ELIX air freshener manufacturer\",\"url\":\"https:\\\/\\\/elixscent.com\\\/\",\"logo\":{\"@type\":\"ImageObject\",\"inLanguage\":\"pt-PT\",\"@id\":\"https:\\\/\\\/elixscent.com\\\/#\\\/schema\\\/logo\\\/image\\\/\",\"url\":\"https:\\\/\\\/elixscent.com\\\/wp-content\\\/uploads\\\/elix_logo_1.0-_300.jpg\",\"contentUrl\":\"https:\\\/\\\/elixscent.com\\\/wp-content\\\/uploads\\\/elix_logo_1.0-_300.jpg\",\"width\":300,\"height\":257,\"caption\":\"ELIX air freshener manufacturer\"},\"image\":{\"@id\":\"https:\\\/\\\/elixscent.com\\\/#\\\/schema\\\/logo\\\/image\\\/\"},\"sameAs\":[\"https:\\\/\\\/www.linkedin.com\\\/company\\\/30084929\"]}]}<\/script>\n<!-- \/ Yoast SEO Premium plugin. -->","yoast_head_json":{"title":"3D GEL Breeze - Purificadores de ar ELiX EU","description":"3D GEL: um ambientador em gel potente e de longa dura\u00e7\u00e3o. Com a sua f\u00f3rmula moderna em gel e as \u00faltimas varia\u00e7\u00f5es de aroma, este ambientador eficaz","robots":{"index":"index","follow":"follow","max-snippet":"max-snippet:-1","max-image-preview":"max-image-preview:large","max-video-preview":"max-video-preview:-1"},"canonical":"https:\/\/elixscent.com\/pt\/produto\/brisa-de-gel-3d\/","og_locale":"pt_PT","og_type":"article","og_title":"3D GEL Breeze","og_description":"3D GEL: a powerful and long-lasting gel air freshener. With its modern gel formula and latest scent variations, this effective air freshener","og_url":"https:\/\/elixscent.com\/pt\/produto\/brisa-de-gel-3d\/","og_site_name":"ELiX EU air fresheners","article_modified_time":"2024-10-14T13:46:33+00:00","og_image":[{"width":550,"height":562,"url":"https:\/\/elixscent.com\/wp-content\/uploads\/gel3D_100ml_breeze_1.0.png","type":"image\/png"}],"twitter_card":"summary_large_image","twitter_misc":{"Tempo estimado de leitura":"1 minuto"},"schema":{"@context":"https:\/\/schema.org","@graph":[{"@type":"WebPage","@id":"https:\/\/elixscent.com\/product\/3d-gel-breeze\/","url":"https:\/\/elixscent.com\/product\/3d-gel-breeze\/","name":"3D GEL Breeze - Purificadores de ar ELiX EU","isPartOf":{"@id":"https:\/\/elixscent.com\/#website"},"primaryImageOfPage":{"@id":"https:\/\/elixscent.com\/product\/3d-gel-breeze\/#primaryimage"},"image":{"@id":"https:\/\/elixscent.com\/product\/3d-gel-breeze\/#primaryimage"},"thumbnailUrl":"https:\/\/elixscent.com\/wp-content\/uploads\/gel3D_100ml_breeze_1.0.png","datePublished":"2024-02-20T09:45:56+00:00","dateModified":"2024-10-14T13:46:33+00:00","description":"3D GEL: um ambientador em gel potente e de longa dura\u00e7\u00e3o. Com a sua f\u00f3rmula moderna em gel e as \u00faltimas varia\u00e7\u00f5es de aroma, este ambientador eficaz","breadcrumb":{"@id":"https:\/\/elixscent.com\/product\/3d-gel-breeze\/#breadcrumb"},"inLanguage":"pt-PT","potentialAction":[{"@type":"ReadAction","target":["https:\/\/elixscent.com\/product\/3d-gel-breeze\/"]}]},{"@type":"ImageObject","inLanguage":"pt-PT","@id":"https:\/\/elixscent.com\/product\/3d-gel-breeze\/#primaryimage","url":"https:\/\/elixscent.com\/wp-content\/uploads\/gel3D_100ml_breeze_1.0.png","contentUrl":"https:\/\/elixscent.com\/wp-content\/uploads\/gel3D_100ml_breeze_1.0.png","width":550,"height":562,"caption":"gel3D 100ml breeze 1.0"},{"@type":"BreadcrumbList","@id":"https:\/\/elixscent.com\/product\/3d-gel-breeze\/#breadcrumb","itemListElement":[{"@type":"ListItem","position":1,"name":"Home","item":"https:\/\/elixscent.com\/"},{"@type":"ListItem","position":2,"name":"Products","item":"https:\/\/elixscent.com\/product\/"},{"@type":"ListItem","position":3,"name":"GEL FRESHENERS","item":"https:\/\/elixscent.com\/product-category\/gel\/"},{"@type":"ListItem","position":4,"name":"3D GEL","item":"https:\/\/elixscent.com\/product-category\/3d_gel\/"},{"@type":"ListItem","position":5,"name":"3D GEL Breeze"}]},{"@type":"WebSite","@id":"https:\/\/elixscent.com\/#website","url":"https:\/\/elixscent.com\/","name":"Ambientadores ELiX EU","description":"Ar e tecido, perfeitamente frescos","publisher":{"@id":"https:\/\/elixscent.com\/#organization"},"potentialAction":[{"@type":"SearchAction","target":{"@type":"EntryPoint","urlTemplate":"https:\/\/elixscent.com\/?s={search_term_string}"},"query-input":{"@type":"PropertyValueSpecification","valueRequired":true,"valueName":"search_term_string"}}],"inLanguage":"pt-PT"},{"@type":"Organization","@id":"https:\/\/elixscent.com\/#organization","name":"Fabricante de purificadores de ar ELIX","url":"https:\/\/elixscent.com\/","logo":{"@type":"ImageObject","inLanguage":"pt-PT","@id":"https:\/\/elixscent.com\/#\/schema\/logo\/image\/","url":"https:\/\/elixscent.com\/wp-content\/uploads\/elix_logo_1.0-_300.jpg","contentUrl":"https:\/\/elixscent.com\/wp-content\/uploads\/elix_logo_1.0-_300.jpg","width":300,"height":257,"caption":"ELIX air freshener manufacturer"},"image":{"@id":"https:\/\/elixscent.com\/#\/schema\/logo\/image\/"},"sameAs":["https:\/\/www.linkedin.com\/company\/30084929"]}]}},"_links":{"self":[{"href":"https:\/\/elixscent.com\/pt\/wp-json\/wp\/v2\/product\/32869","targetHints":{"allow":["GET"]}}],"collection":[{"href":"https:\/\/elixscent.com\/pt\/wp-json\/wp\/v2\/product"}],"about":[{"href":"https:\/\/elixscent.com\/pt\/wp-json\/wp\/v2\/types\/product"}],"version-history":[{"count":3,"href":"https:\/\/elixscent.com\/pt\/wp-json\/wp\/v2\/product\/32869\/revisions"}],"predecessor-version":[{"id":53442,"href":"https:\/\/elixscent.com\/pt\/wp-json\/wp\/v2\/product\/32869\/revisions\/53442"}],"wp:featuredmedia":[{"embeddable":true,"href":"https:\/\/elixscent.com\/pt\/wp-json\/wp\/v2\/media\/32870"}],"wp:attachment":[{"href":"https:\/\/elixscent.com\/pt\/wp-json\/wp\/v2\/media?parent=32869"}],"curies":[{"name":"wp","href":"https:\/\/api.w.org\/{rel}","templated":true}]}}