{"id":27857,"date":"2022-10-07T07:41:35","date_gmt":"2022-10-07T07:41:35","guid":{"rendered":"https:\/\/elixscent.com\/?post_type=product&#038;p=27857"},"modified":"2024-10-14T13:42:10","modified_gmt":"2024-10-14T13:42:10","slug":"lavanda-ap","status":"publish","type":"product","link":"https:\/\/elixscent.com\/pt\/product\/ap-lavender\/","title":{"rendered":"AIR Perfume Lavanda"},"content":{"rendered":"<p>Abordagem n\u00e3o convencional ao aroma de lavanda com flores brancas e \u00edris escondidas.<\/p>\n<p>tamb\u00e9m dispon\u00edvel com um cabide para facilitar a exposi\u00e7\u00e3o<\/p>\n<p><span id=\"span-23-132\" class=\"ct-span oxy-stock-content-styles\"><em>&gt;&gt; Se quiser comprar, visite a nossa loja:<\/em> <a class=\"_ps2id\" href=\"https:\/\/airfresh24.com\/products\/shop\/air-perfume\/\" data-ps2id-offset=\"\"><strong>www.airfresh24.com<\/strong><\/a><\/span><\/p>","protected":false},"featured_media":27858,"parent":0,"menu_order":125,"template":"","class_list":["post-27857","product","type-product","status-publish","has-post-thumbnail","hentry","product_category-ap","product_category-air-spray"],"acf":[],"yoast_head":"<!-- This site is optimized with the Yoast SEO Premium plugin v27.2 (Yoast SEO v27.4) - https:\/\/yoast.com\/product\/yoast-seo-premium-wordpress\/ -->\n<title>AIR Perfume Lavender - ELiX EU air fresheners<\/title>\n<meta name=\"description\" content=\"A simple and easy-to-use air freshener. Thanks to its small size, it can always stay close to you and help change the smell\" \/>\n<meta name=\"robots\" content=\"index, follow, max-snippet:-1, max-image-preview:large, max-video-preview:-1\" \/>\n<link rel=\"canonical\" href=\"https:\/\/elixscent.com\/pt\/produto\/lavanda-ap\/\" \/>\n<meta property=\"og:locale\" content=\"pt_PT\" \/>\n<meta property=\"og:type\" content=\"article\" \/>\n<meta property=\"og:title\" content=\"AIR Perfume Lavender\" \/>\n<meta property=\"og:description\" content=\"A simple and easy-to-use air freshener. Thanks to its small size, it can always stay close to you and help change the smell\" \/>\n<meta property=\"og:url\" content=\"https:\/\/elixscent.com\/pt\/produto\/lavanda-ap\/\" \/>\n<meta property=\"og:site_name\" content=\"ELiX EU air fresheners\" \/>\n<meta property=\"article:modified_time\" content=\"2024-10-14T13:42:10+00:00\" \/>\n<meta property=\"og:image\" content=\"https:\/\/elixscent.com\/wp-content\/uploads\/AP-Lavender.webp\" \/>\n\t<meta property=\"og:image:width\" content=\"1000\" \/>\n\t<meta property=\"og:image:height\" content=\"1333\" \/>\n\t<meta property=\"og:image:type\" content=\"image\/webp\" \/>\n<meta name=\"twitter:card\" content=\"summary_large_image\" \/>\n<meta name=\"twitter:label1\" content=\"Tempo estimado de leitura\" \/>\n\t<meta name=\"twitter:data1\" content=\"1 minuto\" \/>\n<script type=\"application\/ld+json\" class=\"yoast-schema-graph\">{\"@context\":\"https:\\\/\\\/schema.org\",\"@graph\":[{\"@type\":\"WebPage\",\"@id\":\"https:\\\/\\\/elixscent.com\\\/product\\\/ap-lavender\\\/\",\"url\":\"https:\\\/\\\/elixscent.com\\\/product\\\/ap-lavender\\\/\",\"name\":\"AIR Perfume Lavender - ELiX EU air fresheners\",\"isPartOf\":{\"@id\":\"https:\\\/\\\/elixscent.com\\\/#website\"},\"primaryImageOfPage\":{\"@id\":\"https:\\\/\\\/elixscent.com\\\/product\\\/ap-lavender\\\/#primaryimage\"},\"image\":{\"@id\":\"https:\\\/\\\/elixscent.com\\\/product\\\/ap-lavender\\\/#primaryimage\"},\"thumbnailUrl\":\"https:\\\/\\\/elixscent.com\\\/wp-content\\\/uploads\\\/AP-Lavender.webp\",\"datePublished\":\"2022-10-07T07:41:35+00:00\",\"dateModified\":\"2024-10-14T13:42:10+00:00\",\"description\":\"A simple and easy-to-use air freshener. Thanks to its small size, it can always stay close to you and help change the smell\",\"breadcrumb\":{\"@id\":\"https:\\\/\\\/elixscent.com\\\/product\\\/ap-lavender\\\/#breadcrumb\"},\"inLanguage\":\"pt-PT\",\"potentialAction\":[{\"@type\":\"ReadAction\",\"target\":[\"https:\\\/\\\/elixscent.com\\\/product\\\/ap-lavender\\\/\"]}]},{\"@type\":\"ImageObject\",\"inLanguage\":\"pt-PT\",\"@id\":\"https:\\\/\\\/elixscent.com\\\/product\\\/ap-lavender\\\/#primaryimage\",\"url\":\"https:\\\/\\\/elixscent.com\\\/wp-content\\\/uploads\\\/AP-Lavender.webp\",\"contentUrl\":\"https:\\\/\\\/elixscent.com\\\/wp-content\\\/uploads\\\/AP-Lavender.webp\",\"width\":1000,\"height\":1333,\"caption\":\"AP Lavender\"},{\"@type\":\"BreadcrumbList\",\"@id\":\"https:\\\/\\\/elixscent.com\\\/product\\\/ap-lavender\\\/#breadcrumb\",\"itemListElement\":[{\"@type\":\"ListItem\",\"position\":1,\"name\":\"Home\",\"item\":\"https:\\\/\\\/elixscent.com\\\/\"},{\"@type\":\"ListItem\",\"position\":2,\"name\":\"Products\",\"item\":\"https:\\\/\\\/elixscent.com\\\/product\\\/\"},{\"@type\":\"ListItem\",\"position\":3,\"name\":\"SPRAY AIR FRESHENERS\",\"item\":\"https:\\\/\\\/elixscent.com\\\/product-category\\\/air-spray\\\/\"},{\"@type\":\"ListItem\",\"position\":4,\"name\":\"AIR Perfume Lavender\"}]},{\"@type\":\"WebSite\",\"@id\":\"https:\\\/\\\/elixscent.com\\\/#website\",\"url\":\"https:\\\/\\\/elixscent.com\\\/\",\"name\":\"ELiX EU air fresheners\",\"description\":\"Air &amp; Fabric, Perfectly Fresh\",\"publisher\":{\"@id\":\"https:\\\/\\\/elixscent.com\\\/#organization\"},\"potentialAction\":[{\"@type\":\"SearchAction\",\"target\":{\"@type\":\"EntryPoint\",\"urlTemplate\":\"https:\\\/\\\/elixscent.com\\\/?s={search_term_string}\"},\"query-input\":{\"@type\":\"PropertyValueSpecification\",\"valueRequired\":true,\"valueName\":\"search_term_string\"}}],\"inLanguage\":\"pt-PT\"},{\"@type\":\"Organization\",\"@id\":\"https:\\\/\\\/elixscent.com\\\/#organization\",\"name\":\"ELIX air freshener manufacturer\",\"url\":\"https:\\\/\\\/elixscent.com\\\/\",\"logo\":{\"@type\":\"ImageObject\",\"inLanguage\":\"pt-PT\",\"@id\":\"https:\\\/\\\/elixscent.com\\\/#\\\/schema\\\/logo\\\/image\\\/\",\"url\":\"https:\\\/\\\/elixscent.com\\\/wp-content\\\/uploads\\\/elix_logo_1.0-_300.jpg\",\"contentUrl\":\"https:\\\/\\\/elixscent.com\\\/wp-content\\\/uploads\\\/elix_logo_1.0-_300.jpg\",\"width\":300,\"height\":257,\"caption\":\"ELIX air freshener manufacturer\"},\"image\":{\"@id\":\"https:\\\/\\\/elixscent.com\\\/#\\\/schema\\\/logo\\\/image\\\/\"},\"sameAs\":[\"https:\\\/\\\/www.linkedin.com\\\/company\\\/30084929\"]}]}<\/script>\n<!-- \/ Yoast SEO Premium plugin. -->","yoast_head_json":{"title":"AIR Perfume Lavender - Ambientadores ELiX EU","description":"Um ambientador simples e f\u00e1cil de utilizar. Gra\u00e7as ao seu pequeno tamanho, pode estar sempre perto de si e ajudar a mudar o cheiro","robots":{"index":"index","follow":"follow","max-snippet":"max-snippet:-1","max-image-preview":"max-image-preview:large","max-video-preview":"max-video-preview:-1"},"canonical":"https:\/\/elixscent.com\/pt\/produto\/lavanda-ap\/","og_locale":"pt_PT","og_type":"article","og_title":"AIR Perfume Lavender","og_description":"A simple and easy-to-use air freshener. Thanks to its small size, it can always stay close to you and help change the smell","og_url":"https:\/\/elixscent.com\/pt\/produto\/lavanda-ap\/","og_site_name":"ELiX EU air fresheners","article_modified_time":"2024-10-14T13:42:10+00:00","og_image":[{"width":1000,"height":1333,"url":"https:\/\/elixscent.com\/wp-content\/uploads\/AP-Lavender.webp","type":"image\/webp"}],"twitter_card":"summary_large_image","twitter_misc":{"Tempo estimado de leitura":"1 minuto"},"schema":{"@context":"https:\/\/schema.org","@graph":[{"@type":"WebPage","@id":"https:\/\/elixscent.com\/product\/ap-lavender\/","url":"https:\/\/elixscent.com\/product\/ap-lavender\/","name":"AIR Perfume Lavender - Ambientadores ELiX EU","isPartOf":{"@id":"https:\/\/elixscent.com\/#website"},"primaryImageOfPage":{"@id":"https:\/\/elixscent.com\/product\/ap-lavender\/#primaryimage"},"image":{"@id":"https:\/\/elixscent.com\/product\/ap-lavender\/#primaryimage"},"thumbnailUrl":"https:\/\/elixscent.com\/wp-content\/uploads\/AP-Lavender.webp","datePublished":"2022-10-07T07:41:35+00:00","dateModified":"2024-10-14T13:42:10+00:00","description":"Um ambientador simples e f\u00e1cil de utilizar. Gra\u00e7as ao seu pequeno tamanho, pode estar sempre perto de si e ajudar a mudar o cheiro","breadcrumb":{"@id":"https:\/\/elixscent.com\/product\/ap-lavender\/#breadcrumb"},"inLanguage":"pt-PT","potentialAction":[{"@type":"ReadAction","target":["https:\/\/elixscent.com\/product\/ap-lavender\/"]}]},{"@type":"ImageObject","inLanguage":"pt-PT","@id":"https:\/\/elixscent.com\/product\/ap-lavender\/#primaryimage","url":"https:\/\/elixscent.com\/wp-content\/uploads\/AP-Lavender.webp","contentUrl":"https:\/\/elixscent.com\/wp-content\/uploads\/AP-Lavender.webp","width":1000,"height":1333,"caption":"AP Lavender"},{"@type":"BreadcrumbList","@id":"https:\/\/elixscent.com\/product\/ap-lavender\/#breadcrumb","itemListElement":[{"@type":"ListItem","position":1,"name":"Home","item":"https:\/\/elixscent.com\/"},{"@type":"ListItem","position":2,"name":"Products","item":"https:\/\/elixscent.com\/product\/"},{"@type":"ListItem","position":3,"name":"SPRAY AIR FRESHENERS","item":"https:\/\/elixscent.com\/product-category\/air-spray\/"},{"@type":"ListItem","position":4,"name":"AIR Perfume Lavender"}]},{"@type":"WebSite","@id":"https:\/\/elixscent.com\/#website","url":"https:\/\/elixscent.com\/","name":"Ambientadores ELiX EU","description":"Ar e tecido, perfeitamente frescos","publisher":{"@id":"https:\/\/elixscent.com\/#organization"},"potentialAction":[{"@type":"SearchAction","target":{"@type":"EntryPoint","urlTemplate":"https:\/\/elixscent.com\/?s={search_term_string}"},"query-input":{"@type":"PropertyValueSpecification","valueRequired":true,"valueName":"search_term_string"}}],"inLanguage":"pt-PT"},{"@type":"Organization","@id":"https:\/\/elixscent.com\/#organization","name":"Fabricante de purificadores de ar ELIX","url":"https:\/\/elixscent.com\/","logo":{"@type":"ImageObject","inLanguage":"pt-PT","@id":"https:\/\/elixscent.com\/#\/schema\/logo\/image\/","url":"https:\/\/elixscent.com\/wp-content\/uploads\/elix_logo_1.0-_300.jpg","contentUrl":"https:\/\/elixscent.com\/wp-content\/uploads\/elix_logo_1.0-_300.jpg","width":300,"height":257,"caption":"ELIX air freshener manufacturer"},"image":{"@id":"https:\/\/elixscent.com\/#\/schema\/logo\/image\/"},"sameAs":["https:\/\/www.linkedin.com\/company\/30084929"]}]}},"_links":{"self":[{"href":"https:\/\/elixscent.com\/pt\/wp-json\/wp\/v2\/product\/27857","targetHints":{"allow":["GET"]}}],"collection":[{"href":"https:\/\/elixscent.com\/pt\/wp-json\/wp\/v2\/product"}],"about":[{"href":"https:\/\/elixscent.com\/pt\/wp-json\/wp\/v2\/types\/product"}],"version-history":[{"count":9,"href":"https:\/\/elixscent.com\/pt\/wp-json\/wp\/v2\/product\/27857\/revisions"}],"predecessor-version":[{"id":53436,"href":"https:\/\/elixscent.com\/pt\/wp-json\/wp\/v2\/product\/27857\/revisions\/53436"}],"wp:featuredmedia":[{"embeddable":true,"href":"https:\/\/elixscent.com\/pt\/wp-json\/wp\/v2\/media\/27858"}],"wp:attachment":[{"href":"https:\/\/elixscent.com\/pt\/wp-json\/wp\/v2\/media?parent=27857"}],"curies":[{"name":"wp","href":"https:\/\/api.w.org\/{rel}","templated":true}]}}