{"id":26743,"date":"2022-08-12T10:26:34","date_gmt":"2022-08-12T10:26:34","guid":{"rendered":"https:\/\/elixscent.com\/?post_type=product&#038;p=26743"},"modified":"2023-02-08T10:46:57","modified_gmt":"2023-02-08T10:46:57","slug":"baunilha-suspensa-biologica","status":"publish","type":"product","link":"https:\/\/elixscent.com\/pt\/product\/organic-hanging-vanilla\/","title":{"rendered":"Baunilha de suspens\u00e3o biol\u00f3gica"},"content":{"rendered":"","protected":false},"featured_media":26745,"parent":0,"menu_order":5,"template":"","class_list":["post-26743","product","type-product","status-publish","has-post-thumbnail","hentry","product_category-organic-h","product_category-organic"],"acf":[],"yoast_head":"<!-- This site is optimized with the Yoast SEO Premium plugin v27.2 (Yoast SEO v27.4) - https:\/\/yoast.com\/product\/yoast-seo-premium-wordpress\/ -->\n<title>ORGANIC hanging Vanilla car air freshener by ELiX<\/title>\n<meta name=\"description\" content=\"Wood soaked in a special fragrance composition. Air freshener known and tested for years. Now in an improved version\" \/>\n<meta name=\"robots\" content=\"index, follow, max-snippet:-1, max-image-preview:large, max-video-preview:-1\" \/>\n<link rel=\"canonical\" href=\"https:\/\/elixscent.com\/pt\/produto\/baunilha-suspensa-biologica\/\" \/>\n<meta property=\"og:locale\" content=\"pt_PT\" \/>\n<meta property=\"og:type\" content=\"article\" \/>\n<meta property=\"og:title\" content=\"ORGANIC hanging Vanilla\" \/>\n<meta property=\"og:description\" content=\"Wood soaked in a special fragrance composition. Air freshener known and tested for years. Now in an improved version\" \/>\n<meta property=\"og:url\" content=\"https:\/\/elixscent.com\/pt\/produto\/baunilha-suspensa-biologica\/\" \/>\n<meta property=\"og:site_name\" content=\"ELiX EU air fresheners\" \/>\n<meta property=\"article:modified_time\" content=\"2023-02-08T10:46:57+00:00\" \/>\n<meta property=\"og:image\" content=\"https:\/\/elixscent.com\/wp-content\/uploads\/organicheadder_vanilla_1.0.png\" \/>\n\t<meta property=\"og:image:width\" content=\"230\" \/>\n\t<meta property=\"og:image:height\" content=\"556\" \/>\n\t<meta property=\"og:image:type\" content=\"image\/png\" \/>\n<meta name=\"twitter:card\" content=\"summary_large_image\" \/>\n<script type=\"application\/ld+json\" class=\"yoast-schema-graph\">{\"@context\":\"https:\\\/\\\/schema.org\",\"@graph\":[{\"@type\":\"WebPage\",\"@id\":\"https:\\\/\\\/elixscent.com\\\/product\\\/organic-hanging-vanilla\\\/\",\"url\":\"https:\\\/\\\/elixscent.com\\\/product\\\/organic-hanging-vanilla\\\/\",\"name\":\"ORGANIC hanging Vanilla car air freshener by ELiX\",\"isPartOf\":{\"@id\":\"https:\\\/\\\/elixscent.com\\\/#website\"},\"primaryImageOfPage\":{\"@id\":\"https:\\\/\\\/elixscent.com\\\/product\\\/organic-hanging-vanilla\\\/#primaryimage\"},\"image\":{\"@id\":\"https:\\\/\\\/elixscent.com\\\/product\\\/organic-hanging-vanilla\\\/#primaryimage\"},\"thumbnailUrl\":\"https:\\\/\\\/elixscent.com\\\/wp-content\\\/uploads\\\/organicheadder_vanilla_1.0.png\",\"datePublished\":\"2022-08-12T10:26:34+00:00\",\"dateModified\":\"2023-02-08T10:46:57+00:00\",\"description\":\"Wood soaked in a special fragrance composition. Air freshener known and tested for years. Now in an improved version\",\"breadcrumb\":{\"@id\":\"https:\\\/\\\/elixscent.com\\\/product\\\/organic-hanging-vanilla\\\/#breadcrumb\"},\"inLanguage\":\"pt-PT\",\"potentialAction\":[{\"@type\":\"ReadAction\",\"target\":[\"https:\\\/\\\/elixscent.com\\\/product\\\/organic-hanging-vanilla\\\/\"]}]},{\"@type\":\"ImageObject\",\"inLanguage\":\"pt-PT\",\"@id\":\"https:\\\/\\\/elixscent.com\\\/product\\\/organic-hanging-vanilla\\\/#primaryimage\",\"url\":\"https:\\\/\\\/elixscent.com\\\/wp-content\\\/uploads\\\/organicheadder_vanilla_1.0.png\",\"contentUrl\":\"https:\\\/\\\/elixscent.com\\\/wp-content\\\/uploads\\\/organicheadder_vanilla_1.0.png\",\"width\":230,\"height\":556,\"caption\":\"organicheadder vanilla 1.0\"},{\"@type\":\"BreadcrumbList\",\"@id\":\"https:\\\/\\\/elixscent.com\\\/product\\\/organic-hanging-vanilla\\\/#breadcrumb\",\"itemListElement\":[{\"@type\":\"ListItem\",\"position\":1,\"name\":\"Home\",\"item\":\"https:\\\/\\\/elixscent.com\\\/\"},{\"@type\":\"ListItem\",\"position\":2,\"name\":\"Products\",\"item\":\"https:\\\/\\\/elixscent.com\\\/product\\\/\"},{\"@type\":\"ListItem\",\"position\":3,\"name\":\"ORGANIC\",\"item\":\"https:\\\/\\\/elixscent.com\\\/product-category\\\/organic\\\/\"},{\"@type\":\"ListItem\",\"position\":4,\"name\":\"ORGANIC hanging version\",\"item\":\"https:\\\/\\\/elixscent.com\\\/product-category\\\/organic-h\\\/\"},{\"@type\":\"ListItem\",\"position\":5,\"name\":\"ORGANIC hanging Vanilla\"}]},{\"@type\":\"WebSite\",\"@id\":\"https:\\\/\\\/elixscent.com\\\/#website\",\"url\":\"https:\\\/\\\/elixscent.com\\\/\",\"name\":\"ELiX EU air fresheners\",\"description\":\"Air &amp; Fabric, Perfectly Fresh\",\"publisher\":{\"@id\":\"https:\\\/\\\/elixscent.com\\\/#organization\"},\"potentialAction\":[{\"@type\":\"SearchAction\",\"target\":{\"@type\":\"EntryPoint\",\"urlTemplate\":\"https:\\\/\\\/elixscent.com\\\/?s={search_term_string}\"},\"query-input\":{\"@type\":\"PropertyValueSpecification\",\"valueRequired\":true,\"valueName\":\"search_term_string\"}}],\"inLanguage\":\"pt-PT\"},{\"@type\":\"Organization\",\"@id\":\"https:\\\/\\\/elixscent.com\\\/#organization\",\"name\":\"ELIX air freshener manufacturer\",\"url\":\"https:\\\/\\\/elixscent.com\\\/\",\"logo\":{\"@type\":\"ImageObject\",\"inLanguage\":\"pt-PT\",\"@id\":\"https:\\\/\\\/elixscent.com\\\/#\\\/schema\\\/logo\\\/image\\\/\",\"url\":\"https:\\\/\\\/elixscent.com\\\/wp-content\\\/uploads\\\/elix_logo_1.0-_300.jpg\",\"contentUrl\":\"https:\\\/\\\/elixscent.com\\\/wp-content\\\/uploads\\\/elix_logo_1.0-_300.jpg\",\"width\":300,\"height\":257,\"caption\":\"ELIX air freshener manufacturer\"},\"image\":{\"@id\":\"https:\\\/\\\/elixscent.com\\\/#\\\/schema\\\/logo\\\/image\\\/\"},\"sameAs\":[\"https:\\\/\\\/www.linkedin.com\\\/company\\\/30084929\"]}]}<\/script>\n<!-- \/ Yoast SEO Premium plugin. -->","yoast_head_json":{"title":"Ambientador para autom\u00f3vel com baunilha suspensa ORGANIC da ELiX","description":"Madeira embebida numa composi\u00e7\u00e3o de fragr\u00e2ncia especial. Ambientador conhecido e testado h\u00e1 anos. Agora numa vers\u00e3o melhorada","robots":{"index":"index","follow":"follow","max-snippet":"max-snippet:-1","max-image-preview":"max-image-preview:large","max-video-preview":"max-video-preview:-1"},"canonical":"https:\/\/elixscent.com\/pt\/produto\/baunilha-suspensa-biologica\/","og_locale":"pt_PT","og_type":"article","og_title":"ORGANIC hanging Vanilla","og_description":"Wood soaked in a special fragrance composition. Air freshener known and tested for years. Now in an improved version","og_url":"https:\/\/elixscent.com\/pt\/produto\/baunilha-suspensa-biologica\/","og_site_name":"ELiX EU air fresheners","article_modified_time":"2023-02-08T10:46:57+00:00","og_image":[{"width":230,"height":556,"url":"https:\/\/elixscent.com\/wp-content\/uploads\/organicheadder_vanilla_1.0.png","type":"image\/png"}],"twitter_card":"summary_large_image","schema":{"@context":"https:\/\/schema.org","@graph":[{"@type":"WebPage","@id":"https:\/\/elixscent.com\/product\/organic-hanging-vanilla\/","url":"https:\/\/elixscent.com\/product\/organic-hanging-vanilla\/","name":"Ambientador para autom\u00f3vel com baunilha suspensa ORGANIC da ELiX","isPartOf":{"@id":"https:\/\/elixscent.com\/#website"},"primaryImageOfPage":{"@id":"https:\/\/elixscent.com\/product\/organic-hanging-vanilla\/#primaryimage"},"image":{"@id":"https:\/\/elixscent.com\/product\/organic-hanging-vanilla\/#primaryimage"},"thumbnailUrl":"https:\/\/elixscent.com\/wp-content\/uploads\/organicheadder_vanilla_1.0.png","datePublished":"2022-08-12T10:26:34+00:00","dateModified":"2023-02-08T10:46:57+00:00","description":"Madeira embebida numa composi\u00e7\u00e3o de fragr\u00e2ncia especial. Ambientador conhecido e testado h\u00e1 anos. Agora numa vers\u00e3o melhorada","breadcrumb":{"@id":"https:\/\/elixscent.com\/product\/organic-hanging-vanilla\/#breadcrumb"},"inLanguage":"pt-PT","potentialAction":[{"@type":"ReadAction","target":["https:\/\/elixscent.com\/product\/organic-hanging-vanilla\/"]}]},{"@type":"ImageObject","inLanguage":"pt-PT","@id":"https:\/\/elixscent.com\/product\/organic-hanging-vanilla\/#primaryimage","url":"https:\/\/elixscent.com\/wp-content\/uploads\/organicheadder_vanilla_1.0.png","contentUrl":"https:\/\/elixscent.com\/wp-content\/uploads\/organicheadder_vanilla_1.0.png","width":230,"height":556,"caption":"organicheadder vanilla 1.0"},{"@type":"BreadcrumbList","@id":"https:\/\/elixscent.com\/product\/organic-hanging-vanilla\/#breadcrumb","itemListElement":[{"@type":"ListItem","position":1,"name":"Home","item":"https:\/\/elixscent.com\/"},{"@type":"ListItem","position":2,"name":"Products","item":"https:\/\/elixscent.com\/product\/"},{"@type":"ListItem","position":3,"name":"ORGANIC","item":"https:\/\/elixscent.com\/product-category\/organic\/"},{"@type":"ListItem","position":4,"name":"ORGANIC hanging version","item":"https:\/\/elixscent.com\/product-category\/organic-h\/"},{"@type":"ListItem","position":5,"name":"ORGANIC hanging Vanilla"}]},{"@type":"WebSite","@id":"https:\/\/elixscent.com\/#website","url":"https:\/\/elixscent.com\/","name":"Ambientadores ELiX EU","description":"Ar e tecido, perfeitamente frescos","publisher":{"@id":"https:\/\/elixscent.com\/#organization"},"potentialAction":[{"@type":"SearchAction","target":{"@type":"EntryPoint","urlTemplate":"https:\/\/elixscent.com\/?s={search_term_string}"},"query-input":{"@type":"PropertyValueSpecification","valueRequired":true,"valueName":"search_term_string"}}],"inLanguage":"pt-PT"},{"@type":"Organization","@id":"https:\/\/elixscent.com\/#organization","name":"Fabricante de purificadores de ar ELIX","url":"https:\/\/elixscent.com\/","logo":{"@type":"ImageObject","inLanguage":"pt-PT","@id":"https:\/\/elixscent.com\/#\/schema\/logo\/image\/","url":"https:\/\/elixscent.com\/wp-content\/uploads\/elix_logo_1.0-_300.jpg","contentUrl":"https:\/\/elixscent.com\/wp-content\/uploads\/elix_logo_1.0-_300.jpg","width":300,"height":257,"caption":"ELIX air freshener manufacturer"},"image":{"@id":"https:\/\/elixscent.com\/#\/schema\/logo\/image\/"},"sameAs":["https:\/\/www.linkedin.com\/company\/30084929"]}]}},"_links":{"self":[{"href":"https:\/\/elixscent.com\/pt\/wp-json\/wp\/v2\/product\/26743","targetHints":{"allow":["GET"]}}],"collection":[{"href":"https:\/\/elixscent.com\/pt\/wp-json\/wp\/v2\/product"}],"about":[{"href":"https:\/\/elixscent.com\/pt\/wp-json\/wp\/v2\/types\/product"}],"version-history":[{"count":6,"href":"https:\/\/elixscent.com\/pt\/wp-json\/wp\/v2\/product\/26743\/revisions"}],"predecessor-version":[{"id":28753,"href":"https:\/\/elixscent.com\/pt\/wp-json\/wp\/v2\/product\/26743\/revisions\/28753"}],"wp:featuredmedia":[{"embeddable":true,"href":"https:\/\/elixscent.com\/pt\/wp-json\/wp\/v2\/media\/26745"}],"wp:attachment":[{"href":"https:\/\/elixscent.com\/pt\/wp-json\/wp\/v2\/media?parent=26743"}],"curies":[{"name":"wp","href":"https:\/\/api.w.org\/{rel}","templated":true}]}}