{"id":26502,"date":"2022-08-11T13:44:23","date_gmt":"2022-08-11T13:44:23","guid":{"rendered":"https:\/\/elixscent.com\/?post_type=product&#038;p=26502"},"modified":"2024-10-14T13:36:50","modified_gmt":"2024-10-14T13:36:50","slug":"aromas-of-nature-ginseng","status":"publish","type":"product","link":"https:\/\/elixscent.com\/pt\/product\/aromas-of-nature-ginseng\/","title":{"rendered":"Aromas of NATURE Ginseng"},"content":{"rendered":"<p><span id=\"span-23-132\" class=\"ct-span oxy-stock-content-styles\"><em>&gt;&gt; Se quiser comprar, visite a nossa loja:<\/em> <a class=\"_ps2id\" href=\"https:\/\/airfresh24.com\/products\/shop\/aromas-nature\/\" data-ps2id-offset=\"\"><strong>www.airfresh24.com<\/strong><\/a><\/span><\/p>","protected":false},"featured_media":26503,"parent":0,"menu_order":13,"template":"","class_list":["post-26502","product","type-product","status-publish","has-post-thumbnail","hentry","product_category-wooden-air-freshener","product_category-aromas-of-nature"],"acf":[],"yoast_head":"<!-- This site is optimized with the Yoast SEO Premium plugin v27.2 (Yoast SEO v27.4) - https:\/\/yoast.com\/product\/yoast-seo-premium-wordpress\/ -->\n<title>Aromas of NATURE Ginseng air freshener by ELiX<\/title>\n<meta name=\"description\" content=\"Aromas of NATURE are specially selected herbal ingredients in the form of an air freshener. Plastic free, minimalist packaging.\" \/>\n<meta name=\"robots\" content=\"index, follow, max-snippet:-1, max-image-preview:large, max-video-preview:-1\" \/>\n<link rel=\"canonical\" href=\"https:\/\/elixscent.com\/pt\/produto\/aromas-of-nature-ginseng\/\" \/>\n<meta property=\"og:locale\" content=\"pt_PT\" \/>\n<meta property=\"og:type\" content=\"article\" \/>\n<meta property=\"og:title\" content=\"Aromas of NATURE Ginseng\" \/>\n<meta property=\"og:description\" content=\"Aromas of NATURE are specially selected herbal ingredients in the form of an air freshener. Plastic free, minimalist packaging.\" \/>\n<meta property=\"og:url\" content=\"https:\/\/elixscent.com\/pt\/produto\/aromas-of-nature-ginseng\/\" \/>\n<meta property=\"og:site_name\" content=\"ELiX EU air fresheners\" \/>\n<meta property=\"article:modified_time\" content=\"2024-10-14T13:36:50+00:00\" \/>\n<meta property=\"og:image\" content=\"https:\/\/elixscent.com\/wp-content\/uploads\/AN_zenszen_1.0.png\" \/>\n\t<meta property=\"og:image:width\" content=\"300\" \/>\n\t<meta property=\"og:image:height\" content=\"509\" \/>\n\t<meta property=\"og:image:type\" content=\"image\/png\" \/>\n<meta name=\"twitter:card\" content=\"summary_large_image\" \/>\n<meta name=\"twitter:label1\" content=\"Tempo estimado de leitura\" \/>\n\t<meta name=\"twitter:data1\" content=\"1 minuto\" \/>\n<script type=\"application\/ld+json\" class=\"yoast-schema-graph\">{\"@context\":\"https:\\\/\\\/schema.org\",\"@graph\":[{\"@type\":\"WebPage\",\"@id\":\"https:\\\/\\\/elixscent.com\\\/product\\\/aromas-of-nature-ginseng\\\/\",\"url\":\"https:\\\/\\\/elixscent.com\\\/product\\\/aromas-of-nature-ginseng\\\/\",\"name\":\"Aromas of NATURE Ginseng air freshener by ELiX\",\"isPartOf\":{\"@id\":\"https:\\\/\\\/elixscent.com\\\/#website\"},\"primaryImageOfPage\":{\"@id\":\"https:\\\/\\\/elixscent.com\\\/product\\\/aromas-of-nature-ginseng\\\/#primaryimage\"},\"image\":{\"@id\":\"https:\\\/\\\/elixscent.com\\\/product\\\/aromas-of-nature-ginseng\\\/#primaryimage\"},\"thumbnailUrl\":\"https:\\\/\\\/elixscent.com\\\/wp-content\\\/uploads\\\/AN_zenszen_1.0.png\",\"datePublished\":\"2022-08-11T13:44:23+00:00\",\"dateModified\":\"2024-10-14T13:36:50+00:00\",\"description\":\"Aromas of NATURE are specially selected herbal ingredients in the form of an air freshener. Plastic free, minimalist packaging.\",\"breadcrumb\":{\"@id\":\"https:\\\/\\\/elixscent.com\\\/product\\\/aromas-of-nature-ginseng\\\/#breadcrumb\"},\"inLanguage\":\"pt-PT\",\"potentialAction\":[{\"@type\":\"ReadAction\",\"target\":[\"https:\\\/\\\/elixscent.com\\\/product\\\/aromas-of-nature-ginseng\\\/\"]}]},{\"@type\":\"ImageObject\",\"inLanguage\":\"pt-PT\",\"@id\":\"https:\\\/\\\/elixscent.com\\\/product\\\/aromas-of-nature-ginseng\\\/#primaryimage\",\"url\":\"https:\\\/\\\/elixscent.com\\\/wp-content\\\/uploads\\\/AN_zenszen_1.0.png\",\"contentUrl\":\"https:\\\/\\\/elixscent.com\\\/wp-content\\\/uploads\\\/AN_zenszen_1.0.png\",\"width\":300,\"height\":509,\"caption\":\"AN zenszen 1.0\"},{\"@type\":\"BreadcrumbList\",\"@id\":\"https:\\\/\\\/elixscent.com\\\/product\\\/aromas-of-nature-ginseng\\\/#breadcrumb\",\"itemListElement\":[{\"@type\":\"ListItem\",\"position\":1,\"name\":\"Home\",\"item\":\"https:\\\/\\\/elixscent.com\\\/\"},{\"@type\":\"ListItem\",\"position\":2,\"name\":\"Products\",\"item\":\"https:\\\/\\\/elixscent.com\\\/product\\\/\"},{\"@type\":\"ListItem\",\"position\":3,\"name\":\"WOOD\",\"item\":\"https:\\\/\\\/elixscent.com\\\/product-category\\\/wooden-air-freshener\\\/\"},{\"@type\":\"ListItem\",\"position\":4,\"name\":\"aromas of nature 5\",\"item\":\"https:\\\/\\\/elixscent.com\\\/product-category\\\/aromas-of-nature\\\/\"},{\"@type\":\"ListItem\",\"position\":5,\"name\":\"Aromas of NATURE Ginseng\"}]},{\"@type\":\"WebSite\",\"@id\":\"https:\\\/\\\/elixscent.com\\\/#website\",\"url\":\"https:\\\/\\\/elixscent.com\\\/\",\"name\":\"ELiX EU air fresheners\",\"description\":\"Air &amp; Fabric, Perfectly Fresh\",\"publisher\":{\"@id\":\"https:\\\/\\\/elixscent.com\\\/#organization\"},\"potentialAction\":[{\"@type\":\"SearchAction\",\"target\":{\"@type\":\"EntryPoint\",\"urlTemplate\":\"https:\\\/\\\/elixscent.com\\\/?s={search_term_string}\"},\"query-input\":{\"@type\":\"PropertyValueSpecification\",\"valueRequired\":true,\"valueName\":\"search_term_string\"}}],\"inLanguage\":\"pt-PT\"},{\"@type\":\"Organization\",\"@id\":\"https:\\\/\\\/elixscent.com\\\/#organization\",\"name\":\"ELIX air freshener manufacturer\",\"url\":\"https:\\\/\\\/elixscent.com\\\/\",\"logo\":{\"@type\":\"ImageObject\",\"inLanguage\":\"pt-PT\",\"@id\":\"https:\\\/\\\/elixscent.com\\\/#\\\/schema\\\/logo\\\/image\\\/\",\"url\":\"https:\\\/\\\/elixscent.com\\\/wp-content\\\/uploads\\\/elix_logo_1.0-_300.jpg\",\"contentUrl\":\"https:\\\/\\\/elixscent.com\\\/wp-content\\\/uploads\\\/elix_logo_1.0-_300.jpg\",\"width\":300,\"height\":257,\"caption\":\"ELIX air freshener manufacturer\"},\"image\":{\"@id\":\"https:\\\/\\\/elixscent.com\\\/#\\\/schema\\\/logo\\\/image\\\/\"},\"sameAs\":[\"https:\\\/\\\/www.linkedin.com\\\/company\\\/30084929\"]}]}<\/script>\n<!-- \/ Yoast SEO Premium plugin. -->","yoast_head_json":{"title":"Aromas of NATURE Ginseng air freshener by ELiX","description":"Os Aromas da NATUREZA s\u00e3o ingredientes \u00e0 base de plantas especialmente selecionados sob a forma de ambientador. Embalagem minimalista e sem pl\u00e1stico.","robots":{"index":"index","follow":"follow","max-snippet":"max-snippet:-1","max-image-preview":"max-image-preview:large","max-video-preview":"max-video-preview:-1"},"canonical":"https:\/\/elixscent.com\/pt\/produto\/aromas-of-nature-ginseng\/","og_locale":"pt_PT","og_type":"article","og_title":"Aromas of NATURE Ginseng","og_description":"Aromas of NATURE are specially selected herbal ingredients in the form of an air freshener. Plastic free, minimalist packaging.","og_url":"https:\/\/elixscent.com\/pt\/produto\/aromas-of-nature-ginseng\/","og_site_name":"ELiX EU air fresheners","article_modified_time":"2024-10-14T13:36:50+00:00","og_image":[{"width":300,"height":509,"url":"https:\/\/elixscent.com\/wp-content\/uploads\/AN_zenszen_1.0.png","type":"image\/png"}],"twitter_card":"summary_large_image","twitter_misc":{"Tempo estimado de leitura":"1 minuto"},"schema":{"@context":"https:\/\/schema.org","@graph":[{"@type":"WebPage","@id":"https:\/\/elixscent.com\/product\/aromas-of-nature-ginseng\/","url":"https:\/\/elixscent.com\/product\/aromas-of-nature-ginseng\/","name":"Aromas of NATURE Ginseng air freshener by ELiX","isPartOf":{"@id":"https:\/\/elixscent.com\/#website"},"primaryImageOfPage":{"@id":"https:\/\/elixscent.com\/product\/aromas-of-nature-ginseng\/#primaryimage"},"image":{"@id":"https:\/\/elixscent.com\/product\/aromas-of-nature-ginseng\/#primaryimage"},"thumbnailUrl":"https:\/\/elixscent.com\/wp-content\/uploads\/AN_zenszen_1.0.png","datePublished":"2022-08-11T13:44:23+00:00","dateModified":"2024-10-14T13:36:50+00:00","description":"Os Aromas da NATUREZA s\u00e3o ingredientes \u00e0 base de plantas especialmente selecionados sob a forma de ambientador. Embalagem minimalista e sem pl\u00e1stico.","breadcrumb":{"@id":"https:\/\/elixscent.com\/product\/aromas-of-nature-ginseng\/#breadcrumb"},"inLanguage":"pt-PT","potentialAction":[{"@type":"ReadAction","target":["https:\/\/elixscent.com\/product\/aromas-of-nature-ginseng\/"]}]},{"@type":"ImageObject","inLanguage":"pt-PT","@id":"https:\/\/elixscent.com\/product\/aromas-of-nature-ginseng\/#primaryimage","url":"https:\/\/elixscent.com\/wp-content\/uploads\/AN_zenszen_1.0.png","contentUrl":"https:\/\/elixscent.com\/wp-content\/uploads\/AN_zenszen_1.0.png","width":300,"height":509,"caption":"AN zenszen 1.0"},{"@type":"BreadcrumbList","@id":"https:\/\/elixscent.com\/product\/aromas-of-nature-ginseng\/#breadcrumb","itemListElement":[{"@type":"ListItem","position":1,"name":"Home","item":"https:\/\/elixscent.com\/"},{"@type":"ListItem","position":2,"name":"Products","item":"https:\/\/elixscent.com\/product\/"},{"@type":"ListItem","position":3,"name":"WOOD","item":"https:\/\/elixscent.com\/product-category\/wooden-air-freshener\/"},{"@type":"ListItem","position":4,"name":"aromas of nature 5","item":"https:\/\/elixscent.com\/product-category\/aromas-of-nature\/"},{"@type":"ListItem","position":5,"name":"Aromas of NATURE Ginseng"}]},{"@type":"WebSite","@id":"https:\/\/elixscent.com\/#website","url":"https:\/\/elixscent.com\/","name":"Ambientadores ELiX EU","description":"Ar e tecido, perfeitamente frescos","publisher":{"@id":"https:\/\/elixscent.com\/#organization"},"potentialAction":[{"@type":"SearchAction","target":{"@type":"EntryPoint","urlTemplate":"https:\/\/elixscent.com\/?s={search_term_string}"},"query-input":{"@type":"PropertyValueSpecification","valueRequired":true,"valueName":"search_term_string"}}],"inLanguage":"pt-PT"},{"@type":"Organization","@id":"https:\/\/elixscent.com\/#organization","name":"Fabricante de purificadores de ar ELIX","url":"https:\/\/elixscent.com\/","logo":{"@type":"ImageObject","inLanguage":"pt-PT","@id":"https:\/\/elixscent.com\/#\/schema\/logo\/image\/","url":"https:\/\/elixscent.com\/wp-content\/uploads\/elix_logo_1.0-_300.jpg","contentUrl":"https:\/\/elixscent.com\/wp-content\/uploads\/elix_logo_1.0-_300.jpg","width":300,"height":257,"caption":"ELIX air freshener manufacturer"},"image":{"@id":"https:\/\/elixscent.com\/#\/schema\/logo\/image\/"},"sameAs":["https:\/\/www.linkedin.com\/company\/30084929"]}]}},"_links":{"self":[{"href":"https:\/\/elixscent.com\/pt\/wp-json\/wp\/v2\/product\/26502","targetHints":{"allow":["GET"]}}],"collection":[{"href":"https:\/\/elixscent.com\/pt\/wp-json\/wp\/v2\/product"}],"about":[{"href":"https:\/\/elixscent.com\/pt\/wp-json\/wp\/v2\/types\/product"}],"version-history":[{"count":7,"href":"https:\/\/elixscent.com\/pt\/wp-json\/wp\/v2\/product\/26502\/revisions"}],"predecessor-version":[{"id":53416,"href":"https:\/\/elixscent.com\/pt\/wp-json\/wp\/v2\/product\/26502\/revisions\/53416"}],"wp:featuredmedia":[{"embeddable":true,"href":"https:\/\/elixscent.com\/pt\/wp-json\/wp\/v2\/media\/26503"}],"wp:attachment":[{"href":"https:\/\/elixscent.com\/pt\/wp-json\/wp\/v2\/media?parent=26502"}],"curies":[{"name":"wp","href":"https:\/\/api.w.org\/{rel}","templated":true}]}}