{"id":26452,"date":"2022-08-11T11:00:38","date_gmt":"2022-08-11T11:00:38","guid":{"rendered":"https:\/\/elixscent.com\/?post_type=product&#038;p=26452"},"modified":"2025-01-23T11:20:48","modified_gmt":"2025-01-23T11:20:48","slug":"ironing-water-shades-fresh","status":"publish","type":"product","link":"https:\/\/elixscent.com\/pt\/product\/ironing-water-shades-fresh\/","title":{"rendered":"IRONING WATER Smooth Finish Shades of Fresh"},"content":{"rendered":"<p><strong>Instru\u00e7\u00f5es de utiliza\u00e7\u00e3o:<\/strong> Agitar e deitar no dep\u00f3sito de \u00e1gua do ferro a vapor ou no dep\u00f3sito da esta\u00e7\u00e3o de vapor. Passar a ferro seguindo as instru\u00e7\u00f5es do fabricante do equipamento. Recomenda\u00e7\u00e3o: Antes de passar a ferro, testar o produto numa zona discreta ou escondida do tecido. Conservar num local seco a 15-25\u00b0C.<\/p>\n<p><span id=\"span-23-132\" class=\"ct-span oxy-stock-content-styles\"><em>&gt;&gt; Se quiser comprar, visite a nossa loja:<\/em> <a class=\"_ps2id\" href=\"https:\/\/airfresh24.com\/products\/shop\/ironing-water\/\" data-ps2id-offset=\"\"><strong>www.airfresh24.com<\/strong><\/a><\/span><\/p>","protected":false},"featured_media":26453,"parent":0,"menu_order":20,"template":"","class_list":["post-26452","product","type-product","status-publish","has-post-thumbnail","hentry","product_category-iw","product_category-laundry"],"acf":[],"yoast_head":"<!-- This site is optimized with the Yoast SEO Premium plugin v27.2 (Yoast SEO v27.4) - https:\/\/yoast.com\/product\/yoast-seo-premium-wordpress\/ -->\n<title>IRONING WATER Smooth Finish Shades of Fresh perfume<\/title>\n<meta name=\"description\" content=\"Add to your iron and ironing will become easier and more enjoyable. Contains ironing agents and a wonderful scent of natural flowers\" \/>\n<meta name=\"robots\" content=\"index, follow, max-snippet:-1, max-image-preview:large, max-video-preview:-1\" \/>\n<link rel=\"canonical\" href=\"https:\/\/elixscent.com\/pt\/produto\/ironing-water-shades-fresh\/\" \/>\n<meta property=\"og:locale\" content=\"pt_PT\" \/>\n<meta property=\"og:type\" content=\"article\" \/>\n<meta property=\"og:title\" content=\"IRONING WATER Smooth Finish Shades of Fresh\" \/>\n<meta property=\"og:description\" content=\"Add to your iron and ironing will become easier and more enjoyable. Contains ironing agents and a wonderful scent of natural flowers\" \/>\n<meta property=\"og:url\" content=\"https:\/\/elixscent.com\/pt\/produto\/ironing-water-shades-fresh\/\" \/>\n<meta property=\"og:site_name\" content=\"ELiX EU air fresheners\" \/>\n<meta property=\"article:modified_time\" content=\"2025-01-23T11:20:48+00:00\" \/>\n<meta property=\"og:image\" content=\"https:\/\/elixscent.com\/wp-content\/uploads\/ironingwater1000_fresh_2.0.png\" \/>\n\t<meta property=\"og:image:width\" content=\"250\" \/>\n\t<meta property=\"og:image:height\" content=\"616\" \/>\n\t<meta property=\"og:image:type\" content=\"image\/png\" \/>\n<meta name=\"twitter:card\" content=\"summary_large_image\" \/>\n<meta name=\"twitter:label1\" content=\"Tempo estimado de leitura\" \/>\n\t<meta name=\"twitter:data1\" content=\"1 minuto\" \/>\n<script type=\"application\/ld+json\" class=\"yoast-schema-graph\">{\"@context\":\"https:\\\/\\\/schema.org\",\"@graph\":[{\"@type\":\"WebPage\",\"@id\":\"https:\\\/\\\/elixscent.com\\\/product\\\/ironing-water-shades-fresh\\\/\",\"url\":\"https:\\\/\\\/elixscent.com\\\/product\\\/ironing-water-shades-fresh\\\/\",\"name\":\"IRONING WATER Smooth Finish Shades of Fresh perfume\",\"isPartOf\":{\"@id\":\"https:\\\/\\\/elixscent.com\\\/#website\"},\"primaryImageOfPage\":{\"@id\":\"https:\\\/\\\/elixscent.com\\\/product\\\/ironing-water-shades-fresh\\\/#primaryimage\"},\"image\":{\"@id\":\"https:\\\/\\\/elixscent.com\\\/product\\\/ironing-water-shades-fresh\\\/#primaryimage\"},\"thumbnailUrl\":\"https:\\\/\\\/elixscent.com\\\/wp-content\\\/uploads\\\/ironingwater1000_fresh_2.0.png\",\"datePublished\":\"2022-08-11T11:00:38+00:00\",\"dateModified\":\"2025-01-23T11:20:48+00:00\",\"description\":\"Add to your iron and ironing will become easier and more enjoyable. Contains ironing agents and a wonderful scent of natural flowers\",\"breadcrumb\":{\"@id\":\"https:\\\/\\\/elixscent.com\\\/product\\\/ironing-water-shades-fresh\\\/#breadcrumb\"},\"inLanguage\":\"pt-PT\",\"potentialAction\":[{\"@type\":\"ReadAction\",\"target\":[\"https:\\\/\\\/elixscent.com\\\/product\\\/ironing-water-shades-fresh\\\/\"]}]},{\"@type\":\"ImageObject\",\"inLanguage\":\"pt-PT\",\"@id\":\"https:\\\/\\\/elixscent.com\\\/product\\\/ironing-water-shades-fresh\\\/#primaryimage\",\"url\":\"https:\\\/\\\/elixscent.com\\\/wp-content\\\/uploads\\\/ironingwater1000_fresh_2.0.png\",\"contentUrl\":\"https:\\\/\\\/elixscent.com\\\/wp-content\\\/uploads\\\/ironingwater1000_fresh_2.0.png\",\"width\":250,\"height\":616,\"caption\":\"ironingwater1000 fresh 2.0\"},{\"@type\":\"BreadcrumbList\",\"@id\":\"https:\\\/\\\/elixscent.com\\\/product\\\/ironing-water-shades-fresh\\\/#breadcrumb\",\"itemListElement\":[{\"@type\":\"ListItem\",\"position\":1,\"name\":\"Home\",\"item\":\"https:\\\/\\\/elixscent.com\\\/\"},{\"@type\":\"ListItem\",\"position\":2,\"name\":\"Products\",\"item\":\"https:\\\/\\\/elixscent.com\\\/product\\\/\"},{\"@type\":\"ListItem\",\"position\":3,\"name\":\"IN-WASH SCENT BOOSTER\",\"item\":\"https:\\\/\\\/elixscent.com\\\/product-category\\\/laundry\\\/\"},{\"@type\":\"ListItem\",\"position\":4,\"name\":\"Ironing Water\",\"item\":\"https:\\\/\\\/elixscent.com\\\/product-category\\\/iw\\\/\"},{\"@type\":\"ListItem\",\"position\":5,\"name\":\"IRONING WATER Smooth Finish Shades of Fresh\"}]},{\"@type\":\"WebSite\",\"@id\":\"https:\\\/\\\/elixscent.com\\\/#website\",\"url\":\"https:\\\/\\\/elixscent.com\\\/\",\"name\":\"ELiX EU air fresheners\",\"description\":\"Air &amp; Fabric, Perfectly Fresh\",\"publisher\":{\"@id\":\"https:\\\/\\\/elixscent.com\\\/#organization\"},\"potentialAction\":[{\"@type\":\"SearchAction\",\"target\":{\"@type\":\"EntryPoint\",\"urlTemplate\":\"https:\\\/\\\/elixscent.com\\\/?s={search_term_string}\"},\"query-input\":{\"@type\":\"PropertyValueSpecification\",\"valueRequired\":true,\"valueName\":\"search_term_string\"}}],\"inLanguage\":\"pt-PT\"},{\"@type\":\"Organization\",\"@id\":\"https:\\\/\\\/elixscent.com\\\/#organization\",\"name\":\"ELIX air freshener manufacturer\",\"url\":\"https:\\\/\\\/elixscent.com\\\/\",\"logo\":{\"@type\":\"ImageObject\",\"inLanguage\":\"pt-PT\",\"@id\":\"https:\\\/\\\/elixscent.com\\\/#\\\/schema\\\/logo\\\/image\\\/\",\"url\":\"https:\\\/\\\/elixscent.com\\\/wp-content\\\/uploads\\\/elix_logo_1.0-_300.jpg\",\"contentUrl\":\"https:\\\/\\\/elixscent.com\\\/wp-content\\\/uploads\\\/elix_logo_1.0-_300.jpg\",\"width\":300,\"height\":257,\"caption\":\"ELIX air freshener manufacturer\"},\"image\":{\"@id\":\"https:\\\/\\\/elixscent.com\\\/#\\\/schema\\\/logo\\\/image\\\/\"},\"sameAs\":[\"https:\\\/\\\/www.linkedin.com\\\/company\\\/30084929\"]}]}<\/script>\n<!-- \/ Yoast SEO Premium plugin. -->","yoast_head_json":{"title":"IRONING WATER Smooth Finish Shades of Fresh perfume","description":"Acrescente ao seu ferro de engomar e a engomagem tornar-se-\u00e1 mais f\u00e1cil e mais agrad\u00e1vel. Cont\u00e9m agentes de engomagem e um maravilhoso aroma de flores naturais","robots":{"index":"index","follow":"follow","max-snippet":"max-snippet:-1","max-image-preview":"max-image-preview:large","max-video-preview":"max-video-preview:-1"},"canonical":"https:\/\/elixscent.com\/pt\/produto\/ironing-water-shades-fresh\/","og_locale":"pt_PT","og_type":"article","og_title":"IRONING WATER Smooth Finish Shades of Fresh","og_description":"Add to your iron and ironing will become easier and more enjoyable. Contains ironing agents and a wonderful scent of natural flowers","og_url":"https:\/\/elixscent.com\/pt\/produto\/ironing-water-shades-fresh\/","og_site_name":"ELiX EU air fresheners","article_modified_time":"2025-01-23T11:20:48+00:00","og_image":[{"width":250,"height":616,"url":"https:\/\/elixscent.com\/wp-content\/uploads\/ironingwater1000_fresh_2.0.png","type":"image\/png"}],"twitter_card":"summary_large_image","twitter_misc":{"Tempo estimado de leitura":"1 minuto"},"schema":{"@context":"https:\/\/schema.org","@graph":[{"@type":"WebPage","@id":"https:\/\/elixscent.com\/product\/ironing-water-shades-fresh\/","url":"https:\/\/elixscent.com\/product\/ironing-water-shades-fresh\/","name":"IRONING WATER Smooth Finish Shades of Fresh perfume","isPartOf":{"@id":"https:\/\/elixscent.com\/#website"},"primaryImageOfPage":{"@id":"https:\/\/elixscent.com\/product\/ironing-water-shades-fresh\/#primaryimage"},"image":{"@id":"https:\/\/elixscent.com\/product\/ironing-water-shades-fresh\/#primaryimage"},"thumbnailUrl":"https:\/\/elixscent.com\/wp-content\/uploads\/ironingwater1000_fresh_2.0.png","datePublished":"2022-08-11T11:00:38+00:00","dateModified":"2025-01-23T11:20:48+00:00","description":"Acrescente ao seu ferro de engomar e a engomagem tornar-se-\u00e1 mais f\u00e1cil e mais agrad\u00e1vel. Cont\u00e9m agentes de engomagem e um maravilhoso aroma de flores naturais","breadcrumb":{"@id":"https:\/\/elixscent.com\/product\/ironing-water-shades-fresh\/#breadcrumb"},"inLanguage":"pt-PT","potentialAction":[{"@type":"ReadAction","target":["https:\/\/elixscent.com\/product\/ironing-water-shades-fresh\/"]}]},{"@type":"ImageObject","inLanguage":"pt-PT","@id":"https:\/\/elixscent.com\/product\/ironing-water-shades-fresh\/#primaryimage","url":"https:\/\/elixscent.com\/wp-content\/uploads\/ironingwater1000_fresh_2.0.png","contentUrl":"https:\/\/elixscent.com\/wp-content\/uploads\/ironingwater1000_fresh_2.0.png","width":250,"height":616,"caption":"ironingwater1000 fresh 2.0"},{"@type":"BreadcrumbList","@id":"https:\/\/elixscent.com\/product\/ironing-water-shades-fresh\/#breadcrumb","itemListElement":[{"@type":"ListItem","position":1,"name":"Home","item":"https:\/\/elixscent.com\/"},{"@type":"ListItem","position":2,"name":"Products","item":"https:\/\/elixscent.com\/product\/"},{"@type":"ListItem","position":3,"name":"IN-WASH SCENT BOOSTER","item":"https:\/\/elixscent.com\/product-category\/laundry\/"},{"@type":"ListItem","position":4,"name":"Ironing Water","item":"https:\/\/elixscent.com\/product-category\/iw\/"},{"@type":"ListItem","position":5,"name":"IRONING WATER Smooth Finish Shades of Fresh"}]},{"@type":"WebSite","@id":"https:\/\/elixscent.com\/#website","url":"https:\/\/elixscent.com\/","name":"Ambientadores ELiX EU","description":"Ar e tecido, perfeitamente frescos","publisher":{"@id":"https:\/\/elixscent.com\/#organization"},"potentialAction":[{"@type":"SearchAction","target":{"@type":"EntryPoint","urlTemplate":"https:\/\/elixscent.com\/?s={search_term_string}"},"query-input":{"@type":"PropertyValueSpecification","valueRequired":true,"valueName":"search_term_string"}}],"inLanguage":"pt-PT"},{"@type":"Organization","@id":"https:\/\/elixscent.com\/#organization","name":"Fabricante de purificadores de ar ELIX","url":"https:\/\/elixscent.com\/","logo":{"@type":"ImageObject","inLanguage":"pt-PT","@id":"https:\/\/elixscent.com\/#\/schema\/logo\/image\/","url":"https:\/\/elixscent.com\/wp-content\/uploads\/elix_logo_1.0-_300.jpg","contentUrl":"https:\/\/elixscent.com\/wp-content\/uploads\/elix_logo_1.0-_300.jpg","width":300,"height":257,"caption":"ELIX air freshener manufacturer"},"image":{"@id":"https:\/\/elixscent.com\/#\/schema\/logo\/image\/"},"sameAs":["https:\/\/www.linkedin.com\/company\/30084929"]}]}},"_links":{"self":[{"href":"https:\/\/elixscent.com\/pt\/wp-json\/wp\/v2\/product\/26452","targetHints":{"allow":["GET"]}}],"collection":[{"href":"https:\/\/elixscent.com\/pt\/wp-json\/wp\/v2\/product"}],"about":[{"href":"https:\/\/elixscent.com\/pt\/wp-json\/wp\/v2\/types\/product"}],"version-history":[{"count":14,"href":"https:\/\/elixscent.com\/pt\/wp-json\/wp\/v2\/product\/26452\/revisions"}],"predecessor-version":[{"id":55824,"href":"https:\/\/elixscent.com\/pt\/wp-json\/wp\/v2\/product\/26452\/revisions\/55824"}],"wp:featuredmedia":[{"embeddable":true,"href":"https:\/\/elixscent.com\/pt\/wp-json\/wp\/v2\/media\/26453"}],"wp:attachment":[{"href":"https:\/\/elixscent.com\/pt\/wp-json\/wp\/v2\/media?parent=26452"}],"curies":[{"name":"wp","href":"https:\/\/api.w.org\/{rel}","templated":true}]}}