{"id":25731,"date":"2022-07-20T12:00:22","date_gmt":"2022-07-20T12:00:22","guid":{"rendered":"https:\/\/elixscent.com\/?post_type=product&#038;p=25731"},"modified":"2024-10-14T13:23:39","modified_gmt":"2024-10-14T13:23:39","slug":"jp150-fresh","status":"publish","type":"product","link":"https:\/\/elixscent.com\/pt\/product\/jp150-fresh\/","title":{"rendered":"Jelly Pearls 150 Ocean Fresh"},"content":{"rendered":"<p><span id=\"span-23-132\" class=\"ct-span oxy-stock-content-styles\"><em>&gt;&gt; Se quiser comprar, visite a nossa loja:<\/em> <strong><a class=\"_ps2id\" href=\"https:\/\/airfresh24.com\/products\/shop\/jelly-pearls-150\/\" data-ps2id-offset=\"\">www.airfresh24.com<\/a><\/strong><\/span><\/p>","protected":false},"featured_media":29569,"parent":0,"menu_order":71,"template":"","class_list":["post-25731","product","type-product","status-publish","has-post-thumbnail","hentry","product_category-jp150","product_category-gel"],"acf":[],"yoast_head":"<!-- This site is optimized with the Yoast SEO Premium plugin v27.2 (Yoast SEO v27.4) - https:\/\/yoast.com\/product\/yoast-seo-premium-wordpress\/ -->\n<title>Jelly Pearls 150 Ocean Fresh air freshener by ELiX<\/title>\n<meta name=\"description\" content=\"CAR air freshener in the form of scented beads refreshes and decorates. Particularly recommended for use in a visible place\" \/>\n<meta name=\"robots\" content=\"index, follow, max-snippet:-1, max-image-preview:large, max-video-preview:-1\" \/>\n<link rel=\"canonical\" href=\"https:\/\/elixscent.com\/pt\/produto\/jp150-fresh\/\" \/>\n<meta property=\"og:locale\" content=\"pt_PT\" \/>\n<meta property=\"og:type\" content=\"article\" \/>\n<meta property=\"og:title\" content=\"Jelly Pearls 150 Ocean Fresh\" \/>\n<meta property=\"og:description\" content=\"CAR air freshener in the form of scented beads refreshes and decorates. Particularly recommended for use in a visible place\" \/>\n<meta property=\"og:url\" content=\"https:\/\/elixscent.com\/pt\/produto\/jp150-fresh\/\" \/>\n<meta property=\"og:site_name\" content=\"ELiX EU air fresheners\" \/>\n<meta property=\"article:modified_time\" content=\"2024-10-14T13:23:39+00:00\" \/>\n<meta property=\"og:image\" content=\"https:\/\/elixscent.com\/wp-content\/uploads\/JPDECOR_150ml_3.0_oceanfresh.png\" \/>\n\t<meta property=\"og:image:width\" content=\"300\" \/>\n\t<meta property=\"og:image:height\" content=\"388\" \/>\n\t<meta property=\"og:image:type\" content=\"image\/png\" \/>\n<meta name=\"twitter:card\" content=\"summary_large_image\" \/>\n<meta name=\"twitter:label1\" content=\"Tempo estimado de leitura\" \/>\n\t<meta name=\"twitter:data1\" content=\"1 minuto\" \/>\n<script type=\"application\/ld+json\" class=\"yoast-schema-graph\">{\"@context\":\"https:\\\/\\\/schema.org\",\"@graph\":[{\"@type\":\"WebPage\",\"@id\":\"https:\\\/\\\/elixscent.com\\\/product\\\/jp150-fresh\\\/\",\"url\":\"https:\\\/\\\/elixscent.com\\\/product\\\/jp150-fresh\\\/\",\"name\":\"Jelly Pearls 150 Ocean Fresh air freshener by ELiX\",\"isPartOf\":{\"@id\":\"https:\\\/\\\/elixscent.com\\\/#website\"},\"primaryImageOfPage\":{\"@id\":\"https:\\\/\\\/elixscent.com\\\/product\\\/jp150-fresh\\\/#primaryimage\"},\"image\":{\"@id\":\"https:\\\/\\\/elixscent.com\\\/product\\\/jp150-fresh\\\/#primaryimage\"},\"thumbnailUrl\":\"https:\\\/\\\/elixscent.com\\\/wp-content\\\/uploads\\\/JPDECOR_150ml_3.0_oceanfresh.png\",\"datePublished\":\"2022-07-20T12:00:22+00:00\",\"dateModified\":\"2024-10-14T13:23:39+00:00\",\"description\":\"CAR air freshener in the form of scented beads refreshes and decorates. Particularly recommended for use in a visible place\",\"breadcrumb\":{\"@id\":\"https:\\\/\\\/elixscent.com\\\/product\\\/jp150-fresh\\\/#breadcrumb\"},\"inLanguage\":\"pt-PT\",\"potentialAction\":[{\"@type\":\"ReadAction\",\"target\":[\"https:\\\/\\\/elixscent.com\\\/product\\\/jp150-fresh\\\/\"]}]},{\"@type\":\"ImageObject\",\"inLanguage\":\"pt-PT\",\"@id\":\"https:\\\/\\\/elixscent.com\\\/product\\\/jp150-fresh\\\/#primaryimage\",\"url\":\"https:\\\/\\\/elixscent.com\\\/wp-content\\\/uploads\\\/JPDECOR_150ml_3.0_oceanfresh.png\",\"contentUrl\":\"https:\\\/\\\/elixscent.com\\\/wp-content\\\/uploads\\\/JPDECOR_150ml_3.0_oceanfresh.png\",\"width\":300,\"height\":388,\"caption\":\"JPDECOR 150ml 3.0 oceanfresh\"},{\"@type\":\"BreadcrumbList\",\"@id\":\"https:\\\/\\\/elixscent.com\\\/product\\\/jp150-fresh\\\/#breadcrumb\",\"itemListElement\":[{\"@type\":\"ListItem\",\"position\":1,\"name\":\"Home\",\"item\":\"https:\\\/\\\/elixscent.com\\\/\"},{\"@type\":\"ListItem\",\"position\":2,\"name\":\"Products\",\"item\":\"https:\\\/\\\/elixscent.com\\\/product\\\/\"},{\"@type\":\"ListItem\",\"position\":3,\"name\":\"GEL FRESHENERS\",\"item\":\"https:\\\/\\\/elixscent.com\\\/product-category\\\/gel\\\/\"},{\"@type\":\"ListItem\",\"position\":4,\"name\":\"Jelly Pearls 150 Ocean Fresh\"}]},{\"@type\":\"WebSite\",\"@id\":\"https:\\\/\\\/elixscent.com\\\/#website\",\"url\":\"https:\\\/\\\/elixscent.com\\\/\",\"name\":\"ELiX EU air fresheners\",\"description\":\"Air &amp; Fabric, Perfectly Fresh\",\"publisher\":{\"@id\":\"https:\\\/\\\/elixscent.com\\\/#organization\"},\"potentialAction\":[{\"@type\":\"SearchAction\",\"target\":{\"@type\":\"EntryPoint\",\"urlTemplate\":\"https:\\\/\\\/elixscent.com\\\/?s={search_term_string}\"},\"query-input\":{\"@type\":\"PropertyValueSpecification\",\"valueRequired\":true,\"valueName\":\"search_term_string\"}}],\"inLanguage\":\"pt-PT\"},{\"@type\":\"Organization\",\"@id\":\"https:\\\/\\\/elixscent.com\\\/#organization\",\"name\":\"ELIX air freshener manufacturer\",\"url\":\"https:\\\/\\\/elixscent.com\\\/\",\"logo\":{\"@type\":\"ImageObject\",\"inLanguage\":\"pt-PT\",\"@id\":\"https:\\\/\\\/elixscent.com\\\/#\\\/schema\\\/logo\\\/image\\\/\",\"url\":\"https:\\\/\\\/elixscent.com\\\/wp-content\\\/uploads\\\/elix_logo_1.0-_300.jpg\",\"contentUrl\":\"https:\\\/\\\/elixscent.com\\\/wp-content\\\/uploads\\\/elix_logo_1.0-_300.jpg\",\"width\":300,\"height\":257,\"caption\":\"ELIX air freshener manufacturer\"},\"image\":{\"@id\":\"https:\\\/\\\/elixscent.com\\\/#\\\/schema\\\/logo\\\/image\\\/\"},\"sameAs\":[\"https:\\\/\\\/www.linkedin.com\\\/company\\\/30084929\"]}]}<\/script>\n<!-- \/ Yoast SEO Premium plugin. -->","yoast_head_json":{"title":"Jelly Pearls 150 Ocean Fresh air freshener by ELiX","description":"O ambientador CAR em forma de p\u00e9rolas perfumadas refresca e decora. Particularmente recomendado para utiliza\u00e7\u00e3o num local vis\u00edvel","robots":{"index":"index","follow":"follow","max-snippet":"max-snippet:-1","max-image-preview":"max-image-preview:large","max-video-preview":"max-video-preview:-1"},"canonical":"https:\/\/elixscent.com\/pt\/produto\/jp150-fresh\/","og_locale":"pt_PT","og_type":"article","og_title":"Jelly Pearls 150 Ocean Fresh","og_description":"CAR air freshener in the form of scented beads refreshes and decorates. Particularly recommended for use in a visible place","og_url":"https:\/\/elixscent.com\/pt\/produto\/jp150-fresh\/","og_site_name":"ELiX EU air fresheners","article_modified_time":"2024-10-14T13:23:39+00:00","og_image":[{"width":300,"height":388,"url":"https:\/\/elixscent.com\/wp-content\/uploads\/JPDECOR_150ml_3.0_oceanfresh.png","type":"image\/png"}],"twitter_card":"summary_large_image","twitter_misc":{"Tempo estimado de leitura":"1 minuto"},"schema":{"@context":"https:\/\/schema.org","@graph":[{"@type":"WebPage","@id":"https:\/\/elixscent.com\/product\/jp150-fresh\/","url":"https:\/\/elixscent.com\/product\/jp150-fresh\/","name":"Jelly Pearls 150 Ocean Fresh air freshener by ELiX","isPartOf":{"@id":"https:\/\/elixscent.com\/#website"},"primaryImageOfPage":{"@id":"https:\/\/elixscent.com\/product\/jp150-fresh\/#primaryimage"},"image":{"@id":"https:\/\/elixscent.com\/product\/jp150-fresh\/#primaryimage"},"thumbnailUrl":"https:\/\/elixscent.com\/wp-content\/uploads\/JPDECOR_150ml_3.0_oceanfresh.png","datePublished":"2022-07-20T12:00:22+00:00","dateModified":"2024-10-14T13:23:39+00:00","description":"O ambientador CAR em forma de p\u00e9rolas perfumadas refresca e decora. Particularmente recomendado para utiliza\u00e7\u00e3o num local vis\u00edvel","breadcrumb":{"@id":"https:\/\/elixscent.com\/product\/jp150-fresh\/#breadcrumb"},"inLanguage":"pt-PT","potentialAction":[{"@type":"ReadAction","target":["https:\/\/elixscent.com\/product\/jp150-fresh\/"]}]},{"@type":"ImageObject","inLanguage":"pt-PT","@id":"https:\/\/elixscent.com\/product\/jp150-fresh\/#primaryimage","url":"https:\/\/elixscent.com\/wp-content\/uploads\/JPDECOR_150ml_3.0_oceanfresh.png","contentUrl":"https:\/\/elixscent.com\/wp-content\/uploads\/JPDECOR_150ml_3.0_oceanfresh.png","width":300,"height":388,"caption":"JPDECOR 150ml 3.0 oceanfresh"},{"@type":"BreadcrumbList","@id":"https:\/\/elixscent.com\/product\/jp150-fresh\/#breadcrumb","itemListElement":[{"@type":"ListItem","position":1,"name":"Home","item":"https:\/\/elixscent.com\/"},{"@type":"ListItem","position":2,"name":"Products","item":"https:\/\/elixscent.com\/product\/"},{"@type":"ListItem","position":3,"name":"GEL FRESHENERS","item":"https:\/\/elixscent.com\/product-category\/gel\/"},{"@type":"ListItem","position":4,"name":"Jelly Pearls 150 Ocean Fresh"}]},{"@type":"WebSite","@id":"https:\/\/elixscent.com\/#website","url":"https:\/\/elixscent.com\/","name":"Ambientadores ELiX EU","description":"Ar e tecido, perfeitamente frescos","publisher":{"@id":"https:\/\/elixscent.com\/#organization"},"potentialAction":[{"@type":"SearchAction","target":{"@type":"EntryPoint","urlTemplate":"https:\/\/elixscent.com\/?s={search_term_string}"},"query-input":{"@type":"PropertyValueSpecification","valueRequired":true,"valueName":"search_term_string"}}],"inLanguage":"pt-PT"},{"@type":"Organization","@id":"https:\/\/elixscent.com\/#organization","name":"Fabricante de purificadores de ar ELIX","url":"https:\/\/elixscent.com\/","logo":{"@type":"ImageObject","inLanguage":"pt-PT","@id":"https:\/\/elixscent.com\/#\/schema\/logo\/image\/","url":"https:\/\/elixscent.com\/wp-content\/uploads\/elix_logo_1.0-_300.jpg","contentUrl":"https:\/\/elixscent.com\/wp-content\/uploads\/elix_logo_1.0-_300.jpg","width":300,"height":257,"caption":"ELIX air freshener manufacturer"},"image":{"@id":"https:\/\/elixscent.com\/#\/schema\/logo\/image\/"},"sameAs":["https:\/\/www.linkedin.com\/company\/30084929"]}]}},"_links":{"self":[{"href":"https:\/\/elixscent.com\/pt\/wp-json\/wp\/v2\/product\/25731","targetHints":{"allow":["GET"]}}],"collection":[{"href":"https:\/\/elixscent.com\/pt\/wp-json\/wp\/v2\/product"}],"about":[{"href":"https:\/\/elixscent.com\/pt\/wp-json\/wp\/v2\/types\/product"}],"version-history":[{"count":13,"href":"https:\/\/elixscent.com\/pt\/wp-json\/wp\/v2\/product\/25731\/revisions"}],"predecessor-version":[{"id":53374,"href":"https:\/\/elixscent.com\/pt\/wp-json\/wp\/v2\/product\/25731\/revisions\/53374"}],"wp:featuredmedia":[{"embeddable":true,"href":"https:\/\/elixscent.com\/pt\/wp-json\/wp\/v2\/media\/29569"}],"wp:attachment":[{"href":"https:\/\/elixscent.com\/pt\/wp-json\/wp\/v2\/media?parent=25731"}],"curies":[{"name":"wp","href":"https:\/\/api.w.org\/{rel}","templated":true}]}}