{"id":25626,"date":"2022-07-19T13:48:08","date_gmt":"2022-07-19T13:48:08","guid":{"rendered":"https:\/\/elixscent.com\/?post_type=product&#038;p=25626"},"modified":"2023-02-08T12:48:17","modified_gmt":"2023-02-08T12:48:17","slug":"jp-oceano","status":"publish","type":"product","link":"https:\/\/elixscent.com\/pt\/product\/jp-ocean\/","title":{"rendered":"P\u00e9rolas de gelatina DECOR Oceano"},"content":{"rendered":"","protected":false},"featured_media":25627,"parent":0,"menu_order":92,"template":"","class_list":["post-25626","product","type-product","status-publish","has-post-thumbnail","hentry","product_category-jp","product_category-home"],"acf":[],"yoast_head":"<!-- This site is optimized with the Yoast SEO Premium plugin v27.2 (Yoast SEO v27.4) - https:\/\/yoast.com\/product\/yoast-seo-premium-wordpress\/ -->\n<title>Jelly Pearls DECOR Ocean home air freshener<\/title>\n<meta name=\"description\" content=\"Home air freshener in the form of scented beads refreshes and decorates the room. special formula and dedicated packaging make it No. 1\" \/>\n<meta name=\"robots\" content=\"index, follow, max-snippet:-1, max-image-preview:large, max-video-preview:-1\" \/>\n<link rel=\"canonical\" href=\"https:\/\/elixscent.com\/pt\/produto\/jp-oceano\/\" \/>\n<meta property=\"og:locale\" content=\"pt_PT\" \/>\n<meta property=\"og:type\" content=\"article\" \/>\n<meta property=\"og:title\" content=\"Jelly Pearls DECOR Ocean\" \/>\n<meta property=\"og:description\" content=\"Home air freshener in the form of scented beads refreshes and decorates the room. special formula and dedicated packaging make it No. 1\" \/>\n<meta property=\"og:url\" content=\"https:\/\/elixscent.com\/pt\/produto\/jp-oceano\/\" \/>\n<meta property=\"og:site_name\" content=\"ELiX EU air fresheners\" \/>\n<meta property=\"article:modified_time\" content=\"2023-02-08T12:48:17+00:00\" \/>\n<meta property=\"og:image\" content=\"https:\/\/elixscent.com\/wp-content\/uploads\/jp_decor_oceanopakowanie_2.2.png\" \/>\n\t<meta property=\"og:image:width\" content=\"235\" \/>\n\t<meta property=\"og:image:height\" content=\"400\" \/>\n\t<meta property=\"og:image:type\" content=\"image\/png\" \/>\n<meta name=\"twitter:card\" content=\"summary_large_image\" \/>\n<script type=\"application\/ld+json\" class=\"yoast-schema-graph\">{\"@context\":\"https:\\\/\\\/schema.org\",\"@graph\":[{\"@type\":\"WebPage\",\"@id\":\"https:\\\/\\\/elixscent.com\\\/product\\\/jp-ocean\\\/\",\"url\":\"https:\\\/\\\/elixscent.com\\\/product\\\/jp-ocean\\\/\",\"name\":\"Jelly Pearls DECOR Ocean home air freshener\",\"isPartOf\":{\"@id\":\"https:\\\/\\\/elixscent.com\\\/#website\"},\"primaryImageOfPage\":{\"@id\":\"https:\\\/\\\/elixscent.com\\\/product\\\/jp-ocean\\\/#primaryimage\"},\"image\":{\"@id\":\"https:\\\/\\\/elixscent.com\\\/product\\\/jp-ocean\\\/#primaryimage\"},\"thumbnailUrl\":\"https:\\\/\\\/elixscent.com\\\/wp-content\\\/uploads\\\/jp_decor_oceanopakowanie_2.2.png\",\"datePublished\":\"2022-07-19T13:48:08+00:00\",\"dateModified\":\"2023-02-08T12:48:17+00:00\",\"description\":\"Home air freshener in the form of scented beads refreshes and decorates the room. special formula and dedicated packaging make it No. 1\",\"breadcrumb\":{\"@id\":\"https:\\\/\\\/elixscent.com\\\/product\\\/jp-ocean\\\/#breadcrumb\"},\"inLanguage\":\"pt-PT\",\"potentialAction\":[{\"@type\":\"ReadAction\",\"target\":[\"https:\\\/\\\/elixscent.com\\\/product\\\/jp-ocean\\\/\"]}]},{\"@type\":\"ImageObject\",\"inLanguage\":\"pt-PT\",\"@id\":\"https:\\\/\\\/elixscent.com\\\/product\\\/jp-ocean\\\/#primaryimage\",\"url\":\"https:\\\/\\\/elixscent.com\\\/wp-content\\\/uploads\\\/jp_decor_oceanopakowanie_2.2.png\",\"contentUrl\":\"https:\\\/\\\/elixscent.com\\\/wp-content\\\/uploads\\\/jp_decor_oceanopakowanie_2.2.png\",\"width\":235,\"height\":400,\"caption\":\"jp decor oceanopakowanie 2.2\"},{\"@type\":\"BreadcrumbList\",\"@id\":\"https:\\\/\\\/elixscent.com\\\/product\\\/jp-ocean\\\/#breadcrumb\",\"itemListElement\":[{\"@type\":\"ListItem\",\"position\":1,\"name\":\"Home\",\"item\":\"https:\\\/\\\/elixscent.com\\\/\"},{\"@type\":\"ListItem\",\"position\":2,\"name\":\"Products\",\"item\":\"https:\\\/\\\/elixscent.com\\\/product\\\/\"},{\"@type\":\"ListItem\",\"position\":3,\"name\":\"HOME PERFUME\",\"item\":\"https:\\\/\\\/elixscent.com\\\/product-category\\\/home\\\/\"},{\"@type\":\"ListItem\",\"position\":4,\"name\":\"Jelly Pearls DECOR Ocean\"}]},{\"@type\":\"WebSite\",\"@id\":\"https:\\\/\\\/elixscent.com\\\/#website\",\"url\":\"https:\\\/\\\/elixscent.com\\\/\",\"name\":\"ELiX EU air fresheners\",\"description\":\"Air &amp; Fabric, Perfectly Fresh\",\"publisher\":{\"@id\":\"https:\\\/\\\/elixscent.com\\\/#organization\"},\"potentialAction\":[{\"@type\":\"SearchAction\",\"target\":{\"@type\":\"EntryPoint\",\"urlTemplate\":\"https:\\\/\\\/elixscent.com\\\/?s={search_term_string}\"},\"query-input\":{\"@type\":\"PropertyValueSpecification\",\"valueRequired\":true,\"valueName\":\"search_term_string\"}}],\"inLanguage\":\"pt-PT\"},{\"@type\":\"Organization\",\"@id\":\"https:\\\/\\\/elixscent.com\\\/#organization\",\"name\":\"ELIX air freshener manufacturer\",\"url\":\"https:\\\/\\\/elixscent.com\\\/\",\"logo\":{\"@type\":\"ImageObject\",\"inLanguage\":\"pt-PT\",\"@id\":\"https:\\\/\\\/elixscent.com\\\/#\\\/schema\\\/logo\\\/image\\\/\",\"url\":\"https:\\\/\\\/elixscent.com\\\/wp-content\\\/uploads\\\/elix_logo_1.0-_300.jpg\",\"contentUrl\":\"https:\\\/\\\/elixscent.com\\\/wp-content\\\/uploads\\\/elix_logo_1.0-_300.jpg\",\"width\":300,\"height\":257,\"caption\":\"ELIX air freshener manufacturer\"},\"image\":{\"@id\":\"https:\\\/\\\/elixscent.com\\\/#\\\/schema\\\/logo\\\/image\\\/\"},\"sameAs\":[\"https:\\\/\\\/www.linkedin.com\\\/company\\\/30084929\"]}]}<\/script>\n<!-- \/ Yoast SEO Premium plugin. -->","yoast_head_json":{"title":"Ambientador dom\u00e9stico Jelly Pearls DECOR Ocean","description":"O ambientador dom\u00e9stico sob a forma de p\u00e9rolas perfumadas refresca e decora a divis\u00e3o. A f\u00f3rmula especial e a embalagem dedicada fazem dele o n\u00ba 1","robots":{"index":"index","follow":"follow","max-snippet":"max-snippet:-1","max-image-preview":"max-image-preview:large","max-video-preview":"max-video-preview:-1"},"canonical":"https:\/\/elixscent.com\/pt\/produto\/jp-oceano\/","og_locale":"pt_PT","og_type":"article","og_title":"Jelly Pearls DECOR Ocean","og_description":"Home air freshener in the form of scented beads refreshes and decorates the room. special formula and dedicated packaging make it No. 1","og_url":"https:\/\/elixscent.com\/pt\/produto\/jp-oceano\/","og_site_name":"ELiX EU air fresheners","article_modified_time":"2023-02-08T12:48:17+00:00","og_image":[{"width":235,"height":400,"url":"https:\/\/elixscent.com\/wp-content\/uploads\/jp_decor_oceanopakowanie_2.2.png","type":"image\/png"}],"twitter_card":"summary_large_image","schema":{"@context":"https:\/\/schema.org","@graph":[{"@type":"WebPage","@id":"https:\/\/elixscent.com\/product\/jp-ocean\/","url":"https:\/\/elixscent.com\/product\/jp-ocean\/","name":"Ambientador dom\u00e9stico Jelly Pearls DECOR Ocean","isPartOf":{"@id":"https:\/\/elixscent.com\/#website"},"primaryImageOfPage":{"@id":"https:\/\/elixscent.com\/product\/jp-ocean\/#primaryimage"},"image":{"@id":"https:\/\/elixscent.com\/product\/jp-ocean\/#primaryimage"},"thumbnailUrl":"https:\/\/elixscent.com\/wp-content\/uploads\/jp_decor_oceanopakowanie_2.2.png","datePublished":"2022-07-19T13:48:08+00:00","dateModified":"2023-02-08T12:48:17+00:00","description":"O ambientador dom\u00e9stico sob a forma de p\u00e9rolas perfumadas refresca e decora a divis\u00e3o. A f\u00f3rmula especial e a embalagem dedicada fazem dele o n\u00ba 1","breadcrumb":{"@id":"https:\/\/elixscent.com\/product\/jp-ocean\/#breadcrumb"},"inLanguage":"pt-PT","potentialAction":[{"@type":"ReadAction","target":["https:\/\/elixscent.com\/product\/jp-ocean\/"]}]},{"@type":"ImageObject","inLanguage":"pt-PT","@id":"https:\/\/elixscent.com\/product\/jp-ocean\/#primaryimage","url":"https:\/\/elixscent.com\/wp-content\/uploads\/jp_decor_oceanopakowanie_2.2.png","contentUrl":"https:\/\/elixscent.com\/wp-content\/uploads\/jp_decor_oceanopakowanie_2.2.png","width":235,"height":400,"caption":"jp decor oceanopakowanie 2.2"},{"@type":"BreadcrumbList","@id":"https:\/\/elixscent.com\/product\/jp-ocean\/#breadcrumb","itemListElement":[{"@type":"ListItem","position":1,"name":"Home","item":"https:\/\/elixscent.com\/"},{"@type":"ListItem","position":2,"name":"Products","item":"https:\/\/elixscent.com\/product\/"},{"@type":"ListItem","position":3,"name":"HOME PERFUME","item":"https:\/\/elixscent.com\/product-category\/home\/"},{"@type":"ListItem","position":4,"name":"Jelly Pearls DECOR Ocean"}]},{"@type":"WebSite","@id":"https:\/\/elixscent.com\/#website","url":"https:\/\/elixscent.com\/","name":"Ambientadores ELiX EU","description":"Ar e tecido, perfeitamente frescos","publisher":{"@id":"https:\/\/elixscent.com\/#organization"},"potentialAction":[{"@type":"SearchAction","target":{"@type":"EntryPoint","urlTemplate":"https:\/\/elixscent.com\/?s={search_term_string}"},"query-input":{"@type":"PropertyValueSpecification","valueRequired":true,"valueName":"search_term_string"}}],"inLanguage":"pt-PT"},{"@type":"Organization","@id":"https:\/\/elixscent.com\/#organization","name":"Fabricante de purificadores de ar ELIX","url":"https:\/\/elixscent.com\/","logo":{"@type":"ImageObject","inLanguage":"pt-PT","@id":"https:\/\/elixscent.com\/#\/schema\/logo\/image\/","url":"https:\/\/elixscent.com\/wp-content\/uploads\/elix_logo_1.0-_300.jpg","contentUrl":"https:\/\/elixscent.com\/wp-content\/uploads\/elix_logo_1.0-_300.jpg","width":300,"height":257,"caption":"ELIX air freshener manufacturer"},"image":{"@id":"https:\/\/elixscent.com\/#\/schema\/logo\/image\/"},"sameAs":["https:\/\/www.linkedin.com\/company\/30084929"]}]}},"_links":{"self":[{"href":"https:\/\/elixscent.com\/pt\/wp-json\/wp\/v2\/product\/25626","targetHints":{"allow":["GET"]}}],"collection":[{"href":"https:\/\/elixscent.com\/pt\/wp-json\/wp\/v2\/product"}],"about":[{"href":"https:\/\/elixscent.com\/pt\/wp-json\/wp\/v2\/types\/product"}],"version-history":[{"count":9,"href":"https:\/\/elixscent.com\/pt\/wp-json\/wp\/v2\/product\/25626\/revisions"}],"predecessor-version":[{"id":28847,"href":"https:\/\/elixscent.com\/pt\/wp-json\/wp\/v2\/product\/25626\/revisions\/28847"}],"wp:featuredmedia":[{"embeddable":true,"href":"https:\/\/elixscent.com\/pt\/wp-json\/wp\/v2\/media\/25627"}],"wp:attachment":[{"href":"https:\/\/elixscent.com\/pt\/wp-json\/wp\/v2\/media?parent=25626"}],"curies":[{"name":"wp","href":"https:\/\/api.w.org\/{rel}","templated":true}]}}