{"id":25368,"date":"2022-07-13T12:11:59","date_gmt":"2022-07-13T12:11:59","guid":{"rendered":"https:\/\/elixscent.com\/?post_type=product&#038;p=25368"},"modified":"2022-09-01T13:44:02","modified_gmt":"2022-09-01T13:44:02","slug":"paraiso-zen2","status":"publish","type":"product","link":"https:\/\/elixscent.com\/pt\/product\/zen2-paradise\/","title":{"rendered":"Conjunto ZEN 2em1 Flor do Para\u00edso"},"content":{"rendered":"","protected":false},"featured_media":25377,"parent":0,"menu_order":100,"template":"","class_list":["post-25368","product","type-product","status-publish","has-post-thumbnail","hentry","product_category-home","product_category-2in1"],"acf":[],"yoast_head":"<!-- This site is optimized with the Yoast SEO Premium plugin v27.2 (Yoast SEO v27.4) - https:\/\/yoast.com\/product\/yoast-seo-premium-wordpress\/ -->\n<title>ZEN 2in1 set Paradise Flower air freshener<\/title>\n<meta name=\"description\" content=\"A great home air freshener containing natural flower essences and two bottles so that two rooms can be refreshed at the same time\" \/>\n<meta name=\"robots\" content=\"index, follow, max-snippet:-1, max-image-preview:large, max-video-preview:-1\" \/>\n<link rel=\"canonical\" href=\"https:\/\/elixscent.com\/pt\/produto\/paraiso-zen2\/\" \/>\n<meta property=\"og:locale\" content=\"pt_PT\" \/>\n<meta property=\"og:type\" content=\"article\" \/>\n<meta property=\"og:title\" content=\"ZEN 2in1 set Paradise Flower\" \/>\n<meta property=\"og:description\" content=\"A great home air freshener containing natural flower essences and two bottles so that two rooms can be refreshed at the same time\" \/>\n<meta property=\"og:url\" content=\"https:\/\/elixscent.com\/pt\/produto\/paraiso-zen2\/\" \/>\n<meta property=\"og:site_name\" content=\"ELiX EU air fresheners\" \/>\n<meta property=\"article:modified_time\" content=\"2022-09-01T13:44:02+00:00\" \/>\n<meta property=\"og:image\" content=\"https:\/\/elixscent.com\/wp-content\/uploads\/wizualizacja_opakowanie_set_ogro\u2560ud_600.jpg\" \/>\n\t<meta property=\"og:image:width\" content=\"500\" \/>\n\t<meta property=\"og:image:height\" content=\"600\" \/>\n\t<meta property=\"og:image:type\" content=\"image\/jpeg\" \/>\n<meta name=\"twitter:card\" content=\"summary_large_image\" \/>\n<script type=\"application\/ld+json\" class=\"yoast-schema-graph\">{\"@context\":\"https:\\\/\\\/schema.org\",\"@graph\":[{\"@type\":\"WebPage\",\"@id\":\"https:\\\/\\\/elixscent.com\\\/product\\\/zen2-paradise\\\/\",\"url\":\"https:\\\/\\\/elixscent.com\\\/product\\\/zen2-paradise\\\/\",\"name\":\"ZEN 2in1 set Paradise Flower air freshener\",\"isPartOf\":{\"@id\":\"https:\\\/\\\/elixscent.com\\\/#website\"},\"primaryImageOfPage\":{\"@id\":\"https:\\\/\\\/elixscent.com\\\/product\\\/zen2-paradise\\\/#primaryimage\"},\"image\":{\"@id\":\"https:\\\/\\\/elixscent.com\\\/product\\\/zen2-paradise\\\/#primaryimage\"},\"thumbnailUrl\":\"https:\\\/\\\/elixscent.com\\\/wp-content\\\/uploads\\\/wizualizacja_opakowanie_set_ogro\u2560ud_600.jpg\",\"datePublished\":\"2022-07-13T12:11:59+00:00\",\"dateModified\":\"2022-09-01T13:44:02+00:00\",\"description\":\"A great home air freshener containing natural flower essences and two bottles so that two rooms can be refreshed at the same time\",\"breadcrumb\":{\"@id\":\"https:\\\/\\\/elixscent.com\\\/product\\\/zen2-paradise\\\/#breadcrumb\"},\"inLanguage\":\"pt-PT\",\"potentialAction\":[{\"@type\":\"ReadAction\",\"target\":[\"https:\\\/\\\/elixscent.com\\\/product\\\/zen2-paradise\\\/\"]}]},{\"@type\":\"ImageObject\",\"inLanguage\":\"pt-PT\",\"@id\":\"https:\\\/\\\/elixscent.com\\\/product\\\/zen2-paradise\\\/#primaryimage\",\"url\":\"https:\\\/\\\/elixscent.com\\\/wp-content\\\/uploads\\\/wizualizacja_opakowanie_set_ogro\u2560ud_600.jpg\",\"contentUrl\":\"https:\\\/\\\/elixscent.com\\\/wp-content\\\/uploads\\\/wizualizacja_opakowanie_set_ogro\u2560ud_600.jpg\",\"width\":500,\"height\":600,\"caption\":\"wizualizacja opakowanie set ogro\u2560ud 600\"},{\"@type\":\"BreadcrumbList\",\"@id\":\"https:\\\/\\\/elixscent.com\\\/product\\\/zen2-paradise\\\/#breadcrumb\",\"itemListElement\":[{\"@type\":\"ListItem\",\"position\":1,\"name\":\"Home\",\"item\":\"https:\\\/\\\/elixscent.com\\\/\"},{\"@type\":\"ListItem\",\"position\":2,\"name\":\"Products\",\"item\":\"https:\\\/\\\/elixscent.com\\\/product\\\/\"},{\"@type\":\"ListItem\",\"position\":3,\"name\":\"HOME PERFUME\",\"item\":\"https:\\\/\\\/elixscent.com\\\/product-category\\\/home\\\/\"},{\"@type\":\"ListItem\",\"position\":4,\"name\":\"ZEN 2 sets in 1 box\",\"item\":\"https:\\\/\\\/elixscent.com\\\/product-category\\\/2in1\\\/\"},{\"@type\":\"ListItem\",\"position\":5,\"name\":\"ZEN 2in1 set Paradise Flower\"}]},{\"@type\":\"WebSite\",\"@id\":\"https:\\\/\\\/elixscent.com\\\/#website\",\"url\":\"https:\\\/\\\/elixscent.com\\\/\",\"name\":\"ELiX EU air fresheners\",\"description\":\"Air &amp; Fabric, Perfectly Fresh\",\"publisher\":{\"@id\":\"https:\\\/\\\/elixscent.com\\\/#organization\"},\"potentialAction\":[{\"@type\":\"SearchAction\",\"target\":{\"@type\":\"EntryPoint\",\"urlTemplate\":\"https:\\\/\\\/elixscent.com\\\/?s={search_term_string}\"},\"query-input\":{\"@type\":\"PropertyValueSpecification\",\"valueRequired\":true,\"valueName\":\"search_term_string\"}}],\"inLanguage\":\"pt-PT\"},{\"@type\":\"Organization\",\"@id\":\"https:\\\/\\\/elixscent.com\\\/#organization\",\"name\":\"ELIX air freshener manufacturer\",\"url\":\"https:\\\/\\\/elixscent.com\\\/\",\"logo\":{\"@type\":\"ImageObject\",\"inLanguage\":\"pt-PT\",\"@id\":\"https:\\\/\\\/elixscent.com\\\/#\\\/schema\\\/logo\\\/image\\\/\",\"url\":\"https:\\\/\\\/elixscent.com\\\/wp-content\\\/uploads\\\/elix_logo_1.0-_300.jpg\",\"contentUrl\":\"https:\\\/\\\/elixscent.com\\\/wp-content\\\/uploads\\\/elix_logo_1.0-_300.jpg\",\"width\":300,\"height\":257,\"caption\":\"ELIX air freshener manufacturer\"},\"image\":{\"@id\":\"https:\\\/\\\/elixscent.com\\\/#\\\/schema\\\/logo\\\/image\\\/\"},\"sameAs\":[\"https:\\\/\\\/www.linkedin.com\\\/company\\\/30084929\"]}]}<\/script>\n<!-- \/ Yoast SEO Premium plugin. -->","yoast_head_json":{"title":"Ambientador ZEN 2em1 Flor do Para\u00edso","description":"Um \u00f3timo ambientador dom\u00e9stico com ess\u00eancias florais naturais e dois frascos para refrescar duas divis\u00f5es ao mesmo tempo","robots":{"index":"index","follow":"follow","max-snippet":"max-snippet:-1","max-image-preview":"max-image-preview:large","max-video-preview":"max-video-preview:-1"},"canonical":"https:\/\/elixscent.com\/pt\/produto\/paraiso-zen2\/","og_locale":"pt_PT","og_type":"article","og_title":"ZEN 2in1 set Paradise Flower","og_description":"A great home air freshener containing natural flower essences and two bottles so that two rooms can be refreshed at the same time","og_url":"https:\/\/elixscent.com\/pt\/produto\/paraiso-zen2\/","og_site_name":"ELiX EU air fresheners","article_modified_time":"2022-09-01T13:44:02+00:00","og_image":[{"width":500,"height":600,"url":"https:\/\/elixscent.com\/wp-content\/uploads\/wizualizacja_opakowanie_set_ogro\u2560ud_600.jpg","type":"image\/jpeg"}],"twitter_card":"summary_large_image","schema":{"@context":"https:\/\/schema.org","@graph":[{"@type":"WebPage","@id":"https:\/\/elixscent.com\/product\/zen2-paradise\/","url":"https:\/\/elixscent.com\/product\/zen2-paradise\/","name":"Ambientador ZEN 2em1 Flor do Para\u00edso","isPartOf":{"@id":"https:\/\/elixscent.com\/#website"},"primaryImageOfPage":{"@id":"https:\/\/elixscent.com\/product\/zen2-paradise\/#primaryimage"},"image":{"@id":"https:\/\/elixscent.com\/product\/zen2-paradise\/#primaryimage"},"thumbnailUrl":"https:\/\/elixscent.com\/wp-content\/uploads\/wizualizacja_opakowanie_set_ogro\u2560ud_600.jpg","datePublished":"2022-07-13T12:11:59+00:00","dateModified":"2022-09-01T13:44:02+00:00","description":"Um \u00f3timo ambientador dom\u00e9stico com ess\u00eancias florais naturais e dois frascos para refrescar duas divis\u00f5es ao mesmo tempo","breadcrumb":{"@id":"https:\/\/elixscent.com\/product\/zen2-paradise\/#breadcrumb"},"inLanguage":"pt-PT","potentialAction":[{"@type":"ReadAction","target":["https:\/\/elixscent.com\/product\/zen2-paradise\/"]}]},{"@type":"ImageObject","inLanguage":"pt-PT","@id":"https:\/\/elixscent.com\/product\/zen2-paradise\/#primaryimage","url":"https:\/\/elixscent.com\/wp-content\/uploads\/wizualizacja_opakowanie_set_ogro\u2560ud_600.jpg","contentUrl":"https:\/\/elixscent.com\/wp-content\/uploads\/wizualizacja_opakowanie_set_ogro\u2560ud_600.jpg","width":500,"height":600,"caption":"wizualizacja opakowanie set ogro\u2560ud 600"},{"@type":"BreadcrumbList","@id":"https:\/\/elixscent.com\/product\/zen2-paradise\/#breadcrumb","itemListElement":[{"@type":"ListItem","position":1,"name":"Home","item":"https:\/\/elixscent.com\/"},{"@type":"ListItem","position":2,"name":"Products","item":"https:\/\/elixscent.com\/product\/"},{"@type":"ListItem","position":3,"name":"HOME PERFUME","item":"https:\/\/elixscent.com\/product-category\/home\/"},{"@type":"ListItem","position":4,"name":"ZEN 2 sets in 1 box","item":"https:\/\/elixscent.com\/product-category\/2in1\/"},{"@type":"ListItem","position":5,"name":"ZEN 2in1 set Paradise Flower"}]},{"@type":"WebSite","@id":"https:\/\/elixscent.com\/#website","url":"https:\/\/elixscent.com\/","name":"Ambientadores ELiX EU","description":"Ar e tecido, perfeitamente frescos","publisher":{"@id":"https:\/\/elixscent.com\/#organization"},"potentialAction":[{"@type":"SearchAction","target":{"@type":"EntryPoint","urlTemplate":"https:\/\/elixscent.com\/?s={search_term_string}"},"query-input":{"@type":"PropertyValueSpecification","valueRequired":true,"valueName":"search_term_string"}}],"inLanguage":"pt-PT"},{"@type":"Organization","@id":"https:\/\/elixscent.com\/#organization","name":"Fabricante de purificadores de ar ELIX","url":"https:\/\/elixscent.com\/","logo":{"@type":"ImageObject","inLanguage":"pt-PT","@id":"https:\/\/elixscent.com\/#\/schema\/logo\/image\/","url":"https:\/\/elixscent.com\/wp-content\/uploads\/elix_logo_1.0-_300.jpg","contentUrl":"https:\/\/elixscent.com\/wp-content\/uploads\/elix_logo_1.0-_300.jpg","width":300,"height":257,"caption":"ELIX air freshener manufacturer"},"image":{"@id":"https:\/\/elixscent.com\/#\/schema\/logo\/image\/"},"sameAs":["https:\/\/www.linkedin.com\/company\/30084929"]}]}},"_links":{"self":[{"href":"https:\/\/elixscent.com\/pt\/wp-json\/wp\/v2\/product\/25368","targetHints":{"allow":["GET"]}}],"collection":[{"href":"https:\/\/elixscent.com\/pt\/wp-json\/wp\/v2\/product"}],"about":[{"href":"https:\/\/elixscent.com\/pt\/wp-json\/wp\/v2\/types\/product"}],"version-history":[{"count":5,"href":"https:\/\/elixscent.com\/pt\/wp-json\/wp\/v2\/product\/25368\/revisions"}],"predecessor-version":[{"id":27479,"href":"https:\/\/elixscent.com\/pt\/wp-json\/wp\/v2\/product\/25368\/revisions\/27479"}],"wp:featuredmedia":[{"embeddable":true,"href":"https:\/\/elixscent.com\/pt\/wp-json\/wp\/v2\/media\/25377"}],"wp:attachment":[{"href":"https:\/\/elixscent.com\/pt\/wp-json\/wp\/v2\/media?parent=25368"}],"curies":[{"name":"wp","href":"https:\/\/api.w.org\/{rel}","templated":true}]}}