{"id":25236,"date":"2022-07-13T07:29:49","date_gmt":"2022-07-13T07:29:49","guid":{"rendered":"https:\/\/elixscent.com\/?post_type=product&#038;p=25236"},"modified":"2023-02-08T13:08:00","modified_gmt":"2023-02-08T13:08:00","slug":"aq-baunilha","status":"publish","type":"product","link":"https:\/\/elixscent.com\/pt\/product\/aq-vanilla\/","title":{"rendered":"AQ FRESH Baunilha"},"content":{"rendered":"","protected":false},"featured_media":25255,"parent":0,"menu_order":113,"template":"","class_list":["post-25236","product","type-product","status-publish","has-post-thumbnail","hentry","product_category-aq","product_category-air-spray"],"acf":[],"yoast_head":"<!-- This site is optimized with the Yoast SEO Premium plugin v27.4 (Yoast SEO v27.4) - https:\/\/yoast.com\/product\/yoast-seo-premium-wordpress\/ -->\n<title>AQ FRESH Vanilla air freshener by ELiX<\/title>\n<meta name=\"description\" content=\"A line of air fresheners dedicated to removing unpleasant odors and permanently adding new fragrance. The method discovered by ELiX\" \/>\n<meta name=\"robots\" content=\"index, follow, max-snippet:-1, max-image-preview:large, max-video-preview:-1\" \/>\n<link rel=\"canonical\" href=\"https:\/\/elixscent.com\/pt\/produto\/aq-baunilha\/\" \/>\n<meta property=\"og:locale\" content=\"pt_PT\" \/>\n<meta property=\"og:type\" content=\"article\" \/>\n<meta property=\"og:title\" content=\"AQ FRESH Vanilla\" \/>\n<meta property=\"og:description\" content=\"A line of air fresheners dedicated to removing unpleasant odors and permanently adding new fragrance. The method discovered by ELiX\" \/>\n<meta property=\"og:url\" content=\"https:\/\/elixscent.com\/pt\/produto\/aq-baunilha\/\" \/>\n<meta property=\"og:site_name\" content=\"ELiX EU air fresheners\" \/>\n<meta property=\"article:modified_time\" content=\"2023-02-08T13:08:00+00:00\" \/>\n<meta property=\"og:image\" content=\"https:\/\/elixscent.com\/wp-content\/uploads\/AQ_2.0_wizualizacja_vanilla.png\" \/>\n\t<meta property=\"og:image:width\" content=\"210\" \/>\n\t<meta property=\"og:image:height\" content=\"599\" \/>\n\t<meta property=\"og:image:type\" content=\"image\/png\" \/>\n<meta name=\"twitter:card\" content=\"summary_large_image\" \/>\n<script type=\"application\/ld+json\" class=\"yoast-schema-graph\">{\"@context\":\"https:\\\/\\\/schema.org\",\"@graph\":[{\"@type\":\"WebPage\",\"@id\":\"https:\\\/\\\/elixscent.com\\\/product\\\/aq-vanilla\\\/\",\"url\":\"https:\\\/\\\/elixscent.com\\\/product\\\/aq-vanilla\\\/\",\"name\":\"AQ FRESH Vanilla air freshener by ELiX\",\"isPartOf\":{\"@id\":\"https:\\\/\\\/elixscent.com\\\/#website\"},\"primaryImageOfPage\":{\"@id\":\"https:\\\/\\\/elixscent.com\\\/product\\\/aq-vanilla\\\/#primaryimage\"},\"image\":{\"@id\":\"https:\\\/\\\/elixscent.com\\\/product\\\/aq-vanilla\\\/#primaryimage\"},\"thumbnailUrl\":\"https:\\\/\\\/elixscent.com\\\/wp-content\\\/uploads\\\/AQ_2.0_wizualizacja_vanilla.png\",\"datePublished\":\"2022-07-13T07:29:49+00:00\",\"dateModified\":\"2023-02-08T13:08:00+00:00\",\"description\":\"A line of air fresheners dedicated to removing unpleasant odors and permanently adding new fragrance. The method discovered by ELiX\",\"breadcrumb\":{\"@id\":\"https:\\\/\\\/elixscent.com\\\/product\\\/aq-vanilla\\\/#breadcrumb\"},\"inLanguage\":\"pt-PT\",\"potentialAction\":[{\"@type\":\"ReadAction\",\"target\":[\"https:\\\/\\\/elixscent.com\\\/product\\\/aq-vanilla\\\/\"]}]},{\"@type\":\"ImageObject\",\"inLanguage\":\"pt-PT\",\"@id\":\"https:\\\/\\\/elixscent.com\\\/product\\\/aq-vanilla\\\/#primaryimage\",\"url\":\"https:\\\/\\\/elixscent.com\\\/wp-content\\\/uploads\\\/AQ_2.0_wizualizacja_vanilla.png\",\"contentUrl\":\"https:\\\/\\\/elixscent.com\\\/wp-content\\\/uploads\\\/AQ_2.0_wizualizacja_vanilla.png\",\"width\":210,\"height\":599,\"caption\":\"AQ 2.0 wizualizacja vanilla\"},{\"@type\":\"BreadcrumbList\",\"@id\":\"https:\\\/\\\/elixscent.com\\\/product\\\/aq-vanilla\\\/#breadcrumb\",\"itemListElement\":[{\"@type\":\"ListItem\",\"position\":1,\"name\":\"Home\",\"item\":\"https:\\\/\\\/elixscent.com\\\/\"},{\"@type\":\"ListItem\",\"position\":2,\"name\":\"Products\",\"item\":\"https:\\\/\\\/elixscent.com\\\/product\\\/\"},{\"@type\":\"ListItem\",\"position\":3,\"name\":\"SPRAY AIR FRESHENERS\",\"item\":\"https:\\\/\\\/elixscent.com\\\/product-category\\\/air-spray\\\/\"},{\"@type\":\"ListItem\",\"position\":4,\"name\":\"AQ\",\"item\":\"https:\\\/\\\/elixscent.com\\\/product-category\\\/aq\\\/\"},{\"@type\":\"ListItem\",\"position\":5,\"name\":\"AQ FRESH Vanilla\"}]},{\"@type\":\"WebSite\",\"@id\":\"https:\\\/\\\/elixscent.com\\\/#website\",\"url\":\"https:\\\/\\\/elixscent.com\\\/\",\"name\":\"ELiX EU air fresheners\",\"description\":\"Air &amp; Fabric, Perfectly Fresh\",\"publisher\":{\"@id\":\"https:\\\/\\\/elixscent.com\\\/#organization\"},\"potentialAction\":[{\"@type\":\"SearchAction\",\"target\":{\"@type\":\"EntryPoint\",\"urlTemplate\":\"https:\\\/\\\/elixscent.com\\\/?s={search_term_string}\"},\"query-input\":{\"@type\":\"PropertyValueSpecification\",\"valueRequired\":true,\"valueName\":\"search_term_string\"}}],\"inLanguage\":\"pt-PT\"},{\"@type\":\"Organization\",\"@id\":\"https:\\\/\\\/elixscent.com\\\/#organization\",\"name\":\"ELIX air freshener manufacturer\",\"url\":\"https:\\\/\\\/elixscent.com\\\/\",\"logo\":{\"@type\":\"ImageObject\",\"inLanguage\":\"pt-PT\",\"@id\":\"https:\\\/\\\/elixscent.com\\\/#\\\/schema\\\/logo\\\/image\\\/\",\"url\":\"https:\\\/\\\/elixscent.com\\\/wp-content\\\/uploads\\\/elix_logo_1.0-_300.jpg\",\"contentUrl\":\"https:\\\/\\\/elixscent.com\\\/wp-content\\\/uploads\\\/elix_logo_1.0-_300.jpg\",\"width\":300,\"height\":257,\"caption\":\"ELIX air freshener manufacturer\"},\"image\":{\"@id\":\"https:\\\/\\\/elixscent.com\\\/#\\\/schema\\\/logo\\\/image\\\/\"},\"sameAs\":[\"https:\\\/\\\/www.linkedin.com\\\/company\\\/30084929\"]}]}<\/script>\n<!-- \/ Yoast SEO Premium plugin. -->","yoast_head_json":{"title":"Ambientador AQ FRESH Vanilla da ELiX","description":"Uma linha de ambientadores dedicada \u00e0 elimina\u00e7\u00e3o de odores desagrad\u00e1veis e \u00e0 adi\u00e7\u00e3o permanente de novas fragr\u00e2ncias. O m\u00e9todo descoberto pela ELiX","robots":{"index":"index","follow":"follow","max-snippet":"max-snippet:-1","max-image-preview":"max-image-preview:large","max-video-preview":"max-video-preview:-1"},"canonical":"https:\/\/elixscent.com\/pt\/produto\/aq-baunilha\/","og_locale":"pt_PT","og_type":"article","og_title":"AQ FRESH Vanilla","og_description":"A line of air fresheners dedicated to removing unpleasant odors and permanently adding new fragrance. The method discovered by ELiX","og_url":"https:\/\/elixscent.com\/pt\/produto\/aq-baunilha\/","og_site_name":"ELiX EU air fresheners","article_modified_time":"2023-02-08T13:08:00+00:00","og_image":[{"width":210,"height":599,"url":"https:\/\/elixscent.com\/wp-content\/uploads\/AQ_2.0_wizualizacja_vanilla.png","type":"image\/png"}],"twitter_card":"summary_large_image","schema":{"@context":"https:\/\/schema.org","@graph":[{"@type":"WebPage","@id":"https:\/\/elixscent.com\/product\/aq-vanilla\/","url":"https:\/\/elixscent.com\/product\/aq-vanilla\/","name":"Ambientador AQ FRESH Vanilla da ELiX","isPartOf":{"@id":"https:\/\/elixscent.com\/#website"},"primaryImageOfPage":{"@id":"https:\/\/elixscent.com\/product\/aq-vanilla\/#primaryimage"},"image":{"@id":"https:\/\/elixscent.com\/product\/aq-vanilla\/#primaryimage"},"thumbnailUrl":"https:\/\/elixscent.com\/wp-content\/uploads\/AQ_2.0_wizualizacja_vanilla.png","datePublished":"2022-07-13T07:29:49+00:00","dateModified":"2023-02-08T13:08:00+00:00","description":"Uma linha de ambientadores dedicada \u00e0 elimina\u00e7\u00e3o de odores desagrad\u00e1veis e \u00e0 adi\u00e7\u00e3o permanente de novas fragr\u00e2ncias. O m\u00e9todo descoberto pela ELiX","breadcrumb":{"@id":"https:\/\/elixscent.com\/product\/aq-vanilla\/#breadcrumb"},"inLanguage":"pt-PT","potentialAction":[{"@type":"ReadAction","target":["https:\/\/elixscent.com\/product\/aq-vanilla\/"]}]},{"@type":"ImageObject","inLanguage":"pt-PT","@id":"https:\/\/elixscent.com\/product\/aq-vanilla\/#primaryimage","url":"https:\/\/elixscent.com\/wp-content\/uploads\/AQ_2.0_wizualizacja_vanilla.png","contentUrl":"https:\/\/elixscent.com\/wp-content\/uploads\/AQ_2.0_wizualizacja_vanilla.png","width":210,"height":599,"caption":"AQ 2.0 wizualizacja vanilla"},{"@type":"BreadcrumbList","@id":"https:\/\/elixscent.com\/product\/aq-vanilla\/#breadcrumb","itemListElement":[{"@type":"ListItem","position":1,"name":"Home","item":"https:\/\/elixscent.com\/"},{"@type":"ListItem","position":2,"name":"Products","item":"https:\/\/elixscent.com\/product\/"},{"@type":"ListItem","position":3,"name":"SPRAY AIR FRESHENERS","item":"https:\/\/elixscent.com\/product-category\/air-spray\/"},{"@type":"ListItem","position":4,"name":"AQ","item":"https:\/\/elixscent.com\/product-category\/aq\/"},{"@type":"ListItem","position":5,"name":"AQ FRESH Vanilla"}]},{"@type":"WebSite","@id":"https:\/\/elixscent.com\/#website","url":"https:\/\/elixscent.com\/","name":"Ambientadores ELiX EU","description":"Ar e tecido, perfeitamente frescos","publisher":{"@id":"https:\/\/elixscent.com\/#organization"},"potentialAction":[{"@type":"SearchAction","target":{"@type":"EntryPoint","urlTemplate":"https:\/\/elixscent.com\/?s={search_term_string}"},"query-input":{"@type":"PropertyValueSpecification","valueRequired":true,"valueName":"search_term_string"}}],"inLanguage":"pt-PT"},{"@type":"Organization","@id":"https:\/\/elixscent.com\/#organization","name":"Fabricante de purificadores de ar ELIX","url":"https:\/\/elixscent.com\/","logo":{"@type":"ImageObject","inLanguage":"pt-PT","@id":"https:\/\/elixscent.com\/#\/schema\/logo\/image\/","url":"https:\/\/elixscent.com\/wp-content\/uploads\/elix_logo_1.0-_300.jpg","contentUrl":"https:\/\/elixscent.com\/wp-content\/uploads\/elix_logo_1.0-_300.jpg","width":300,"height":257,"caption":"ELIX air freshener manufacturer"},"image":{"@id":"https:\/\/elixscent.com\/#\/schema\/logo\/image\/"},"sameAs":["https:\/\/www.linkedin.com\/company\/30084929"]}]}},"_links":{"self":[{"href":"https:\/\/elixscent.com\/pt\/wp-json\/wp\/v2\/product\/25236","targetHints":{"allow":["GET"]}}],"collection":[{"href":"https:\/\/elixscent.com\/pt\/wp-json\/wp\/v2\/product"}],"about":[{"href":"https:\/\/elixscent.com\/pt\/wp-json\/wp\/v2\/types\/product"}],"version-history":[{"count":8,"href":"https:\/\/elixscent.com\/pt\/wp-json\/wp\/v2\/product\/25236\/revisions"}],"predecessor-version":[{"id":28865,"href":"https:\/\/elixscent.com\/pt\/wp-json\/wp\/v2\/product\/25236\/revisions\/28865"}],"wp:featuredmedia":[{"embeddable":true,"href":"https:\/\/elixscent.com\/pt\/wp-json\/wp\/v2\/media\/25255"}],"wp:attachment":[{"href":"https:\/\/elixscent.com\/pt\/wp-json\/wp\/v2\/media?parent=25236"}],"curies":[{"name":"wp","href":"https:\/\/api.w.org\/{rel}","templated":true}]}}