{"id":25088,"date":"2022-07-12T12:42:37","date_gmt":"2022-07-12T12:42:37","guid":{"rendered":"https:\/\/elixscent.com\/?post_type=product&#038;p=25088"},"modified":"2024-10-14T11:23:53","modified_gmt":"2024-10-14T11:23:53","slug":"pastilha-elastica-de-tulipa","status":"publish","type":"product","link":"https:\/\/elixscent.com\/pt\/product\/tulip-bubble-gum\/","title":{"rendered":"Pastilha el\u00e1stica TULIP"},"content":{"rendered":"<p><span id=\"span-23-132\" class=\"ct-span oxy-stock-content-styles\"> Fragr\u00e2ncia bem conhecida de pastilha el\u00e1stica com notas doces de frutos sumarentos. Esta combina\u00e7\u00e3o especial de fragr\u00e2ncia e o bonito grafismo do produto f\u00e1-lo-\u00e3o<strong> sinta-se como nas mem\u00f3rias de crian\u00e7a com a nossa alegre girafa azul-rosa.<br \/>\n<\/strong><\/span><\/p>\n<p><span id=\"span-23-132\" class=\"ct-span oxy-stock-content-styles\"><em>&gt;&gt; Se quiser comprar, visite a nossa loja:<\/em> <strong><a class=\"_ps2id\" href=\"https:\/\/airfresh24.com\/products\/shop\/tulip-cellulose-air-freshener\/\" data-ps2id-offset=\"\">www.airfresh24.com<\/a><\/strong><br \/>\n<\/span><\/p>","protected":false},"featured_media":28131,"parent":0,"menu_order":168,"template":"","class_list":["post-25088","product","type-product","status-publish","has-post-thumbnail","hentry","product_category-tulip","product_category-paper-air-fresheners"],"acf":[],"yoast_head":"<!-- This site is optimized with the Yoast SEO Premium plugin v27.2 (Yoast SEO v27.4) - https:\/\/yoast.com\/product\/yoast-seo-premium-wordpress\/ -->\n<title>TULIP Bubble Gum air freshener by ELiX<\/title>\n<meta name=\"description\" content=\"A simple and easy-to-use air freshener. Thanks to its small size, it can always stay close to you and help change the smell\" \/>\n<meta name=\"robots\" content=\"index, follow, max-snippet:-1, max-image-preview:large, max-video-preview:-1\" \/>\n<link rel=\"canonical\" href=\"https:\/\/elixscent.com\/pt\/produto\/pastilha-elastica-de-tulipa\/\" \/>\n<meta property=\"og:locale\" content=\"pt_PT\" \/>\n<meta property=\"og:type\" content=\"article\" \/>\n<meta property=\"og:title\" content=\"TULIP Bubble Gum\" \/>\n<meta property=\"og:description\" content=\"A simple and easy-to-use air freshener. Thanks to its small size, it can always stay close to you and help change the smell\" \/>\n<meta property=\"og:url\" content=\"https:\/\/elixscent.com\/pt\/produto\/pastilha-elastica-de-tulipa\/\" \/>\n<meta property=\"og:site_name\" content=\"ELiX EU air fresheners\" \/>\n<meta property=\"article:modified_time\" content=\"2024-10-14T11:23:53+00:00\" \/>\n<meta property=\"og:image\" content=\"https:\/\/elixscent.com\/wp-content\/uploads\/ELIXpaper_bubblegum_headder_1.0.png\" \/>\n\t<meta property=\"og:image:width\" content=\"175\" \/>\n\t<meta property=\"og:image:height\" content=\"419\" \/>\n\t<meta property=\"og:image:type\" content=\"image\/png\" \/>\n<meta name=\"twitter:card\" content=\"summary_large_image\" \/>\n<meta name=\"twitter:label1\" content=\"Tempo estimado de leitura\" \/>\n\t<meta name=\"twitter:data1\" content=\"1 minuto\" \/>\n<script type=\"application\/ld+json\" class=\"yoast-schema-graph\">{\"@context\":\"https:\\\/\\\/schema.org\",\"@graph\":[{\"@type\":\"WebPage\",\"@id\":\"https:\\\/\\\/elixscent.com\\\/product\\\/tulip-bubble-gum\\\/\",\"url\":\"https:\\\/\\\/elixscent.com\\\/product\\\/tulip-bubble-gum\\\/\",\"name\":\"TULIP Bubble Gum air freshener by ELiX\",\"isPartOf\":{\"@id\":\"https:\\\/\\\/elixscent.com\\\/#website\"},\"primaryImageOfPage\":{\"@id\":\"https:\\\/\\\/elixscent.com\\\/product\\\/tulip-bubble-gum\\\/#primaryimage\"},\"image\":{\"@id\":\"https:\\\/\\\/elixscent.com\\\/product\\\/tulip-bubble-gum\\\/#primaryimage\"},\"thumbnailUrl\":\"https:\\\/\\\/elixscent.com\\\/wp-content\\\/uploads\\\/ELIXpaper_bubblegum_headder_1.0.png\",\"datePublished\":\"2022-07-12T12:42:37+00:00\",\"dateModified\":\"2024-10-14T11:23:53+00:00\",\"description\":\"A simple and easy-to-use air freshener. Thanks to its small size, it can always stay close to you and help change the smell\",\"breadcrumb\":{\"@id\":\"https:\\\/\\\/elixscent.com\\\/product\\\/tulip-bubble-gum\\\/#breadcrumb\"},\"inLanguage\":\"pt-PT\",\"potentialAction\":[{\"@type\":\"ReadAction\",\"target\":[\"https:\\\/\\\/elixscent.com\\\/product\\\/tulip-bubble-gum\\\/\"]}]},{\"@type\":\"ImageObject\",\"inLanguage\":\"pt-PT\",\"@id\":\"https:\\\/\\\/elixscent.com\\\/product\\\/tulip-bubble-gum\\\/#primaryimage\",\"url\":\"https:\\\/\\\/elixscent.com\\\/wp-content\\\/uploads\\\/ELIXpaper_bubblegum_headder_1.0.png\",\"contentUrl\":\"https:\\\/\\\/elixscent.com\\\/wp-content\\\/uploads\\\/ELIXpaper_bubblegum_headder_1.0.png\",\"width\":175,\"height\":419,\"caption\":\"ELIXpaper bubblegum headder 1.0\"},{\"@type\":\"BreadcrumbList\",\"@id\":\"https:\\\/\\\/elixscent.com\\\/product\\\/tulip-bubble-gum\\\/#breadcrumb\",\"itemListElement\":[{\"@type\":\"ListItem\",\"position\":1,\"name\":\"Home\",\"item\":\"https:\\\/\\\/elixscent.com\\\/\"},{\"@type\":\"ListItem\",\"position\":2,\"name\":\"Products\",\"item\":\"https:\\\/\\\/elixscent.com\\\/product\\\/\"},{\"@type\":\"ListItem\",\"position\":3,\"name\":\"Paper air fresheners\",\"item\":\"https:\\\/\\\/elixscent.com\\\/product-category\\\/paper-air-fresheners\\\/\"},{\"@type\":\"ListItem\",\"position\":4,\"name\":\"TULIP\",\"item\":\"https:\\\/\\\/elixscent.com\\\/product-category\\\/tulip\\\/\"},{\"@type\":\"ListItem\",\"position\":5,\"name\":\"TULIP Bubble Gum\"}]},{\"@type\":\"WebSite\",\"@id\":\"https:\\\/\\\/elixscent.com\\\/#website\",\"url\":\"https:\\\/\\\/elixscent.com\\\/\",\"name\":\"ELiX EU air fresheners\",\"description\":\"Air &amp; Fabric, Perfectly Fresh\",\"publisher\":{\"@id\":\"https:\\\/\\\/elixscent.com\\\/#organization\"},\"potentialAction\":[{\"@type\":\"SearchAction\",\"target\":{\"@type\":\"EntryPoint\",\"urlTemplate\":\"https:\\\/\\\/elixscent.com\\\/?s={search_term_string}\"},\"query-input\":{\"@type\":\"PropertyValueSpecification\",\"valueRequired\":true,\"valueName\":\"search_term_string\"}}],\"inLanguage\":\"pt-PT\"},{\"@type\":\"Organization\",\"@id\":\"https:\\\/\\\/elixscent.com\\\/#organization\",\"name\":\"ELIX air freshener manufacturer\",\"url\":\"https:\\\/\\\/elixscent.com\\\/\",\"logo\":{\"@type\":\"ImageObject\",\"inLanguage\":\"pt-PT\",\"@id\":\"https:\\\/\\\/elixscent.com\\\/#\\\/schema\\\/logo\\\/image\\\/\",\"url\":\"https:\\\/\\\/elixscent.com\\\/wp-content\\\/uploads\\\/elix_logo_1.0-_300.jpg\",\"contentUrl\":\"https:\\\/\\\/elixscent.com\\\/wp-content\\\/uploads\\\/elix_logo_1.0-_300.jpg\",\"width\":300,\"height\":257,\"caption\":\"ELIX air freshener manufacturer\"},\"image\":{\"@id\":\"https:\\\/\\\/elixscent.com\\\/#\\\/schema\\\/logo\\\/image\\\/\"},\"sameAs\":[\"https:\\\/\\\/www.linkedin.com\\\/company\\\/30084929\"]}]}<\/script>\n<!-- \/ Yoast SEO Premium plugin. -->","yoast_head_json":{"title":"Ambientador TULIP Bubble Gum da ELiX","description":"Um ambientador simples e f\u00e1cil de utilizar. Gra\u00e7as ao seu pequeno tamanho, pode estar sempre perto de si e ajudar a mudar o cheiro","robots":{"index":"index","follow":"follow","max-snippet":"max-snippet:-1","max-image-preview":"max-image-preview:large","max-video-preview":"max-video-preview:-1"},"canonical":"https:\/\/elixscent.com\/pt\/produto\/pastilha-elastica-de-tulipa\/","og_locale":"pt_PT","og_type":"article","og_title":"TULIP Bubble Gum","og_description":"A simple and easy-to-use air freshener. Thanks to its small size, it can always stay close to you and help change the smell","og_url":"https:\/\/elixscent.com\/pt\/produto\/pastilha-elastica-de-tulipa\/","og_site_name":"ELiX EU air fresheners","article_modified_time":"2024-10-14T11:23:53+00:00","og_image":[{"width":175,"height":419,"url":"https:\/\/elixscent.com\/wp-content\/uploads\/ELIXpaper_bubblegum_headder_1.0.png","type":"image\/png"}],"twitter_card":"summary_large_image","twitter_misc":{"Tempo estimado de leitura":"1 minuto"},"schema":{"@context":"https:\/\/schema.org","@graph":[{"@type":"WebPage","@id":"https:\/\/elixscent.com\/product\/tulip-bubble-gum\/","url":"https:\/\/elixscent.com\/product\/tulip-bubble-gum\/","name":"Ambientador TULIP Bubble Gum da ELiX","isPartOf":{"@id":"https:\/\/elixscent.com\/#website"},"primaryImageOfPage":{"@id":"https:\/\/elixscent.com\/product\/tulip-bubble-gum\/#primaryimage"},"image":{"@id":"https:\/\/elixscent.com\/product\/tulip-bubble-gum\/#primaryimage"},"thumbnailUrl":"https:\/\/elixscent.com\/wp-content\/uploads\/ELIXpaper_bubblegum_headder_1.0.png","datePublished":"2022-07-12T12:42:37+00:00","dateModified":"2024-10-14T11:23:53+00:00","description":"Um ambientador simples e f\u00e1cil de utilizar. Gra\u00e7as ao seu pequeno tamanho, pode estar sempre perto de si e ajudar a mudar o cheiro","breadcrumb":{"@id":"https:\/\/elixscent.com\/product\/tulip-bubble-gum\/#breadcrumb"},"inLanguage":"pt-PT","potentialAction":[{"@type":"ReadAction","target":["https:\/\/elixscent.com\/product\/tulip-bubble-gum\/"]}]},{"@type":"ImageObject","inLanguage":"pt-PT","@id":"https:\/\/elixscent.com\/product\/tulip-bubble-gum\/#primaryimage","url":"https:\/\/elixscent.com\/wp-content\/uploads\/ELIXpaper_bubblegum_headder_1.0.png","contentUrl":"https:\/\/elixscent.com\/wp-content\/uploads\/ELIXpaper_bubblegum_headder_1.0.png","width":175,"height":419,"caption":"ELIXpaper bubblegum headder 1.0"},{"@type":"BreadcrumbList","@id":"https:\/\/elixscent.com\/product\/tulip-bubble-gum\/#breadcrumb","itemListElement":[{"@type":"ListItem","position":1,"name":"Home","item":"https:\/\/elixscent.com\/"},{"@type":"ListItem","position":2,"name":"Products","item":"https:\/\/elixscent.com\/product\/"},{"@type":"ListItem","position":3,"name":"Paper air fresheners","item":"https:\/\/elixscent.com\/product-category\/paper-air-fresheners\/"},{"@type":"ListItem","position":4,"name":"TULIP","item":"https:\/\/elixscent.com\/product-category\/tulip\/"},{"@type":"ListItem","position":5,"name":"TULIP Bubble Gum"}]},{"@type":"WebSite","@id":"https:\/\/elixscent.com\/#website","url":"https:\/\/elixscent.com\/","name":"Ambientadores ELiX EU","description":"Ar e tecido, perfeitamente frescos","publisher":{"@id":"https:\/\/elixscent.com\/#organization"},"potentialAction":[{"@type":"SearchAction","target":{"@type":"EntryPoint","urlTemplate":"https:\/\/elixscent.com\/?s={search_term_string}"},"query-input":{"@type":"PropertyValueSpecification","valueRequired":true,"valueName":"search_term_string"}}],"inLanguage":"pt-PT"},{"@type":"Organization","@id":"https:\/\/elixscent.com\/#organization","name":"Fabricante de purificadores de ar ELIX","url":"https:\/\/elixscent.com\/","logo":{"@type":"ImageObject","inLanguage":"pt-PT","@id":"https:\/\/elixscent.com\/#\/schema\/logo\/image\/","url":"https:\/\/elixscent.com\/wp-content\/uploads\/elix_logo_1.0-_300.jpg","contentUrl":"https:\/\/elixscent.com\/wp-content\/uploads\/elix_logo_1.0-_300.jpg","width":300,"height":257,"caption":"ELIX air freshener manufacturer"},"image":{"@id":"https:\/\/elixscent.com\/#\/schema\/logo\/image\/"},"sameAs":["https:\/\/www.linkedin.com\/company\/30084929"]}]}},"_links":{"self":[{"href":"https:\/\/elixscent.com\/pt\/wp-json\/wp\/v2\/product\/25088","targetHints":{"allow":["GET"]}}],"collection":[{"href":"https:\/\/elixscent.com\/pt\/wp-json\/wp\/v2\/product"}],"about":[{"href":"https:\/\/elixscent.com\/pt\/wp-json\/wp\/v2\/types\/product"}],"version-history":[{"count":18,"href":"https:\/\/elixscent.com\/pt\/wp-json\/wp\/v2\/product\/25088\/revisions"}],"predecessor-version":[{"id":53252,"href":"https:\/\/elixscent.com\/pt\/wp-json\/wp\/v2\/product\/25088\/revisions\/53252"}],"wp:featuredmedia":[{"embeddable":true,"href":"https:\/\/elixscent.com\/pt\/wp-json\/wp\/v2\/media\/28131"}],"wp:attachment":[{"href":"https:\/\/elixscent.com\/pt\/wp-json\/wp\/v2\/media?parent=25088"}],"curies":[{"name":"wp","href":"https:\/\/api.w.org\/{rel}","templated":true}]}}