{"id":60706,"date":"2026-02-25T12:59:35","date_gmt":"2026-02-25T12:59:35","guid":{"rendered":"https:\/\/elixscent.com\/?post_type=product&#038;p=60706"},"modified":"2026-03-24T07:53:34","modified_gmt":"2026-03-24T07:53:34","slug":"washing_gel_conc","status":"publish","type":"product","link":"https:\/\/elixscent.com\/pl\/product\/washing_gel_conc\/","title":{"rendered":"Koncentrat \u017celu do prania Amarella Expert Laundry"},"content":{"rendered":"<p data-start=\"304\" data-end=\"673\"><strong data-start=\"304\" data-end=\"355\">Koncentrat \u017celu do prania Amarella Expert Laundry<\/strong> to wysokowydajny <strong data-start=\"378\" data-end=\"414\">skoncentrowany \u017cel do prania<\/strong> stworzony do skutecznego codziennego czyszczenia i doskona\u0142ej piel\u0119gnacji tkanin. Zaprojektowany, aby zapewni\u0107 <strong data-start=\"502\" data-end=\"540\">Wysoka wydajno\u015b\u0107 prania w temperaturze 30\u00b0C<\/strong>, Pomaga usuwa\u0107 codzienne zabrudzenia, od\u015bwie\u017ca\u0107 tkaniny i wspiera\u0107 bardziej energooszcz\u0119dn\u0105 rutyn\u0119 prania bez uszczerbku dla wynik\u00f3w.<\/p>\n<p data-start=\"675\" data-end=\"991\">Ten zaawansowany <strong data-start=\"689\" data-end=\"724\">\u017cel do prania w temperaturze 30\u00b0C<\/strong> jest cz\u0119\u015bci\u0105 <strong data-start=\"740\" data-end=\"775\">Program piel\u0119gnacji bielizny Amarella<\/strong> i dzia\u0142a jako niezb\u0119dna baza do kompleksowej piel\u0119gnacji tkanin. Jego formu\u0142a zosta\u0142a stworzona z my\u015bl\u0105 o nowoczesnych gospodarstwach domowych, kt\u00f3re chc\u0105 <strong data-start=\"889\" data-end=\"926\">detergent do prania w niskiej temperaturze<\/strong> z prawdziw\u0105 moc\u0105 czyszczenia, precyzyjnym dozowaniem i niezawodn\u0105 \u015bwie\u017co\u015bci\u0105.<\/p>\n<p data-start=\"993\" data-end=\"1311\">Z <strong data-start=\"998\" data-end=\"1037\">Odorano\u00ae Formu\u0142a neutralizuj\u0105ca zapachy<\/strong>, Amarella Expert Laundry Washing Gel Concentrate pomaga neutralizowa\u0107 nieprzyjemne zapachy, zamiast po prostu je maskowa\u0107. To czyni go idealnym <strong data-start=\"1177\" data-end=\"1211\">\u017cel do prania neutralizuj\u0105cy zapachy<\/strong> do codziennego prania, odzie\u017cy sportowej, tekstyli\u00f3w domowych i codziennych ubra\u0144, kt\u00f3re wymagaj\u0105 czystego, \u015bwie\u017cego wyko\u0144czenia.<\/p>\n<p data-start=\"1313\" data-end=\"1684\">Formu\u0142a zawiera r\u00f3wnie\u017c <strong data-start=\"1341\" data-end=\"1361\">Kompleks 3-enzym\u00f3w<\/strong> do usuwania typowych domowych zabrudze\u0144 i plam, podczas gdy <strong data-start=\"1432\" data-end=\"1464\">skoncentrowany format o niskiej dawce<\/strong> zapewnia do <strong data-start=\"1480\" data-end=\"1508\">100 my\u0107 w butelce o pojemno\u015bci 1 l<\/strong>. Odpowiedni dla <strong data-start=\"1523\" data-end=\"1550\">wszystkie tkaniny i kolory<\/strong>, to <strong data-start=\"1557\" data-end=\"1585\">skoncentrowany \u017cel myj\u0105cy<\/strong> zawiera <strong data-start=\"1595\" data-end=\"1615\">brak mikrodrobin plastiku<\/strong> i obejmuje <strong data-start=\"1629\" data-end=\"1655\">Wsparcie przed osadzaniem si\u0119 kamienia<\/strong> do wygodnego codziennego u\u017cytku.<\/p>\n<p data-start=\"1686\" data-end=\"1973\">Jedna z jego kluczowych zalet jest oczywista: <strong data-start=\"1722\" data-end=\"1760\">skuteczne czyszczenie ju\u017c w temperaturze 30\u00b0C<\/strong>. Oznacza to, \u017ce mo\u017cesz wybra\u0107 <strong data-start=\"1790\" data-end=\"1840\">\u017bel do prania w niskich temperaturach<\/strong> kt\u00f3ry pomaga dba\u0107 o tkaniny, wspomaga cz\u0119ste pranie i zapewnia czysty, \u015bwie\u017cy efekt oczekiwany od nowoczesnej formu\u0142y premium.<\/p>\n<p data-start=\"1975\" data-end=\"2255\">Jego <strong data-start=\"1979\" data-end=\"2013\">subtelna i delikatna baza zapachowa<\/strong> zosta\u0142a zaprojektowana tak, aby idealnie wsp\u00f3\u0142gra\u0107 z <strong data-start=\"2050\" data-end=\"2079\">Perfumy Amarella Laundry<\/strong>, dzi\u0119ki czemu jest to idealny wyb\u00f3r dla klient\u00f3w poszukuj\u0105cych <strong data-start=\"2136\" data-end=\"2186\">\u017cel do prania z technologi\u0105 neutralizacji zapach\u00f3w<\/strong>, Wydajno\u015b\u0107 przyjazna dla tkanin i kompletna procedura prania premium.<\/p>\n<p data-start=\"2257\" data-end=\"2274\"><strong data-start=\"2257\" data-end=\"2274\">Kluczowe korzy\u015bci:<\/strong><\/p>\n<ul data-start=\"2276\" data-end=\"2695\">\n<li data-section-id=\"14lar7n\" data-start=\"2276\" data-end=\"2311\">\n<p data-start=\"2278\" data-end=\"2311\"><strong data-start=\"2278\" data-end=\"2311\">Skuteczny \u017cel myj\u0105cy w temperaturze 30\u00b0C<\/strong><\/p>\n<\/li>\n<li data-section-id=\"qcwu4\" data-start=\"2312\" data-end=\"2359\">\n<p data-start=\"2314\" data-end=\"2359\">Wysoka wydajno\u015b\u0107 <strong data-start=\"2331\" data-end=\"2359\">skoncentrowany \u017cel do prania<\/strong><\/p>\n<\/li>\n<li data-section-id=\"1ww22f6\" data-start=\"2360\" data-end=\"2396\">\n<p data-start=\"2362\" data-end=\"2396\">Do <strong data-start=\"2368\" data-end=\"2382\">100 pra\u0144<\/strong> za butelk\u0119 1L<\/p>\n<\/li>\n<li data-section-id=\"3hjik2\" data-start=\"2397\" data-end=\"2438\">\n<p data-start=\"2399\" data-end=\"2438\"><strong data-start=\"2399\" data-end=\"2438\">Formu\u0142a neutralizuj\u0105ca zapach Odorano\u00ae<\/strong><\/p>\n<\/li>\n<li data-section-id=\"99iz8p\" data-start=\"2439\" data-end=\"2487\">\n<p data-start=\"2441\" data-end=\"2487\"><strong data-start=\"2441\" data-end=\"2461\">Kompleks 3-enzym\u00f3w<\/strong> do codziennego usuwania zabrudze\u0144<\/p>\n<\/li>\n<li data-section-id=\"1skgy9n\" data-start=\"2488\" data-end=\"2551\">\n<p data-start=\"2490\" data-end=\"2551\"><strong data-start=\"2490\" data-end=\"2527\">Detergent do prania w niskiej temperaturze<\/strong> dla nowoczesnej piel\u0119gnacji prania<\/p>\n<\/li>\n<li data-section-id=\"4911gd\" data-start=\"2552\" data-end=\"2594\">\n<p data-start=\"2554\" data-end=\"2594\">Odpowiedni dla <strong data-start=\"2567\" data-end=\"2594\">wszystkie tkaniny i kolory<\/strong><\/p>\n<\/li>\n<li data-section-id=\"1fj3c34\" data-start=\"2595\" data-end=\"2617\">\n<p data-start=\"2597\" data-end=\"2617\"><strong data-start=\"2597\" data-end=\"2617\">Brak mikrodrobin plastiku<\/strong><\/p>\n<\/li>\n<li data-section-id=\"8nna31\" data-start=\"2618\" data-end=\"2646\">\n<p data-start=\"2620\" data-end=\"2646\"><strong data-start=\"2620\" data-end=\"2646\">Ochrona przed osadzaniem si\u0119 kamienia<\/strong><\/p>\n<\/li>\n<li data-section-id=\"1a4lb88\" data-start=\"2647\" data-end=\"2695\">\n<p data-start=\"2649\" data-end=\"2695\">Doskona\u0142a baza dla <strong data-start=\"2666\" data-end=\"2695\">Perfumy Amarella Laundry<\/strong><\/p>\n<\/li>\n<\/ul>","protected":false},"featured_media":60707,"parent":0,"menu_order":0,"template":"","class_list":["post-60706","product","type-product","status-publish","has-post-thumbnail","hentry","product_category-laundry-washing-gel-concentrate"],"acf":[],"yoast_head":"<!-- This site is optimized with the Yoast SEO Premium plugin v27.4 (Yoast SEO v27.4) - https:\/\/yoast.com\/product\/yoast-seo-premium-wordpress\/ -->\n<title>Amarella Expert Washing Gel 1L up to 100 Low Temp. Washes<\/title>\n<meta name=\"description\" content=\"Ultra-concentrated washing gel for up to 100 washes. With Odorano\u00ae odour neutralising formula, 3-enzymes complex, 30\u00b0C efficiency, anti-limescale support and no microplastics\" \/>\n<meta name=\"robots\" content=\"index, follow, max-snippet:-1, max-image-preview:large, max-video-preview:-1\" \/>\n<link rel=\"canonical\" href=\"https:\/\/elixscent.com\/pl\/produkt\/washing_gel_conc\/\" \/>\n<meta property=\"og:locale\" content=\"pl_PL\" \/>\n<meta property=\"og:type\" content=\"article\" \/>\n<meta property=\"og:title\" content=\"Amarella Expert Laundry Washing Gel Concentrate\" \/>\n<meta property=\"og:description\" content=\"Ultra-concentrated washing gel for up to 100 washes. With Odorano\u00ae odour neutralising formula, 3-enzymes complex, 30\u00b0C efficiency, anti-limescale support and no microplastics\" \/>\n<meta property=\"og:url\" content=\"https:\/\/elixscent.com\/pl\/produkt\/washing_gel_conc\/\" \/>\n<meta property=\"og:site_name\" content=\"ELiX EU air fresheners\" \/>\n<meta property=\"article:modified_time\" content=\"2026-03-24T07:53:34+00:00\" \/>\n<meta property=\"og:image\" content=\"https:\/\/elixscent.com\/wp-content\/uploads\/WEBP_Amarella_WG_product_1.0.webp\" \/>\n\t<meta property=\"og:image:width\" content=\"230\" \/>\n\t<meta property=\"og:image:height\" content=\"772\" \/>\n\t<meta property=\"og:image:type\" content=\"image\/webp\" \/>\n<meta name=\"twitter:card\" content=\"summary_large_image\" \/>\n<meta name=\"twitter:label1\" content=\"Szacowany czas czytania\" \/>\n\t<meta name=\"twitter:data1\" content=\"3 minuty\" \/>\n<script type=\"application\/ld+json\" class=\"yoast-schema-graph\">{\"@context\":\"https:\\\/\\\/schema.org\",\"@graph\":[{\"@type\":\"WebPage\",\"@id\":\"https:\\\/\\\/elixscent.com\\\/product\\\/washing_gel_conc\\\/\",\"url\":\"https:\\\/\\\/elixscent.com\\\/product\\\/washing_gel_conc\\\/\",\"name\":\"Amarella Expert Washing Gel 1L up to 100 Low Temp. Washes\",\"isPartOf\":{\"@id\":\"https:\\\/\\\/elixscent.com\\\/#website\"},\"primaryImageOfPage\":{\"@id\":\"https:\\\/\\\/elixscent.com\\\/product\\\/washing_gel_conc\\\/#primaryimage\"},\"image\":{\"@id\":\"https:\\\/\\\/elixscent.com\\\/product\\\/washing_gel_conc\\\/#primaryimage\"},\"thumbnailUrl\":\"https:\\\/\\\/elixscent.com\\\/wp-content\\\/uploads\\\/WEBP_Amarella_WG_product_1.0.webp\",\"datePublished\":\"2026-02-25T12:59:35+00:00\",\"dateModified\":\"2026-03-24T07:53:34+00:00\",\"description\":\"Ultra-concentrated washing gel for up to 100 washes. With Odorano\u00ae odour neutralising formula, 3-enzymes complex, 30\u00b0C efficiency, anti-limescale support and no microplastics\",\"breadcrumb\":{\"@id\":\"https:\\\/\\\/elixscent.com\\\/product\\\/washing_gel_conc\\\/#breadcrumb\"},\"inLanguage\":\"pl-PL\",\"potentialAction\":[{\"@type\":\"ReadAction\",\"target\":[\"https:\\\/\\\/elixscent.com\\\/product\\\/washing_gel_conc\\\/\"]}]},{\"@type\":\"ImageObject\",\"inLanguage\":\"pl-PL\",\"@id\":\"https:\\\/\\\/elixscent.com\\\/product\\\/washing_gel_conc\\\/#primaryimage\",\"url\":\"https:\\\/\\\/elixscent.com\\\/wp-content\\\/uploads\\\/WEBP_Amarella_WG_product_1.0.webp\",\"contentUrl\":\"https:\\\/\\\/elixscent.com\\\/wp-content\\\/uploads\\\/WEBP_Amarella_WG_product_1.0.webp\",\"width\":230,\"height\":772,\"caption\":\"laundry washing gel concentrate\"},{\"@type\":\"BreadcrumbList\",\"@id\":\"https:\\\/\\\/elixscent.com\\\/product\\\/washing_gel_conc\\\/#breadcrumb\",\"itemListElement\":[{\"@type\":\"ListItem\",\"position\":1,\"name\":\"Home\",\"item\":\"https:\\\/\\\/elixscent.com\\\/\"},{\"@type\":\"ListItem\",\"position\":2,\"name\":\"Products\",\"item\":\"https:\\\/\\\/elixscent.com\\\/product\\\/\"},{\"@type\":\"ListItem\",\"position\":3,\"name\":\"AMARELLA scented laundry\",\"item\":\"https:\\\/\\\/elixscent.com\\\/product-category\\\/amarella_2\\\/\"},{\"@type\":\"ListItem\",\"position\":4,\"name\":\"Laundry Washing Gel Concentrate\",\"item\":\"https:\\\/\\\/elixscent.com\\\/product-category\\\/laundry-washing-gel-concentrate\\\/\"},{\"@type\":\"ListItem\",\"position\":5,\"name\":\"Amarella Expert Laundry Washing Gel Concentrate\"}]},{\"@type\":\"WebSite\",\"@id\":\"https:\\\/\\\/elixscent.com\\\/#website\",\"url\":\"https:\\\/\\\/elixscent.com\\\/\",\"name\":\"ELiX EU air fresheners\",\"description\":\"Air &amp; Fabric, Perfectly Fresh\",\"publisher\":{\"@id\":\"https:\\\/\\\/elixscent.com\\\/#organization\"},\"potentialAction\":[{\"@type\":\"SearchAction\",\"target\":{\"@type\":\"EntryPoint\",\"urlTemplate\":\"https:\\\/\\\/elixscent.com\\\/?s={search_term_string}\"},\"query-input\":{\"@type\":\"PropertyValueSpecification\",\"valueRequired\":true,\"valueName\":\"search_term_string\"}}],\"inLanguage\":\"pl-PL\"},{\"@type\":\"Organization\",\"@id\":\"https:\\\/\\\/elixscent.com\\\/#organization\",\"name\":\"ELIX air freshener manufacturer\",\"url\":\"https:\\\/\\\/elixscent.com\\\/\",\"logo\":{\"@type\":\"ImageObject\",\"inLanguage\":\"pl-PL\",\"@id\":\"https:\\\/\\\/elixscent.com\\\/#\\\/schema\\\/logo\\\/image\\\/\",\"url\":\"https:\\\/\\\/elixscent.com\\\/wp-content\\\/uploads\\\/elix_logo_1.0-_300.jpg\",\"contentUrl\":\"https:\\\/\\\/elixscent.com\\\/wp-content\\\/uploads\\\/elix_logo_1.0-_300.jpg\",\"width\":300,\"height\":257,\"caption\":\"ELIX air freshener manufacturer\"},\"image\":{\"@id\":\"https:\\\/\\\/elixscent.com\\\/#\\\/schema\\\/logo\\\/image\\\/\"},\"sameAs\":[\"https:\\\/\\\/www.linkedin.com\\\/company\\\/30084929\"]}]}<\/script>\n<!-- \/ Yoast SEO Premium plugin. -->","yoast_head_json":{"title":"Amarella Expert \u017bel do prania 1L do 100 pra\u0144 w niskiej temp. Prania","description":"Ultraskoncentrowany \u017cel do prania do 100 pra\u0144. Z formu\u0142\u0105 neutralizuj\u0105c\u0105 nieprzyjemne zapachy Odorano\u00ae, kompleksem 3-enzym\u00f3w, wydajno\u015bci\u0105 w 30\u00b0C, dzia\u0142aniem zapobiegaj\u0105cym osadzaniu si\u0119 kamienia i brakiem mikroplastik\u00f3w.","robots":{"index":"index","follow":"follow","max-snippet":"max-snippet:-1","max-image-preview":"max-image-preview:large","max-video-preview":"max-video-preview:-1"},"canonical":"https:\/\/elixscent.com\/pl\/produkt\/washing_gel_conc\/","og_locale":"pl_PL","og_type":"article","og_title":"Amarella Expert Laundry Washing Gel Concentrate","og_description":"Ultra-concentrated washing gel for up to 100 washes. With Odorano\u00ae odour neutralising formula, 3-enzymes complex, 30\u00b0C efficiency, anti-limescale support and no microplastics","og_url":"https:\/\/elixscent.com\/pl\/produkt\/washing_gel_conc\/","og_site_name":"ELiX EU air fresheners","article_modified_time":"2026-03-24T07:53:34+00:00","og_image":[{"width":230,"height":772,"url":"https:\/\/elixscent.com\/wp-content\/uploads\/WEBP_Amarella_WG_product_1.0.webp","type":"image\/webp"}],"twitter_card":"summary_large_image","twitter_misc":{"Szacowany czas czytania":"3 minuty"},"schema":{"@context":"https:\/\/schema.org","@graph":[{"@type":"WebPage","@id":"https:\/\/elixscent.com\/product\/washing_gel_conc\/","url":"https:\/\/elixscent.com\/product\/washing_gel_conc\/","name":"Amarella Expert \u017bel do prania 1L do 100 pra\u0144 w niskiej temp. Prania","isPartOf":{"@id":"https:\/\/elixscent.com\/#website"},"primaryImageOfPage":{"@id":"https:\/\/elixscent.com\/product\/washing_gel_conc\/#primaryimage"},"image":{"@id":"https:\/\/elixscent.com\/product\/washing_gel_conc\/#primaryimage"},"thumbnailUrl":"https:\/\/elixscent.com\/wp-content\/uploads\/WEBP_Amarella_WG_product_1.0.webp","datePublished":"2026-02-25T12:59:35+00:00","dateModified":"2026-03-24T07:53:34+00:00","description":"Ultraskoncentrowany \u017cel do prania do 100 pra\u0144. Z formu\u0142\u0105 neutralizuj\u0105c\u0105 nieprzyjemne zapachy Odorano\u00ae, kompleksem 3-enzym\u00f3w, wydajno\u015bci\u0105 w 30\u00b0C, dzia\u0142aniem zapobiegaj\u0105cym osadzaniu si\u0119 kamienia i brakiem mikroplastik\u00f3w.","breadcrumb":{"@id":"https:\/\/elixscent.com\/product\/washing_gel_conc\/#breadcrumb"},"inLanguage":"pl-PL","potentialAction":[{"@type":"ReadAction","target":["https:\/\/elixscent.com\/product\/washing_gel_conc\/"]}]},{"@type":"ImageObject","inLanguage":"pl-PL","@id":"https:\/\/elixscent.com\/product\/washing_gel_conc\/#primaryimage","url":"https:\/\/elixscent.com\/wp-content\/uploads\/WEBP_Amarella_WG_product_1.0.webp","contentUrl":"https:\/\/elixscent.com\/wp-content\/uploads\/WEBP_Amarella_WG_product_1.0.webp","width":230,"height":772,"caption":"laundry washing gel concentrate"},{"@type":"BreadcrumbList","@id":"https:\/\/elixscent.com\/product\/washing_gel_conc\/#breadcrumb","itemListElement":[{"@type":"ListItem","position":1,"name":"Home","item":"https:\/\/elixscent.com\/"},{"@type":"ListItem","position":2,"name":"Products","item":"https:\/\/elixscent.com\/product\/"},{"@type":"ListItem","position":3,"name":"AMARELLA scented laundry","item":"https:\/\/elixscent.com\/product-category\/amarella_2\/"},{"@type":"ListItem","position":4,"name":"Laundry Washing Gel Concentrate","item":"https:\/\/elixscent.com\/product-category\/laundry-washing-gel-concentrate\/"},{"@type":"ListItem","position":5,"name":"Amarella Expert Laundry Washing Gel Concentrate"}]},{"@type":"WebSite","@id":"https:\/\/elixscent.com\/#website","url":"https:\/\/elixscent.com\/","name":"Od\u015bwie\u017cacze powietrza ELiX EU","description":"Powietrze i tkaniny, idealnie \u015bwie\u017ce","publisher":{"@id":"https:\/\/elixscent.com\/#organization"},"potentialAction":[{"@type":"SearchAction","target":{"@type":"EntryPoint","urlTemplate":"https:\/\/elixscent.com\/?s={search_term_string}"},"query-input":{"@type":"PropertyValueSpecification","valueRequired":true,"valueName":"search_term_string"}}],"inLanguage":"pl-PL"},{"@type":"Organization","@id":"https:\/\/elixscent.com\/#organization","name":"Producent od\u015bwie\u017caczy powietrza ELIX","url":"https:\/\/elixscent.com\/","logo":{"@type":"ImageObject","inLanguage":"pl-PL","@id":"https:\/\/elixscent.com\/#\/schema\/logo\/image\/","url":"https:\/\/elixscent.com\/wp-content\/uploads\/elix_logo_1.0-_300.jpg","contentUrl":"https:\/\/elixscent.com\/wp-content\/uploads\/elix_logo_1.0-_300.jpg","width":300,"height":257,"caption":"ELIX air freshener manufacturer"},"image":{"@id":"https:\/\/elixscent.com\/#\/schema\/logo\/image\/"},"sameAs":["https:\/\/www.linkedin.com\/company\/30084929"]}]}},"_links":{"self":[{"href":"https:\/\/elixscent.com\/pl\/wp-json\/wp\/v2\/product\/60706","targetHints":{"allow":["GET"]}}],"collection":[{"href":"https:\/\/elixscent.com\/pl\/wp-json\/wp\/v2\/product"}],"about":[{"href":"https:\/\/elixscent.com\/pl\/wp-json\/wp\/v2\/types\/product"}],"version-history":[{"count":5,"href":"https:\/\/elixscent.com\/pl\/wp-json\/wp\/v2\/product\/60706\/revisions"}],"predecessor-version":[{"id":61097,"href":"https:\/\/elixscent.com\/pl\/wp-json\/wp\/v2\/product\/60706\/revisions\/61097"}],"wp:featuredmedia":[{"embeddable":true,"href":"https:\/\/elixscent.com\/pl\/wp-json\/wp\/v2\/media\/60707"}],"wp:attachment":[{"href":"https:\/\/elixscent.com\/pl\/wp-json\/wp\/v2\/media?parent=60706"}],"curies":[{"name":"wp","href":"https:\/\/api.w.org\/{rel}","templated":true}]}}