{"id":60686,"date":"2026-02-24T13:38:16","date_gmt":"2026-02-24T13:38:16","guid":{"rendered":"https:\/\/elixscent.com\/?post_type=product&#038;p=60686"},"modified":"2026-03-24T07:53:36","modified_gmt":"2026-03-24T07:53:36","slug":"plyn-do-plukania-tkanin","status":"publish","type":"product","link":"https:\/\/elixscent.com\/pl\/product\/fabric-softener\/","title":{"rendered":"Koncentrat do p\u0142ukania tkanin Amarella Expert"},"content":{"rendered":"<p data-start=\"52\" data-end=\"384\">Je\u015bli szukasz mi\u0119kko\u015bci <strong data-start=\"83\" data-end=\"90\">i<\/strong> cofaj\u0105c si\u0119 w czasie, jest to krok, kt\u00f3ry zmienia rutyn\u0119. <strong data-start=\"145\" data-end=\"192\">Koncentrat do p\u0142ukania tkanin Amarella Expert<\/strong> pozostawia tkaniny zauwa\u017calnie g\u0142adsze, pomaga zredukowa\u0107 zagniecenia i wspiera <strong data-start=\"265\" data-end=\"283\">wyko\u0144czenie bez prasowania<\/strong> gdy pranie jest prawid\u0142owo odwirowane i rozwieszone, dzi\u0119ki czemu ubrania s\u0105 gotowe do noszenia od razu po wyj\u0119ciu z suszarki.<\/p>\n<p data-start=\"386\" data-end=\"614\">Formu\u0142a zawieraj\u0105ca <strong data-start=\"405\" data-end=\"433\">podej\u015bcie antyalergiczne<\/strong> oraz <strong data-start=\"440\" data-end=\"468\">subtelna, czysta baza zapachowa<\/strong>, jest przeznaczony do <strong data-start=\"487\" data-end=\"551\">doskonale komponuj\u0105 si\u0119 z lini\u0105 perfum ELiX \/ Amarella Laundry <\/strong>wzmacniaj\u0105c wybrany zapach, a nie konkuruj\u0105c z nim.<\/p>\n<p data-start=\"616\" data-end=\"632\"><strong data-start=\"616\" data-end=\"632\">Kluczowe korzy\u015bci<\/strong><\/p>\n<ul data-start=\"633\" data-end=\"985\">\n<li data-start=\"633\" data-end=\"677\">\n<p data-start=\"635\" data-end=\"677\">G\u0142\u0119boka mi\u0119kko\u015b\u0107 i g\u0142adsza w dotyku tkanina<\/p>\n<\/li>\n<li data-start=\"678\" data-end=\"776\">\n<p data-start=\"680\" data-end=\"776\">Wyko\u0144czenie redukuj\u0105ce zagniecenia u\u0142atwia piel\u0119gnacj\u0119 i nie wymaga prasowania (przy prawid\u0142owym wirowaniu i wieszaniu).<\/p>\n<\/li>\n<li data-start=\"777\" data-end=\"837\">\n<p data-start=\"779\" data-end=\"837\">Antyalergiczna formu\u0142a dla delikatniejszego prania<\/p>\n<\/li>\n<li data-start=\"838\" data-end=\"907\">\n<p data-start=\"840\" data-end=\"907\">Subtelna baza zapachowa stworzona do stosowania z perfumami Amarella Laundry.<\/p>\n<\/li>\n<li data-start=\"908\" data-end=\"985\">\n<p data-start=\"910\" data-end=\"985\">Skoncentrowana wydajno\u015b\u0107: <strong data-start=\"936\" data-end=\"955\">do 67 pra\u0144<\/strong> od 1L (w zale\u017cno\u015bci od dozowania)<\/p>\n<\/li>\n<\/ul>\n<p data-start=\"1152\" data-end=\"1289\"><strong data-start=\"1152\" data-end=\"1186\">Aby uzyska\u0107 najlepsze wyniki \u201cp\u0142ynnego \u017celaza\u201d<\/strong><br \/>\nU\u017cyj odpowiedniego cyklu wirowania i <strong data-start=\"1221\" data-end=\"1250\">natychmiast rozwiesi\u0107 odzie\u017c<\/strong>, wyg\u0142adzaj\u0105c je r\u0119cznie przed suszeniem.<\/p>","protected":false},"featured_media":60685,"parent":0,"menu_order":0,"template":"","class_list":["post-60686","product","type-product","status-publish","has-post-thumbnail","hentry","product_category-fabric-softener-concentrate","product_category-amarella_2"],"acf":[],"yoast_head":"<!-- This site is optimized with the Yoast SEO Premium plugin v27.4 (Yoast SEO v27.4) - https:\/\/yoast.com\/product\/yoast-seo-premium-wordpress\/ -->\n<title>Amarella Expert Fabric Softener 1L | ELiX<\/title>\n<meta name=\"description\" content=\"Concentrated fabric softener with anti-allergenic formula and crease-reducing, no-iron support. Subtle scent base designed to pair with Amarella Laundry Perfume. Up to 67 washes\" \/>\n<meta name=\"robots\" content=\"index, follow, max-snippet:-1, max-image-preview:large, max-video-preview:-1\" \/>\n<link rel=\"canonical\" href=\"https:\/\/elixscent.com\/pl\/produkt\/plyn-do-plukania-tkanin\/\" \/>\n<meta property=\"og:locale\" content=\"pl_PL\" \/>\n<meta property=\"og:type\" content=\"article\" \/>\n<meta property=\"og:title\" content=\"Amarella Expert Fabric Softener Concentrate\" \/>\n<meta property=\"og:description\" content=\"Concentrated fabric softener with anti-allergenic formula and crease-reducing, no-iron support. Subtle scent base designed to pair with Amarella Laundry Perfume. Up to 67 washes\" \/>\n<meta property=\"og:url\" content=\"https:\/\/elixscent.com\/pl\/produkt\/plyn-do-plukania-tkanin\/\" \/>\n<meta property=\"og:site_name\" content=\"ELiX EU air fresheners\" \/>\n<meta property=\"article:modified_time\" content=\"2026-03-24T07:53:36+00:00\" \/>\n<meta property=\"og:image\" content=\"https:\/\/elixscent.com\/wp-content\/uploads\/WEBP_Amarella_FS_product_1.0.webp\" \/>\n\t<meta property=\"og:image:width\" content=\"220\" \/>\n\t<meta property=\"og:image:height\" content=\"738\" \/>\n\t<meta property=\"og:image:type\" content=\"image\/webp\" \/>\n<meta name=\"twitter:card\" content=\"summary_large_image\" \/>\n<meta name=\"twitter:label1\" content=\"Szacowany czas czytania\" \/>\n\t<meta name=\"twitter:data1\" content=\"2 minuty\" \/>\n<script type=\"application\/ld+json\" class=\"yoast-schema-graph\">{\"@context\":\"https:\\\/\\\/schema.org\",\"@graph\":[{\"@type\":\"WebPage\",\"@id\":\"https:\\\/\\\/elixscent.com\\\/product\\\/fabric-softener\\\/\",\"url\":\"https:\\\/\\\/elixscent.com\\\/product\\\/fabric-softener\\\/\",\"name\":\"Amarella Expert Fabric Softener 1L | ELiX\",\"isPartOf\":{\"@id\":\"https:\\\/\\\/elixscent.com\\\/#website\"},\"primaryImageOfPage\":{\"@id\":\"https:\\\/\\\/elixscent.com\\\/product\\\/fabric-softener\\\/#primaryimage\"},\"image\":{\"@id\":\"https:\\\/\\\/elixscent.com\\\/product\\\/fabric-softener\\\/#primaryimage\"},\"thumbnailUrl\":\"https:\\\/\\\/elixscent.com\\\/wp-content\\\/uploads\\\/WEBP_Amarella_FS_product_1.0.webp\",\"datePublished\":\"2026-02-24T13:38:16+00:00\",\"dateModified\":\"2026-03-24T07:53:36+00:00\",\"description\":\"Concentrated fabric softener with anti-allergenic formula and crease-reducing, no-iron support. Subtle scent base designed to pair with Amarella Laundry Perfume. Up to 67 washes\",\"breadcrumb\":{\"@id\":\"https:\\\/\\\/elixscent.com\\\/product\\\/fabric-softener\\\/#breadcrumb\"},\"inLanguage\":\"pl-PL\",\"potentialAction\":[{\"@type\":\"ReadAction\",\"target\":[\"https:\\\/\\\/elixscent.com\\\/product\\\/fabric-softener\\\/\"]}]},{\"@type\":\"ImageObject\",\"inLanguage\":\"pl-PL\",\"@id\":\"https:\\\/\\\/elixscent.com\\\/product\\\/fabric-softener\\\/#primaryimage\",\"url\":\"https:\\\/\\\/elixscent.com\\\/wp-content\\\/uploads\\\/WEBP_Amarella_FS_product_1.0.webp\",\"contentUrl\":\"https:\\\/\\\/elixscent.com\\\/wp-content\\\/uploads\\\/WEBP_Amarella_FS_product_1.0.webp\",\"width\":220,\"height\":738,\"caption\":\"fabric softener concentrate\"},{\"@type\":\"BreadcrumbList\",\"@id\":\"https:\\\/\\\/elixscent.com\\\/product\\\/fabric-softener\\\/#breadcrumb\",\"itemListElement\":[{\"@type\":\"ListItem\",\"position\":1,\"name\":\"Home\",\"item\":\"https:\\\/\\\/elixscent.com\\\/\"},{\"@type\":\"ListItem\",\"position\":2,\"name\":\"Products\",\"item\":\"https:\\\/\\\/elixscent.com\\\/product\\\/\"},{\"@type\":\"ListItem\",\"position\":3,\"name\":\"AMARELLA scented laundry\",\"item\":\"https:\\\/\\\/elixscent.com\\\/product-category\\\/amarella_2\\\/\"},{\"@type\":\"ListItem\",\"position\":4,\"name\":\"Fabric Softener Concentrate\",\"item\":\"https:\\\/\\\/elixscent.com\\\/product-category\\\/fabric-softener-concentrate\\\/\"},{\"@type\":\"ListItem\",\"position\":5,\"name\":\"Amarella Expert Fabric Softener Concentrate\"}]},{\"@type\":\"WebSite\",\"@id\":\"https:\\\/\\\/elixscent.com\\\/#website\",\"url\":\"https:\\\/\\\/elixscent.com\\\/\",\"name\":\"ELiX EU air fresheners\",\"description\":\"Air &amp; Fabric, Perfectly Fresh\",\"publisher\":{\"@id\":\"https:\\\/\\\/elixscent.com\\\/#organization\"},\"potentialAction\":[{\"@type\":\"SearchAction\",\"target\":{\"@type\":\"EntryPoint\",\"urlTemplate\":\"https:\\\/\\\/elixscent.com\\\/?s={search_term_string}\"},\"query-input\":{\"@type\":\"PropertyValueSpecification\",\"valueRequired\":true,\"valueName\":\"search_term_string\"}}],\"inLanguage\":\"pl-PL\"},{\"@type\":\"Organization\",\"@id\":\"https:\\\/\\\/elixscent.com\\\/#organization\",\"name\":\"ELIX air freshener manufacturer\",\"url\":\"https:\\\/\\\/elixscent.com\\\/\",\"logo\":{\"@type\":\"ImageObject\",\"inLanguage\":\"pl-PL\",\"@id\":\"https:\\\/\\\/elixscent.com\\\/#\\\/schema\\\/logo\\\/image\\\/\",\"url\":\"https:\\\/\\\/elixscent.com\\\/wp-content\\\/uploads\\\/elix_logo_1.0-_300.jpg\",\"contentUrl\":\"https:\\\/\\\/elixscent.com\\\/wp-content\\\/uploads\\\/elix_logo_1.0-_300.jpg\",\"width\":300,\"height\":257,\"caption\":\"ELIX air freshener manufacturer\"},\"image\":{\"@id\":\"https:\\\/\\\/elixscent.com\\\/#\\\/schema\\\/logo\\\/image\\\/\"},\"sameAs\":[\"https:\\\/\\\/www.linkedin.com\\\/company\\\/30084929\"]}]}<\/script>\n<!-- \/ Yoast SEO Premium plugin. -->","yoast_head_json":{"title":"Amarella Expert P\u0142yn do p\u0142ukania tkanin 1L | ELiX","description":"Skoncentrowany p\u0142yn do p\u0142ukania tkanin z antyalergiczn\u0105 formu\u0142\u0105 i funkcj\u0105 redukcji zagniece\u0144 bez konieczno\u015bci prasowania. Subtelna baza zapachowa stworzona z my\u015bl\u0105 o po\u0142\u0105czeniu z perfumami Amarella Laundry Perfume. Do 67 pra\u0144","robots":{"index":"index","follow":"follow","max-snippet":"max-snippet:-1","max-image-preview":"max-image-preview:large","max-video-preview":"max-video-preview:-1"},"canonical":"https:\/\/elixscent.com\/pl\/produkt\/plyn-do-plukania-tkanin\/","og_locale":"pl_PL","og_type":"article","og_title":"Amarella Expert Fabric Softener Concentrate","og_description":"Concentrated fabric softener with anti-allergenic formula and crease-reducing, no-iron support. Subtle scent base designed to pair with Amarella Laundry Perfume. Up to 67 washes","og_url":"https:\/\/elixscent.com\/pl\/produkt\/plyn-do-plukania-tkanin\/","og_site_name":"ELiX EU air fresheners","article_modified_time":"2026-03-24T07:53:36+00:00","og_image":[{"width":220,"height":738,"url":"https:\/\/elixscent.com\/wp-content\/uploads\/WEBP_Amarella_FS_product_1.0.webp","type":"image\/webp"}],"twitter_card":"summary_large_image","twitter_misc":{"Szacowany czas czytania":"2 minuty"},"schema":{"@context":"https:\/\/schema.org","@graph":[{"@type":"WebPage","@id":"https:\/\/elixscent.com\/product\/fabric-softener\/","url":"https:\/\/elixscent.com\/product\/fabric-softener\/","name":"Amarella Expert P\u0142yn do p\u0142ukania tkanin 1L | ELiX","isPartOf":{"@id":"https:\/\/elixscent.com\/#website"},"primaryImageOfPage":{"@id":"https:\/\/elixscent.com\/product\/fabric-softener\/#primaryimage"},"image":{"@id":"https:\/\/elixscent.com\/product\/fabric-softener\/#primaryimage"},"thumbnailUrl":"https:\/\/elixscent.com\/wp-content\/uploads\/WEBP_Amarella_FS_product_1.0.webp","datePublished":"2026-02-24T13:38:16+00:00","dateModified":"2026-03-24T07:53:36+00:00","description":"Skoncentrowany p\u0142yn do p\u0142ukania tkanin z antyalergiczn\u0105 formu\u0142\u0105 i funkcj\u0105 redukcji zagniece\u0144 bez konieczno\u015bci prasowania. Subtelna baza zapachowa stworzona z my\u015bl\u0105 o po\u0142\u0105czeniu z perfumami Amarella Laundry Perfume. Do 67 pra\u0144","breadcrumb":{"@id":"https:\/\/elixscent.com\/product\/fabric-softener\/#breadcrumb"},"inLanguage":"pl-PL","potentialAction":[{"@type":"ReadAction","target":["https:\/\/elixscent.com\/product\/fabric-softener\/"]}]},{"@type":"ImageObject","inLanguage":"pl-PL","@id":"https:\/\/elixscent.com\/product\/fabric-softener\/#primaryimage","url":"https:\/\/elixscent.com\/wp-content\/uploads\/WEBP_Amarella_FS_product_1.0.webp","contentUrl":"https:\/\/elixscent.com\/wp-content\/uploads\/WEBP_Amarella_FS_product_1.0.webp","width":220,"height":738,"caption":"fabric softener concentrate"},{"@type":"BreadcrumbList","@id":"https:\/\/elixscent.com\/product\/fabric-softener\/#breadcrumb","itemListElement":[{"@type":"ListItem","position":1,"name":"Home","item":"https:\/\/elixscent.com\/"},{"@type":"ListItem","position":2,"name":"Products","item":"https:\/\/elixscent.com\/product\/"},{"@type":"ListItem","position":3,"name":"AMARELLA scented laundry","item":"https:\/\/elixscent.com\/product-category\/amarella_2\/"},{"@type":"ListItem","position":4,"name":"Fabric Softener Concentrate","item":"https:\/\/elixscent.com\/product-category\/fabric-softener-concentrate\/"},{"@type":"ListItem","position":5,"name":"Amarella Expert Fabric Softener Concentrate"}]},{"@type":"WebSite","@id":"https:\/\/elixscent.com\/#website","url":"https:\/\/elixscent.com\/","name":"Od\u015bwie\u017cacze powietrza ELiX EU","description":"Powietrze i tkaniny, idealnie \u015bwie\u017ce","publisher":{"@id":"https:\/\/elixscent.com\/#organization"},"potentialAction":[{"@type":"SearchAction","target":{"@type":"EntryPoint","urlTemplate":"https:\/\/elixscent.com\/?s={search_term_string}"},"query-input":{"@type":"PropertyValueSpecification","valueRequired":true,"valueName":"search_term_string"}}],"inLanguage":"pl-PL"},{"@type":"Organization","@id":"https:\/\/elixscent.com\/#organization","name":"Producent od\u015bwie\u017caczy powietrza ELIX","url":"https:\/\/elixscent.com\/","logo":{"@type":"ImageObject","inLanguage":"pl-PL","@id":"https:\/\/elixscent.com\/#\/schema\/logo\/image\/","url":"https:\/\/elixscent.com\/wp-content\/uploads\/elix_logo_1.0-_300.jpg","contentUrl":"https:\/\/elixscent.com\/wp-content\/uploads\/elix_logo_1.0-_300.jpg","width":300,"height":257,"caption":"ELIX air freshener manufacturer"},"image":{"@id":"https:\/\/elixscent.com\/#\/schema\/logo\/image\/"},"sameAs":["https:\/\/www.linkedin.com\/company\/30084929"]}]}},"_links":{"self":[{"href":"https:\/\/elixscent.com\/pl\/wp-json\/wp\/v2\/product\/60686","targetHints":{"allow":["GET"]}}],"collection":[{"href":"https:\/\/elixscent.com\/pl\/wp-json\/wp\/v2\/product"}],"about":[{"href":"https:\/\/elixscent.com\/pl\/wp-json\/wp\/v2\/types\/product"}],"version-history":[{"count":5,"href":"https:\/\/elixscent.com\/pl\/wp-json\/wp\/v2\/product\/60686\/revisions"}],"predecessor-version":[{"id":61098,"href":"https:\/\/elixscent.com\/pl\/wp-json\/wp\/v2\/product\/60686\/revisions\/61098"}],"wp:featuredmedia":[{"embeddable":true,"href":"https:\/\/elixscent.com\/pl\/wp-json\/wp\/v2\/media\/60685"}],"wp:attachment":[{"href":"https:\/\/elixscent.com\/pl\/wp-json\/wp\/v2\/media?parent=60686"}],"curies":[{"name":"wp","href":"https:\/\/api.w.org\/{rel}","templated":true}]}}