{"id":59419,"date":"2025-10-15T11:55:17","date_gmt":"2025-10-15T11:55:17","guid":{"rendered":"https:\/\/elixscent.com\/?post_type=product&#038;p=59419"},"modified":"2026-03-23T13:31:03","modified_gmt":"2026-03-23T13:31:03","slug":"olejek-do-prania-velvet-300","status":"publish","type":"product","link":"https:\/\/elixscent.com\/pl\/product\/laundry-perfume-oil-velvet-300\/","title":{"rendered":"Olejek zapachowy do prania Velvet Tuberose 300"},"content":{"rendered":"<p data-start=\"172\" data-end=\"841\">Velvet Tuberose jest promiennym, kremowym zapachem. <strong data-start=\"248\" data-end=\"267\">perfumy do prania<\/strong> kt\u00f3ry roztacza satynowo mi\u0119kk\u0105, bia\u0142o-kwiatow\u0105 po\u015bwiat\u0119 nad codziennymi tkaninami. \u015awie\u017co wyj\u0119te z b\u0119bna ubrania s\u0105 uniesione i \u015bwietliste; po z\u0142o\u017ceniu zapach osiada blisko w\u0142\u00f3kna jak jedwab, elegancki i opanowany, a nie mocny. Na bawe\u0142nie, r\u0119cznikach i po\u015bcieli brzmi szykownie i nowocze\u015bnie - pewny siebie kwiat z aksamitnym wyko\u0144czeniem, kt\u00f3ry zamienia otwarcie szafy w ma\u0142\u0105, luksusow\u0105 chwil\u0119. Dawka <strong data-start=\"659\" data-end=\"667\">6 ml<\/strong> przez szuflad\u0119 na p\u0142yn zmi\u0119kczaj\u0105cy, aby uzyska\u0107 polerowany, d\u0142ugotrwa\u0142y efekt; a <strong data-start=\"731\" data-end=\"741\">300 ml<\/strong> butelka dostarcza <strong data-start=\"758\" data-end=\"772\">\u224850 pra\u0144<\/strong>. Podstawowe korzy\u015bci s\u0105 wyszczeg\u00f3lnione na stronie grupy Laundry Perfume.<\/p>\n<p data-start=\"843\" data-end=\"870\"><strong data-start=\"843\" data-end=\"868\">Dlaczego warto wybra\u0107 ten zapach<\/strong><\/p>\n<ul data-start=\"871\" data-end=\"1132\">\n<li data-start=\"871\" data-end=\"957\">\n<p data-start=\"873\" data-end=\"957\"><strong data-start=\"873\" data-end=\"907\">Elegancki bia\u0142o-kwiatowy podpis<\/strong> kt\u00f3ry jest szykowny i nadaje si\u0119 do noszenia, a nie przyt\u0142acza.<\/p>\n<\/li>\n<li data-start=\"958\" data-end=\"1036\">\n<p data-start=\"960\" data-end=\"1036\"><strong data-start=\"960\" data-end=\"988\">Aksamitne, \u015bwietliste wyko\u0144czenie<\/strong> kt\u00f3ry pasuje zar\u00f3wno do codziennych ubra\u0144, jak i po\u015bcieli.<\/p>\n<\/li>\n<li data-start=\"1037\" data-end=\"1132\">\n<p data-start=\"1039\" data-end=\"1132\"><strong data-start=\"1039\" data-end=\"1069\">Nowoczesny, trwa\u0142y szlak<\/strong> kt\u00f3ry pozostaje kremowy i wyrafinowany po wysuszeniu i przechowywaniu.<\/p>\n<\/li>\n<\/ul>","protected":false},"featured_media":59420,"parent":0,"menu_order":0,"template":"","class_list":["post-59419","product","type-product","status-publish","has-post-thumbnail","hentry","product_category-amarella_2","product_category-laundry-perfume-oil-300ml"],"acf":[],"yoast_head":"<!-- This site is optimized with the Yoast SEO Premium plugin v27.4 (Yoast SEO v27.4) - https:\/\/yoast.com\/product\/yoast-seo-premium-wordpress\/ -->\n<title>Amarella Laundry Perfume \u2014 Satin Sweetness 300 ml | 50 Washes<\/title>\n<meta name=\"description\" content=\"Satin Sweetness laundry perfume. Soft, modern sweetness from a 6 ml dose. 300 ml \u2248 50 washes. Clean, comforting and long-lasting.\" \/>\n<meta name=\"robots\" content=\"index, follow, max-snippet:-1, max-image-preview:large, max-video-preview:-1\" \/>\n<link rel=\"canonical\" href=\"https:\/\/elixscent.com\/pl\/produkt\/olejek-do-prania-velvet-300\/\" \/>\n<meta property=\"og:locale\" content=\"pl_PL\" \/>\n<meta property=\"og:type\" content=\"article\" \/>\n<meta property=\"og:title\" content=\"In-Wash Perfume Oil Velvet Tuberose 300\" \/>\n<meta property=\"og:description\" content=\"Satin Sweetness laundry perfume. Soft, modern sweetness from a 6 ml dose. 300 ml \u2248 50 washes. Clean, comforting and long-lasting.\" \/>\n<meta property=\"og:url\" content=\"https:\/\/elixscent.com\/pl\/produkt\/olejek-do-prania-velvet-300\/\" \/>\n<meta property=\"og:site_name\" content=\"ELiX EU air fresheners\" \/>\n<meta property=\"article:modified_time\" content=\"2026-03-23T13:31:03+00:00\" \/>\n<meta property=\"og:image\" content=\"https:\/\/elixscent.com\/wp-content\/uploads\/WEBP_Amarella_In-Wash_Oil_300_VelvetTuberose_product_1.0.webp\" \/>\n\t<meta property=\"og:image:width\" content=\"220\" \/>\n\t<meta property=\"og:image:height\" content=\"774\" \/>\n\t<meta property=\"og:image:type\" content=\"image\/webp\" \/>\n<meta name=\"twitter:card\" content=\"summary_large_image\" \/>\n<meta name=\"twitter:label1\" content=\"Szacowany czas czytania\" \/>\n\t<meta name=\"twitter:data1\" content=\"2 minuty\" \/>\n<script type=\"application\/ld+json\" class=\"yoast-schema-graph\">{\"@context\":\"https:\\\/\\\/schema.org\",\"@graph\":[{\"@type\":\"WebPage\",\"@id\":\"https:\\\/\\\/elixscent.com\\\/product\\\/laundry-perfume-oil-velvet-300\\\/\",\"url\":\"https:\\\/\\\/elixscent.com\\\/product\\\/laundry-perfume-oil-velvet-300\\\/\",\"name\":\"Amarella Laundry Perfume \u2014 Satin Sweetness 300 ml | 50 Washes\",\"isPartOf\":{\"@id\":\"https:\\\/\\\/elixscent.com\\\/#website\"},\"primaryImageOfPage\":{\"@id\":\"https:\\\/\\\/elixscent.com\\\/product\\\/laundry-perfume-oil-velvet-300\\\/#primaryimage\"},\"image\":{\"@id\":\"https:\\\/\\\/elixscent.com\\\/product\\\/laundry-perfume-oil-velvet-300\\\/#primaryimage\"},\"thumbnailUrl\":\"https:\\\/\\\/elixscent.com\\\/wp-content\\\/uploads\\\/WEBP_Amarella_In-Wash_Oil_300_VelvetTuberose_product_1.0.webp\",\"datePublished\":\"2025-10-15T11:55:17+00:00\",\"dateModified\":\"2026-03-23T13:31:03+00:00\",\"description\":\"Satin Sweetness laundry perfume. Soft, modern sweetness from a 6 ml dose. 300 ml \u2248 50 washes. Clean, comforting and long-lasting.\",\"breadcrumb\":{\"@id\":\"https:\\\/\\\/elixscent.com\\\/product\\\/laundry-perfume-oil-velvet-300\\\/#breadcrumb\"},\"inLanguage\":\"pl-PL\",\"potentialAction\":[{\"@type\":\"ReadAction\",\"target\":[\"https:\\\/\\\/elixscent.com\\\/product\\\/laundry-perfume-oil-velvet-300\\\/\"]}]},{\"@type\":\"ImageObject\",\"inLanguage\":\"pl-PL\",\"@id\":\"https:\\\/\\\/elixscent.com\\\/product\\\/laundry-perfume-oil-velvet-300\\\/#primaryimage\",\"url\":\"https:\\\/\\\/elixscent.com\\\/wp-content\\\/uploads\\\/WEBP_Amarella_In-Wash_Oil_300_VelvetTuberose_product_1.0.webp\",\"contentUrl\":\"https:\\\/\\\/elixscent.com\\\/wp-content\\\/uploads\\\/WEBP_Amarella_In-Wash_Oil_300_VelvetTuberose_product_1.0.webp\",\"width\":220,\"height\":774,\"caption\":\"Laundry Perfume Oil Velvet Tuberose\"},{\"@type\":\"BreadcrumbList\",\"@id\":\"https:\\\/\\\/elixscent.com\\\/product\\\/laundry-perfume-oil-velvet-300\\\/#breadcrumb\",\"itemListElement\":[{\"@type\":\"ListItem\",\"position\":1,\"name\":\"Home\",\"item\":\"https:\\\/\\\/elixscent.com\\\/\"},{\"@type\":\"ListItem\",\"position\":2,\"name\":\"Products\",\"item\":\"https:\\\/\\\/elixscent.com\\\/product\\\/\"},{\"@type\":\"ListItem\",\"position\":3,\"name\":\"AMARELLA scented laundry\",\"item\":\"https:\\\/\\\/elixscent.com\\\/product-category\\\/amarella_2\\\/\"},{\"@type\":\"ListItem\",\"position\":4,\"name\":\"In-Wash Perfume Oil Velvet Tuberose 300\"}]},{\"@type\":\"WebSite\",\"@id\":\"https:\\\/\\\/elixscent.com\\\/#website\",\"url\":\"https:\\\/\\\/elixscent.com\\\/\",\"name\":\"ELiX EU air fresheners\",\"description\":\"Air &amp; Fabric, Perfectly Fresh\",\"publisher\":{\"@id\":\"https:\\\/\\\/elixscent.com\\\/#organization\"},\"potentialAction\":[{\"@type\":\"SearchAction\",\"target\":{\"@type\":\"EntryPoint\",\"urlTemplate\":\"https:\\\/\\\/elixscent.com\\\/?s={search_term_string}\"},\"query-input\":{\"@type\":\"PropertyValueSpecification\",\"valueRequired\":true,\"valueName\":\"search_term_string\"}}],\"inLanguage\":\"pl-PL\"},{\"@type\":\"Organization\",\"@id\":\"https:\\\/\\\/elixscent.com\\\/#organization\",\"name\":\"ELIX air freshener manufacturer\",\"url\":\"https:\\\/\\\/elixscent.com\\\/\",\"logo\":{\"@type\":\"ImageObject\",\"inLanguage\":\"pl-PL\",\"@id\":\"https:\\\/\\\/elixscent.com\\\/#\\\/schema\\\/logo\\\/image\\\/\",\"url\":\"https:\\\/\\\/elixscent.com\\\/wp-content\\\/uploads\\\/elix_logo_1.0-_300.jpg\",\"contentUrl\":\"https:\\\/\\\/elixscent.com\\\/wp-content\\\/uploads\\\/elix_logo_1.0-_300.jpg\",\"width\":300,\"height\":257,\"caption\":\"ELIX air freshener manufacturer\"},\"image\":{\"@id\":\"https:\\\/\\\/elixscent.com\\\/#\\\/schema\\\/logo\\\/image\\\/\"},\"sameAs\":[\"https:\\\/\\\/www.linkedin.com\\\/company\\\/30084929\"]}]}<\/script>\n<!-- \/ Yoast SEO Premium plugin. -->","yoast_head_json":{"title":"Perfumy Amarella Laundry - Satin Sweetness 300 ml | 50 pra\u0144","description":"Perfumy do prania Satin Sweetness. Delikatna, nowoczesna s\u0142odycz z dawki 6 ml. 300 ml \u2248 50 pra\u0144. Czyste, komfortowe i d\u0142ugotrwa\u0142e.","robots":{"index":"index","follow":"follow","max-snippet":"max-snippet:-1","max-image-preview":"max-image-preview:large","max-video-preview":"max-video-preview:-1"},"canonical":"https:\/\/elixscent.com\/pl\/produkt\/olejek-do-prania-velvet-300\/","og_locale":"pl_PL","og_type":"article","og_title":"In-Wash Perfume Oil Velvet Tuberose 300","og_description":"Satin Sweetness laundry perfume. Soft, modern sweetness from a 6 ml dose. 300 ml \u2248 50 washes. Clean, comforting and long-lasting.","og_url":"https:\/\/elixscent.com\/pl\/produkt\/olejek-do-prania-velvet-300\/","og_site_name":"ELiX EU air fresheners","article_modified_time":"2026-03-23T13:31:03+00:00","og_image":[{"width":220,"height":774,"url":"https:\/\/elixscent.com\/wp-content\/uploads\/WEBP_Amarella_In-Wash_Oil_300_VelvetTuberose_product_1.0.webp","type":"image\/webp"}],"twitter_card":"summary_large_image","twitter_misc":{"Szacowany czas czytania":"2 minuty"},"schema":{"@context":"https:\/\/schema.org","@graph":[{"@type":"WebPage","@id":"https:\/\/elixscent.com\/product\/laundry-perfume-oil-velvet-300\/","url":"https:\/\/elixscent.com\/product\/laundry-perfume-oil-velvet-300\/","name":"Perfumy Amarella Laundry - Satin Sweetness 300 ml | 50 pra\u0144","isPartOf":{"@id":"https:\/\/elixscent.com\/#website"},"primaryImageOfPage":{"@id":"https:\/\/elixscent.com\/product\/laundry-perfume-oil-velvet-300\/#primaryimage"},"image":{"@id":"https:\/\/elixscent.com\/product\/laundry-perfume-oil-velvet-300\/#primaryimage"},"thumbnailUrl":"https:\/\/elixscent.com\/wp-content\/uploads\/WEBP_Amarella_In-Wash_Oil_300_VelvetTuberose_product_1.0.webp","datePublished":"2025-10-15T11:55:17+00:00","dateModified":"2026-03-23T13:31:03+00:00","description":"Perfumy do prania Satin Sweetness. Delikatna, nowoczesna s\u0142odycz z dawki 6 ml. 300 ml \u2248 50 pra\u0144. Czyste, komfortowe i d\u0142ugotrwa\u0142e.","breadcrumb":{"@id":"https:\/\/elixscent.com\/product\/laundry-perfume-oil-velvet-300\/#breadcrumb"},"inLanguage":"pl-PL","potentialAction":[{"@type":"ReadAction","target":["https:\/\/elixscent.com\/product\/laundry-perfume-oil-velvet-300\/"]}]},{"@type":"ImageObject","inLanguage":"pl-PL","@id":"https:\/\/elixscent.com\/product\/laundry-perfume-oil-velvet-300\/#primaryimage","url":"https:\/\/elixscent.com\/wp-content\/uploads\/WEBP_Amarella_In-Wash_Oil_300_VelvetTuberose_product_1.0.webp","contentUrl":"https:\/\/elixscent.com\/wp-content\/uploads\/WEBP_Amarella_In-Wash_Oil_300_VelvetTuberose_product_1.0.webp","width":220,"height":774,"caption":"Laundry Perfume Oil Velvet Tuberose"},{"@type":"BreadcrumbList","@id":"https:\/\/elixscent.com\/product\/laundry-perfume-oil-velvet-300\/#breadcrumb","itemListElement":[{"@type":"ListItem","position":1,"name":"Home","item":"https:\/\/elixscent.com\/"},{"@type":"ListItem","position":2,"name":"Products","item":"https:\/\/elixscent.com\/product\/"},{"@type":"ListItem","position":3,"name":"AMARELLA scented laundry","item":"https:\/\/elixscent.com\/product-category\/amarella_2\/"},{"@type":"ListItem","position":4,"name":"In-Wash Perfume Oil Velvet Tuberose 300"}]},{"@type":"WebSite","@id":"https:\/\/elixscent.com\/#website","url":"https:\/\/elixscent.com\/","name":"Od\u015bwie\u017cacze powietrza ELiX EU","description":"Powietrze i tkaniny, idealnie \u015bwie\u017ce","publisher":{"@id":"https:\/\/elixscent.com\/#organization"},"potentialAction":[{"@type":"SearchAction","target":{"@type":"EntryPoint","urlTemplate":"https:\/\/elixscent.com\/?s={search_term_string}"},"query-input":{"@type":"PropertyValueSpecification","valueRequired":true,"valueName":"search_term_string"}}],"inLanguage":"pl-PL"},{"@type":"Organization","@id":"https:\/\/elixscent.com\/#organization","name":"Producent od\u015bwie\u017caczy powietrza ELIX","url":"https:\/\/elixscent.com\/","logo":{"@type":"ImageObject","inLanguage":"pl-PL","@id":"https:\/\/elixscent.com\/#\/schema\/logo\/image\/","url":"https:\/\/elixscent.com\/wp-content\/uploads\/elix_logo_1.0-_300.jpg","contentUrl":"https:\/\/elixscent.com\/wp-content\/uploads\/elix_logo_1.0-_300.jpg","width":300,"height":257,"caption":"ELIX air freshener manufacturer"},"image":{"@id":"https:\/\/elixscent.com\/#\/schema\/logo\/image\/"},"sameAs":["https:\/\/www.linkedin.com\/company\/30084929"]}]}},"_links":{"self":[{"href":"https:\/\/elixscent.com\/pl\/wp-json\/wp\/v2\/product\/59419","targetHints":{"allow":["GET"]}}],"collection":[{"href":"https:\/\/elixscent.com\/pl\/wp-json\/wp\/v2\/product"}],"about":[{"href":"https:\/\/elixscent.com\/pl\/wp-json\/wp\/v2\/types\/product"}],"version-history":[{"count":4,"href":"https:\/\/elixscent.com\/pl\/wp-json\/wp\/v2\/product\/59419\/revisions"}],"predecessor-version":[{"id":61041,"href":"https:\/\/elixscent.com\/pl\/wp-json\/wp\/v2\/product\/59419\/revisions\/61041"}],"wp:featuredmedia":[{"embeddable":true,"href":"https:\/\/elixscent.com\/pl\/wp-json\/wp\/v2\/media\/59420"}],"wp:attachment":[{"href":"https:\/\/elixscent.com\/pl\/wp-json\/wp\/v2\/media?parent=59419"}],"curies":[{"name":"wp","href":"https:\/\/api.w.org\/{rel}","templated":true}]}}