{"id":59403,"date":"2025-10-15T11:40:23","date_gmt":"2025-10-15T11:40:23","guid":{"rendered":"https:\/\/elixscent.com\/?post_type=product&#038;p=59403"},"modified":"2026-03-23T13:52:48","modified_gmt":"2026-03-23T13:52:48","slug":"olejek-do-prania-paczula-300","status":"publish","type":"product","link":"https:\/\/elixscent.com\/pl\/product\/in-wash-perfume-oil-patchouli-300\/","title":{"rendered":"Olejek zapachowy do prania Elegant Patchouli 300"},"content":{"rendered":"<p data-start=\"226\" data-end=\"925\">Elegant Patchouli to cichy luksus w Twojej garderobie: ciep\u0142y, dopracowany zapach. <strong data-start=\"333\" data-end=\"352\">perfumy do prania<\/strong> kt\u00f3ra nadaje tkaninom g\u0142adk\u0105, drzewno-bursztynow\u0105 aur\u0119. Od pierwszego za\u0142o\u017cenia do ostatniego z\u0142o\u017cenia, ubrania, r\u0119czniki i po\u015bciel nosz\u0105 czyst\u0105, wyrafinowan\u0105 sygnatur\u0119, kt\u00f3ra nigdy nie krzyczy - po prostu sprawia wra\u017cenie opanowanej i zadbanej. Paczula jest nowoczesna i aksamitna, bardziej dopasowana ni\u017c ci\u0119\u017ckie kadzid\u0142o, nadaj\u0105c codziennym ubraniom spokojn\u0105, wyrafinowan\u0105 obecno\u015b\u0107, kt\u00f3ra pi\u0119knie utrzymuje si\u0119 po wyschni\u0119ciu i podczas przechowywania. Zastosowanie <strong data-start=\"761\" data-end=\"769\">6 ml<\/strong> na standardowe obci\u0105\u017cenie przez szuflad\u0119 zmi\u0119kczacza; a <strong data-start=\"815\" data-end=\"825\">300 ml<\/strong> butelka dostarcza <strong data-start=\"842\" data-end=\"856\">\u224850 pra\u0144<\/strong>. Podstawowe korzy\u015bci s\u0105 wyszczeg\u00f3lnione na stronie grupy Laundry Perfume.<\/p>\n<p data-start=\"927\" data-end=\"954\"><strong data-start=\"927\" data-end=\"952\">Dlaczego warto wybra\u0107 ten zapach<\/strong><\/p>\n<ul data-start=\"955\" data-end=\"1218\">\n<li data-start=\"955\" data-end=\"1040\">\n<p data-start=\"957\" data-end=\"1040\">Dodaje <strong data-start=\"964\" data-end=\"995\">wyrafinowany, doros\u0142y podpis<\/strong> do codziennych tkanin, r\u0119cznik\u00f3w i po\u015bcieli.<\/p>\n<\/li>\n<li data-start=\"1041\" data-end=\"1119\">\n<p data-start=\"1043\" data-end=\"1119\"><strong data-start=\"1043\" data-end=\"1064\">Nowoczesny, nie ci\u0119\u017cki<\/strong> - \u0141atwe do dzielenia si\u0119 mi\u0119dzy szafami, do noszenia przez ca\u0142y rok.<\/p>\n<\/li>\n<li data-start=\"1120\" data-end=\"1218\">\n<p data-start=\"1122\" data-end=\"1218\">Pozostawia tekstylia pachn\u0105ce <strong data-start=\"1147\" data-end=\"1182\">Czysty, elegancki i trwa\u0142y<\/strong> po wysuszeniu i w szafie.<\/p>\n<\/li>\n<\/ul>","protected":false},"featured_media":59409,"parent":0,"menu_order":0,"template":"","class_list":["post-59403","product","type-product","status-publish","has-post-thumbnail","hentry","product_category-amarella_2","product_category-laundry-perfume-oil-300ml"],"acf":[],"yoast_head":"<!-- This site is optimized with the Yoast SEO Premium plugin v27.4 (Yoast SEO v27.4) - https:\/\/yoast.com\/product\/yoast-seo-premium-wordpress\/ -->\n<title>Amarella Laundry Perfume \u2014 Elegant Patchouli 300 ml | 50 Washes<\/title>\n<meta name=\"description\" content=\"Elegant Patchouli laundry perfume. Warm, modern woody-amber finish from a 6 ml dose. 300 ml \u2248 50 washes. Clean, refined and long-lasting.\" \/>\n<meta name=\"robots\" content=\"index, follow, max-snippet:-1, max-image-preview:large, max-video-preview:-1\" \/>\n<link rel=\"canonical\" href=\"https:\/\/elixscent.com\/pl\/produkt\/olejek-do-prania-paczula-300\/\" \/>\n<meta property=\"og:locale\" content=\"pl_PL\" \/>\n<meta property=\"og:type\" content=\"article\" \/>\n<meta property=\"og:title\" content=\"In-Wash Perfume Oil Elegant Patchouli 300\" \/>\n<meta property=\"og:description\" content=\"Elegant Patchouli laundry perfume. Warm, modern woody-amber finish from a 6 ml dose. 300 ml \u2248 50 washes. Clean, refined and long-lasting.\" \/>\n<meta property=\"og:url\" content=\"https:\/\/elixscent.com\/pl\/produkt\/olejek-do-prania-paczula-300\/\" \/>\n<meta property=\"og:site_name\" content=\"ELiX EU air fresheners\" \/>\n<meta property=\"article:modified_time\" content=\"2026-03-23T13:52:48+00:00\" \/>\n<meta property=\"og:image\" content=\"https:\/\/elixscent.com\/wp-content\/uploads\/WEBP_Amarella_In-Wash_Oil_300_ElegantPatchouli_product_1.0.webp\" \/>\n\t<meta property=\"og:image:width\" content=\"220\" \/>\n\t<meta property=\"og:image:height\" content=\"774\" \/>\n\t<meta property=\"og:image:type\" content=\"image\/webp\" \/>\n<meta name=\"twitter:card\" content=\"summary_large_image\" \/>\n<meta name=\"twitter:label1\" content=\"Szacowany czas czytania\" \/>\n\t<meta name=\"twitter:data1\" content=\"2 minuty\" \/>\n<script type=\"application\/ld+json\" class=\"yoast-schema-graph\">{\"@context\":\"https:\\\/\\\/schema.org\",\"@graph\":[{\"@type\":\"WebPage\",\"@id\":\"https:\\\/\\\/elixscent.com\\\/product\\\/in-wash-perfume-oil-patchouli-300\\\/\",\"url\":\"https:\\\/\\\/elixscent.com\\\/product\\\/in-wash-perfume-oil-patchouli-300\\\/\",\"name\":\"Amarella Laundry Perfume \u2014 Elegant Patchouli 300 ml | 50 Washes\",\"isPartOf\":{\"@id\":\"https:\\\/\\\/elixscent.com\\\/#website\"},\"primaryImageOfPage\":{\"@id\":\"https:\\\/\\\/elixscent.com\\\/product\\\/in-wash-perfume-oil-patchouli-300\\\/#primaryimage\"},\"image\":{\"@id\":\"https:\\\/\\\/elixscent.com\\\/product\\\/in-wash-perfume-oil-patchouli-300\\\/#primaryimage\"},\"thumbnailUrl\":\"https:\\\/\\\/elixscent.com\\\/wp-content\\\/uploads\\\/WEBP_Amarella_In-Wash_Oil_300_ElegantPatchouli_product_1.0.webp\",\"datePublished\":\"2025-10-15T11:40:23+00:00\",\"dateModified\":\"2026-03-23T13:52:48+00:00\",\"description\":\"Elegant Patchouli laundry perfume. Warm, modern woody-amber finish from a 6 ml dose. 300 ml \u2248 50 washes. Clean, refined and long-lasting.\",\"breadcrumb\":{\"@id\":\"https:\\\/\\\/elixscent.com\\\/product\\\/in-wash-perfume-oil-patchouli-300\\\/#breadcrumb\"},\"inLanguage\":\"pl-PL\",\"potentialAction\":[{\"@type\":\"ReadAction\",\"target\":[\"https:\\\/\\\/elixscent.com\\\/product\\\/in-wash-perfume-oil-patchouli-300\\\/\"]}]},{\"@type\":\"ImageObject\",\"inLanguage\":\"pl-PL\",\"@id\":\"https:\\\/\\\/elixscent.com\\\/product\\\/in-wash-perfume-oil-patchouli-300\\\/#primaryimage\",\"url\":\"https:\\\/\\\/elixscent.com\\\/wp-content\\\/uploads\\\/WEBP_Amarella_In-Wash_Oil_300_ElegantPatchouli_product_1.0.webp\",\"contentUrl\":\"https:\\\/\\\/elixscent.com\\\/wp-content\\\/uploads\\\/WEBP_Amarella_In-Wash_Oil_300_ElegantPatchouli_product_1.0.webp\",\"width\":220,\"height\":774,\"caption\":\"Laundry Parfume Elegant Patchouli\"},{\"@type\":\"BreadcrumbList\",\"@id\":\"https:\\\/\\\/elixscent.com\\\/product\\\/in-wash-perfume-oil-patchouli-300\\\/#breadcrumb\",\"itemListElement\":[{\"@type\":\"ListItem\",\"position\":1,\"name\":\"Home\",\"item\":\"https:\\\/\\\/elixscent.com\\\/\"},{\"@type\":\"ListItem\",\"position\":2,\"name\":\"Products\",\"item\":\"https:\\\/\\\/elixscent.com\\\/product\\\/\"},{\"@type\":\"ListItem\",\"position\":3,\"name\":\"AMARELLA scented laundry\",\"item\":\"https:\\\/\\\/elixscent.com\\\/product-category\\\/amarella_2\\\/\"},{\"@type\":\"ListItem\",\"position\":4,\"name\":\"In-Wash Perfume Oil Elegant Patchouli 300\"}]},{\"@type\":\"WebSite\",\"@id\":\"https:\\\/\\\/elixscent.com\\\/#website\",\"url\":\"https:\\\/\\\/elixscent.com\\\/\",\"name\":\"ELiX EU air fresheners\",\"description\":\"Air &amp; Fabric, Perfectly Fresh\",\"publisher\":{\"@id\":\"https:\\\/\\\/elixscent.com\\\/#organization\"},\"potentialAction\":[{\"@type\":\"SearchAction\",\"target\":{\"@type\":\"EntryPoint\",\"urlTemplate\":\"https:\\\/\\\/elixscent.com\\\/?s={search_term_string}\"},\"query-input\":{\"@type\":\"PropertyValueSpecification\",\"valueRequired\":true,\"valueName\":\"search_term_string\"}}],\"inLanguage\":\"pl-PL\"},{\"@type\":\"Organization\",\"@id\":\"https:\\\/\\\/elixscent.com\\\/#organization\",\"name\":\"ELIX air freshener manufacturer\",\"url\":\"https:\\\/\\\/elixscent.com\\\/\",\"logo\":{\"@type\":\"ImageObject\",\"inLanguage\":\"pl-PL\",\"@id\":\"https:\\\/\\\/elixscent.com\\\/#\\\/schema\\\/logo\\\/image\\\/\",\"url\":\"https:\\\/\\\/elixscent.com\\\/wp-content\\\/uploads\\\/elix_logo_1.0-_300.jpg\",\"contentUrl\":\"https:\\\/\\\/elixscent.com\\\/wp-content\\\/uploads\\\/elix_logo_1.0-_300.jpg\",\"width\":300,\"height\":257,\"caption\":\"ELIX air freshener manufacturer\"},\"image\":{\"@id\":\"https:\\\/\\\/elixscent.com\\\/#\\\/schema\\\/logo\\\/image\\\/\"},\"sameAs\":[\"https:\\\/\\\/www.linkedin.com\\\/company\\\/30084929\"]}]}<\/script>\n<!-- \/ Yoast SEO Premium plugin. -->","yoast_head_json":{"title":"Perfumy Amarella Laundry - Elegant Patchouli 300 ml | 50 pra\u0144","description":"Eleganckie perfumy do prania z paczul\u0105. Ciep\u0142e, nowoczesne drzewno-bursztynowe wyko\u0144czenie z dawki 6 ml. 300 ml \u2248 50 pra\u0144. Czysty, wyrafinowany i d\u0142ugotrwa\u0142y.","robots":{"index":"index","follow":"follow","max-snippet":"max-snippet:-1","max-image-preview":"max-image-preview:large","max-video-preview":"max-video-preview:-1"},"canonical":"https:\/\/elixscent.com\/pl\/produkt\/olejek-do-prania-paczula-300\/","og_locale":"pl_PL","og_type":"article","og_title":"In-Wash Perfume Oil Elegant Patchouli 300","og_description":"Elegant Patchouli laundry perfume. Warm, modern woody-amber finish from a 6 ml dose. 300 ml \u2248 50 washes. Clean, refined and long-lasting.","og_url":"https:\/\/elixscent.com\/pl\/produkt\/olejek-do-prania-paczula-300\/","og_site_name":"ELiX EU air fresheners","article_modified_time":"2026-03-23T13:52:48+00:00","og_image":[{"width":220,"height":774,"url":"https:\/\/elixscent.com\/wp-content\/uploads\/WEBP_Amarella_In-Wash_Oil_300_ElegantPatchouli_product_1.0.webp","type":"image\/webp"}],"twitter_card":"summary_large_image","twitter_misc":{"Szacowany czas czytania":"2 minuty"},"schema":{"@context":"https:\/\/schema.org","@graph":[{"@type":"WebPage","@id":"https:\/\/elixscent.com\/product\/in-wash-perfume-oil-patchouli-300\/","url":"https:\/\/elixscent.com\/product\/in-wash-perfume-oil-patchouli-300\/","name":"Perfumy Amarella Laundry - Elegant Patchouli 300 ml | 50 pra\u0144","isPartOf":{"@id":"https:\/\/elixscent.com\/#website"},"primaryImageOfPage":{"@id":"https:\/\/elixscent.com\/product\/in-wash-perfume-oil-patchouli-300\/#primaryimage"},"image":{"@id":"https:\/\/elixscent.com\/product\/in-wash-perfume-oil-patchouli-300\/#primaryimage"},"thumbnailUrl":"https:\/\/elixscent.com\/wp-content\/uploads\/WEBP_Amarella_In-Wash_Oil_300_ElegantPatchouli_product_1.0.webp","datePublished":"2025-10-15T11:40:23+00:00","dateModified":"2026-03-23T13:52:48+00:00","description":"Eleganckie perfumy do prania z paczul\u0105. Ciep\u0142e, nowoczesne drzewno-bursztynowe wyko\u0144czenie z dawki 6 ml. 300 ml \u2248 50 pra\u0144. Czysty, wyrafinowany i d\u0142ugotrwa\u0142y.","breadcrumb":{"@id":"https:\/\/elixscent.com\/product\/in-wash-perfume-oil-patchouli-300\/#breadcrumb"},"inLanguage":"pl-PL","potentialAction":[{"@type":"ReadAction","target":["https:\/\/elixscent.com\/product\/in-wash-perfume-oil-patchouli-300\/"]}]},{"@type":"ImageObject","inLanguage":"pl-PL","@id":"https:\/\/elixscent.com\/product\/in-wash-perfume-oil-patchouli-300\/#primaryimage","url":"https:\/\/elixscent.com\/wp-content\/uploads\/WEBP_Amarella_In-Wash_Oil_300_ElegantPatchouli_product_1.0.webp","contentUrl":"https:\/\/elixscent.com\/wp-content\/uploads\/WEBP_Amarella_In-Wash_Oil_300_ElegantPatchouli_product_1.0.webp","width":220,"height":774,"caption":"Laundry Parfume Elegant Patchouli"},{"@type":"BreadcrumbList","@id":"https:\/\/elixscent.com\/product\/in-wash-perfume-oil-patchouli-300\/#breadcrumb","itemListElement":[{"@type":"ListItem","position":1,"name":"Home","item":"https:\/\/elixscent.com\/"},{"@type":"ListItem","position":2,"name":"Products","item":"https:\/\/elixscent.com\/product\/"},{"@type":"ListItem","position":3,"name":"AMARELLA scented laundry","item":"https:\/\/elixscent.com\/product-category\/amarella_2\/"},{"@type":"ListItem","position":4,"name":"In-Wash Perfume Oil Elegant Patchouli 300"}]},{"@type":"WebSite","@id":"https:\/\/elixscent.com\/#website","url":"https:\/\/elixscent.com\/","name":"Od\u015bwie\u017cacze powietrza ELiX EU","description":"Powietrze i tkaniny, idealnie \u015bwie\u017ce","publisher":{"@id":"https:\/\/elixscent.com\/#organization"},"potentialAction":[{"@type":"SearchAction","target":{"@type":"EntryPoint","urlTemplate":"https:\/\/elixscent.com\/?s={search_term_string}"},"query-input":{"@type":"PropertyValueSpecification","valueRequired":true,"valueName":"search_term_string"}}],"inLanguage":"pl-PL"},{"@type":"Organization","@id":"https:\/\/elixscent.com\/#organization","name":"Producent od\u015bwie\u017caczy powietrza ELIX","url":"https:\/\/elixscent.com\/","logo":{"@type":"ImageObject","inLanguage":"pl-PL","@id":"https:\/\/elixscent.com\/#\/schema\/logo\/image\/","url":"https:\/\/elixscent.com\/wp-content\/uploads\/elix_logo_1.0-_300.jpg","contentUrl":"https:\/\/elixscent.com\/wp-content\/uploads\/elix_logo_1.0-_300.jpg","width":300,"height":257,"caption":"ELIX air freshener manufacturer"},"image":{"@id":"https:\/\/elixscent.com\/#\/schema\/logo\/image\/"},"sameAs":["https:\/\/www.linkedin.com\/company\/30084929"]}]}},"_links":{"self":[{"href":"https:\/\/elixscent.com\/pl\/wp-json\/wp\/v2\/product\/59403","targetHints":{"allow":["GET"]}}],"collection":[{"href":"https:\/\/elixscent.com\/pl\/wp-json\/wp\/v2\/product"}],"about":[{"href":"https:\/\/elixscent.com\/pl\/wp-json\/wp\/v2\/types\/product"}],"version-history":[{"count":4,"href":"https:\/\/elixscent.com\/pl\/wp-json\/wp\/v2\/product\/59403\/revisions"}],"predecessor-version":[{"id":61045,"href":"https:\/\/elixscent.com\/pl\/wp-json\/wp\/v2\/product\/59403\/revisions\/61045"}],"wp:featuredmedia":[{"embeddable":true,"href":"https:\/\/elixscent.com\/pl\/wp-json\/wp\/v2\/media\/59409"}],"wp:attachment":[{"href":"https:\/\/elixscent.com\/pl\/wp-json\/wp\/v2\/media?parent=59403"}],"curies":[{"name":"wp","href":"https:\/\/api.w.org\/{rel}","templated":true}]}}