{"id":59371,"date":"2025-10-14T09:44:53","date_gmt":"2025-10-14T09:44:53","guid":{"rendered":"https:\/\/elixscent.com\/?post_type=product&#038;p=59371"},"modified":"2026-03-23T13:49:25","modified_gmt":"2026-03-23T13:49:25","slug":"satynowy-olejek-zapachowy-do-prania","status":"publish","type":"product","link":"https:\/\/elixscent.com\/pl\/product\/in-wash-perfume-oil-satin\/","title":{"rendered":"Olejek zapachowy do prania Satin Sweetness 150"},"content":{"rendered":"<p data-start=\"181\" data-end=\"800\">Satin Sweetness to komfort \u015bwie\u017cego prania otulonego delikatn\u0105, \u015bwietlist\u0105 s\u0142odycz\u0105. Od b\u0119bna po szaf\u0119, tkaniny otulone s\u0105 delikatn\u0105, zwiewn\u0105 mgie\u0142k\u0105 gourmand, kt\u00f3ra w dotyku przypomina czyst\u0105 bawe\u0142n\u0119 mu\u015bni\u0119t\u0105 \u015bmietan\u0105 - przytuln\u0105, zach\u0119caj\u0105c\u0105 i cicho rozpieszczaj\u0105c\u0105, ale nigdy nie ci\u0119\u017ck\u0105. Po wysuszeniu zapach pozostaje blisko tkaniny, pozostawiaj\u0105c na koszulkach, strojach k\u0105pielowych, r\u0119cznikach i po\u015bcieli g\u0142adk\u0105, kaszmirow\u0105 aur\u0119, kt\u00f3ra pi\u0119knie utrzymuje si\u0119 przez ca\u0142y dzie\u0144 i do wieczora. Jest to rodzaj s\u0142odyczy, kt\u00f3ra brzmi jak dopracowana i nowoczesna: kremowa, niewa\u017cka, bez wysi\u0142ku uspokajaj\u0105ca.<\/p>\n<p data-start=\"802\" data-end=\"1191\">U\u017cycie <strong data-start=\"806\" data-end=\"814\">6 ml<\/strong> na standardowy wsad 4-5 kg, dodaj\u0105c go do szuflady na p\u0142yn zmi\u0119kczaj\u0105cy (lub do ostatniego p\u0142ukania w pralkach \u0142adowanych od g\u00f3ry). Nieznacznie dostosowa\u0107 do smaku. Nie wylewa\u0107 bezpo\u015brednio na tkaniny. A <strong data-start=\"975\" data-end=\"985\">150 ml<\/strong> butelka daje oko\u0142o <strong data-start=\"1013\" data-end=\"1026\">25 pra\u0144<\/strong>. Podstawowe zalety gamy (brak alergen\u00f3w, przyjazny dla wra\u017cliwej sk\u00f3ry, bez mikroplastiku, bez okrucie\u0144stwa, skoncentrowany format) s\u0105 przedstawione na stronie grupy In-Wash Perfume Oil.<\/p>\n<p data-start=\"1193\" data-end=\"1220\"><strong data-start=\"1193\" data-end=\"1218\">Dlaczego warto wybra\u0107 ten zapach<\/strong><\/p>\n<ul data-start=\"1221\" data-end=\"1486\">\n<li data-start=\"1221\" data-end=\"1306\">\n<p data-start=\"1223\" data-end=\"1306\"><strong data-start=\"1223\" data-end=\"1252\">Mi\u0119kka, otulaj\u0105ca s\u0142odycz<\/strong> kt\u00f3ra jest czysta i pocieszaj\u0105ca, a nie s\u0142odka.<\/p>\n<\/li>\n<li data-start=\"1307\" data-end=\"1389\">\n<p data-start=\"1309\" data-end=\"1389\"><strong data-start=\"1309\" data-end=\"1345\">Przyjazny dla garderoby i wszechstronny,<\/strong> Idealny do codziennego noszenia i po\u015bcieli.<\/p>\n<\/li>\n<li data-start=\"1390\" data-end=\"1486\">\n<p data-start=\"1392\" data-end=\"1486\"><strong data-start=\"1392\" data-end=\"1422\">Nowoczesny, trwa\u0142y szlak<\/strong> kt\u00f3ra pozostaje jedwabista i elegancka po wysuszeniu i podczas przechowywania.<\/p>\n<\/li>\n<\/ul>","protected":false},"featured_media":59372,"parent":0,"menu_order":0,"template":"","class_list":["post-59371","product","type-product","status-publish","has-post-thumbnail","hentry","product_category-amarella_2","product_category-in-wash-perfume-oil-150ml"],"acf":[],"yoast_head":"<!-- This site is optimized with the Yoast SEO Premium plugin v27.4 (Yoast SEO v27.4) - https:\/\/yoast.com\/product\/yoast-seo-premium-wordpress\/ -->\n<title>Amarella In-Wash Perfume Oil \u2014 Satin Sweetness 150 ml | Long-Lasting Laundry Scent<\/title>\n<meta name=\"description\" content=\"Elegant Patchouli laundry perfume oil. Warm woody-amber finish from a 6 ml dose. 150 ml \u2248 25 washes. Modern, refined, long-lasting.Satin Sweetness laundry perfume oil. Soft, modern sweetness from a 6 ml dose. 150 ml \u2248 25 washes. Clean, comforting and long-lasting.\" \/>\n<meta name=\"robots\" content=\"index, follow, max-snippet:-1, max-image-preview:large, max-video-preview:-1\" \/>\n<link rel=\"canonical\" href=\"https:\/\/elixscent.com\/pl\/produkt\/satynowy-olejek-zapachowy-do-prania\/\" \/>\n<meta property=\"og:locale\" content=\"pl_PL\" \/>\n<meta property=\"og:type\" content=\"article\" \/>\n<meta property=\"og:title\" content=\"In-Wash Perfume Oil Satin Sweetness 150\" \/>\n<meta property=\"og:description\" content=\"Elegant Patchouli laundry perfume oil. Warm woody-amber finish from a 6 ml dose. 150 ml \u2248 25 washes. Modern, refined, long-lasting.Satin Sweetness laundry perfume oil. Soft, modern sweetness from a 6 ml dose. 150 ml \u2248 25 washes. Clean, comforting and long-lasting.\" \/>\n<meta property=\"og:url\" content=\"https:\/\/elixscent.com\/pl\/produkt\/satynowy-olejek-zapachowy-do-prania\/\" \/>\n<meta property=\"og:site_name\" content=\"ELiX EU air fresheners\" \/>\n<meta property=\"article:modified_time\" content=\"2026-03-23T13:49:25+00:00\" \/>\n<meta property=\"og:image\" content=\"https:\/\/elixscent.com\/wp-content\/uploads\/WEBP_Amarella_In-Wash_Oil_150_SatinSweetness_product_1.0.webp\" \/>\n\t<meta property=\"og:image:width\" content=\"250\" \/>\n\t<meta property=\"og:image:height\" content=\"602\" \/>\n\t<meta property=\"og:image:type\" content=\"image\/webp\" \/>\n<meta name=\"twitter:card\" content=\"summary_large_image\" \/>\n<meta name=\"twitter:label1\" content=\"Szacowany czas czytania\" \/>\n\t<meta name=\"twitter:data1\" content=\"2 minuty\" \/>\n<script type=\"application\/ld+json\" class=\"yoast-schema-graph\">{\"@context\":\"https:\\\/\\\/schema.org\",\"@graph\":[{\"@type\":\"WebPage\",\"@id\":\"https:\\\/\\\/elixscent.com\\\/product\\\/in-wash-perfume-oil-satin\\\/\",\"url\":\"https:\\\/\\\/elixscent.com\\\/product\\\/in-wash-perfume-oil-satin\\\/\",\"name\":\"Amarella In-Wash Perfume Oil \u2014 Satin Sweetness 150 ml | Long-Lasting Laundry Scent\",\"isPartOf\":{\"@id\":\"https:\\\/\\\/elixscent.com\\\/#website\"},\"primaryImageOfPage\":{\"@id\":\"https:\\\/\\\/elixscent.com\\\/product\\\/in-wash-perfume-oil-satin\\\/#primaryimage\"},\"image\":{\"@id\":\"https:\\\/\\\/elixscent.com\\\/product\\\/in-wash-perfume-oil-satin\\\/#primaryimage\"},\"thumbnailUrl\":\"https:\\\/\\\/elixscent.com\\\/wp-content\\\/uploads\\\/WEBP_Amarella_In-Wash_Oil_150_SatinSweetness_product_1.0.webp\",\"datePublished\":\"2025-10-14T09:44:53+00:00\",\"dateModified\":\"2026-03-23T13:49:25+00:00\",\"description\":\"Elegant Patchouli laundry perfume oil. Warm woody-amber finish from a 6 ml dose. 150 ml \u2248 25 washes. Modern, refined, long-lasting.Satin Sweetness laundry perfume oil. Soft, modern sweetness from a 6 ml dose. 150 ml \u2248 25 washes. Clean, comforting and long-lasting.\",\"breadcrumb\":{\"@id\":\"https:\\\/\\\/elixscent.com\\\/product\\\/in-wash-perfume-oil-satin\\\/#breadcrumb\"},\"inLanguage\":\"pl-PL\",\"potentialAction\":[{\"@type\":\"ReadAction\",\"target\":[\"https:\\\/\\\/elixscent.com\\\/product\\\/in-wash-perfume-oil-satin\\\/\"]}]},{\"@type\":\"ImageObject\",\"inLanguage\":\"pl-PL\",\"@id\":\"https:\\\/\\\/elixscent.com\\\/product\\\/in-wash-perfume-oil-satin\\\/#primaryimage\",\"url\":\"https:\\\/\\\/elixscent.com\\\/wp-content\\\/uploads\\\/WEBP_Amarella_In-Wash_Oil_150_SatinSweetness_product_1.0.webp\",\"contentUrl\":\"https:\\\/\\\/elixscent.com\\\/wp-content\\\/uploads\\\/WEBP_Amarella_In-Wash_Oil_150_SatinSweetness_product_1.0.webp\",\"width\":250,\"height\":602,\"caption\":\"Amarella in-wash perfume Oil Satin Sweetness\"},{\"@type\":\"BreadcrumbList\",\"@id\":\"https:\\\/\\\/elixscent.com\\\/product\\\/in-wash-perfume-oil-satin\\\/#breadcrumb\",\"itemListElement\":[{\"@type\":\"ListItem\",\"position\":1,\"name\":\"Home\",\"item\":\"https:\\\/\\\/elixscent.com\\\/\"},{\"@type\":\"ListItem\",\"position\":2,\"name\":\"Products\",\"item\":\"https:\\\/\\\/elixscent.com\\\/product\\\/\"},{\"@type\":\"ListItem\",\"position\":3,\"name\":\"AMARELLA scented laundry\",\"item\":\"https:\\\/\\\/elixscent.com\\\/product-category\\\/amarella_2\\\/\"},{\"@type\":\"ListItem\",\"position\":4,\"name\":\"In-Wash Perfume Oil 150ml\",\"item\":\"https:\\\/\\\/elixscent.com\\\/product-category\\\/in-wash-perfume-oil-150ml\\\/\"},{\"@type\":\"ListItem\",\"position\":5,\"name\":\"In-Wash Perfume Oil Satin Sweetness 150\"}]},{\"@type\":\"WebSite\",\"@id\":\"https:\\\/\\\/elixscent.com\\\/#website\",\"url\":\"https:\\\/\\\/elixscent.com\\\/\",\"name\":\"ELiX EU air fresheners\",\"description\":\"Air &amp; Fabric, Perfectly Fresh\",\"publisher\":{\"@id\":\"https:\\\/\\\/elixscent.com\\\/#organization\"},\"potentialAction\":[{\"@type\":\"SearchAction\",\"target\":{\"@type\":\"EntryPoint\",\"urlTemplate\":\"https:\\\/\\\/elixscent.com\\\/?s={search_term_string}\"},\"query-input\":{\"@type\":\"PropertyValueSpecification\",\"valueRequired\":true,\"valueName\":\"search_term_string\"}}],\"inLanguage\":\"pl-PL\"},{\"@type\":\"Organization\",\"@id\":\"https:\\\/\\\/elixscent.com\\\/#organization\",\"name\":\"ELIX air freshener manufacturer\",\"url\":\"https:\\\/\\\/elixscent.com\\\/\",\"logo\":{\"@type\":\"ImageObject\",\"inLanguage\":\"pl-PL\",\"@id\":\"https:\\\/\\\/elixscent.com\\\/#\\\/schema\\\/logo\\\/image\\\/\",\"url\":\"https:\\\/\\\/elixscent.com\\\/wp-content\\\/uploads\\\/elix_logo_1.0-_300.jpg\",\"contentUrl\":\"https:\\\/\\\/elixscent.com\\\/wp-content\\\/uploads\\\/elix_logo_1.0-_300.jpg\",\"width\":300,\"height\":257,\"caption\":\"ELIX air freshener manufacturer\"},\"image\":{\"@id\":\"https:\\\/\\\/elixscent.com\\\/#\\\/schema\\\/logo\\\/image\\\/\"},\"sameAs\":[\"https:\\\/\\\/www.linkedin.com\\\/company\\\/30084929\"]}]}<\/script>\n<!-- \/ Yoast SEO Premium plugin. -->","yoast_head_json":{"title":"Amarella In-Wash Perfume Oil - Satin Sweetness 150 ml | D\u0142ugotrwa\u0142y zapach do prania","description":"Elegancki olejek z paczuli do prania. Ciep\u0142e drzewno-bursztynowe wyko\u0144czenie z dawki 6 ml. 150 ml \u2248 25 pra\u0144. Nowoczesny, wyrafinowany, d\u0142ugotrwa\u0142y.Satin Sweetness olejek zapachowy do prania. Delikatna, nowoczesna s\u0142odycz w dawce 6 ml. 150 ml \u2248 25 pra\u0144. Czysty, komfortowy i d\u0142ugotrwa\u0142y.","robots":{"index":"index","follow":"follow","max-snippet":"max-snippet:-1","max-image-preview":"max-image-preview:large","max-video-preview":"max-video-preview:-1"},"canonical":"https:\/\/elixscent.com\/pl\/produkt\/satynowy-olejek-zapachowy-do-prania\/","og_locale":"pl_PL","og_type":"article","og_title":"In-Wash Perfume Oil Satin Sweetness 150","og_description":"Elegant Patchouli laundry perfume oil. Warm woody-amber finish from a 6 ml dose. 150 ml \u2248 25 washes. Modern, refined, long-lasting.Satin Sweetness laundry perfume oil. Soft, modern sweetness from a 6 ml dose. 150 ml \u2248 25 washes. Clean, comforting and long-lasting.","og_url":"https:\/\/elixscent.com\/pl\/produkt\/satynowy-olejek-zapachowy-do-prania\/","og_site_name":"ELiX EU air fresheners","article_modified_time":"2026-03-23T13:49:25+00:00","og_image":[{"width":250,"height":602,"url":"https:\/\/elixscent.com\/wp-content\/uploads\/WEBP_Amarella_In-Wash_Oil_150_SatinSweetness_product_1.0.webp","type":"image\/webp"}],"twitter_card":"summary_large_image","twitter_misc":{"Szacowany czas czytania":"2 minuty"},"schema":{"@context":"https:\/\/schema.org","@graph":[{"@type":"WebPage","@id":"https:\/\/elixscent.com\/product\/in-wash-perfume-oil-satin\/","url":"https:\/\/elixscent.com\/product\/in-wash-perfume-oil-satin\/","name":"Amarella In-Wash Perfume Oil - Satin Sweetness 150 ml | D\u0142ugotrwa\u0142y zapach do prania","isPartOf":{"@id":"https:\/\/elixscent.com\/#website"},"primaryImageOfPage":{"@id":"https:\/\/elixscent.com\/product\/in-wash-perfume-oil-satin\/#primaryimage"},"image":{"@id":"https:\/\/elixscent.com\/product\/in-wash-perfume-oil-satin\/#primaryimage"},"thumbnailUrl":"https:\/\/elixscent.com\/wp-content\/uploads\/WEBP_Amarella_In-Wash_Oil_150_SatinSweetness_product_1.0.webp","datePublished":"2025-10-14T09:44:53+00:00","dateModified":"2026-03-23T13:49:25+00:00","description":"Elegancki olejek z paczuli do prania. Ciep\u0142e drzewno-bursztynowe wyko\u0144czenie z dawki 6 ml. 150 ml \u2248 25 pra\u0144. Nowoczesny, wyrafinowany, d\u0142ugotrwa\u0142y.Satin Sweetness olejek zapachowy do prania. Delikatna, nowoczesna s\u0142odycz w dawce 6 ml. 150 ml \u2248 25 pra\u0144. Czysty, komfortowy i d\u0142ugotrwa\u0142y.","breadcrumb":{"@id":"https:\/\/elixscent.com\/product\/in-wash-perfume-oil-satin\/#breadcrumb"},"inLanguage":"pl-PL","potentialAction":[{"@type":"ReadAction","target":["https:\/\/elixscent.com\/product\/in-wash-perfume-oil-satin\/"]}]},{"@type":"ImageObject","inLanguage":"pl-PL","@id":"https:\/\/elixscent.com\/product\/in-wash-perfume-oil-satin\/#primaryimage","url":"https:\/\/elixscent.com\/wp-content\/uploads\/WEBP_Amarella_In-Wash_Oil_150_SatinSweetness_product_1.0.webp","contentUrl":"https:\/\/elixscent.com\/wp-content\/uploads\/WEBP_Amarella_In-Wash_Oil_150_SatinSweetness_product_1.0.webp","width":250,"height":602,"caption":"Amarella in-wash perfume Oil Satin Sweetness"},{"@type":"BreadcrumbList","@id":"https:\/\/elixscent.com\/product\/in-wash-perfume-oil-satin\/#breadcrumb","itemListElement":[{"@type":"ListItem","position":1,"name":"Home","item":"https:\/\/elixscent.com\/"},{"@type":"ListItem","position":2,"name":"Products","item":"https:\/\/elixscent.com\/product\/"},{"@type":"ListItem","position":3,"name":"AMARELLA scented laundry","item":"https:\/\/elixscent.com\/product-category\/amarella_2\/"},{"@type":"ListItem","position":4,"name":"In-Wash Perfume Oil 150ml","item":"https:\/\/elixscent.com\/product-category\/in-wash-perfume-oil-150ml\/"},{"@type":"ListItem","position":5,"name":"In-Wash Perfume Oil Satin Sweetness 150"}]},{"@type":"WebSite","@id":"https:\/\/elixscent.com\/#website","url":"https:\/\/elixscent.com\/","name":"Od\u015bwie\u017cacze powietrza ELiX EU","description":"Powietrze i tkaniny, idealnie \u015bwie\u017ce","publisher":{"@id":"https:\/\/elixscent.com\/#organization"},"potentialAction":[{"@type":"SearchAction","target":{"@type":"EntryPoint","urlTemplate":"https:\/\/elixscent.com\/?s={search_term_string}"},"query-input":{"@type":"PropertyValueSpecification","valueRequired":true,"valueName":"search_term_string"}}],"inLanguage":"pl-PL"},{"@type":"Organization","@id":"https:\/\/elixscent.com\/#organization","name":"Producent od\u015bwie\u017caczy powietrza ELIX","url":"https:\/\/elixscent.com\/","logo":{"@type":"ImageObject","inLanguage":"pl-PL","@id":"https:\/\/elixscent.com\/#\/schema\/logo\/image\/","url":"https:\/\/elixscent.com\/wp-content\/uploads\/elix_logo_1.0-_300.jpg","contentUrl":"https:\/\/elixscent.com\/wp-content\/uploads\/elix_logo_1.0-_300.jpg","width":300,"height":257,"caption":"ELIX air freshener manufacturer"},"image":{"@id":"https:\/\/elixscent.com\/#\/schema\/logo\/image\/"},"sameAs":["https:\/\/www.linkedin.com\/company\/30084929"]}]}},"_links":{"self":[{"href":"https:\/\/elixscent.com\/pl\/wp-json\/wp\/v2\/product\/59371","targetHints":{"allow":["GET"]}}],"collection":[{"href":"https:\/\/elixscent.com\/pl\/wp-json\/wp\/v2\/product"}],"about":[{"href":"https:\/\/elixscent.com\/pl\/wp-json\/wp\/v2\/types\/product"}],"version-history":[{"count":4,"href":"https:\/\/elixscent.com\/pl\/wp-json\/wp\/v2\/product\/59371\/revisions"}],"predecessor-version":[{"id":61043,"href":"https:\/\/elixscent.com\/pl\/wp-json\/wp\/v2\/product\/59371\/revisions\/61043"}],"wp:featuredmedia":[{"embeddable":true,"href":"https:\/\/elixscent.com\/pl\/wp-json\/wp\/v2\/media\/59372"}],"wp:attachment":[{"href":"https:\/\/elixscent.com\/pl\/wp-json\/wp\/v2\/media?parent=59371"}],"curies":[{"name":"wp","href":"https:\/\/api.w.org\/{rel}","templated":true}]}}