{"id":59305,"date":"2025-10-08T12:14:58","date_gmt":"2025-10-08T12:14:58","guid":{"rendered":"https:\/\/elixscent.com\/?post_type=product&#038;p=59305"},"modified":"2026-03-23T13:59:14","modified_gmt":"2026-03-23T13:59:14","slug":"perfumy-do-prania-firan-odorano","status":"publish","type":"product","link":"https:\/\/elixscent.com\/pl\/product\/curtain-laundry-perfume-odorano\/","title":{"rendered":"Perfumy do prania CURTAIN"},"content":{"rendered":"<p data-start=\"213\" data-end=\"690\">G\u0142\u0119boko czysta \u015bwie\u017co\u015b\u0107 zas\u0142on, moskitier i woali - prosto z prania. Powered by <strong data-start=\"301\" data-end=\"343\">Technologia neutralizacji zapach\u00f3w Odorano\u00ae<\/strong>, Te perfumy do prania pomagaj\u0105 usun\u0105\u0107 utrzymuj\u0105ce si\u0119 zapachy (tytoniu, st\u0119chlizny, zapach\u00f3w kuchennych) i pozostawiaj\u0105 czysty, przyjemny zapach, kt\u00f3ry nie jest przyt\u0142aczaj\u0105cy. Zaprojektowany do codziennych cykli prania i delikatnych tkanin, jest krokiem 1 w programie <strong data-start=\"567\" data-end=\"601\">Program CurtainCare No-Iron<\/strong>: umy\u0107, nast\u0119pnie wyg\u0142adzi\u0107 \u015brodkiem Crease Releaser i od\u015bwie\u017ca\u0107 mi\u0119dzy myciami \u015brodkiem Odour Absorber.<\/p>\n<p data-start=\"692\" data-end=\"714\"><strong data-start=\"692\" data-end=\"714\">Dlaczego to pokochasz<\/strong><\/p>\n<ul data-start=\"715\" data-end=\"913\">\n<li data-start=\"715\" data-end=\"769\">\n<p data-start=\"717\" data-end=\"769\">Neutralizuje nieprzyjemne zapachy <strong data-start=\"743\" data-end=\"751\">pranie<\/strong> krok (Odorano\u00ae)<\/p>\n<\/li>\n<li data-start=\"770\" data-end=\"826\">\n<p data-start=\"772\" data-end=\"826\">Czysty, d\u0142ugotrwa\u0142y zapach - nie jest ci\u0119\u017cki ani md\u0142y<\/p>\n<\/li>\n<li data-start=\"827\" data-end=\"869\">\n<p data-start=\"829\" data-end=\"869\">Nadaje si\u0119 do zas\u0142on, moskitier i woali<\/p>\n<\/li>\n<li data-start=\"870\" data-end=\"913\">\n<p data-start=\"872\" data-end=\"913\">Dzia\u0142a ze zwyk\u0142ym detergentem i cyklem<\/p>\n<\/li>\n<\/ul>\n<p data-start=\"915\" data-end=\"1144\"><strong data-start=\"915\" data-end=\"929\">Jak u\u017cywa\u0107<\/strong><br data-start=\"929\" data-end=\"932\" \/>Doda\u0107 do pralki zgodnie ze wskaz\u00f3wkami na etykiecie (zazwyczaj w szufladce na p\u0142yn zmi\u0119kczaj\u0105cy lub w nakr\u0119tce dozuj\u0105cej). Pra\u0107 zgodnie z instrukcj\u0105 na metce. Aby uzyska\u0107 najlepsze rezultaty, powiesi\u0107 do wyschni\u0119cia i zastosowa\u0107 <strong data-start=\"1105\" data-end=\"1132\">\u015arodek do usuwania zagniece\u0144<\/strong> gdy jest wilgotno.<\/p>\n<p data-start=\"558\" data-end=\"696\" data-is-last-node=\"\" data-is-only-node=\"\">500ml<\/p>","protected":false},"featured_media":59306,"parent":0,"menu_order":0,"template":"","class_list":["post-59305","product","type-product","status-publish","has-post-thumbnail","hentry","product_category-curtain-care-no-iron"],"acf":[],"yoast_head":"<!-- This site is optimized with the Yoast SEO Premium plugin v27.4 (Yoast SEO v27.5) - https:\/\/yoast.com\/product\/yoast-seo-premium-wordpress\/ -->\n<title>Amarella Curtain Laundry Perfume with Odorano\u00ae<\/title>\n<meta name=\"description\" content=\"Neutralises tobacco, musty and kitchen odours during the wash and leaves a clean, pleasant scent. For curtains, nets and voiles. Step 1 of CurtainCare\" \/>\n<meta name=\"robots\" content=\"index, follow, max-snippet:-1, max-image-preview:large, max-video-preview:-1\" \/>\n<link rel=\"canonical\" href=\"https:\/\/elixscent.com\/pl\/produkt\/perfumy-do-prania-firan-odorano\/\" \/>\n<meta property=\"og:locale\" content=\"pl_PL\" \/>\n<meta property=\"og:type\" content=\"article\" \/>\n<meta property=\"og:title\" content=\"CURTAIN Laundry Perfume\" \/>\n<meta property=\"og:description\" content=\"Neutralises tobacco, musty and kitchen odours during the wash and leaves a clean, pleasant scent. For curtains, nets and voiles. Step 1 of CurtainCare\" \/>\n<meta property=\"og:url\" content=\"https:\/\/elixscent.com\/pl\/produkt\/perfumy-do-prania-firan-odorano\/\" \/>\n<meta property=\"og:site_name\" content=\"ELiX EU air fresheners\" \/>\n<meta property=\"article:modified_time\" content=\"2026-03-23T13:59:14+00:00\" \/>\n<meta property=\"og:image\" content=\"https:\/\/elixscent.com\/wp-content\/uploads\/WEBP_Amarella_Curtain_Laundry_Perfume_500ml_product_1.0.webp\" \/>\n\t<meta property=\"og:image:width\" content=\"210\" \/>\n\t<meta property=\"og:image:height\" content=\"675\" \/>\n\t<meta property=\"og:image:type\" content=\"image\/webp\" \/>\n<meta name=\"twitter:card\" content=\"summary_large_image\" \/>\n<meta name=\"twitter:label1\" content=\"Szacowany czas czytania\" \/>\n\t<meta name=\"twitter:data1\" content=\"2 minuty\" \/>\n<script type=\"application\/ld+json\" class=\"yoast-schema-graph\">{\"@context\":\"https:\\\/\\\/schema.org\",\"@graph\":[{\"@type\":\"WebPage\",\"@id\":\"https:\\\/\\\/elixscent.com\\\/product\\\/curtain-laundry-perfume-odorano\\\/\",\"url\":\"https:\\\/\\\/elixscent.com\\\/product\\\/curtain-laundry-perfume-odorano\\\/\",\"name\":\"Amarella Curtain Laundry Perfume with Odorano\u00ae\",\"isPartOf\":{\"@id\":\"https:\\\/\\\/elixscent.com\\\/#website\"},\"primaryImageOfPage\":{\"@id\":\"https:\\\/\\\/elixscent.com\\\/product\\\/curtain-laundry-perfume-odorano\\\/#primaryimage\"},\"image\":{\"@id\":\"https:\\\/\\\/elixscent.com\\\/product\\\/curtain-laundry-perfume-odorano\\\/#primaryimage\"},\"thumbnailUrl\":\"https:\\\/\\\/elixscent.com\\\/wp-content\\\/uploads\\\/WEBP_Amarella_Curtain_Laundry_Perfume_500ml_product_1.0.webp\",\"datePublished\":\"2025-10-08T12:14:58+00:00\",\"dateModified\":\"2026-03-23T13:59:14+00:00\",\"description\":\"Neutralises tobacco, musty and kitchen odours during the wash and leaves a clean, pleasant scent. For curtains, nets and voiles. Step 1 of CurtainCare\",\"breadcrumb\":{\"@id\":\"https:\\\/\\\/elixscent.com\\\/product\\\/curtain-laundry-perfume-odorano\\\/#breadcrumb\"},\"inLanguage\":\"pl-PL\",\"potentialAction\":[{\"@type\":\"ReadAction\",\"target\":[\"https:\\\/\\\/elixscent.com\\\/product\\\/curtain-laundry-perfume-odorano\\\/\"]}]},{\"@type\":\"ImageObject\",\"inLanguage\":\"pl-PL\",\"@id\":\"https:\\\/\\\/elixscent.com\\\/product\\\/curtain-laundry-perfume-odorano\\\/#primaryimage\",\"url\":\"https:\\\/\\\/elixscent.com\\\/wp-content\\\/uploads\\\/WEBP_Amarella_Curtain_Laundry_Perfume_500ml_product_1.0.webp\",\"contentUrl\":\"https:\\\/\\\/elixscent.com\\\/wp-content\\\/uploads\\\/WEBP_Amarella_Curtain_Laundry_Perfume_500ml_product_1.0.webp\",\"width\":210,\"height\":675,\"caption\":\"curtain laundry perfume\"},{\"@type\":\"BreadcrumbList\",\"@id\":\"https:\\\/\\\/elixscent.com\\\/product\\\/curtain-laundry-perfume-odorano\\\/#breadcrumb\",\"itemListElement\":[{\"@type\":\"ListItem\",\"position\":1,\"name\":\"Home\",\"item\":\"https:\\\/\\\/elixscent.com\\\/\"},{\"@type\":\"ListItem\",\"position\":2,\"name\":\"Products\",\"item\":\"https:\\\/\\\/elixscent.com\\\/product\\\/\"},{\"@type\":\"ListItem\",\"position\":3,\"name\":\"Curtain EasyCare Programme\",\"item\":\"https:\\\/\\\/elixscent.com\\\/product-category\\\/curtain-care-no-iron\\\/\"},{\"@type\":\"ListItem\",\"position\":4,\"name\":\"CURTAIN Laundry Perfume\"}]},{\"@type\":\"WebSite\",\"@id\":\"https:\\\/\\\/elixscent.com\\\/#website\",\"url\":\"https:\\\/\\\/elixscent.com\\\/\",\"name\":\"ELiX EU air fresheners\",\"description\":\"Air &amp; Fabric, Perfectly Fresh\",\"publisher\":{\"@id\":\"https:\\\/\\\/elixscent.com\\\/#organization\"},\"potentialAction\":[{\"@type\":\"SearchAction\",\"target\":{\"@type\":\"EntryPoint\",\"urlTemplate\":\"https:\\\/\\\/elixscent.com\\\/?s={search_term_string}\"},\"query-input\":{\"@type\":\"PropertyValueSpecification\",\"valueRequired\":true,\"valueName\":\"search_term_string\"}}],\"inLanguage\":\"pl-PL\"},{\"@type\":\"Organization\",\"@id\":\"https:\\\/\\\/elixscent.com\\\/#organization\",\"name\":\"ELIX air freshener manufacturer\",\"url\":\"https:\\\/\\\/elixscent.com\\\/\",\"logo\":{\"@type\":\"ImageObject\",\"inLanguage\":\"pl-PL\",\"@id\":\"https:\\\/\\\/elixscent.com\\\/#\\\/schema\\\/logo\\\/image\\\/\",\"url\":\"https:\\\/\\\/elixscent.com\\\/wp-content\\\/uploads\\\/elix_logo_1.0-_300.jpg\",\"contentUrl\":\"https:\\\/\\\/elixscent.com\\\/wp-content\\\/uploads\\\/elix_logo_1.0-_300.jpg\",\"width\":300,\"height\":257,\"caption\":\"ELIX air freshener manufacturer\"},\"image\":{\"@id\":\"https:\\\/\\\/elixscent.com\\\/#\\\/schema\\\/logo\\\/image\\\/\"},\"sameAs\":[\"https:\\\/\\\/www.linkedin.com\\\/company\\\/30084929\"]}]}<\/script>\n<!-- \/ Yoast SEO Premium plugin. -->","yoast_head_json":{"title":"Perfumy do prania firan Amarella z Odorano\u00ae","description":"Neutralizuje zapach tytoniu, st\u0119chlizny i zapachy kuchenne podczas prania i pozostawia czysty, przyjemny zapach. Do zas\u0142on, moskitier i woali. Krok 1 CurtainCare","robots":{"index":"index","follow":"follow","max-snippet":"max-snippet:-1","max-image-preview":"max-image-preview:large","max-video-preview":"max-video-preview:-1"},"canonical":"https:\/\/elixscent.com\/pl\/produkt\/perfumy-do-prania-firan-odorano\/","og_locale":"pl_PL","og_type":"article","og_title":"CURTAIN Laundry Perfume","og_description":"Neutralises tobacco, musty and kitchen odours during the wash and leaves a clean, pleasant scent. For curtains, nets and voiles. Step 1 of CurtainCare","og_url":"https:\/\/elixscent.com\/pl\/produkt\/perfumy-do-prania-firan-odorano\/","og_site_name":"ELiX EU air fresheners","article_modified_time":"2026-03-23T13:59:14+00:00","og_image":[{"width":210,"height":675,"url":"https:\/\/elixscent.com\/wp-content\/uploads\/WEBP_Amarella_Curtain_Laundry_Perfume_500ml_product_1.0.webp","type":"image\/webp"}],"twitter_card":"summary_large_image","twitter_misc":{"Szacowany czas czytania":"2 minuty"},"schema":{"@context":"https:\/\/schema.org","@graph":[{"@type":"WebPage","@id":"https:\/\/elixscent.com\/product\/curtain-laundry-perfume-odorano\/","url":"https:\/\/elixscent.com\/product\/curtain-laundry-perfume-odorano\/","name":"Perfumy do prania firan Amarella z Odorano\u00ae","isPartOf":{"@id":"https:\/\/elixscent.com\/#website"},"primaryImageOfPage":{"@id":"https:\/\/elixscent.com\/product\/curtain-laundry-perfume-odorano\/#primaryimage"},"image":{"@id":"https:\/\/elixscent.com\/product\/curtain-laundry-perfume-odorano\/#primaryimage"},"thumbnailUrl":"https:\/\/elixscent.com\/wp-content\/uploads\/WEBP_Amarella_Curtain_Laundry_Perfume_500ml_product_1.0.webp","datePublished":"2025-10-08T12:14:58+00:00","dateModified":"2026-03-23T13:59:14+00:00","description":"Neutralizuje zapach tytoniu, st\u0119chlizny i zapachy kuchenne podczas prania i pozostawia czysty, przyjemny zapach. Do zas\u0142on, moskitier i woali. Krok 1 CurtainCare","breadcrumb":{"@id":"https:\/\/elixscent.com\/product\/curtain-laundry-perfume-odorano\/#breadcrumb"},"inLanguage":"pl-PL","potentialAction":[{"@type":"ReadAction","target":["https:\/\/elixscent.com\/product\/curtain-laundry-perfume-odorano\/"]}]},{"@type":"ImageObject","inLanguage":"pl-PL","@id":"https:\/\/elixscent.com\/product\/curtain-laundry-perfume-odorano\/#primaryimage","url":"https:\/\/elixscent.com\/wp-content\/uploads\/WEBP_Amarella_Curtain_Laundry_Perfume_500ml_product_1.0.webp","contentUrl":"https:\/\/elixscent.com\/wp-content\/uploads\/WEBP_Amarella_Curtain_Laundry_Perfume_500ml_product_1.0.webp","width":210,"height":675,"caption":"curtain laundry perfume"},{"@type":"BreadcrumbList","@id":"https:\/\/elixscent.com\/product\/curtain-laundry-perfume-odorano\/#breadcrumb","itemListElement":[{"@type":"ListItem","position":1,"name":"Home","item":"https:\/\/elixscent.com\/"},{"@type":"ListItem","position":2,"name":"Products","item":"https:\/\/elixscent.com\/product\/"},{"@type":"ListItem","position":3,"name":"Curtain EasyCare Programme","item":"https:\/\/elixscent.com\/product-category\/curtain-care-no-iron\/"},{"@type":"ListItem","position":4,"name":"CURTAIN Laundry Perfume"}]},{"@type":"WebSite","@id":"https:\/\/elixscent.com\/#website","url":"https:\/\/elixscent.com\/","name":"Od\u015bwie\u017cacze powietrza ELiX EU","description":"Powietrze i tkaniny, idealnie \u015bwie\u017ce","publisher":{"@id":"https:\/\/elixscent.com\/#organization"},"potentialAction":[{"@type":"SearchAction","target":{"@type":"EntryPoint","urlTemplate":"https:\/\/elixscent.com\/?s={search_term_string}"},"query-input":{"@type":"PropertyValueSpecification","valueRequired":true,"valueName":"search_term_string"}}],"inLanguage":"pl-PL"},{"@type":"Organization","@id":"https:\/\/elixscent.com\/#organization","name":"Producent od\u015bwie\u017caczy powietrza ELIX","url":"https:\/\/elixscent.com\/","logo":{"@type":"ImageObject","inLanguage":"pl-PL","@id":"https:\/\/elixscent.com\/#\/schema\/logo\/image\/","url":"https:\/\/elixscent.com\/wp-content\/uploads\/elix_logo_1.0-_300.jpg","contentUrl":"https:\/\/elixscent.com\/wp-content\/uploads\/elix_logo_1.0-_300.jpg","width":300,"height":257,"caption":"ELIX air freshener manufacturer"},"image":{"@id":"https:\/\/elixscent.com\/#\/schema\/logo\/image\/"},"sameAs":["https:\/\/www.linkedin.com\/company\/30084929"]}]}},"_links":{"self":[{"href":"https:\/\/elixscent.com\/pl\/wp-json\/wp\/v2\/product\/59305","targetHints":{"allow":["GET"]}}],"collection":[{"href":"https:\/\/elixscent.com\/pl\/wp-json\/wp\/v2\/product"}],"about":[{"href":"https:\/\/elixscent.com\/pl\/wp-json\/wp\/v2\/types\/product"}],"version-history":[{"count":3,"href":"https:\/\/elixscent.com\/pl\/wp-json\/wp\/v2\/product\/59305\/revisions"}],"predecessor-version":[{"id":61048,"href":"https:\/\/elixscent.com\/pl\/wp-json\/wp\/v2\/product\/59305\/revisions\/61048"}],"wp:featuredmedia":[{"embeddable":true,"href":"https:\/\/elixscent.com\/pl\/wp-json\/wp\/v2\/media\/59306"}],"wp:attachment":[{"href":"https:\/\/elixscent.com\/pl\/wp-json\/wp\/v2\/media?parent=59305"}],"curies":[{"name":"wp","href":"https:\/\/api.w.org\/{rel}","templated":true}]}}