{"id":59300,"date":"2025-10-08T12:08:42","date_gmt":"2025-10-08T12:08:42","guid":{"rendered":"https:\/\/elixscent.com\/?post_type=product&#038;p=59300"},"modified":"2026-03-23T13:59:11","modified_gmt":"2026-03-23T13:59:11","slug":"srodek-do-usuwania-zagniecen-bez-zelazka","status":"publish","type":"product","link":"https:\/\/elixscent.com\/pl\/product\/curtain-crease-releaser-no-iron\/","title":{"rendered":"\u015arodek do usuwania zagniece\u0144 CURTAIN"},"content":{"rendered":"<p data-start=\"48\" data-end=\"378\">Pomi\u0144 desk\u0119 do prasowania. Ten delikatny spray wyg\u0142adza zagniecenia na zas\u0142onach, moskitierach i woalach w ci\u0105gu kilku minut. Po praniu, powiesi\u0107 jeszcze wilgotn\u0105 tkanin\u0119 i lekko spryska\u0107; gdy tkanina wyschnie, zmarszczki rozlu\u017ani\u0105 si\u0119, a naturalna draperia zostanie przywr\u00f3cona. Szybkoschn\u0105cy i niebrudz\u0105cy, pozostawia czyste, hotelowe wyko\u0144czenie z lekkim po\u0142yskiem. <strong data-start=\"355\" data-end=\"367\">Odorano\u00ae<\/strong> \u015bwie\u017co\u015b\u0107.<\/p>\n<p data-start=\"380\" data-end=\"402\"><strong data-start=\"380\" data-end=\"402\">Dlaczego to pokochasz<\/strong><\/p>\n<ul data-start=\"403\" data-end=\"613\">\n<li data-start=\"403\" data-end=\"449\">\n<p data-start=\"405\" data-end=\"449\"><strong data-start=\"405\" data-end=\"428\">Nie wymaga prasowania<\/strong> - spryska\u0107, wysuszy\u0107, gotowe<\/p>\n<\/li>\n<li data-start=\"450\" data-end=\"485\">\n<p data-start=\"452\" data-end=\"485\">Przywraca g\u0142adki, elegancki wygl\u0105d<\/p>\n<\/li>\n<li data-start=\"486\" data-end=\"524\">\n<p data-start=\"488\" data-end=\"524\">Dzia\u0142a na zas\u0142onach, siatkach i woalach<\/p>\n<\/li>\n<li data-start=\"525\" data-end=\"567\">\n<p data-start=\"527\" data-end=\"567\">Szybkoschn\u0105cy, niebrudz\u0105cy; \u0142atwy w u\u017cyciu<\/p>\n<\/li>\n<\/ul>\n<p data-start=\"615\" data-end=\"629\"><strong data-start=\"615\" data-end=\"629\">Jak u\u017cywa\u0107<\/strong><\/p>\n<ol data-start=\"630\" data-end=\"869\">\n<li data-start=\"630\" data-end=\"681\">\n<p data-start=\"633\" data-end=\"681\">\u015awie\u017co wyprane zas\u0142ony nale\u017cy powiesi\u0107, gdy s\u0105 jeszcze wilgotne.<\/p>\n<\/li>\n<li data-start=\"682\" data-end=\"747\">\n<p data-start=\"685\" data-end=\"747\">Trzyma\u0107 w odleg\u0142o\u015bci 30-40 cm od tkaniny i r\u00f3wnomiernie spryska\u0107 - nie nasyca\u0107.<\/p>\n<\/li>\n<li data-start=\"748\" data-end=\"869\">\n<p data-start=\"751\" data-end=\"869\">Delikatnie wyg\u0142ad\u017a r\u0119cznie i pozostaw do wyschni\u0119cia.<br data-start=\"794\" data-end=\"797\" \/><em data-start=\"797\" data-end=\"869\">Wskaz\u00f3wka: Na suchej tkaninie lekko spryska\u0107 i wyg\u0142adzi\u0107 r\u0119cznie; rezultaty mog\u0105 si\u0119 r\u00f3\u017cni\u0107.<\/em><\/p>\n<\/li>\n<\/ol>\n<p data-start=\"558\" data-end=\"696\" data-is-last-node=\"\" data-is-only-node=\"\">500ml spray<\/p>","protected":false},"featured_media":59303,"parent":0,"menu_order":0,"template":"","class_list":["post-59300","product","type-product","status-publish","has-post-thumbnail","hentry","product_category-curtain-care-no-iron"],"acf":[],"yoast_head":"<!-- This site is optimized with the Yoast SEO Premium plugin v27.2 (Yoast SEO v27.4) - https:\/\/yoast.com\/product\/yoast-seo-premium-wordpress\/ -->\n<title>Amarella Curtain Crease Releaser \u2013 No-Iron Curtain Spray<\/title>\n<meta name=\"description\" content=\"Smooth creases on curtains, nets and voiles without ironing. Spray onto damp fabric; wrinkles relax as they dry. Fast-drying, non-staining\" \/>\n<meta name=\"robots\" content=\"index, follow, max-snippet:-1, max-image-preview:large, max-video-preview:-1\" \/>\n<link rel=\"canonical\" href=\"https:\/\/elixscent.com\/pl\/produkt\/srodek-do-usuwania-zagniecen-bez-zelazka\/\" \/>\n<meta property=\"og:locale\" content=\"pl_PL\" \/>\n<meta property=\"og:type\" content=\"article\" \/>\n<meta property=\"og:title\" content=\"CURTAIN Crease Releaser\" \/>\n<meta property=\"og:description\" content=\"Smooth creases on curtains, nets and voiles without ironing. Spray onto damp fabric; wrinkles relax as they dry. Fast-drying, non-staining\" \/>\n<meta property=\"og:url\" content=\"https:\/\/elixscent.com\/pl\/produkt\/srodek-do-usuwania-zagniecen-bez-zelazka\/\" \/>\n<meta property=\"og:site_name\" content=\"ELiX EU air fresheners\" \/>\n<meta property=\"article:modified_time\" content=\"2026-03-23T13:59:11+00:00\" \/>\n<meta property=\"og:image\" content=\"https:\/\/elixscent.com\/wp-content\/uploads\/WEBP_Amarella_Curtain_Odor_Absorber_500ml_product_1.0-1.webp\" \/>\n\t<meta property=\"og:image:width\" content=\"350\" \/>\n\t<meta property=\"og:image:height\" content=\"807\" \/>\n\t<meta property=\"og:image:type\" content=\"image\/webp\" \/>\n<meta name=\"twitter:card\" content=\"summary_large_image\" \/>\n<meta name=\"twitter:label1\" content=\"Szacowany czas czytania\" \/>\n\t<meta name=\"twitter:data1\" content=\"1 minuta\" \/>\n<script type=\"application\/ld+json\" class=\"yoast-schema-graph\">{\"@context\":\"https:\\\/\\\/schema.org\",\"@graph\":[{\"@type\":\"WebPage\",\"@id\":\"https:\\\/\\\/elixscent.com\\\/product\\\/curtain-crease-releaser-no-iron\\\/\",\"url\":\"https:\\\/\\\/elixscent.com\\\/product\\\/curtain-crease-releaser-no-iron\\\/\",\"name\":\"Amarella Curtain Crease Releaser \u2013 No-Iron Curtain Spray\",\"isPartOf\":{\"@id\":\"https:\\\/\\\/elixscent.com\\\/#website\"},\"primaryImageOfPage\":{\"@id\":\"https:\\\/\\\/elixscent.com\\\/product\\\/curtain-crease-releaser-no-iron\\\/#primaryimage\"},\"image\":{\"@id\":\"https:\\\/\\\/elixscent.com\\\/product\\\/curtain-crease-releaser-no-iron\\\/#primaryimage\"},\"thumbnailUrl\":\"https:\\\/\\\/elixscent.com\\\/wp-content\\\/uploads\\\/WEBP_Amarella_Curtain_Odor_Absorber_500ml_product_1.0-1.webp\",\"datePublished\":\"2025-10-08T12:08:42+00:00\",\"dateModified\":\"2026-03-23T13:59:11+00:00\",\"description\":\"Smooth creases on curtains, nets and voiles without ironing. Spray onto damp fabric; wrinkles relax as they dry. Fast-drying, non-staining\",\"breadcrumb\":{\"@id\":\"https:\\\/\\\/elixscent.com\\\/product\\\/curtain-crease-releaser-no-iron\\\/#breadcrumb\"},\"inLanguage\":\"pl-PL\",\"potentialAction\":[{\"@type\":\"ReadAction\",\"target\":[\"https:\\\/\\\/elixscent.com\\\/product\\\/curtain-crease-releaser-no-iron\\\/\"]}]},{\"@type\":\"ImageObject\",\"inLanguage\":\"pl-PL\",\"@id\":\"https:\\\/\\\/elixscent.com\\\/product\\\/curtain-crease-releaser-no-iron\\\/#primaryimage\",\"url\":\"https:\\\/\\\/elixscent.com\\\/wp-content\\\/uploads\\\/WEBP_Amarella_Curtain_Odor_Absorber_500ml_product_1.0-1.webp\",\"contentUrl\":\"https:\\\/\\\/elixscent.com\\\/wp-content\\\/uploads\\\/WEBP_Amarella_Curtain_Odor_Absorber_500ml_product_1.0-1.webp\",\"width\":350,\"height\":807,\"caption\":\"Amarella Curtain crease releaser no ironing\"},{\"@type\":\"BreadcrumbList\",\"@id\":\"https:\\\/\\\/elixscent.com\\\/product\\\/curtain-crease-releaser-no-iron\\\/#breadcrumb\",\"itemListElement\":[{\"@type\":\"ListItem\",\"position\":1,\"name\":\"Home\",\"item\":\"https:\\\/\\\/elixscent.com\\\/\"},{\"@type\":\"ListItem\",\"position\":2,\"name\":\"Products\",\"item\":\"https:\\\/\\\/elixscent.com\\\/product\\\/\"},{\"@type\":\"ListItem\",\"position\":3,\"name\":\"Curtain EasyCare Programme\",\"item\":\"https:\\\/\\\/elixscent.com\\\/product-category\\\/curtain-care-no-iron\\\/\"},{\"@type\":\"ListItem\",\"position\":4,\"name\":\"CURTAIN Crease Releaser\"}]},{\"@type\":\"WebSite\",\"@id\":\"https:\\\/\\\/elixscent.com\\\/#website\",\"url\":\"https:\\\/\\\/elixscent.com\\\/\",\"name\":\"ELiX EU air fresheners\",\"description\":\"Air &amp; Fabric, Perfectly Fresh\",\"publisher\":{\"@id\":\"https:\\\/\\\/elixscent.com\\\/#organization\"},\"potentialAction\":[{\"@type\":\"SearchAction\",\"target\":{\"@type\":\"EntryPoint\",\"urlTemplate\":\"https:\\\/\\\/elixscent.com\\\/?s={search_term_string}\"},\"query-input\":{\"@type\":\"PropertyValueSpecification\",\"valueRequired\":true,\"valueName\":\"search_term_string\"}}],\"inLanguage\":\"pl-PL\"},{\"@type\":\"Organization\",\"@id\":\"https:\\\/\\\/elixscent.com\\\/#organization\",\"name\":\"ELIX air freshener manufacturer\",\"url\":\"https:\\\/\\\/elixscent.com\\\/\",\"logo\":{\"@type\":\"ImageObject\",\"inLanguage\":\"pl-PL\",\"@id\":\"https:\\\/\\\/elixscent.com\\\/#\\\/schema\\\/logo\\\/image\\\/\",\"url\":\"https:\\\/\\\/elixscent.com\\\/wp-content\\\/uploads\\\/elix_logo_1.0-_300.jpg\",\"contentUrl\":\"https:\\\/\\\/elixscent.com\\\/wp-content\\\/uploads\\\/elix_logo_1.0-_300.jpg\",\"width\":300,\"height\":257,\"caption\":\"ELIX air freshener manufacturer\"},\"image\":{\"@id\":\"https:\\\/\\\/elixscent.com\\\/#\\\/schema\\\/logo\\\/image\\\/\"},\"sameAs\":[\"https:\\\/\\\/www.linkedin.com\\\/company\\\/30084929\"]}]}<\/script>\n<!-- \/ Yoast SEO Premium plugin. -->","yoast_head_json":{"title":"Amarella Curtain Crease Releaser - Spray do firan bez \u017celazka","description":"Wyg\u0142adza zagniecenia na zas\u0142onach, moskitierach i woalach bez konieczno\u015bci prasowania. Rozpyli\u0107 na wilgotn\u0105 tkanin\u0119; zmarszczki rozlu\u017aniaj\u0105 si\u0119 podczas schni\u0119cia. Szybkoschn\u0105cy, nieplami\u0105cy","robots":{"index":"index","follow":"follow","max-snippet":"max-snippet:-1","max-image-preview":"max-image-preview:large","max-video-preview":"max-video-preview:-1"},"canonical":"https:\/\/elixscent.com\/pl\/produkt\/srodek-do-usuwania-zagniecen-bez-zelazka\/","og_locale":"pl_PL","og_type":"article","og_title":"CURTAIN Crease Releaser","og_description":"Smooth creases on curtains, nets and voiles without ironing. Spray onto damp fabric; wrinkles relax as they dry. Fast-drying, non-staining","og_url":"https:\/\/elixscent.com\/pl\/produkt\/srodek-do-usuwania-zagniecen-bez-zelazka\/","og_site_name":"ELiX EU air fresheners","article_modified_time":"2026-03-23T13:59:11+00:00","og_image":[{"width":350,"height":807,"url":"https:\/\/elixscent.com\/wp-content\/uploads\/WEBP_Amarella_Curtain_Odor_Absorber_500ml_product_1.0-1.webp","type":"image\/webp"}],"twitter_card":"summary_large_image","twitter_misc":{"Szacowany czas czytania":"1 minuta"},"schema":{"@context":"https:\/\/schema.org","@graph":[{"@type":"WebPage","@id":"https:\/\/elixscent.com\/product\/curtain-crease-releaser-no-iron\/","url":"https:\/\/elixscent.com\/product\/curtain-crease-releaser-no-iron\/","name":"Amarella Curtain Crease Releaser - Spray do firan bez \u017celazka","isPartOf":{"@id":"https:\/\/elixscent.com\/#website"},"primaryImageOfPage":{"@id":"https:\/\/elixscent.com\/product\/curtain-crease-releaser-no-iron\/#primaryimage"},"image":{"@id":"https:\/\/elixscent.com\/product\/curtain-crease-releaser-no-iron\/#primaryimage"},"thumbnailUrl":"https:\/\/elixscent.com\/wp-content\/uploads\/WEBP_Amarella_Curtain_Odor_Absorber_500ml_product_1.0-1.webp","datePublished":"2025-10-08T12:08:42+00:00","dateModified":"2026-03-23T13:59:11+00:00","description":"Wyg\u0142adza zagniecenia na zas\u0142onach, moskitierach i woalach bez konieczno\u015bci prasowania. Rozpyli\u0107 na wilgotn\u0105 tkanin\u0119; zmarszczki rozlu\u017aniaj\u0105 si\u0119 podczas schni\u0119cia. Szybkoschn\u0105cy, nieplami\u0105cy","breadcrumb":{"@id":"https:\/\/elixscent.com\/product\/curtain-crease-releaser-no-iron\/#breadcrumb"},"inLanguage":"pl-PL","potentialAction":[{"@type":"ReadAction","target":["https:\/\/elixscent.com\/product\/curtain-crease-releaser-no-iron\/"]}]},{"@type":"ImageObject","inLanguage":"pl-PL","@id":"https:\/\/elixscent.com\/product\/curtain-crease-releaser-no-iron\/#primaryimage","url":"https:\/\/elixscent.com\/wp-content\/uploads\/WEBP_Amarella_Curtain_Odor_Absorber_500ml_product_1.0-1.webp","contentUrl":"https:\/\/elixscent.com\/wp-content\/uploads\/WEBP_Amarella_Curtain_Odor_Absorber_500ml_product_1.0-1.webp","width":350,"height":807,"caption":"Amarella Curtain crease releaser no ironing"},{"@type":"BreadcrumbList","@id":"https:\/\/elixscent.com\/product\/curtain-crease-releaser-no-iron\/#breadcrumb","itemListElement":[{"@type":"ListItem","position":1,"name":"Home","item":"https:\/\/elixscent.com\/"},{"@type":"ListItem","position":2,"name":"Products","item":"https:\/\/elixscent.com\/product\/"},{"@type":"ListItem","position":3,"name":"Curtain EasyCare Programme","item":"https:\/\/elixscent.com\/product-category\/curtain-care-no-iron\/"},{"@type":"ListItem","position":4,"name":"CURTAIN Crease Releaser"}]},{"@type":"WebSite","@id":"https:\/\/elixscent.com\/#website","url":"https:\/\/elixscent.com\/","name":"Od\u015bwie\u017cacze powietrza ELiX EU","description":"Powietrze i tkaniny, idealnie \u015bwie\u017ce","publisher":{"@id":"https:\/\/elixscent.com\/#organization"},"potentialAction":[{"@type":"SearchAction","target":{"@type":"EntryPoint","urlTemplate":"https:\/\/elixscent.com\/?s={search_term_string}"},"query-input":{"@type":"PropertyValueSpecification","valueRequired":true,"valueName":"search_term_string"}}],"inLanguage":"pl-PL"},{"@type":"Organization","@id":"https:\/\/elixscent.com\/#organization","name":"Producent od\u015bwie\u017caczy powietrza ELIX","url":"https:\/\/elixscent.com\/","logo":{"@type":"ImageObject","inLanguage":"pl-PL","@id":"https:\/\/elixscent.com\/#\/schema\/logo\/image\/","url":"https:\/\/elixscent.com\/wp-content\/uploads\/elix_logo_1.0-_300.jpg","contentUrl":"https:\/\/elixscent.com\/wp-content\/uploads\/elix_logo_1.0-_300.jpg","width":300,"height":257,"caption":"ELIX air freshener manufacturer"},"image":{"@id":"https:\/\/elixscent.com\/#\/schema\/logo\/image\/"},"sameAs":["https:\/\/www.linkedin.com\/company\/30084929"]}]}},"_links":{"self":[{"href":"https:\/\/elixscent.com\/pl\/wp-json\/wp\/v2\/product\/59300","targetHints":{"allow":["GET"]}}],"collection":[{"href":"https:\/\/elixscent.com\/pl\/wp-json\/wp\/v2\/product"}],"about":[{"href":"https:\/\/elixscent.com\/pl\/wp-json\/wp\/v2\/types\/product"}],"version-history":[{"count":3,"href":"https:\/\/elixscent.com\/pl\/wp-json\/wp\/v2\/product\/59300\/revisions"}],"predecessor-version":[{"id":61049,"href":"https:\/\/elixscent.com\/pl\/wp-json\/wp\/v2\/product\/59300\/revisions\/61049"}],"wp:featuredmedia":[{"embeddable":true,"href":"https:\/\/elixscent.com\/pl\/wp-json\/wp\/v2\/media\/59303"}],"wp:attachment":[{"href":"https:\/\/elixscent.com\/pl\/wp-json\/wp\/v2\/media?parent=59300"}],"curies":[{"name":"wp","href":"https:\/\/api.w.org\/{rel}","templated":true}]}}