{"id":58346,"date":"2025-07-21T09:53:58","date_gmt":"2025-07-21T09:53:58","guid":{"rendered":"https:\/\/elixscent.com\/?post_type=product&#038;p=58346"},"modified":"2025-11-28T12:15:31","modified_gmt":"2025-11-28T12:15:31","slug":"amarella-hipoalergiczne-perfumy-laundy","status":"publish","type":"product","link":"https:\/\/elixscent.com\/pl\/product\/amarella-hypoallergenic-laundy-perfume\/","title":{"rendered":"AMARELLA Hipoalergiczne perfumy Laundy +"},"content":{"rendered":"<p data-start=\"55\" data-end=\"182\"><strong>Testowany dermatologicznie przez niezale\u017cne laboratorium<\/strong><\/p>\n<p data-start=\"55\" data-end=\"182\">\n<p data-start=\"55\" data-end=\"182\"><em data-start=\"55\" data-end=\"182\">500 ml = 50 precyzyjnie dozowanych pra\u0144 mi\u0119kko\u015bci, kontroli statycznej i \u015bwie\u017co\u015bci bez zmarszczek - teraz bezpieczne nawet dla najbardziej wra\u017cliwej sk\u00f3ry.<\/em><\/p>\n<p data-start=\"184\" data-end=\"534\">ELiX przeprojektowa\u0142 swoj\u0105 sygnatur\u0119 <em data-start=\"221\" data-end=\"243\">perfumowany olejek do prania<\/em> tworzy\u0107 <strong data-start=\"254\" data-end=\"284\">Perfumy Amarella Laundry +<\/strong>pierwszy wysoce wydajny zapach do prania, kt\u00f3ry jest jednocze\u015bnie <strong data-start=\"344\" data-end=\"361\">bez alergen\u00f3w<\/strong> i <strong data-start=\"366\" data-end=\"387\">wolne od mikroplastiku<\/strong>. Dost\u0119pny wy\u0142\u0105cznie w naszym charakterystycznym zapachu \"Smooth Cotton\" - czystym, lnianym akordzie, kt\u00f3ry nie zawiera deklarowanych alergen\u00f3w. Pojedyncza nakr\u0119tka o pojemno\u015bci 10 ml nadaje zapach standardowemu 4-kilogramowemu \u0142adunkowi, zapewniaj\u0105c do <strong data-start=\"457\" data-end=\"493\">50 cykli z jednej butelki 500 ml<\/strong>.<\/p>\n<h4 data-start=\"1656\" data-end=\"1675\">Jak to dzia\u0142a<\/h4>\n<p data-start=\"1677\" data-end=\"2134\">Skoncentrowane perfumy na bazie wody r\u00f3wnomiernie rozpraszaj\u0105 si\u0119 w ko\u0144cowym p\u0142ukaniu, wi\u0105\u017c\u0105c si\u0119 z w\u0142\u00f3knami bez pozostawiania t\u0142ustych pozosta\u0142o\u015bci. Zaawansowane \u015brodki powierzchniowo czynne zapewniaj\u0105 <strong data-start=\"1829\" data-end=\"1850\">Mi\u0119kki w dotyku uchwyt<\/strong>, podczas gdy modyfikatory antystatyczne neutralizuj\u0105 \u0142adunki powierzchniowe, aby utrzyma\u0107 swobodny przep\u0142yw tkanin. Wzmacniacz po\u015blizgu \u017celazka rozlu\u017ania w\u0142\u00f3kna, dzi\u0119ki czemu koszule prasuj\u0105 si\u0119 p\u0142asko w jednym przej\u015bciu. Wszystkie sk\u0142adniki s\u0105 kontrolowane w celu wykluczenia alergen\u00f3w zapachowych, ftalan\u00f3w, barwnik\u00f3w i silikon\u00f3w znajduj\u0105cych si\u0119 na li\u015bcie UE.<\/p>\n<p data-start=\"1677\" data-end=\"2134\">","protected":false},"featured_media":58347,"parent":0,"menu_order":0,"template":"","class_list":["post-58346","product","type-product","status-publish","has-post-thumbnail","hentry","product_category-in-wash-hypoallergenic-scent-booster","product_category-amarella_hypoallergenic"],"acf":[],"yoast_head":"<!-- This site is optimized with the Yoast SEO Premium plugin v27.4 (Yoast SEO v27.4) - https:\/\/yoast.com\/product\/yoast-seo-premium-wordpress\/ -->\n<title>Amarella Hypoallergenic Laundry Perfume Smooth Cotton 500ml<\/title>\n<meta name=\"description\" content=\"Allergen-free Hypoallergenic laundry perfume Smooth Cotton for sensitive skin. Softens fabric, anti-static, easy ironing, microplastic-free.\" \/>\n<meta name=\"robots\" content=\"index, follow, max-snippet:-1, max-image-preview:large, max-video-preview:-1\" \/>\n<link rel=\"canonical\" href=\"https:\/\/elixscent.com\/pl\/produkt\/amarella-hipoalergiczne-perfumy-laundy\/\" \/>\n<meta property=\"og:locale\" content=\"pl_PL\" \/>\n<meta property=\"og:type\" content=\"article\" \/>\n<meta property=\"og:title\" content=\"AMARELLA Hypoallergenic Laundy Perfume +\" \/>\n<meta property=\"og:description\" content=\"Allergen-free Hypoallergenic laundry perfume Smooth Cotton for sensitive skin. Softens fabric, anti-static, easy ironing, microplastic-free.\" \/>\n<meta property=\"og:url\" content=\"https:\/\/elixscent.com\/pl\/produkt\/amarella-hipoalergiczne-perfumy-laundy\/\" \/>\n<meta property=\"og:site_name\" content=\"ELiX EU air fresheners\" \/>\n<meta property=\"article:modified_time\" content=\"2025-11-28T12:15:31+00:00\" \/>\n<meta property=\"og:image\" content=\"https:\/\/elixscent.com\/wp-content\/uploads\/WEBP_Amarella500_HYPO_produkt_1.0.webp\" \/>\n\t<meta property=\"og:image:width\" content=\"210\" \/>\n\t<meta property=\"og:image:height\" content=\"675\" \/>\n\t<meta property=\"og:image:type\" content=\"image\/webp\" \/>\n<meta name=\"twitter:card\" content=\"summary_large_image\" \/>\n<meta name=\"twitter:label1\" content=\"Szacowany czas czytania\" \/>\n\t<meta name=\"twitter:data1\" content=\"2 minuty\" \/>\n<script type=\"application\/ld+json\" class=\"yoast-schema-graph\">{\"@context\":\"https:\\\/\\\/schema.org\",\"@graph\":[{\"@type\":\"WebPage\",\"@id\":\"https:\\\/\\\/elixscent.com\\\/product\\\/amarella-hypoallergenic-laundy-perfume\\\/\",\"url\":\"https:\\\/\\\/elixscent.com\\\/product\\\/amarella-hypoallergenic-laundy-perfume\\\/\",\"name\":\"Amarella Hypoallergenic Laundry Perfume Smooth Cotton 500ml\",\"isPartOf\":{\"@id\":\"https:\\\/\\\/elixscent.com\\\/#website\"},\"primaryImageOfPage\":{\"@id\":\"https:\\\/\\\/elixscent.com\\\/product\\\/amarella-hypoallergenic-laundy-perfume\\\/#primaryimage\"},\"image\":{\"@id\":\"https:\\\/\\\/elixscent.com\\\/product\\\/amarella-hypoallergenic-laundy-perfume\\\/#primaryimage\"},\"thumbnailUrl\":\"https:\\\/\\\/elixscent.com\\\/wp-content\\\/uploads\\\/WEBP_Amarella500_HYPO_produkt_1.0.webp\",\"datePublished\":\"2025-07-21T09:53:58+00:00\",\"dateModified\":\"2025-11-28T12:15:31+00:00\",\"description\":\"Allergen-free Hypoallergenic laundry perfume Smooth Cotton for sensitive skin. Softens fabric, anti-static, easy ironing, microplastic-free.\",\"breadcrumb\":{\"@id\":\"https:\\\/\\\/elixscent.com\\\/product\\\/amarella-hypoallergenic-laundy-perfume\\\/#breadcrumb\"},\"inLanguage\":\"pl-PL\",\"potentialAction\":[{\"@type\":\"ReadAction\",\"target\":[\"https:\\\/\\\/elixscent.com\\\/product\\\/amarella-hypoallergenic-laundy-perfume\\\/\"]}]},{\"@type\":\"ImageObject\",\"inLanguage\":\"pl-PL\",\"@id\":\"https:\\\/\\\/elixscent.com\\\/product\\\/amarella-hypoallergenic-laundy-perfume\\\/#primaryimage\",\"url\":\"https:\\\/\\\/elixscent.com\\\/wp-content\\\/uploads\\\/WEBP_Amarella500_HYPO_produkt_1.0.webp\",\"contentUrl\":\"https:\\\/\\\/elixscent.com\\\/wp-content\\\/uploads\\\/WEBP_Amarella500_HYPO_produkt_1.0.webp\",\"width\":210,\"height\":675,\"caption\":\"Amarella hypoallergenic laundry perfume\"},{\"@type\":\"BreadcrumbList\",\"@id\":\"https:\\\/\\\/elixscent.com\\\/product\\\/amarella-hypoallergenic-laundy-perfume\\\/#breadcrumb\",\"itemListElement\":[{\"@type\":\"ListItem\",\"position\":1,\"name\":\"Home\",\"item\":\"https:\\\/\\\/elixscent.com\\\/\"},{\"@type\":\"ListItem\",\"position\":2,\"name\":\"Products\",\"item\":\"https:\\\/\\\/elixscent.com\\\/product\\\/\"},{\"@type\":\"ListItem\",\"position\":3,\"name\":\"AMARELLA Hypoallergenic Laundry\",\"item\":\"https:\\\/\\\/elixscent.com\\\/product-category\\\/amarella_hypoallergenic\\\/\"},{\"@type\":\"ListItem\",\"position\":4,\"name\":\"In-Wash Hypoallergenic scent booster\",\"item\":\"https:\\\/\\\/elixscent.com\\\/product-category\\\/in-wash-hypoallergenic-scent-booster\\\/\"},{\"@type\":\"ListItem\",\"position\":5,\"name\":\"AMARELLA Hypoallergenic Laundy Perfume +\"}]},{\"@type\":\"WebSite\",\"@id\":\"https:\\\/\\\/elixscent.com\\\/#website\",\"url\":\"https:\\\/\\\/elixscent.com\\\/\",\"name\":\"ELiX EU air fresheners\",\"description\":\"Air &amp; Fabric, Perfectly Fresh\",\"publisher\":{\"@id\":\"https:\\\/\\\/elixscent.com\\\/#organization\"},\"potentialAction\":[{\"@type\":\"SearchAction\",\"target\":{\"@type\":\"EntryPoint\",\"urlTemplate\":\"https:\\\/\\\/elixscent.com\\\/?s={search_term_string}\"},\"query-input\":{\"@type\":\"PropertyValueSpecification\",\"valueRequired\":true,\"valueName\":\"search_term_string\"}}],\"inLanguage\":\"pl-PL\"},{\"@type\":\"Organization\",\"@id\":\"https:\\\/\\\/elixscent.com\\\/#organization\",\"name\":\"ELIX air freshener manufacturer\",\"url\":\"https:\\\/\\\/elixscent.com\\\/\",\"logo\":{\"@type\":\"ImageObject\",\"inLanguage\":\"pl-PL\",\"@id\":\"https:\\\/\\\/elixscent.com\\\/#\\\/schema\\\/logo\\\/image\\\/\",\"url\":\"https:\\\/\\\/elixscent.com\\\/wp-content\\\/uploads\\\/elix_logo_1.0-_300.jpg\",\"contentUrl\":\"https:\\\/\\\/elixscent.com\\\/wp-content\\\/uploads\\\/elix_logo_1.0-_300.jpg\",\"width\":300,\"height\":257,\"caption\":\"ELIX air freshener manufacturer\"},\"image\":{\"@id\":\"https:\\\/\\\/elixscent.com\\\/#\\\/schema\\\/logo\\\/image\\\/\"},\"sameAs\":[\"https:\\\/\\\/www.linkedin.com\\\/company\\\/30084929\"]}]}<\/script>\n<!-- \/ Yoast SEO Premium plugin. -->","yoast_head_json":{"title":"Hipoalergiczne perfumy do prania Amarella Smooth Cotton 500ml","description":"Bez alergen\u00f3w Hipoalergiczny p\u0142yn do prania G\u0142adka bawe\u0142na dla wra\u017cliwej sk\u00f3ry. Zmi\u0119kcza tkaniny, antystatyczna, u\u0142atwia prasowanie, nie zawiera mikroplastiku.","robots":{"index":"index","follow":"follow","max-snippet":"max-snippet:-1","max-image-preview":"max-image-preview:large","max-video-preview":"max-video-preview:-1"},"canonical":"https:\/\/elixscent.com\/pl\/produkt\/amarella-hipoalergiczne-perfumy-laundy\/","og_locale":"pl_PL","og_type":"article","og_title":"AMARELLA Hypoallergenic Laundy Perfume +","og_description":"Allergen-free Hypoallergenic laundry perfume Smooth Cotton for sensitive skin. Softens fabric, anti-static, easy ironing, microplastic-free.","og_url":"https:\/\/elixscent.com\/pl\/produkt\/amarella-hipoalergiczne-perfumy-laundy\/","og_site_name":"ELiX EU air fresheners","article_modified_time":"2025-11-28T12:15:31+00:00","og_image":[{"width":210,"height":675,"url":"https:\/\/elixscent.com\/wp-content\/uploads\/WEBP_Amarella500_HYPO_produkt_1.0.webp","type":"image\/webp"}],"twitter_card":"summary_large_image","twitter_misc":{"Szacowany czas czytania":"2 minuty"},"schema":{"@context":"https:\/\/schema.org","@graph":[{"@type":"WebPage","@id":"https:\/\/elixscent.com\/product\/amarella-hypoallergenic-laundy-perfume\/","url":"https:\/\/elixscent.com\/product\/amarella-hypoallergenic-laundy-perfume\/","name":"Hipoalergiczne perfumy do prania Amarella Smooth Cotton 500ml","isPartOf":{"@id":"https:\/\/elixscent.com\/#website"},"primaryImageOfPage":{"@id":"https:\/\/elixscent.com\/product\/amarella-hypoallergenic-laundy-perfume\/#primaryimage"},"image":{"@id":"https:\/\/elixscent.com\/product\/amarella-hypoallergenic-laundy-perfume\/#primaryimage"},"thumbnailUrl":"https:\/\/elixscent.com\/wp-content\/uploads\/WEBP_Amarella500_HYPO_produkt_1.0.webp","datePublished":"2025-07-21T09:53:58+00:00","dateModified":"2025-11-28T12:15:31+00:00","description":"Bez alergen\u00f3w Hipoalergiczny p\u0142yn do prania G\u0142adka bawe\u0142na dla wra\u017cliwej sk\u00f3ry. Zmi\u0119kcza tkaniny, antystatyczna, u\u0142atwia prasowanie, nie zawiera mikroplastiku.","breadcrumb":{"@id":"https:\/\/elixscent.com\/product\/amarella-hypoallergenic-laundy-perfume\/#breadcrumb"},"inLanguage":"pl-PL","potentialAction":[{"@type":"ReadAction","target":["https:\/\/elixscent.com\/product\/amarella-hypoallergenic-laundy-perfume\/"]}]},{"@type":"ImageObject","inLanguage":"pl-PL","@id":"https:\/\/elixscent.com\/product\/amarella-hypoallergenic-laundy-perfume\/#primaryimage","url":"https:\/\/elixscent.com\/wp-content\/uploads\/WEBP_Amarella500_HYPO_produkt_1.0.webp","contentUrl":"https:\/\/elixscent.com\/wp-content\/uploads\/WEBP_Amarella500_HYPO_produkt_1.0.webp","width":210,"height":675,"caption":"Amarella hypoallergenic laundry perfume"},{"@type":"BreadcrumbList","@id":"https:\/\/elixscent.com\/product\/amarella-hypoallergenic-laundy-perfume\/#breadcrumb","itemListElement":[{"@type":"ListItem","position":1,"name":"Home","item":"https:\/\/elixscent.com\/"},{"@type":"ListItem","position":2,"name":"Products","item":"https:\/\/elixscent.com\/product\/"},{"@type":"ListItem","position":3,"name":"AMARELLA Hypoallergenic Laundry","item":"https:\/\/elixscent.com\/product-category\/amarella_hypoallergenic\/"},{"@type":"ListItem","position":4,"name":"In-Wash Hypoallergenic scent booster","item":"https:\/\/elixscent.com\/product-category\/in-wash-hypoallergenic-scent-booster\/"},{"@type":"ListItem","position":5,"name":"AMARELLA Hypoallergenic Laundy Perfume +"}]},{"@type":"WebSite","@id":"https:\/\/elixscent.com\/#website","url":"https:\/\/elixscent.com\/","name":"Od\u015bwie\u017cacze powietrza ELiX EU","description":"Powietrze i tkaniny, idealnie \u015bwie\u017ce","publisher":{"@id":"https:\/\/elixscent.com\/#organization"},"potentialAction":[{"@type":"SearchAction","target":{"@type":"EntryPoint","urlTemplate":"https:\/\/elixscent.com\/?s={search_term_string}"},"query-input":{"@type":"PropertyValueSpecification","valueRequired":true,"valueName":"search_term_string"}}],"inLanguage":"pl-PL"},{"@type":"Organization","@id":"https:\/\/elixscent.com\/#organization","name":"Producent od\u015bwie\u017caczy powietrza ELIX","url":"https:\/\/elixscent.com\/","logo":{"@type":"ImageObject","inLanguage":"pl-PL","@id":"https:\/\/elixscent.com\/#\/schema\/logo\/image\/","url":"https:\/\/elixscent.com\/wp-content\/uploads\/elix_logo_1.0-_300.jpg","contentUrl":"https:\/\/elixscent.com\/wp-content\/uploads\/elix_logo_1.0-_300.jpg","width":300,"height":257,"caption":"ELIX air freshener manufacturer"},"image":{"@id":"https:\/\/elixscent.com\/#\/schema\/logo\/image\/"},"sameAs":["https:\/\/www.linkedin.com\/company\/30084929"]}]}},"_links":{"self":[{"href":"https:\/\/elixscent.com\/pl\/wp-json\/wp\/v2\/product\/58346","targetHints":{"allow":["GET"]}}],"collection":[{"href":"https:\/\/elixscent.com\/pl\/wp-json\/wp\/v2\/product"}],"about":[{"href":"https:\/\/elixscent.com\/pl\/wp-json\/wp\/v2\/types\/product"}],"version-history":[{"count":5,"href":"https:\/\/elixscent.com\/pl\/wp-json\/wp\/v2\/product\/58346\/revisions"}],"predecessor-version":[{"id":59763,"href":"https:\/\/elixscent.com\/pl\/wp-json\/wp\/v2\/product\/58346\/revisions\/59763"}],"wp:featuredmedia":[{"embeddable":true,"href":"https:\/\/elixscent.com\/pl\/wp-json\/wp\/v2\/media\/58347"}],"wp:attachment":[{"href":"https:\/\/elixscent.com\/pl\/wp-json\/wp\/v2\/media?parent=58346"}],"curies":[{"name":"wp","href":"https:\/\/api.w.org\/{rel}","templated":true}]}}