{"id":58053,"date":"2025-06-12T08:59:58","date_gmt":"2025-06-12T08:59:58","guid":{"rendered":"https:\/\/elixscent.com\/?post_type=product&#038;p=58053"},"modified":"2025-09-03T11:11:40","modified_gmt":"2025-09-03T11:11:40","slug":"mgielka-z-galaretkowatymi-perelkami","status":"publish","type":"product","link":"https:\/\/elixscent.com\/pl\/product\/mist-with-jelly-pearls-breeze\/","title":{"rendered":"MIST Shadow Bubbles Breeze &amp; Cedarwood"},"content":{"rendered":"<p><strong data-start=\"0\" data-end=\"54\">MIST Shadow Bubbles 250 ml - Bryza i drzewo cedrowe<\/strong><br data-start=\"54\" data-end=\"57\" \/>Potrz\u0105\u015bnij raz, aby zobaczy\u0107, jak p\u00f3\u0142przezroczyste \u017celowe per\u0142y wiruj\u0105, gruntuj\u0105c skoncentrowane olejki zapachowe w celu r\u00f3wnomiernego i d\u0142ugotrwa\u0142ego uwalniania. Jedno naci\u015bni\u0119cie rozpyla w powietrzu <strong data-start=\"221\" data-end=\"333\">rze\u015bki, zwiewny akord, w kt\u00f3rym zio\u0142owy ch\u0142\u00f3d \u0142\u0105czy si\u0119 z delikatnymi nutami kwiatowymi, zakotwiczonymi w g\u0142adkiej, pi\u017cmowej bazie z drzewa cedrowego<\/strong>. Efekt jest orze\u017awiaj\u0105cy jak morska bryza i koj\u0105cy jak suszone na s\u0142o\u0144cu drewno. Oparty na wodzie i niezawieraj\u0105cy ftalan\u00f3w, ten spray zapewnia natychmiastow\u0105, widoczn\u0105 \u015bwie\u017co\u015b\u0107 w salonach, biurach lub apartamentach go\u015bcinnych - nowoczesny zapach z nut\u0105 teatru.<\/p>","protected":false},"featured_media":58054,"parent":0,"menu_order":0,"template":"","class_list":["post-58053","product","type-product","status-publish","has-post-thumbnail","hentry","product_category-mist_jp","product_category-air-spray"],"acf":[],"yoast_head":"<!-- This site is optimized with the Yoast SEO Premium plugin v27.4 (Yoast SEO v27.4) - https:\/\/yoast.com\/product\/yoast-seo-premium-wordpress\/ -->\n<title>MIST Jelly Pearls Breeze &amp; Cedarwood Air Freshener 250 ml<\/title>\n<meta name=\"description\" content=\"Shake to activate visible Jelly Pearls and mist vibrant lime, mandarin, green apple &amp; peppermint. Long-lasting, water-based 250 ml citrus air freshener by ELiX.Shake to activate Jelly Pearls, then mist herbal breeze, soft florals &amp; cedarwood. Long-lasting, water-based 250 ml air freshener by ELiX.\" \/>\n<meta name=\"robots\" content=\"index, follow, max-snippet:-1, max-image-preview:large, max-video-preview:-1\" \/>\n<link rel=\"canonical\" href=\"https:\/\/elixscent.com\/pl\/produkt\/mgielka-z-galaretkowatymi-perelkami\/\" \/>\n<meta property=\"og:locale\" content=\"pl_PL\" \/>\n<meta property=\"og:type\" content=\"article\" \/>\n<meta property=\"og:title\" content=\"MIST Shadow Bubbles Breeze &amp; Cedarwood\" \/>\n<meta property=\"og:description\" content=\"Shake to activate visible Jelly Pearls and mist vibrant lime, mandarin, green apple &amp; peppermint. Long-lasting, water-based 250 ml citrus air freshener by ELiX.Shake to activate Jelly Pearls, then mist herbal breeze, soft florals &amp; cedarwood. Long-lasting, water-based 250 ml air freshener by ELiX.\" \/>\n<meta property=\"og:url\" content=\"https:\/\/elixscent.com\/pl\/produkt\/mgielka-z-galaretkowatymi-perelkami\/\" \/>\n<meta property=\"og:site_name\" content=\"ELiX EU air fresheners\" \/>\n<meta property=\"article:modified_time\" content=\"2025-09-03T11:11:40+00:00\" \/>\n<meta property=\"og:image\" content=\"https:\/\/elixscent.com\/wp-content\/uploads\/WEBP_JPMist_breeze_product_1.0.webp\" \/>\n\t<meta property=\"og:image:width\" content=\"290\" \/>\n\t<meta property=\"og:image:height\" content=\"791\" \/>\n\t<meta property=\"og:image:type\" content=\"image\/webp\" \/>\n<meta name=\"twitter:card\" content=\"summary_large_image\" \/>\n<meta name=\"twitter:label1\" content=\"Szacowany czas czytania\" \/>\n\t<meta name=\"twitter:data1\" content=\"1 minuta\" \/>\n<script type=\"application\/ld+json\" class=\"yoast-schema-graph\">{\"@context\":\"https:\\\/\\\/schema.org\",\"@graph\":[{\"@type\":\"WebPage\",\"@id\":\"https:\\\/\\\/elixscent.com\\\/product\\\/mist-with-jelly-pearls-breeze\\\/\",\"url\":\"https:\\\/\\\/elixscent.com\\\/product\\\/mist-with-jelly-pearls-breeze\\\/\",\"name\":\"MIST Jelly Pearls Breeze & Cedarwood Air Freshener 250 ml\",\"isPartOf\":{\"@id\":\"https:\\\/\\\/elixscent.com\\\/#website\"},\"primaryImageOfPage\":{\"@id\":\"https:\\\/\\\/elixscent.com\\\/product\\\/mist-with-jelly-pearls-breeze\\\/#primaryimage\"},\"image\":{\"@id\":\"https:\\\/\\\/elixscent.com\\\/product\\\/mist-with-jelly-pearls-breeze\\\/#primaryimage\"},\"thumbnailUrl\":\"https:\\\/\\\/elixscent.com\\\/wp-content\\\/uploads\\\/WEBP_JPMist_breeze_product_1.0.webp\",\"datePublished\":\"2025-06-12T08:59:58+00:00\",\"dateModified\":\"2025-09-03T11:11:40+00:00\",\"description\":\"Shake to activate visible Jelly Pearls and mist vibrant lime, mandarin, green apple & peppermint. Long-lasting, water-based 250 ml citrus air freshener by ELiX.Shake to activate Jelly Pearls, then mist herbal breeze, soft florals & cedarwood. Long-lasting, water-based 250 ml air freshener by ELiX.\",\"breadcrumb\":{\"@id\":\"https:\\\/\\\/elixscent.com\\\/product\\\/mist-with-jelly-pearls-breeze\\\/#breadcrumb\"},\"inLanguage\":\"pl-PL\",\"potentialAction\":[{\"@type\":\"ReadAction\",\"target\":[\"https:\\\/\\\/elixscent.com\\\/product\\\/mist-with-jelly-pearls-breeze\\\/\"]}]},{\"@type\":\"ImageObject\",\"inLanguage\":\"pl-PL\",\"@id\":\"https:\\\/\\\/elixscent.com\\\/product\\\/mist-with-jelly-pearls-breeze\\\/#primaryimage\",\"url\":\"https:\\\/\\\/elixscent.com\\\/wp-content\\\/uploads\\\/WEBP_JPMist_breeze_product_1.0.webp\",\"contentUrl\":\"https:\\\/\\\/elixscent.com\\\/wp-content\\\/uploads\\\/WEBP_JPMist_breeze_product_1.0.webp\",\"width\":290,\"height\":791,\"caption\":\"WEBP JPMist breeze product 1.0\"},{\"@type\":\"BreadcrumbList\",\"@id\":\"https:\\\/\\\/elixscent.com\\\/product\\\/mist-with-jelly-pearls-breeze\\\/#breadcrumb\",\"itemListElement\":[{\"@type\":\"ListItem\",\"position\":1,\"name\":\"Home\",\"item\":\"https:\\\/\\\/elixscent.com\\\/\"},{\"@type\":\"ListItem\",\"position\":2,\"name\":\"Products\",\"item\":\"https:\\\/\\\/elixscent.com\\\/product\\\/\"},{\"@type\":\"ListItem\",\"position\":3,\"name\":\"SPRAY AIR FRESHENERS\",\"item\":\"https:\\\/\\\/elixscent.com\\\/product-category\\\/air-spray\\\/\"},{\"@type\":\"ListItem\",\"position\":4,\"name\":\"MIST Shadow Bubbles\",\"item\":\"https:\\\/\\\/elixscent.com\\\/product-category\\\/mist_jp\\\/\"},{\"@type\":\"ListItem\",\"position\":5,\"name\":\"MIST Shadow Bubbles Breeze &#038; Cedarwood\"}]},{\"@type\":\"WebSite\",\"@id\":\"https:\\\/\\\/elixscent.com\\\/#website\",\"url\":\"https:\\\/\\\/elixscent.com\\\/\",\"name\":\"ELiX EU air fresheners\",\"description\":\"Air &amp; Fabric, Perfectly Fresh\",\"publisher\":{\"@id\":\"https:\\\/\\\/elixscent.com\\\/#organization\"},\"potentialAction\":[{\"@type\":\"SearchAction\",\"target\":{\"@type\":\"EntryPoint\",\"urlTemplate\":\"https:\\\/\\\/elixscent.com\\\/?s={search_term_string}\"},\"query-input\":{\"@type\":\"PropertyValueSpecification\",\"valueRequired\":true,\"valueName\":\"search_term_string\"}}],\"inLanguage\":\"pl-PL\"},{\"@type\":\"Organization\",\"@id\":\"https:\\\/\\\/elixscent.com\\\/#organization\",\"name\":\"ELIX air freshener manufacturer\",\"url\":\"https:\\\/\\\/elixscent.com\\\/\",\"logo\":{\"@type\":\"ImageObject\",\"inLanguage\":\"pl-PL\",\"@id\":\"https:\\\/\\\/elixscent.com\\\/#\\\/schema\\\/logo\\\/image\\\/\",\"url\":\"https:\\\/\\\/elixscent.com\\\/wp-content\\\/uploads\\\/elix_logo_1.0-_300.jpg\",\"contentUrl\":\"https:\\\/\\\/elixscent.com\\\/wp-content\\\/uploads\\\/elix_logo_1.0-_300.jpg\",\"width\":300,\"height\":257,\"caption\":\"ELIX air freshener manufacturer\"},\"image\":{\"@id\":\"https:\\\/\\\/elixscent.com\\\/#\\\/schema\\\/logo\\\/image\\\/\"},\"sameAs\":[\"https:\\\/\\\/www.linkedin.com\\\/company\\\/30084929\"]}]}<\/script>\n<!-- \/ Yoast SEO Premium plugin. -->","yoast_head_json":{"title":"Od\u015bwie\u017cacz powietrza MIST Jelly Pearls Breeze &amp; Cedarwood 250 ml","description":"Wstrz\u0105\u015bnij, aby aktywowa\u0107 widoczne \u017celowe pere\u0142ki, a nast\u0119pnie rozpyl intensywny zapach limonki, mandarynki, zielonego jab\u0142ka i mi\u0119ty pieprzowej. D\u0142ugotrwa\u0142y, cytrusowy od\u015bwie\u017cacz powietrza ELiX na bazie wody o pojemno\u015bci 250 ml. Wstrz\u0105\u015bnij, aby aktywowa\u0107 \u017celowe pere\u0142ki, a nast\u0119pnie rozpyl zio\u0142ow\u0105 bryz\u0119, delikatne kwiaty i drzewo cedrowe. D\u0142ugotrwa\u0142y, wodny od\u015bwie\u017cacz powietrza ELiX o pojemno\u015bci 250 ml.","robots":{"index":"index","follow":"follow","max-snippet":"max-snippet:-1","max-image-preview":"max-image-preview:large","max-video-preview":"max-video-preview:-1"},"canonical":"https:\/\/elixscent.com\/pl\/produkt\/mgielka-z-galaretkowatymi-perelkami\/","og_locale":"pl_PL","og_type":"article","og_title":"MIST Shadow Bubbles Breeze & Cedarwood","og_description":"Shake to activate visible Jelly Pearls and mist vibrant lime, mandarin, green apple & peppermint. Long-lasting, water-based 250 ml citrus air freshener by ELiX.Shake to activate Jelly Pearls, then mist herbal breeze, soft florals & cedarwood. Long-lasting, water-based 250 ml air freshener by ELiX.","og_url":"https:\/\/elixscent.com\/pl\/produkt\/mgielka-z-galaretkowatymi-perelkami\/","og_site_name":"ELiX EU air fresheners","article_modified_time":"2025-09-03T11:11:40+00:00","og_image":[{"width":290,"height":791,"url":"https:\/\/elixscent.com\/wp-content\/uploads\/WEBP_JPMist_breeze_product_1.0.webp","type":"image\/webp"}],"twitter_card":"summary_large_image","twitter_misc":{"Szacowany czas czytania":"1 minuta"},"schema":{"@context":"https:\/\/schema.org","@graph":[{"@type":"WebPage","@id":"https:\/\/elixscent.com\/product\/mist-with-jelly-pearls-breeze\/","url":"https:\/\/elixscent.com\/product\/mist-with-jelly-pearls-breeze\/","name":"Od\u015bwie\u017cacz powietrza MIST Jelly Pearls Breeze &amp; Cedarwood 250 ml","isPartOf":{"@id":"https:\/\/elixscent.com\/#website"},"primaryImageOfPage":{"@id":"https:\/\/elixscent.com\/product\/mist-with-jelly-pearls-breeze\/#primaryimage"},"image":{"@id":"https:\/\/elixscent.com\/product\/mist-with-jelly-pearls-breeze\/#primaryimage"},"thumbnailUrl":"https:\/\/elixscent.com\/wp-content\/uploads\/WEBP_JPMist_breeze_product_1.0.webp","datePublished":"2025-06-12T08:59:58+00:00","dateModified":"2025-09-03T11:11:40+00:00","description":"Wstrz\u0105\u015bnij, aby aktywowa\u0107 widoczne \u017celowe pere\u0142ki, a nast\u0119pnie rozpyl intensywny zapach limonki, mandarynki, zielonego jab\u0142ka i mi\u0119ty pieprzowej. D\u0142ugotrwa\u0142y, cytrusowy od\u015bwie\u017cacz powietrza ELiX na bazie wody o pojemno\u015bci 250 ml. Wstrz\u0105\u015bnij, aby aktywowa\u0107 \u017celowe pere\u0142ki, a nast\u0119pnie rozpyl zio\u0142ow\u0105 bryz\u0119, delikatne kwiaty i drzewo cedrowe. D\u0142ugotrwa\u0142y, wodny od\u015bwie\u017cacz powietrza ELiX o pojemno\u015bci 250 ml.","breadcrumb":{"@id":"https:\/\/elixscent.com\/product\/mist-with-jelly-pearls-breeze\/#breadcrumb"},"inLanguage":"pl-PL","potentialAction":[{"@type":"ReadAction","target":["https:\/\/elixscent.com\/product\/mist-with-jelly-pearls-breeze\/"]}]},{"@type":"ImageObject","inLanguage":"pl-PL","@id":"https:\/\/elixscent.com\/product\/mist-with-jelly-pearls-breeze\/#primaryimage","url":"https:\/\/elixscent.com\/wp-content\/uploads\/WEBP_JPMist_breeze_product_1.0.webp","contentUrl":"https:\/\/elixscent.com\/wp-content\/uploads\/WEBP_JPMist_breeze_product_1.0.webp","width":290,"height":791,"caption":"WEBP JPMist breeze product 1.0"},{"@type":"BreadcrumbList","@id":"https:\/\/elixscent.com\/product\/mist-with-jelly-pearls-breeze\/#breadcrumb","itemListElement":[{"@type":"ListItem","position":1,"name":"Home","item":"https:\/\/elixscent.com\/"},{"@type":"ListItem","position":2,"name":"Products","item":"https:\/\/elixscent.com\/product\/"},{"@type":"ListItem","position":3,"name":"SPRAY AIR FRESHENERS","item":"https:\/\/elixscent.com\/product-category\/air-spray\/"},{"@type":"ListItem","position":4,"name":"MIST Shadow Bubbles","item":"https:\/\/elixscent.com\/product-category\/mist_jp\/"},{"@type":"ListItem","position":5,"name":"MIST Shadow Bubbles Breeze &#038; Cedarwood"}]},{"@type":"WebSite","@id":"https:\/\/elixscent.com\/#website","url":"https:\/\/elixscent.com\/","name":"Od\u015bwie\u017cacze powietrza ELiX EU","description":"Powietrze i tkaniny, idealnie \u015bwie\u017ce","publisher":{"@id":"https:\/\/elixscent.com\/#organization"},"potentialAction":[{"@type":"SearchAction","target":{"@type":"EntryPoint","urlTemplate":"https:\/\/elixscent.com\/?s={search_term_string}"},"query-input":{"@type":"PropertyValueSpecification","valueRequired":true,"valueName":"search_term_string"}}],"inLanguage":"pl-PL"},{"@type":"Organization","@id":"https:\/\/elixscent.com\/#organization","name":"Producent od\u015bwie\u017caczy powietrza ELIX","url":"https:\/\/elixscent.com\/","logo":{"@type":"ImageObject","inLanguage":"pl-PL","@id":"https:\/\/elixscent.com\/#\/schema\/logo\/image\/","url":"https:\/\/elixscent.com\/wp-content\/uploads\/elix_logo_1.0-_300.jpg","contentUrl":"https:\/\/elixscent.com\/wp-content\/uploads\/elix_logo_1.0-_300.jpg","width":300,"height":257,"caption":"ELIX air freshener manufacturer"},"image":{"@id":"https:\/\/elixscent.com\/#\/schema\/logo\/image\/"},"sameAs":["https:\/\/www.linkedin.com\/company\/30084929"]}]}},"_links":{"self":[{"href":"https:\/\/elixscent.com\/pl\/wp-json\/wp\/v2\/product\/58053","targetHints":{"allow":["GET"]}}],"collection":[{"href":"https:\/\/elixscent.com\/pl\/wp-json\/wp\/v2\/product"}],"about":[{"href":"https:\/\/elixscent.com\/pl\/wp-json\/wp\/v2\/types\/product"}],"version-history":[{"count":4,"href":"https:\/\/elixscent.com\/pl\/wp-json\/wp\/v2\/product\/58053\/revisions"}],"predecessor-version":[{"id":58961,"href":"https:\/\/elixscent.com\/pl\/wp-json\/wp\/v2\/product\/58053\/revisions\/58961"}],"wp:featuredmedia":[{"embeddable":true,"href":"https:\/\/elixscent.com\/pl\/wp-json\/wp\/v2\/media\/58054"}],"wp:attachment":[{"href":"https:\/\/elixscent.com\/pl\/wp-json\/wp\/v2\/media?parent=58053"}],"curies":[{"name":"wp","href":"https:\/\/api.w.org\/{rel}","templated":true}]}}