{"id":58019,"date":"2025-06-10T11:52:19","date_gmt":"2025-06-10T11:52:19","guid":{"rendered":"https:\/\/elixscent.com\/?post_type=product&#038;p=58019"},"modified":"2026-01-20T13:41:47","modified_gmt":"2026-01-20T13:41:47","slug":"papierowe-perfumy-samochodowe-bonde-wild","status":"publish","type":"product","link":"https:\/\/elixscent.com\/pl\/product\/bonde-paper-car-perfume-wild\/","title":{"rendered":"Perfumy BOND\u00c9 Paper Car Wild courage"},"content":{"rendered":"<h2 data-start=\"0\" data-end=\"55\">Dzika odwaga (inspirowana <em data-start=\"37\" data-end=\"46\">Sauvage<\/em> by Dior)<\/h2>\n<p data-start=\"57\" data-end=\"434\">Uczucie, jakby\u015b czego\u015b chcia\u0142 <strong data-start=\"87\" data-end=\"132\">\u015bwie\u017cy, m\u0119ski i bez w\u0105tpienia premium<\/strong> - ale bez tego \u201cpodstawowego niebieskiego\u201d klimatu. <strong data-start=\"171\" data-end=\"187\">Dzika odwaga<\/strong> robi dok\u0142adnie to: uderza czyst\u0105, ostr\u0105 \u015bwie\u017co\u015bci\u0105, a nast\u0119pnie wprowadza aromatyczn\u0105, lekko pikantn\u0105 nut\u0119, kt\u00f3ra sprawia wra\u017cenie pewnej siebie i nowoczesnej. Wytrawny zapach jest g\u0142adki i drzewny z ciep\u0142ym bursztynowym podk\u0142adem - d\u0142ugotrwa\u0142y, elegancki i zawsze pod kontrol\u0105.<\/p>\n<p data-start=\"436\" data-end=\"521\">Je\u015bli celem jest: <strong data-start=\"452\" data-end=\"499\">\u201cSpraw, by samoch\u00f3d wydawa\u0142 si\u0119 drogi w 10 sekund\u201d<\/strong> - to jest tw\u00f3j zapach.<\/p>\n<p data-start=\"523\" data-end=\"651\"><em data-start=\"523\" data-end=\"651\">Zainspirowany zapachem wymienionym powy\u017cej; BONDE nie jest stowarzyszony, wspierany ani powi\u0105zany z odpowiednim w\u0142a\u015bcicielem marki.<\/em><\/p>\n<p data-start=\"523\" data-end=\"651\">\n<ul>\n<li data-start=\"995\" data-end=\"1054\">\n<p data-start=\"997\" data-end=\"1054\">Chcie\u0107 <strong data-start=\"1002\" data-end=\"1023\">\u015bwie\u017cy + m\u0119ski<\/strong>, ale nie \u201ctania woda po goleniu\u201d?<\/p>\n<\/li>\n<li data-start=\"1055\" data-end=\"1127\">\n<p data-start=\"1057\" data-end=\"1127\">Potrzebujesz zapachu, kt\u00f3ry pozostanie <strong data-start=\"1081\" data-end=\"1101\">Czysto\u015b\u0107 i klasa<\/strong> nawet w ciep\u0142ych wn\u0119trzach?<\/p>\n<\/li>\n<li data-start=\"1128\" data-end=\"1207\">\n<p data-start=\"1130\" data-end=\"1207\">Szukaj\u0105c jednej opcji, kt\u00f3r\u0105 wi\u0119kszo\u015b\u0107 ludzi natychmiast okre\u015bla jako <strong data-start=\"1193\" data-end=\"1206\">\u201cpremium\u201d<\/strong>?<\/p>\n<\/li>\n<\/ul>","protected":false},"featured_media":60325,"parent":0,"menu_order":0,"template":"","class_list":["post-58019","product","type-product","status-publish","has-post-thumbnail","hentry","product_category-bonde","product_category-perfumery_inspired","product_category-paper-air-fresheners"],"acf":[],"yoast_head":"<!-- This site is optimized with the Yoast SEO Premium plugin v27.4 (Yoast SEO v27.4) - https:\/\/yoast.com\/product\/yoast-seo-premium-wordpress\/ -->\n<title>BONDE Wild Courage \u2013 Luxury Paper Air Freshener<\/title>\n<meta name=\"description\" content=\"BONDE Wild Courage: a luxury paper air freshener inspired by Sauvage Dior. Crisp fresh notes, aromatic spice and woody amber for a premium signature.\" \/>\n<meta name=\"robots\" content=\"index, follow, max-snippet:-1, max-image-preview:large, max-video-preview:-1\" \/>\n<link rel=\"canonical\" href=\"https:\/\/elixscent.com\/pl\/produkt\/papierowe-perfumy-samochodowe-bonde-wild\/\" \/>\n<meta property=\"og:locale\" content=\"pl_PL\" \/>\n<meta property=\"og:type\" content=\"article\" \/>\n<meta property=\"og:title\" content=\"BOND\u00c9 Paper Car Perfume Wild courage\" \/>\n<meta property=\"og:description\" content=\"BONDE Wild Courage: a luxury paper air freshener inspired by Sauvage Dior. Crisp fresh notes, aromatic spice and woody amber for a premium signature.\" \/>\n<meta property=\"og:url\" content=\"https:\/\/elixscent.com\/pl\/produkt\/papierowe-perfumy-samochodowe-bonde-wild\/\" \/>\n<meta property=\"og:site_name\" content=\"ELiX EU air fresheners\" \/>\n<meta property=\"article:modified_time\" content=\"2026-01-20T13:41:47+00:00\" \/>\n<meta property=\"og:image\" content=\"https:\/\/elixscent.com\/wp-content\/uploads\/WEBP_BONDE_wild_courage_1.0-scaled.webp\" \/>\n\t<meta property=\"og:image:width\" content=\"2560\" \/>\n\t<meta property=\"og:image:height\" content=\"2560\" \/>\n\t<meta property=\"og:image:type\" content=\"image\/webp\" \/>\n<meta name=\"twitter:card\" content=\"summary_large_image\" \/>\n<meta name=\"twitter:label1\" content=\"Szacowany czas czytania\" \/>\n\t<meta name=\"twitter:data1\" content=\"1 minuta\" \/>\n<script type=\"application\/ld+json\" class=\"yoast-schema-graph\">{\"@context\":\"https:\\\/\\\/schema.org\",\"@graph\":[{\"@type\":\"WebPage\",\"@id\":\"https:\\\/\\\/elixscent.com\\\/product\\\/bonde-paper-car-perfume-wild\\\/\",\"url\":\"https:\\\/\\\/elixscent.com\\\/product\\\/bonde-paper-car-perfume-wild\\\/\",\"name\":\"BONDE Wild Courage \u2013 Luxury Paper Air Freshener\",\"isPartOf\":{\"@id\":\"https:\\\/\\\/elixscent.com\\\/#website\"},\"primaryImageOfPage\":{\"@id\":\"https:\\\/\\\/elixscent.com\\\/product\\\/bonde-paper-car-perfume-wild\\\/#primaryimage\"},\"image\":{\"@id\":\"https:\\\/\\\/elixscent.com\\\/product\\\/bonde-paper-car-perfume-wild\\\/#primaryimage\"},\"thumbnailUrl\":\"https:\\\/\\\/elixscent.com\\\/wp-content\\\/uploads\\\/WEBP_BONDE_wild_courage_1.0-scaled.webp\",\"datePublished\":\"2025-06-10T11:52:19+00:00\",\"dateModified\":\"2026-01-20T13:41:47+00:00\",\"description\":\"BONDE Wild Courage: a luxury paper air freshener inspired by Sauvage Dior. Crisp fresh notes, aromatic spice and woody amber for a premium signature.\",\"breadcrumb\":{\"@id\":\"https:\\\/\\\/elixscent.com\\\/product\\\/bonde-paper-car-perfume-wild\\\/#breadcrumb\"},\"inLanguage\":\"pl-PL\",\"potentialAction\":[{\"@type\":\"ReadAction\",\"target\":[\"https:\\\/\\\/elixscent.com\\\/product\\\/bonde-paper-car-perfume-wild\\\/\"]}]},{\"@type\":\"ImageObject\",\"inLanguage\":\"pl-PL\",\"@id\":\"https:\\\/\\\/elixscent.com\\\/product\\\/bonde-paper-car-perfume-wild\\\/#primaryimage\",\"url\":\"https:\\\/\\\/elixscent.com\\\/wp-content\\\/uploads\\\/WEBP_BONDE_wild_courage_1.0-scaled.webp\",\"contentUrl\":\"https:\\\/\\\/elixscent.com\\\/wp-content\\\/uploads\\\/WEBP_BONDE_wild_courage_1.0-scaled.webp\",\"width\":2560,\"height\":2560,\"caption\":\"BONDE Wild Courage luxury paper air freshener \u2013 fresh aromatic woody amber inspired\"},{\"@type\":\"BreadcrumbList\",\"@id\":\"https:\\\/\\\/elixscent.com\\\/product\\\/bonde-paper-car-perfume-wild\\\/#breadcrumb\",\"itemListElement\":[{\"@type\":\"ListItem\",\"position\":1,\"name\":\"Home\",\"item\":\"https:\\\/\\\/elixscent.com\\\/\"},{\"@type\":\"ListItem\",\"position\":2,\"name\":\"Products\",\"item\":\"https:\\\/\\\/elixscent.com\\\/product\\\/\"},{\"@type\":\"ListItem\",\"position\":3,\"name\":\"Perfumery-Inspired\",\"item\":\"https:\\\/\\\/elixscent.com\\\/product-category\\\/perfumery_inspired\\\/\"},{\"@type\":\"ListItem\",\"position\":4,\"name\":\"BOND\u00c9 Paper Car Perfume\",\"item\":\"https:\\\/\\\/elixscent.com\\\/product-category\\\/bonde\\\/\"},{\"@type\":\"ListItem\",\"position\":5,\"name\":\"BOND\u00c9 Paper Car Perfume Wild courage\"}]},{\"@type\":\"WebSite\",\"@id\":\"https:\\\/\\\/elixscent.com\\\/#website\",\"url\":\"https:\\\/\\\/elixscent.com\\\/\",\"name\":\"ELiX EU air fresheners\",\"description\":\"Air &amp; Fabric, Perfectly Fresh\",\"publisher\":{\"@id\":\"https:\\\/\\\/elixscent.com\\\/#organization\"},\"potentialAction\":[{\"@type\":\"SearchAction\",\"target\":{\"@type\":\"EntryPoint\",\"urlTemplate\":\"https:\\\/\\\/elixscent.com\\\/?s={search_term_string}\"},\"query-input\":{\"@type\":\"PropertyValueSpecification\",\"valueRequired\":true,\"valueName\":\"search_term_string\"}}],\"inLanguage\":\"pl-PL\"},{\"@type\":\"Organization\",\"@id\":\"https:\\\/\\\/elixscent.com\\\/#organization\",\"name\":\"ELIX air freshener manufacturer\",\"url\":\"https:\\\/\\\/elixscent.com\\\/\",\"logo\":{\"@type\":\"ImageObject\",\"inLanguage\":\"pl-PL\",\"@id\":\"https:\\\/\\\/elixscent.com\\\/#\\\/schema\\\/logo\\\/image\\\/\",\"url\":\"https:\\\/\\\/elixscent.com\\\/wp-content\\\/uploads\\\/elix_logo_1.0-_300.jpg\",\"contentUrl\":\"https:\\\/\\\/elixscent.com\\\/wp-content\\\/uploads\\\/elix_logo_1.0-_300.jpg\",\"width\":300,\"height\":257,\"caption\":\"ELIX air freshener manufacturer\"},\"image\":{\"@id\":\"https:\\\/\\\/elixscent.com\\\/#\\\/schema\\\/logo\\\/image\\\/\"},\"sameAs\":[\"https:\\\/\\\/www.linkedin.com\\\/company\\\/30084929\"]}]}<\/script>\n<!-- \/ Yoast SEO Premium plugin. -->","yoast_head_json":{"title":"BONDE Wild Courage - Luksusowy papierowy od\u015bwie\u017cacz powietrza","description":"BONDE Wild Courage: luksusowy papierowy od\u015bwie\u017cacz powietrza inspirowany Sauvage Dior. \u015awie\u017ce, rze\u015bkie nuty, aromatyczne przyprawy i drzewny bursztyn tworz\u0105 sygnatur\u0119 premium.","robots":{"index":"index","follow":"follow","max-snippet":"max-snippet:-1","max-image-preview":"max-image-preview:large","max-video-preview":"max-video-preview:-1"},"canonical":"https:\/\/elixscent.com\/pl\/produkt\/papierowe-perfumy-samochodowe-bonde-wild\/","og_locale":"pl_PL","og_type":"article","og_title":"BOND\u00c9 Paper Car Perfume Wild courage","og_description":"BONDE Wild Courage: a luxury paper air freshener inspired by Sauvage Dior. Crisp fresh notes, aromatic spice and woody amber for a premium signature.","og_url":"https:\/\/elixscent.com\/pl\/produkt\/papierowe-perfumy-samochodowe-bonde-wild\/","og_site_name":"ELiX EU air fresheners","article_modified_time":"2026-01-20T13:41:47+00:00","og_image":[{"width":2560,"height":2560,"url":"https:\/\/elixscent.com\/wp-content\/uploads\/WEBP_BONDE_wild_courage_1.0-scaled.webp","type":"image\/webp"}],"twitter_card":"summary_large_image","twitter_misc":{"Szacowany czas czytania":"1 minuta"},"schema":{"@context":"https:\/\/schema.org","@graph":[{"@type":"WebPage","@id":"https:\/\/elixscent.com\/product\/bonde-paper-car-perfume-wild\/","url":"https:\/\/elixscent.com\/product\/bonde-paper-car-perfume-wild\/","name":"BONDE Wild Courage - Luksusowy papierowy od\u015bwie\u017cacz powietrza","isPartOf":{"@id":"https:\/\/elixscent.com\/#website"},"primaryImageOfPage":{"@id":"https:\/\/elixscent.com\/product\/bonde-paper-car-perfume-wild\/#primaryimage"},"image":{"@id":"https:\/\/elixscent.com\/product\/bonde-paper-car-perfume-wild\/#primaryimage"},"thumbnailUrl":"https:\/\/elixscent.com\/wp-content\/uploads\/WEBP_BONDE_wild_courage_1.0-scaled.webp","datePublished":"2025-06-10T11:52:19+00:00","dateModified":"2026-01-20T13:41:47+00:00","description":"BONDE Wild Courage: luksusowy papierowy od\u015bwie\u017cacz powietrza inspirowany Sauvage Dior. \u015awie\u017ce, rze\u015bkie nuty, aromatyczne przyprawy i drzewny bursztyn tworz\u0105 sygnatur\u0119 premium.","breadcrumb":{"@id":"https:\/\/elixscent.com\/product\/bonde-paper-car-perfume-wild\/#breadcrumb"},"inLanguage":"pl-PL","potentialAction":[{"@type":"ReadAction","target":["https:\/\/elixscent.com\/product\/bonde-paper-car-perfume-wild\/"]}]},{"@type":"ImageObject","inLanguage":"pl-PL","@id":"https:\/\/elixscent.com\/product\/bonde-paper-car-perfume-wild\/#primaryimage","url":"https:\/\/elixscent.com\/wp-content\/uploads\/WEBP_BONDE_wild_courage_1.0-scaled.webp","contentUrl":"https:\/\/elixscent.com\/wp-content\/uploads\/WEBP_BONDE_wild_courage_1.0-scaled.webp","width":2560,"height":2560,"caption":"BONDE Wild Courage luxury paper air freshener \u2013 fresh aromatic woody amber inspired"},{"@type":"BreadcrumbList","@id":"https:\/\/elixscent.com\/product\/bonde-paper-car-perfume-wild\/#breadcrumb","itemListElement":[{"@type":"ListItem","position":1,"name":"Home","item":"https:\/\/elixscent.com\/"},{"@type":"ListItem","position":2,"name":"Products","item":"https:\/\/elixscent.com\/product\/"},{"@type":"ListItem","position":3,"name":"Perfumery-Inspired","item":"https:\/\/elixscent.com\/product-category\/perfumery_inspired\/"},{"@type":"ListItem","position":4,"name":"BOND\u00c9 Paper Car Perfume","item":"https:\/\/elixscent.com\/product-category\/bonde\/"},{"@type":"ListItem","position":5,"name":"BOND\u00c9 Paper Car Perfume Wild courage"}]},{"@type":"WebSite","@id":"https:\/\/elixscent.com\/#website","url":"https:\/\/elixscent.com\/","name":"Od\u015bwie\u017cacze powietrza ELiX EU","description":"Powietrze i tkaniny, idealnie \u015bwie\u017ce","publisher":{"@id":"https:\/\/elixscent.com\/#organization"},"potentialAction":[{"@type":"SearchAction","target":{"@type":"EntryPoint","urlTemplate":"https:\/\/elixscent.com\/?s={search_term_string}"},"query-input":{"@type":"PropertyValueSpecification","valueRequired":true,"valueName":"search_term_string"}}],"inLanguage":"pl-PL"},{"@type":"Organization","@id":"https:\/\/elixscent.com\/#organization","name":"Producent od\u015bwie\u017caczy powietrza ELIX","url":"https:\/\/elixscent.com\/","logo":{"@type":"ImageObject","inLanguage":"pl-PL","@id":"https:\/\/elixscent.com\/#\/schema\/logo\/image\/","url":"https:\/\/elixscent.com\/wp-content\/uploads\/elix_logo_1.0-_300.jpg","contentUrl":"https:\/\/elixscent.com\/wp-content\/uploads\/elix_logo_1.0-_300.jpg","width":300,"height":257,"caption":"ELIX air freshener manufacturer"},"image":{"@id":"https:\/\/elixscent.com\/#\/schema\/logo\/image\/"},"sameAs":["https:\/\/www.linkedin.com\/company\/30084929"]}]}},"_links":{"self":[{"href":"https:\/\/elixscent.com\/pl\/wp-json\/wp\/v2\/product\/58019","targetHints":{"allow":["GET"]}}],"collection":[{"href":"https:\/\/elixscent.com\/pl\/wp-json\/wp\/v2\/product"}],"about":[{"href":"https:\/\/elixscent.com\/pl\/wp-json\/wp\/v2\/types\/product"}],"version-history":[{"count":4,"href":"https:\/\/elixscent.com\/pl\/wp-json\/wp\/v2\/product\/58019\/revisions"}],"predecessor-version":[{"id":60331,"href":"https:\/\/elixscent.com\/pl\/wp-json\/wp\/v2\/product\/58019\/revisions\/60331"}],"wp:featuredmedia":[{"embeddable":true,"href":"https:\/\/elixscent.com\/pl\/wp-json\/wp\/v2\/media\/60325"}],"wp:attachment":[{"href":"https:\/\/elixscent.com\/pl\/wp-json\/wp\/v2\/media?parent=58019"}],"curies":[{"name":"wp","href":"https:\/\/api.w.org\/{rel}","templated":true}]}}