{"id":57987,"date":"2025-06-10T11:35:46","date_gmt":"2025-06-10T11:35:46","guid":{"rendered":"https:\/\/elixscent.com\/?post_type=product&#038;p=57987"},"modified":"2026-01-20T13:30:45","modified_gmt":"2026-01-20T13:30:45","slug":"papierowe-perfumy-samochodowe-bonde-heroes-earth","status":"publish","type":"product","link":"https:\/\/elixscent.com\/pl\/product\/bonde-paper-car-perfume-heroes-earth\/","title":{"rendered":"Perfumy BOND\u00c9 Paper Car Heroes of Earth"},"content":{"rendered":"<h2 data-start=\"0\" data-end=\"57\">Heroes of Earth (zainspirowany przez <em data-start=\"40\" data-end=\"56\">Terre d'Herm\u00e8s<\/em>)<\/h2>\n<p data-start=\"59\" data-end=\"441\">Potrzebujesz zapachu, kt\u00f3ry <em data-start=\"87\" data-end=\"94\">czysty<\/em>, <em data-start=\"96\" data-end=\"107\">pewny siebie<\/em> i <em data-start=\"112\" data-end=\"122\">doros\u0142y<\/em> - Nie g\u0142o\u015bny, nie s\u0142odki i zdecydowanie nie \u201cod\u015bwie\u017cacz powietrza\u201d. <strong data-start=\"182\" data-end=\"201\">Bohaterowie Ziemi<\/strong> jest w\u0142a\u015bnie do tego stworzone. Otwiera si\u0119 rze\u015bk\u0105 cytrusow\u0105 nut\u0105, po czym szybko ujawnia si\u0119 ugruntowany, mineralno-drzewny charakter z subteln\u0105 pikantn\u0105 kraw\u0119dzi\u0105. Finisz jest wytrawny, elegancki i d\u0142ugotrwa\u0142y - jak \u015bwie\u017ce powietrze nad ciep\u0142ym kamieniem i wypolerowanym drewnem.<\/p>\n<p data-start=\"443\" data-end=\"568\">Wygl\u0105da na to, \u017ce szukasz podpisu, kt\u00f3ry sprawi, \u017ce samoch\u00f3d b\u0119dzie si\u0119 czu\u0142 <em data-start=\"504\" data-end=\"515\">drogi<\/em> nie staraj\u0105c si\u0119 zbytnio. <strong data-start=\"541\" data-end=\"568\">To Heroes of Earth.<\/strong><\/p>\n<p data-start=\"570\" data-end=\"698\"><em data-start=\"570\" data-end=\"698\">Zainspirowany zapachem wymienionym powy\u017cej; BONDE nie jest stowarzyszony, wspierany ani powi\u0105zany z odpowiednim w\u0142a\u015bcicielem marki.<\/em><\/p>\n<p data-start=\"570\" data-end=\"698\">\n<ul>\n<li data-start=\"1044\" data-end=\"1100\">\n<p data-start=\"1046\" data-end=\"1100\">Szukam <strong data-start=\"1058\" data-end=\"1081\">\u015bwie\u017cy i m\u0119ski<\/strong>, ale nie sportowy?<\/p>\n<\/li>\n<li data-start=\"1101\" data-end=\"1166\">\n<p data-start=\"1103\" data-end=\"1166\">Chcie\u0107 <strong data-start=\"1108\" data-end=\"1125\">drewno + cytrusy<\/strong> to uczucie <strong data-start=\"1137\" data-end=\"1148\">premia<\/strong>, a nie syntetyczny?<\/p>\n<\/li>\n<li data-start=\"1167\" data-end=\"1254\">\n<p data-start=\"1169\" data-end=\"1254\">Wolisz zapach, kt\u00f3ry m\u00f3wi \u201cjako\u015b\u0107\u201d w ci\u0105gu pierwszych 10 sekund - i pozostaje elegancki po tym czasie?<\/p>\n<\/li>\n<\/ul>","protected":false},"featured_media":60304,"parent":0,"menu_order":0,"template":"","class_list":["post-57987","product","type-product","status-publish","has-post-thumbnail","hentry","product_category-bonde","product_category-perfumery_inspired"],"acf":[],"yoast_head":"<!-- This site is optimized with the Yoast SEO Premium plugin v27.2 (Yoast SEO v27.4) - https:\/\/yoast.com\/product\/yoast-seo-premium-wordpress\/ -->\n<title>Heroes of Earth BONDE | Luxury Woody Citrus Air Freshener<\/title>\n<meta name=\"description\" content=\"BONDE Heroes of Earth: a luxury paper air freshener inspired by Terre d\u2019Herm\u00e8s. Crisp citrus, mineral woods and a refined earthy-amber finish.\" \/>\n<meta name=\"robots\" content=\"index, follow, max-snippet:-1, max-image-preview:large, max-video-preview:-1\" \/>\n<link rel=\"canonical\" href=\"https:\/\/elixscent.com\/pl\/produkt\/papierowe-perfumy-samochodowe-bonde-heroes-earth\/\" \/>\n<meta property=\"og:locale\" content=\"pl_PL\" \/>\n<meta property=\"og:type\" content=\"article\" \/>\n<meta property=\"og:title\" content=\"BOND\u00c9 Paper Car Perfume Heroes of earth\" \/>\n<meta property=\"og:description\" content=\"BONDE Heroes of Earth: a luxury paper air freshener inspired by Terre d\u2019Herm\u00e8s. Crisp citrus, mineral woods and a refined earthy-amber finish.\" \/>\n<meta property=\"og:url\" content=\"https:\/\/elixscent.com\/pl\/produkt\/papierowe-perfumy-samochodowe-bonde-heroes-earth\/\" \/>\n<meta property=\"og:site_name\" content=\"ELiX EU air fresheners\" \/>\n<meta property=\"article:modified_time\" content=\"2026-01-20T13:30:45+00:00\" \/>\n<meta property=\"og:image\" content=\"https:\/\/elixscent.com\/wp-content\/uploads\/WEBP_BONDE_heroes_of_earth_1.0-scaled.webp\" \/>\n\t<meta property=\"og:image:width\" content=\"2560\" \/>\n\t<meta property=\"og:image:height\" content=\"2560\" \/>\n\t<meta property=\"og:image:type\" content=\"image\/webp\" \/>\n<meta name=\"twitter:card\" content=\"summary_large_image\" \/>\n<meta name=\"twitter:label1\" content=\"Szacowany czas czytania\" \/>\n\t<meta name=\"twitter:data1\" content=\"2 minuty\" \/>\n<script type=\"application\/ld+json\" class=\"yoast-schema-graph\">{\"@context\":\"https:\\\/\\\/schema.org\",\"@graph\":[{\"@type\":\"WebPage\",\"@id\":\"https:\\\/\\\/elixscent.com\\\/product\\\/bonde-paper-car-perfume-heroes-earth\\\/\",\"url\":\"https:\\\/\\\/elixscent.com\\\/product\\\/bonde-paper-car-perfume-heroes-earth\\\/\",\"name\":\"Heroes of Earth BONDE | Luxury Woody Citrus Air Freshener\",\"isPartOf\":{\"@id\":\"https:\\\/\\\/elixscent.com\\\/#website\"},\"primaryImageOfPage\":{\"@id\":\"https:\\\/\\\/elixscent.com\\\/product\\\/bonde-paper-car-perfume-heroes-earth\\\/#primaryimage\"},\"image\":{\"@id\":\"https:\\\/\\\/elixscent.com\\\/product\\\/bonde-paper-car-perfume-heroes-earth\\\/#primaryimage\"},\"thumbnailUrl\":\"https:\\\/\\\/elixscent.com\\\/wp-content\\\/uploads\\\/WEBP_BONDE_heroes_of_earth_1.0-scaled.webp\",\"datePublished\":\"2025-06-10T11:35:46+00:00\",\"dateModified\":\"2026-01-20T13:30:45+00:00\",\"description\":\"BONDE Heroes of Earth: a luxury paper air freshener inspired by Terre d\u2019Herm\u00e8s. Crisp citrus, mineral woods and a refined earthy-amber finish.\",\"breadcrumb\":{\"@id\":\"https:\\\/\\\/elixscent.com\\\/product\\\/bonde-paper-car-perfume-heroes-earth\\\/#breadcrumb\"},\"inLanguage\":\"pl-PL\",\"potentialAction\":[{\"@type\":\"ReadAction\",\"target\":[\"https:\\\/\\\/elixscent.com\\\/product\\\/bonde-paper-car-perfume-heroes-earth\\\/\"]}]},{\"@type\":\"ImageObject\",\"inLanguage\":\"pl-PL\",\"@id\":\"https:\\\/\\\/elixscent.com\\\/product\\\/bonde-paper-car-perfume-heroes-earth\\\/#primaryimage\",\"url\":\"https:\\\/\\\/elixscent.com\\\/wp-content\\\/uploads\\\/WEBP_BONDE_heroes_of_earth_1.0-scaled.webp\",\"contentUrl\":\"https:\\\/\\\/elixscent.com\\\/wp-content\\\/uploads\\\/WEBP_BONDE_heroes_of_earth_1.0-scaled.webp\",\"width\":2560,\"height\":2560,\"caption\":\"BONDE Heroes of Earth luxury paper air freshener \u2013 woody citrus mineral inspired scent\"},{\"@type\":\"BreadcrumbList\",\"@id\":\"https:\\\/\\\/elixscent.com\\\/product\\\/bonde-paper-car-perfume-heroes-earth\\\/#breadcrumb\",\"itemListElement\":[{\"@type\":\"ListItem\",\"position\":1,\"name\":\"Home\",\"item\":\"https:\\\/\\\/elixscent.com\\\/\"},{\"@type\":\"ListItem\",\"position\":2,\"name\":\"Products\",\"item\":\"https:\\\/\\\/elixscent.com\\\/product\\\/\"},{\"@type\":\"ListItem\",\"position\":3,\"name\":\"Perfumery-Inspired\",\"item\":\"https:\\\/\\\/elixscent.com\\\/product-category\\\/perfumery_inspired\\\/\"},{\"@type\":\"ListItem\",\"position\":4,\"name\":\"BOND\u00c9 Paper Car Perfume\",\"item\":\"https:\\\/\\\/elixscent.com\\\/product-category\\\/bonde\\\/\"},{\"@type\":\"ListItem\",\"position\":5,\"name\":\"BOND\u00c9 Paper Car Perfume Heroes of earth\"}]},{\"@type\":\"WebSite\",\"@id\":\"https:\\\/\\\/elixscent.com\\\/#website\",\"url\":\"https:\\\/\\\/elixscent.com\\\/\",\"name\":\"ELiX EU air fresheners\",\"description\":\"Air &amp; Fabric, Perfectly Fresh\",\"publisher\":{\"@id\":\"https:\\\/\\\/elixscent.com\\\/#organization\"},\"potentialAction\":[{\"@type\":\"SearchAction\",\"target\":{\"@type\":\"EntryPoint\",\"urlTemplate\":\"https:\\\/\\\/elixscent.com\\\/?s={search_term_string}\"},\"query-input\":{\"@type\":\"PropertyValueSpecification\",\"valueRequired\":true,\"valueName\":\"search_term_string\"}}],\"inLanguage\":\"pl-PL\"},{\"@type\":\"Organization\",\"@id\":\"https:\\\/\\\/elixscent.com\\\/#organization\",\"name\":\"ELIX air freshener manufacturer\",\"url\":\"https:\\\/\\\/elixscent.com\\\/\",\"logo\":{\"@type\":\"ImageObject\",\"inLanguage\":\"pl-PL\",\"@id\":\"https:\\\/\\\/elixscent.com\\\/#\\\/schema\\\/logo\\\/image\\\/\",\"url\":\"https:\\\/\\\/elixscent.com\\\/wp-content\\\/uploads\\\/elix_logo_1.0-_300.jpg\",\"contentUrl\":\"https:\\\/\\\/elixscent.com\\\/wp-content\\\/uploads\\\/elix_logo_1.0-_300.jpg\",\"width\":300,\"height\":257,\"caption\":\"ELIX air freshener manufacturer\"},\"image\":{\"@id\":\"https:\\\/\\\/elixscent.com\\\/#\\\/schema\\\/logo\\\/image\\\/\"},\"sameAs\":[\"https:\\\/\\\/www.linkedin.com\\\/company\\\/30084929\"]}]}<\/script>\n<!-- \/ Yoast SEO Premium plugin. -->","yoast_head_json":{"title":"Od\u015bwie\u017cacz powietrza Heroes of Earth BONDE | Luxury Woody Citrus","description":"BONDE Heroes of Earth: luksusowy papierowy od\u015bwie\u017cacz powietrza inspirowany Terre d'Herm\u00e8s. Wyraziste cytrusy, mineralne drewno i wyrafinowane ziemisto-bursztynowe wyko\u0144czenie.","robots":{"index":"index","follow":"follow","max-snippet":"max-snippet:-1","max-image-preview":"max-image-preview:large","max-video-preview":"max-video-preview:-1"},"canonical":"https:\/\/elixscent.com\/pl\/produkt\/papierowe-perfumy-samochodowe-bonde-heroes-earth\/","og_locale":"pl_PL","og_type":"article","og_title":"BOND\u00c9 Paper Car Perfume Heroes of earth","og_description":"BONDE Heroes of Earth: a luxury paper air freshener inspired by Terre d\u2019Herm\u00e8s. Crisp citrus, mineral woods and a refined earthy-amber finish.","og_url":"https:\/\/elixscent.com\/pl\/produkt\/papierowe-perfumy-samochodowe-bonde-heroes-earth\/","og_site_name":"ELiX EU air fresheners","article_modified_time":"2026-01-20T13:30:45+00:00","og_image":[{"width":2560,"height":2560,"url":"https:\/\/elixscent.com\/wp-content\/uploads\/WEBP_BONDE_heroes_of_earth_1.0-scaled.webp","type":"image\/webp"}],"twitter_card":"summary_large_image","twitter_misc":{"Szacowany czas czytania":"2 minuty"},"schema":{"@context":"https:\/\/schema.org","@graph":[{"@type":"WebPage","@id":"https:\/\/elixscent.com\/product\/bonde-paper-car-perfume-heroes-earth\/","url":"https:\/\/elixscent.com\/product\/bonde-paper-car-perfume-heroes-earth\/","name":"Od\u015bwie\u017cacz powietrza Heroes of Earth BONDE | Luxury Woody Citrus","isPartOf":{"@id":"https:\/\/elixscent.com\/#website"},"primaryImageOfPage":{"@id":"https:\/\/elixscent.com\/product\/bonde-paper-car-perfume-heroes-earth\/#primaryimage"},"image":{"@id":"https:\/\/elixscent.com\/product\/bonde-paper-car-perfume-heroes-earth\/#primaryimage"},"thumbnailUrl":"https:\/\/elixscent.com\/wp-content\/uploads\/WEBP_BONDE_heroes_of_earth_1.0-scaled.webp","datePublished":"2025-06-10T11:35:46+00:00","dateModified":"2026-01-20T13:30:45+00:00","description":"BONDE Heroes of Earth: luksusowy papierowy od\u015bwie\u017cacz powietrza inspirowany Terre d'Herm\u00e8s. Wyraziste cytrusy, mineralne drewno i wyrafinowane ziemisto-bursztynowe wyko\u0144czenie.","breadcrumb":{"@id":"https:\/\/elixscent.com\/product\/bonde-paper-car-perfume-heroes-earth\/#breadcrumb"},"inLanguage":"pl-PL","potentialAction":[{"@type":"ReadAction","target":["https:\/\/elixscent.com\/product\/bonde-paper-car-perfume-heroes-earth\/"]}]},{"@type":"ImageObject","inLanguage":"pl-PL","@id":"https:\/\/elixscent.com\/product\/bonde-paper-car-perfume-heroes-earth\/#primaryimage","url":"https:\/\/elixscent.com\/wp-content\/uploads\/WEBP_BONDE_heroes_of_earth_1.0-scaled.webp","contentUrl":"https:\/\/elixscent.com\/wp-content\/uploads\/WEBP_BONDE_heroes_of_earth_1.0-scaled.webp","width":2560,"height":2560,"caption":"BONDE Heroes of Earth luxury paper air freshener \u2013 woody citrus mineral inspired scent"},{"@type":"BreadcrumbList","@id":"https:\/\/elixscent.com\/product\/bonde-paper-car-perfume-heroes-earth\/#breadcrumb","itemListElement":[{"@type":"ListItem","position":1,"name":"Home","item":"https:\/\/elixscent.com\/"},{"@type":"ListItem","position":2,"name":"Products","item":"https:\/\/elixscent.com\/product\/"},{"@type":"ListItem","position":3,"name":"Perfumery-Inspired","item":"https:\/\/elixscent.com\/product-category\/perfumery_inspired\/"},{"@type":"ListItem","position":4,"name":"BOND\u00c9 Paper Car Perfume","item":"https:\/\/elixscent.com\/product-category\/bonde\/"},{"@type":"ListItem","position":5,"name":"BOND\u00c9 Paper Car Perfume Heroes of earth"}]},{"@type":"WebSite","@id":"https:\/\/elixscent.com\/#website","url":"https:\/\/elixscent.com\/","name":"Od\u015bwie\u017cacze powietrza ELiX EU","description":"Powietrze i tkaniny, idealnie \u015bwie\u017ce","publisher":{"@id":"https:\/\/elixscent.com\/#organization"},"potentialAction":[{"@type":"SearchAction","target":{"@type":"EntryPoint","urlTemplate":"https:\/\/elixscent.com\/?s={search_term_string}"},"query-input":{"@type":"PropertyValueSpecification","valueRequired":true,"valueName":"search_term_string"}}],"inLanguage":"pl-PL"},{"@type":"Organization","@id":"https:\/\/elixscent.com\/#organization","name":"Producent od\u015bwie\u017caczy powietrza ELIX","url":"https:\/\/elixscent.com\/","logo":{"@type":"ImageObject","inLanguage":"pl-PL","@id":"https:\/\/elixscent.com\/#\/schema\/logo\/image\/","url":"https:\/\/elixscent.com\/wp-content\/uploads\/elix_logo_1.0-_300.jpg","contentUrl":"https:\/\/elixscent.com\/wp-content\/uploads\/elix_logo_1.0-_300.jpg","width":300,"height":257,"caption":"ELIX air freshener manufacturer"},"image":{"@id":"https:\/\/elixscent.com\/#\/schema\/logo\/image\/"},"sameAs":["https:\/\/www.linkedin.com\/company\/30084929"]}]}},"_links":{"self":[{"href":"https:\/\/elixscent.com\/pl\/wp-json\/wp\/v2\/product\/57987","targetHints":{"allow":["GET"]}}],"collection":[{"href":"https:\/\/elixscent.com\/pl\/wp-json\/wp\/v2\/product"}],"about":[{"href":"https:\/\/elixscent.com\/pl\/wp-json\/wp\/v2\/types\/product"}],"version-history":[{"count":4,"href":"https:\/\/elixscent.com\/pl\/wp-json\/wp\/v2\/product\/57987\/revisions"}],"predecessor-version":[{"id":60310,"href":"https:\/\/elixscent.com\/pl\/wp-json\/wp\/v2\/product\/57987\/revisions\/60310"}],"wp:featuredmedia":[{"embeddable":true,"href":"https:\/\/elixscent.com\/pl\/wp-json\/wp\/v2\/media\/60304"}],"wp:attachment":[{"href":"https:\/\/elixscent.com\/pl\/wp-json\/wp\/v2\/media?parent=57987"}],"curies":[{"name":"wp","href":"https:\/\/api.w.org\/{rel}","templated":true}]}}