{"id":57975,"date":"2025-06-10T11:27:51","date_gmt":"2025-06-10T11:27:51","guid":{"rendered":"https:\/\/elixscent.com\/?post_type=product&#038;p=57975"},"modified":"2026-01-20T13:38:37","modified_gmt":"2026-01-20T13:38:37","slug":"bonde-paper-car-perfumy-noir-infusion","status":"publish","type":"product","link":"https:\/\/elixscent.com\/pl\/product\/bonde-paper-car-perfume-noir-infusion\/","title":{"rendered":"BOND\u00c9 Paper Car Perfume Noir infusion"},"content":{"rendered":"<h2 data-start=\"0\" data-end=\"74\">Noir Infusion (zainspirowany przez <em data-start=\"38\" data-end=\"51\">Czarne opium<\/em> Yves Saint Laurent)<\/h2>\n<p data-start=\"76\" data-end=\"536\">Wygl\u0105da na to, \u017ce szukasz czego\u015b, co sprawia wra\u017cenie <strong data-start=\"121\" data-end=\"160\">Bogaty, uzale\u017cniaj\u0105cy i \u201cgotowy na wiecz\u00f3r\u201d<\/strong> - nie jest to zwyk\u0142y s\u0142odki zapach, ale <em data-start=\"195\" data-end=\"206\">perfumeria<\/em> jeden z g\u0142\u0119bi\u0105. <strong data-start=\"223\" data-end=\"240\">Noir Infusion<\/strong> otwiera si\u0119 ciemn\u0105, b\u0142yszcz\u0105c\u0105 s\u0142odycz\u0105 i odrobin\u0105 jasno\u015bci, po czym szybko staje si\u0119 g\u0142adki i zmys\u0142owy, gdy ciep\u0142e nuty otulaj\u0105 przestrze\u0144 pewnym siebie, aksamitnym szlakiem. Wyko\u0144czenie jest kremowe, lekko gourmand i pi\u0119knie d\u0142ugotrwa\u0142e - rodzaj aromatu, kt\u00f3ry sprawia, \u017ce samoch\u00f3d czuje si\u0119 jak prywatny salon.<\/p>\n<p data-start=\"538\" data-end=\"641\">Je\u015bli chcesz zapachu, kt\u00f3ry m\u00f3wi <strong data-start=\"572\" data-end=\"593\">Luksus po zmroku<\/strong>... dok\u0142adnie o to chodzi w <strong data-start=\"623\" data-end=\"640\">Noir Infusion<\/strong>.<\/p>\n<p data-start=\"643\" data-end=\"771\"><em data-start=\"643\" data-end=\"771\">Zainspirowany zapachem wymienionym powy\u017cej; BONDE nie jest stowarzyszony, wspierany ani powi\u0105zany z odpowiednim w\u0142a\u015bcicielem marki.<\/em><\/p>\n<p data-start=\"643\" data-end=\"771\">\n<ul>\n<li data-start=\"1124\" data-end=\"1185\">\n<p data-start=\"1126\" data-end=\"1185\">Chcie\u0107 czego\u015b <strong data-start=\"1141\" data-end=\"1159\">seksowny i s\u0142odki<\/strong>, ale nadal <strong data-start=\"1171\" data-end=\"1182\">premia<\/strong>?<\/p>\n<\/li>\n<li data-start=\"1186\" data-end=\"1260\">\n<p data-start=\"1188\" data-end=\"1260\">Szukasz zapachu, kt\u00f3ry sprawia wra\u017cenie <strong data-start=\"1219\" data-end=\"1246\">jak markowe perfumy<\/strong>, a nie cukierki?<\/p>\n<\/li>\n<li data-start=\"1261\" data-end=\"1326\">\n<p data-start=\"1263\" data-end=\"1326\">Potrzebujesz zapachu, kt\u00f3ry pozostanie elegancki nawet po rozgrzaniu samochodu?<\/p>\n<\/li>\n<\/ul>","protected":false},"featured_media":60318,"parent":0,"menu_order":0,"template":"","class_list":["post-57975","product","type-product","status-publish","has-post-thumbnail","hentry","product_category-bonde","product_category-perfumery_inspired"],"acf":[],"yoast_head":"<!-- This site is optimized with the Yoast SEO Premium plugin v27.2 (Yoast SEO v27.4) - https:\/\/yoast.com\/product\/yoast-seo-premium-wordpress\/ -->\n<title>BONDE Noir Infusion \u2013 Luxury Paper Air Freshener<\/title>\n<meta name=\"description\" content=\"BONDE Noir Infusion: a luxury paper air freshener inspired by Black Opium. Dark sweet notes, warm florals and creamy vanilla woods for an evening-luxe vibe.\" \/>\n<meta name=\"robots\" content=\"index, follow, max-snippet:-1, max-image-preview:large, max-video-preview:-1\" \/>\n<link rel=\"canonical\" href=\"https:\/\/elixscent.com\/pl\/produkt\/bonde-paper-car-perfumy-noir-infusion\/\" \/>\n<meta property=\"og:locale\" content=\"pl_PL\" \/>\n<meta property=\"og:type\" content=\"article\" \/>\n<meta property=\"og:title\" content=\"BOND\u00c9 Paper Car Perfume Noir infusion\" \/>\n<meta property=\"og:description\" content=\"BONDE Noir Infusion: a luxury paper air freshener inspired by Black Opium. Dark sweet notes, warm florals and creamy vanilla woods for an evening-luxe vibe.\" \/>\n<meta property=\"og:url\" content=\"https:\/\/elixscent.com\/pl\/produkt\/bonde-paper-car-perfumy-noir-infusion\/\" \/>\n<meta property=\"og:site_name\" content=\"ELiX EU air fresheners\" \/>\n<meta property=\"article:modified_time\" content=\"2026-01-20T13:38:37+00:00\" \/>\n<meta property=\"og:image\" content=\"https:\/\/elixscent.com\/wp-content\/uploads\/WEBP_BONDE_noir_infusion_1.0-scaled.webp\" \/>\n\t<meta property=\"og:image:width\" content=\"2560\" \/>\n\t<meta property=\"og:image:height\" content=\"2560\" \/>\n\t<meta property=\"og:image:type\" content=\"image\/webp\" \/>\n<meta name=\"twitter:card\" content=\"summary_large_image\" \/>\n<meta name=\"twitter:label1\" content=\"Szacowany czas czytania\" \/>\n\t<meta name=\"twitter:data1\" content=\"2 minuty\" \/>\n<script type=\"application\/ld+json\" class=\"yoast-schema-graph\">{\"@context\":\"https:\\\/\\\/schema.org\",\"@graph\":[{\"@type\":\"WebPage\",\"@id\":\"https:\\\/\\\/elixscent.com\\\/product\\\/bonde-paper-car-perfume-noir-infusion\\\/\",\"url\":\"https:\\\/\\\/elixscent.com\\\/product\\\/bonde-paper-car-perfume-noir-infusion\\\/\",\"name\":\"BONDE Noir Infusion \u2013 Luxury Paper Air Freshener\",\"isPartOf\":{\"@id\":\"https:\\\/\\\/elixscent.com\\\/#website\"},\"primaryImageOfPage\":{\"@id\":\"https:\\\/\\\/elixscent.com\\\/product\\\/bonde-paper-car-perfume-noir-infusion\\\/#primaryimage\"},\"image\":{\"@id\":\"https:\\\/\\\/elixscent.com\\\/product\\\/bonde-paper-car-perfume-noir-infusion\\\/#primaryimage\"},\"thumbnailUrl\":\"https:\\\/\\\/elixscent.com\\\/wp-content\\\/uploads\\\/WEBP_BONDE_noir_infusion_1.0-scaled.webp\",\"datePublished\":\"2025-06-10T11:27:51+00:00\",\"dateModified\":\"2026-01-20T13:38:37+00:00\",\"description\":\"BONDE Noir Infusion: a luxury paper air freshener inspired by Black Opium. Dark sweet notes, warm florals and creamy vanilla woods for an evening-luxe vibe.\",\"breadcrumb\":{\"@id\":\"https:\\\/\\\/elixscent.com\\\/product\\\/bonde-paper-car-perfume-noir-infusion\\\/#breadcrumb\"},\"inLanguage\":\"pl-PL\",\"potentialAction\":[{\"@type\":\"ReadAction\",\"target\":[\"https:\\\/\\\/elixscent.com\\\/product\\\/bonde-paper-car-perfume-noir-infusion\\\/\"]}]},{\"@type\":\"ImageObject\",\"inLanguage\":\"pl-PL\",\"@id\":\"https:\\\/\\\/elixscent.com\\\/product\\\/bonde-paper-car-perfume-noir-infusion\\\/#primaryimage\",\"url\":\"https:\\\/\\\/elixscent.com\\\/wp-content\\\/uploads\\\/WEBP_BONDE_noir_infusion_1.0-scaled.webp\",\"contentUrl\":\"https:\\\/\\\/elixscent.com\\\/wp-content\\\/uploads\\\/WEBP_BONDE_noir_infusion_1.0-scaled.webp\",\"width\":2560,\"height\":2560,\"caption\":\"BONDE Noir Infusion luxury paper air freshener \u2013 warm sweet vanilla woods inspired scent\"},{\"@type\":\"BreadcrumbList\",\"@id\":\"https:\\\/\\\/elixscent.com\\\/product\\\/bonde-paper-car-perfume-noir-infusion\\\/#breadcrumb\",\"itemListElement\":[{\"@type\":\"ListItem\",\"position\":1,\"name\":\"Home\",\"item\":\"https:\\\/\\\/elixscent.com\\\/\"},{\"@type\":\"ListItem\",\"position\":2,\"name\":\"Products\",\"item\":\"https:\\\/\\\/elixscent.com\\\/product\\\/\"},{\"@type\":\"ListItem\",\"position\":3,\"name\":\"Perfumery-Inspired\",\"item\":\"https:\\\/\\\/elixscent.com\\\/product-category\\\/perfumery_inspired\\\/\"},{\"@type\":\"ListItem\",\"position\":4,\"name\":\"BOND\u00c9 Paper Car Perfume\",\"item\":\"https:\\\/\\\/elixscent.com\\\/product-category\\\/bonde\\\/\"},{\"@type\":\"ListItem\",\"position\":5,\"name\":\"BOND\u00c9 Paper Car Perfume Noir infusion\"}]},{\"@type\":\"WebSite\",\"@id\":\"https:\\\/\\\/elixscent.com\\\/#website\",\"url\":\"https:\\\/\\\/elixscent.com\\\/\",\"name\":\"ELiX EU air fresheners\",\"description\":\"Air &amp; Fabric, Perfectly Fresh\",\"publisher\":{\"@id\":\"https:\\\/\\\/elixscent.com\\\/#organization\"},\"potentialAction\":[{\"@type\":\"SearchAction\",\"target\":{\"@type\":\"EntryPoint\",\"urlTemplate\":\"https:\\\/\\\/elixscent.com\\\/?s={search_term_string}\"},\"query-input\":{\"@type\":\"PropertyValueSpecification\",\"valueRequired\":true,\"valueName\":\"search_term_string\"}}],\"inLanguage\":\"pl-PL\"},{\"@type\":\"Organization\",\"@id\":\"https:\\\/\\\/elixscent.com\\\/#organization\",\"name\":\"ELIX air freshener manufacturer\",\"url\":\"https:\\\/\\\/elixscent.com\\\/\",\"logo\":{\"@type\":\"ImageObject\",\"inLanguage\":\"pl-PL\",\"@id\":\"https:\\\/\\\/elixscent.com\\\/#\\\/schema\\\/logo\\\/image\\\/\",\"url\":\"https:\\\/\\\/elixscent.com\\\/wp-content\\\/uploads\\\/elix_logo_1.0-_300.jpg\",\"contentUrl\":\"https:\\\/\\\/elixscent.com\\\/wp-content\\\/uploads\\\/elix_logo_1.0-_300.jpg\",\"width\":300,\"height\":257,\"caption\":\"ELIX air freshener manufacturer\"},\"image\":{\"@id\":\"https:\\\/\\\/elixscent.com\\\/#\\\/schema\\\/logo\\\/image\\\/\"},\"sameAs\":[\"https:\\\/\\\/www.linkedin.com\\\/company\\\/30084929\"]}]}<\/script>\n<!-- \/ Yoast SEO Premium plugin. -->","yoast_head_json":{"title":"BONDE Noir Infusion - luksusowy papierowy od\u015bwie\u017cacz powietrza","description":"BONDE Noir Infusion: luksusowy papierowy od\u015bwie\u017cacz powietrza inspirowany Czarnym Opium. Ciemne s\u0142odkie nuty, ciep\u0142e kwiaty i kremowe drewno waniliowe zapewniaj\u0105 wieczorowo-luksusowy klimat.","robots":{"index":"index","follow":"follow","max-snippet":"max-snippet:-1","max-image-preview":"max-image-preview:large","max-video-preview":"max-video-preview:-1"},"canonical":"https:\/\/elixscent.com\/pl\/produkt\/bonde-paper-car-perfumy-noir-infusion\/","og_locale":"pl_PL","og_type":"article","og_title":"BOND\u00c9 Paper Car Perfume Noir infusion","og_description":"BONDE Noir Infusion: a luxury paper air freshener inspired by Black Opium. Dark sweet notes, warm florals and creamy vanilla woods for an evening-luxe vibe.","og_url":"https:\/\/elixscent.com\/pl\/produkt\/bonde-paper-car-perfumy-noir-infusion\/","og_site_name":"ELiX EU air fresheners","article_modified_time":"2026-01-20T13:38:37+00:00","og_image":[{"width":2560,"height":2560,"url":"https:\/\/elixscent.com\/wp-content\/uploads\/WEBP_BONDE_noir_infusion_1.0-scaled.webp","type":"image\/webp"}],"twitter_card":"summary_large_image","twitter_misc":{"Szacowany czas czytania":"2 minuty"},"schema":{"@context":"https:\/\/schema.org","@graph":[{"@type":"WebPage","@id":"https:\/\/elixscent.com\/product\/bonde-paper-car-perfume-noir-infusion\/","url":"https:\/\/elixscent.com\/product\/bonde-paper-car-perfume-noir-infusion\/","name":"BONDE Noir Infusion - luksusowy papierowy od\u015bwie\u017cacz powietrza","isPartOf":{"@id":"https:\/\/elixscent.com\/#website"},"primaryImageOfPage":{"@id":"https:\/\/elixscent.com\/product\/bonde-paper-car-perfume-noir-infusion\/#primaryimage"},"image":{"@id":"https:\/\/elixscent.com\/product\/bonde-paper-car-perfume-noir-infusion\/#primaryimage"},"thumbnailUrl":"https:\/\/elixscent.com\/wp-content\/uploads\/WEBP_BONDE_noir_infusion_1.0-scaled.webp","datePublished":"2025-06-10T11:27:51+00:00","dateModified":"2026-01-20T13:38:37+00:00","description":"BONDE Noir Infusion: luksusowy papierowy od\u015bwie\u017cacz powietrza inspirowany Czarnym Opium. Ciemne s\u0142odkie nuty, ciep\u0142e kwiaty i kremowe drewno waniliowe zapewniaj\u0105 wieczorowo-luksusowy klimat.","breadcrumb":{"@id":"https:\/\/elixscent.com\/product\/bonde-paper-car-perfume-noir-infusion\/#breadcrumb"},"inLanguage":"pl-PL","potentialAction":[{"@type":"ReadAction","target":["https:\/\/elixscent.com\/product\/bonde-paper-car-perfume-noir-infusion\/"]}]},{"@type":"ImageObject","inLanguage":"pl-PL","@id":"https:\/\/elixscent.com\/product\/bonde-paper-car-perfume-noir-infusion\/#primaryimage","url":"https:\/\/elixscent.com\/wp-content\/uploads\/WEBP_BONDE_noir_infusion_1.0-scaled.webp","contentUrl":"https:\/\/elixscent.com\/wp-content\/uploads\/WEBP_BONDE_noir_infusion_1.0-scaled.webp","width":2560,"height":2560,"caption":"BONDE Noir Infusion luxury paper air freshener \u2013 warm sweet vanilla woods inspired scent"},{"@type":"BreadcrumbList","@id":"https:\/\/elixscent.com\/product\/bonde-paper-car-perfume-noir-infusion\/#breadcrumb","itemListElement":[{"@type":"ListItem","position":1,"name":"Home","item":"https:\/\/elixscent.com\/"},{"@type":"ListItem","position":2,"name":"Products","item":"https:\/\/elixscent.com\/product\/"},{"@type":"ListItem","position":3,"name":"Perfumery-Inspired","item":"https:\/\/elixscent.com\/product-category\/perfumery_inspired\/"},{"@type":"ListItem","position":4,"name":"BOND\u00c9 Paper Car Perfume","item":"https:\/\/elixscent.com\/product-category\/bonde\/"},{"@type":"ListItem","position":5,"name":"BOND\u00c9 Paper Car Perfume Noir infusion"}]},{"@type":"WebSite","@id":"https:\/\/elixscent.com\/#website","url":"https:\/\/elixscent.com\/","name":"Od\u015bwie\u017cacze powietrza ELiX EU","description":"Powietrze i tkaniny, idealnie \u015bwie\u017ce","publisher":{"@id":"https:\/\/elixscent.com\/#organization"},"potentialAction":[{"@type":"SearchAction","target":{"@type":"EntryPoint","urlTemplate":"https:\/\/elixscent.com\/?s={search_term_string}"},"query-input":{"@type":"PropertyValueSpecification","valueRequired":true,"valueName":"search_term_string"}}],"inLanguage":"pl-PL"},{"@type":"Organization","@id":"https:\/\/elixscent.com\/#organization","name":"Producent od\u015bwie\u017caczy powietrza ELIX","url":"https:\/\/elixscent.com\/","logo":{"@type":"ImageObject","inLanguage":"pl-PL","@id":"https:\/\/elixscent.com\/#\/schema\/logo\/image\/","url":"https:\/\/elixscent.com\/wp-content\/uploads\/elix_logo_1.0-_300.jpg","contentUrl":"https:\/\/elixscent.com\/wp-content\/uploads\/elix_logo_1.0-_300.jpg","width":300,"height":257,"caption":"ELIX air freshener manufacturer"},"image":{"@id":"https:\/\/elixscent.com\/#\/schema\/logo\/image\/"},"sameAs":["https:\/\/www.linkedin.com\/company\/30084929"]}]}},"_links":{"self":[{"href":"https:\/\/elixscent.com\/pl\/wp-json\/wp\/v2\/product\/57975","targetHints":{"allow":["GET"]}}],"collection":[{"href":"https:\/\/elixscent.com\/pl\/wp-json\/wp\/v2\/product"}],"about":[{"href":"https:\/\/elixscent.com\/pl\/wp-json\/wp\/v2\/types\/product"}],"version-history":[{"count":4,"href":"https:\/\/elixscent.com\/pl\/wp-json\/wp\/v2\/product\/57975\/revisions"}],"predecessor-version":[{"id":60324,"href":"https:\/\/elixscent.com\/pl\/wp-json\/wp\/v2\/product\/57975\/revisions\/60324"}],"wp:featuredmedia":[{"embeddable":true,"href":"https:\/\/elixscent.com\/pl\/wp-json\/wp\/v2\/media\/60318"}],"wp:attachment":[{"href":"https:\/\/elixscent.com\/pl\/wp-json\/wp\/v2\/media?parent=57975"}],"curies":[{"name":"wp","href":"https:\/\/api.w.org\/{rel}","templated":true}]}}