{"id":56871,"date":"2025-03-26T14:20:05","date_gmt":"2025-03-26T14:20:05","guid":{"rendered":"https:\/\/elixscent.com\/?post_type=product&#038;p=56871"},"modified":"2025-08-01T07:58:04","modified_gmt":"2025-08-01T07:58:04","slug":"wzmacniacz-zapachu-prania-bloomingo","status":"publish","type":"product","link":"https:\/\/elixscent.com\/pl\/product\/laundry-scent-booster-bloomingo\/","title":{"rendered":"Wzmacniacz zapachu prania Bloomingo"},"content":{"rendered":"<p data-start=\"77\" data-end=\"371\">Do\u015bwiadcz esencji kwitn\u0105cej natury dzi\u0119ki <strong data-start=\"124\" data-end=\"146\">Amarella Bloomingo<\/strong> - zapach inspirowany bujnymi kwiatowymi ogrodami i orze\u017awiaj\u0105c\u0105 cytrusow\u0105 sk\u00f3rk\u0105. Ten wyj\u0105tkowy wzmacniacz zapachu otula Twoje pranie \u017cywym, d\u0142ugotrwa\u0142ym aromatem, kt\u00f3ry przynosi uczucie \u015bwie\u017cego wiosennego poranka podczas ka\u017cdego prania.<\/p>\n<h3 data-start=\"373\" data-end=\"413\"><strong data-start=\"377\" data-end=\"411\">Profil zapachowy - Bloomingo:<\/strong><\/h3>\n<ul data-start=\"414\" data-end=\"753\">\n<li data-start=\"414\" data-end=\"535\">\n<p data-start=\"416\" data-end=\"535\"><strong data-start=\"416\" data-end=\"430\">Nuty g\u0142owy:<\/strong> Musuj\u0105ca mieszanka soczystych cytrus\u00f3w i delikatnych akord\u00f3w owocowych, tworz\u0105ca podnosz\u0105ce na duchu pierwsze wra\u017cenie.<\/p>\n<\/li>\n<li data-start=\"536\" data-end=\"632\">\n<p data-start=\"538\" data-end=\"632\"><strong data-start=\"538\" data-end=\"554\">Nuty serca:<\/strong> Harmonijny bukiet kwitn\u0105cych kwiat\u00f3w, emanuj\u0105cy \u015bwie\u017co\u015bci\u0105 i elegancj\u0105.<\/p>\n<\/li>\n<li data-start=\"633\" data-end=\"753\">\n<p data-start=\"635\" data-end=\"753\"><strong data-start=\"635\" data-end=\"650\">Nuty bazy:<\/strong> Delikatne pi\u017cmowe tony, kt\u00f3re zwi\u0119kszaj\u0105 trwa\u0142o\u015b\u0107 zapachu, pozostawiaj\u0105c subtelny, wyrafinowany \u015blad.<\/p>\n<\/li>\n<\/ul>\n<h3 data-start=\"755\" data-end=\"795\"><strong data-start=\"759\" data-end=\"793\">Dlaczego warto wybra\u0107 Amarella Bloomingo?<\/strong><\/h3>\n<p data-start=\"796\" data-end=\"1266\">\u2714 <strong data-start=\"798\" data-end=\"818\">Brak mikrodrobin plastiku<\/strong> - Nie zawiera mikrokapsu\u0142ek zapachowych, kt\u00f3re zgodnie z przepisami UE s\u0105 klasyfikowane jako mikrodrobiny plastiku.<br data-start=\"915\" data-end=\"918\" \/>\u2714 <strong data-start=\"920\" data-end=\"946\">D\u0142ugotrwa\u0142a \u015bwie\u017co\u015b\u0107<\/strong> - Zaawansowana formu\u0142a zapewnia g\u0142\u0119bok\u0105 infuzj\u0119 tkaniny, aby zapach utrzymywa\u0142 si\u0119 przez wiele tygodni.<br data-start=\"1028\" data-end=\"1031\" \/>\u2714 <strong data-start=\"1033\" data-end=\"1068\">Bezpieczny dla wszystkich tkanin i maszyn<\/strong> - Dzia\u0142a bezproblemowo ze wszystkimi typami pralek i pralek, w tym z modelami HE.<br data-start=\"1156\" data-end=\"1159\" \/>\u2714 <strong data-start=\"1161\" data-end=\"1176\">\u0141atwy w u\u017cyciu<\/strong> - Wystarczy doda\u0107 pere\u0142ki do b\u0119bna pior\u0105cego i cieszy\u0107 si\u0119 wzmocnieniem zapachu bez wysi\u0142ku.<\/p>\n<p data-start=\"1268\" data-end=\"1390\">Zmie\u0144 swoj\u0105 rutyn\u0119 prania dzi\u0119ki <strong data-start=\"1304\" data-end=\"1326\">Amarella Bloomingo<\/strong> - idealne po\u0142\u0105czenie kwiatowej elegancji i orze\u017awiaj\u0105cej \u017cywio\u0142owo\u015bci.<\/p>","protected":false},"featured_media":56873,"parent":0,"menu_order":0,"template":"","class_list":["post-56871","product","type-product","status-publish","has-post-thumbnail","hentry","product_category-amarella_2","product_category-laundry_scent_booster"],"acf":[],"yoast_head":"<!-- This site is optimized with the Yoast SEO Premium plugin v27.4 (Yoast SEO v27.5) - https:\/\/yoast.com\/product\/yoast-seo-premium-wordpress\/ -->\n<title>Laundry Scent Booster for a Long-Lasting Aroma<\/title>\n<meta name=\"description\" content=\"Amarella Laundry Scent Booster Beads \u2013 370g (24 Doses). Key Features: Advanced Fragrance Technology \u2013 Ensures deep fabric penetration for an enduring scent experience. No Microcapsules \u2013 Microplastic-Free\" \/>\n<meta name=\"robots\" content=\"index, follow, max-snippet:-1, max-image-preview:large, max-video-preview:-1\" \/>\n<link rel=\"canonical\" href=\"https:\/\/elixscent.com\/pl\/produkt\/wzmacniacz-zapachu-prania-bloomingo\/\" \/>\n<meta property=\"og:locale\" content=\"pl_PL\" \/>\n<meta property=\"og:type\" content=\"article\" \/>\n<meta property=\"og:title\" content=\"Laundry Scent Booster Bloomingo\" \/>\n<meta property=\"og:description\" content=\"Amarella Laundry Scent Booster Beads \u2013 370g (24 Doses). Key Features: Advanced Fragrance Technology \u2013 Ensures deep fabric penetration for an enduring scent experience. No Microcapsules \u2013 Microplastic-Free\" \/>\n<meta property=\"og:url\" content=\"https:\/\/elixscent.com\/pl\/produkt\/wzmacniacz-zapachu-prania-bloomingo\/\" \/>\n<meta property=\"og:site_name\" content=\"ELiX EU air fresheners\" \/>\n<meta property=\"article:modified_time\" content=\"2025-08-01T07:58:04+00:00\" \/>\n<meta property=\"og:image\" content=\"https:\/\/elixscent.com\/wp-content\/uploads\/WEBP_Perfume_Beeds_bloomingo_1.1.webp\" \/>\n\t<meta property=\"og:image:width\" content=\"210\" \/>\n\t<meta property=\"og:image:height\" content=\"655\" \/>\n\t<meta property=\"og:image:type\" content=\"image\/webp\" \/>\n<meta name=\"twitter:card\" content=\"summary_large_image\" \/>\n<meta name=\"twitter:label1\" content=\"Szacowany czas czytania\" \/>\n\t<meta name=\"twitter:data1\" content=\"2 minuty\" \/>\n<script type=\"application\/ld+json\" class=\"yoast-schema-graph\">{\"@context\":\"https:\\\/\\\/schema.org\",\"@graph\":[{\"@type\":\"WebPage\",\"@id\":\"https:\\\/\\\/elixscent.com\\\/product\\\/laundry-scent-booster-bloomingo\\\/\",\"url\":\"https:\\\/\\\/elixscent.com\\\/product\\\/laundry-scent-booster-bloomingo\\\/\",\"name\":\"Laundry Scent Booster for a Long-Lasting Aroma\",\"isPartOf\":{\"@id\":\"https:\\\/\\\/elixscent.com\\\/#website\"},\"primaryImageOfPage\":{\"@id\":\"https:\\\/\\\/elixscent.com\\\/product\\\/laundry-scent-booster-bloomingo\\\/#primaryimage\"},\"image\":{\"@id\":\"https:\\\/\\\/elixscent.com\\\/product\\\/laundry-scent-booster-bloomingo\\\/#primaryimage\"},\"thumbnailUrl\":\"https:\\\/\\\/elixscent.com\\\/wp-content\\\/uploads\\\/WEBP_Perfume_Beeds_bloomingo_1.1.webp\",\"datePublished\":\"2025-03-26T14:20:05+00:00\",\"dateModified\":\"2025-08-01T07:58:04+00:00\",\"description\":\"Amarella Laundry Scent Booster Beads \u2013 370g (24 Doses). Key Features: Advanced Fragrance Technology \u2013 Ensures deep fabric penetration for an enduring scent experience. No Microcapsules \u2013 Microplastic-Free\",\"breadcrumb\":{\"@id\":\"https:\\\/\\\/elixscent.com\\\/product\\\/laundry-scent-booster-bloomingo\\\/#breadcrumb\"},\"inLanguage\":\"pl-PL\",\"potentialAction\":[{\"@type\":\"ReadAction\",\"target\":[\"https:\\\/\\\/elixscent.com\\\/product\\\/laundry-scent-booster-bloomingo\\\/\"]}]},{\"@type\":\"ImageObject\",\"inLanguage\":\"pl-PL\",\"@id\":\"https:\\\/\\\/elixscent.com\\\/product\\\/laundry-scent-booster-bloomingo\\\/#primaryimage\",\"url\":\"https:\\\/\\\/elixscent.com\\\/wp-content\\\/uploads\\\/WEBP_Perfume_Beeds_bloomingo_1.1.webp\",\"contentUrl\":\"https:\\\/\\\/elixscent.com\\\/wp-content\\\/uploads\\\/WEBP_Perfume_Beeds_bloomingo_1.1.webp\",\"width\":210,\"height\":655,\"caption\":\"WEBP Perfume Beeds bloomingo 1.1\"},{\"@type\":\"BreadcrumbList\",\"@id\":\"https:\\\/\\\/elixscent.com\\\/product\\\/laundry-scent-booster-bloomingo\\\/#breadcrumb\",\"itemListElement\":[{\"@type\":\"ListItem\",\"position\":1,\"name\":\"Home\",\"item\":\"https:\\\/\\\/elixscent.com\\\/\"},{\"@type\":\"ListItem\",\"position\":2,\"name\":\"Products\",\"item\":\"https:\\\/\\\/elixscent.com\\\/product\\\/\"},{\"@type\":\"ListItem\",\"position\":3,\"name\":\"AMARELLA scented laundry\",\"item\":\"https:\\\/\\\/elixscent.com\\\/product-category\\\/amarella_2\\\/\"},{\"@type\":\"ListItem\",\"position\":4,\"name\":\"In-Wash Scent Booster Beads\",\"item\":\"https:\\\/\\\/elixscent.com\\\/product-category\\\/laundry_scent_booster\\\/\"},{\"@type\":\"ListItem\",\"position\":5,\"name\":\"Laundry Scent Booster Bloomingo\"}]},{\"@type\":\"WebSite\",\"@id\":\"https:\\\/\\\/elixscent.com\\\/#website\",\"url\":\"https:\\\/\\\/elixscent.com\\\/\",\"name\":\"ELiX EU air fresheners\",\"description\":\"Air &amp; Fabric, Perfectly Fresh\",\"publisher\":{\"@id\":\"https:\\\/\\\/elixscent.com\\\/#organization\"},\"potentialAction\":[{\"@type\":\"SearchAction\",\"target\":{\"@type\":\"EntryPoint\",\"urlTemplate\":\"https:\\\/\\\/elixscent.com\\\/?s={search_term_string}\"},\"query-input\":{\"@type\":\"PropertyValueSpecification\",\"valueRequired\":true,\"valueName\":\"search_term_string\"}}],\"inLanguage\":\"pl-PL\"},{\"@type\":\"Organization\",\"@id\":\"https:\\\/\\\/elixscent.com\\\/#organization\",\"name\":\"ELIX air freshener manufacturer\",\"url\":\"https:\\\/\\\/elixscent.com\\\/\",\"logo\":{\"@type\":\"ImageObject\",\"inLanguage\":\"pl-PL\",\"@id\":\"https:\\\/\\\/elixscent.com\\\/#\\\/schema\\\/logo\\\/image\\\/\",\"url\":\"https:\\\/\\\/elixscent.com\\\/wp-content\\\/uploads\\\/elix_logo_1.0-_300.jpg\",\"contentUrl\":\"https:\\\/\\\/elixscent.com\\\/wp-content\\\/uploads\\\/elix_logo_1.0-_300.jpg\",\"width\":300,\"height\":257,\"caption\":\"ELIX air freshener manufacturer\"},\"image\":{\"@id\":\"https:\\\/\\\/elixscent.com\\\/#\\\/schema\\\/logo\\\/image\\\/\"},\"sameAs\":[\"https:\\\/\\\/www.linkedin.com\\\/company\\\/30084929\"]}]}<\/script>\n<!-- \/ Yoast SEO Premium plugin. -->","yoast_head_json":{"title":"Wzmacniacz zapachu prania dla d\u0142ugotrwa\u0142ego aromatu","description":"Amarella Laundry Scent Booster Beads - 370g (24 dawki). Kluczowe cechy: Zaawansowana technologia zapachowa - zapewnia g\u0142\u0119bok\u0105 penetracj\u0119 tkanin i d\u0142ugotrwa\u0142e doznania zapachowe. Bez mikrokapsu\u0142ek - bez mikroplastiku","robots":{"index":"index","follow":"follow","max-snippet":"max-snippet:-1","max-image-preview":"max-image-preview:large","max-video-preview":"max-video-preview:-1"},"canonical":"https:\/\/elixscent.com\/pl\/produkt\/wzmacniacz-zapachu-prania-bloomingo\/","og_locale":"pl_PL","og_type":"article","og_title":"Laundry Scent Booster Bloomingo","og_description":"Amarella Laundry Scent Booster Beads \u2013 370g (24 Doses). Key Features: Advanced Fragrance Technology \u2013 Ensures deep fabric penetration for an enduring scent experience. No Microcapsules \u2013 Microplastic-Free","og_url":"https:\/\/elixscent.com\/pl\/produkt\/wzmacniacz-zapachu-prania-bloomingo\/","og_site_name":"ELiX EU air fresheners","article_modified_time":"2025-08-01T07:58:04+00:00","og_image":[{"width":210,"height":655,"url":"https:\/\/elixscent.com\/wp-content\/uploads\/WEBP_Perfume_Beeds_bloomingo_1.1.webp","type":"image\/webp"}],"twitter_card":"summary_large_image","twitter_misc":{"Szacowany czas czytania":"2 minuty"},"schema":{"@context":"https:\/\/schema.org","@graph":[{"@type":"WebPage","@id":"https:\/\/elixscent.com\/product\/laundry-scent-booster-bloomingo\/","url":"https:\/\/elixscent.com\/product\/laundry-scent-booster-bloomingo\/","name":"Wzmacniacz zapachu prania dla d\u0142ugotrwa\u0142ego aromatu","isPartOf":{"@id":"https:\/\/elixscent.com\/#website"},"primaryImageOfPage":{"@id":"https:\/\/elixscent.com\/product\/laundry-scent-booster-bloomingo\/#primaryimage"},"image":{"@id":"https:\/\/elixscent.com\/product\/laundry-scent-booster-bloomingo\/#primaryimage"},"thumbnailUrl":"https:\/\/elixscent.com\/wp-content\/uploads\/WEBP_Perfume_Beeds_bloomingo_1.1.webp","datePublished":"2025-03-26T14:20:05+00:00","dateModified":"2025-08-01T07:58:04+00:00","description":"Amarella Laundry Scent Booster Beads - 370g (24 dawki). Kluczowe cechy: Zaawansowana technologia zapachowa - zapewnia g\u0142\u0119bok\u0105 penetracj\u0119 tkanin i d\u0142ugotrwa\u0142e doznania zapachowe. Bez mikrokapsu\u0142ek - bez mikroplastiku","breadcrumb":{"@id":"https:\/\/elixscent.com\/product\/laundry-scent-booster-bloomingo\/#breadcrumb"},"inLanguage":"pl-PL","potentialAction":[{"@type":"ReadAction","target":["https:\/\/elixscent.com\/product\/laundry-scent-booster-bloomingo\/"]}]},{"@type":"ImageObject","inLanguage":"pl-PL","@id":"https:\/\/elixscent.com\/product\/laundry-scent-booster-bloomingo\/#primaryimage","url":"https:\/\/elixscent.com\/wp-content\/uploads\/WEBP_Perfume_Beeds_bloomingo_1.1.webp","contentUrl":"https:\/\/elixscent.com\/wp-content\/uploads\/WEBP_Perfume_Beeds_bloomingo_1.1.webp","width":210,"height":655,"caption":"WEBP Perfume Beeds bloomingo 1.1"},{"@type":"BreadcrumbList","@id":"https:\/\/elixscent.com\/product\/laundry-scent-booster-bloomingo\/#breadcrumb","itemListElement":[{"@type":"ListItem","position":1,"name":"Home","item":"https:\/\/elixscent.com\/"},{"@type":"ListItem","position":2,"name":"Products","item":"https:\/\/elixscent.com\/product\/"},{"@type":"ListItem","position":3,"name":"AMARELLA scented laundry","item":"https:\/\/elixscent.com\/product-category\/amarella_2\/"},{"@type":"ListItem","position":4,"name":"In-Wash Scent Booster Beads","item":"https:\/\/elixscent.com\/product-category\/laundry_scent_booster\/"},{"@type":"ListItem","position":5,"name":"Laundry Scent Booster Bloomingo"}]},{"@type":"WebSite","@id":"https:\/\/elixscent.com\/#website","url":"https:\/\/elixscent.com\/","name":"Od\u015bwie\u017cacze powietrza ELiX EU","description":"Powietrze i tkaniny, idealnie \u015bwie\u017ce","publisher":{"@id":"https:\/\/elixscent.com\/#organization"},"potentialAction":[{"@type":"SearchAction","target":{"@type":"EntryPoint","urlTemplate":"https:\/\/elixscent.com\/?s={search_term_string}"},"query-input":{"@type":"PropertyValueSpecification","valueRequired":true,"valueName":"search_term_string"}}],"inLanguage":"pl-PL"},{"@type":"Organization","@id":"https:\/\/elixscent.com\/#organization","name":"Producent od\u015bwie\u017caczy powietrza ELIX","url":"https:\/\/elixscent.com\/","logo":{"@type":"ImageObject","inLanguage":"pl-PL","@id":"https:\/\/elixscent.com\/#\/schema\/logo\/image\/","url":"https:\/\/elixscent.com\/wp-content\/uploads\/elix_logo_1.0-_300.jpg","contentUrl":"https:\/\/elixscent.com\/wp-content\/uploads\/elix_logo_1.0-_300.jpg","width":300,"height":257,"caption":"ELIX air freshener manufacturer"},"image":{"@id":"https:\/\/elixscent.com\/#\/schema\/logo\/image\/"},"sameAs":["https:\/\/www.linkedin.com\/company\/30084929"]}]}},"_links":{"self":[{"href":"https:\/\/elixscent.com\/pl\/wp-json\/wp\/v2\/product\/56871","targetHints":{"allow":["GET"]}}],"collection":[{"href":"https:\/\/elixscent.com\/pl\/wp-json\/wp\/v2\/product"}],"about":[{"href":"https:\/\/elixscent.com\/pl\/wp-json\/wp\/v2\/types\/product"}],"version-history":[{"count":7,"href":"https:\/\/elixscent.com\/pl\/wp-json\/wp\/v2\/product\/56871\/revisions"}],"predecessor-version":[{"id":58701,"href":"https:\/\/elixscent.com\/pl\/wp-json\/wp\/v2\/product\/56871\/revisions\/58701"}],"wp:featuredmedia":[{"embeddable":true,"href":"https:\/\/elixscent.com\/pl\/wp-json\/wp\/v2\/media\/56873"}],"wp:attachment":[{"href":"https:\/\/elixscent.com\/pl\/wp-json\/wp\/v2\/media?parent=56871"}],"curies":[{"name":"wp","href":"https:\/\/api.w.org\/{rel}","templated":true}]}}