{"id":54814,"date":"2024-12-05T08:57:21","date_gmt":"2024-12-05T08:57:21","guid":{"rendered":"https:\/\/elixscent.com\/?post_type=product&#038;p=54814"},"modified":"2026-01-27T14:12:47","modified_gmt":"2026-01-27T14:12:47","slug":"amarella-500-lilyetea","status":"publish","type":"product","link":"https:\/\/elixscent.com\/pl\/product\/amarella-500-lilyetea\/","title":{"rendered":"AMARELLA PLUS Lilyetea"},"content":{"rendered":"<p data-start=\"2884\" data-end=\"3020\">Some products only add scent. The real question is: <strong data-start=\"2936\" data-end=\"3020\">do you want laundry that smells nice\u2026 or laundry that feels easier to live with?<\/strong><\/p>\n<p data-start=\"3022\" data-end=\"3436\"><strong data-start=\"3022\" data-end=\"3060\">Amarella Laundry Perfume PLUS Lilyetea<\/strong> is designed for daily routines where the \u201cfinish\u201d matters. It perfumes fabrics with a refined lily-and-tea freshness, while supporting the details you notice immediately: <strong data-start=\"3232\" data-end=\"3247\">Bardziej mi\u0119kki w dotyku<\/strong>, <strong data-start=\"3249\" data-end=\"3270\">less static cling<\/strong>oraz <strong data-start=\"3276\" data-end=\"3294\">\u0142atwiejsze prasowanie,<\/strong>\u00a0so clothes and linens come out feeling smoother, lighter, and more put-together with less effort.<\/p>\n<p data-start=\"3790\" data-end=\"3989\"><strong data-start=\"3790\" data-end=\"3829\">Jak u\u017cywa\u0107:<\/strong> pour <strong data-start=\"3835\" data-end=\"3844\">10 ml<\/strong> into the fabric softener compartment for <strong data-start=\"3886\" data-end=\"3894\">4 kg<\/strong> of laundry, then adjust to your preferred intensity.<\/p>\n<ul>\n<li data-start=\"1898\" data-end=\"2007\">\n<p data-start=\"1900\" data-end=\"2007\"><strong data-start=\"1900\" data-end=\"1926\">D\u0142ugotrwa\u0142y zapach<\/strong> for a fresh, polished \u201cjust washed\u201d feel<\/p>\n<\/li>\n<li data-start=\"2008\" data-end=\"2107\">\n<p data-start=\"2010\" data-end=\"2107\"><strong data-start=\"2010\" data-end=\"2028\">Zmi\u0119kcza tkanin\u0119<\/strong> for a smoother, more comfortable touch<\/p>\n<\/li>\n<li data-start=\"2108\" data-end=\"2218\">\n<p data-start=\"2110\" data-end=\"2218\"><strong data-start=\"2110\" data-end=\"2132\">Efekt antystatyczny<\/strong> pomaga zmniejszy\u0107 przywieranie (szczeg\u00f3lnie w przypadku syntetyk\u00f3w)<\/p>\n<\/li>\n<li data-start=\"2219\" data-end=\"2318\">\n<p data-start=\"2221\" data-end=\"2318\"><strong data-start=\"2221\" data-end=\"2239\">\u0141atwiejsze prasowanie<\/strong> - pomaga redukowa\u0107 zmarszczki i oszcz\u0119dza czas<\/p>\n<\/li>\n<li data-start=\"2319\" data-end=\"2415\">\n<p data-start=\"2321\" data-end=\"2415\"><strong data-start=\"2321\" data-end=\"2340\">Do 50 pra\u0144<\/strong> per bottle (depending on dosing)<\/p>\n<\/li>\n<\/ul>","protected":false},"featured_media":60386,"parent":0,"menu_order":0,"template":"","class_list":["post-54814","product","type-product","status-publish","has-post-thumbnail","hentry","product_category-amarella_2","product_category-laundry-perfume-plus"],"acf":[],"yoast_head":"<!-- This site is optimized with the Yoast SEO Premium plugin v27.4 (Yoast SEO v27.4) - https:\/\/yoast.com\/product\/yoast-seo-premium-wordpress\/ -->\n<title>Amarella Lilyetea Laundry Perfume PLUS | In-Wash Scent Booster<\/title>\n<meta name=\"description\" content=\"In-wash scent booster liquid with Lilyetea: lily &amp; tea with citrus freshness. Softens fabric, reduces static and makes ironing easier. Up to 50 washes\" \/>\n<meta name=\"robots\" content=\"index, follow, max-snippet:-1, max-image-preview:large, max-video-preview:-1\" \/>\n<link rel=\"canonical\" href=\"https:\/\/elixscent.com\/pl\/produkt\/amarella-500-lilyetea\/\" \/>\n<meta property=\"og:locale\" content=\"pl_PL\" \/>\n<meta property=\"og:type\" content=\"article\" \/>\n<meta property=\"og:title\" content=\"AMARELLA PLUS Lilyetea\" \/>\n<meta property=\"og:description\" content=\"In-wash scent booster liquid with Lilyetea: lily &amp; tea with citrus freshness. Softens fabric, reduces static and makes ironing easier. Up to 50 washes\" \/>\n<meta property=\"og:url\" content=\"https:\/\/elixscent.com\/pl\/produkt\/amarella-500-lilyetea\/\" \/>\n<meta property=\"og:site_name\" content=\"ELiX EU air fresheners\" \/>\n<meta property=\"article:modified_time\" content=\"2026-01-27T14:12:47+00:00\" \/>\n<meta property=\"og:image\" content=\"https:\/\/elixscent.com\/wp-content\/uploads\/WEBP_PNG_Amarella500_white_lilytea_2.0.webp\" \/>\n\t<meta property=\"og:image:width\" content=\"210\" \/>\n\t<meta property=\"og:image:height\" content=\"675\" \/>\n\t<meta property=\"og:image:type\" content=\"image\/webp\" \/>\n<meta name=\"twitter:card\" content=\"summary_large_image\" \/>\n<meta name=\"twitter:label1\" content=\"Szacowany czas czytania\" \/>\n\t<meta name=\"twitter:data1\" content=\"2 minuty\" \/>\n<script type=\"application\/ld+json\" class=\"yoast-schema-graph\">{\"@context\":\"https:\\\/\\\/schema.org\",\"@graph\":[{\"@type\":\"WebPage\",\"@id\":\"https:\\\/\\\/elixscent.com\\\/product\\\/amarella-500-lilyetea\\\/\",\"url\":\"https:\\\/\\\/elixscent.com\\\/product\\\/amarella-500-lilyetea\\\/\",\"name\":\"Amarella Lilyetea Laundry Perfume PLUS | In-Wash Scent Booster\",\"isPartOf\":{\"@id\":\"https:\\\/\\\/elixscent.com\\\/#website\"},\"primaryImageOfPage\":{\"@id\":\"https:\\\/\\\/elixscent.com\\\/product\\\/amarella-500-lilyetea\\\/#primaryimage\"},\"image\":{\"@id\":\"https:\\\/\\\/elixscent.com\\\/product\\\/amarella-500-lilyetea\\\/#primaryimage\"},\"thumbnailUrl\":\"https:\\\/\\\/elixscent.com\\\/wp-content\\\/uploads\\\/WEBP_PNG_Amarella500_white_lilytea_2.0.webp\",\"datePublished\":\"2024-12-05T08:57:21+00:00\",\"dateModified\":\"2026-01-27T14:12:47+00:00\",\"description\":\"In-wash scent booster liquid with Lilyetea: lily & tea with citrus freshness. Softens fabric, reduces static and makes ironing easier. Up to 50 washes\",\"breadcrumb\":{\"@id\":\"https:\\\/\\\/elixscent.com\\\/product\\\/amarella-500-lilyetea\\\/#breadcrumb\"},\"inLanguage\":\"pl-PL\",\"potentialAction\":[{\"@type\":\"ReadAction\",\"target\":[\"https:\\\/\\\/elixscent.com\\\/product\\\/amarella-500-lilyetea\\\/\"]}]},{\"@type\":\"ImageObject\",\"inLanguage\":\"pl-PL\",\"@id\":\"https:\\\/\\\/elixscent.com\\\/product\\\/amarella-500-lilyetea\\\/#primaryimage\",\"url\":\"https:\\\/\\\/elixscent.com\\\/wp-content\\\/uploads\\\/WEBP_PNG_Amarella500_white_lilytea_2.0.webp\",\"contentUrl\":\"https:\\\/\\\/elixscent.com\\\/wp-content\\\/uploads\\\/WEBP_PNG_Amarella500_white_lilytea_2.0.webp\",\"width\":210,\"height\":675,\"caption\":\"Laundry perfume manufacturer\"},{\"@type\":\"BreadcrumbList\",\"@id\":\"https:\\\/\\\/elixscent.com\\\/product\\\/amarella-500-lilyetea\\\/#breadcrumb\",\"itemListElement\":[{\"@type\":\"ListItem\",\"position\":1,\"name\":\"Home\",\"item\":\"https:\\\/\\\/elixscent.com\\\/\"},{\"@type\":\"ListItem\",\"position\":2,\"name\":\"Products\",\"item\":\"https:\\\/\\\/elixscent.com\\\/product\\\/\"},{\"@type\":\"ListItem\",\"position\":3,\"name\":\"AMARELLA scented laundry\",\"item\":\"https:\\\/\\\/elixscent.com\\\/product-category\\\/amarella_2\\\/\"},{\"@type\":\"ListItem\",\"position\":4,\"name\":\"AMARELLA PLUS Lilyetea\"}]},{\"@type\":\"WebSite\",\"@id\":\"https:\\\/\\\/elixscent.com\\\/#website\",\"url\":\"https:\\\/\\\/elixscent.com\\\/\",\"name\":\"ELiX EU air fresheners\",\"description\":\"Air &amp; Fabric, Perfectly Fresh\",\"publisher\":{\"@id\":\"https:\\\/\\\/elixscent.com\\\/#organization\"},\"potentialAction\":[{\"@type\":\"SearchAction\",\"target\":{\"@type\":\"EntryPoint\",\"urlTemplate\":\"https:\\\/\\\/elixscent.com\\\/?s={search_term_string}\"},\"query-input\":{\"@type\":\"PropertyValueSpecification\",\"valueRequired\":true,\"valueName\":\"search_term_string\"}}],\"inLanguage\":\"pl-PL\"},{\"@type\":\"Organization\",\"@id\":\"https:\\\/\\\/elixscent.com\\\/#organization\",\"name\":\"ELIX air freshener manufacturer\",\"url\":\"https:\\\/\\\/elixscent.com\\\/\",\"logo\":{\"@type\":\"ImageObject\",\"inLanguage\":\"pl-PL\",\"@id\":\"https:\\\/\\\/elixscent.com\\\/#\\\/schema\\\/logo\\\/image\\\/\",\"url\":\"https:\\\/\\\/elixscent.com\\\/wp-content\\\/uploads\\\/elix_logo_1.0-_300.jpg\",\"contentUrl\":\"https:\\\/\\\/elixscent.com\\\/wp-content\\\/uploads\\\/elix_logo_1.0-_300.jpg\",\"width\":300,\"height\":257,\"caption\":\"ELIX air freshener manufacturer\"},\"image\":{\"@id\":\"https:\\\/\\\/elixscent.com\\\/#\\\/schema\\\/logo\\\/image\\\/\"},\"sameAs\":[\"https:\\\/\\\/www.linkedin.com\\\/company\\\/30084929\"]}]}<\/script>\n<!-- \/ Yoast SEO Premium plugin. -->","yoast_head_json":{"title":"Amarella Lilyetea Laundry Perfume PLUS | In-Wash Scent Booster","description":"In-wash scent booster liquid with Lilyetea: lily & tea with citrus freshness. Softens fabric, reduces static and makes ironing easier. Up to 50 washes","robots":{"index":"index","follow":"follow","max-snippet":"max-snippet:-1","max-image-preview":"max-image-preview:large","max-video-preview":"max-video-preview:-1"},"canonical":"https:\/\/elixscent.com\/pl\/produkt\/amarella-500-lilyetea\/","og_locale":"pl_PL","og_type":"article","og_title":"AMARELLA PLUS Lilyetea","og_description":"In-wash scent booster liquid with Lilyetea: lily & tea with citrus freshness. Softens fabric, reduces static and makes ironing easier. Up to 50 washes","og_url":"https:\/\/elixscent.com\/pl\/produkt\/amarella-500-lilyetea\/","og_site_name":"ELiX EU air fresheners","article_modified_time":"2026-01-27T14:12:47+00:00","og_image":[{"width":210,"height":675,"url":"https:\/\/elixscent.com\/wp-content\/uploads\/WEBP_PNG_Amarella500_white_lilytea_2.0.webp","type":"image\/webp"}],"twitter_card":"summary_large_image","twitter_misc":{"Szacowany czas czytania":"2 minuty"},"schema":{"@context":"https:\/\/schema.org","@graph":[{"@type":"WebPage","@id":"https:\/\/elixscent.com\/product\/amarella-500-lilyetea\/","url":"https:\/\/elixscent.com\/product\/amarella-500-lilyetea\/","name":"Amarella Lilyetea Laundry Perfume PLUS | In-Wash Scent Booster","isPartOf":{"@id":"https:\/\/elixscent.com\/#website"},"primaryImageOfPage":{"@id":"https:\/\/elixscent.com\/product\/amarella-500-lilyetea\/#primaryimage"},"image":{"@id":"https:\/\/elixscent.com\/product\/amarella-500-lilyetea\/#primaryimage"},"thumbnailUrl":"https:\/\/elixscent.com\/wp-content\/uploads\/WEBP_PNG_Amarella500_white_lilytea_2.0.webp","datePublished":"2024-12-05T08:57:21+00:00","dateModified":"2026-01-27T14:12:47+00:00","description":"In-wash scent booster liquid with Lilyetea: lily & tea with citrus freshness. Softens fabric, reduces static and makes ironing easier. Up to 50 washes","breadcrumb":{"@id":"https:\/\/elixscent.com\/product\/amarella-500-lilyetea\/#breadcrumb"},"inLanguage":"pl-PL","potentialAction":[{"@type":"ReadAction","target":["https:\/\/elixscent.com\/product\/amarella-500-lilyetea\/"]}]},{"@type":"ImageObject","inLanguage":"pl-PL","@id":"https:\/\/elixscent.com\/product\/amarella-500-lilyetea\/#primaryimage","url":"https:\/\/elixscent.com\/wp-content\/uploads\/WEBP_PNG_Amarella500_white_lilytea_2.0.webp","contentUrl":"https:\/\/elixscent.com\/wp-content\/uploads\/WEBP_PNG_Amarella500_white_lilytea_2.0.webp","width":210,"height":675,"caption":"Laundry perfume manufacturer"},{"@type":"BreadcrumbList","@id":"https:\/\/elixscent.com\/product\/amarella-500-lilyetea\/#breadcrumb","itemListElement":[{"@type":"ListItem","position":1,"name":"Home","item":"https:\/\/elixscent.com\/"},{"@type":"ListItem","position":2,"name":"Products","item":"https:\/\/elixscent.com\/product\/"},{"@type":"ListItem","position":3,"name":"AMARELLA scented laundry","item":"https:\/\/elixscent.com\/product-category\/amarella_2\/"},{"@type":"ListItem","position":4,"name":"AMARELLA PLUS Lilyetea"}]},{"@type":"WebSite","@id":"https:\/\/elixscent.com\/#website","url":"https:\/\/elixscent.com\/","name":"Od\u015bwie\u017cacze powietrza ELiX EU","description":"Powietrze i tkaniny, idealnie \u015bwie\u017ce","publisher":{"@id":"https:\/\/elixscent.com\/#organization"},"potentialAction":[{"@type":"SearchAction","target":{"@type":"EntryPoint","urlTemplate":"https:\/\/elixscent.com\/?s={search_term_string}"},"query-input":{"@type":"PropertyValueSpecification","valueRequired":true,"valueName":"search_term_string"}}],"inLanguage":"pl-PL"},{"@type":"Organization","@id":"https:\/\/elixscent.com\/#organization","name":"Producent od\u015bwie\u017caczy powietrza ELIX","url":"https:\/\/elixscent.com\/","logo":{"@type":"ImageObject","inLanguage":"pl-PL","@id":"https:\/\/elixscent.com\/#\/schema\/logo\/image\/","url":"https:\/\/elixscent.com\/wp-content\/uploads\/elix_logo_1.0-_300.jpg","contentUrl":"https:\/\/elixscent.com\/wp-content\/uploads\/elix_logo_1.0-_300.jpg","width":300,"height":257,"caption":"ELIX air freshener manufacturer"},"image":{"@id":"https:\/\/elixscent.com\/#\/schema\/logo\/image\/"},"sameAs":["https:\/\/www.linkedin.com\/company\/30084929"]}]}},"_links":{"self":[{"href":"https:\/\/elixscent.com\/pl\/wp-json\/wp\/v2\/product\/54814","targetHints":{"allow":["GET"]}}],"collection":[{"href":"https:\/\/elixscent.com\/pl\/wp-json\/wp\/v2\/product"}],"about":[{"href":"https:\/\/elixscent.com\/pl\/wp-json\/wp\/v2\/types\/product"}],"version-history":[{"count":8,"href":"https:\/\/elixscent.com\/pl\/wp-json\/wp\/v2\/product\/54814\/revisions"}],"predecessor-version":[{"id":60390,"href":"https:\/\/elixscent.com\/pl\/wp-json\/wp\/v2\/product\/54814\/revisions\/60390"}],"wp:featuredmedia":[{"embeddable":true,"href":"https:\/\/elixscent.com\/pl\/wp-json\/wp\/v2\/media\/60386"}],"wp:attachment":[{"href":"https:\/\/elixscent.com\/pl\/wp-json\/wp\/v2\/media?parent=54814"}],"curies":[{"name":"wp","href":"https:\/\/api.w.org\/{rel}","templated":true}]}}