{"id":54806,"date":"2024-12-05T08:51:12","date_gmt":"2024-12-05T08:51:12","guid":{"rendered":"https:\/\/elixscent.com\/?post_type=product&#038;p=54806"},"modified":"2026-01-27T14:07:13","modified_gmt":"2026-01-27T14:07:13","slug":"amarella-500-colavera","status":"publish","type":"product","link":"https:\/\/elixscent.com\/pl\/product\/amarella-500-colavera\/","title":{"rendered":"AMARELLA PLUS Colavera"},"content":{"rendered":"<p data-start=\"3064\" data-end=\"3257\">Niekt\u00f3re \u015brodki wspomagaj\u0105ce pranie daj\u0105 szybki impuls, a nast\u0119pnie znikaj\u0105. Prawdziwe pytanie brzmi: <strong data-start=\"3151\" data-end=\"3257\">Czy chcesz, aby pranie pachnia\u0142o \u0142adnie przez chwil\u0119, czy aby \u0142atwiej by\u0142o z nim \u017cy\u0107 przez ca\u0142y tydzie\u0144?<\/strong><\/p>\n<p data-start=\"3259\" data-end=\"3607\"><strong data-start=\"3259\" data-end=\"3297\">Perfumy do prania Amarella + Colavera<\/strong> zosta\u0142 zaprojektowany, aby robi\u0107 jedno i drugie. Nadaje tkaninom d\u0142ugotrwa\u0142y zapach, jednocze\u015bnie wspieraj\u0105c codzienne \u201cwyko\u0144czenie\u201d, na kt\u00f3rym Ci zale\u017cy: <strong data-start=\"3419\" data-end=\"3431\">mi\u0119kko\u015b\u0107<\/strong>, <strong data-start=\"3433\" data-end=\"3457\">zmniejszone przywieranie statyczne<\/strong>oraz <strong data-start=\"3463\" data-end=\"3481\">\u0142atwiejsze prasowanie, <\/strong>Dzi\u0119ki temu ubrania i po\u015bciel s\u0105 g\u0142adsze, lepiej le\u017c\u0105 i wymagaj\u0105 mniej wysi\u0142ku.<\/p>\n<p data-start=\"3609\" data-end=\"3976\">Colavera otwiera si\u0119 wyrafinowanym kontrastem <strong data-start=\"3651\" data-end=\"3673\">bergamotka i drewno<\/strong>, a nast\u0119pnie przechodzi w czyste, eleganckie serce <strong data-start=\"3717\" data-end=\"3737\">r\u00f3\u017ca i ja\u015bmin<\/strong> z subtelnym <strong data-start=\"3752\" data-end=\"3761\">jab\u0142ko<\/strong> akcent, wyko\u0144czenie na spokojnej, wysokiej jako\u015bci bazie <strong data-start=\"3808\" data-end=\"3840\">drzewo sanda\u0142owe, wetyweria i pi\u017cmo<\/strong>. Jest idealny do po\u015bcieli, r\u0119cznik\u00f3w i codziennej garderoby, gdy chcesz \u015bwie\u017co\u015bci z obecno\u015bci\u0105.<\/p>\n<ul>\n<li data-start=\"1952\" data-end=\"2070\">\n<p data-start=\"1954\" data-end=\"2070\"><strong data-start=\"1954\" data-end=\"1980\">D\u0142ugotrwa\u0142y zapach<\/strong> kt\u00f3ry utrzymuje \u015bwie\u017cy zapach tkanin po dniu prania<\/p>\n<\/li>\n<li data-start=\"2071\" data-end=\"2169\">\n<p data-start=\"2073\" data-end=\"2169\"><strong data-start=\"2073\" data-end=\"2091\">Zmi\u0119kcza tkanin\u0119<\/strong> dla g\u0142adszego, bardziej komfortowego dotyku<\/p>\n<\/li>\n<li data-start=\"2170\" data-end=\"2279\">\n<p data-start=\"2172\" data-end=\"2279\"><strong data-start=\"2172\" data-end=\"2194\">Efekt antystatyczny<\/strong> pomaga zmniejszy\u0107 przywieranie, szczeg\u00f3lnie w przypadku materia\u0142\u00f3w syntetycznych<\/p>\n<\/li>\n<li data-start=\"2280\" data-end=\"2377\">\n<p data-start=\"2282\" data-end=\"2377\"><strong data-start=\"2282\" data-end=\"2300\">\u0141atwiejsze prasowanie<\/strong>-Pomaga zredukowa\u0107 zmarszczki i oszcz\u0119dza czas<\/p>\n<\/li>\n<li data-start=\"2378\" data-end=\"2486\">\n<p data-start=\"2380\" data-end=\"2486\"><strong data-start=\"2380\" data-end=\"2407\">Wydajny format 500 ml<\/strong>-Zaprojektowany, aby trwa\u0107 <strong data-start=\"2425\" data-end=\"2444\">do 50 pra\u0144<\/strong><\/p>\n<\/li>\n<\/ul>","protected":false},"featured_media":60381,"parent":0,"menu_order":0,"template":"","class_list":["post-54806","product","type-product","status-publish","has-post-thumbnail","hentry","product_category-amarella_2","product_category-laundry-perfume-plus"],"acf":[],"yoast_head":"<!-- This site is optimized with the Yoast SEO Premium plugin v27.4 (Yoast SEO v27.4) - https:\/\/yoast.com\/product\/yoast-seo-premium-wordpress\/ -->\n<title>Amarella Colavera Laundry Perfume PLUS | In-Wash Scent Booster<\/title>\n<meta name=\"description\" content=\"In-wash scent booster liquid with Colavera: patchouli, bergamot &amp; woods. Softens fabric, reduces static and makes ironing easier. Up to 50 washes\" \/>\n<meta name=\"robots\" content=\"index, follow, max-snippet:-1, max-image-preview:large, max-video-preview:-1\" \/>\n<link rel=\"canonical\" href=\"https:\/\/elixscent.com\/pl\/produkt\/amarella-500-colavera\/\" \/>\n<meta property=\"og:locale\" content=\"pl_PL\" \/>\n<meta property=\"og:type\" content=\"article\" \/>\n<meta property=\"og:title\" content=\"AMARELLA PLUS Colavera\" \/>\n<meta property=\"og:description\" content=\"In-wash scent booster liquid with Colavera: patchouli, bergamot &amp; woods. Softens fabric, reduces static and makes ironing easier. Up to 50 washes\" \/>\n<meta property=\"og:url\" content=\"https:\/\/elixscent.com\/pl\/produkt\/amarella-500-colavera\/\" \/>\n<meta property=\"og:site_name\" content=\"ELiX EU air fresheners\" \/>\n<meta property=\"article:modified_time\" content=\"2026-01-27T14:07:13+00:00\" \/>\n<meta property=\"og:image\" content=\"https:\/\/elixscent.com\/wp-content\/uploads\/WEBP_PNG_Amarella500_white_colavera_2.0.webp\" \/>\n\t<meta property=\"og:image:width\" content=\"210\" \/>\n\t<meta property=\"og:image:height\" content=\"675\" \/>\n\t<meta property=\"og:image:type\" content=\"image\/webp\" \/>\n<meta name=\"twitter:card\" content=\"summary_large_image\" \/>\n<meta name=\"twitter:label1\" content=\"Szacowany czas czytania\" \/>\n\t<meta name=\"twitter:data1\" content=\"2 minuty\" \/>\n<script type=\"application\/ld+json\" class=\"yoast-schema-graph\">{\"@context\":\"https:\\\/\\\/schema.org\",\"@graph\":[{\"@type\":\"WebPage\",\"@id\":\"https:\\\/\\\/elixscent.com\\\/product\\\/amarella-500-colavera\\\/\",\"url\":\"https:\\\/\\\/elixscent.com\\\/product\\\/amarella-500-colavera\\\/\",\"name\":\"Amarella Colavera Laundry Perfume PLUS | In-Wash Scent Booster\",\"isPartOf\":{\"@id\":\"https:\\\/\\\/elixscent.com\\\/#website\"},\"primaryImageOfPage\":{\"@id\":\"https:\\\/\\\/elixscent.com\\\/product\\\/amarella-500-colavera\\\/#primaryimage\"},\"image\":{\"@id\":\"https:\\\/\\\/elixscent.com\\\/product\\\/amarella-500-colavera\\\/#primaryimage\"},\"thumbnailUrl\":\"https:\\\/\\\/elixscent.com\\\/wp-content\\\/uploads\\\/WEBP_PNG_Amarella500_white_colavera_2.0.webp\",\"datePublished\":\"2024-12-05T08:51:12+00:00\",\"dateModified\":\"2026-01-27T14:07:13+00:00\",\"description\":\"In-wash scent booster liquid with Colavera: patchouli, bergamot & woods. Softens fabric, reduces static and makes ironing easier. Up to 50 washes\",\"breadcrumb\":{\"@id\":\"https:\\\/\\\/elixscent.com\\\/product\\\/amarella-500-colavera\\\/#breadcrumb\"},\"inLanguage\":\"pl-PL\",\"potentialAction\":[{\"@type\":\"ReadAction\",\"target\":[\"https:\\\/\\\/elixscent.com\\\/product\\\/amarella-500-colavera\\\/\"]}]},{\"@type\":\"ImageObject\",\"inLanguage\":\"pl-PL\",\"@id\":\"https:\\\/\\\/elixscent.com\\\/product\\\/amarella-500-colavera\\\/#primaryimage\",\"url\":\"https:\\\/\\\/elixscent.com\\\/wp-content\\\/uploads\\\/WEBP_PNG_Amarella500_white_colavera_2.0.webp\",\"contentUrl\":\"https:\\\/\\\/elixscent.com\\\/wp-content\\\/uploads\\\/WEBP_PNG_Amarella500_white_colavera_2.0.webp\",\"width\":210,\"height\":675,\"caption\":\"laundry perfume plus\"},{\"@type\":\"BreadcrumbList\",\"@id\":\"https:\\\/\\\/elixscent.com\\\/product\\\/amarella-500-colavera\\\/#breadcrumb\",\"itemListElement\":[{\"@type\":\"ListItem\",\"position\":1,\"name\":\"Home\",\"item\":\"https:\\\/\\\/elixscent.com\\\/\"},{\"@type\":\"ListItem\",\"position\":2,\"name\":\"Products\",\"item\":\"https:\\\/\\\/elixscent.com\\\/product\\\/\"},{\"@type\":\"ListItem\",\"position\":3,\"name\":\"AMARELLA scented laundry\",\"item\":\"https:\\\/\\\/elixscent.com\\\/product-category\\\/amarella_2\\\/\"},{\"@type\":\"ListItem\",\"position\":4,\"name\":\"AMARELLA PLUS Colavera\"}]},{\"@type\":\"WebSite\",\"@id\":\"https:\\\/\\\/elixscent.com\\\/#website\",\"url\":\"https:\\\/\\\/elixscent.com\\\/\",\"name\":\"ELiX EU air fresheners\",\"description\":\"Air &amp; Fabric, Perfectly Fresh\",\"publisher\":{\"@id\":\"https:\\\/\\\/elixscent.com\\\/#organization\"},\"potentialAction\":[{\"@type\":\"SearchAction\",\"target\":{\"@type\":\"EntryPoint\",\"urlTemplate\":\"https:\\\/\\\/elixscent.com\\\/?s={search_term_string}\"},\"query-input\":{\"@type\":\"PropertyValueSpecification\",\"valueRequired\":true,\"valueName\":\"search_term_string\"}}],\"inLanguage\":\"pl-PL\"},{\"@type\":\"Organization\",\"@id\":\"https:\\\/\\\/elixscent.com\\\/#organization\",\"name\":\"ELIX air freshener manufacturer\",\"url\":\"https:\\\/\\\/elixscent.com\\\/\",\"logo\":{\"@type\":\"ImageObject\",\"inLanguage\":\"pl-PL\",\"@id\":\"https:\\\/\\\/elixscent.com\\\/#\\\/schema\\\/logo\\\/image\\\/\",\"url\":\"https:\\\/\\\/elixscent.com\\\/wp-content\\\/uploads\\\/elix_logo_1.0-_300.jpg\",\"contentUrl\":\"https:\\\/\\\/elixscent.com\\\/wp-content\\\/uploads\\\/elix_logo_1.0-_300.jpg\",\"width\":300,\"height\":257,\"caption\":\"ELIX air freshener manufacturer\"},\"image\":{\"@id\":\"https:\\\/\\\/elixscent.com\\\/#\\\/schema\\\/logo\\\/image\\\/\"},\"sameAs\":[\"https:\\\/\\\/www.linkedin.com\\\/company\\\/30084929\"]}]}<\/script>\n<!-- \/ Yoast SEO Premium plugin. -->","yoast_head_json":{"title":"Amarella Colavera Laundry Perfume PLUS | Wzmacniacz zapachu w praniu","description":"Wzmacniaj\u0105cy zapach p\u0142yn do prania z Colavera: paczula, bergamotka i drewno. Zmi\u0119kcza tkaniny, ogranicza elektryzowanie si\u0119 i u\u0142atwia prasowanie. Do 50 pra\u0144","robots":{"index":"index","follow":"follow","max-snippet":"max-snippet:-1","max-image-preview":"max-image-preview:large","max-video-preview":"max-video-preview:-1"},"canonical":"https:\/\/elixscent.com\/pl\/produkt\/amarella-500-colavera\/","og_locale":"pl_PL","og_type":"article","og_title":"AMARELLA PLUS Colavera","og_description":"In-wash scent booster liquid with Colavera: patchouli, bergamot & woods. Softens fabric, reduces static and makes ironing easier. Up to 50 washes","og_url":"https:\/\/elixscent.com\/pl\/produkt\/amarella-500-colavera\/","og_site_name":"ELiX EU air fresheners","article_modified_time":"2026-01-27T14:07:13+00:00","og_image":[{"width":210,"height":675,"url":"https:\/\/elixscent.com\/wp-content\/uploads\/WEBP_PNG_Amarella500_white_colavera_2.0.webp","type":"image\/webp"}],"twitter_card":"summary_large_image","twitter_misc":{"Szacowany czas czytania":"2 minuty"},"schema":{"@context":"https:\/\/schema.org","@graph":[{"@type":"WebPage","@id":"https:\/\/elixscent.com\/product\/amarella-500-colavera\/","url":"https:\/\/elixscent.com\/product\/amarella-500-colavera\/","name":"Amarella Colavera Laundry Perfume PLUS | Wzmacniacz zapachu w praniu","isPartOf":{"@id":"https:\/\/elixscent.com\/#website"},"primaryImageOfPage":{"@id":"https:\/\/elixscent.com\/product\/amarella-500-colavera\/#primaryimage"},"image":{"@id":"https:\/\/elixscent.com\/product\/amarella-500-colavera\/#primaryimage"},"thumbnailUrl":"https:\/\/elixscent.com\/wp-content\/uploads\/WEBP_PNG_Amarella500_white_colavera_2.0.webp","datePublished":"2024-12-05T08:51:12+00:00","dateModified":"2026-01-27T14:07:13+00:00","description":"Wzmacniaj\u0105cy zapach p\u0142yn do prania z Colavera: paczula, bergamotka i drewno. Zmi\u0119kcza tkaniny, ogranicza elektryzowanie si\u0119 i u\u0142atwia prasowanie. Do 50 pra\u0144","breadcrumb":{"@id":"https:\/\/elixscent.com\/product\/amarella-500-colavera\/#breadcrumb"},"inLanguage":"pl-PL","potentialAction":[{"@type":"ReadAction","target":["https:\/\/elixscent.com\/product\/amarella-500-colavera\/"]}]},{"@type":"ImageObject","inLanguage":"pl-PL","@id":"https:\/\/elixscent.com\/product\/amarella-500-colavera\/#primaryimage","url":"https:\/\/elixscent.com\/wp-content\/uploads\/WEBP_PNG_Amarella500_white_colavera_2.0.webp","contentUrl":"https:\/\/elixscent.com\/wp-content\/uploads\/WEBP_PNG_Amarella500_white_colavera_2.0.webp","width":210,"height":675,"caption":"laundry perfume plus"},{"@type":"BreadcrumbList","@id":"https:\/\/elixscent.com\/product\/amarella-500-colavera\/#breadcrumb","itemListElement":[{"@type":"ListItem","position":1,"name":"Home","item":"https:\/\/elixscent.com\/"},{"@type":"ListItem","position":2,"name":"Products","item":"https:\/\/elixscent.com\/product\/"},{"@type":"ListItem","position":3,"name":"AMARELLA scented laundry","item":"https:\/\/elixscent.com\/product-category\/amarella_2\/"},{"@type":"ListItem","position":4,"name":"AMARELLA PLUS Colavera"}]},{"@type":"WebSite","@id":"https:\/\/elixscent.com\/#website","url":"https:\/\/elixscent.com\/","name":"Od\u015bwie\u017cacze powietrza ELiX EU","description":"Powietrze i tkaniny, idealnie \u015bwie\u017ce","publisher":{"@id":"https:\/\/elixscent.com\/#organization"},"potentialAction":[{"@type":"SearchAction","target":{"@type":"EntryPoint","urlTemplate":"https:\/\/elixscent.com\/?s={search_term_string}"},"query-input":{"@type":"PropertyValueSpecification","valueRequired":true,"valueName":"search_term_string"}}],"inLanguage":"pl-PL"},{"@type":"Organization","@id":"https:\/\/elixscent.com\/#organization","name":"Producent od\u015bwie\u017caczy powietrza ELIX","url":"https:\/\/elixscent.com\/","logo":{"@type":"ImageObject","inLanguage":"pl-PL","@id":"https:\/\/elixscent.com\/#\/schema\/logo\/image\/","url":"https:\/\/elixscent.com\/wp-content\/uploads\/elix_logo_1.0-_300.jpg","contentUrl":"https:\/\/elixscent.com\/wp-content\/uploads\/elix_logo_1.0-_300.jpg","width":300,"height":257,"caption":"ELIX air freshener manufacturer"},"image":{"@id":"https:\/\/elixscent.com\/#\/schema\/logo\/image\/"},"sameAs":["https:\/\/www.linkedin.com\/company\/30084929"]}]}},"_links":{"self":[{"href":"https:\/\/elixscent.com\/pl\/wp-json\/wp\/v2\/product\/54806","targetHints":{"allow":["GET"]}}],"collection":[{"href":"https:\/\/elixscent.com\/pl\/wp-json\/wp\/v2\/product"}],"about":[{"href":"https:\/\/elixscent.com\/pl\/wp-json\/wp\/v2\/types\/product"}],"version-history":[{"count":8,"href":"https:\/\/elixscent.com\/pl\/wp-json\/wp\/v2\/product\/54806\/revisions"}],"predecessor-version":[{"id":60385,"href":"https:\/\/elixscent.com\/pl\/wp-json\/wp\/v2\/product\/54806\/revisions\/60385"}],"wp:featuredmedia":[{"embeddable":true,"href":"https:\/\/elixscent.com\/pl\/wp-json\/wp\/v2\/media\/60381"}],"wp:attachment":[{"href":"https:\/\/elixscent.com\/pl\/wp-json\/wp\/v2\/media?parent=54806"}],"curies":[{"name":"wp","href":"https:\/\/api.w.org\/{rel}","templated":true}]}}