{"id":54802,"date":"2024-12-05T08:48:43","date_gmt":"2024-12-05T08:48:43","guid":{"rendered":"https:\/\/elixscent.com\/?post_type=product&#038;p=54802"},"modified":"2026-01-27T13:51:43","modified_gmt":"2026-01-27T13:51:43","slug":"amarella-500-classic","status":"publish","type":"product","link":"https:\/\/elixscent.com\/pl\/product\/amarella-500-classic\/","title":{"rendered":"AMARELLA PLUS Classic"},"content":{"rendered":"<p data-start=\"3041\" data-end=\"3230\">Niekt\u00f3re \u015brodki wspomagaj\u0105ce pranie daj\u0105 szybki efekt, a nast\u0119pnie znikaj\u0105. Prawdziwe pytanie brzmi: czy chcesz zapachu, kt\u00f3ry znika w porze lunchu, czy czystej sygnatury, kt\u00f3ra pozostaje na ubraniach i po\u015bcieli?<\/p>\n<p data-start=\"3232\" data-end=\"3618\"><strong data-start=\"3232\" data-end=\"3269\">Perfumy Amarella Laundry + Classic<\/strong> zosta\u0142a stworzona dla os\u00f3b, kt\u00f3re chc\u0105, aby pranie czu\u0142o si\u0119 <em data-start=\"3315\" data-end=\"3323\">posortowane<\/em>\u015bwie\u017co pachn\u0105ce, przyjemnie mi\u0119kkie, mniej przylegaj\u0105ce i \u0142atwiejsze do wyko\u0144czenia. Jego formu\u0142a perfumuje tkaniny, jednocze\u015bnie wspieraj\u0105c codzienn\u0105 piel\u0119gnacj\u0119 tkanin dzi\u0119ki <strong data-start=\"3467\" data-end=\"3480\">zmi\u0119kczanie<\/strong>, <strong data-start=\"3482\" data-end=\"3509\">W\u0142a\u015bciwo\u015bci antystatyczne<\/strong>oraz <strong data-start=\"3515\" data-end=\"3533\">\u0142atwiejsze prasowanie<\/strong>-Tak, aby rutyna wydawa\u0142a si\u0119 l\u017cejsza, a nie d\u0142u\u017csza.<\/p>\n<p data-start=\"3620\" data-end=\"3905\">W Classic chodzi o t\u0119 \u201cw\u0142a\u015bnie wypran\u0105\u201d czysto\u015b\u0107, \u015bwie\u017cy len uniesiony delikatnymi kwiatami, osadzony w mi\u0119kkiej bawe\u0142niano-pi\u017cmowej bazie. A poniewa\u017c jedna butelka jest zaprojektowana tak, aby trwa\u0107 <strong data-start=\"3797\" data-end=\"3816\">do 50 pra\u0144<\/strong>, Jest to rodzaj ulepszenia, kt\u00f3re mo\u017cna zauwa\u017cy\u0107 ka\u017cdego dnia.<\/p>\n<p data-start=\"3907\" data-end=\"4100\"><strong data-start=\"3907\" data-end=\"3930\">Gdzie najlepiej pasuje:<\/strong> Po\u015bciel, r\u0119czniki, odzie\u017c codzienna, odzie\u017c biurowa - zawsze, gdy chcesz, aby Twoja garderoba pachnia\u0142a czysto, by\u0142a g\u0142adka w dotyku i lepiej si\u0119 zachowywa\u0142a<\/p>\n<p data-start=\"1905\" data-end=\"1954\"><strong data-start=\"1905\" data-end=\"1954\">Dlaczego si\u0119gniesz po Classic jeszcze nie raz:<\/strong><\/p>\n<ul data-start=\"1955\" data-end=\"2514\">\n<li data-start=\"1955\" data-end=\"2076\">\n<p data-start=\"1957\" data-end=\"2076\"><strong data-start=\"1957\" data-end=\"1999\">D\u0142ugotrwa\u0142y zapach \u201c\u015bwie\u017cego prania\u201d<\/strong> kt\u00f3ry jest obecny, ale nie przyt\u0142aczaj\u0105cy<\/p>\n<\/li>\n<li data-start=\"2077\" data-end=\"2175\">\n<p data-start=\"2079\" data-end=\"2175\"><strong data-start=\"2079\" data-end=\"2097\">Zmi\u0119kcza tkanin\u0119<\/strong> dla g\u0142adszego, bardziej komfortowego dotyku<\/p>\n<\/li>\n<li data-start=\"2176\" data-end=\"2286\">\n<p data-start=\"2178\" data-end=\"2286\"><strong data-start=\"2178\" data-end=\"2200\">Efekt antystatyczny<\/strong> pomaga zmniejszy\u0107 przywieranie (szczeg\u00f3lnie w przypadku syntetyk\u00f3w)<\/p>\n<\/li>\n<li data-start=\"2287\" data-end=\"2387\">\n<p data-start=\"2289\" data-end=\"2387\"><strong data-start=\"2289\" data-end=\"2307\">\u0141atwiejsze prasowanie<\/strong>pomaga zmniejszy\u0107 \u201cwalk\u0119\u201d z zagnieceniami<\/p>\n<\/li>\n<li data-start=\"2388\" data-end=\"2514\">\n<p data-start=\"2390\" data-end=\"2514\"><strong data-start=\"2390\" data-end=\"2409\">Do 50 pra\u0144<\/strong> z jednej butelki 500 ml - codzienny luksus, kt\u00f3ry jest naprawd\u0119 praktyczny<\/p>\n<\/li>\n<\/ul>","protected":false},"featured_media":60368,"parent":0,"menu_order":0,"template":"","class_list":["post-54802","product","type-product","status-publish","has-post-thumbnail","hentry","product_category-amarella_2","product_category-laundry-perfume-plus"],"acf":[],"yoast_head":"<!-- This site is optimized with the Yoast SEO Premium plugin v27.4 (Yoast SEO v27.4) - https:\/\/yoast.com\/product\/yoast-seo-premium-wordpress\/ -->\n<title>Amarella Classic Laundry Perfume PLUS | In-Wash Scent Booster<\/title>\n<meta name=\"description\" content=\"In-wash scent booster liquid that perfumes, softens and reduces static. Easier ironing, \u201cfresh laundry\u201d Classic scent, up to 50 washes.\" \/>\n<meta name=\"robots\" content=\"index, follow, max-snippet:-1, max-image-preview:large, max-video-preview:-1\" \/>\n<link rel=\"canonical\" href=\"https:\/\/elixscent.com\/pl\/produkt\/amarella-500-classic\/\" \/>\n<meta property=\"og:locale\" content=\"pl_PL\" \/>\n<meta property=\"og:type\" content=\"article\" \/>\n<meta property=\"og:title\" content=\"AMARELLA PLUS Classic\" \/>\n<meta property=\"og:description\" content=\"In-wash scent booster liquid that perfumes, softens and reduces static. Easier ironing, \u201cfresh laundry\u201d Classic scent, up to 50 washes.\" \/>\n<meta property=\"og:url\" content=\"https:\/\/elixscent.com\/pl\/produkt\/amarella-500-classic\/\" \/>\n<meta property=\"og:site_name\" content=\"ELiX EU air fresheners\" \/>\n<meta property=\"article:modified_time\" content=\"2026-01-27T13:51:43+00:00\" \/>\n<meta property=\"og:image\" content=\"https:\/\/elixscent.com\/wp-content\/uploads\/WEBP_PNG_Amarella500_white_classic_2.0.webp\" \/>\n\t<meta property=\"og:image:width\" content=\"210\" \/>\n\t<meta property=\"og:image:height\" content=\"675\" \/>\n\t<meta property=\"og:image:type\" content=\"image\/webp\" \/>\n<meta name=\"twitter:card\" content=\"summary_large_image\" \/>\n<meta name=\"twitter:label1\" content=\"Szacowany czas czytania\" \/>\n\t<meta name=\"twitter:data1\" content=\"2 minuty\" \/>\n<script type=\"application\/ld+json\" class=\"yoast-schema-graph\">{\"@context\":\"https:\\\/\\\/schema.org\",\"@graph\":[{\"@type\":\"WebPage\",\"@id\":\"https:\\\/\\\/elixscent.com\\\/product\\\/amarella-500-classic\\\/\",\"url\":\"https:\\\/\\\/elixscent.com\\\/product\\\/amarella-500-classic\\\/\",\"name\":\"Amarella Classic Laundry Perfume PLUS | In-Wash Scent Booster\",\"isPartOf\":{\"@id\":\"https:\\\/\\\/elixscent.com\\\/#website\"},\"primaryImageOfPage\":{\"@id\":\"https:\\\/\\\/elixscent.com\\\/product\\\/amarella-500-classic\\\/#primaryimage\"},\"image\":{\"@id\":\"https:\\\/\\\/elixscent.com\\\/product\\\/amarella-500-classic\\\/#primaryimage\"},\"thumbnailUrl\":\"https:\\\/\\\/elixscent.com\\\/wp-content\\\/uploads\\\/WEBP_PNG_Amarella500_white_classic_2.0.webp\",\"datePublished\":\"2024-12-05T08:48:43+00:00\",\"dateModified\":\"2026-01-27T13:51:43+00:00\",\"description\":\"In-wash scent booster liquid that perfumes, softens and reduces static. Easier ironing, \u201cfresh laundry\u201d Classic scent, up to 50 washes.\",\"breadcrumb\":{\"@id\":\"https:\\\/\\\/elixscent.com\\\/product\\\/amarella-500-classic\\\/#breadcrumb\"},\"inLanguage\":\"pl-PL\",\"potentialAction\":[{\"@type\":\"ReadAction\",\"target\":[\"https:\\\/\\\/elixscent.com\\\/product\\\/amarella-500-classic\\\/\"]}]},{\"@type\":\"ImageObject\",\"inLanguage\":\"pl-PL\",\"@id\":\"https:\\\/\\\/elixscent.com\\\/product\\\/amarella-500-classic\\\/#primaryimage\",\"url\":\"https:\\\/\\\/elixscent.com\\\/wp-content\\\/uploads\\\/WEBP_PNG_Amarella500_white_classic_2.0.webp\",\"contentUrl\":\"https:\\\/\\\/elixscent.com\\\/wp-content\\\/uploads\\\/WEBP_PNG_Amarella500_white_classic_2.0.webp\",\"width\":210,\"height\":675,\"caption\":\"in-wash scent booster plus classic\"},{\"@type\":\"BreadcrumbList\",\"@id\":\"https:\\\/\\\/elixscent.com\\\/product\\\/amarella-500-classic\\\/#breadcrumb\",\"itemListElement\":[{\"@type\":\"ListItem\",\"position\":1,\"name\":\"Home\",\"item\":\"https:\\\/\\\/elixscent.com\\\/\"},{\"@type\":\"ListItem\",\"position\":2,\"name\":\"Products\",\"item\":\"https:\\\/\\\/elixscent.com\\\/product\\\/\"},{\"@type\":\"ListItem\",\"position\":3,\"name\":\"AMARELLA scented laundry\",\"item\":\"https:\\\/\\\/elixscent.com\\\/product-category\\\/amarella_2\\\/\"},{\"@type\":\"ListItem\",\"position\":4,\"name\":\"AMARELLA PLUS Classic\"}]},{\"@type\":\"WebSite\",\"@id\":\"https:\\\/\\\/elixscent.com\\\/#website\",\"url\":\"https:\\\/\\\/elixscent.com\\\/\",\"name\":\"ELiX EU air fresheners\",\"description\":\"Air &amp; Fabric, Perfectly Fresh\",\"publisher\":{\"@id\":\"https:\\\/\\\/elixscent.com\\\/#organization\"},\"potentialAction\":[{\"@type\":\"SearchAction\",\"target\":{\"@type\":\"EntryPoint\",\"urlTemplate\":\"https:\\\/\\\/elixscent.com\\\/?s={search_term_string}\"},\"query-input\":{\"@type\":\"PropertyValueSpecification\",\"valueRequired\":true,\"valueName\":\"search_term_string\"}}],\"inLanguage\":\"pl-PL\"},{\"@type\":\"Organization\",\"@id\":\"https:\\\/\\\/elixscent.com\\\/#organization\",\"name\":\"ELIX air freshener manufacturer\",\"url\":\"https:\\\/\\\/elixscent.com\\\/\",\"logo\":{\"@type\":\"ImageObject\",\"inLanguage\":\"pl-PL\",\"@id\":\"https:\\\/\\\/elixscent.com\\\/#\\\/schema\\\/logo\\\/image\\\/\",\"url\":\"https:\\\/\\\/elixscent.com\\\/wp-content\\\/uploads\\\/elix_logo_1.0-_300.jpg\",\"contentUrl\":\"https:\\\/\\\/elixscent.com\\\/wp-content\\\/uploads\\\/elix_logo_1.0-_300.jpg\",\"width\":300,\"height\":257,\"caption\":\"ELIX air freshener manufacturer\"},\"image\":{\"@id\":\"https:\\\/\\\/elixscent.com\\\/#\\\/schema\\\/logo\\\/image\\\/\"},\"sameAs\":[\"https:\\\/\\\/www.linkedin.com\\\/company\\\/30084929\"]}]}<\/script>\n<!-- \/ Yoast SEO Premium plugin. -->","yoast_head_json":{"title":"Amarella Classic Laundry Perfume PLUS | Wzmacniacz zapachu w praniu","description":"Wzmacniaj\u0105cy zapach p\u0142yn do prania, kt\u00f3ry perfumuje, zmi\u0119kcza i ogranicza elektryzowanie si\u0119 tkanin. \u0141atwiejsze prasowanie, \u201c\u015bwie\u017ce pranie\u201d Klasyczny zapach, do 50 pra\u0144.","robots":{"index":"index","follow":"follow","max-snippet":"max-snippet:-1","max-image-preview":"max-image-preview:large","max-video-preview":"max-video-preview:-1"},"canonical":"https:\/\/elixscent.com\/pl\/produkt\/amarella-500-classic\/","og_locale":"pl_PL","og_type":"article","og_title":"AMARELLA PLUS Classic","og_description":"In-wash scent booster liquid that perfumes, softens and reduces static. Easier ironing, \u201cfresh laundry\u201d Classic scent, up to 50 washes.","og_url":"https:\/\/elixscent.com\/pl\/produkt\/amarella-500-classic\/","og_site_name":"ELiX EU air fresheners","article_modified_time":"2026-01-27T13:51:43+00:00","og_image":[{"width":210,"height":675,"url":"https:\/\/elixscent.com\/wp-content\/uploads\/WEBP_PNG_Amarella500_white_classic_2.0.webp","type":"image\/webp"}],"twitter_card":"summary_large_image","twitter_misc":{"Szacowany czas czytania":"2 minuty"},"schema":{"@context":"https:\/\/schema.org","@graph":[{"@type":"WebPage","@id":"https:\/\/elixscent.com\/product\/amarella-500-classic\/","url":"https:\/\/elixscent.com\/product\/amarella-500-classic\/","name":"Amarella Classic Laundry Perfume PLUS | Wzmacniacz zapachu w praniu","isPartOf":{"@id":"https:\/\/elixscent.com\/#website"},"primaryImageOfPage":{"@id":"https:\/\/elixscent.com\/product\/amarella-500-classic\/#primaryimage"},"image":{"@id":"https:\/\/elixscent.com\/product\/amarella-500-classic\/#primaryimage"},"thumbnailUrl":"https:\/\/elixscent.com\/wp-content\/uploads\/WEBP_PNG_Amarella500_white_classic_2.0.webp","datePublished":"2024-12-05T08:48:43+00:00","dateModified":"2026-01-27T13:51:43+00:00","description":"Wzmacniaj\u0105cy zapach p\u0142yn do prania, kt\u00f3ry perfumuje, zmi\u0119kcza i ogranicza elektryzowanie si\u0119 tkanin. \u0141atwiejsze prasowanie, \u201c\u015bwie\u017ce pranie\u201d Klasyczny zapach, do 50 pra\u0144.","breadcrumb":{"@id":"https:\/\/elixscent.com\/product\/amarella-500-classic\/#breadcrumb"},"inLanguage":"pl-PL","potentialAction":[{"@type":"ReadAction","target":["https:\/\/elixscent.com\/product\/amarella-500-classic\/"]}]},{"@type":"ImageObject","inLanguage":"pl-PL","@id":"https:\/\/elixscent.com\/product\/amarella-500-classic\/#primaryimage","url":"https:\/\/elixscent.com\/wp-content\/uploads\/WEBP_PNG_Amarella500_white_classic_2.0.webp","contentUrl":"https:\/\/elixscent.com\/wp-content\/uploads\/WEBP_PNG_Amarella500_white_classic_2.0.webp","width":210,"height":675,"caption":"in-wash scent booster plus classic"},{"@type":"BreadcrumbList","@id":"https:\/\/elixscent.com\/product\/amarella-500-classic\/#breadcrumb","itemListElement":[{"@type":"ListItem","position":1,"name":"Home","item":"https:\/\/elixscent.com\/"},{"@type":"ListItem","position":2,"name":"Products","item":"https:\/\/elixscent.com\/product\/"},{"@type":"ListItem","position":3,"name":"AMARELLA scented laundry","item":"https:\/\/elixscent.com\/product-category\/amarella_2\/"},{"@type":"ListItem","position":4,"name":"AMARELLA PLUS Classic"}]},{"@type":"WebSite","@id":"https:\/\/elixscent.com\/#website","url":"https:\/\/elixscent.com\/","name":"Od\u015bwie\u017cacze powietrza ELiX EU","description":"Powietrze i tkaniny, idealnie \u015bwie\u017ce","publisher":{"@id":"https:\/\/elixscent.com\/#organization"},"potentialAction":[{"@type":"SearchAction","target":{"@type":"EntryPoint","urlTemplate":"https:\/\/elixscent.com\/?s={search_term_string}"},"query-input":{"@type":"PropertyValueSpecification","valueRequired":true,"valueName":"search_term_string"}}],"inLanguage":"pl-PL"},{"@type":"Organization","@id":"https:\/\/elixscent.com\/#organization","name":"Producent od\u015bwie\u017caczy powietrza ELIX","url":"https:\/\/elixscent.com\/","logo":{"@type":"ImageObject","inLanguage":"pl-PL","@id":"https:\/\/elixscent.com\/#\/schema\/logo\/image\/","url":"https:\/\/elixscent.com\/wp-content\/uploads\/elix_logo_1.0-_300.jpg","contentUrl":"https:\/\/elixscent.com\/wp-content\/uploads\/elix_logo_1.0-_300.jpg","width":300,"height":257,"caption":"ELIX air freshener manufacturer"},"image":{"@id":"https:\/\/elixscent.com\/#\/schema\/logo\/image\/"},"sameAs":["https:\/\/www.linkedin.com\/company\/30084929"]}]}},"_links":{"self":[{"href":"https:\/\/elixscent.com\/pl\/wp-json\/wp\/v2\/product\/54802","targetHints":{"allow":["GET"]}}],"collection":[{"href":"https:\/\/elixscent.com\/pl\/wp-json\/wp\/v2\/product"}],"about":[{"href":"https:\/\/elixscent.com\/pl\/wp-json\/wp\/v2\/types\/product"}],"version-history":[{"count":8,"href":"https:\/\/elixscent.com\/pl\/wp-json\/wp\/v2\/product\/54802\/revisions"}],"predecessor-version":[{"id":60371,"href":"https:\/\/elixscent.com\/pl\/wp-json\/wp\/v2\/product\/54802\/revisions\/60371"}],"wp:featuredmedia":[{"embeddable":true,"href":"https:\/\/elixscent.com\/pl\/wp-json\/wp\/v2\/media\/60368"}],"wp:attachment":[{"href":"https:\/\/elixscent.com\/pl\/wp-json\/wp\/v2\/media?parent=54802"}],"curies":[{"name":"wp","href":"https:\/\/api.w.org\/{rel}","templated":true}]}}