{"id":51337,"date":"2024-07-10T09:51:46","date_gmt":"2024-07-10T09:51:46","guid":{"rendered":"https:\/\/elixscent.com\/?post_type=product&#038;p=51337"},"modified":"2024-10-15T10:42:44","modified_gmt":"2024-10-15T10:42:44","slug":"lawenda-mieta-pieprzowa","status":"publish","type":"product","link":"https:\/\/elixscent.com\/pl\/product\/lavender-peppermint\/","title":{"rendered":"Olejek eteryczny lawenda i mi\u0119ta pieprzowa"},"content":{"rendered":"<p>Naturalny olejek eteryczny Lavender &amp; Peppermint to orze\u017awiaj\u0105ca mieszanka, kt\u00f3ra pobudza zmys\u0142y i sprzyja relaksowi. Ten olejek eteryczny \u0142\u0105czy w sobie uspokajaj\u0105ce kwiatowe nuty lawendy z ch\u0142odnym, mi\u0119towym zapachem mi\u0119ty pieprzowej, tworz\u0105c harmonijny i rewitalizuj\u0105cy zapach.<\/p>\n<p>Lawenda jest znana ze swoich koj\u0105cych i uspokajaj\u0105cych w\u0142a\u015bciwo\u015bci, kt\u00f3re sprzyjaj\u0105 relaksacji i \u0142agodzeniu stresu, podczas gdy mi\u0119ta pieprzowa zapewnia orze\u017awiaj\u0105cy i energetyzuj\u0105cy efekt, kt\u00f3ry podnosi na duchu i poprawia koncentracj\u0119. Razem tworz\u0105 zr\u00f3wnowa\u017cony i odm\u0142adzaj\u0105cy zapach.<\/p>\n<p><span id=\"span-23-132\" class=\"ct-span oxy-stock-content-styles\"><em>&gt;&gt; Je\u015bli chcesz kupi\u0107, odwied\u017a nasz sklep:<\/em> <a class=\"_ps2id\" href=\"https:\/\/airfresh24.com\/product-category\/fragrance_oil\/\" data-ps2id-offset=\"\"><strong>www.airfresh24.com<\/strong><\/a><\/span><\/p>","protected":false},"featured_media":51338,"parent":0,"menu_order":0,"template":"","class_list":["post-51337","product","type-product","status-publish","has-post-thumbnail","hentry","product_category-essential-oils"],"acf":[],"yoast_head":"<!-- This site is optimized with the Yoast SEO Premium plugin v27.4 (Yoast SEO v27.4) - https:\/\/yoast.com\/product\/yoast-seo-premium-wordpress\/ -->\n<title>Lavender &amp; Peppermint essential oil<\/title>\n<meta name=\"description\" content=\"Discover the amazing properties of lavender and peppermint essential oil. A balanced and refreshing fragrance that works on the senses and the mind.\" \/>\n<meta name=\"robots\" content=\"index, follow, max-snippet:-1, max-image-preview:large, max-video-preview:-1\" \/>\n<link rel=\"canonical\" href=\"https:\/\/elixscent.com\/pl\/produkt\/lawenda-mieta-pieprzowa\/\" \/>\n<meta property=\"og:locale\" content=\"pl_PL\" \/>\n<meta property=\"og:type\" content=\"article\" \/>\n<meta property=\"og:title\" content=\"Essential Oil Lavender &amp; Peppermint\" \/>\n<meta property=\"og:description\" content=\"Discover the amazing properties of lavender and peppermint essential oil. A balanced and refreshing fragrance that works on the senses and the mind.\" \/>\n<meta property=\"og:url\" content=\"https:\/\/elixscent.com\/pl\/produkt\/lawenda-mieta-pieprzowa\/\" \/>\n<meta property=\"og:site_name\" content=\"ELiX EU air fresheners\" \/>\n<meta property=\"article:modified_time\" content=\"2024-10-15T10:42:44+00:00\" \/>\n<meta property=\"og:image\" content=\"https:\/\/elixscent.com\/wp-content\/uploads\/50ml_LAVENDERPEPPERMINT_1.0.webp\" \/>\n\t<meta property=\"og:image:width\" content=\"2048\" \/>\n\t<meta property=\"og:image:height\" content=\"2048\" \/>\n\t<meta property=\"og:image:type\" content=\"image\/webp\" \/>\n<meta name=\"twitter:card\" content=\"summary_large_image\" \/>\n<meta name=\"twitter:label1\" content=\"Szacowany czas czytania\" \/>\n\t<meta name=\"twitter:data1\" content=\"1 minuta\" \/>\n<script type=\"application\/ld+json\" class=\"yoast-schema-graph\">{\"@context\":\"https:\\\/\\\/schema.org\",\"@graph\":[{\"@type\":\"WebPage\",\"@id\":\"https:\\\/\\\/elixscent.com\\\/product\\\/lavender-peppermint\\\/\",\"url\":\"https:\\\/\\\/elixscent.com\\\/product\\\/lavender-peppermint\\\/\",\"name\":\"Lavender & Peppermint essential oil\",\"isPartOf\":{\"@id\":\"https:\\\/\\\/elixscent.com\\\/#website\"},\"primaryImageOfPage\":{\"@id\":\"https:\\\/\\\/elixscent.com\\\/product\\\/lavender-peppermint\\\/#primaryimage\"},\"image\":{\"@id\":\"https:\\\/\\\/elixscent.com\\\/product\\\/lavender-peppermint\\\/#primaryimage\"},\"thumbnailUrl\":\"https:\\\/\\\/elixscent.com\\\/wp-content\\\/uploads\\\/50ml_LAVENDERPEPPERMINT_1.0.webp\",\"datePublished\":\"2024-07-10T09:51:46+00:00\",\"dateModified\":\"2024-10-15T10:42:44+00:00\",\"description\":\"Discover the amazing properties of lavender and peppermint essential oil. A balanced and refreshing fragrance that works on the senses and the mind.\",\"breadcrumb\":{\"@id\":\"https:\\\/\\\/elixscent.com\\\/product\\\/lavender-peppermint\\\/#breadcrumb\"},\"inLanguage\":\"pl-PL\",\"potentialAction\":[{\"@type\":\"ReadAction\",\"target\":[\"https:\\\/\\\/elixscent.com\\\/product\\\/lavender-peppermint\\\/\"]}]},{\"@type\":\"ImageObject\",\"inLanguage\":\"pl-PL\",\"@id\":\"https:\\\/\\\/elixscent.com\\\/product\\\/lavender-peppermint\\\/#primaryimage\",\"url\":\"https:\\\/\\\/elixscent.com\\\/wp-content\\\/uploads\\\/50ml_LAVENDERPEPPERMINT_1.0.webp\",\"contentUrl\":\"https:\\\/\\\/elixscent.com\\\/wp-content\\\/uploads\\\/50ml_LAVENDERPEPPERMINT_1.0.webp\",\"width\":2048,\"height\":2048,\"caption\":\"50ml LAVENDERPEPPERMINT 1.0\"},{\"@type\":\"BreadcrumbList\",\"@id\":\"https:\\\/\\\/elixscent.com\\\/product\\\/lavender-peppermint\\\/#breadcrumb\",\"itemListElement\":[{\"@type\":\"ListItem\",\"position\":1,\"name\":\"Home\",\"item\":\"https:\\\/\\\/elixscent.com\\\/\"},{\"@type\":\"ListItem\",\"position\":2,\"name\":\"Products\",\"item\":\"https:\\\/\\\/elixscent.com\\\/product\\\/\"},{\"@type\":\"ListItem\",\"position\":3,\"name\":\"ESSENTIAL OIL\",\"item\":\"https:\\\/\\\/elixscent.com\\\/product-category\\\/essential-oils\\\/\"},{\"@type\":\"ListItem\",\"position\":4,\"name\":\"Essential Oil Lavender &#038; Peppermint\"}]},{\"@type\":\"WebSite\",\"@id\":\"https:\\\/\\\/elixscent.com\\\/#website\",\"url\":\"https:\\\/\\\/elixscent.com\\\/\",\"name\":\"ELiX EU air fresheners\",\"description\":\"Air &amp; Fabric, Perfectly Fresh\",\"publisher\":{\"@id\":\"https:\\\/\\\/elixscent.com\\\/#organization\"},\"potentialAction\":[{\"@type\":\"SearchAction\",\"target\":{\"@type\":\"EntryPoint\",\"urlTemplate\":\"https:\\\/\\\/elixscent.com\\\/?s={search_term_string}\"},\"query-input\":{\"@type\":\"PropertyValueSpecification\",\"valueRequired\":true,\"valueName\":\"search_term_string\"}}],\"inLanguage\":\"pl-PL\"},{\"@type\":\"Organization\",\"@id\":\"https:\\\/\\\/elixscent.com\\\/#organization\",\"name\":\"ELIX air freshener manufacturer\",\"url\":\"https:\\\/\\\/elixscent.com\\\/\",\"logo\":{\"@type\":\"ImageObject\",\"inLanguage\":\"pl-PL\",\"@id\":\"https:\\\/\\\/elixscent.com\\\/#\\\/schema\\\/logo\\\/image\\\/\",\"url\":\"https:\\\/\\\/elixscent.com\\\/wp-content\\\/uploads\\\/elix_logo_1.0-_300.jpg\",\"contentUrl\":\"https:\\\/\\\/elixscent.com\\\/wp-content\\\/uploads\\\/elix_logo_1.0-_300.jpg\",\"width\":300,\"height\":257,\"caption\":\"ELIX air freshener manufacturer\"},\"image\":{\"@id\":\"https:\\\/\\\/elixscent.com\\\/#\\\/schema\\\/logo\\\/image\\\/\"},\"sameAs\":[\"https:\\\/\\\/www.linkedin.com\\\/company\\\/30084929\"]}]}<\/script>\n<!-- \/ Yoast SEO Premium plugin. -->","yoast_head_json":{"title":"Olejek eteryczny z lawendy i mi\u0119ty pieprzowej","description":"Odkryj niesamowite w\u0142a\u015bciwo\u015bci olejku eterycznego z lawendy i mi\u0119ty pieprzowej. Zr\u00f3wnowa\u017cony i od\u015bwie\u017caj\u0105cy zapach, kt\u00f3ry dzia\u0142a na zmys\u0142y i umys\u0142.","robots":{"index":"index","follow":"follow","max-snippet":"max-snippet:-1","max-image-preview":"max-image-preview:large","max-video-preview":"max-video-preview:-1"},"canonical":"https:\/\/elixscent.com\/pl\/produkt\/lawenda-mieta-pieprzowa\/","og_locale":"pl_PL","og_type":"article","og_title":"Essential Oil Lavender & Peppermint","og_description":"Discover the amazing properties of lavender and peppermint essential oil. A balanced and refreshing fragrance that works on the senses and the mind.","og_url":"https:\/\/elixscent.com\/pl\/produkt\/lawenda-mieta-pieprzowa\/","og_site_name":"ELiX EU air fresheners","article_modified_time":"2024-10-15T10:42:44+00:00","og_image":[{"width":2048,"height":2048,"url":"https:\/\/elixscent.com\/wp-content\/uploads\/50ml_LAVENDERPEPPERMINT_1.0.webp","type":"image\/webp"}],"twitter_card":"summary_large_image","twitter_misc":{"Szacowany czas czytania":"1 minuta"},"schema":{"@context":"https:\/\/schema.org","@graph":[{"@type":"WebPage","@id":"https:\/\/elixscent.com\/product\/lavender-peppermint\/","url":"https:\/\/elixscent.com\/product\/lavender-peppermint\/","name":"Olejek eteryczny z lawendy i mi\u0119ty pieprzowej","isPartOf":{"@id":"https:\/\/elixscent.com\/#website"},"primaryImageOfPage":{"@id":"https:\/\/elixscent.com\/product\/lavender-peppermint\/#primaryimage"},"image":{"@id":"https:\/\/elixscent.com\/product\/lavender-peppermint\/#primaryimage"},"thumbnailUrl":"https:\/\/elixscent.com\/wp-content\/uploads\/50ml_LAVENDERPEPPERMINT_1.0.webp","datePublished":"2024-07-10T09:51:46+00:00","dateModified":"2024-10-15T10:42:44+00:00","description":"Odkryj niesamowite w\u0142a\u015bciwo\u015bci olejku eterycznego z lawendy i mi\u0119ty pieprzowej. Zr\u00f3wnowa\u017cony i od\u015bwie\u017caj\u0105cy zapach, kt\u00f3ry dzia\u0142a na zmys\u0142y i umys\u0142.","breadcrumb":{"@id":"https:\/\/elixscent.com\/product\/lavender-peppermint\/#breadcrumb"},"inLanguage":"pl-PL","potentialAction":[{"@type":"ReadAction","target":["https:\/\/elixscent.com\/product\/lavender-peppermint\/"]}]},{"@type":"ImageObject","inLanguage":"pl-PL","@id":"https:\/\/elixscent.com\/product\/lavender-peppermint\/#primaryimage","url":"https:\/\/elixscent.com\/wp-content\/uploads\/50ml_LAVENDERPEPPERMINT_1.0.webp","contentUrl":"https:\/\/elixscent.com\/wp-content\/uploads\/50ml_LAVENDERPEPPERMINT_1.0.webp","width":2048,"height":2048,"caption":"50ml LAVENDERPEPPERMINT 1.0"},{"@type":"BreadcrumbList","@id":"https:\/\/elixscent.com\/product\/lavender-peppermint\/#breadcrumb","itemListElement":[{"@type":"ListItem","position":1,"name":"Home","item":"https:\/\/elixscent.com\/"},{"@type":"ListItem","position":2,"name":"Products","item":"https:\/\/elixscent.com\/product\/"},{"@type":"ListItem","position":3,"name":"ESSENTIAL OIL","item":"https:\/\/elixscent.com\/product-category\/essential-oils\/"},{"@type":"ListItem","position":4,"name":"Essential Oil Lavender &#038; Peppermint"}]},{"@type":"WebSite","@id":"https:\/\/elixscent.com\/#website","url":"https:\/\/elixscent.com\/","name":"Od\u015bwie\u017cacze powietrza ELiX EU","description":"Powietrze i tkaniny, idealnie \u015bwie\u017ce","publisher":{"@id":"https:\/\/elixscent.com\/#organization"},"potentialAction":[{"@type":"SearchAction","target":{"@type":"EntryPoint","urlTemplate":"https:\/\/elixscent.com\/?s={search_term_string}"},"query-input":{"@type":"PropertyValueSpecification","valueRequired":true,"valueName":"search_term_string"}}],"inLanguage":"pl-PL"},{"@type":"Organization","@id":"https:\/\/elixscent.com\/#organization","name":"Producent od\u015bwie\u017caczy powietrza ELIX","url":"https:\/\/elixscent.com\/","logo":{"@type":"ImageObject","inLanguage":"pl-PL","@id":"https:\/\/elixscent.com\/#\/schema\/logo\/image\/","url":"https:\/\/elixscent.com\/wp-content\/uploads\/elix_logo_1.0-_300.jpg","contentUrl":"https:\/\/elixscent.com\/wp-content\/uploads\/elix_logo_1.0-_300.jpg","width":300,"height":257,"caption":"ELIX air freshener manufacturer"},"image":{"@id":"https:\/\/elixscent.com\/#\/schema\/logo\/image\/"},"sameAs":["https:\/\/www.linkedin.com\/company\/30084929"]}]}},"_links":{"self":[{"href":"https:\/\/elixscent.com\/pl\/wp-json\/wp\/v2\/product\/51337","targetHints":{"allow":["GET"]}}],"collection":[{"href":"https:\/\/elixscent.com\/pl\/wp-json\/wp\/v2\/product"}],"about":[{"href":"https:\/\/elixscent.com\/pl\/wp-json\/wp\/v2\/types\/product"}],"version-history":[{"count":2,"href":"https:\/\/elixscent.com\/pl\/wp-json\/wp\/v2\/product\/51337\/revisions"}],"predecessor-version":[{"id":53512,"href":"https:\/\/elixscent.com\/pl\/wp-json\/wp\/v2\/product\/51337\/revisions\/53512"}],"wp:featuredmedia":[{"embeddable":true,"href":"https:\/\/elixscent.com\/pl\/wp-json\/wp\/v2\/media\/51338"}],"wp:attachment":[{"href":"https:\/\/elixscent.com\/pl\/wp-json\/wp\/v2\/media?parent=51337"}],"curies":[{"name":"wp","href":"https:\/\/api.w.org\/{rel}","templated":true}]}}