{"id":29629,"date":"2023-06-29T12:22:49","date_gmt":"2023-06-29T12:22:49","guid":{"rendered":"https:\/\/elixscent.com\/?post_type=product&#038;p=29629"},"modified":"2024-10-14T13:17:52","modified_gmt":"2024-10-14T13:17:52","slug":"hp_bawelna","status":"publish","type":"product","link":"https:\/\/elixscent.com\/pl\/product\/hp_cotton\/","title":{"rendered":"Strona g\u0142\u00f3wna Perfumy Cotton &amp; Fresh Wind"},"content":{"rendered":"<p>Elegancki szklany flakon o pojemno\u015bci 100 ml emanuje wyrafinowaniem, bez wysi\u0142ku podkre\u015blaj\u0105c estetyk\u0119 wystroju domu. Opakowanie zawiera zestaw wysokiej jako\u015bci patyczk\u00f3w trzcinowych, starannie zaprojektowanych, aby zmaksymalizowa\u0107 dyfuzj\u0119 zapachu, zapewniaj\u0105c sp\u00f3jne i przyjemne doznania.<\/p>\n<p><span id=\"span-23-132\" class=\"ct-span oxy-stock-content-styles\"><em>&gt;&gt; Je\u015bli chcesz kupi\u0107, odwied\u017a nasz sklep:<\/em> <a class=\"_ps2id\" href=\"https:\/\/airfresh24.com\/products\/shop\/home-perfume-100\/\" data-ps2id-offset=\"\"><strong>www.airfresh24.com<\/strong><\/a><\/span><\/p>","protected":false},"featured_media":29628,"parent":0,"menu_order":0,"template":"","class_list":["post-29629","product","type-product","status-publish","has-post-thumbnail","hentry","product_category-hp100","product_category-home"],"acf":[],"yoast_head":"<!-- This site is optimized with the Yoast SEO Premium plugin v27.4 (Yoast SEO v27.4) - https:\/\/yoast.com\/product\/yoast-seo-premium-wordpress\/ -->\n<title>Home Perfume Cotton &amp; Fresh Wind - ELiX EU air fresheners<\/title>\n<meta name=\"description\" content=\"With its elegant design, the 100ml glass bottle exudes sophistication, effortlessly enhancing the aesthetics of your home decor. The package includes a set of high-quality reed sticks, carefully designed to maximize scent diffusion for a consistent and delightful experience.\" \/>\n<meta name=\"robots\" content=\"index, follow, max-snippet:-1, max-image-preview:large, max-video-preview:-1\" \/>\n<link rel=\"canonical\" href=\"https:\/\/elixscent.com\/pl\/produkt\/hp_bawelna\/\" \/>\n<meta property=\"og:locale\" content=\"pl_PL\" \/>\n<meta property=\"og:type\" content=\"article\" \/>\n<meta property=\"og:title\" content=\"Home Perfume Cotton &amp; Fresh Wind\" \/>\n<meta property=\"og:description\" content=\"With its elegant design, the 100ml glass bottle exudes sophistication, effortlessly enhancing the aesthetics of your home decor. The package includes a set of high-quality reed sticks, carefully designed to maximize scent diffusion for a consistent and delightful experience.\" \/>\n<meta property=\"og:url\" content=\"https:\/\/elixscent.com\/pl\/produkt\/hp_bawelna\/\" \/>\n<meta property=\"og:site_name\" content=\"ELiX EU air fresheners\" \/>\n<meta property=\"article:modified_time\" content=\"2024-10-14T13:17:52+00:00\" \/>\n<meta property=\"og:image\" content=\"https:\/\/elixscent.com\/wp-content\/uploads\/RF100_cottonfreshwind_fut-png.png\" \/>\n\t<meta property=\"og:image:width\" content=\"462\" \/>\n\t<meta property=\"og:image:height\" content=\"520\" \/>\n\t<meta property=\"og:image:type\" content=\"image\/png\" \/>\n<meta name=\"twitter:card\" content=\"summary_large_image\" \/>\n<meta name=\"twitter:label1\" content=\"Szacowany czas czytania\" \/>\n\t<meta name=\"twitter:data1\" content=\"1 minuta\" \/>\n<script type=\"application\/ld+json\" class=\"yoast-schema-graph\">{\"@context\":\"https:\\\/\\\/schema.org\",\"@graph\":[{\"@type\":\"WebPage\",\"@id\":\"https:\\\/\\\/elixscent.com\\\/product\\\/hp_cotton\\\/\",\"url\":\"https:\\\/\\\/elixscent.com\\\/product\\\/hp_cotton\\\/\",\"name\":\"Home Perfume Cotton & Fresh Wind - ELiX EU air fresheners\",\"isPartOf\":{\"@id\":\"https:\\\/\\\/elixscent.com\\\/#website\"},\"primaryImageOfPage\":{\"@id\":\"https:\\\/\\\/elixscent.com\\\/product\\\/hp_cotton\\\/#primaryimage\"},\"image\":{\"@id\":\"https:\\\/\\\/elixscent.com\\\/product\\\/hp_cotton\\\/#primaryimage\"},\"thumbnailUrl\":\"https:\\\/\\\/elixscent.com\\\/wp-content\\\/uploads\\\/RF100_cottonfreshwind_fut-png.png\",\"datePublished\":\"2023-06-29T12:22:49+00:00\",\"dateModified\":\"2024-10-14T13:17:52+00:00\",\"description\":\"With its elegant design, the 100ml glass bottle exudes sophistication, effortlessly enhancing the aesthetics of your home decor. The package includes a set of high-quality reed sticks, carefully designed to maximize scent diffusion for a consistent and delightful experience.\",\"breadcrumb\":{\"@id\":\"https:\\\/\\\/elixscent.com\\\/product\\\/hp_cotton\\\/#breadcrumb\"},\"inLanguage\":\"pl-PL\",\"potentialAction\":[{\"@type\":\"ReadAction\",\"target\":[\"https:\\\/\\\/elixscent.com\\\/product\\\/hp_cotton\\\/\"]}]},{\"@type\":\"ImageObject\",\"inLanguage\":\"pl-PL\",\"@id\":\"https:\\\/\\\/elixscent.com\\\/product\\\/hp_cotton\\\/#primaryimage\",\"url\":\"https:\\\/\\\/elixscent.com\\\/wp-content\\\/uploads\\\/RF100_cottonfreshwind_fut-png.png\",\"contentUrl\":\"https:\\\/\\\/elixscent.com\\\/wp-content\\\/uploads\\\/RF100_cottonfreshwind_fut-png.png\",\"width\":462,\"height\":520,\"caption\":\"RF100 cottonfreshwind fut png\"},{\"@type\":\"BreadcrumbList\",\"@id\":\"https:\\\/\\\/elixscent.com\\\/product\\\/hp_cotton\\\/#breadcrumb\",\"itemListElement\":[{\"@type\":\"ListItem\",\"position\":1,\"name\":\"Home\",\"item\":\"https:\\\/\\\/elixscent.com\\\/\"},{\"@type\":\"ListItem\",\"position\":2,\"name\":\"Products\",\"item\":\"https:\\\/\\\/elixscent.com\\\/product\\\/\"},{\"@type\":\"ListItem\",\"position\":3,\"name\":\"HOME PERFUME\",\"item\":\"https:\\\/\\\/elixscent.com\\\/product-category\\\/home\\\/\"},{\"@type\":\"ListItem\",\"position\":4,\"name\":\"Home Perfume Cotton &#038; Fresh Wind\"}]},{\"@type\":\"WebSite\",\"@id\":\"https:\\\/\\\/elixscent.com\\\/#website\",\"url\":\"https:\\\/\\\/elixscent.com\\\/\",\"name\":\"ELiX EU air fresheners\",\"description\":\"Air &amp; Fabric, Perfectly Fresh\",\"publisher\":{\"@id\":\"https:\\\/\\\/elixscent.com\\\/#organization\"},\"potentialAction\":[{\"@type\":\"SearchAction\",\"target\":{\"@type\":\"EntryPoint\",\"urlTemplate\":\"https:\\\/\\\/elixscent.com\\\/?s={search_term_string}\"},\"query-input\":{\"@type\":\"PropertyValueSpecification\",\"valueRequired\":true,\"valueName\":\"search_term_string\"}}],\"inLanguage\":\"pl-PL\"},{\"@type\":\"Organization\",\"@id\":\"https:\\\/\\\/elixscent.com\\\/#organization\",\"name\":\"ELIX air freshener manufacturer\",\"url\":\"https:\\\/\\\/elixscent.com\\\/\",\"logo\":{\"@type\":\"ImageObject\",\"inLanguage\":\"pl-PL\",\"@id\":\"https:\\\/\\\/elixscent.com\\\/#\\\/schema\\\/logo\\\/image\\\/\",\"url\":\"https:\\\/\\\/elixscent.com\\\/wp-content\\\/uploads\\\/elix_logo_1.0-_300.jpg\",\"contentUrl\":\"https:\\\/\\\/elixscent.com\\\/wp-content\\\/uploads\\\/elix_logo_1.0-_300.jpg\",\"width\":300,\"height\":257,\"caption\":\"ELIX air freshener manufacturer\"},\"image\":{\"@id\":\"https:\\\/\\\/elixscent.com\\\/#\\\/schema\\\/logo\\\/image\\\/\"},\"sameAs\":[\"https:\\\/\\\/www.linkedin.com\\\/company\\\/30084929\"]}]}<\/script>\n<!-- \/ Yoast SEO Premium plugin. -->","yoast_head_json":{"title":"Home Perfume Cotton &amp; Fresh Wind - od\u015bwie\u017cacze powietrza ELiX EU","description":"Elegancki szklany flakon o pojemno\u015bci 100 ml emanuje wyrafinowaniem, bez wysi\u0142ku podkre\u015blaj\u0105c estetyk\u0119 wystroju domu. Opakowanie zawiera zestaw wysokiej jako\u015bci patyczk\u00f3w trzcinowych, starannie zaprojektowanych, aby zmaksymalizowa\u0107 dyfuzj\u0119 zapachu, zapewniaj\u0105c sp\u00f3jne i przyjemne doznania.","robots":{"index":"index","follow":"follow","max-snippet":"max-snippet:-1","max-image-preview":"max-image-preview:large","max-video-preview":"max-video-preview:-1"},"canonical":"https:\/\/elixscent.com\/pl\/produkt\/hp_bawelna\/","og_locale":"pl_PL","og_type":"article","og_title":"Home Perfume Cotton & Fresh Wind","og_description":"With its elegant design, the 100ml glass bottle exudes sophistication, effortlessly enhancing the aesthetics of your home decor. The package includes a set of high-quality reed sticks, carefully designed to maximize scent diffusion for a consistent and delightful experience.","og_url":"https:\/\/elixscent.com\/pl\/produkt\/hp_bawelna\/","og_site_name":"ELiX EU air fresheners","article_modified_time":"2024-10-14T13:17:52+00:00","og_image":[{"width":462,"height":520,"url":"https:\/\/elixscent.com\/wp-content\/uploads\/RF100_cottonfreshwind_fut-png.png","type":"image\/png"}],"twitter_card":"summary_large_image","twitter_misc":{"Szacowany czas czytania":"1 minuta"},"schema":{"@context":"https:\/\/schema.org","@graph":[{"@type":"WebPage","@id":"https:\/\/elixscent.com\/product\/hp_cotton\/","url":"https:\/\/elixscent.com\/product\/hp_cotton\/","name":"Home Perfume Cotton &amp; Fresh Wind - od\u015bwie\u017cacze powietrza ELiX EU","isPartOf":{"@id":"https:\/\/elixscent.com\/#website"},"primaryImageOfPage":{"@id":"https:\/\/elixscent.com\/product\/hp_cotton\/#primaryimage"},"image":{"@id":"https:\/\/elixscent.com\/product\/hp_cotton\/#primaryimage"},"thumbnailUrl":"https:\/\/elixscent.com\/wp-content\/uploads\/RF100_cottonfreshwind_fut-png.png","datePublished":"2023-06-29T12:22:49+00:00","dateModified":"2024-10-14T13:17:52+00:00","description":"Elegancki szklany flakon o pojemno\u015bci 100 ml emanuje wyrafinowaniem, bez wysi\u0142ku podkre\u015blaj\u0105c estetyk\u0119 wystroju domu. Opakowanie zawiera zestaw wysokiej jako\u015bci patyczk\u00f3w trzcinowych, starannie zaprojektowanych, aby zmaksymalizowa\u0107 dyfuzj\u0119 zapachu, zapewniaj\u0105c sp\u00f3jne i przyjemne doznania.","breadcrumb":{"@id":"https:\/\/elixscent.com\/product\/hp_cotton\/#breadcrumb"},"inLanguage":"pl-PL","potentialAction":[{"@type":"ReadAction","target":["https:\/\/elixscent.com\/product\/hp_cotton\/"]}]},{"@type":"ImageObject","inLanguage":"pl-PL","@id":"https:\/\/elixscent.com\/product\/hp_cotton\/#primaryimage","url":"https:\/\/elixscent.com\/wp-content\/uploads\/RF100_cottonfreshwind_fut-png.png","contentUrl":"https:\/\/elixscent.com\/wp-content\/uploads\/RF100_cottonfreshwind_fut-png.png","width":462,"height":520,"caption":"RF100 cottonfreshwind fut png"},{"@type":"BreadcrumbList","@id":"https:\/\/elixscent.com\/product\/hp_cotton\/#breadcrumb","itemListElement":[{"@type":"ListItem","position":1,"name":"Home","item":"https:\/\/elixscent.com\/"},{"@type":"ListItem","position":2,"name":"Products","item":"https:\/\/elixscent.com\/product\/"},{"@type":"ListItem","position":3,"name":"HOME PERFUME","item":"https:\/\/elixscent.com\/product-category\/home\/"},{"@type":"ListItem","position":4,"name":"Home Perfume Cotton &#038; Fresh Wind"}]},{"@type":"WebSite","@id":"https:\/\/elixscent.com\/#website","url":"https:\/\/elixscent.com\/","name":"Od\u015bwie\u017cacze powietrza ELiX EU","description":"Powietrze i tkaniny, idealnie \u015bwie\u017ce","publisher":{"@id":"https:\/\/elixscent.com\/#organization"},"potentialAction":[{"@type":"SearchAction","target":{"@type":"EntryPoint","urlTemplate":"https:\/\/elixscent.com\/?s={search_term_string}"},"query-input":{"@type":"PropertyValueSpecification","valueRequired":true,"valueName":"search_term_string"}}],"inLanguage":"pl-PL"},{"@type":"Organization","@id":"https:\/\/elixscent.com\/#organization","name":"Producent od\u015bwie\u017caczy powietrza ELIX","url":"https:\/\/elixscent.com\/","logo":{"@type":"ImageObject","inLanguage":"pl-PL","@id":"https:\/\/elixscent.com\/#\/schema\/logo\/image\/","url":"https:\/\/elixscent.com\/wp-content\/uploads\/elix_logo_1.0-_300.jpg","contentUrl":"https:\/\/elixscent.com\/wp-content\/uploads\/elix_logo_1.0-_300.jpg","width":300,"height":257,"caption":"ELIX air freshener manufacturer"},"image":{"@id":"https:\/\/elixscent.com\/#\/schema\/logo\/image\/"},"sameAs":["https:\/\/www.linkedin.com\/company\/30084929"]}]}},"_links":{"self":[{"href":"https:\/\/elixscent.com\/pl\/wp-json\/wp\/v2\/product\/29629","targetHints":{"allow":["GET"]}}],"collection":[{"href":"https:\/\/elixscent.com\/pl\/wp-json\/wp\/v2\/product"}],"about":[{"href":"https:\/\/elixscent.com\/pl\/wp-json\/wp\/v2\/types\/product"}],"version-history":[{"count":6,"href":"https:\/\/elixscent.com\/pl\/wp-json\/wp\/v2\/product\/29629\/revisions"}],"predecessor-version":[{"id":53351,"href":"https:\/\/elixscent.com\/pl\/wp-json\/wp\/v2\/product\/29629\/revisions\/53351"}],"wp:featuredmedia":[{"embeddable":true,"href":"https:\/\/elixscent.com\/pl\/wp-json\/wp\/v2\/media\/29628"}],"wp:attachment":[{"href":"https:\/\/elixscent.com\/pl\/wp-json\/wp\/v2\/media?parent=29629"}],"curies":[{"name":"wp","href":"https:\/\/api.w.org\/{rel}","templated":true}]}}