{"id":29433,"date":"2023-06-16T07:20:27","date_gmt":"2023-06-16T07:20:27","guid":{"rendered":"https:\/\/elixscent.com\/?post_type=product&#038;p=29433"},"modified":"2024-10-14T11:19:58","modified_gmt":"2024-10-14T11:19:58","slug":"ringo-lemon","status":"publish","type":"product","link":"https:\/\/elixscent.com\/pl\/product\/ringo-lemon\/","title":{"rendered":"RINGO Lemon"},"content":{"rendered":"<p>Poczuj podnosz\u0105cy na duchu zapach soczystych cytryn z RINGO. Ten od\u015bwie\u017cacz powietrza do nawiew\u00f3w samochodowych zosta\u0142 zaprojektowany tak, aby idealnie pasowa\u0142 do ka\u017cdego nawiewu samochodowego, wype\u0142niaj\u0105c pojazd orze\u017awiaj\u0105cym aromatem \u015bwie\u017co wyci\u015bni\u0119tych cytryn.<\/p>\n<p>Ciesz si\u0119 d\u0142ugotrwa\u0142ym i \u0142agodnym zapachem, poniewa\u017c RINGO nieustannie uwalnia aromat cytryny, tworz\u0105c orze\u017awiaj\u0105c\u0105 i rewitalizuj\u0105c\u0105 atmosfer\u0119 podczas podr\u00f3\u017cy.<\/p>\n<p>Dzi\u0119ki dyskretnemu i eleganckiemu wzornictwu, RINGO bez wysi\u0142ku wzbogaca wn\u0119trze samochodu, dodaj\u0105c odrobin\u0119 \u017cycia i \u015bwie\u017co\u015bci. Niech orze\u017awiaj\u0105cy cytrusowy zapach cytryn rozbudzi Twoje zmys\u0142y i rozja\u015bni wra\u017cenia z jazdy.<\/p>\n<p>Podnie\u015b jako\u015b\u0107 codziennych dojazd\u00f3w do pracy dzi\u0119ki od\u015bwie\u017caczowi powietrza RINGO Lemon Car Vent Air Freshener.<\/p>\n<p><span id=\"span-23-132\" class=\"ct-span oxy-stock-content-styles\"><em>&gt;&gt; Je\u015bli chcesz kupi\u0107, odwied\u017a nasz sklep:<\/em><\/span> <a class=\"_ps2id\" href=\"https:\/\/airfresh24.com\/products\/shop\/ringo\/\" data-ps2id-offset=\"\"><strong>www.airfresh24.com<\/strong><\/a><\/p>","protected":false},"featured_media":29434,"parent":0,"menu_order":0,"template":"","class_list":["post-29433","product","type-product","status-publish","has-post-thumbnail","hentry","product_category-ringo"],"acf":[],"yoast_head":"<!-- This site is optimized with the Yoast SEO Premium plugin v27.4 (Yoast SEO v27.4) - https:\/\/yoast.com\/product\/yoast-seo-premium-wordpress\/ -->\n<title>RINGO Lemon - Polymer air freshener<\/title>\n<meta name=\"description\" content=\"With precise fragrance dosing during the injection process, our air fresheners ensure an distribution of scent throughout the material. The result? An exceptional scent experience every time\" \/>\n<meta name=\"robots\" content=\"index, follow, max-snippet:-1, max-image-preview:large, max-video-preview:-1\" \/>\n<link rel=\"canonical\" href=\"https:\/\/elixscent.com\/pl\/produkt\/ringo-lemon\/\" \/>\n<meta property=\"og:locale\" content=\"pl_PL\" \/>\n<meta property=\"og:type\" content=\"article\" \/>\n<meta property=\"og:title\" content=\"RINGO Lemon\" \/>\n<meta property=\"og:description\" content=\"With precise fragrance dosing during the injection process, our air fresheners ensure an distribution of scent throughout the material. The result? An exceptional scent experience every time\" \/>\n<meta property=\"og:url\" content=\"https:\/\/elixscent.com\/pl\/produkt\/ringo-lemon\/\" \/>\n<meta property=\"og:site_name\" content=\"ELiX EU air fresheners\" \/>\n<meta property=\"article:modified_time\" content=\"2024-10-14T11:19:58+00:00\" \/>\n<meta property=\"og:image\" content=\"https:\/\/elixscent.com\/wp-content\/uploads\/ringo_lemon.png\" \/>\n\t<meta property=\"og:image:width\" content=\"250\" \/>\n\t<meta property=\"og:image:height\" content=\"611\" \/>\n\t<meta property=\"og:image:type\" content=\"image\/png\" \/>\n<meta name=\"twitter:card\" content=\"summary_large_image\" \/>\n<meta name=\"twitter:label1\" content=\"Szacowany czas czytania\" \/>\n\t<meta name=\"twitter:data1\" content=\"1 minuta\" \/>\n<script type=\"application\/ld+json\" class=\"yoast-schema-graph\">{\"@context\":\"https:\\\/\\\/schema.org\",\"@graph\":[{\"@type\":\"WebPage\",\"@id\":\"https:\\\/\\\/elixscent.com\\\/product\\\/ringo-lemon\\\/\",\"url\":\"https:\\\/\\\/elixscent.com\\\/product\\\/ringo-lemon\\\/\",\"name\":\"RINGO Lemon - Polymer air freshener\",\"isPartOf\":{\"@id\":\"https:\\\/\\\/elixscent.com\\\/#website\"},\"primaryImageOfPage\":{\"@id\":\"https:\\\/\\\/elixscent.com\\\/product\\\/ringo-lemon\\\/#primaryimage\"},\"image\":{\"@id\":\"https:\\\/\\\/elixscent.com\\\/product\\\/ringo-lemon\\\/#primaryimage\"},\"thumbnailUrl\":\"https:\\\/\\\/elixscent.com\\\/wp-content\\\/uploads\\\/ringo_lemon.png\",\"datePublished\":\"2023-06-16T07:20:27+00:00\",\"dateModified\":\"2024-10-14T11:19:58+00:00\",\"description\":\"With precise fragrance dosing during the injection process, our air fresheners ensure an distribution of scent throughout the material. The result? An exceptional scent experience every time\",\"breadcrumb\":{\"@id\":\"https:\\\/\\\/elixscent.com\\\/product\\\/ringo-lemon\\\/#breadcrumb\"},\"inLanguage\":\"pl-PL\",\"potentialAction\":[{\"@type\":\"ReadAction\",\"target\":[\"https:\\\/\\\/elixscent.com\\\/product\\\/ringo-lemon\\\/\"]}]},{\"@type\":\"ImageObject\",\"inLanguage\":\"pl-PL\",\"@id\":\"https:\\\/\\\/elixscent.com\\\/product\\\/ringo-lemon\\\/#primaryimage\",\"url\":\"https:\\\/\\\/elixscent.com\\\/wp-content\\\/uploads\\\/ringo_lemon.png\",\"contentUrl\":\"https:\\\/\\\/elixscent.com\\\/wp-content\\\/uploads\\\/ringo_lemon.png\",\"width\":250,\"height\":611,\"caption\":\"ringo lemon\"},{\"@type\":\"BreadcrumbList\",\"@id\":\"https:\\\/\\\/elixscent.com\\\/product\\\/ringo-lemon\\\/#breadcrumb\",\"itemListElement\":[{\"@type\":\"ListItem\",\"position\":1,\"name\":\"Home\",\"item\":\"https:\\\/\\\/elixscent.com\\\/\"},{\"@type\":\"ListItem\",\"position\":2,\"name\":\"Products\",\"item\":\"https:\\\/\\\/elixscent.com\\\/product\\\/\"},{\"@type\":\"ListItem\",\"position\":3,\"name\":\"RINGO Lemon\"}]},{\"@type\":\"WebSite\",\"@id\":\"https:\\\/\\\/elixscent.com\\\/#website\",\"url\":\"https:\\\/\\\/elixscent.com\\\/\",\"name\":\"ELiX EU air fresheners\",\"description\":\"Air &amp; Fabric, Perfectly Fresh\",\"publisher\":{\"@id\":\"https:\\\/\\\/elixscent.com\\\/#organization\"},\"potentialAction\":[{\"@type\":\"SearchAction\",\"target\":{\"@type\":\"EntryPoint\",\"urlTemplate\":\"https:\\\/\\\/elixscent.com\\\/?s={search_term_string}\"},\"query-input\":{\"@type\":\"PropertyValueSpecification\",\"valueRequired\":true,\"valueName\":\"search_term_string\"}}],\"inLanguage\":\"pl-PL\"},{\"@type\":\"Organization\",\"@id\":\"https:\\\/\\\/elixscent.com\\\/#organization\",\"name\":\"ELIX air freshener manufacturer\",\"url\":\"https:\\\/\\\/elixscent.com\\\/\",\"logo\":{\"@type\":\"ImageObject\",\"inLanguage\":\"pl-PL\",\"@id\":\"https:\\\/\\\/elixscent.com\\\/#\\\/schema\\\/logo\\\/image\\\/\",\"url\":\"https:\\\/\\\/elixscent.com\\\/wp-content\\\/uploads\\\/elix_logo_1.0-_300.jpg\",\"contentUrl\":\"https:\\\/\\\/elixscent.com\\\/wp-content\\\/uploads\\\/elix_logo_1.0-_300.jpg\",\"width\":300,\"height\":257,\"caption\":\"ELIX air freshener manufacturer\"},\"image\":{\"@id\":\"https:\\\/\\\/elixscent.com\\\/#\\\/schema\\\/logo\\\/image\\\/\"},\"sameAs\":[\"https:\\\/\\\/www.linkedin.com\\\/company\\\/30084929\"]}]}<\/script>\n<!-- \/ Yoast SEO Premium plugin. -->","yoast_head_json":{"title":"RINGO Lemon - polimerowy od\u015bwie\u017cacz powietrza","description":"Dzi\u0119ki precyzyjnemu dozowaniu zapachu podczas procesu wtryskiwania, nasze od\u015bwie\u017cacze powietrza zapewniaj\u0105 dystrybucj\u0119 zapachu w ca\u0142ym materiale. Rezultat? Wyj\u0105tkowe doznania zapachowe za ka\u017cdym razem","robots":{"index":"index","follow":"follow","max-snippet":"max-snippet:-1","max-image-preview":"max-image-preview:large","max-video-preview":"max-video-preview:-1"},"canonical":"https:\/\/elixscent.com\/pl\/produkt\/ringo-lemon\/","og_locale":"pl_PL","og_type":"article","og_title":"RINGO Lemon","og_description":"With precise fragrance dosing during the injection process, our air fresheners ensure an distribution of scent throughout the material. The result? An exceptional scent experience every time","og_url":"https:\/\/elixscent.com\/pl\/produkt\/ringo-lemon\/","og_site_name":"ELiX EU air fresheners","article_modified_time":"2024-10-14T11:19:58+00:00","og_image":[{"width":250,"height":611,"url":"https:\/\/elixscent.com\/wp-content\/uploads\/ringo_lemon.png","type":"image\/png"}],"twitter_card":"summary_large_image","twitter_misc":{"Szacowany czas czytania":"1 minuta"},"schema":{"@context":"https:\/\/schema.org","@graph":[{"@type":"WebPage","@id":"https:\/\/elixscent.com\/product\/ringo-lemon\/","url":"https:\/\/elixscent.com\/product\/ringo-lemon\/","name":"RINGO Lemon - polimerowy od\u015bwie\u017cacz powietrza","isPartOf":{"@id":"https:\/\/elixscent.com\/#website"},"primaryImageOfPage":{"@id":"https:\/\/elixscent.com\/product\/ringo-lemon\/#primaryimage"},"image":{"@id":"https:\/\/elixscent.com\/product\/ringo-lemon\/#primaryimage"},"thumbnailUrl":"https:\/\/elixscent.com\/wp-content\/uploads\/ringo_lemon.png","datePublished":"2023-06-16T07:20:27+00:00","dateModified":"2024-10-14T11:19:58+00:00","description":"Dzi\u0119ki precyzyjnemu dozowaniu zapachu podczas procesu wtryskiwania, nasze od\u015bwie\u017cacze powietrza zapewniaj\u0105 dystrybucj\u0119 zapachu w ca\u0142ym materiale. Rezultat? Wyj\u0105tkowe doznania zapachowe za ka\u017cdym razem","breadcrumb":{"@id":"https:\/\/elixscent.com\/product\/ringo-lemon\/#breadcrumb"},"inLanguage":"pl-PL","potentialAction":[{"@type":"ReadAction","target":["https:\/\/elixscent.com\/product\/ringo-lemon\/"]}]},{"@type":"ImageObject","inLanguage":"pl-PL","@id":"https:\/\/elixscent.com\/product\/ringo-lemon\/#primaryimage","url":"https:\/\/elixscent.com\/wp-content\/uploads\/ringo_lemon.png","contentUrl":"https:\/\/elixscent.com\/wp-content\/uploads\/ringo_lemon.png","width":250,"height":611,"caption":"ringo lemon"},{"@type":"BreadcrumbList","@id":"https:\/\/elixscent.com\/product\/ringo-lemon\/#breadcrumb","itemListElement":[{"@type":"ListItem","position":1,"name":"Home","item":"https:\/\/elixscent.com\/"},{"@type":"ListItem","position":2,"name":"Products","item":"https:\/\/elixscent.com\/product\/"},{"@type":"ListItem","position":3,"name":"RINGO Lemon"}]},{"@type":"WebSite","@id":"https:\/\/elixscent.com\/#website","url":"https:\/\/elixscent.com\/","name":"Od\u015bwie\u017cacze powietrza ELiX EU","description":"Powietrze i tkaniny, idealnie \u015bwie\u017ce","publisher":{"@id":"https:\/\/elixscent.com\/#organization"},"potentialAction":[{"@type":"SearchAction","target":{"@type":"EntryPoint","urlTemplate":"https:\/\/elixscent.com\/?s={search_term_string}"},"query-input":{"@type":"PropertyValueSpecification","valueRequired":true,"valueName":"search_term_string"}}],"inLanguage":"pl-PL"},{"@type":"Organization","@id":"https:\/\/elixscent.com\/#organization","name":"Producent od\u015bwie\u017caczy powietrza ELIX","url":"https:\/\/elixscent.com\/","logo":{"@type":"ImageObject","inLanguage":"pl-PL","@id":"https:\/\/elixscent.com\/#\/schema\/logo\/image\/","url":"https:\/\/elixscent.com\/wp-content\/uploads\/elix_logo_1.0-_300.jpg","contentUrl":"https:\/\/elixscent.com\/wp-content\/uploads\/elix_logo_1.0-_300.jpg","width":300,"height":257,"caption":"ELIX air freshener manufacturer"},"image":{"@id":"https:\/\/elixscent.com\/#\/schema\/logo\/image\/"},"sameAs":["https:\/\/www.linkedin.com\/company\/30084929"]}]}},"_links":{"self":[{"href":"https:\/\/elixscent.com\/pl\/wp-json\/wp\/v2\/product\/29433","targetHints":{"allow":["GET"]}}],"collection":[{"href":"https:\/\/elixscent.com\/pl\/wp-json\/wp\/v2\/product"}],"about":[{"href":"https:\/\/elixscent.com\/pl\/wp-json\/wp\/v2\/types\/product"}],"version-history":[{"count":9,"href":"https:\/\/elixscent.com\/pl\/wp-json\/wp\/v2\/product\/29433\/revisions"}],"predecessor-version":[{"id":53235,"href":"https:\/\/elixscent.com\/pl\/wp-json\/wp\/v2\/product\/29433\/revisions\/53235"}],"wp:featuredmedia":[{"embeddable":true,"href":"https:\/\/elixscent.com\/pl\/wp-json\/wp\/v2\/media\/29434"}],"wp:attachment":[{"href":"https:\/\/elixscent.com\/pl\/wp-json\/wp\/v2\/media?parent=29433"}],"curies":[{"name":"wp","href":"https:\/\/api.w.org\/{rel}","templated":true}]}}