{"id":29130,"date":"2023-03-30T07:40:48","date_gmt":"2023-03-30T07:40:48","guid":{"rendered":"https:\/\/elixscent.com\/?post_type=product&#038;p=29130"},"modified":"2025-05-30T06:44:56","modified_gmt":"2025-05-30T06:44:56","slug":"jp400-flowers","status":"publish","type":"product","link":"https:\/\/elixscent.com\/pl\/product\/jp400-flowers\/","title":{"rendered":"Jelly Pearls 400 Flowers"},"content":{"rendered":"<p><span id=\"span-23-132\" class=\"ct-span oxy-stock-content-styles\"><em>&gt;&gt; Je\u015bli chcesz kupi\u0107, odwied\u017a nasz sklep:<\/em> <a class=\"_ps2id\" href=\"https:\/\/airfresh24.com\/products\/shop\/jelly-pearls-400\/\" data-ps2id-offset=\"\"><strong>www.airfresh24.com<\/strong><\/a><\/span><\/p>","protected":false},"featured_media":57811,"parent":0,"menu_order":0,"template":"","class_list":["post-29130","product","type-product","status-publish","has-post-thumbnail","hentry","product_category-jp400","product_category-home"],"acf":[],"yoast_head":"<!-- This site is optimized with the Yoast SEO Premium plugin v27.2 (Yoast SEO v27.4) - https:\/\/yoast.com\/product\/yoast-seo-premium-wordpress\/ -->\n<title>Jelly Pearls 400 Flowers - ELiX EU air fresheners<\/title>\n<meta name=\"description\" content=\"Home air freshener in the form of scented beads refreshes and decorates the room. Now in extra packaging with 350ml + 50ml GRATIS\" \/>\n<meta name=\"robots\" content=\"index, follow, max-snippet:-1, max-image-preview:large, max-video-preview:-1\" \/>\n<link rel=\"canonical\" href=\"https:\/\/elixscent.com\/pl\/produkt\/jp400-flowers\/\" \/>\n<meta property=\"og:locale\" content=\"pl_PL\" \/>\n<meta property=\"og:type\" content=\"article\" \/>\n<meta property=\"og:title\" content=\"Jelly Pearls 400 Flowers\" \/>\n<meta property=\"og:description\" content=\"Home air freshener in the form of scented beads refreshes and decorates the room. Now in extra packaging with 350ml + 50ml GRATIS\" \/>\n<meta property=\"og:url\" content=\"https:\/\/elixscent.com\/pl\/produkt\/jp400-flowers\/\" \/>\n<meta property=\"og:site_name\" content=\"ELiX EU air fresheners\" \/>\n<meta property=\"article:modified_time\" content=\"2025-05-30T06:44:56+00:00\" \/>\n<meta property=\"og:image\" content=\"https:\/\/elixscent.com\/wp-content\/uploads\/JPD400ml_flowers_product_2.1.webp\" \/>\n\t<meta property=\"og:image:width\" content=\"300\" \/>\n\t<meta property=\"og:image:height\" content=\"647\" \/>\n\t<meta property=\"og:image:type\" content=\"image\/webp\" \/>\n<meta name=\"twitter:card\" content=\"summary_large_image\" \/>\n<meta name=\"twitter:label1\" content=\"Szacowany czas czytania\" \/>\n\t<meta name=\"twitter:data1\" content=\"1 minuta\" \/>\n<script type=\"application\/ld+json\" class=\"yoast-schema-graph\">{\"@context\":\"https:\\\/\\\/schema.org\",\"@graph\":[{\"@type\":\"WebPage\",\"@id\":\"https:\\\/\\\/elixscent.com\\\/product\\\/jp400-flowers\\\/\",\"url\":\"https:\\\/\\\/elixscent.com\\\/product\\\/jp400-flowers\\\/\",\"name\":\"Jelly Pearls 400 Flowers - ELiX EU air fresheners\",\"isPartOf\":{\"@id\":\"https:\\\/\\\/elixscent.com\\\/#website\"},\"primaryImageOfPage\":{\"@id\":\"https:\\\/\\\/elixscent.com\\\/product\\\/jp400-flowers\\\/#primaryimage\"},\"image\":{\"@id\":\"https:\\\/\\\/elixscent.com\\\/product\\\/jp400-flowers\\\/#primaryimage\"},\"thumbnailUrl\":\"https:\\\/\\\/elixscent.com\\\/wp-content\\\/uploads\\\/JPD400ml_flowers_product_2.1.webp\",\"datePublished\":\"2023-03-30T07:40:48+00:00\",\"dateModified\":\"2025-05-30T06:44:56+00:00\",\"description\":\"Home air freshener in the form of scented beads refreshes and decorates the room. Now in extra packaging with 350ml + 50ml GRATIS\",\"breadcrumb\":{\"@id\":\"https:\\\/\\\/elixscent.com\\\/product\\\/jp400-flowers\\\/#breadcrumb\"},\"inLanguage\":\"pl-PL\",\"potentialAction\":[{\"@type\":\"ReadAction\",\"target\":[\"https:\\\/\\\/elixscent.com\\\/product\\\/jp400-flowers\\\/\"]}]},{\"@type\":\"ImageObject\",\"inLanguage\":\"pl-PL\",\"@id\":\"https:\\\/\\\/elixscent.com\\\/product\\\/jp400-flowers\\\/#primaryimage\",\"url\":\"https:\\\/\\\/elixscent.com\\\/wp-content\\\/uploads\\\/JPD400ml_flowers_product_2.1.webp\",\"contentUrl\":\"https:\\\/\\\/elixscent.com\\\/wp-content\\\/uploads\\\/JPD400ml_flowers_product_2.1.webp\",\"width\":300,\"height\":647,\"caption\":\"JPD400ml flowers product 2.1\"},{\"@type\":\"BreadcrumbList\",\"@id\":\"https:\\\/\\\/elixscent.com\\\/product\\\/jp400-flowers\\\/#breadcrumb\",\"itemListElement\":[{\"@type\":\"ListItem\",\"position\":1,\"name\":\"Home\",\"item\":\"https:\\\/\\\/elixscent.com\\\/\"},{\"@type\":\"ListItem\",\"position\":2,\"name\":\"Products\",\"item\":\"https:\\\/\\\/elixscent.com\\\/product\\\/\"},{\"@type\":\"ListItem\",\"position\":3,\"name\":\"HOME PERFUME\",\"item\":\"https:\\\/\\\/elixscent.com\\\/product-category\\\/home\\\/\"},{\"@type\":\"ListItem\",\"position\":4,\"name\":\"Jelly Pearls 400\",\"item\":\"https:\\\/\\\/elixscent.com\\\/product-category\\\/jp400\\\/\"},{\"@type\":\"ListItem\",\"position\":5,\"name\":\"Jelly Pearls 400 Flowers\"}]},{\"@type\":\"WebSite\",\"@id\":\"https:\\\/\\\/elixscent.com\\\/#website\",\"url\":\"https:\\\/\\\/elixscent.com\\\/\",\"name\":\"ELiX EU air fresheners\",\"description\":\"Air &amp; Fabric, Perfectly Fresh\",\"publisher\":{\"@id\":\"https:\\\/\\\/elixscent.com\\\/#organization\"},\"potentialAction\":[{\"@type\":\"SearchAction\",\"target\":{\"@type\":\"EntryPoint\",\"urlTemplate\":\"https:\\\/\\\/elixscent.com\\\/?s={search_term_string}\"},\"query-input\":{\"@type\":\"PropertyValueSpecification\",\"valueRequired\":true,\"valueName\":\"search_term_string\"}}],\"inLanguage\":\"pl-PL\"},{\"@type\":\"Organization\",\"@id\":\"https:\\\/\\\/elixscent.com\\\/#organization\",\"name\":\"ELIX air freshener manufacturer\",\"url\":\"https:\\\/\\\/elixscent.com\\\/\",\"logo\":{\"@type\":\"ImageObject\",\"inLanguage\":\"pl-PL\",\"@id\":\"https:\\\/\\\/elixscent.com\\\/#\\\/schema\\\/logo\\\/image\\\/\",\"url\":\"https:\\\/\\\/elixscent.com\\\/wp-content\\\/uploads\\\/elix_logo_1.0-_300.jpg\",\"contentUrl\":\"https:\\\/\\\/elixscent.com\\\/wp-content\\\/uploads\\\/elix_logo_1.0-_300.jpg\",\"width\":300,\"height\":257,\"caption\":\"ELIX air freshener manufacturer\"},\"image\":{\"@id\":\"https:\\\/\\\/elixscent.com\\\/#\\\/schema\\\/logo\\\/image\\\/\"},\"sameAs\":[\"https:\\\/\\\/www.linkedin.com\\\/company\\\/30084929\"]}]}<\/script>\n<!-- \/ Yoast SEO Premium plugin. -->","yoast_head_json":{"title":"Jelly Pearls 400 Flowers - ELiX EU air fresheners","description":"Domowy od\u015bwie\u017cacz powietrza w formie pere\u0142ek zapachowych od\u015bwie\u017ca i dekoruje pomieszczenie. Teraz w dodatkowym opakowaniu 350ml + 50ml GRATIS","robots":{"index":"index","follow":"follow","max-snippet":"max-snippet:-1","max-image-preview":"max-image-preview:large","max-video-preview":"max-video-preview:-1"},"canonical":"https:\/\/elixscent.com\/pl\/produkt\/jp400-flowers\/","og_locale":"pl_PL","og_type":"article","og_title":"Jelly Pearls 400 Flowers","og_description":"Home air freshener in the form of scented beads refreshes and decorates the room. Now in extra packaging with 350ml + 50ml GRATIS","og_url":"https:\/\/elixscent.com\/pl\/produkt\/jp400-flowers\/","og_site_name":"ELiX EU air fresheners","article_modified_time":"2025-05-30T06:44:56+00:00","og_image":[{"width":300,"height":647,"url":"https:\/\/elixscent.com\/wp-content\/uploads\/JPD400ml_flowers_product_2.1.webp","type":"image\/webp"}],"twitter_card":"summary_large_image","twitter_misc":{"Szacowany czas czytania":"1 minuta"},"schema":{"@context":"https:\/\/schema.org","@graph":[{"@type":"WebPage","@id":"https:\/\/elixscent.com\/product\/jp400-flowers\/","url":"https:\/\/elixscent.com\/product\/jp400-flowers\/","name":"Jelly Pearls 400 Flowers - ELiX EU air fresheners","isPartOf":{"@id":"https:\/\/elixscent.com\/#website"},"primaryImageOfPage":{"@id":"https:\/\/elixscent.com\/product\/jp400-flowers\/#primaryimage"},"image":{"@id":"https:\/\/elixscent.com\/product\/jp400-flowers\/#primaryimage"},"thumbnailUrl":"https:\/\/elixscent.com\/wp-content\/uploads\/JPD400ml_flowers_product_2.1.webp","datePublished":"2023-03-30T07:40:48+00:00","dateModified":"2025-05-30T06:44:56+00:00","description":"Domowy od\u015bwie\u017cacz powietrza w formie pere\u0142ek zapachowych od\u015bwie\u017ca i dekoruje pomieszczenie. Teraz w dodatkowym opakowaniu 350ml + 50ml GRATIS","breadcrumb":{"@id":"https:\/\/elixscent.com\/product\/jp400-flowers\/#breadcrumb"},"inLanguage":"pl-PL","potentialAction":[{"@type":"ReadAction","target":["https:\/\/elixscent.com\/product\/jp400-flowers\/"]}]},{"@type":"ImageObject","inLanguage":"pl-PL","@id":"https:\/\/elixscent.com\/product\/jp400-flowers\/#primaryimage","url":"https:\/\/elixscent.com\/wp-content\/uploads\/JPD400ml_flowers_product_2.1.webp","contentUrl":"https:\/\/elixscent.com\/wp-content\/uploads\/JPD400ml_flowers_product_2.1.webp","width":300,"height":647,"caption":"JPD400ml flowers product 2.1"},{"@type":"BreadcrumbList","@id":"https:\/\/elixscent.com\/product\/jp400-flowers\/#breadcrumb","itemListElement":[{"@type":"ListItem","position":1,"name":"Home","item":"https:\/\/elixscent.com\/"},{"@type":"ListItem","position":2,"name":"Products","item":"https:\/\/elixscent.com\/product\/"},{"@type":"ListItem","position":3,"name":"HOME PERFUME","item":"https:\/\/elixscent.com\/product-category\/home\/"},{"@type":"ListItem","position":4,"name":"Jelly Pearls 400","item":"https:\/\/elixscent.com\/product-category\/jp400\/"},{"@type":"ListItem","position":5,"name":"Jelly Pearls 400 Flowers"}]},{"@type":"WebSite","@id":"https:\/\/elixscent.com\/#website","url":"https:\/\/elixscent.com\/","name":"Od\u015bwie\u017cacze powietrza ELiX EU","description":"Powietrze i tkaniny, idealnie \u015bwie\u017ce","publisher":{"@id":"https:\/\/elixscent.com\/#organization"},"potentialAction":[{"@type":"SearchAction","target":{"@type":"EntryPoint","urlTemplate":"https:\/\/elixscent.com\/?s={search_term_string}"},"query-input":{"@type":"PropertyValueSpecification","valueRequired":true,"valueName":"search_term_string"}}],"inLanguage":"pl-PL"},{"@type":"Organization","@id":"https:\/\/elixscent.com\/#organization","name":"Producent od\u015bwie\u017caczy powietrza ELIX","url":"https:\/\/elixscent.com\/","logo":{"@type":"ImageObject","inLanguage":"pl-PL","@id":"https:\/\/elixscent.com\/#\/schema\/logo\/image\/","url":"https:\/\/elixscent.com\/wp-content\/uploads\/elix_logo_1.0-_300.jpg","contentUrl":"https:\/\/elixscent.com\/wp-content\/uploads\/elix_logo_1.0-_300.jpg","width":300,"height":257,"caption":"ELIX air freshener manufacturer"},"image":{"@id":"https:\/\/elixscent.com\/#\/schema\/logo\/image\/"},"sameAs":["https:\/\/www.linkedin.com\/company\/30084929"]}]}},"_links":{"self":[{"href":"https:\/\/elixscent.com\/pl\/wp-json\/wp\/v2\/product\/29130","targetHints":{"allow":["GET"]}}],"collection":[{"href":"https:\/\/elixscent.com\/pl\/wp-json\/wp\/v2\/product"}],"about":[{"href":"https:\/\/elixscent.com\/pl\/wp-json\/wp\/v2\/types\/product"}],"version-history":[{"count":7,"href":"https:\/\/elixscent.com\/pl\/wp-json\/wp\/v2\/product\/29130\/revisions"}],"predecessor-version":[{"id":57813,"href":"https:\/\/elixscent.com\/pl\/wp-json\/wp\/v2\/product\/29130\/revisions\/57813"}],"wp:featuredmedia":[{"embeddable":true,"href":"https:\/\/elixscent.com\/pl\/wp-json\/wp\/v2\/media\/57811"}],"wp:attachment":[{"href":"https:\/\/elixscent.com\/pl\/wp-json\/wp\/v2\/media?parent=29130"}],"curies":[{"name":"wp","href":"https:\/\/api.w.org\/{rel}","templated":true}]}}