{"id":28604,"date":"2023-01-19T08:59:05","date_gmt":"2023-01-19T08:59:05","guid":{"rendered":"https:\/\/elixscent.com\/?post_type=product&#038;p=28604"},"modified":"2024-10-14T13:33:02","modified_gmt":"2024-10-14T13:33:02","slug":"podekscytowanie-300","status":"publish","type":"product","link":"https:\/\/elixscent.com\/pl\/product\/excitement-300\/","title":{"rendered":"Relaks i emocje 300"},"content":{"rendered":"<p>Niesamowita kwiatowa kolekcja, tak \u017cywa i kolorowa, jak wida\u0107 na opakowaniu, to zapachy w \u015brodku! Mocne i d\u0142ugotrwa\u0142e, bardzo \u015bwie\u017ce, kwiatowe i \u0142\u0105kowe produkty stworz\u0105 mi\u0142e wspomnienia w Twojej przestrzeni!<\/p>\n<p><span id=\"span-23-132\" class=\"ct-span oxy-stock-content-styles\"><em>&gt;&gt; Je\u015bli chcesz kupi\u0107, odwied\u017a nasz sklep:<\/em> <a class=\"_ps2id\" href=\"https:\/\/airfresh24.com\/products\/shop\/relaxeen\/\" data-ps2id-offset=\"\"><strong>www.airfresh24.com<\/strong><\/a><\/span><\/p>","protected":false},"featured_media":28605,"parent":0,"menu_order":0,"template":"","class_list":["post-28604","product","type-product","status-publish","has-post-thumbnail","hentry","product_category-relaxeen-300"],"acf":[],"yoast_head":"<!-- This site is optimized with the Yoast SEO Premium plugin v27.4 (Yoast SEO v27.4) - https:\/\/yoast.com\/product\/yoast-seo-premium-wordpress\/ -->\n<title>Relaxeen Excitement 300 - ELiX EU air fresheners<\/title>\n<meta name=\"description\" content=\"The only such air freshener on the market, truly natural, containing plant extracts, which will make you feel like in a real garden\" \/>\n<meta name=\"robots\" content=\"index, follow, max-snippet:-1, max-image-preview:large, max-video-preview:-1\" \/>\n<link rel=\"canonical\" href=\"https:\/\/elixscent.com\/pl\/produkt\/podekscytowanie-300\/\" \/>\n<meta property=\"og:locale\" content=\"pl_PL\" \/>\n<meta property=\"og:type\" content=\"article\" \/>\n<meta property=\"og:title\" content=\"Relaxeen Excitement 300\" \/>\n<meta property=\"og:description\" content=\"The only such air freshener on the market, truly natural, containing plant extracts, which will make you feel like in a real garden\" \/>\n<meta property=\"og:url\" content=\"https:\/\/elixscent.com\/pl\/produkt\/podekscytowanie-300\/\" \/>\n<meta property=\"og:site_name\" content=\"ELiX EU air fresheners\" \/>\n<meta property=\"article:modified_time\" content=\"2024-10-14T13:33:02+00:00\" \/>\n<meta property=\"og:image\" content=\"https:\/\/elixscent.com\/wp-content\/uploads\/Relaxeen_ENG_excitment_2.0-1.png\" \/>\n\t<meta property=\"og:image:width\" content=\"175\" \/>\n\t<meta property=\"og:image:height\" content=\"623\" \/>\n\t<meta property=\"og:image:type\" content=\"image\/png\" \/>\n<meta name=\"twitter:card\" content=\"summary_large_image\" \/>\n<meta name=\"twitter:label1\" content=\"Szacowany czas czytania\" \/>\n\t<meta name=\"twitter:data1\" content=\"1 minuta\" \/>\n<script type=\"application\/ld+json\" class=\"yoast-schema-graph\">{\"@context\":\"https:\\\/\\\/schema.org\",\"@graph\":[{\"@type\":\"WebPage\",\"@id\":\"https:\\\/\\\/elixscent.com\\\/product\\\/excitement-300\\\/\",\"url\":\"https:\\\/\\\/elixscent.com\\\/product\\\/excitement-300\\\/\",\"name\":\"Relaxeen Excitement 300 - ELiX EU air fresheners\",\"isPartOf\":{\"@id\":\"https:\\\/\\\/elixscent.com\\\/#website\"},\"primaryImageOfPage\":{\"@id\":\"https:\\\/\\\/elixscent.com\\\/product\\\/excitement-300\\\/#primaryimage\"},\"image\":{\"@id\":\"https:\\\/\\\/elixscent.com\\\/product\\\/excitement-300\\\/#primaryimage\"},\"thumbnailUrl\":\"https:\\\/\\\/elixscent.com\\\/wp-content\\\/uploads\\\/Relaxeen_ENG_excitment_2.0-1.png\",\"datePublished\":\"2023-01-19T08:59:05+00:00\",\"dateModified\":\"2024-10-14T13:33:02+00:00\",\"description\":\"The only such air freshener on the market, truly natural, containing plant extracts, which will make you feel like in a real garden\",\"breadcrumb\":{\"@id\":\"https:\\\/\\\/elixscent.com\\\/product\\\/excitement-300\\\/#breadcrumb\"},\"inLanguage\":\"pl-PL\",\"potentialAction\":[{\"@type\":\"ReadAction\",\"target\":[\"https:\\\/\\\/elixscent.com\\\/product\\\/excitement-300\\\/\"]}]},{\"@type\":\"ImageObject\",\"inLanguage\":\"pl-PL\",\"@id\":\"https:\\\/\\\/elixscent.com\\\/product\\\/excitement-300\\\/#primaryimage\",\"url\":\"https:\\\/\\\/elixscent.com\\\/wp-content\\\/uploads\\\/Relaxeen_ENG_excitment_2.0-1.png\",\"contentUrl\":\"https:\\\/\\\/elixscent.com\\\/wp-content\\\/uploads\\\/Relaxeen_ENG_excitment_2.0-1.png\",\"width\":175,\"height\":623,\"caption\":\"Relaxeen ENG excitment 2.0 1\"},{\"@type\":\"BreadcrumbList\",\"@id\":\"https:\\\/\\\/elixscent.com\\\/product\\\/excitement-300\\\/#breadcrumb\",\"itemListElement\":[{\"@type\":\"ListItem\",\"position\":1,\"name\":\"Home\",\"item\":\"https:\\\/\\\/elixscent.com\\\/\"},{\"@type\":\"ListItem\",\"position\":2,\"name\":\"Products\",\"item\":\"https:\\\/\\\/elixscent.com\\\/product\\\/\"},{\"@type\":\"ListItem\",\"position\":3,\"name\":\"SPRAY AIR FRESHENERS\",\"item\":\"https:\\\/\\\/elixscent.com\\\/product-category\\\/air-spray\\\/\"},{\"@type\":\"ListItem\",\"position\":4,\"name\":\"Relaxeen 300\",\"item\":\"https:\\\/\\\/elixscent.com\\\/product-category\\\/relaxeen-300\\\/\"},{\"@type\":\"ListItem\",\"position\":5,\"name\":\"Relaxeen Excitement 300\"}]},{\"@type\":\"WebSite\",\"@id\":\"https:\\\/\\\/elixscent.com\\\/#website\",\"url\":\"https:\\\/\\\/elixscent.com\\\/\",\"name\":\"ELiX EU air fresheners\",\"description\":\"Air &amp; Fabric, Perfectly Fresh\",\"publisher\":{\"@id\":\"https:\\\/\\\/elixscent.com\\\/#organization\"},\"potentialAction\":[{\"@type\":\"SearchAction\",\"target\":{\"@type\":\"EntryPoint\",\"urlTemplate\":\"https:\\\/\\\/elixscent.com\\\/?s={search_term_string}\"},\"query-input\":{\"@type\":\"PropertyValueSpecification\",\"valueRequired\":true,\"valueName\":\"search_term_string\"}}],\"inLanguage\":\"pl-PL\"},{\"@type\":\"Organization\",\"@id\":\"https:\\\/\\\/elixscent.com\\\/#organization\",\"name\":\"ELIX air freshener manufacturer\",\"url\":\"https:\\\/\\\/elixscent.com\\\/\",\"logo\":{\"@type\":\"ImageObject\",\"inLanguage\":\"pl-PL\",\"@id\":\"https:\\\/\\\/elixscent.com\\\/#\\\/schema\\\/logo\\\/image\\\/\",\"url\":\"https:\\\/\\\/elixscent.com\\\/wp-content\\\/uploads\\\/elix_logo_1.0-_300.jpg\",\"contentUrl\":\"https:\\\/\\\/elixscent.com\\\/wp-content\\\/uploads\\\/elix_logo_1.0-_300.jpg\",\"width\":300,\"height\":257,\"caption\":\"ELIX air freshener manufacturer\"},\"image\":{\"@id\":\"https:\\\/\\\/elixscent.com\\\/#\\\/schema\\\/logo\\\/image\\\/\"},\"sameAs\":[\"https:\\\/\\\/www.linkedin.com\\\/company\\\/30084929\"]}]}<\/script>\n<!-- \/ Yoast SEO Premium plugin. -->","yoast_head_json":{"title":"Relaxeen Excitement 300 \u2013 od\u015bwie\u017cacze powietrza ELiX EU","description":"Jedyny taki od\u015bwie\u017cacz powietrza na rynku, prawdziwie naturalny, zawieraj\u0105cy ekstrakty ro\u015blinne, kt\u00f3re sprawi\u0105, \u017ce poczujesz si\u0119 jak w prawdziwym ogrodzie","robots":{"index":"index","follow":"follow","max-snippet":"max-snippet:-1","max-image-preview":"max-image-preview:large","max-video-preview":"max-video-preview:-1"},"canonical":"https:\/\/elixscent.com\/pl\/produkt\/podekscytowanie-300\/","og_locale":"pl_PL","og_type":"article","og_title":"Relaxeen Excitement 300","og_description":"The only such air freshener on the market, truly natural, containing plant extracts, which will make you feel like in a real garden","og_url":"https:\/\/elixscent.com\/pl\/produkt\/podekscytowanie-300\/","og_site_name":"ELiX EU air fresheners","article_modified_time":"2024-10-14T13:33:02+00:00","og_image":[{"width":175,"height":623,"url":"https:\/\/elixscent.com\/wp-content\/uploads\/Relaxeen_ENG_excitment_2.0-1.png","type":"image\/png"}],"twitter_card":"summary_large_image","twitter_misc":{"Szacowany czas czytania":"1 minuta"},"schema":{"@context":"https:\/\/schema.org","@graph":[{"@type":"WebPage","@id":"https:\/\/elixscent.com\/product\/excitement-300\/","url":"https:\/\/elixscent.com\/product\/excitement-300\/","name":"Relaxeen Excitement 300 \u2013 od\u015bwie\u017cacze powietrza ELiX EU","isPartOf":{"@id":"https:\/\/elixscent.com\/#website"},"primaryImageOfPage":{"@id":"https:\/\/elixscent.com\/product\/excitement-300\/#primaryimage"},"image":{"@id":"https:\/\/elixscent.com\/product\/excitement-300\/#primaryimage"},"thumbnailUrl":"https:\/\/elixscent.com\/wp-content\/uploads\/Relaxeen_ENG_excitment_2.0-1.png","datePublished":"2023-01-19T08:59:05+00:00","dateModified":"2024-10-14T13:33:02+00:00","description":"Jedyny taki od\u015bwie\u017cacz powietrza na rynku, prawdziwie naturalny, zawieraj\u0105cy ekstrakty ro\u015blinne, kt\u00f3re sprawi\u0105, \u017ce poczujesz si\u0119 jak w prawdziwym ogrodzie","breadcrumb":{"@id":"https:\/\/elixscent.com\/product\/excitement-300\/#breadcrumb"},"inLanguage":"pl-PL","potentialAction":[{"@type":"ReadAction","target":["https:\/\/elixscent.com\/product\/excitement-300\/"]}]},{"@type":"ImageObject","inLanguage":"pl-PL","@id":"https:\/\/elixscent.com\/product\/excitement-300\/#primaryimage","url":"https:\/\/elixscent.com\/wp-content\/uploads\/Relaxeen_ENG_excitment_2.0-1.png","contentUrl":"https:\/\/elixscent.com\/wp-content\/uploads\/Relaxeen_ENG_excitment_2.0-1.png","width":175,"height":623,"caption":"Relaxeen ENG excitment 2.0 1"},{"@type":"BreadcrumbList","@id":"https:\/\/elixscent.com\/product\/excitement-300\/#breadcrumb","itemListElement":[{"@type":"ListItem","position":1,"name":"Home","item":"https:\/\/elixscent.com\/"},{"@type":"ListItem","position":2,"name":"Products","item":"https:\/\/elixscent.com\/product\/"},{"@type":"ListItem","position":3,"name":"SPRAY AIR FRESHENERS","item":"https:\/\/elixscent.com\/product-category\/air-spray\/"},{"@type":"ListItem","position":4,"name":"Relaxeen 300","item":"https:\/\/elixscent.com\/product-category\/relaxeen-300\/"},{"@type":"ListItem","position":5,"name":"Relaxeen Excitement 300"}]},{"@type":"WebSite","@id":"https:\/\/elixscent.com\/#website","url":"https:\/\/elixscent.com\/","name":"Od\u015bwie\u017cacze powietrza ELiX EU","description":"Powietrze i tkaniny, idealnie \u015bwie\u017ce","publisher":{"@id":"https:\/\/elixscent.com\/#organization"},"potentialAction":[{"@type":"SearchAction","target":{"@type":"EntryPoint","urlTemplate":"https:\/\/elixscent.com\/?s={search_term_string}"},"query-input":{"@type":"PropertyValueSpecification","valueRequired":true,"valueName":"search_term_string"}}],"inLanguage":"pl-PL"},{"@type":"Organization","@id":"https:\/\/elixscent.com\/#organization","name":"Producent od\u015bwie\u017caczy powietrza ELIX","url":"https:\/\/elixscent.com\/","logo":{"@type":"ImageObject","inLanguage":"pl-PL","@id":"https:\/\/elixscent.com\/#\/schema\/logo\/image\/","url":"https:\/\/elixscent.com\/wp-content\/uploads\/elix_logo_1.0-_300.jpg","contentUrl":"https:\/\/elixscent.com\/wp-content\/uploads\/elix_logo_1.0-_300.jpg","width":300,"height":257,"caption":"ELIX air freshener manufacturer"},"image":{"@id":"https:\/\/elixscent.com\/#\/schema\/logo\/image\/"},"sameAs":["https:\/\/www.linkedin.com\/company\/30084929"]}]}},"_links":{"self":[{"href":"https:\/\/elixscent.com\/pl\/wp-json\/wp\/v2\/product\/28604","targetHints":{"allow":["GET"]}}],"collection":[{"href":"https:\/\/elixscent.com\/pl\/wp-json\/wp\/v2\/product"}],"about":[{"href":"https:\/\/elixscent.com\/pl\/wp-json\/wp\/v2\/types\/product"}],"version-history":[{"count":5,"href":"https:\/\/elixscent.com\/pl\/wp-json\/wp\/v2\/product\/28604\/revisions"}],"predecessor-version":[{"id":53406,"href":"https:\/\/elixscent.com\/pl\/wp-json\/wp\/v2\/product\/28604\/revisions\/53406"}],"wp:featuredmedia":[{"embeddable":true,"href":"https:\/\/elixscent.com\/pl\/wp-json\/wp\/v2\/media\/28605"}],"wp:attachment":[{"href":"https:\/\/elixscent.com\/pl\/wp-json\/wp\/v2\/media?parent=28604"}],"curies":[{"name":"wp","href":"https:\/\/api.w.org\/{rel}","templated":true}]}}