{"id":27866,"date":"2022-10-07T07:51:59","date_gmt":"2022-10-07T07:51:59","guid":{"rendered":"https:\/\/elixscent.com\/?post_type=product&#038;p=27866"},"modified":"2024-10-14T13:41:59","modified_gmt":"2024-10-14T13:41:59","slug":"ap-czarny","status":"publish","type":"product","link":"https:\/\/elixscent.com\/pl\/product\/ap-black\/","title":{"rendered":"AIR Perfume Black"},"content":{"rendered":"<p>Klasyczny zapach perfumeryjny z paczul\u0105 i drzewem sanda\u0142owym w nutach bazy, skropiony odrobin\u0105 bergamotki.<\/p>\n<p>Dost\u0119pny r\u00f3wnie\u017c z wieszakiem u\u0142atwiaj\u0105cym ekspozycj\u0119<\/p>\n<p><span id=\"span-23-132\" class=\"ct-span oxy-stock-content-styles\"><em>&gt;&gt; Je\u015bli chcesz kupi\u0107, odwied\u017a nasz sklep:<\/em> <a class=\"_ps2id\" href=\"https:\/\/airfresh24.com\/products\/shop\/air-perfume\/\" data-ps2id-offset=\"\"><strong>www.airfresh24.com<\/strong><\/a><\/span><\/p>","protected":false},"featured_media":27867,"parent":0,"menu_order":122,"template":"","class_list":["post-27866","product","type-product","status-publish","has-post-thumbnail","hentry","product_category-ap","product_category-air-spray"],"acf":[],"yoast_head":"<!-- This site is optimized with the Yoast SEO Premium plugin v27.2 (Yoast SEO v27.4) - https:\/\/yoast.com\/product\/yoast-seo-premium-wordpress\/ -->\n<title>AIR Perfume Black - ELiX EU air fresheners<\/title>\n<meta name=\"description\" content=\"A simple and easy-to-use air freshener. Thanks to its small size, it can always stay close to you and help change the smell\" \/>\n<meta name=\"robots\" content=\"index, follow, max-snippet:-1, max-image-preview:large, max-video-preview:-1\" \/>\n<link rel=\"canonical\" href=\"https:\/\/elixscent.com\/pl\/produkt\/ap-czarny\/\" \/>\n<meta property=\"og:locale\" content=\"pl_PL\" \/>\n<meta property=\"og:type\" content=\"article\" \/>\n<meta property=\"og:title\" content=\"AIR Perfume Black\" \/>\n<meta property=\"og:description\" content=\"A simple and easy-to-use air freshener. Thanks to its small size, it can always stay close to you and help change the smell\" \/>\n<meta property=\"og:url\" content=\"https:\/\/elixscent.com\/pl\/produkt\/ap-czarny\/\" \/>\n<meta property=\"og:site_name\" content=\"ELiX EU air fresheners\" \/>\n<meta property=\"article:modified_time\" content=\"2024-10-14T13:41:59+00:00\" \/>\n<meta property=\"og:image\" content=\"https:\/\/elixscent.com\/wp-content\/uploads\/AP-Black.webp\" \/>\n\t<meta property=\"og:image:width\" content=\"1000\" \/>\n\t<meta property=\"og:image:height\" content=\"1333\" \/>\n\t<meta property=\"og:image:type\" content=\"image\/webp\" \/>\n<meta name=\"twitter:card\" content=\"summary_large_image\" \/>\n<meta name=\"twitter:label1\" content=\"Szacowany czas czytania\" \/>\n\t<meta name=\"twitter:data1\" content=\"1 minuta\" \/>\n<script type=\"application\/ld+json\" class=\"yoast-schema-graph\">{\"@context\":\"https:\\\/\\\/schema.org\",\"@graph\":[{\"@type\":\"WebPage\",\"@id\":\"https:\\\/\\\/elixscent.com\\\/product\\\/ap-black\\\/\",\"url\":\"https:\\\/\\\/elixscent.com\\\/product\\\/ap-black\\\/\",\"name\":\"AIR Perfume Black - ELiX EU air fresheners\",\"isPartOf\":{\"@id\":\"https:\\\/\\\/elixscent.com\\\/#website\"},\"primaryImageOfPage\":{\"@id\":\"https:\\\/\\\/elixscent.com\\\/product\\\/ap-black\\\/#primaryimage\"},\"image\":{\"@id\":\"https:\\\/\\\/elixscent.com\\\/product\\\/ap-black\\\/#primaryimage\"},\"thumbnailUrl\":\"https:\\\/\\\/elixscent.com\\\/wp-content\\\/uploads\\\/AP-Black.webp\",\"datePublished\":\"2022-10-07T07:51:59+00:00\",\"dateModified\":\"2024-10-14T13:41:59+00:00\",\"description\":\"A simple and easy-to-use air freshener. Thanks to its small size, it can always stay close to you and help change the smell\",\"breadcrumb\":{\"@id\":\"https:\\\/\\\/elixscent.com\\\/product\\\/ap-black\\\/#breadcrumb\"},\"inLanguage\":\"pl-PL\",\"potentialAction\":[{\"@type\":\"ReadAction\",\"target\":[\"https:\\\/\\\/elixscent.com\\\/product\\\/ap-black\\\/\"]}]},{\"@type\":\"ImageObject\",\"inLanguage\":\"pl-PL\",\"@id\":\"https:\\\/\\\/elixscent.com\\\/product\\\/ap-black\\\/#primaryimage\",\"url\":\"https:\\\/\\\/elixscent.com\\\/wp-content\\\/uploads\\\/AP-Black.webp\",\"contentUrl\":\"https:\\\/\\\/elixscent.com\\\/wp-content\\\/uploads\\\/AP-Black.webp\",\"width\":1000,\"height\":1333,\"caption\":\"AP Black\"},{\"@type\":\"BreadcrumbList\",\"@id\":\"https:\\\/\\\/elixscent.com\\\/product\\\/ap-black\\\/#breadcrumb\",\"itemListElement\":[{\"@type\":\"ListItem\",\"position\":1,\"name\":\"Home\",\"item\":\"https:\\\/\\\/elixscent.com\\\/\"},{\"@type\":\"ListItem\",\"position\":2,\"name\":\"Products\",\"item\":\"https:\\\/\\\/elixscent.com\\\/product\\\/\"},{\"@type\":\"ListItem\",\"position\":3,\"name\":\"SPRAY AIR FRESHENERS\",\"item\":\"https:\\\/\\\/elixscent.com\\\/product-category\\\/air-spray\\\/\"},{\"@type\":\"ListItem\",\"position\":4,\"name\":\"AIR Perfume Black\"}]},{\"@type\":\"WebSite\",\"@id\":\"https:\\\/\\\/elixscent.com\\\/#website\",\"url\":\"https:\\\/\\\/elixscent.com\\\/\",\"name\":\"ELiX EU air fresheners\",\"description\":\"Air &amp; Fabric, Perfectly Fresh\",\"publisher\":{\"@id\":\"https:\\\/\\\/elixscent.com\\\/#organization\"},\"potentialAction\":[{\"@type\":\"SearchAction\",\"target\":{\"@type\":\"EntryPoint\",\"urlTemplate\":\"https:\\\/\\\/elixscent.com\\\/?s={search_term_string}\"},\"query-input\":{\"@type\":\"PropertyValueSpecification\",\"valueRequired\":true,\"valueName\":\"search_term_string\"}}],\"inLanguage\":\"pl-PL\"},{\"@type\":\"Organization\",\"@id\":\"https:\\\/\\\/elixscent.com\\\/#organization\",\"name\":\"ELIX air freshener manufacturer\",\"url\":\"https:\\\/\\\/elixscent.com\\\/\",\"logo\":{\"@type\":\"ImageObject\",\"inLanguage\":\"pl-PL\",\"@id\":\"https:\\\/\\\/elixscent.com\\\/#\\\/schema\\\/logo\\\/image\\\/\",\"url\":\"https:\\\/\\\/elixscent.com\\\/wp-content\\\/uploads\\\/elix_logo_1.0-_300.jpg\",\"contentUrl\":\"https:\\\/\\\/elixscent.com\\\/wp-content\\\/uploads\\\/elix_logo_1.0-_300.jpg\",\"width\":300,\"height\":257,\"caption\":\"ELIX air freshener manufacturer\"},\"image\":{\"@id\":\"https:\\\/\\\/elixscent.com\\\/#\\\/schema\\\/logo\\\/image\\\/\"},\"sameAs\":[\"https:\\\/\\\/www.linkedin.com\\\/company\\\/30084929\"]}]}<\/script>\n<!-- \/ Yoast SEO Premium plugin. -->","yoast_head_json":{"title":"AIR Perfume Black - od\u015bwie\u017cacze powietrza ELiX EU","description":"Prosty i \u0142atwy w u\u017cyciu od\u015bwie\u017cacz powietrza. Dzi\u0119ki niewielkim rozmiarom mo\u017ce by\u0107 zawsze blisko Ciebie i pomaga\u0107 w zmianie zapachu.","robots":{"index":"index","follow":"follow","max-snippet":"max-snippet:-1","max-image-preview":"max-image-preview:large","max-video-preview":"max-video-preview:-1"},"canonical":"https:\/\/elixscent.com\/pl\/produkt\/ap-czarny\/","og_locale":"pl_PL","og_type":"article","og_title":"AIR Perfume Black","og_description":"A simple and easy-to-use air freshener. Thanks to its small size, it can always stay close to you and help change the smell","og_url":"https:\/\/elixscent.com\/pl\/produkt\/ap-czarny\/","og_site_name":"ELiX EU air fresheners","article_modified_time":"2024-10-14T13:41:59+00:00","og_image":[{"width":1000,"height":1333,"url":"https:\/\/elixscent.com\/wp-content\/uploads\/AP-Black.webp","type":"image\/webp"}],"twitter_card":"summary_large_image","twitter_misc":{"Szacowany czas czytania":"1 minuta"},"schema":{"@context":"https:\/\/schema.org","@graph":[{"@type":"WebPage","@id":"https:\/\/elixscent.com\/product\/ap-black\/","url":"https:\/\/elixscent.com\/product\/ap-black\/","name":"AIR Perfume Black - od\u015bwie\u017cacze powietrza ELiX EU","isPartOf":{"@id":"https:\/\/elixscent.com\/#website"},"primaryImageOfPage":{"@id":"https:\/\/elixscent.com\/product\/ap-black\/#primaryimage"},"image":{"@id":"https:\/\/elixscent.com\/product\/ap-black\/#primaryimage"},"thumbnailUrl":"https:\/\/elixscent.com\/wp-content\/uploads\/AP-Black.webp","datePublished":"2022-10-07T07:51:59+00:00","dateModified":"2024-10-14T13:41:59+00:00","description":"Prosty i \u0142atwy w u\u017cyciu od\u015bwie\u017cacz powietrza. Dzi\u0119ki niewielkim rozmiarom mo\u017ce by\u0107 zawsze blisko Ciebie i pomaga\u0107 w zmianie zapachu.","breadcrumb":{"@id":"https:\/\/elixscent.com\/product\/ap-black\/#breadcrumb"},"inLanguage":"pl-PL","potentialAction":[{"@type":"ReadAction","target":["https:\/\/elixscent.com\/product\/ap-black\/"]}]},{"@type":"ImageObject","inLanguage":"pl-PL","@id":"https:\/\/elixscent.com\/product\/ap-black\/#primaryimage","url":"https:\/\/elixscent.com\/wp-content\/uploads\/AP-Black.webp","contentUrl":"https:\/\/elixscent.com\/wp-content\/uploads\/AP-Black.webp","width":1000,"height":1333,"caption":"AP Black"},{"@type":"BreadcrumbList","@id":"https:\/\/elixscent.com\/product\/ap-black\/#breadcrumb","itemListElement":[{"@type":"ListItem","position":1,"name":"Home","item":"https:\/\/elixscent.com\/"},{"@type":"ListItem","position":2,"name":"Products","item":"https:\/\/elixscent.com\/product\/"},{"@type":"ListItem","position":3,"name":"SPRAY AIR FRESHENERS","item":"https:\/\/elixscent.com\/product-category\/air-spray\/"},{"@type":"ListItem","position":4,"name":"AIR Perfume Black"}]},{"@type":"WebSite","@id":"https:\/\/elixscent.com\/#website","url":"https:\/\/elixscent.com\/","name":"Od\u015bwie\u017cacze powietrza ELiX EU","description":"Powietrze i tkaniny, idealnie \u015bwie\u017ce","publisher":{"@id":"https:\/\/elixscent.com\/#organization"},"potentialAction":[{"@type":"SearchAction","target":{"@type":"EntryPoint","urlTemplate":"https:\/\/elixscent.com\/?s={search_term_string}"},"query-input":{"@type":"PropertyValueSpecification","valueRequired":true,"valueName":"search_term_string"}}],"inLanguage":"pl-PL"},{"@type":"Organization","@id":"https:\/\/elixscent.com\/#organization","name":"Producent od\u015bwie\u017caczy powietrza ELIX","url":"https:\/\/elixscent.com\/","logo":{"@type":"ImageObject","inLanguage":"pl-PL","@id":"https:\/\/elixscent.com\/#\/schema\/logo\/image\/","url":"https:\/\/elixscent.com\/wp-content\/uploads\/elix_logo_1.0-_300.jpg","contentUrl":"https:\/\/elixscent.com\/wp-content\/uploads\/elix_logo_1.0-_300.jpg","width":300,"height":257,"caption":"ELIX air freshener manufacturer"},"image":{"@id":"https:\/\/elixscent.com\/#\/schema\/logo\/image\/"},"sameAs":["https:\/\/www.linkedin.com\/company\/30084929"]}]}},"_links":{"self":[{"href":"https:\/\/elixscent.com\/pl\/wp-json\/wp\/v2\/product\/27866","targetHints":{"allow":["GET"]}}],"collection":[{"href":"https:\/\/elixscent.com\/pl\/wp-json\/wp\/v2\/product"}],"about":[{"href":"https:\/\/elixscent.com\/pl\/wp-json\/wp\/v2\/types\/product"}],"version-history":[{"count":11,"href":"https:\/\/elixscent.com\/pl\/wp-json\/wp\/v2\/product\/27866\/revisions"}],"predecessor-version":[{"id":53433,"href":"https:\/\/elixscent.com\/pl\/wp-json\/wp\/v2\/product\/27866\/revisions\/53433"}],"wp:featuredmedia":[{"embeddable":true,"href":"https:\/\/elixscent.com\/pl\/wp-json\/wp\/v2\/media\/27867"}],"wp:attachment":[{"href":"https:\/\/elixscent.com\/pl\/wp-json\/wp\/v2\/media?parent=27866"}],"curies":[{"name":"wp","href":"https:\/\/api.w.org\/{rel}","templated":true}]}}