{"id":26579,"date":"2022-08-12T07:47:38","date_gmt":"2022-08-12T07:47:38","guid":{"rendered":"https:\/\/elixscent.com\/?post_type=product&#038;p=26579"},"modified":"2023-02-08T10:49:21","modified_gmt":"2023-02-08T10:49:21","slug":"organic-hanging-bubble-gum","status":"publish","type":"product","link":"https:\/\/elixscent.com\/pl\/product\/organic-hanging-bubble-gum\/","title":{"rendered":"ORGANICZNA wisz\u0105ca guma balonowa"},"content":{"rendered":"","protected":false},"featured_media":26580,"parent":0,"menu_order":8,"template":"","class_list":["post-26579","product","type-product","status-publish","has-post-thumbnail","hentry","product_category-organic-h","product_category-organic"],"acf":[],"yoast_head":"<!-- This site is optimized with the Yoast SEO Premium plugin v27.2 (Yoast SEO v27.4) - https:\/\/yoast.com\/product\/yoast-seo-premium-wordpress\/ -->\n<title>ORGANIC hanging Bubble Gum car air freshener by ELiX<\/title>\n<meta name=\"description\" content=\"Wood soaked in a special fragrance composition. Air freshener known and tested for years. Now in an improved version\" \/>\n<meta name=\"robots\" content=\"index, follow, max-snippet:-1, max-image-preview:large, max-video-preview:-1\" \/>\n<link rel=\"canonical\" href=\"https:\/\/elixscent.com\/pl\/produkt\/organic-hanging-bubble-gum\/\" \/>\n<meta property=\"og:locale\" content=\"pl_PL\" \/>\n<meta property=\"og:type\" content=\"article\" \/>\n<meta property=\"og:title\" content=\"ORGANIC hanging Bubble Gum\" \/>\n<meta property=\"og:description\" content=\"Wood soaked in a special fragrance composition. Air freshener known and tested for years. Now in an improved version\" \/>\n<meta property=\"og:url\" content=\"https:\/\/elixscent.com\/pl\/produkt\/organic-hanging-bubble-gum\/\" \/>\n<meta property=\"og:site_name\" content=\"ELiX EU air fresheners\" \/>\n<meta property=\"article:modified_time\" content=\"2023-02-08T10:49:21+00:00\" \/>\n<meta property=\"og:image\" content=\"https:\/\/elixscent.com\/wp-content\/uploads\/organicheadder_bubblegum_1.0.png\" \/>\n\t<meta property=\"og:image:width\" content=\"230\" \/>\n\t<meta property=\"og:image:height\" content=\"556\" \/>\n\t<meta property=\"og:image:type\" content=\"image\/png\" \/>\n<meta name=\"twitter:card\" content=\"summary_large_image\" \/>\n<script type=\"application\/ld+json\" class=\"yoast-schema-graph\">{\"@context\":\"https:\\\/\\\/schema.org\",\"@graph\":[{\"@type\":\"WebPage\",\"@id\":\"https:\\\/\\\/elixscent.com\\\/product\\\/organic-hanging-bubble-gum\\\/\",\"url\":\"https:\\\/\\\/elixscent.com\\\/product\\\/organic-hanging-bubble-gum\\\/\",\"name\":\"ORGANIC hanging Bubble Gum car air freshener by ELiX\",\"isPartOf\":{\"@id\":\"https:\\\/\\\/elixscent.com\\\/#website\"},\"primaryImageOfPage\":{\"@id\":\"https:\\\/\\\/elixscent.com\\\/product\\\/organic-hanging-bubble-gum\\\/#primaryimage\"},\"image\":{\"@id\":\"https:\\\/\\\/elixscent.com\\\/product\\\/organic-hanging-bubble-gum\\\/#primaryimage\"},\"thumbnailUrl\":\"https:\\\/\\\/elixscent.com\\\/wp-content\\\/uploads\\\/organicheadder_bubblegum_1.0.png\",\"datePublished\":\"2022-08-12T07:47:38+00:00\",\"dateModified\":\"2023-02-08T10:49:21+00:00\",\"description\":\"Wood soaked in a special fragrance composition. Air freshener known and tested for years. Now in an improved version\",\"breadcrumb\":{\"@id\":\"https:\\\/\\\/elixscent.com\\\/product\\\/organic-hanging-bubble-gum\\\/#breadcrumb\"},\"inLanguage\":\"pl-PL\",\"potentialAction\":[{\"@type\":\"ReadAction\",\"target\":[\"https:\\\/\\\/elixscent.com\\\/product\\\/organic-hanging-bubble-gum\\\/\"]}]},{\"@type\":\"ImageObject\",\"inLanguage\":\"pl-PL\",\"@id\":\"https:\\\/\\\/elixscent.com\\\/product\\\/organic-hanging-bubble-gum\\\/#primaryimage\",\"url\":\"https:\\\/\\\/elixscent.com\\\/wp-content\\\/uploads\\\/organicheadder_bubblegum_1.0.png\",\"contentUrl\":\"https:\\\/\\\/elixscent.com\\\/wp-content\\\/uploads\\\/organicheadder_bubblegum_1.0.png\",\"width\":230,\"height\":556,\"caption\":\"organicheadder bubblegum 1.0\"},{\"@type\":\"BreadcrumbList\",\"@id\":\"https:\\\/\\\/elixscent.com\\\/product\\\/organic-hanging-bubble-gum\\\/#breadcrumb\",\"itemListElement\":[{\"@type\":\"ListItem\",\"position\":1,\"name\":\"Home\",\"item\":\"https:\\\/\\\/elixscent.com\\\/\"},{\"@type\":\"ListItem\",\"position\":2,\"name\":\"Products\",\"item\":\"https:\\\/\\\/elixscent.com\\\/product\\\/\"},{\"@type\":\"ListItem\",\"position\":3,\"name\":\"ORGANIC\",\"item\":\"https:\\\/\\\/elixscent.com\\\/product-category\\\/organic\\\/\"},{\"@type\":\"ListItem\",\"position\":4,\"name\":\"ORGANIC hanging Bubble Gum\"}]},{\"@type\":\"WebSite\",\"@id\":\"https:\\\/\\\/elixscent.com\\\/#website\",\"url\":\"https:\\\/\\\/elixscent.com\\\/\",\"name\":\"ELiX EU air fresheners\",\"description\":\"Air &amp; Fabric, Perfectly Fresh\",\"publisher\":{\"@id\":\"https:\\\/\\\/elixscent.com\\\/#organization\"},\"potentialAction\":[{\"@type\":\"SearchAction\",\"target\":{\"@type\":\"EntryPoint\",\"urlTemplate\":\"https:\\\/\\\/elixscent.com\\\/?s={search_term_string}\"},\"query-input\":{\"@type\":\"PropertyValueSpecification\",\"valueRequired\":true,\"valueName\":\"search_term_string\"}}],\"inLanguage\":\"pl-PL\"},{\"@type\":\"Organization\",\"@id\":\"https:\\\/\\\/elixscent.com\\\/#organization\",\"name\":\"ELIX air freshener manufacturer\",\"url\":\"https:\\\/\\\/elixscent.com\\\/\",\"logo\":{\"@type\":\"ImageObject\",\"inLanguage\":\"pl-PL\",\"@id\":\"https:\\\/\\\/elixscent.com\\\/#\\\/schema\\\/logo\\\/image\\\/\",\"url\":\"https:\\\/\\\/elixscent.com\\\/wp-content\\\/uploads\\\/elix_logo_1.0-_300.jpg\",\"contentUrl\":\"https:\\\/\\\/elixscent.com\\\/wp-content\\\/uploads\\\/elix_logo_1.0-_300.jpg\",\"width\":300,\"height\":257,\"caption\":\"ELIX air freshener manufacturer\"},\"image\":{\"@id\":\"https:\\\/\\\/elixscent.com\\\/#\\\/schema\\\/logo\\\/image\\\/\"},\"sameAs\":[\"https:\\\/\\\/www.linkedin.com\\\/company\\\/30084929\"]}]}<\/script>\n<!-- \/ Yoast SEO Premium plugin. -->","yoast_head_json":{"title":"ORGANIC hanging Bubble Gum car air freshener by ELiX","description":"Drewno nas\u0105czone specjaln\u0105 kompozycj\u0105 zapachow\u0105. Od\u015bwie\u017cacz powietrza znany i sprawdzony od lat. Teraz w ulepszonej wersji","robots":{"index":"index","follow":"follow","max-snippet":"max-snippet:-1","max-image-preview":"max-image-preview:large","max-video-preview":"max-video-preview:-1"},"canonical":"https:\/\/elixscent.com\/pl\/produkt\/organic-hanging-bubble-gum\/","og_locale":"pl_PL","og_type":"article","og_title":"ORGANIC hanging Bubble Gum","og_description":"Wood soaked in a special fragrance composition. Air freshener known and tested for years. Now in an improved version","og_url":"https:\/\/elixscent.com\/pl\/produkt\/organic-hanging-bubble-gum\/","og_site_name":"ELiX EU air fresheners","article_modified_time":"2023-02-08T10:49:21+00:00","og_image":[{"width":230,"height":556,"url":"https:\/\/elixscent.com\/wp-content\/uploads\/organicheadder_bubblegum_1.0.png","type":"image\/png"}],"twitter_card":"summary_large_image","schema":{"@context":"https:\/\/schema.org","@graph":[{"@type":"WebPage","@id":"https:\/\/elixscent.com\/product\/organic-hanging-bubble-gum\/","url":"https:\/\/elixscent.com\/product\/organic-hanging-bubble-gum\/","name":"ORGANIC hanging Bubble Gum car air freshener by ELiX","isPartOf":{"@id":"https:\/\/elixscent.com\/#website"},"primaryImageOfPage":{"@id":"https:\/\/elixscent.com\/product\/organic-hanging-bubble-gum\/#primaryimage"},"image":{"@id":"https:\/\/elixscent.com\/product\/organic-hanging-bubble-gum\/#primaryimage"},"thumbnailUrl":"https:\/\/elixscent.com\/wp-content\/uploads\/organicheadder_bubblegum_1.0.png","datePublished":"2022-08-12T07:47:38+00:00","dateModified":"2023-02-08T10:49:21+00:00","description":"Drewno nas\u0105czone specjaln\u0105 kompozycj\u0105 zapachow\u0105. Od\u015bwie\u017cacz powietrza znany i sprawdzony od lat. Teraz w ulepszonej wersji","breadcrumb":{"@id":"https:\/\/elixscent.com\/product\/organic-hanging-bubble-gum\/#breadcrumb"},"inLanguage":"pl-PL","potentialAction":[{"@type":"ReadAction","target":["https:\/\/elixscent.com\/product\/organic-hanging-bubble-gum\/"]}]},{"@type":"ImageObject","inLanguage":"pl-PL","@id":"https:\/\/elixscent.com\/product\/organic-hanging-bubble-gum\/#primaryimage","url":"https:\/\/elixscent.com\/wp-content\/uploads\/organicheadder_bubblegum_1.0.png","contentUrl":"https:\/\/elixscent.com\/wp-content\/uploads\/organicheadder_bubblegum_1.0.png","width":230,"height":556,"caption":"organicheadder bubblegum 1.0"},{"@type":"BreadcrumbList","@id":"https:\/\/elixscent.com\/product\/organic-hanging-bubble-gum\/#breadcrumb","itemListElement":[{"@type":"ListItem","position":1,"name":"Home","item":"https:\/\/elixscent.com\/"},{"@type":"ListItem","position":2,"name":"Products","item":"https:\/\/elixscent.com\/product\/"},{"@type":"ListItem","position":3,"name":"ORGANIC","item":"https:\/\/elixscent.com\/product-category\/organic\/"},{"@type":"ListItem","position":4,"name":"ORGANIC hanging Bubble Gum"}]},{"@type":"WebSite","@id":"https:\/\/elixscent.com\/#website","url":"https:\/\/elixscent.com\/","name":"Od\u015bwie\u017cacze powietrza ELiX EU","description":"Powietrze i tkaniny, idealnie \u015bwie\u017ce","publisher":{"@id":"https:\/\/elixscent.com\/#organization"},"potentialAction":[{"@type":"SearchAction","target":{"@type":"EntryPoint","urlTemplate":"https:\/\/elixscent.com\/?s={search_term_string}"},"query-input":{"@type":"PropertyValueSpecification","valueRequired":true,"valueName":"search_term_string"}}],"inLanguage":"pl-PL"},{"@type":"Organization","@id":"https:\/\/elixscent.com\/#organization","name":"Producent od\u015bwie\u017caczy powietrza ELIX","url":"https:\/\/elixscent.com\/","logo":{"@type":"ImageObject","inLanguage":"pl-PL","@id":"https:\/\/elixscent.com\/#\/schema\/logo\/image\/","url":"https:\/\/elixscent.com\/wp-content\/uploads\/elix_logo_1.0-_300.jpg","contentUrl":"https:\/\/elixscent.com\/wp-content\/uploads\/elix_logo_1.0-_300.jpg","width":300,"height":257,"caption":"ELIX air freshener manufacturer"},"image":{"@id":"https:\/\/elixscent.com\/#\/schema\/logo\/image\/"},"sameAs":["https:\/\/www.linkedin.com\/company\/30084929"]}]}},"_links":{"self":[{"href":"https:\/\/elixscent.com\/pl\/wp-json\/wp\/v2\/product\/26579","targetHints":{"allow":["GET"]}}],"collection":[{"href":"https:\/\/elixscent.com\/pl\/wp-json\/wp\/v2\/product"}],"about":[{"href":"https:\/\/elixscent.com\/pl\/wp-json\/wp\/v2\/types\/product"}],"version-history":[{"count":6,"href":"https:\/\/elixscent.com\/pl\/wp-json\/wp\/v2\/product\/26579\/revisions"}],"predecessor-version":[{"id":28756,"href":"https:\/\/elixscent.com\/pl\/wp-json\/wp\/v2\/product\/26579\/revisions\/28756"}],"wp:featuredmedia":[{"embeddable":true,"href":"https:\/\/elixscent.com\/pl\/wp-json\/wp\/v2\/media\/26580"}],"wp:attachment":[{"href":"https:\/\/elixscent.com\/pl\/wp-json\/wp\/v2\/media?parent=26579"}],"curies":[{"name":"wp","href":"https:\/\/api.w.org\/{rel}","templated":true}]}}