{"id":26487,"date":"2022-08-11T13:31:11","date_gmt":"2022-08-11T13:31:11","guid":{"rendered":"https:\/\/elixscent.com\/?post_type=product&#038;p=26487"},"modified":"2022-09-08T06:00:17","modified_gmt":"2022-09-08T06:00:17","slug":"aromaty-natury-ashwagandha","status":"publish","type":"product","link":"https:\/\/elixscent.com\/pl\/product\/aromas-of-nature-ashwagandha\/","title":{"rendered":"Aromaty NATURE Ashwagandha"},"content":{"rendered":"","protected":false},"featured_media":26486,"parent":0,"menu_order":18,"template":"","class_list":["post-26487","product","type-product","status-publish","has-post-thumbnail","hentry","product_category-wooden-air-freshener","product_category-aromas-of-nature"],"acf":[],"yoast_head":"<!-- This site is optimized with the Yoast SEO Premium plugin v27.2 (Yoast SEO v27.4) - https:\/\/yoast.com\/product\/yoast-seo-premium-wordpress\/ -->\n<title>Aromas of NATURE Ashwagandha air freshener by ELiX<\/title>\n<meta name=\"description\" content=\"Aromas of NATURE are specially selected herbal ingredients in the form of an air freshener. Plastic free, minimalist packaging.\" \/>\n<meta name=\"robots\" content=\"index, follow, max-snippet:-1, max-image-preview:large, max-video-preview:-1\" \/>\n<link rel=\"canonical\" href=\"https:\/\/elixscent.com\/pl\/produkt\/aromaty-natury-ashwagandha\/\" \/>\n<meta property=\"og:locale\" content=\"pl_PL\" \/>\n<meta property=\"og:type\" content=\"article\" \/>\n<meta property=\"og:title\" content=\"Aromas of NATURE Ashwagandha\" \/>\n<meta property=\"og:description\" content=\"Aromas of NATURE are specially selected herbal ingredients in the form of an air freshener. Plastic free, minimalist packaging.\" \/>\n<meta property=\"og:url\" content=\"https:\/\/elixscent.com\/pl\/produkt\/aromaty-natury-ashwagandha\/\" \/>\n<meta property=\"og:site_name\" content=\"ELiX EU air fresheners\" \/>\n<meta property=\"article:modified_time\" content=\"2022-09-08T06:00:17+00:00\" \/>\n<meta property=\"og:image\" content=\"https:\/\/elixscent.com\/wp-content\/uploads\/AN_ashwagandha_1.0.png\" \/>\n\t<meta property=\"og:image:width\" content=\"300\" \/>\n\t<meta property=\"og:image:height\" content=\"509\" \/>\n\t<meta property=\"og:image:type\" content=\"image\/png\" \/>\n<meta name=\"twitter:card\" content=\"summary_large_image\" \/>\n<script type=\"application\/ld+json\" class=\"yoast-schema-graph\">{\"@context\":\"https:\\\/\\\/schema.org\",\"@graph\":[{\"@type\":\"WebPage\",\"@id\":\"https:\\\/\\\/elixscent.com\\\/product\\\/aromas-of-nature-ashwagandha\\\/\",\"url\":\"https:\\\/\\\/elixscent.com\\\/product\\\/aromas-of-nature-ashwagandha\\\/\",\"name\":\"Aromas of NATURE Ashwagandha air freshener by ELiX\",\"isPartOf\":{\"@id\":\"https:\\\/\\\/elixscent.com\\\/#website\"},\"primaryImageOfPage\":{\"@id\":\"https:\\\/\\\/elixscent.com\\\/product\\\/aromas-of-nature-ashwagandha\\\/#primaryimage\"},\"image\":{\"@id\":\"https:\\\/\\\/elixscent.com\\\/product\\\/aromas-of-nature-ashwagandha\\\/#primaryimage\"},\"thumbnailUrl\":\"https:\\\/\\\/elixscent.com\\\/wp-content\\\/uploads\\\/AN_ashwagandha_1.0.png\",\"datePublished\":\"2022-08-11T13:31:11+00:00\",\"dateModified\":\"2022-09-08T06:00:17+00:00\",\"description\":\"Aromas of NATURE are specially selected herbal ingredients in the form of an air freshener. Plastic free, minimalist packaging.\",\"breadcrumb\":{\"@id\":\"https:\\\/\\\/elixscent.com\\\/product\\\/aromas-of-nature-ashwagandha\\\/#breadcrumb\"},\"inLanguage\":\"pl-PL\",\"potentialAction\":[{\"@type\":\"ReadAction\",\"target\":[\"https:\\\/\\\/elixscent.com\\\/product\\\/aromas-of-nature-ashwagandha\\\/\"]}]},{\"@type\":\"ImageObject\",\"inLanguage\":\"pl-PL\",\"@id\":\"https:\\\/\\\/elixscent.com\\\/product\\\/aromas-of-nature-ashwagandha\\\/#primaryimage\",\"url\":\"https:\\\/\\\/elixscent.com\\\/wp-content\\\/uploads\\\/AN_ashwagandha_1.0.png\",\"contentUrl\":\"https:\\\/\\\/elixscent.com\\\/wp-content\\\/uploads\\\/AN_ashwagandha_1.0.png\",\"width\":300,\"height\":509,\"caption\":\"AN ashwagandha 1.0\"},{\"@type\":\"BreadcrumbList\",\"@id\":\"https:\\\/\\\/elixscent.com\\\/product\\\/aromas-of-nature-ashwagandha\\\/#breadcrumb\",\"itemListElement\":[{\"@type\":\"ListItem\",\"position\":1,\"name\":\"Home\",\"item\":\"https:\\\/\\\/elixscent.com\\\/\"},{\"@type\":\"ListItem\",\"position\":2,\"name\":\"Products\",\"item\":\"https:\\\/\\\/elixscent.com\\\/product\\\/\"},{\"@type\":\"ListItem\",\"position\":3,\"name\":\"WOOD\",\"item\":\"https:\\\/\\\/elixscent.com\\\/product-category\\\/wooden-air-freshener\\\/\"},{\"@type\":\"ListItem\",\"position\":4,\"name\":\"aromas of nature 5\",\"item\":\"https:\\\/\\\/elixscent.com\\\/product-category\\\/aromas-of-nature\\\/\"},{\"@type\":\"ListItem\",\"position\":5,\"name\":\"Aromas of NATURE Ashwagandha\"}]},{\"@type\":\"WebSite\",\"@id\":\"https:\\\/\\\/elixscent.com\\\/#website\",\"url\":\"https:\\\/\\\/elixscent.com\\\/\",\"name\":\"ELiX EU air fresheners\",\"description\":\"Air &amp; Fabric, Perfectly Fresh\",\"publisher\":{\"@id\":\"https:\\\/\\\/elixscent.com\\\/#organization\"},\"potentialAction\":[{\"@type\":\"SearchAction\",\"target\":{\"@type\":\"EntryPoint\",\"urlTemplate\":\"https:\\\/\\\/elixscent.com\\\/?s={search_term_string}\"},\"query-input\":{\"@type\":\"PropertyValueSpecification\",\"valueRequired\":true,\"valueName\":\"search_term_string\"}}],\"inLanguage\":\"pl-PL\"},{\"@type\":\"Organization\",\"@id\":\"https:\\\/\\\/elixscent.com\\\/#organization\",\"name\":\"ELIX air freshener manufacturer\",\"url\":\"https:\\\/\\\/elixscent.com\\\/\",\"logo\":{\"@type\":\"ImageObject\",\"inLanguage\":\"pl-PL\",\"@id\":\"https:\\\/\\\/elixscent.com\\\/#\\\/schema\\\/logo\\\/image\\\/\",\"url\":\"https:\\\/\\\/elixscent.com\\\/wp-content\\\/uploads\\\/elix_logo_1.0-_300.jpg\",\"contentUrl\":\"https:\\\/\\\/elixscent.com\\\/wp-content\\\/uploads\\\/elix_logo_1.0-_300.jpg\",\"width\":300,\"height\":257,\"caption\":\"ELIX air freshener manufacturer\"},\"image\":{\"@id\":\"https:\\\/\\\/elixscent.com\\\/#\\\/schema\\\/logo\\\/image\\\/\"},\"sameAs\":[\"https:\\\/\\\/www.linkedin.com\\\/company\\\/30084929\"]}]}<\/script>\n<!-- \/ Yoast SEO Premium plugin. -->","yoast_head_json":{"title":"Od\u015bwie\u017cacz powietrza Aromas of NATURE Ashwagandha marki ELiX","description":"Aromas of NATURE to specjalnie wyselekcjonowane sk\u0142adniki zio\u0142owe w formie od\u015bwie\u017cacza powietrza. Minimalistyczne opakowanie nie zawiera plastiku.","robots":{"index":"index","follow":"follow","max-snippet":"max-snippet:-1","max-image-preview":"max-image-preview:large","max-video-preview":"max-video-preview:-1"},"canonical":"https:\/\/elixscent.com\/pl\/produkt\/aromaty-natury-ashwagandha\/","og_locale":"pl_PL","og_type":"article","og_title":"Aromas of NATURE Ashwagandha","og_description":"Aromas of NATURE are specially selected herbal ingredients in the form of an air freshener. Plastic free, minimalist packaging.","og_url":"https:\/\/elixscent.com\/pl\/produkt\/aromaty-natury-ashwagandha\/","og_site_name":"ELiX EU air fresheners","article_modified_time":"2022-09-08T06:00:17+00:00","og_image":[{"width":300,"height":509,"url":"https:\/\/elixscent.com\/wp-content\/uploads\/AN_ashwagandha_1.0.png","type":"image\/png"}],"twitter_card":"summary_large_image","schema":{"@context":"https:\/\/schema.org","@graph":[{"@type":"WebPage","@id":"https:\/\/elixscent.com\/product\/aromas-of-nature-ashwagandha\/","url":"https:\/\/elixscent.com\/product\/aromas-of-nature-ashwagandha\/","name":"Od\u015bwie\u017cacz powietrza Aromas of NATURE Ashwagandha marki ELiX","isPartOf":{"@id":"https:\/\/elixscent.com\/#website"},"primaryImageOfPage":{"@id":"https:\/\/elixscent.com\/product\/aromas-of-nature-ashwagandha\/#primaryimage"},"image":{"@id":"https:\/\/elixscent.com\/product\/aromas-of-nature-ashwagandha\/#primaryimage"},"thumbnailUrl":"https:\/\/elixscent.com\/wp-content\/uploads\/AN_ashwagandha_1.0.png","datePublished":"2022-08-11T13:31:11+00:00","dateModified":"2022-09-08T06:00:17+00:00","description":"Aromas of NATURE to specjalnie wyselekcjonowane sk\u0142adniki zio\u0142owe w formie od\u015bwie\u017cacza powietrza. Minimalistyczne opakowanie nie zawiera plastiku.","breadcrumb":{"@id":"https:\/\/elixscent.com\/product\/aromas-of-nature-ashwagandha\/#breadcrumb"},"inLanguage":"pl-PL","potentialAction":[{"@type":"ReadAction","target":["https:\/\/elixscent.com\/product\/aromas-of-nature-ashwagandha\/"]}]},{"@type":"ImageObject","inLanguage":"pl-PL","@id":"https:\/\/elixscent.com\/product\/aromas-of-nature-ashwagandha\/#primaryimage","url":"https:\/\/elixscent.com\/wp-content\/uploads\/AN_ashwagandha_1.0.png","contentUrl":"https:\/\/elixscent.com\/wp-content\/uploads\/AN_ashwagandha_1.0.png","width":300,"height":509,"caption":"AN ashwagandha 1.0"},{"@type":"BreadcrumbList","@id":"https:\/\/elixscent.com\/product\/aromas-of-nature-ashwagandha\/#breadcrumb","itemListElement":[{"@type":"ListItem","position":1,"name":"Home","item":"https:\/\/elixscent.com\/"},{"@type":"ListItem","position":2,"name":"Products","item":"https:\/\/elixscent.com\/product\/"},{"@type":"ListItem","position":3,"name":"WOOD","item":"https:\/\/elixscent.com\/product-category\/wooden-air-freshener\/"},{"@type":"ListItem","position":4,"name":"aromas of nature 5","item":"https:\/\/elixscent.com\/product-category\/aromas-of-nature\/"},{"@type":"ListItem","position":5,"name":"Aromas of NATURE Ashwagandha"}]},{"@type":"WebSite","@id":"https:\/\/elixscent.com\/#website","url":"https:\/\/elixscent.com\/","name":"Od\u015bwie\u017cacze powietrza ELiX EU","description":"Powietrze i tkaniny, idealnie \u015bwie\u017ce","publisher":{"@id":"https:\/\/elixscent.com\/#organization"},"potentialAction":[{"@type":"SearchAction","target":{"@type":"EntryPoint","urlTemplate":"https:\/\/elixscent.com\/?s={search_term_string}"},"query-input":{"@type":"PropertyValueSpecification","valueRequired":true,"valueName":"search_term_string"}}],"inLanguage":"pl-PL"},{"@type":"Organization","@id":"https:\/\/elixscent.com\/#organization","name":"Producent od\u015bwie\u017caczy powietrza ELIX","url":"https:\/\/elixscent.com\/","logo":{"@type":"ImageObject","inLanguage":"pl-PL","@id":"https:\/\/elixscent.com\/#\/schema\/logo\/image\/","url":"https:\/\/elixscent.com\/wp-content\/uploads\/elix_logo_1.0-_300.jpg","contentUrl":"https:\/\/elixscent.com\/wp-content\/uploads\/elix_logo_1.0-_300.jpg","width":300,"height":257,"caption":"ELIX air freshener manufacturer"},"image":{"@id":"https:\/\/elixscent.com\/#\/schema\/logo\/image\/"},"sameAs":["https:\/\/www.linkedin.com\/company\/30084929"]}]}},"_links":{"self":[{"href":"https:\/\/elixscent.com\/pl\/wp-json\/wp\/v2\/product\/26487","targetHints":{"allow":["GET"]}}],"collection":[{"href":"https:\/\/elixscent.com\/pl\/wp-json\/wp\/v2\/product"}],"about":[{"href":"https:\/\/elixscent.com\/pl\/wp-json\/wp\/v2\/types\/product"}],"version-history":[{"count":4,"href":"https:\/\/elixscent.com\/pl\/wp-json\/wp\/v2\/product\/26487\/revisions"}],"predecessor-version":[{"id":27747,"href":"https:\/\/elixscent.com\/pl\/wp-json\/wp\/v2\/product\/26487\/revisions\/27747"}],"wp:featuredmedia":[{"embeddable":true,"href":"https:\/\/elixscent.com\/pl\/wp-json\/wp\/v2\/media\/26486"}],"wp:attachment":[{"href":"https:\/\/elixscent.com\/pl\/wp-json\/wp\/v2\/media?parent=26487"}],"curies":[{"name":"wp","href":"https:\/\/api.w.org\/{rel}","templated":true}]}}