{"id":26428,"date":"2022-08-11T10:51:11","date_gmt":"2022-08-11T10:51:11","guid":{"rendered":"https:\/\/elixscent.com\/?post_type=product&#038;p=26428"},"modified":"2024-10-15T09:57:38","modified_gmt":"2024-10-15T09:57:38","slug":"odswiezacz-absolutny-kaszmir","status":"publish","type":"product","link":"https:\/\/elixscent.com\/pl\/product\/refresher-absolute-cashmere\/","title":{"rendered":"FABRIC REFRESHER Absolute Cashmere"},"content":{"rendered":"<p><strong>Instrukcja u\u017cytkowania:<\/strong> Potrz\u0105\u015bnij i skieruj spust z dala od twarzy. Poci\u0105gn\u0105\u0107 spust kilka razy. Rozpyla\u0107 w odleg\u0142o\u015bci 30 cm od powierzchni. W przypadku uporczywych zapach\u00f3w powt\u00f3rzy\u0107 czynno\u015b\u0107. Zalecenie: Przetestowa\u0107 produkt na niewidocznym lub ukrytym obszarze tkaniny. Przechowywa\u0107 w suchym miejscu w temperaturze 15-25\u00b0C.<\/p>\n<p><span id=\"span-23-132\" class=\"ct-span oxy-stock-content-styles\"><em>&gt;&gt; Je\u015bli chcesz kupi\u0107, odwied\u017a nasz sklep:<\/em> <a class=\"_ps2id\" href=\"https:\/\/airfresh24.com\/products\/shop\/fabric-refreshener\/\" data-ps2id-offset=\"\"><strong>www.airfresh24.com<\/strong><\/a><\/span><\/p>","protected":false},"featured_media":26429,"parent":0,"menu_order":28,"template":"","class_list":["post-26428","product","type-product","status-publish","has-post-thumbnail","hentry","product_category-ff","product_category-laundry"],"acf":[],"yoast_head":"<!-- This site is optimized with the Yoast SEO Premium plugin v27.2 (Yoast SEO v27.4) - https:\/\/yoast.com\/product\/yoast-seo-premium-wordpress\/ -->\n<title>FABRIC REFRESHER Absolute Cashmere perfume by ELiX<\/title>\n<meta name=\"description\" content=\"Perfume for clothes with odor neutralizing effect. An essential piece of equipment for travelers and athletes. Replaces deodorant\" \/>\n<meta name=\"robots\" content=\"index, follow, max-snippet:-1, max-image-preview:large, max-video-preview:-1\" \/>\n<link rel=\"canonical\" href=\"https:\/\/elixscent.com\/pl\/produkt\/odswiezacz-absolutny-kaszmir\/\" \/>\n<meta property=\"og:locale\" content=\"pl_PL\" \/>\n<meta property=\"og:type\" content=\"article\" \/>\n<meta property=\"og:title\" content=\"FABRIC REFRESHER Absolute Cashmere\" \/>\n<meta property=\"og:description\" content=\"Perfume for clothes with odor neutralizing effect. An essential piece of equipment for travelers and athletes. Replaces deodorant\" \/>\n<meta property=\"og:url\" content=\"https:\/\/elixscent.com\/pl\/produkt\/odswiezacz-absolutny-kaszmir\/\" \/>\n<meta property=\"og:site_name\" content=\"ELiX EU air fresheners\" \/>\n<meta property=\"article:modified_time\" content=\"2024-10-15T09:57:38+00:00\" \/>\n<meta property=\"og:image\" content=\"https:\/\/elixscent.com\/wp-content\/uploads\/fabricfreshener250_cashmere_2.0.png\" \/>\n\t<meta property=\"og:image:width\" content=\"225\" \/>\n\t<meta property=\"og:image:height\" content=\"701\" \/>\n\t<meta property=\"og:image:type\" content=\"image\/png\" \/>\n<meta name=\"twitter:card\" content=\"summary_large_image\" \/>\n<meta name=\"twitter:label1\" content=\"Szacowany czas czytania\" \/>\n\t<meta name=\"twitter:data1\" content=\"1 minuta\" \/>\n<script type=\"application\/ld+json\" class=\"yoast-schema-graph\">{\"@context\":\"https:\\\/\\\/schema.org\",\"@graph\":[{\"@type\":\"WebPage\",\"@id\":\"https:\\\/\\\/elixscent.com\\\/product\\\/refresher-absolute-cashmere\\\/\",\"url\":\"https:\\\/\\\/elixscent.com\\\/product\\\/refresher-absolute-cashmere\\\/\",\"name\":\"FABRIC REFRESHER Absolute Cashmere perfume by ELiX\",\"isPartOf\":{\"@id\":\"https:\\\/\\\/elixscent.com\\\/#website\"},\"primaryImageOfPage\":{\"@id\":\"https:\\\/\\\/elixscent.com\\\/product\\\/refresher-absolute-cashmere\\\/#primaryimage\"},\"image\":{\"@id\":\"https:\\\/\\\/elixscent.com\\\/product\\\/refresher-absolute-cashmere\\\/#primaryimage\"},\"thumbnailUrl\":\"https:\\\/\\\/elixscent.com\\\/wp-content\\\/uploads\\\/fabricfreshener250_cashmere_2.0.png\",\"datePublished\":\"2022-08-11T10:51:11+00:00\",\"dateModified\":\"2024-10-15T09:57:38+00:00\",\"description\":\"Perfume for clothes with odor neutralizing effect. An essential piece of equipment for travelers and athletes. Replaces deodorant\",\"breadcrumb\":{\"@id\":\"https:\\\/\\\/elixscent.com\\\/product\\\/refresher-absolute-cashmere\\\/#breadcrumb\"},\"inLanguage\":\"pl-PL\",\"potentialAction\":[{\"@type\":\"ReadAction\",\"target\":[\"https:\\\/\\\/elixscent.com\\\/product\\\/refresher-absolute-cashmere\\\/\"]}]},{\"@type\":\"ImageObject\",\"inLanguage\":\"pl-PL\",\"@id\":\"https:\\\/\\\/elixscent.com\\\/product\\\/refresher-absolute-cashmere\\\/#primaryimage\",\"url\":\"https:\\\/\\\/elixscent.com\\\/wp-content\\\/uploads\\\/fabricfreshener250_cashmere_2.0.png\",\"contentUrl\":\"https:\\\/\\\/elixscent.com\\\/wp-content\\\/uploads\\\/fabricfreshener250_cashmere_2.0.png\",\"width\":225,\"height\":701,\"caption\":\"fabricfreshener250 cashmere 2.0\"},{\"@type\":\"BreadcrumbList\",\"@id\":\"https:\\\/\\\/elixscent.com\\\/product\\\/refresher-absolute-cashmere\\\/#breadcrumb\",\"itemListElement\":[{\"@type\":\"ListItem\",\"position\":1,\"name\":\"Home\",\"item\":\"https:\\\/\\\/elixscent.com\\\/\"},{\"@type\":\"ListItem\",\"position\":2,\"name\":\"Products\",\"item\":\"https:\\\/\\\/elixscent.com\\\/product\\\/\"},{\"@type\":\"ListItem\",\"position\":3,\"name\":\"IN-WASH SCENT BOOSTER\",\"item\":\"https:\\\/\\\/elixscent.com\\\/product-category\\\/laundry\\\/\"},{\"@type\":\"ListItem\",\"position\":4,\"name\":\"Fabric Freshener\",\"item\":\"https:\\\/\\\/elixscent.com\\\/product-category\\\/ff\\\/\"},{\"@type\":\"ListItem\",\"position\":5,\"name\":\"FABRIC REFRESHER Absolute Cashmere\"}]},{\"@type\":\"WebSite\",\"@id\":\"https:\\\/\\\/elixscent.com\\\/#website\",\"url\":\"https:\\\/\\\/elixscent.com\\\/\",\"name\":\"ELiX EU air fresheners\",\"description\":\"Air &amp; Fabric, Perfectly Fresh\",\"publisher\":{\"@id\":\"https:\\\/\\\/elixscent.com\\\/#organization\"},\"potentialAction\":[{\"@type\":\"SearchAction\",\"target\":{\"@type\":\"EntryPoint\",\"urlTemplate\":\"https:\\\/\\\/elixscent.com\\\/?s={search_term_string}\"},\"query-input\":{\"@type\":\"PropertyValueSpecification\",\"valueRequired\":true,\"valueName\":\"search_term_string\"}}],\"inLanguage\":\"pl-PL\"},{\"@type\":\"Organization\",\"@id\":\"https:\\\/\\\/elixscent.com\\\/#organization\",\"name\":\"ELIX air freshener manufacturer\",\"url\":\"https:\\\/\\\/elixscent.com\\\/\",\"logo\":{\"@type\":\"ImageObject\",\"inLanguage\":\"pl-PL\",\"@id\":\"https:\\\/\\\/elixscent.com\\\/#\\\/schema\\\/logo\\\/image\\\/\",\"url\":\"https:\\\/\\\/elixscent.com\\\/wp-content\\\/uploads\\\/elix_logo_1.0-_300.jpg\",\"contentUrl\":\"https:\\\/\\\/elixscent.com\\\/wp-content\\\/uploads\\\/elix_logo_1.0-_300.jpg\",\"width\":300,\"height\":257,\"caption\":\"ELIX air freshener manufacturer\"},\"image\":{\"@id\":\"https:\\\/\\\/elixscent.com\\\/#\\\/schema\\\/logo\\\/image\\\/\"},\"sameAs\":[\"https:\\\/\\\/www.linkedin.com\\\/company\\\/30084929\"]}]}<\/script>\n<!-- \/ Yoast SEO Premium plugin. -->","yoast_head_json":{"title":"OD\u015aWIE\u017bACZ DO TKANIN Perfumy Absolute Cashmere marki ELiX","description":"Perfumy do ubra\u0144 o dzia\u0142aniu neutralizuj\u0105cym zapachy. Niezb\u0119dny element wyposa\u017cenia dla podr\u00f3\u017cnik\u00f3w i sportowc\u00f3w. Zast\u0119puje dezodorant","robots":{"index":"index","follow":"follow","max-snippet":"max-snippet:-1","max-image-preview":"max-image-preview:large","max-video-preview":"max-video-preview:-1"},"canonical":"https:\/\/elixscent.com\/pl\/produkt\/odswiezacz-absolutny-kaszmir\/","og_locale":"pl_PL","og_type":"article","og_title":"FABRIC REFRESHER Absolute Cashmere","og_description":"Perfume for clothes with odor neutralizing effect. An essential piece of equipment for travelers and athletes. Replaces deodorant","og_url":"https:\/\/elixscent.com\/pl\/produkt\/odswiezacz-absolutny-kaszmir\/","og_site_name":"ELiX EU air fresheners","article_modified_time":"2024-10-15T09:57:38+00:00","og_image":[{"width":225,"height":701,"url":"https:\/\/elixscent.com\/wp-content\/uploads\/fabricfreshener250_cashmere_2.0.png","type":"image\/png"}],"twitter_card":"summary_large_image","twitter_misc":{"Szacowany czas czytania":"1 minuta"},"schema":{"@context":"https:\/\/schema.org","@graph":[{"@type":"WebPage","@id":"https:\/\/elixscent.com\/product\/refresher-absolute-cashmere\/","url":"https:\/\/elixscent.com\/product\/refresher-absolute-cashmere\/","name":"OD\u015aWIE\u017bACZ DO TKANIN Perfumy Absolute Cashmere marki ELiX","isPartOf":{"@id":"https:\/\/elixscent.com\/#website"},"primaryImageOfPage":{"@id":"https:\/\/elixscent.com\/product\/refresher-absolute-cashmere\/#primaryimage"},"image":{"@id":"https:\/\/elixscent.com\/product\/refresher-absolute-cashmere\/#primaryimage"},"thumbnailUrl":"https:\/\/elixscent.com\/wp-content\/uploads\/fabricfreshener250_cashmere_2.0.png","datePublished":"2022-08-11T10:51:11+00:00","dateModified":"2024-10-15T09:57:38+00:00","description":"Perfumy do ubra\u0144 o dzia\u0142aniu neutralizuj\u0105cym zapachy. Niezb\u0119dny element wyposa\u017cenia dla podr\u00f3\u017cnik\u00f3w i sportowc\u00f3w. Zast\u0119puje dezodorant","breadcrumb":{"@id":"https:\/\/elixscent.com\/product\/refresher-absolute-cashmere\/#breadcrumb"},"inLanguage":"pl-PL","potentialAction":[{"@type":"ReadAction","target":["https:\/\/elixscent.com\/product\/refresher-absolute-cashmere\/"]}]},{"@type":"ImageObject","inLanguage":"pl-PL","@id":"https:\/\/elixscent.com\/product\/refresher-absolute-cashmere\/#primaryimage","url":"https:\/\/elixscent.com\/wp-content\/uploads\/fabricfreshener250_cashmere_2.0.png","contentUrl":"https:\/\/elixscent.com\/wp-content\/uploads\/fabricfreshener250_cashmere_2.0.png","width":225,"height":701,"caption":"fabricfreshener250 cashmere 2.0"},{"@type":"BreadcrumbList","@id":"https:\/\/elixscent.com\/product\/refresher-absolute-cashmere\/#breadcrumb","itemListElement":[{"@type":"ListItem","position":1,"name":"Home","item":"https:\/\/elixscent.com\/"},{"@type":"ListItem","position":2,"name":"Products","item":"https:\/\/elixscent.com\/product\/"},{"@type":"ListItem","position":3,"name":"IN-WASH SCENT BOOSTER","item":"https:\/\/elixscent.com\/product-category\/laundry\/"},{"@type":"ListItem","position":4,"name":"Fabric Freshener","item":"https:\/\/elixscent.com\/product-category\/ff\/"},{"@type":"ListItem","position":5,"name":"FABRIC REFRESHER Absolute Cashmere"}]},{"@type":"WebSite","@id":"https:\/\/elixscent.com\/#website","url":"https:\/\/elixscent.com\/","name":"Od\u015bwie\u017cacze powietrza ELiX EU","description":"Powietrze i tkaniny, idealnie \u015bwie\u017ce","publisher":{"@id":"https:\/\/elixscent.com\/#organization"},"potentialAction":[{"@type":"SearchAction","target":{"@type":"EntryPoint","urlTemplate":"https:\/\/elixscent.com\/?s={search_term_string}"},"query-input":{"@type":"PropertyValueSpecification","valueRequired":true,"valueName":"search_term_string"}}],"inLanguage":"pl-PL"},{"@type":"Organization","@id":"https:\/\/elixscent.com\/#organization","name":"Producent od\u015bwie\u017caczy powietrza ELIX","url":"https:\/\/elixscent.com\/","logo":{"@type":"ImageObject","inLanguage":"pl-PL","@id":"https:\/\/elixscent.com\/#\/schema\/logo\/image\/","url":"https:\/\/elixscent.com\/wp-content\/uploads\/elix_logo_1.0-_300.jpg","contentUrl":"https:\/\/elixscent.com\/wp-content\/uploads\/elix_logo_1.0-_300.jpg","width":300,"height":257,"caption":"ELIX air freshener manufacturer"},"image":{"@id":"https:\/\/elixscent.com\/#\/schema\/logo\/image\/"},"sameAs":["https:\/\/www.linkedin.com\/company\/30084929"]}]}},"_links":{"self":[{"href":"https:\/\/elixscent.com\/pl\/wp-json\/wp\/v2\/product\/26428","targetHints":{"allow":["GET"]}}],"collection":[{"href":"https:\/\/elixscent.com\/pl\/wp-json\/wp\/v2\/product"}],"about":[{"href":"https:\/\/elixscent.com\/pl\/wp-json\/wp\/v2\/types\/product"}],"version-history":[{"count":11,"href":"https:\/\/elixscent.com\/pl\/wp-json\/wp\/v2\/product\/26428\/revisions"}],"predecessor-version":[{"id":53492,"href":"https:\/\/elixscent.com\/pl\/wp-json\/wp\/v2\/product\/26428\/revisions\/53492"}],"wp:featuredmedia":[{"embeddable":true,"href":"https:\/\/elixscent.com\/pl\/wp-json\/wp\/v2\/media\/26429"}],"wp:attachment":[{"href":"https:\/\/elixscent.com\/pl\/wp-json\/wp\/v2\/media?parent=26428"}],"curies":[{"name":"wp","href":"https:\/\/api.w.org\/{rel}","templated":true}]}}