{"id":26418,"date":"2022-08-11T09:58:35","date_gmt":"2022-08-11T09:58:35","guid":{"rendered":"https:\/\/elixscent.com\/?post_type=product&#038;p=26418"},"modified":"2024-10-15T09:53:55","modified_gmt":"2024-10-15T09:53:55","slug":"wzmacniacz-zapachu-w-plynie-absolutny-kaszmir","status":"publish","type":"product","link":"https:\/\/elixscent.com\/pl\/product\/scent-booster-liquid-absolute-cashmere\/","title":{"rendered":"SCENT BOOSTER w p\u0142ynie do prania Absolute Cashmere"},"content":{"rendered":"<p><strong>Instrukcja u\u017cytkowania w pralce:<\/strong> Wstrz\u0105\u015bnij i wlej perfumy do szuflady na p\u0142yn do p\u0142ukania tkanin. U\u017cyj detergentu. U\u017cyj p\u0142ynu do p\u0142ukania tkanin, aby uzyska\u0107 efekt zmi\u0119kczaj\u0105cy. Zalecana dawka to 1 pe\u0142na nakr\u0119tka. Stosowa\u0107 maksymalnie 2 nakr\u0119tki na jedno pranie. <strong>Pranie r\u0119czne:<\/strong> Wla\u0107 1 do 2 fili\u017canek do 5 litr\u00f3w wody, wyp\u0142uka\u0107 pranie, pozostawiaj\u0105c ubrania w perfumowanej wodzie na kilka minut. Ostrze\u017cenie: Nie wylewa\u0107 p\u0142ynu bezpo\u015brednio na pranie i nie u\u017cywa\u0107 go w suszarce b\u0119bnowej. Nie spo\u017cywa\u0107. Przechowywa\u0107 w suchym miejscu w temperaturze 15-25\u00b0C.<\/p>\n<p><span id=\"span-23-132\" class=\"ct-span oxy-stock-content-styles\"><em>&gt;&gt; Je\u015bli chcesz kupi\u0107, odwied\u017a nasz sklep:<\/em> <a class=\"_ps2id\" href=\"https:\/\/airfresh24.com\/products\/shop\/scent-booster-perfume\/\" data-ps2id-offset=\"\"><strong>www.airfresh24.com<\/strong><\/a><\/span><\/p>","protected":false},"featured_media":26419,"parent":0,"menu_order":31,"template":"","class_list":["post-26418","product","type-product","status-publish","has-post-thumbnail","hentry","product_category-booster-liquid","product_category-laundry"],"acf":[],"yoast_head":"<!-- This site is optimized with the Yoast SEO Premium plugin v27.2 (Yoast SEO v27.4) - https:\/\/yoast.com\/product\/yoast-seo-premium-wordpress\/ -->\n<title>In-Wash SCENT BOOSTER liquid Absolute Cashmere perfume<\/title>\n<meta name=\"description\" content=\"Laundry Perfume. A fragrance booster that will transform your daily life by giving a long-lasting natural fragrance to your clothes\" \/>\n<meta name=\"robots\" content=\"index, follow, max-snippet:-1, max-image-preview:large, max-video-preview:-1\" \/>\n<link rel=\"canonical\" href=\"https:\/\/elixscent.com\/pl\/produkt\/wzmacniacz-zapachu-w-plynie-absolutny-kaszmir\/\" \/>\n<meta property=\"og:locale\" content=\"pl_PL\" \/>\n<meta property=\"og:type\" content=\"article\" \/>\n<meta property=\"og:title\" content=\"In-Wash SCENT BOOSTER liquid Absolute Cashmere\" \/>\n<meta property=\"og:description\" content=\"Laundry Perfume. A fragrance booster that will transform your daily life by giving a long-lasting natural fragrance to your clothes\" \/>\n<meta property=\"og:url\" content=\"https:\/\/elixscent.com\/pl\/produkt\/wzmacniacz-zapachu-w-plynie-absolutny-kaszmir\/\" \/>\n<meta property=\"og:site_name\" content=\"ELiX EU air fresheners\" \/>\n<meta property=\"article:modified_time\" content=\"2024-10-15T09:53:55+00:00\" \/>\n<meta property=\"og:image\" content=\"https:\/\/elixscent.com\/wp-content\/uploads\/inwash250_cashmere_2.0.png\" \/>\n\t<meta property=\"og:image:width\" content=\"240\" \/>\n\t<meta property=\"og:image:height\" content=\"520\" \/>\n\t<meta property=\"og:image:type\" content=\"image\/png\" \/>\n<meta name=\"twitter:card\" content=\"summary_large_image\" \/>\n<meta name=\"twitter:label1\" content=\"Szacowany czas czytania\" \/>\n\t<meta name=\"twitter:data1\" content=\"1 minuta\" \/>\n<script type=\"application\/ld+json\" class=\"yoast-schema-graph\">{\"@context\":\"https:\\\/\\\/schema.org\",\"@graph\":[{\"@type\":\"WebPage\",\"@id\":\"https:\\\/\\\/elixscent.com\\\/product\\\/scent-booster-liquid-absolute-cashmere\\\/\",\"url\":\"https:\\\/\\\/elixscent.com\\\/product\\\/scent-booster-liquid-absolute-cashmere\\\/\",\"name\":\"In-Wash SCENT BOOSTER liquid Absolute Cashmere perfume\",\"isPartOf\":{\"@id\":\"https:\\\/\\\/elixscent.com\\\/#website\"},\"primaryImageOfPage\":{\"@id\":\"https:\\\/\\\/elixscent.com\\\/product\\\/scent-booster-liquid-absolute-cashmere\\\/#primaryimage\"},\"image\":{\"@id\":\"https:\\\/\\\/elixscent.com\\\/product\\\/scent-booster-liquid-absolute-cashmere\\\/#primaryimage\"},\"thumbnailUrl\":\"https:\\\/\\\/elixscent.com\\\/wp-content\\\/uploads\\\/inwash250_cashmere_2.0.png\",\"datePublished\":\"2022-08-11T09:58:35+00:00\",\"dateModified\":\"2024-10-15T09:53:55+00:00\",\"description\":\"Laundry Perfume. A fragrance booster that will transform your daily life by giving a long-lasting natural fragrance to your clothes\",\"breadcrumb\":{\"@id\":\"https:\\\/\\\/elixscent.com\\\/product\\\/scent-booster-liquid-absolute-cashmere\\\/#breadcrumb\"},\"inLanguage\":\"pl-PL\",\"potentialAction\":[{\"@type\":\"ReadAction\",\"target\":[\"https:\\\/\\\/elixscent.com\\\/product\\\/scent-booster-liquid-absolute-cashmere\\\/\"]}]},{\"@type\":\"ImageObject\",\"inLanguage\":\"pl-PL\",\"@id\":\"https:\\\/\\\/elixscent.com\\\/product\\\/scent-booster-liquid-absolute-cashmere\\\/#primaryimage\",\"url\":\"https:\\\/\\\/elixscent.com\\\/wp-content\\\/uploads\\\/inwash250_cashmere_2.0.png\",\"contentUrl\":\"https:\\\/\\\/elixscent.com\\\/wp-content\\\/uploads\\\/inwash250_cashmere_2.0.png\",\"width\":240,\"height\":520,\"caption\":\"inwash250 cashmere 2.0\"},{\"@type\":\"BreadcrumbList\",\"@id\":\"https:\\\/\\\/elixscent.com\\\/product\\\/scent-booster-liquid-absolute-cashmere\\\/#breadcrumb\",\"itemListElement\":[{\"@type\":\"ListItem\",\"position\":1,\"name\":\"Home\",\"item\":\"https:\\\/\\\/elixscent.com\\\/\"},{\"@type\":\"ListItem\",\"position\":2,\"name\":\"Products\",\"item\":\"https:\\\/\\\/elixscent.com\\\/product\\\/\"},{\"@type\":\"ListItem\",\"position\":3,\"name\":\"IN-WASH SCENT BOOSTER\",\"item\":\"https:\\\/\\\/elixscent.com\\\/product-category\\\/laundry\\\/\"},{\"@type\":\"ListItem\",\"position\":4,\"name\":\"In-Wash scent booster liquid\",\"item\":\"https:\\\/\\\/elixscent.com\\\/product-category\\\/booster-liquid\\\/\"},{\"@type\":\"ListItem\",\"position\":5,\"name\":\"In-Wash SCENT BOOSTER liquid Absolute Cashmere\"}]},{\"@type\":\"WebSite\",\"@id\":\"https:\\\/\\\/elixscent.com\\\/#website\",\"url\":\"https:\\\/\\\/elixscent.com\\\/\",\"name\":\"ELiX EU air fresheners\",\"description\":\"Air &amp; Fabric, Perfectly Fresh\",\"publisher\":{\"@id\":\"https:\\\/\\\/elixscent.com\\\/#organization\"},\"potentialAction\":[{\"@type\":\"SearchAction\",\"target\":{\"@type\":\"EntryPoint\",\"urlTemplate\":\"https:\\\/\\\/elixscent.com\\\/?s={search_term_string}\"},\"query-input\":{\"@type\":\"PropertyValueSpecification\",\"valueRequired\":true,\"valueName\":\"search_term_string\"}}],\"inLanguage\":\"pl-PL\"},{\"@type\":\"Organization\",\"@id\":\"https:\\\/\\\/elixscent.com\\\/#organization\",\"name\":\"ELIX air freshener manufacturer\",\"url\":\"https:\\\/\\\/elixscent.com\\\/\",\"logo\":{\"@type\":\"ImageObject\",\"inLanguage\":\"pl-PL\",\"@id\":\"https:\\\/\\\/elixscent.com\\\/#\\\/schema\\\/logo\\\/image\\\/\",\"url\":\"https:\\\/\\\/elixscent.com\\\/wp-content\\\/uploads\\\/elix_logo_1.0-_300.jpg\",\"contentUrl\":\"https:\\\/\\\/elixscent.com\\\/wp-content\\\/uploads\\\/elix_logo_1.0-_300.jpg\",\"width\":300,\"height\":257,\"caption\":\"ELIX air freshener manufacturer\"},\"image\":{\"@id\":\"https:\\\/\\\/elixscent.com\\\/#\\\/schema\\\/logo\\\/image\\\/\"},\"sameAs\":[\"https:\\\/\\\/www.linkedin.com\\\/company\\\/30084929\"]}]}<\/script>\n<!-- \/ Yoast SEO Premium plugin. -->","yoast_head_json":{"title":"Perfumy Absolute Cashmere w p\u0142ynie In-Wash SCENT BOOSTER","description":"Perfumy do prania. Wzmacniacz zapachu, kt\u00f3ry odmieni Twoje codzienne \u017cycie, nadaj\u0105c ubraniom d\u0142ugotrwa\u0142y naturalny zapach","robots":{"index":"index","follow":"follow","max-snippet":"max-snippet:-1","max-image-preview":"max-image-preview:large","max-video-preview":"max-video-preview:-1"},"canonical":"https:\/\/elixscent.com\/pl\/produkt\/wzmacniacz-zapachu-w-plynie-absolutny-kaszmir\/","og_locale":"pl_PL","og_type":"article","og_title":"In-Wash SCENT BOOSTER liquid Absolute Cashmere","og_description":"Laundry Perfume. A fragrance booster that will transform your daily life by giving a long-lasting natural fragrance to your clothes","og_url":"https:\/\/elixscent.com\/pl\/produkt\/wzmacniacz-zapachu-w-plynie-absolutny-kaszmir\/","og_site_name":"ELiX EU air fresheners","article_modified_time":"2024-10-15T09:53:55+00:00","og_image":[{"width":240,"height":520,"url":"https:\/\/elixscent.com\/wp-content\/uploads\/inwash250_cashmere_2.0.png","type":"image\/png"}],"twitter_card":"summary_large_image","twitter_misc":{"Szacowany czas czytania":"1 minuta"},"schema":{"@context":"https:\/\/schema.org","@graph":[{"@type":"WebPage","@id":"https:\/\/elixscent.com\/product\/scent-booster-liquid-absolute-cashmere\/","url":"https:\/\/elixscent.com\/product\/scent-booster-liquid-absolute-cashmere\/","name":"Perfumy Absolute Cashmere w p\u0142ynie In-Wash SCENT BOOSTER","isPartOf":{"@id":"https:\/\/elixscent.com\/#website"},"primaryImageOfPage":{"@id":"https:\/\/elixscent.com\/product\/scent-booster-liquid-absolute-cashmere\/#primaryimage"},"image":{"@id":"https:\/\/elixscent.com\/product\/scent-booster-liquid-absolute-cashmere\/#primaryimage"},"thumbnailUrl":"https:\/\/elixscent.com\/wp-content\/uploads\/inwash250_cashmere_2.0.png","datePublished":"2022-08-11T09:58:35+00:00","dateModified":"2024-10-15T09:53:55+00:00","description":"Perfumy do prania. Wzmacniacz zapachu, kt\u00f3ry odmieni Twoje codzienne \u017cycie, nadaj\u0105c ubraniom d\u0142ugotrwa\u0142y naturalny zapach","breadcrumb":{"@id":"https:\/\/elixscent.com\/product\/scent-booster-liquid-absolute-cashmere\/#breadcrumb"},"inLanguage":"pl-PL","potentialAction":[{"@type":"ReadAction","target":["https:\/\/elixscent.com\/product\/scent-booster-liquid-absolute-cashmere\/"]}]},{"@type":"ImageObject","inLanguage":"pl-PL","@id":"https:\/\/elixscent.com\/product\/scent-booster-liquid-absolute-cashmere\/#primaryimage","url":"https:\/\/elixscent.com\/wp-content\/uploads\/inwash250_cashmere_2.0.png","contentUrl":"https:\/\/elixscent.com\/wp-content\/uploads\/inwash250_cashmere_2.0.png","width":240,"height":520,"caption":"inwash250 cashmere 2.0"},{"@type":"BreadcrumbList","@id":"https:\/\/elixscent.com\/product\/scent-booster-liquid-absolute-cashmere\/#breadcrumb","itemListElement":[{"@type":"ListItem","position":1,"name":"Home","item":"https:\/\/elixscent.com\/"},{"@type":"ListItem","position":2,"name":"Products","item":"https:\/\/elixscent.com\/product\/"},{"@type":"ListItem","position":3,"name":"IN-WASH SCENT BOOSTER","item":"https:\/\/elixscent.com\/product-category\/laundry\/"},{"@type":"ListItem","position":4,"name":"In-Wash scent booster liquid","item":"https:\/\/elixscent.com\/product-category\/booster-liquid\/"},{"@type":"ListItem","position":5,"name":"In-Wash SCENT BOOSTER liquid Absolute Cashmere"}]},{"@type":"WebSite","@id":"https:\/\/elixscent.com\/#website","url":"https:\/\/elixscent.com\/","name":"Od\u015bwie\u017cacze powietrza ELiX EU","description":"Powietrze i tkaniny, idealnie \u015bwie\u017ce","publisher":{"@id":"https:\/\/elixscent.com\/#organization"},"potentialAction":[{"@type":"SearchAction","target":{"@type":"EntryPoint","urlTemplate":"https:\/\/elixscent.com\/?s={search_term_string}"},"query-input":{"@type":"PropertyValueSpecification","valueRequired":true,"valueName":"search_term_string"}}],"inLanguage":"pl-PL"},{"@type":"Organization","@id":"https:\/\/elixscent.com\/#organization","name":"Producent od\u015bwie\u017caczy powietrza ELIX","url":"https:\/\/elixscent.com\/","logo":{"@type":"ImageObject","inLanguage":"pl-PL","@id":"https:\/\/elixscent.com\/#\/schema\/logo\/image\/","url":"https:\/\/elixscent.com\/wp-content\/uploads\/elix_logo_1.0-_300.jpg","contentUrl":"https:\/\/elixscent.com\/wp-content\/uploads\/elix_logo_1.0-_300.jpg","width":300,"height":257,"caption":"ELIX air freshener manufacturer"},"image":{"@id":"https:\/\/elixscent.com\/#\/schema\/logo\/image\/"},"sameAs":["https:\/\/www.linkedin.com\/company\/30084929"]}]}},"_links":{"self":[{"href":"https:\/\/elixscent.com\/pl\/wp-json\/wp\/v2\/product\/26418","targetHints":{"allow":["GET"]}}],"collection":[{"href":"https:\/\/elixscent.com\/pl\/wp-json\/wp\/v2\/product"}],"about":[{"href":"https:\/\/elixscent.com\/pl\/wp-json\/wp\/v2\/types\/product"}],"version-history":[{"count":11,"href":"https:\/\/elixscent.com\/pl\/wp-json\/wp\/v2\/product\/26418\/revisions"}],"predecessor-version":[{"id":53482,"href":"https:\/\/elixscent.com\/pl\/wp-json\/wp\/v2\/product\/26418\/revisions\/53482"}],"wp:featuredmedia":[{"embeddable":true,"href":"https:\/\/elixscent.com\/pl\/wp-json\/wp\/v2\/media\/26419"}],"wp:attachment":[{"href":"https:\/\/elixscent.com\/pl\/wp-json\/wp\/v2\/media?parent=26418"}],"curies":[{"name":"wp","href":"https:\/\/api.w.org\/{rel}","templated":true}]}}