{"id":25746,"date":"2022-07-20T12:07:56","date_gmt":"2022-07-20T12:07:56","guid":{"rendered":"https:\/\/elixscent.com\/?post_type=product&#038;p=25746"},"modified":"2025-06-09T08:25:29","modified_gmt":"2025-06-09T08:25:29","slug":"mgla-grand-pea","status":"publish","type":"product","link":"https:\/\/elixscent.com\/pl\/product\/mist-grand-pea\/","title":{"rendered":"MIST Grand 500 Sweet Pea"},"content":{"rendered":"<p class=\"ai-optimize-7 ai-optimize-introduction\" data-start=\"35\" data-end=\"392\">Wype\u0142nij ka\u017cde pomieszczenie romantycznym urokiem <strong data-start=\"76\" data-end=\"89\">Sweet Pea<\/strong>Delikatne r\u00f3\u017cowe p\u0142atki splecione ze \u015bwie\u017cymi zielonymi \u0142odygami i soczyst\u0105 nut\u0105 malin, przywo\u0142uj\u0105ce na my\u015bl roz\u015bwietlony s\u0142o\u0144cem ogr\u00f3d w pe\u0142nym rozkwicie. Bardzo du\u017cy <strong data-start=\"235\" data-end=\"245\">500 ml<\/strong> Butelka ze spustem zapewnia tysi\u0105ce bardzo drobnych rozpyle\u0144, idealnych do sypialni, zas\u0142on lub tapicerki, gdy chcesz uzyska\u0107 natychmiastowy, d\u0142ugotrwa\u0142y efekt liftingu.<\/p>\n<p class=\"ai-optimize-8\" data-start=\"394\" data-end=\"408\"><strong data-start=\"394\" data-end=\"408\">Kluczowe punkty<\/strong><\/p>\n<ul data-start=\"410\" data-end=\"691\">\n<li class=\"ai-optimize-9\" data-start=\"410\" data-end=\"479\">\n<p class=\"ai-optimize-10\" data-start=\"412\" data-end=\"479\"><strong data-start=\"412\" data-end=\"440\">Du\u017ca pojemno\u015b\u0107 500 ml<\/strong> d\u0142ugotrwa\u0142e i ekonomiczne u\u017cytkowanie<\/p>\n<\/li>\n<li class=\"ai-optimize-11\" data-start=\"480\" data-end=\"551\">\n<p class=\"ai-optimize-12\" data-start=\"482\" data-end=\"551\"><strong data-start=\"482\" data-end=\"501\">Ultradrobna mgie\u0142ka<\/strong> Rozprowadza si\u0119 r\u00f3wnomiernie bez mokrych plam i pozosta\u0142o\u015bci<\/p>\n<\/li>\n<li class=\"ai-optimize-13\" data-start=\"552\" data-end=\"622\">\n<p class=\"ai-optimize-14\" data-start=\"554\" data-end=\"622\"><strong data-start=\"554\" data-end=\"584\">Formu\u0142a neutralizuj\u0105ca zapach<\/strong> pozostawia jedynie delikatny kwiatowy \u015blad<\/p>\n<\/li>\n<\/ul>\n<p class=\"ai-optimize-17\" data-start=\"693\" data-end=\"809\" data-is-last-node=\"\" data-is-only-node=\"\">Jedno naci\u015bni\u0119cie otula przestrze\u0144 delikatn\u0105, podnosz\u0105c\u0105 na duchu aur\u0105 Sweet Pea - \u015bwie\u017c\u0105, eleganck\u0105 i przyjazn\u0105.<\/p>\n<p>&nbsp;<\/p>\n<p class=\"ai-optimize-6 ai-optimize-introduction\"><span id=\"span-23-132\" class=\"ct-span oxy-stock-content-styles\"><em>Je\u015bli chcesz kupi\u0107, odwied\u017a nasz sklep:<\/em> <a class=\"_ps2id\" href=\"https:\/\/airfresh24.com\/products\/shop\/mist500\/\" data-ps2id-offset=\"\"><strong>www.airfresh24.com<\/strong><\/a><\/span><\/p>","protected":false},"featured_media":57942,"parent":0,"menu_order":66,"template":"","class_list":["post-25746","product","type-product","status-publish","has-post-thumbnail","hentry","product_category-mist-grand"],"acf":[],"yoast_head":"<!-- This site is optimized with the Yoast SEO Premium plugin v27.4 (Yoast SEO v27.5) - https:\/\/yoast.com\/product\/yoast-seo-premium-wordpress\/ -->\n<title>MIST Grand 500 Sweet Pea air freshener by ELiX<\/title>\n<meta name=\"description\" content=\"A great air freshener for the home as opposed to pressurized air fresheners which are mainly dedicated to the toilet. Natural aromas\" \/>\n<meta name=\"robots\" content=\"index, follow, max-snippet:-1, max-image-preview:large, max-video-preview:-1\" \/>\n<link rel=\"canonical\" href=\"https:\/\/elixscent.com\/pl\/produkt\/mgla-grand-pea\/\" \/>\n<meta property=\"og:locale\" content=\"pl_PL\" \/>\n<meta property=\"og:type\" content=\"article\" \/>\n<meta property=\"og:title\" content=\"MIST Grand 500 Sweet Pea\" \/>\n<meta property=\"og:description\" content=\"A great air freshener for the home as opposed to pressurized air fresheners which are mainly dedicated to the toilet. Natural aromas\" \/>\n<meta property=\"og:url\" content=\"https:\/\/elixscent.com\/pl\/produkt\/mgla-grand-pea\/\" \/>\n<meta property=\"og:site_name\" content=\"ELiX EU air fresheners\" \/>\n<meta property=\"article:modified_time\" content=\"2025-06-09T08:25:29+00:00\" \/>\n<meta property=\"og:image\" content=\"https:\/\/elixscent.com\/wp-content\/uploads\/WEBP_mist500_SP_product_1.0.webp\" \/>\n\t<meta property=\"og:image:width\" content=\"220\" \/>\n\t<meta property=\"og:image:height\" content=\"684\" \/>\n\t<meta property=\"og:image:type\" content=\"image\/webp\" \/>\n<meta name=\"twitter:card\" content=\"summary_large_image\" \/>\n<meta name=\"twitter:label1\" content=\"Szacowany czas czytania\" \/>\n\t<meta name=\"twitter:data1\" content=\"1 minuta\" \/>\n<script type=\"application\/ld+json\" class=\"yoast-schema-graph\">{\"@context\":\"https:\\\/\\\/schema.org\",\"@graph\":[{\"@type\":\"WebPage\",\"@id\":\"https:\\\/\\\/elixscent.com\\\/product\\\/mist-grand-pea\\\/\",\"url\":\"https:\\\/\\\/elixscent.com\\\/product\\\/mist-grand-pea\\\/\",\"name\":\"MIST Grand 500 Sweet Pea air freshener by ELiX\",\"isPartOf\":{\"@id\":\"https:\\\/\\\/elixscent.com\\\/#website\"},\"primaryImageOfPage\":{\"@id\":\"https:\\\/\\\/elixscent.com\\\/product\\\/mist-grand-pea\\\/#primaryimage\"},\"image\":{\"@id\":\"https:\\\/\\\/elixscent.com\\\/product\\\/mist-grand-pea\\\/#primaryimage\"},\"thumbnailUrl\":\"https:\\\/\\\/elixscent.com\\\/wp-content\\\/uploads\\\/WEBP_mist500_SP_product_1.0.webp\",\"datePublished\":\"2022-07-20T12:07:56+00:00\",\"dateModified\":\"2025-06-09T08:25:29+00:00\",\"description\":\"A great air freshener for the home as opposed to pressurized air fresheners which are mainly dedicated to the toilet. Natural aromas\",\"breadcrumb\":{\"@id\":\"https:\\\/\\\/elixscent.com\\\/product\\\/mist-grand-pea\\\/#breadcrumb\"},\"inLanguage\":\"pl-PL\",\"potentialAction\":[{\"@type\":\"ReadAction\",\"target\":[\"https:\\\/\\\/elixscent.com\\\/product\\\/mist-grand-pea\\\/\"]}]},{\"@type\":\"ImageObject\",\"inLanguage\":\"pl-PL\",\"@id\":\"https:\\\/\\\/elixscent.com\\\/product\\\/mist-grand-pea\\\/#primaryimage\",\"url\":\"https:\\\/\\\/elixscent.com\\\/wp-content\\\/uploads\\\/WEBP_mist500_SP_product_1.0.webp\",\"contentUrl\":\"https:\\\/\\\/elixscent.com\\\/wp-content\\\/uploads\\\/WEBP_mist500_SP_product_1.0.webp\",\"width\":220,\"height\":684,\"caption\":\"WEBP mist500 SP product 1.0\"},{\"@type\":\"BreadcrumbList\",\"@id\":\"https:\\\/\\\/elixscent.com\\\/product\\\/mist-grand-pea\\\/#breadcrumb\",\"itemListElement\":[{\"@type\":\"ListItem\",\"position\":1,\"name\":\"Home\",\"item\":\"https:\\\/\\\/elixscent.com\\\/\"},{\"@type\":\"ListItem\",\"position\":2,\"name\":\"Products\",\"item\":\"https:\\\/\\\/elixscent.com\\\/product\\\/\"},{\"@type\":\"ListItem\",\"position\":3,\"name\":\"SPRAY AIR FRESHENERS\",\"item\":\"https:\\\/\\\/elixscent.com\\\/product-category\\\/air-spray\\\/\"},{\"@type\":\"ListItem\",\"position\":4,\"name\":\"Mist 500\",\"item\":\"https:\\\/\\\/elixscent.com\\\/product-category\\\/mist-grand\\\/\"},{\"@type\":\"ListItem\",\"position\":5,\"name\":\"MIST Grand 500 Sweet Pea\"}]},{\"@type\":\"WebSite\",\"@id\":\"https:\\\/\\\/elixscent.com\\\/#website\",\"url\":\"https:\\\/\\\/elixscent.com\\\/\",\"name\":\"ELiX EU air fresheners\",\"description\":\"Air &amp; Fabric, Perfectly Fresh\",\"publisher\":{\"@id\":\"https:\\\/\\\/elixscent.com\\\/#organization\"},\"potentialAction\":[{\"@type\":\"SearchAction\",\"target\":{\"@type\":\"EntryPoint\",\"urlTemplate\":\"https:\\\/\\\/elixscent.com\\\/?s={search_term_string}\"},\"query-input\":{\"@type\":\"PropertyValueSpecification\",\"valueRequired\":true,\"valueName\":\"search_term_string\"}}],\"inLanguage\":\"pl-PL\"},{\"@type\":\"Organization\",\"@id\":\"https:\\\/\\\/elixscent.com\\\/#organization\",\"name\":\"ELIX air freshener manufacturer\",\"url\":\"https:\\\/\\\/elixscent.com\\\/\",\"logo\":{\"@type\":\"ImageObject\",\"inLanguage\":\"pl-PL\",\"@id\":\"https:\\\/\\\/elixscent.com\\\/#\\\/schema\\\/logo\\\/image\\\/\",\"url\":\"https:\\\/\\\/elixscent.com\\\/wp-content\\\/uploads\\\/elix_logo_1.0-_300.jpg\",\"contentUrl\":\"https:\\\/\\\/elixscent.com\\\/wp-content\\\/uploads\\\/elix_logo_1.0-_300.jpg\",\"width\":300,\"height\":257,\"caption\":\"ELIX air freshener manufacturer\"},\"image\":{\"@id\":\"https:\\\/\\\/elixscent.com\\\/#\\\/schema\\\/logo\\\/image\\\/\"},\"sameAs\":[\"https:\\\/\\\/www.linkedin.com\\\/company\\\/30084929\"]}]}<\/script>\n<!-- \/ Yoast SEO Premium plugin. -->","yoast_head_json":{"title":"Od\u015bwie\u017cacz powietrza MIST Grand 500 Sweet Pea marki ELiX","description":"Doskona\u0142y od\u015bwie\u017cacz powietrza do domu w przeciwie\u0144stwie do od\u015bwie\u017caczy ci\u015bnieniowych, kt\u00f3re s\u0105 przeznaczone g\u0142\u00f3wnie do toalet. Naturalne aromaty","robots":{"index":"index","follow":"follow","max-snippet":"max-snippet:-1","max-image-preview":"max-image-preview:large","max-video-preview":"max-video-preview:-1"},"canonical":"https:\/\/elixscent.com\/pl\/produkt\/mgla-grand-pea\/","og_locale":"pl_PL","og_type":"article","og_title":"MIST Grand 500 Sweet Pea","og_description":"A great air freshener for the home as opposed to pressurized air fresheners which are mainly dedicated to the toilet. Natural aromas","og_url":"https:\/\/elixscent.com\/pl\/produkt\/mgla-grand-pea\/","og_site_name":"ELiX EU air fresheners","article_modified_time":"2025-06-09T08:25:29+00:00","og_image":[{"width":220,"height":684,"url":"https:\/\/elixscent.com\/wp-content\/uploads\/WEBP_mist500_SP_product_1.0.webp","type":"image\/webp"}],"twitter_card":"summary_large_image","twitter_misc":{"Szacowany czas czytania":"1 minuta"},"schema":{"@context":"https:\/\/schema.org","@graph":[{"@type":"WebPage","@id":"https:\/\/elixscent.com\/product\/mist-grand-pea\/","url":"https:\/\/elixscent.com\/product\/mist-grand-pea\/","name":"Od\u015bwie\u017cacz powietrza MIST Grand 500 Sweet Pea marki ELiX","isPartOf":{"@id":"https:\/\/elixscent.com\/#website"},"primaryImageOfPage":{"@id":"https:\/\/elixscent.com\/product\/mist-grand-pea\/#primaryimage"},"image":{"@id":"https:\/\/elixscent.com\/product\/mist-grand-pea\/#primaryimage"},"thumbnailUrl":"https:\/\/elixscent.com\/wp-content\/uploads\/WEBP_mist500_SP_product_1.0.webp","datePublished":"2022-07-20T12:07:56+00:00","dateModified":"2025-06-09T08:25:29+00:00","description":"Doskona\u0142y od\u015bwie\u017cacz powietrza do domu w przeciwie\u0144stwie do od\u015bwie\u017caczy ci\u015bnieniowych, kt\u00f3re s\u0105 przeznaczone g\u0142\u00f3wnie do toalet. Naturalne aromaty","breadcrumb":{"@id":"https:\/\/elixscent.com\/product\/mist-grand-pea\/#breadcrumb"},"inLanguage":"pl-PL","potentialAction":[{"@type":"ReadAction","target":["https:\/\/elixscent.com\/product\/mist-grand-pea\/"]}]},{"@type":"ImageObject","inLanguage":"pl-PL","@id":"https:\/\/elixscent.com\/product\/mist-grand-pea\/#primaryimage","url":"https:\/\/elixscent.com\/wp-content\/uploads\/WEBP_mist500_SP_product_1.0.webp","contentUrl":"https:\/\/elixscent.com\/wp-content\/uploads\/WEBP_mist500_SP_product_1.0.webp","width":220,"height":684,"caption":"WEBP mist500 SP product 1.0"},{"@type":"BreadcrumbList","@id":"https:\/\/elixscent.com\/product\/mist-grand-pea\/#breadcrumb","itemListElement":[{"@type":"ListItem","position":1,"name":"Home","item":"https:\/\/elixscent.com\/"},{"@type":"ListItem","position":2,"name":"Products","item":"https:\/\/elixscent.com\/product\/"},{"@type":"ListItem","position":3,"name":"SPRAY AIR FRESHENERS","item":"https:\/\/elixscent.com\/product-category\/air-spray\/"},{"@type":"ListItem","position":4,"name":"Mist 500","item":"https:\/\/elixscent.com\/product-category\/mist-grand\/"},{"@type":"ListItem","position":5,"name":"MIST Grand 500 Sweet Pea"}]},{"@type":"WebSite","@id":"https:\/\/elixscent.com\/#website","url":"https:\/\/elixscent.com\/","name":"Od\u015bwie\u017cacze powietrza ELiX EU","description":"Powietrze i tkaniny, idealnie \u015bwie\u017ce","publisher":{"@id":"https:\/\/elixscent.com\/#organization"},"potentialAction":[{"@type":"SearchAction","target":{"@type":"EntryPoint","urlTemplate":"https:\/\/elixscent.com\/?s={search_term_string}"},"query-input":{"@type":"PropertyValueSpecification","valueRequired":true,"valueName":"search_term_string"}}],"inLanguage":"pl-PL"},{"@type":"Organization","@id":"https:\/\/elixscent.com\/#organization","name":"Producent od\u015bwie\u017caczy powietrza ELIX","url":"https:\/\/elixscent.com\/","logo":{"@type":"ImageObject","inLanguage":"pl-PL","@id":"https:\/\/elixscent.com\/#\/schema\/logo\/image\/","url":"https:\/\/elixscent.com\/wp-content\/uploads\/elix_logo_1.0-_300.jpg","contentUrl":"https:\/\/elixscent.com\/wp-content\/uploads\/elix_logo_1.0-_300.jpg","width":300,"height":257,"caption":"ELIX air freshener manufacturer"},"image":{"@id":"https:\/\/elixscent.com\/#\/schema\/logo\/image\/"},"sameAs":["https:\/\/www.linkedin.com\/company\/30084929"]}]}},"_links":{"self":[{"href":"https:\/\/elixscent.com\/pl\/wp-json\/wp\/v2\/product\/25746","targetHints":{"allow":["GET"]}}],"collection":[{"href":"https:\/\/elixscent.com\/pl\/wp-json\/wp\/v2\/product"}],"about":[{"href":"https:\/\/elixscent.com\/pl\/wp-json\/wp\/v2\/types\/product"}],"version-history":[{"count":12,"href":"https:\/\/elixscent.com\/pl\/wp-json\/wp\/v2\/product\/25746\/revisions"}],"predecessor-version":[{"id":57943,"href":"https:\/\/elixscent.com\/pl\/wp-json\/wp\/v2\/product\/25746\/revisions\/57943"}],"wp:featuredmedia":[{"embeddable":true,"href":"https:\/\/elixscent.com\/pl\/wp-json\/wp\/v2\/media\/57942"}],"wp:attachment":[{"href":"https:\/\/elixscent.com\/pl\/wp-json\/wp\/v2\/media?parent=25746"}],"curies":[{"name":"wp","href":"https:\/\/api.w.org\/{rel}","templated":true}]}}